{"id":977,"date":"2019-01-10T16:53:51","date_gmt":"2019-01-10T16:53:51","guid":{"rendered":"https:\/\/aplimedia.com\/tutoriales\/?page_id=977"},"modified":"2025-03-12T09:12:09","modified_gmt":"2025-03-12T09:12:09","slug":"crear-almacenes","status":"publish","type":"page","link":"https:\/\/aplimedia.com\/tutoriales\/primeros-pasos\/crear-almacenes\/","title":{"rendered":"Crear almacenes"},"content":{"rendered":"\t\t<div data-elementor-type=\"wp-post\" data-elementor-id=\"977\" class=\"elementor elementor-977\" data-elementor-post-type=\"page\">\n\t\t\t\t\t\t<section class=\"elementor-section elementor-top-section elementor-element elementor-element-4a4e6c9a elementor-section-stretched elementor-section-boxed elementor-section-height-default elementor-section-height-default\" data-id=\"4a4e6c9a\" data-element_type=\"section\" data-e-type=\"section\" data-settings=\"{&quot;stretch_section&quot;:&quot;section-stretched&quot;,&quot;background_background&quot;:&quot;classic&quot;}\">\n\t\t\t\t\t\t<div class=\"elementor-container elementor-column-gap-default\">\n\t\t\t\t\t<div class=\"elementor-column elementor-col-100 elementor-top-column elementor-element elementor-element-e8c0653\" data-id=\"e8c0653\" data-element_type=\"column\" data-e-type=\"column\">\n\t\t\t<div class=\"elementor-widget-wrap elementor-element-populated\">\n\t\t\t\t\t\t<div class=\"elementor-element elementor-element-274bbca4 elementor-widget elementor-widget-text-editor\" data-id=\"274bbca4\" data-element_type=\"widget\" data-e-type=\"widget\" data-widget_type=\"text-editor.default\">\n\t\t\t\t<div class=\"elementor-widget-container\">\n\t\t\t\t\t\t\t\t\t<p>Secre incluye un almac\u00e9n por defecto, pero si tienes m\u00e1s de uno, necesitar\u00e1s a\u00f1adirlo.<\/p>\t\t\t\t\t\t\t\t<\/div>\n\t\t\t\t<\/div>\n\t\t\t\t<div class=\"elementor-element elementor-element-77f1948 elementor-widget elementor-widget-video\" data-id=\"77f1948\" data-element_type=\"widget\" data-e-type=\"widget\" data-settings=\"{&quot;youtube_url&quot;:&quot;https:\\\/\\\/www.youtube.com\\\/watch?v=5S_-4mIG348&quot;,&quot;video_type&quot;:&quot;youtube&quot;,&quot;controls&quot;:&quot;yes&quot;}\" data-widget_type=\"video.default\">\n\t\t\t\t<div class=\"elementor-widget-container\">\n\t\t\t\t\t\t\t<div class=\"elementor-wrapper elementor-open-inline\">\n\t\t\t<div class=\"elementor-video\"><\/div>\t\t<\/div>\n\t\t\t\t\t\t<\/div>\n\t\t\t\t<\/div>\n\t\t\t\t<div class=\"elementor-element elementor-element-7b5bdca3 elementor-widget elementor-widget-spacer\" data-id=\"7b5bdca3\" data-element_type=\"widget\" data-e-type=\"widget\" data-widget_type=\"spacer.default\">\n\t\t\t\t<div class=\"elementor-widget-container\">\n\t\t\t\t\t\t\t<div class=\"elementor-spacer\">\n\t\t\t<div class=\"elementor-spacer-inner\"><\/div>\n\t\t<\/div>\n\t\t\t\t\t\t<\/div>\n\t\t\t\t<\/div>\n\t\t\t\t<div class=\"elementor-element elementor-element-45e19540 elementor-widget elementor-widget-heading\" data-id=\"45e19540\" data-element_type=\"widget\" data-e-type=\"widget\" data-widget_type=\"heading.default\">\n\t\t\t\t<div class=\"elementor-widget-container\">\n\t\t\t\t\t<h2 class=\"elementor-heading-title elementor-size-default\">Paso 1:<\/h2>\t\t\t\t<\/div>\n\t\t\t\t<\/div>\n\t\t\t\t<div class=\"elementor-element elementor-element-209b680a elementor-widget elementor-widget-text-editor\" data-id=\"209b680a\" data-element_type=\"widget\" data-e-type=\"widget\" data-widget_type=\"text-editor.default\">\n\t\t\t\t<div class=\"elementor-widget-container\">\n\t\t\t\t\t\t\t\t\t<p>Desde la pantalla principal del programa navega a <b>Herramientas&gt;Tablas Auxiliares<\/b>.\u00a0<\/p><p>Una vez dentro, selecciona <b>Almacenes\u00a0<\/b>en la lista de la izquierda.<\/p>\t\t\t\t\t\t\t\t<\/div>\n\t\t\t\t<\/div>\n\t\t\t\t<section class=\"elementor-section elementor-inner-section elementor-element elementor-element-21f15690 elementor-section-boxed elementor-section-height-default elementor-section-height-default\" data-id=\"21f15690\" data-element_type=\"section\" data-e-type=\"section\">\n\t\t\t\t\t\t<div class=\"elementor-container elementor-column-gap-default\">\n\t\t\t\t\t<div class=\"elementor-column elementor-col-50 elementor-inner-column elementor-element elementor-element-48179237\" data-id=\"48179237\" data-element_type=\"column\" data-e-type=\"column\">\n\t\t\t<div class=\"elementor-widget-wrap elementor-element-populated\">\n\t\t\t\t\t\t<div class=\"elementor-element elementor-element-26181125 elementor-widget elementor-widget-image\" data-id=\"26181125\" data-element_type=\"widget\" data-e-type=\"widget\" data-widget_type=\"image.default\">\n\t\t\t\t<div class=\"elementor-widget-container\">\n\t\t\t\t\t\t\t\t\t\t\t\t\t\t\t\t<a href=\"https:\/\/aplimedia.com\/tutoriales\/wp-content\/uploads\/2019\/01\/dardealtaempleados1_1.png\" data-elementor-open-lightbox=\"yes\" data-elementor-lightbox-title=\"dardealtaempleados1_1\" data-e-action-hash=\"#elementor-action%3Aaction%3Dlightbox%26settings%3DeyJpZCI6OTIxLCJ1cmwiOiJodHRwczpcL1wvYXBsaW1lZGlhLmNvbVwvdHV0b3JpYWxlc1wvd3AtY29udGVudFwvdXBsb2Fkc1wvMjAxOVwvMDFcL2RhcmRlYWx0YWVtcGxlYWRvczFfMS5wbmcifQ%3D%3D\">\n\t\t\t\t\t\t\t<img fetchpriority=\"high\" decoding=\"async\" width=\"806\" height=\"558\" src=\"https:\/\/aplimedia.com\/tutoriales\/wp-content\/uploads\/2019\/01\/dardealtaempleados1_1.png\" class=\"attachment-large size-large wp-image-921\" alt=\"\" srcset=\"https:\/\/aplimedia.com\/tutoriales\/wp-content\/uploads\/2019\/01\/dardealtaempleados1_1.png 806w, https:\/\/aplimedia.com\/tutoriales\/wp-content\/uploads\/2019\/01\/dardealtaempleados1_1-300x208.png 300w, https:\/\/aplimedia.com\/tutoriales\/wp-content\/uploads\/2019\/01\/dardealtaempleados1_1-768x532.png 768w\" sizes=\"(max-width: 806px) 100vw, 806px\" \/>\t\t\t\t\t\t\t\t<\/a>\n\t\t\t\t\t\t\t\t\t\t\t\t\t\t\t<\/div>\n\t\t\t\t<\/div>\n\t\t\t\t\t<\/div>\n\t\t<\/div>\n\t\t\t\t<div class=\"elementor-column elementor-col-50 elementor-inner-column elementor-element elementor-element-3932473e\" data-id=\"3932473e\" data-element_type=\"column\" data-e-type=\"column\">\n\t\t\t<div class=\"elementor-widget-wrap elementor-element-populated\">\n\t\t\t\t\t\t<div class=\"elementor-element elementor-element-1da4f4a3 elementor-widget elementor-widget-image\" data-id=\"1da4f4a3\" data-element_type=\"widget\" data-e-type=\"widget\" data-widget_type=\"image.default\">\n\t\t\t\t<div class=\"elementor-widget-container\">\n\t\t\t\t\t\t\t\t\t\t\t\t\t\t\t\t<a href=\"https:\/\/aplimedia.com\/tutoriales\/wp-content\/uploads\/2019\/01\/anadiralmacen.png\" data-elementor-open-lightbox=\"yes\" data-elementor-lightbox-title=\"anadiralmacen\" data-e-action-hash=\"#elementor-action%3Aaction%3Dlightbox%26settings%3DeyJpZCI6OTc5LCJ1cmwiOiJodHRwczpcL1wvYXBsaW1lZGlhLmNvbVwvdHV0b3JpYWxlc1wvd3AtY29udGVudFwvdXBsb2Fkc1wvMjAxOVwvMDFcL2FuYWRpcmFsbWFjZW4ucG5nIn0%3D\">\n\t\t\t\t\t\t\t<img decoding=\"async\" width=\"1024\" height=\"552\" src=\"https:\/\/aplimedia.com\/tutoriales\/wp-content\/uploads\/2019\/01\/anadiralmacen-1024x552.png\" class=\"attachment-large size-large wp-image-979\" alt=\"\" srcset=\"https:\/\/aplimedia.com\/tutoriales\/wp-content\/uploads\/2019\/01\/anadiralmacen-1024x552.png 1024w, https:\/\/aplimedia.com\/tutoriales\/wp-content\/uploads\/2019\/01\/anadiralmacen-300x162.png 300w, https:\/\/aplimedia.com\/tutoriales\/wp-content\/uploads\/2019\/01\/anadiralmacen-768x414.png 768w, https:\/\/aplimedia.com\/tutoriales\/wp-content\/uploads\/2019\/01\/anadiralmacen.png 1920w\" sizes=\"(max-width: 1024px) 100vw, 1024px\" \/>\t\t\t\t\t\t\t\t<\/a>\n\t\t\t\t\t\t\t\t\t\t\t\t\t\t\t<\/div>\n\t\t\t\t<\/div>\n\t\t\t\t\t<\/div>\n\t\t<\/div>\n\t\t\t\t\t<\/div>\n\t\t<\/section>\n\t\t\t\t<div class=\"elementor-element elementor-element-377b93a2 elementor-widget elementor-widget-spacer\" data-id=\"377b93a2\" data-element_type=\"widget\" data-e-type=\"widget\" data-widget_type=\"spacer.default\">\n\t\t\t\t<div class=\"elementor-widget-container\">\n\t\t\t\t\t\t\t<div class=\"elementor-spacer\">\n\t\t\t<div class=\"elementor-spacer-inner\"><\/div>\n\t\t<\/div>\n\t\t\t\t\t\t<\/div>\n\t\t\t\t<\/div>\n\t\t\t\t<div class=\"elementor-element elementor-element-cb784 elementor-widget elementor-widget-heading\" data-id=\"cb784\" data-element_type=\"widget\" data-e-type=\"widget\" data-widget_type=\"heading.default\">\n\t\t\t\t<div class=\"elementor-widget-container\">\n\t\t\t\t\t<h2 class=\"elementor-heading-title elementor-size-default\">Paso 2:<\/h2>\t\t\t\t<\/div>\n\t\t\t\t<\/div>\n\t\t\t\t<div class=\"elementor-element elementor-element-508b16b0 elementor-widget elementor-widget-text-editor\" data-id=\"508b16b0\" data-element_type=\"widget\" data-e-type=\"widget\" data-widget_type=\"text-editor.default\">\n\t\t\t\t<div class=\"elementor-widget-container\">\n\t\t\t\t\t\t\t\t\t<p>Si solo tienes un almac\u00e9n, puedes modificar el que ya viene por defecto en el programa para <b>a\u00f1adir la direcci\u00f3n o modificar el nombre<\/b>.\u00a0<\/p><p>Solo tienes que seleccionarlo haciendo clic sobre \u00e9l y modificar el nombre o a\u00f1adir la direcci\u00f3n en el campo \u00abDirecci\u00f3n\u00bb. Guarda los cambios con el icono del disquette de la barra superior.<\/p><p>Si tienes <b>m\u00e1s de un almac\u00e9n<\/b>, puedes <b>a\u00f1adirlo creando un nuevo registro<\/b>. Si ya tienes un almac\u00e9n seleccionado, limpia los campos haciendo clic en el icono \u00abNuevo Registro\u00bb de la barra superior (el primero, una hoja de papel).\u00a0<\/p><p>Basta con que le pongas un nombre (la direcci\u00f3n y el c\u00f3digo no son obligatorios) y lo guardes haciendo clic en el disquette.<\/p>\t\t\t\t\t\t\t\t<\/div>\n\t\t\t\t<\/div>\n\t\t\t\t<section class=\"elementor-section elementor-inner-section elementor-element elementor-element-78c30577 elementor-section-boxed elementor-section-height-default elementor-section-height-default\" data-id=\"78c30577\" data-element_type=\"section\" data-e-type=\"section\">\n\t\t\t\t\t\t<div class=\"elementor-container elementor-column-gap-default\">\n\t\t\t\t\t<div class=\"elementor-column elementor-col-25 elementor-inner-column elementor-element elementor-element-26f9fc3d\" data-id=\"26f9fc3d\" data-element_type=\"column\" data-e-type=\"column\">\n\t\t\t<div class=\"elementor-widget-wrap\">\n\t\t\t\t\t\t\t<\/div>\n\t\t<\/div>\n\t\t\t\t<div class=\"elementor-column elementor-col-50 elementor-inner-column elementor-element elementor-element-564923bd\" data-id=\"564923bd\" data-element_type=\"column\" data-e-type=\"column\">\n\t\t\t<div class=\"elementor-widget-wrap elementor-element-populated\">\n\t\t\t\t\t\t<div class=\"elementor-element elementor-element-2883e479 elementor-widget elementor-widget-image\" data-id=\"2883e479\" data-element_type=\"widget\" data-e-type=\"widget\" data-widget_type=\"image.default\">\n\t\t\t\t<div class=\"elementor-widget-container\">\n\t\t\t\t\t\t\t\t\t\t\t\t\t\t\t\t<a href=\"https:\/\/aplimedia.com\/tutoriales\/wp-content\/uploads\/2019\/01\/anadiralmacen1.png\" data-elementor-open-lightbox=\"yes\" data-elementor-lightbox-title=\"anadiralmacen1\" data-e-action-hash=\"#elementor-action%3Aaction%3Dlightbox%26settings%3DeyJpZCI6OTgwLCJ1cmwiOiJodHRwczpcL1wvYXBsaW1lZGlhLmNvbVwvdHV0b3JpYWxlc1wvd3AtY29udGVudFwvdXBsb2Fkc1wvMjAxOVwvMDFcL2FuYWRpcmFsbWFjZW4xLnBuZyJ9\">\n\t\t\t\t\t\t\t<img decoding=\"async\" width=\"1024\" height=\"503\" src=\"https:\/\/aplimedia.com\/tutoriales\/wp-content\/uploads\/2019\/01\/anadiralmacen1-1024x503.png\" class=\"attachment-large size-large wp-image-980\" alt=\"\" srcset=\"https:\/\/aplimedia.com\/tutoriales\/wp-content\/uploads\/2019\/01\/anadiralmacen1-1024x503.png 1024w, https:\/\/aplimedia.com\/tutoriales\/wp-content\/uploads\/2019\/01\/anadiralmacen1-300x147.png 300w, https:\/\/aplimedia.com\/tutoriales\/wp-content\/uploads\/2019\/01\/anadiralmacen1-768x377.png 768w, https:\/\/aplimedia.com\/tutoriales\/wp-content\/uploads\/2019\/01\/anadiralmacen1.png 1740w\" sizes=\"(max-width: 1024px) 100vw, 1024px\" \/>\t\t\t\t\t\t\t\t<\/a>\n\t\t\t\t\t\t\t\t\t\t\t\t\t\t\t<\/div>\n\t\t\t\t<\/div>\n\t\t\t\t\t<\/div>\n\t\t<\/div>\n\t\t\t\t<div class=\"elementor-column elementor-col-25 elementor-inner-column elementor-element elementor-element-24658745\" data-id=\"24658745\" data-element_type=\"column\" data-e-type=\"column\">\n\t\t\t<div class=\"elementor-widget-wrap\">\n\t\t\t\t\t\t\t<\/div>\n\t\t<\/div>\n\t\t\t\t\t<\/div>\n\t\t<\/section>\n\t\t\t\t<div class=\"elementor-element elementor-element-5f0b69f0 elementor-widget elementor-widget-spacer\" data-id=\"5f0b69f0\" data-element_type=\"widget\" data-e-type=\"widget\" data-widget_type=\"spacer.default\">\n\t\t\t\t<div class=\"elementor-widget-container\">\n\t\t\t\t\t\t\t<div class=\"elementor-spacer\">\n\t\t\t<div class=\"elementor-spacer-inner\"><\/div>\n\t\t<\/div>\n\t\t\t\t\t\t<\/div>\n\t\t\t\t<\/div>\n\t\t\t\t\t<\/div>\n\t\t<\/div>\n\t\t\t\t\t<\/div>\n\t\t<\/section>\n\t\t\t\t<\/div>\n\t\t","protected":false},"excerpt":{"rendered":"<p>Secre incluye un almac\u00e9n por defecto, pero si tienes m\u00e1s de uno, necesitar\u00e1s a\u00f1adirlo. https:\/\/www.youtube.com\/watch?v=5S_-4mIG348 Paso 1: Desde la pantalla principal del programa navega a Herramientas&gt;Tablas Auxiliares.\u00a0 Una vez dentro, selecciona Almacenes\u00a0en la lista de la izquierda. Paso 2: Si solo tienes un almac\u00e9n, puedes modificar el que ya viene por defecto en el programa [&hellip;]<\/p>\n","protected":false},"author":1,"featured_media":0,"parent":905,"menu_order":0,"comment_status":"closed","ping_status":"closed","template":"","meta":{"footnotes":""},"class_list":["post-977","page","type-page","status-publish","hentry"],"yoast_head":"<!-- This site is optimized with the Yoast SEO plugin v27.5 - https:\/\/yoast.com\/product\/yoast-seo-wordpress\/ -->\n<title>Crear almacenes | Tutoriales de Secre<\/title>\n<meta name=\"robots\" content=\"index, follow, max-snippet:-1, max-image-preview:large, max-video-preview:-1\" \/>\n<link rel=\"canonical\" href=\"https:\/\/aplimedia.com\/tutoriales\/primeros-pasos\/crear-almacenes\/\" \/>\n<meta property=\"og:locale\" content=\"es_ES\" \/>\n<meta property=\"og:type\" content=\"article\" \/>\n<meta property=\"og:title\" content=\"Crear almacenes | Tutoriales de Secre\" \/>\n<meta property=\"og:description\" content=\"Secre incluye un almac\u00e9n por defecto, pero si tienes m\u00e1s de uno, necesitar\u00e1s a\u00f1adirlo. https:\/\/www.youtube.com\/watch?v=5S_-4mIG348 Paso 1: Desde la pantalla principal del programa navega a Herramientas&gt;Tablas Auxiliares.\u00a0 Una vez dentro, selecciona Almacenes\u00a0en la lista de la izquierda. Paso 2: Si solo tienes un almac\u00e9n, puedes modificar el que ya viene por defecto en el programa [&hellip;]\" \/>\n<meta property=\"og:url\" content=\"https:\/\/aplimedia.com\/tutoriales\/primeros-pasos\/crear-almacenes\/\" \/>\n<meta property=\"og:site_name\" content=\"Tutoriales de Secre\" \/>\n<meta property=\"article:modified_time\" content=\"2025-03-12T09:12:09+00:00\" \/>\n<meta property=\"og:image\" content=\"https:\/\/aplimedia.com\/tutoriales\/wp-content\/uploads\/2019\/01\/dardealtaempleados1_1.png\" \/>\n\t<meta property=\"og:image:width\" content=\"806\" \/>\n\t<meta property=\"og:image:height\" content=\"558\" \/>\n\t<meta property=\"og:image:type\" content=\"image\/png\" \/>\n<meta name=\"twitter:card\" content=\"summary_large_image\" \/>\n<meta name=\"twitter:label1\" content=\"Tiempo de lectura\" \/>\n\t<meta name=\"twitter:data1\" content=\"2 minutos\" \/>\n<script type=\"application\/ld+json\" class=\"yoast-schema-graph\">{\"@context\":\"https:\\\/\\\/schema.org\",\"@graph\":[{\"@type\":\"WebPage\",\"@id\":\"https:\\\/\\\/aplimedia.com\\\/tutoriales\\\/primeros-pasos\\\/crear-almacenes\\\/\",\"url\":\"https:\\\/\\\/aplimedia.com\\\/tutoriales\\\/primeros-pasos\\\/crear-almacenes\\\/\",\"name\":\"Crear almacenes | Tutoriales de Secre\",\"isPartOf\":{\"@id\":\"https:\\\/\\\/aplimedia.com\\\/tutoriales\\\/#website\"},\"primaryImageOfPage\":{\"@id\":\"https:\\\/\\\/aplimedia.com\\\/tutoriales\\\/primeros-pasos\\\/crear-almacenes\\\/#primaryimage\"},\"image\":{\"@id\":\"https:\\\/\\\/aplimedia.com\\\/tutoriales\\\/primeros-pasos\\\/crear-almacenes\\\/#primaryimage\"},\"thumbnailUrl\":\"https:\\\/\\\/aplimedia.com\\\/tutoriales\\\/wp-content\\\/uploads\\\/2019\\\/01\\\/dardealtaempleados1_1.png\",\"datePublished\":\"2019-01-10T16:53:51+00:00\",\"dateModified\":\"2025-03-12T09:12:09+00:00\",\"breadcrumb\":{\"@id\":\"https:\\\/\\\/aplimedia.com\\\/tutoriales\\\/primeros-pasos\\\/crear-almacenes\\\/#breadcrumb\"},\"inLanguage\":\"es\",\"potentialAction\":[{\"@type\":\"ReadAction\",\"target\":[\"https:\\\/\\\/aplimedia.com\\\/tutoriales\\\/primeros-pasos\\\/crear-almacenes\\\/\"]}]},{\"@type\":\"ImageObject\",\"inLanguage\":\"es\",\"@id\":\"https:\\\/\\\/aplimedia.com\\\/tutoriales\\\/primeros-pasos\\\/crear-almacenes\\\/#primaryimage\",\"url\":\"https:\\\/\\\/aplimedia.com\\\/tutoriales\\\/wp-content\\\/uploads\\\/2019\\\/01\\\/dardealtaempleados1_1.png\",\"contentUrl\":\"https:\\\/\\\/aplimedia.com\\\/tutoriales\\\/wp-content\\\/uploads\\\/2019\\\/01\\\/dardealtaempleados1_1.png\",\"width\":806,\"height\":558},{\"@type\":\"BreadcrumbList\",\"@id\":\"https:\\\/\\\/aplimedia.com\\\/tutoriales\\\/primeros-pasos\\\/crear-almacenes\\\/#breadcrumb\",\"itemListElement\":[{\"@type\":\"ListItem\",\"position\":1,\"name\":\"Tutoriales\",\"item\":\"https:\\\/\\\/aplimedia.com\\\/tutoriales\\\/\"},{\"@type\":\"ListItem\",\"position\":2,\"name\":\"Primeros Pasos\",\"item\":\"https:\\\/\\\/aplimedia.com\\\/tutoriales\\\/primeros-pasos\\\/\"},{\"@type\":\"ListItem\",\"position\":3,\"name\":\"Crear almacenes\"}]},{\"@type\":\"WebSite\",\"@id\":\"https:\\\/\\\/aplimedia.com\\\/tutoriales\\\/#website\",\"url\":\"https:\\\/\\\/aplimedia.com\\\/tutoriales\\\/\",\"name\":\"Tutoriales de Secre\",\"description\":\"Tutoriales del software de gesti\u00f3n Secre\",\"publisher\":{\"@id\":\"https:\\\/\\\/aplimedia.com\\\/tutoriales\\\/#organization\"},\"potentialAction\":[{\"@type\":\"SearchAction\",\"target\":{\"@type\":\"EntryPoint\",\"urlTemplate\":\"https:\\\/\\\/aplimedia.com\\\/tutoriales\\\/?s={search_term_string}\"},\"query-input\":{\"@type\":\"PropertyValueSpecification\",\"valueRequired\":true,\"valueName\":\"search_term_string\"}}],\"inLanguage\":\"es\"},{\"@type\":\"Organization\",\"@id\":\"https:\\\/\\\/aplimedia.com\\\/tutoriales\\\/#organization\",\"name\":\"Tutoriales de Secre\",\"url\":\"https:\\\/\\\/aplimedia.com\\\/tutoriales\\\/\",\"logo\":{\"@type\":\"ImageObject\",\"inLanguage\":\"es\",\"@id\":\"https:\\\/\\\/aplimedia.com\\\/tutoriales\\\/#\\\/schema\\\/logo\\\/image\\\/\",\"url\":\"https:\\\/\\\/aplimedia.com\\\/tutoriales\\\/wp-content\\\/uploads\\\/2022\\\/03\\\/cropped-logotipo-aplimedia.png\",\"contentUrl\":\"https:\\\/\\\/aplimedia.com\\\/tutoriales\\\/wp-content\\\/uploads\\\/2022\\\/03\\\/cropped-logotipo-aplimedia.png\",\"width\":2000,\"height\":658,\"caption\":\"Tutoriales de Secre\"},\"image\":{\"@id\":\"https:\\\/\\\/aplimedia.com\\\/tutoriales\\\/#\\\/schema\\\/logo\\\/image\\\/\"}}]}<\/script>\n<!-- \/ Yoast SEO plugin. -->","yoast_head_json":{"title":"Crear almacenes | Tutoriales de Secre","robots":{"index":"index","follow":"follow","max-snippet":"max-snippet:-1","max-image-preview":"max-image-preview:large","max-video-preview":"max-video-preview:-1"},"canonical":"https:\/\/aplimedia.com\/tutoriales\/primeros-pasos\/crear-almacenes\/","og_locale":"es_ES","og_type":"article","og_title":"Crear almacenes | Tutoriales de Secre","og_description":"Secre incluye un almac\u00e9n por defecto, pero si tienes m\u00e1s de uno, necesitar\u00e1s a\u00f1adirlo. https:\/\/www.youtube.com\/watch?v=5S_-4mIG348 Paso 1: Desde la pantalla principal del programa navega a Herramientas&gt;Tablas Auxiliares.\u00a0 Una vez dentro, selecciona Almacenes\u00a0en la lista de la izquierda. Paso 2: Si solo tienes un almac\u00e9n, puedes modificar el que ya viene por defecto en el programa [&hellip;]","og_url":"https:\/\/aplimedia.com\/tutoriales\/primeros-pasos\/crear-almacenes\/","og_site_name":"Tutoriales de Secre","article_modified_time":"2025-03-12T09:12:09+00:00","og_image":[{"width":806,"height":558,"url":"https:\/\/aplimedia.com\/tutoriales\/wp-content\/uploads\/2019\/01\/dardealtaempleados1_1.png","type":"image\/png"}],"twitter_card":"summary_large_image","twitter_misc":{"Tiempo de lectura":"2 minutos"},"schema":{"@context":"https:\/\/schema.org","@graph":[{"@type":"WebPage","@id":"https:\/\/aplimedia.com\/tutoriales\/primeros-pasos\/crear-almacenes\/","url":"https:\/\/aplimedia.com\/tutoriales\/primeros-pasos\/crear-almacenes\/","name":"Crear almacenes | Tutoriales de Secre","isPartOf":{"@id":"https:\/\/aplimedia.com\/tutoriales\/#website"},"primaryImageOfPage":{"@id":"https:\/\/aplimedia.com\/tutoriales\/primeros-pasos\/crear-almacenes\/#primaryimage"},"image":{"@id":"https:\/\/aplimedia.com\/tutoriales\/primeros-pasos\/crear-almacenes\/#primaryimage"},"thumbnailUrl":"https:\/\/aplimedia.com\/tutoriales\/wp-content\/uploads\/2019\/01\/dardealtaempleados1_1.png","datePublished":"2019-01-10T16:53:51+00:00","dateModified":"2025-03-12T09:12:09+00:00","breadcrumb":{"@id":"https:\/\/aplimedia.com\/tutoriales\/primeros-pasos\/crear-almacenes\/#breadcrumb"},"inLanguage":"es","potentialAction":[{"@type":"ReadAction","target":["https:\/\/aplimedia.com\/tutoriales\/primeros-pasos\/crear-almacenes\/"]}]},{"@type":"ImageObject","inLanguage":"es","@id":"https:\/\/aplimedia.com\/tutoriales\/primeros-pasos\/crear-almacenes\/#primaryimage","url":"https:\/\/aplimedia.com\/tutoriales\/wp-content\/uploads\/2019\/01\/dardealtaempleados1_1.png","contentUrl":"https:\/\/aplimedia.com\/tutoriales\/wp-content\/uploads\/2019\/01\/dardealtaempleados1_1.png","width":806,"height":558},{"@type":"BreadcrumbList","@id":"https:\/\/aplimedia.com\/tutoriales\/primeros-pasos\/crear-almacenes\/#breadcrumb","itemListElement":[{"@type":"ListItem","position":1,"name":"Tutoriales","item":"https:\/\/aplimedia.com\/tutoriales\/"},{"@type":"ListItem","position":2,"name":"Primeros Pasos","item":"https:\/\/aplimedia.com\/tutoriales\/primeros-pasos\/"},{"@type":"ListItem","position":3,"name":"Crear almacenes"}]},{"@type":"WebSite","@id":"https:\/\/aplimedia.com\/tutoriales\/#website","url":"https:\/\/aplimedia.com\/tutoriales\/","name":"Tutoriales de Secre","description":"Tutoriales del software de gesti\u00f3n Secre","publisher":{"@id":"https:\/\/aplimedia.com\/tutoriales\/#organization"},"potentialAction":[{"@type":"SearchAction","target":{"@type":"EntryPoint","urlTemplate":"https:\/\/aplimedia.com\/tutoriales\/?s={search_term_string}"},"query-input":{"@type":"PropertyValueSpecification","valueRequired":true,"valueName":"search_term_string"}}],"inLanguage":"es"},{"@type":"Organization","@id":"https:\/\/aplimedia.com\/tutoriales\/#organization","name":"Tutoriales de Secre","url":"https:\/\/aplimedia.com\/tutoriales\/","logo":{"@type":"ImageObject","inLanguage":"es","@id":"https:\/\/aplimedia.com\/tutoriales\/#\/schema\/logo\/image\/","url":"https:\/\/aplimedia.com\/tutoriales\/wp-content\/uploads\/2022\/03\/cropped-logotipo-aplimedia.png","contentUrl":"https:\/\/aplimedia.com\/tutoriales\/wp-content\/uploads\/2022\/03\/cropped-logotipo-aplimedia.png","width":2000,"height":658,"caption":"Tutoriales de Secre"},"image":{"@id":"https:\/\/aplimedia.com\/tutoriales\/#\/schema\/logo\/image\/"}}]}},"_links":{"self":[{"href":"https:\/\/aplimedia.com\/tutoriales\/wp-json\/wp\/v2\/pages\/977","targetHints":{"allow":["GET"]}}],"collection":[{"href":"https:\/\/aplimedia.com\/tutoriales\/wp-json\/wp\/v2\/pages"}],"about":[{"href":"https:\/\/aplimedia.com\/tutoriales\/wp-json\/wp\/v2\/types\/page"}],"author":[{"embeddable":true,"href":"https:\/\/aplimedia.com\/tutoriales\/wp-json\/wp\/v2\/users\/1"}],"replies":[{"embeddable":true,"href":"https:\/\/aplimedia.com\/tutoriales\/wp-json\/wp\/v2\/comments?post=977"}],"version-history":[{"count":0,"href":"https:\/\/aplimedia.com\/tutoriales\/wp-json\/wp\/v2\/pages\/977\/revisions"}],"up":[{"embeddable":true,"href":"https:\/\/aplimedia.com\/tutoriales\/wp-json\/wp\/v2\/pages\/905"}],"wp:attachment":[{"href":"https:\/\/aplimedia.com\/tutoriales\/wp-json\/wp\/v2\/media?parent=977"}],"curies":[{"name":"wp","href":"https:\/\/api.w.org\/{rel}","templated":true}]}}