{"id":9538,"date":"2025-03-17T08:18:39","date_gmt":"2025-03-17T08:18:39","guid":{"rendered":"https:\/\/aplimedia.com\/tutoriales\/?page_id=9538"},"modified":"2025-03-17T08:19:48","modified_gmt":"2025-03-17T08:19:48","slug":"almacen-a-cero","status":"publish","type":"page","link":"https:\/\/aplimedia.com\/tutoriales\/articulos-stock-almacen\/almacen-a-cero\/","title":{"rendered":"Poner el almac\u00e9n a cero"},"content":{"rendered":"\t\t<div data-elementor-type=\"wp-post\" data-elementor-id=\"9538\" class=\"elementor elementor-9538\" data-elementor-post-type=\"page\">\n\t\t\t\t\t\t<section class=\"elementor-section elementor-top-section elementor-element elementor-element-3a223a9f elementor-section-stretched elementor-section-boxed elementor-section-height-default elementor-section-height-default\" data-id=\"3a223a9f\" data-element_type=\"section\" data-e-type=\"section\" data-settings=\"{&quot;stretch_section&quot;:&quot;section-stretched&quot;}\">\n\t\t\t\t\t\t<div class=\"elementor-container elementor-column-gap-default\">\n\t\t\t\t\t<div class=\"elementor-column elementor-col-100 elementor-top-column elementor-element elementor-element-4b75d742\" data-id=\"4b75d742\" data-element_type=\"column\" data-e-type=\"column\">\n\t\t\t<div class=\"elementor-widget-wrap elementor-element-populated\">\n\t\t\t\t\t\t<div class=\"elementor-element elementor-element-ee2c08c elementor-widget elementor-widget-text-editor\" data-id=\"ee2c08c\" data-element_type=\"widget\" data-e-type=\"widget\" data-widget_type=\"text-editor.default\">\n\t\t\t\t<div class=\"elementor-widget-container\">\n\t\t\t\t\t\t\t\t\t<p>Secre dispone de una herramienta que permite poner el inventario de todo tu almac\u00e9n a cero.<\/p><p>Es muy importante que tengas en cuenta que<strong> este <span style=\"color: #ff0000;\">proceso es irreversible<\/span><\/strong> y que, si tienes <strong><span style=\"color: #ff0000;\">m\u00e1s de un almac\u00e9n, afectar\u00e1 a todos ellos<\/span><\/strong>. Por lo que te recomendamos que solo hagas este proceso si est\u00e1s 100% seguro\/a.<\/p><p>De todos modos, por seguridad, te recomendamos que hagas una copia de seguridad de tu base de datos antes de realizar este proceso. En el siguiente tutorial, te explicamos c\u00f3mo hacerla: <a href=\"https:\/\/aplimedia.com\/tutoriales\/varios\/copia-seguridad\/\">C\u00f3mo hacer una copia de seguridad de Secre<\/a>.<\/p>\t\t\t\t\t\t\t\t<\/div>\n\t\t\t\t<\/div>\n\t\t\t\t<div class=\"elementor-element elementor-element-2d0904ec elementor-widget elementor-widget-spacer\" data-id=\"2d0904ec\" data-element_type=\"widget\" data-e-type=\"widget\" data-widget_type=\"spacer.default\">\n\t\t\t\t<div class=\"elementor-widget-container\">\n\t\t\t\t\t\t\t<div class=\"elementor-spacer\">\n\t\t\t<div class=\"elementor-spacer-inner\"><\/div>\n\t\t<\/div>\n\t\t\t\t\t\t<\/div>\n\t\t\t\t<\/div>\n\t\t\t\t<div class=\"elementor-element elementor-element-18bfbf2 elementor-widget elementor-widget-heading\" data-id=\"18bfbf2\" data-element_type=\"widget\" data-e-type=\"widget\" data-widget_type=\"heading.default\">\n\t\t\t\t<div class=\"elementor-widget-container\">\n\t\t\t\t\t<h2 class=\"elementor-heading-title elementor-size-default\">Paso 1:<\/h2>\t\t\t\t<\/div>\n\t\t\t\t<\/div>\n\t\t\t\t<div class=\"elementor-element elementor-element-760406cd elementor-widget elementor-widget-text-editor\" data-id=\"760406cd\" data-element_type=\"widget\" data-e-type=\"widget\" data-widget_type=\"text-editor.default\">\n\t\t\t\t<div class=\"elementor-widget-container\">\n\t\t\t\t\t\t\t\t\t<p>Para poner tus almacenes a cero, desde la pantalla principal de Secre, ve al m\u00f3dulo de <strong>Art\u00edculos y Servicios<\/strong>.\u00a0<\/p>\t\t\t\t\t\t\t\t<\/div>\n\t\t\t\t<\/div>\n\t\t\t\t<section class=\"elementor-section elementor-inner-section elementor-element elementor-element-1783536 elementor-section-boxed elementor-section-height-default elementor-section-height-default\" data-id=\"1783536\" data-element_type=\"section\" data-e-type=\"section\">\n\t\t\t\t\t\t<div class=\"elementor-container elementor-column-gap-default\">\n\t\t\t\t\t<div class=\"elementor-column elementor-col-100 elementor-inner-column elementor-element elementor-element-3292a3a4\" data-id=\"3292a3a4\" data-element_type=\"column\" data-e-type=\"column\">\n\t\t\t<div class=\"elementor-widget-wrap elementor-element-populated\">\n\t\t\t\t\t\t<div class=\"elementor-element elementor-element-1ab9d3c4 elementor-widget elementor-widget-image\" data-id=\"1ab9d3c4\" data-element_type=\"widget\" data-e-type=\"widget\" data-widget_type=\"image.default\">\n\t\t\t\t<div class=\"elementor-widget-container\">\n\t\t\t\t\t\t\t\t\t\t\t\t\t\t\t\t<a href=\"https:\/\/aplimedia.com\/tutoriales\/wp-content\/uploads\/2019\/01\/creararticulososervicios1.png\" data-elementor-open-lightbox=\"yes\" data-elementor-lightbox-title=\"creararticulososervicios1\" data-e-action-hash=\"#elementor-action%3Aaction%3Dlightbox%26settings%3DeyJpZCI6MTAyOCwidXJsIjoiaHR0cHM6XC9cL2FwbGltZWRpYS5jb21cL3R1dG9yaWFsZXNcL3dwLWNvbnRlbnRcL3VwbG9hZHNcLzIwMTlcLzAxXC9jcmVhcmFydGljdWxvc29zZXJ2aWNpb3MxLnBuZyJ9\">\n\t\t\t\t\t\t\t<img fetchpriority=\"high\" decoding=\"async\" width=\"804\" height=\"557\" src=\"https:\/\/aplimedia.com\/tutoriales\/wp-content\/uploads\/2019\/01\/creararticulososervicios1.png\" class=\"attachment-full size-full wp-image-1028\" alt=\"\" srcset=\"https:\/\/aplimedia.com\/tutoriales\/wp-content\/uploads\/2019\/01\/creararticulososervicios1.png 804w, https:\/\/aplimedia.com\/tutoriales\/wp-content\/uploads\/2019\/01\/creararticulososervicios1-300x208.png 300w, https:\/\/aplimedia.com\/tutoriales\/wp-content\/uploads\/2019\/01\/creararticulososervicios1-768x532.png 768w\" sizes=\"(max-width: 804px) 100vw, 804px\" \/>\t\t\t\t\t\t\t\t<\/a>\n\t\t\t\t\t\t\t\t\t\t\t\t\t\t\t<\/div>\n\t\t\t\t<\/div>\n\t\t\t\t\t<\/div>\n\t\t<\/div>\n\t\t\t\t\t<\/div>\n\t\t<\/section>\n\t\t\t\t<div class=\"elementor-element elementor-element-dcb5c82 elementor-widget elementor-widget-spacer\" data-id=\"dcb5c82\" data-element_type=\"widget\" data-e-type=\"widget\" data-widget_type=\"spacer.default\">\n\t\t\t\t<div class=\"elementor-widget-container\">\n\t\t\t\t\t\t\t<div class=\"elementor-spacer\">\n\t\t\t<div class=\"elementor-spacer-inner\"><\/div>\n\t\t<\/div>\n\t\t\t\t\t\t<\/div>\n\t\t\t\t<\/div>\n\t\t\t\t<div class=\"elementor-element elementor-element-658cdc13 elementor-widget elementor-widget-heading\" data-id=\"658cdc13\" data-element_type=\"widget\" data-e-type=\"widget\" data-widget_type=\"heading.default\">\n\t\t\t\t<div class=\"elementor-widget-container\">\n\t\t\t\t\t<h2 class=\"elementor-heading-title elementor-size-default\">Paso 2:<\/h2>\t\t\t\t<\/div>\n\t\t\t\t<\/div>\n\t\t\t\t<div class=\"elementor-element elementor-element-034f1ed elementor-widget elementor-widget-text-editor\" data-id=\"034f1ed\" data-element_type=\"widget\" data-e-type=\"widget\" data-widget_type=\"text-editor.default\">\n\t\t\t\t<div class=\"elementor-widget-container\">\n\t\t\t\t\t\t\t\t\t<p>Si no deseas poner a cero todo tu inventario, sino el de unos art\u00edculos en concreto, haz clic en la rueda dentada para <strong>filtrar<\/strong> aquellos <strong>art\u00edculos sobre los que quieres realizar el proceso<\/strong>. Cuando hayas escogido los criterios por los que quieres filtrar tus art\u00edculos, acepta, y el listado inferior de art\u00edculos se actualizar\u00e1 para mostrar aquellos que cumplan los criterios por los que hemos filtrado.<\/p><p>Si, adem\u00e1s, quieres quitar alg\u00fan art\u00edculo concreto del listado para que el proceso no tenga efecto sobre \u00e9l, selecci\u00f3nalo y haz clic en el icono \u00abEliminar de la lista\u00bb.<\/p><p>Lo importante es que <b>el listado inferior muestre <\/b>\u00fanicamente aquellos<b> art\u00edculos que quieres poner a cero<\/b>.<\/p>\t\t\t\t\t\t\t\t<\/div>\n\t\t\t\t<\/div>\n\t\t\t\t<div class=\"elementor-element elementor-element-627a083 elementor-widget elementor-widget-heading\" data-id=\"627a083\" data-element_type=\"widget\" data-e-type=\"widget\" data-widget_type=\"heading.default\">\n\t\t\t\t<div class=\"elementor-widget-container\">\n\t\t\t\t\t<h2 class=\"elementor-heading-title elementor-size-default\">Paso 3:<\/h2>\t\t\t\t<\/div>\n\t\t\t\t<\/div>\n\t\t\t\t<div class=\"elementor-element elementor-element-fa3824e elementor-widget elementor-widget-text-editor\" data-id=\"fa3824e\" data-element_type=\"widget\" data-e-type=\"widget\" data-widget_type=\"text-editor.default\">\n\t\t\t\t<div class=\"elementor-widget-container\">\n\t\t\t\t\t\t\t\t\t<p>Cuando ya tengas el listado de art\u00edculos sobre el que quieres realizar el proceso, ve a la opci\u00f3n del men\u00fa superior <em><strong>Herramientas&gt;Actualizar almac\u00e9n&gt;Poner almac\u00e9n a cero<\/strong><\/em>.<\/p>\t\t\t\t\t\t\t\t<\/div>\n\t\t\t\t<\/div>\n\t\t\t\t<div class=\"elementor-element elementor-element-3e83669 elementor-widget elementor-widget-image\" data-id=\"3e83669\" data-element_type=\"widget\" data-e-type=\"widget\" data-widget_type=\"image.default\">\n\t\t\t\t<div class=\"elementor-widget-container\">\n\t\t\t\t\t\t\t\t\t\t\t\t\t\t\t<img decoding=\"async\" width=\"1108\" height=\"308\" src=\"https:\/\/aplimedia.com\/tutoriales\/wp-content\/uploads\/2025\/03\/poneralmacenacero.png\" class=\"attachment-large size-large wp-image-9540\" alt=\"\" srcset=\"https:\/\/aplimedia.com\/tutoriales\/wp-content\/uploads\/2025\/03\/poneralmacenacero.png 1108w, https:\/\/aplimedia.com\/tutoriales\/wp-content\/uploads\/2025\/03\/poneralmacenacero-768x213.png 768w\" sizes=\"(max-width: 1108px) 100vw, 1108px\" \/>\t\t\t\t\t\t\t\t\t\t\t\t\t\t\t<\/div>\n\t\t\t\t<\/div>\n\t\t\t\t<div class=\"elementor-element elementor-element-7822fcf elementor-widget elementor-widget-text-editor\" data-id=\"7822fcf\" data-element_type=\"widget\" data-e-type=\"widget\" data-widget_type=\"text-editor.default\">\n\t\t\t\t<div class=\"elementor-widget-container\">\n\t\t\t\t\t\t\t\t\t<p>Ver\u00e1s un aviso como el siguiente:<\/p>\t\t\t\t\t\t\t\t<\/div>\n\t\t\t\t<\/div>\n\t\t\t\t<div class=\"elementor-element elementor-element-6491c2e elementor-widget elementor-widget-image\" data-id=\"6491c2e\" data-element_type=\"widget\" data-e-type=\"widget\" data-widget_type=\"image.default\">\n\t\t\t\t<div class=\"elementor-widget-container\">\n\t\t\t\t\t\t\t\t\t\t\t\t\t\t\t<img decoding=\"async\" width=\"458\" height=\"221\" src=\"https:\/\/aplimedia.com\/tutoriales\/wp-content\/uploads\/2025\/03\/poneralmacenacero2.png\" class=\"attachment-large size-large wp-image-9541\" alt=\"\" \/>\t\t\t\t\t\t\t\t\t\t\t\t\t\t\t<\/div>\n\t\t\t\t<\/div>\n\t\t\t\t<div class=\"elementor-element elementor-element-189e9c3 elementor-widget elementor-widget-text-editor\" data-id=\"189e9c3\" data-element_type=\"widget\" data-e-type=\"widget\" data-widget_type=\"text-editor.default\">\n\t\t\t\t<div class=\"elementor-widget-container\">\n\t\t\t\t\t\t\t\t\t<p>Si est\u00e1s conforme, haz clic en \u00abS\u00ed\u00bb y Secre realizar\u00e1 el proceso.<\/p><p>Una vez finalizado, ver\u00e1s que todos tus art\u00edculos han pasado a tener stock cero:<\/p>\t\t\t\t\t\t\t\t<\/div>\n\t\t\t\t<\/div>\n\t\t\t\t<div class=\"elementor-element elementor-element-40bcfd8 elementor-widget elementor-widget-image\" data-id=\"40bcfd8\" data-element_type=\"widget\" data-e-type=\"widget\" data-widget_type=\"image.default\">\n\t\t\t\t<div class=\"elementor-widget-container\">\n\t\t\t\t\t\t\t\t\t\t\t\t\t\t\t<img loading=\"lazy\" decoding=\"async\" width=\"1912\" height=\"277\" src=\"https:\/\/aplimedia.com\/tutoriales\/wp-content\/uploads\/2025\/03\/poneralmacenacero3.png\" class=\"attachment-large size-large wp-image-9542\" alt=\"\" srcset=\"https:\/\/aplimedia.com\/tutoriales\/wp-content\/uploads\/2025\/03\/poneralmacenacero3.png 1912w, https:\/\/aplimedia.com\/tutoriales\/wp-content\/uploads\/2025\/03\/poneralmacenacero3-768x111.png 768w, https:\/\/aplimedia.com\/tutoriales\/wp-content\/uploads\/2025\/03\/poneralmacenacero3-1536x223.png 1536w\" sizes=\"(max-width: 1912px) 100vw, 1912px\" \/>\t\t\t\t\t\t\t\t\t\t\t\t\t\t\t<\/div>\n\t\t\t\t<\/div>\n\t\t\t\t<div class=\"elementor-element elementor-element-b6697f8 elementor-widget elementor-widget-spacer\" data-id=\"b6697f8\" data-element_type=\"widget\" data-e-type=\"widget\" data-widget_type=\"spacer.default\">\n\t\t\t\t<div class=\"elementor-widget-container\">\n\t\t\t\t\t\t\t<div class=\"elementor-spacer\">\n\t\t\t<div class=\"elementor-spacer-inner\"><\/div>\n\t\t<\/div>\n\t\t\t\t\t\t<\/div>\n\t\t\t\t<\/div>\n\t\t\t\t\t<\/div>\n\t\t<\/div>\n\t\t\t\t\t<\/div>\n\t\t<\/section>\n\t\t\t\t<\/div>\n\t\t","protected":false},"excerpt":{"rendered":"<p>Secre dispone de una herramienta que permite poner el inventario de todo tu almac\u00e9n a cero. Es muy importante que tengas en cuenta que este proceso es irreversible y que, si tienes m\u00e1s de un almac\u00e9n, afectar\u00e1 a todos ellos. Por lo que te recomendamos que solo hagas este proceso si est\u00e1s 100% seguro\/a. De [&hellip;]<\/p>\n","protected":false},"author":1,"featured_media":0,"parent":1776,"menu_order":0,"comment_status":"closed","ping_status":"closed","template":"","meta":{"footnotes":""},"class_list":["post-9538","page","type-page","status-publish","hentry"],"yoast_head":"<!-- This site is optimized with the Yoast SEO plugin v27.5 - https:\/\/yoast.com\/product\/yoast-seo-wordpress\/ -->\n<title>Poner el almac\u00e9n a cero | Tutoriales de Secre<\/title>\n<meta name=\"robots\" content=\"index, follow, max-snippet:-1, max-image-preview:large, max-video-preview:-1\" \/>\n<link rel=\"canonical\" href=\"https:\/\/aplimedia.com\/tutoriales\/articulos-stock-almacen\/almacen-a-cero\/\" \/>\n<meta property=\"og:locale\" content=\"es_ES\" \/>\n<meta property=\"og:type\" content=\"article\" \/>\n<meta property=\"og:title\" content=\"Poner el almac\u00e9n a cero | Tutoriales de Secre\" \/>\n<meta property=\"og:description\" content=\"Secre dispone de una herramienta que permite poner el inventario de todo tu almac\u00e9n a cero. Es muy importante que tengas en cuenta que este proceso es irreversible y que, si tienes m\u00e1s de un almac\u00e9n, afectar\u00e1 a todos ellos. Por lo que te recomendamos que solo hagas este proceso si est\u00e1s 100% seguro\/a. De [&hellip;]\" \/>\n<meta property=\"og:url\" content=\"https:\/\/aplimedia.com\/tutoriales\/articulos-stock-almacen\/almacen-a-cero\/\" \/>\n<meta property=\"og:site_name\" content=\"Tutoriales de Secre\" \/>\n<meta property=\"article:modified_time\" content=\"2025-03-17T08:19:48+00:00\" \/>\n<meta property=\"og:image\" content=\"https:\/\/aplimedia.com\/tutoriales\/wp-content\/uploads\/2019\/01\/creararticulososervicios1.png\" \/>\n\t<meta property=\"og:image:width\" content=\"804\" \/>\n\t<meta property=\"og:image:height\" content=\"557\" \/>\n\t<meta property=\"og:image:type\" content=\"image\/png\" \/>\n<meta name=\"twitter:card\" content=\"summary_large_image\" \/>\n<meta name=\"twitter:label1\" content=\"Tiempo de lectura\" \/>\n\t<meta name=\"twitter:data1\" content=\"3 minutos\" \/>\n<script type=\"application\/ld+json\" class=\"yoast-schema-graph\">{\"@context\":\"https:\\\/\\\/schema.org\",\"@graph\":[{\"@type\":\"WebPage\",\"@id\":\"https:\\\/\\\/aplimedia.com\\\/tutoriales\\\/articulos-stock-almacen\\\/almacen-a-cero\\\/\",\"url\":\"https:\\\/\\\/aplimedia.com\\\/tutoriales\\\/articulos-stock-almacen\\\/almacen-a-cero\\\/\",\"name\":\"Poner el almac\u00e9n a cero | Tutoriales de Secre\",\"isPartOf\":{\"@id\":\"https:\\\/\\\/aplimedia.com\\\/tutoriales\\\/#website\"},\"primaryImageOfPage\":{\"@id\":\"https:\\\/\\\/aplimedia.com\\\/tutoriales\\\/articulos-stock-almacen\\\/almacen-a-cero\\\/#primaryimage\"},\"image\":{\"@id\":\"https:\\\/\\\/aplimedia.com\\\/tutoriales\\\/articulos-stock-almacen\\\/almacen-a-cero\\\/#primaryimage\"},\"thumbnailUrl\":\"https:\\\/\\\/aplimedia.com\\\/tutoriales\\\/wp-content\\\/uploads\\\/2019\\\/01\\\/creararticulososervicios1.png\",\"datePublished\":\"2025-03-17T08:18:39+00:00\",\"dateModified\":\"2025-03-17T08:19:48+00:00\",\"breadcrumb\":{\"@id\":\"https:\\\/\\\/aplimedia.com\\\/tutoriales\\\/articulos-stock-almacen\\\/almacen-a-cero\\\/#breadcrumb\"},\"inLanguage\":\"es\",\"potentialAction\":[{\"@type\":\"ReadAction\",\"target\":[\"https:\\\/\\\/aplimedia.com\\\/tutoriales\\\/articulos-stock-almacen\\\/almacen-a-cero\\\/\"]}]},{\"@type\":\"ImageObject\",\"inLanguage\":\"es\",\"@id\":\"https:\\\/\\\/aplimedia.com\\\/tutoriales\\\/articulos-stock-almacen\\\/almacen-a-cero\\\/#primaryimage\",\"url\":\"https:\\\/\\\/aplimedia.com\\\/tutoriales\\\/wp-content\\\/uploads\\\/2019\\\/01\\\/creararticulososervicios1.png\",\"contentUrl\":\"https:\\\/\\\/aplimedia.com\\\/tutoriales\\\/wp-content\\\/uploads\\\/2019\\\/01\\\/creararticulososervicios1.png\",\"width\":804,\"height\":557},{\"@type\":\"BreadcrumbList\",\"@id\":\"https:\\\/\\\/aplimedia.com\\\/tutoriales\\\/articulos-stock-almacen\\\/almacen-a-cero\\\/#breadcrumb\",\"itemListElement\":[{\"@type\":\"ListItem\",\"position\":1,\"name\":\"Tutoriales\",\"item\":\"https:\\\/\\\/aplimedia.com\\\/tutoriales\\\/\"},{\"@type\":\"ListItem\",\"position\":2,\"name\":\"Art\u00edculos, servicios, stock y almac\u00e9n\",\"item\":\"https:\\\/\\\/aplimedia.com\\\/tutoriales\\\/articulos-stock-almacen\\\/\"},{\"@type\":\"ListItem\",\"position\":3,\"name\":\"Poner el almac\u00e9n a cero\"}]},{\"@type\":\"WebSite\",\"@id\":\"https:\\\/\\\/aplimedia.com\\\/tutoriales\\\/#website\",\"url\":\"https:\\\/\\\/aplimedia.com\\\/tutoriales\\\/\",\"name\":\"Tutoriales de Secre\",\"description\":\"Tutoriales del software de gesti\u00f3n Secre\",\"publisher\":{\"@id\":\"https:\\\/\\\/aplimedia.com\\\/tutoriales\\\/#organization\"},\"potentialAction\":[{\"@type\":\"SearchAction\",\"target\":{\"@type\":\"EntryPoint\",\"urlTemplate\":\"https:\\\/\\\/aplimedia.com\\\/tutoriales\\\/?s={search_term_string}\"},\"query-input\":{\"@type\":\"PropertyValueSpecification\",\"valueRequired\":true,\"valueName\":\"search_term_string\"}}],\"inLanguage\":\"es\"},{\"@type\":\"Organization\",\"@id\":\"https:\\\/\\\/aplimedia.com\\\/tutoriales\\\/#organization\",\"name\":\"Tutoriales de Secre\",\"url\":\"https:\\\/\\\/aplimedia.com\\\/tutoriales\\\/\",\"logo\":{\"@type\":\"ImageObject\",\"inLanguage\":\"es\",\"@id\":\"https:\\\/\\\/aplimedia.com\\\/tutoriales\\\/#\\\/schema\\\/logo\\\/image\\\/\",\"url\":\"https:\\\/\\\/aplimedia.com\\\/tutoriales\\\/wp-content\\\/uploads\\\/2022\\\/03\\\/cropped-logotipo-aplimedia.png\",\"contentUrl\":\"https:\\\/\\\/aplimedia.com\\\/tutoriales\\\/wp-content\\\/uploads\\\/2022\\\/03\\\/cropped-logotipo-aplimedia.png\",\"width\":2000,\"height\":658,\"caption\":\"Tutoriales de Secre\"},\"image\":{\"@id\":\"https:\\\/\\\/aplimedia.com\\\/tutoriales\\\/#\\\/schema\\\/logo\\\/image\\\/\"}}]}<\/script>\n<!-- \/ Yoast SEO plugin. -->","yoast_head_json":{"title":"Poner el almac\u00e9n a cero | Tutoriales de Secre","robots":{"index":"index","follow":"follow","max-snippet":"max-snippet:-1","max-image-preview":"max-image-preview:large","max-video-preview":"max-video-preview:-1"},"canonical":"https:\/\/aplimedia.com\/tutoriales\/articulos-stock-almacen\/almacen-a-cero\/","og_locale":"es_ES","og_type":"article","og_title":"Poner el almac\u00e9n a cero | Tutoriales de Secre","og_description":"Secre dispone de una herramienta que permite poner el inventario de todo tu almac\u00e9n a cero. Es muy importante que tengas en cuenta que este proceso es irreversible y que, si tienes m\u00e1s de un almac\u00e9n, afectar\u00e1 a todos ellos. Por lo que te recomendamos que solo hagas este proceso si est\u00e1s 100% seguro\/a. De [&hellip;]","og_url":"https:\/\/aplimedia.com\/tutoriales\/articulos-stock-almacen\/almacen-a-cero\/","og_site_name":"Tutoriales de Secre","article_modified_time":"2025-03-17T08:19:48+00:00","og_image":[{"width":804,"height":557,"url":"https:\/\/aplimedia.com\/tutoriales\/wp-content\/uploads\/2019\/01\/creararticulososervicios1.png","type":"image\/png"}],"twitter_card":"summary_large_image","twitter_misc":{"Tiempo de lectura":"3 minutos"},"schema":{"@context":"https:\/\/schema.org","@graph":[{"@type":"WebPage","@id":"https:\/\/aplimedia.com\/tutoriales\/articulos-stock-almacen\/almacen-a-cero\/","url":"https:\/\/aplimedia.com\/tutoriales\/articulos-stock-almacen\/almacen-a-cero\/","name":"Poner el almac\u00e9n a cero | Tutoriales de Secre","isPartOf":{"@id":"https:\/\/aplimedia.com\/tutoriales\/#website"},"primaryImageOfPage":{"@id":"https:\/\/aplimedia.com\/tutoriales\/articulos-stock-almacen\/almacen-a-cero\/#primaryimage"},"image":{"@id":"https:\/\/aplimedia.com\/tutoriales\/articulos-stock-almacen\/almacen-a-cero\/#primaryimage"},"thumbnailUrl":"https:\/\/aplimedia.com\/tutoriales\/wp-content\/uploads\/2019\/01\/creararticulososervicios1.png","datePublished":"2025-03-17T08:18:39+00:00","dateModified":"2025-03-17T08:19:48+00:00","breadcrumb":{"@id":"https:\/\/aplimedia.com\/tutoriales\/articulos-stock-almacen\/almacen-a-cero\/#breadcrumb"},"inLanguage":"es","potentialAction":[{"@type":"ReadAction","target":["https:\/\/aplimedia.com\/tutoriales\/articulos-stock-almacen\/almacen-a-cero\/"]}]},{"@type":"ImageObject","inLanguage":"es","@id":"https:\/\/aplimedia.com\/tutoriales\/articulos-stock-almacen\/almacen-a-cero\/#primaryimage","url":"https:\/\/aplimedia.com\/tutoriales\/wp-content\/uploads\/2019\/01\/creararticulososervicios1.png","contentUrl":"https:\/\/aplimedia.com\/tutoriales\/wp-content\/uploads\/2019\/01\/creararticulososervicios1.png","width":804,"height":557},{"@type":"BreadcrumbList","@id":"https:\/\/aplimedia.com\/tutoriales\/articulos-stock-almacen\/almacen-a-cero\/#breadcrumb","itemListElement":[{"@type":"ListItem","position":1,"name":"Tutoriales","item":"https:\/\/aplimedia.com\/tutoriales\/"},{"@type":"ListItem","position":2,"name":"Art\u00edculos, servicios, stock y almac\u00e9n","item":"https:\/\/aplimedia.com\/tutoriales\/articulos-stock-almacen\/"},{"@type":"ListItem","position":3,"name":"Poner el almac\u00e9n a cero"}]},{"@type":"WebSite","@id":"https:\/\/aplimedia.com\/tutoriales\/#website","url":"https:\/\/aplimedia.com\/tutoriales\/","name":"Tutoriales de Secre","description":"Tutoriales del software de gesti\u00f3n Secre","publisher":{"@id":"https:\/\/aplimedia.com\/tutoriales\/#organization"},"potentialAction":[{"@type":"SearchAction","target":{"@type":"EntryPoint","urlTemplate":"https:\/\/aplimedia.com\/tutoriales\/?s={search_term_string}"},"query-input":{"@type":"PropertyValueSpecification","valueRequired":true,"valueName":"search_term_string"}}],"inLanguage":"es"},{"@type":"Organization","@id":"https:\/\/aplimedia.com\/tutoriales\/#organization","name":"Tutoriales de Secre","url":"https:\/\/aplimedia.com\/tutoriales\/","logo":{"@type":"ImageObject","inLanguage":"es","@id":"https:\/\/aplimedia.com\/tutoriales\/#\/schema\/logo\/image\/","url":"https:\/\/aplimedia.com\/tutoriales\/wp-content\/uploads\/2022\/03\/cropped-logotipo-aplimedia.png","contentUrl":"https:\/\/aplimedia.com\/tutoriales\/wp-content\/uploads\/2022\/03\/cropped-logotipo-aplimedia.png","width":2000,"height":658,"caption":"Tutoriales de Secre"},"image":{"@id":"https:\/\/aplimedia.com\/tutoriales\/#\/schema\/logo\/image\/"}}]}},"_links":{"self":[{"href":"https:\/\/aplimedia.com\/tutoriales\/wp-json\/wp\/v2\/pages\/9538","targetHints":{"allow":["GET"]}}],"collection":[{"href":"https:\/\/aplimedia.com\/tutoriales\/wp-json\/wp\/v2\/pages"}],"about":[{"href":"https:\/\/aplimedia.com\/tutoriales\/wp-json\/wp\/v2\/types\/page"}],"author":[{"embeddable":true,"href":"https:\/\/aplimedia.com\/tutoriales\/wp-json\/wp\/v2\/users\/1"}],"replies":[{"embeddable":true,"href":"https:\/\/aplimedia.com\/tutoriales\/wp-json\/wp\/v2\/comments?post=9538"}],"version-history":[{"count":0,"href":"https:\/\/aplimedia.com\/tutoriales\/wp-json\/wp\/v2\/pages\/9538\/revisions"}],"up":[{"embeddable":true,"href":"https:\/\/aplimedia.com\/tutoriales\/wp-json\/wp\/v2\/pages\/1776"}],"wp:attachment":[{"href":"https:\/\/aplimedia.com\/tutoriales\/wp-json\/wp\/v2\/media?parent=9538"}],"curies":[{"name":"wp","href":"https:\/\/api.w.org\/{rel}","templated":true}]}}