{"id":9520,"date":"2025-03-14T12:56:59","date_gmt":"2025-03-14T12:56:59","guid":{"rendered":"https:\/\/aplimedia.com\/tutoriales\/?page_id=9520"},"modified":"2025-03-14T13:05:41","modified_gmt":"2025-03-14T13:05:41","slug":"consultar-movimientos-almacen","status":"publish","type":"page","link":"https:\/\/aplimedia.com\/tutoriales\/articulos-stock-almacen\/consultar-movimientos-almacen\/","title":{"rendered":"Consultar los movimientos de almac\u00e9n de un art\u00edculo"},"content":{"rendered":"\t\t<div data-elementor-type=\"wp-post\" data-elementor-id=\"9520\" class=\"elementor elementor-9520\" data-elementor-post-type=\"page\">\n\t\t\t\t\t\t<section class=\"elementor-section elementor-top-section elementor-element elementor-element-2b548f9c elementor-section-stretched elementor-section-boxed elementor-section-height-default elementor-section-height-default\" data-id=\"2b548f9c\" data-element_type=\"section\" data-e-type=\"section\" data-settings=\"{&quot;stretch_section&quot;:&quot;section-stretched&quot;}\">\n\t\t\t\t\t\t<div class=\"elementor-container elementor-column-gap-default\">\n\t\t\t\t\t<div class=\"elementor-column elementor-col-100 elementor-top-column elementor-element elementor-element-5a7287c6\" data-id=\"5a7287c6\" data-element_type=\"column\" data-e-type=\"column\">\n\t\t\t<div class=\"elementor-widget-wrap elementor-element-populated\">\n\t\t\t\t\t\t<div class=\"elementor-element elementor-element-396e3b0d elementor-widget elementor-widget-text-editor\" data-id=\"396e3b0d\" data-element_type=\"widget\" data-e-type=\"widget\" data-widget_type=\"text-editor.default\">\n\t\t\t\t<div class=\"elementor-widget-container\">\n\t\t\t\t\t\t\t\t\t<p>Secre te permite consultar todos los movimientos de almac\u00e9n realizados con un art\u00edculo.<\/p><p>Vamos a repasar los pasos para hacerlo.<\/p>\t\t\t\t\t\t\t\t<\/div>\n\t\t\t\t<\/div>\n\t\t\t\t<div class=\"elementor-element elementor-element-6c3ad751 elementor-widget elementor-widget-heading\" data-id=\"6c3ad751\" data-element_type=\"widget\" data-e-type=\"widget\" data-widget_type=\"heading.default\">\n\t\t\t\t<div class=\"elementor-widget-container\">\n\t\t\t\t\t<h2 class=\"elementor-heading-title elementor-size-default\">Paso 1<\/h2>\t\t\t\t<\/div>\n\t\t\t\t<\/div>\n\t\t\t\t<div class=\"elementor-element elementor-element-2521f815 elementor-widget elementor-widget-text-editor\" data-id=\"2521f815\" data-element_type=\"widget\" data-e-type=\"widget\" data-widget_type=\"text-editor.default\">\n\t\t\t\t<div class=\"elementor-widget-container\">\n\t\t\t\t\t\t\t\t\t<p>Desde la pantalla principal de Secre, ve al men\u00fa<b> Herramientas&gt;Control de almac\u00e9n y producci\u00f3n<\/b>.<\/p>\t\t\t\t\t\t\t\t<\/div>\n\t\t\t\t<\/div>\n\t\t\t\t<div class=\"elementor-element elementor-element-b05453b elementor-widget elementor-widget-image\" data-id=\"b05453b\" data-element_type=\"widget\" data-e-type=\"widget\" data-widget_type=\"image.default\">\n\t\t\t\t<div class=\"elementor-widget-container\">\n\t\t\t\t\t\t\t\t\t\t\t\t\t\t\t\t<a href=\"https:\/\/aplimedia.com\/tutoriales\/wp-content\/uploads\/2025\/03\/consultarmovimientosalmacen1.png\" data-elementor-open-lightbox=\"yes\" data-elementor-lightbox-title=\"consultarmovimientosalmacen1\" data-e-action-hash=\"#elementor-action%3Aaction%3Dlightbox%26settings%3DeyJpZCI6OTUyMiwidXJsIjoiaHR0cHM6XC9cL2FwbGltZWRpYS5jb21cL3R1dG9yaWFsZXNcL3dwLWNvbnRlbnRcL3VwbG9hZHNcLzIwMjVcLzAzXC9jb25zdWx0YXJtb3ZpbWllbnRvc2FsbWFjZW4xLnBuZyJ9\">\n\t\t\t\t\t\t\t<img fetchpriority=\"high\" decoding=\"async\" width=\"889\" height=\"636\" src=\"https:\/\/aplimedia.com\/tutoriales\/wp-content\/uploads\/2025\/03\/consultarmovimientosalmacen1.png\" class=\"attachment-large size-large wp-image-9522\" alt=\"\" srcset=\"https:\/\/aplimedia.com\/tutoriales\/wp-content\/uploads\/2025\/03\/consultarmovimientosalmacen1.png 889w, https:\/\/aplimedia.com\/tutoriales\/wp-content\/uploads\/2025\/03\/consultarmovimientosalmacen1-768x549.png 768w\" sizes=\"(max-width: 889px) 100vw, 889px\" \/>\t\t\t\t\t\t\t\t<\/a>\n\t\t\t\t\t\t\t\t\t\t\t\t\t\t\t<\/div>\n\t\t\t\t<\/div>\n\t\t\t\t<div class=\"elementor-element elementor-element-3632442 elementor-widget elementor-widget-text-editor\" data-id=\"3632442\" data-element_type=\"widget\" data-e-type=\"widget\" data-widget_type=\"text-editor.default\">\n\t\t\t\t<div class=\"elementor-widget-container\">\n\t\t\t\t\t\t\t\t\t<p>Accede a los filtros haciendo clic en el icono de la <strong>rueda dentada<\/strong> del men\u00fa superior.<\/p>\t\t\t\t\t\t\t\t<\/div>\n\t\t\t\t<\/div>\n\t\t\t\t<div class=\"elementor-element elementor-element-c42a0ab elementor-widget elementor-widget-image\" data-id=\"c42a0ab\" data-element_type=\"widget\" data-e-type=\"widget\" data-widget_type=\"image.default\">\n\t\t\t\t<div class=\"elementor-widget-container\">\n\t\t\t\t\t\t\t\t\t\t\t\t\t\t\t\t<a href=\"https:\/\/aplimedia.com\/tutoriales\/wp-content\/uploads\/2025\/03\/consultarmovimientosalmacen2.png\" data-elementor-open-lightbox=\"yes\" data-elementor-lightbox-title=\"consultarmovimientosalmacen2\" data-e-action-hash=\"#elementor-action%3Aaction%3Dlightbox%26settings%3DeyJpZCI6OTUyMywidXJsIjoiaHR0cHM6XC9cL2FwbGltZWRpYS5jb21cL3R1dG9yaWFsZXNcL3dwLWNvbnRlbnRcL3VwbG9hZHNcLzIwMjVcLzAzXC9jb25zdWx0YXJtb3ZpbWllbnRvc2FsbWFjZW4yLnBuZyJ9\">\n\t\t\t\t\t\t\t<img decoding=\"async\" width=\"915\" height=\"455\" src=\"https:\/\/aplimedia.com\/tutoriales\/wp-content\/uploads\/2025\/03\/consultarmovimientosalmacen2.png\" class=\"attachment-large size-large wp-image-9523\" alt=\"\" srcset=\"https:\/\/aplimedia.com\/tutoriales\/wp-content\/uploads\/2025\/03\/consultarmovimientosalmacen2.png 915w, https:\/\/aplimedia.com\/tutoriales\/wp-content\/uploads\/2025\/03\/consultarmovimientosalmacen2-768x382.png 768w\" sizes=\"(max-width: 915px) 100vw, 915px\" \/>\t\t\t\t\t\t\t\t<\/a>\n\t\t\t\t\t\t\t\t\t\t\t\t\t\t\t<\/div>\n\t\t\t\t<\/div>\n\t\t\t\t<div class=\"elementor-element elementor-element-d3dc004 elementor-widget elementor-widget-heading\" data-id=\"d3dc004\" data-element_type=\"widget\" data-e-type=\"widget\" data-widget_type=\"heading.default\">\n\t\t\t\t<div class=\"elementor-widget-container\">\n\t\t\t\t\t<h2 class=\"elementor-heading-title elementor-size-default\">Paso 2<\/h2>\t\t\t\t<\/div>\n\t\t\t\t<\/div>\n\t\t\t\t<div class=\"elementor-element elementor-element-3165030 elementor-widget elementor-widget-text-editor\" data-id=\"3165030\" data-element_type=\"widget\" data-e-type=\"widget\" data-widget_type=\"text-editor.default\">\n\t\t\t\t<div class=\"elementor-widget-container\">\n\t\t\t\t\t\t\t\t\t<p><strong>Selecciona los criterios<\/strong> para filtrar los movimientos de almac\u00e9n.<\/p><p>En este caso, como queremos ver los movimientos de un art\u00edculo, <strong>seleccionaremos el art\u00edculo<\/strong> en cuesti\u00f3n haciendo clic en la lupa a la derecha del campo \u00abSelecci\u00f3n del art\u00edculo\u00bb.<\/p><p>Si quieres a\u00f1adir alg\u00fan criterio m\u00e1s a tu filtro, como por ejemplo un intervalo de fechas, para ver sus movimientos entre dos fechas concretas, puedes hacerlo.<\/p><p>Cuando hayas seleccionado todos tus criterios, haz clic en el <strong>icono del rayo para ejecutar el filtro<\/strong>.<\/p>\t\t\t\t\t\t\t\t<\/div>\n\t\t\t\t<\/div>\n\t\t\t\t<div class=\"elementor-element elementor-element-c172542 elementor-widget elementor-widget-image\" data-id=\"c172542\" data-element_type=\"widget\" data-e-type=\"widget\" data-widget_type=\"image.default\">\n\t\t\t\t<div class=\"elementor-widget-container\">\n\t\t\t\t\t\t\t\t\t\t\t\t\t\t\t\t<a href=\"https:\/\/aplimedia.com\/tutoriales\/wp-content\/uploads\/2025\/03\/consultarmovimientosalmacen3.png\" data-elementor-open-lightbox=\"yes\" data-elementor-lightbox-title=\"consultarmovimientosalmacen3\" data-e-action-hash=\"#elementor-action%3Aaction%3Dlightbox%26settings%3DeyJpZCI6OTUyNCwidXJsIjoiaHR0cHM6XC9cL2FwbGltZWRpYS5jb21cL3R1dG9yaWFsZXNcL3dwLWNvbnRlbnRcL3VwbG9hZHNcLzIwMjVcLzAzXC9jb25zdWx0YXJtb3ZpbWllbnRvc2FsbWFjZW4zLnBuZyJ9\">\n\t\t\t\t\t\t\t<img decoding=\"async\" width=\"1906\" height=\"501\" src=\"https:\/\/aplimedia.com\/tutoriales\/wp-content\/uploads\/2025\/03\/consultarmovimientosalmacen3.png\" class=\"attachment-full size-full wp-image-9524\" alt=\"\" srcset=\"https:\/\/aplimedia.com\/tutoriales\/wp-content\/uploads\/2025\/03\/consultarmovimientosalmacen3.png 1906w, https:\/\/aplimedia.com\/tutoriales\/wp-content\/uploads\/2025\/03\/consultarmovimientosalmacen3-768x202.png 768w, https:\/\/aplimedia.com\/tutoriales\/wp-content\/uploads\/2025\/03\/consultarmovimientosalmacen3-1536x404.png 1536w\" sizes=\"(max-width: 1906px) 100vw, 1906px\" \/>\t\t\t\t\t\t\t\t<\/a>\n\t\t\t\t\t\t\t\t\t\t\t\t\t\t\t<\/div>\n\t\t\t\t<\/div>\n\t\t\t\t<div class=\"elementor-element elementor-element-a364d34 elementor-widget elementor-widget-text-editor\" data-id=\"a364d34\" data-element_type=\"widget\" data-e-type=\"widget\" data-widget_type=\"text-editor.default\">\n\t\t\t\t<div class=\"elementor-widget-container\">\n\t\t\t\t\t\t\t\t\t<p>Con estos pasos, ver\u00e1s en pantalla el<b> listado de movimientos del art\u00edculo seleccionado<\/b>. En cada movimiento podr\u00e1s ver el detalle de la cantidad, tipo de movimiento e informaci\u00f3n adicional (por ejemplo, el n\u00famero de compra o venta del que procede el movimiento).<\/p><p>Ten en cuenta que la primera l\u00ednea siempre muestra el stock inicial y, la \u00faltima, el stock actual.<\/p><p>Si deseas copiar los datos a un excel, puedes hacerlo copiando los datos desde la opci\u00f3n del men\u00fa <strong>Herramientas&gt;Copiar al portapapeles<\/strong>. Despu\u00e9s, pega los datos copiados a tu excel.<\/p>\t\t\t\t\t\t\t\t<\/div>\n\t\t\t\t<\/div>\n\t\t\t\t<div class=\"elementor-element elementor-element-ee79745 elementor-widget elementor-widget-image\" data-id=\"ee79745\" data-element_type=\"widget\" data-e-type=\"widget\" data-widget_type=\"image.default\">\n\t\t\t\t<div class=\"elementor-widget-container\">\n\t\t\t\t\t\t\t\t\t\t\t\t\t\t\t\t<a href=\"https:\/\/aplimedia.com\/tutoriales\/wp-content\/uploads\/2025\/03\/consultarmovimientosalmacen4.png\" data-elementor-open-lightbox=\"yes\" data-elementor-lightbox-title=\"consultarmovimientosalmacen4\" data-e-action-hash=\"#elementor-action%3Aaction%3Dlightbox%26settings%3DeyJpZCI6OTUyNSwidXJsIjoiaHR0cHM6XC9cL2FwbGltZWRpYS5jb21cL3R1dG9yaWFsZXNcL3dwLWNvbnRlbnRcL3VwbG9hZHNcLzIwMjVcLzAzXC9jb25zdWx0YXJtb3ZpbWllbnRvc2FsbWFjZW40LnBuZyJ9\">\n\t\t\t\t\t\t\t<img loading=\"lazy\" decoding=\"async\" width=\"1079\" height=\"304\" src=\"https:\/\/aplimedia.com\/tutoriales\/wp-content\/uploads\/2025\/03\/consultarmovimientosalmacen4.png\" class=\"attachment-full size-full wp-image-9525\" alt=\"\" srcset=\"https:\/\/aplimedia.com\/tutoriales\/wp-content\/uploads\/2025\/03\/consultarmovimientosalmacen4.png 1079w, https:\/\/aplimedia.com\/tutoriales\/wp-content\/uploads\/2025\/03\/consultarmovimientosalmacen4-768x216.png 768w\" sizes=\"(max-width: 1079px) 100vw, 1079px\" \/>\t\t\t\t\t\t\t\t<\/a>\n\t\t\t\t\t\t\t\t\t\t\t\t\t\t\t<\/div>\n\t\t\t\t<\/div>\n\t\t\t\t<div class=\"elementor-element elementor-element-53057415 elementor-widget elementor-widget-spacer\" data-id=\"53057415\" data-element_type=\"widget\" data-e-type=\"widget\" data-widget_type=\"spacer.default\">\n\t\t\t\t<div class=\"elementor-widget-container\">\n\t\t\t\t\t\t\t<div class=\"elementor-spacer\">\n\t\t\t<div class=\"elementor-spacer-inner\"><\/div>\n\t\t<\/div>\n\t\t\t\t\t\t<\/div>\n\t\t\t\t<\/div>\n\t\t\t\t\t<\/div>\n\t\t<\/div>\n\t\t\t\t\t<\/div>\n\t\t<\/section>\n\t\t\t\t<\/div>\n\t\t","protected":false},"excerpt":{"rendered":"<p>Secre te permite consultar todos los movimientos de almac\u00e9n realizados con un art\u00edculo. Vamos a repasar los pasos para hacerlo. Paso 1 Desde la pantalla principal de Secre, ve al men\u00fa Herramientas&gt;Control de almac\u00e9n y producci\u00f3n. Accede a los filtros haciendo clic en el icono de la rueda dentada del men\u00fa superior. Paso 2 Selecciona [&hellip;]<\/p>\n","protected":false},"author":1,"featured_media":0,"parent":1776,"menu_order":0,"comment_status":"closed","ping_status":"closed","template":"","meta":{"footnotes":""},"class_list":["post-9520","page","type-page","status-publish","hentry"],"yoast_head":"<!-- This site is optimized with the Yoast SEO plugin v27.5 - https:\/\/yoast.com\/product\/yoast-seo-wordpress\/ -->\n<title>Consultar los movimientos de almac\u00e9n de un art\u00edculo | Tutoriales de Secre<\/title>\n<meta name=\"robots\" content=\"index, follow, max-snippet:-1, max-image-preview:large, max-video-preview:-1\" \/>\n<link rel=\"canonical\" href=\"https:\/\/aplimedia.com\/tutoriales\/articulos-stock-almacen\/consultar-movimientos-almacen\/\" \/>\n<meta property=\"og:locale\" content=\"es_ES\" \/>\n<meta property=\"og:type\" content=\"article\" \/>\n<meta property=\"og:title\" content=\"Consultar los movimientos de almac\u00e9n de un art\u00edculo | Tutoriales de Secre\" \/>\n<meta property=\"og:description\" content=\"Secre te permite consultar todos los movimientos de almac\u00e9n realizados con un art\u00edculo. Vamos a repasar los pasos para hacerlo. Paso 1 Desde la pantalla principal de Secre, ve al men\u00fa Herramientas&gt;Control de almac\u00e9n y producci\u00f3n. Accede a los filtros haciendo clic en el icono de la rueda dentada del men\u00fa superior. Paso 2 Selecciona [&hellip;]\" \/>\n<meta property=\"og:url\" content=\"https:\/\/aplimedia.com\/tutoriales\/articulos-stock-almacen\/consultar-movimientos-almacen\/\" \/>\n<meta property=\"og:site_name\" content=\"Tutoriales de Secre\" \/>\n<meta property=\"article:modified_time\" content=\"2025-03-14T13:05:41+00:00\" \/>\n<meta property=\"og:image\" content=\"https:\/\/aplimedia.com\/tutoriales\/wp-content\/uploads\/2025\/03\/consultarmovimientosalmacen1.png\" \/>\n\t<meta property=\"og:image:width\" content=\"889\" \/>\n\t<meta property=\"og:image:height\" content=\"636\" \/>\n\t<meta property=\"og:image:type\" content=\"image\/png\" \/>\n<meta name=\"twitter:card\" content=\"summary_large_image\" \/>\n<meta name=\"twitter:label1\" content=\"Tiempo de lectura\" \/>\n\t<meta name=\"twitter:data1\" content=\"2 minutos\" \/>\n<script type=\"application\/ld+json\" class=\"yoast-schema-graph\">{\"@context\":\"https:\\\/\\\/schema.org\",\"@graph\":[{\"@type\":\"WebPage\",\"@id\":\"https:\\\/\\\/aplimedia.com\\\/tutoriales\\\/articulos-stock-almacen\\\/consultar-movimientos-almacen\\\/\",\"url\":\"https:\\\/\\\/aplimedia.com\\\/tutoriales\\\/articulos-stock-almacen\\\/consultar-movimientos-almacen\\\/\",\"name\":\"Consultar los movimientos de almac\u00e9n de un art\u00edculo | Tutoriales de Secre\",\"isPartOf\":{\"@id\":\"https:\\\/\\\/aplimedia.com\\\/tutoriales\\\/#website\"},\"primaryImageOfPage\":{\"@id\":\"https:\\\/\\\/aplimedia.com\\\/tutoriales\\\/articulos-stock-almacen\\\/consultar-movimientos-almacen\\\/#primaryimage\"},\"image\":{\"@id\":\"https:\\\/\\\/aplimedia.com\\\/tutoriales\\\/articulos-stock-almacen\\\/consultar-movimientos-almacen\\\/#primaryimage\"},\"thumbnailUrl\":\"https:\\\/\\\/aplimedia.com\\\/tutoriales\\\/wp-content\\\/uploads\\\/2025\\\/03\\\/consultarmovimientosalmacen1.png\",\"datePublished\":\"2025-03-14T12:56:59+00:00\",\"dateModified\":\"2025-03-14T13:05:41+00:00\",\"breadcrumb\":{\"@id\":\"https:\\\/\\\/aplimedia.com\\\/tutoriales\\\/articulos-stock-almacen\\\/consultar-movimientos-almacen\\\/#breadcrumb\"},\"inLanguage\":\"es\",\"potentialAction\":[{\"@type\":\"ReadAction\",\"target\":[\"https:\\\/\\\/aplimedia.com\\\/tutoriales\\\/articulos-stock-almacen\\\/consultar-movimientos-almacen\\\/\"]}]},{\"@type\":\"ImageObject\",\"inLanguage\":\"es\",\"@id\":\"https:\\\/\\\/aplimedia.com\\\/tutoriales\\\/articulos-stock-almacen\\\/consultar-movimientos-almacen\\\/#primaryimage\",\"url\":\"https:\\\/\\\/aplimedia.com\\\/tutoriales\\\/wp-content\\\/uploads\\\/2025\\\/03\\\/consultarmovimientosalmacen1.png\",\"contentUrl\":\"https:\\\/\\\/aplimedia.com\\\/tutoriales\\\/wp-content\\\/uploads\\\/2025\\\/03\\\/consultarmovimientosalmacen1.png\"},{\"@type\":\"BreadcrumbList\",\"@id\":\"https:\\\/\\\/aplimedia.com\\\/tutoriales\\\/articulos-stock-almacen\\\/consultar-movimientos-almacen\\\/#breadcrumb\",\"itemListElement\":[{\"@type\":\"ListItem\",\"position\":1,\"name\":\"Tutoriales\",\"item\":\"https:\\\/\\\/aplimedia.com\\\/tutoriales\\\/\"},{\"@type\":\"ListItem\",\"position\":2,\"name\":\"Art\u00edculos, servicios, stock y almac\u00e9n\",\"item\":\"https:\\\/\\\/aplimedia.com\\\/tutoriales\\\/articulos-stock-almacen\\\/\"},{\"@type\":\"ListItem\",\"position\":3,\"name\":\"Consultar los movimientos de almac\u00e9n de un art\u00edculo\"}]},{\"@type\":\"WebSite\",\"@id\":\"https:\\\/\\\/aplimedia.com\\\/tutoriales\\\/#website\",\"url\":\"https:\\\/\\\/aplimedia.com\\\/tutoriales\\\/\",\"name\":\"Tutoriales de Secre\",\"description\":\"Tutoriales del software de gesti\u00f3n Secre\",\"publisher\":{\"@id\":\"https:\\\/\\\/aplimedia.com\\\/tutoriales\\\/#organization\"},\"potentialAction\":[{\"@type\":\"SearchAction\",\"target\":{\"@type\":\"EntryPoint\",\"urlTemplate\":\"https:\\\/\\\/aplimedia.com\\\/tutoriales\\\/?s={search_term_string}\"},\"query-input\":{\"@type\":\"PropertyValueSpecification\",\"valueRequired\":true,\"valueName\":\"search_term_string\"}}],\"inLanguage\":\"es\"},{\"@type\":\"Organization\",\"@id\":\"https:\\\/\\\/aplimedia.com\\\/tutoriales\\\/#organization\",\"name\":\"Tutoriales de Secre\",\"url\":\"https:\\\/\\\/aplimedia.com\\\/tutoriales\\\/\",\"logo\":{\"@type\":\"ImageObject\",\"inLanguage\":\"es\",\"@id\":\"https:\\\/\\\/aplimedia.com\\\/tutoriales\\\/#\\\/schema\\\/logo\\\/image\\\/\",\"url\":\"https:\\\/\\\/aplimedia.com\\\/tutoriales\\\/wp-content\\\/uploads\\\/2022\\\/03\\\/cropped-logotipo-aplimedia.png\",\"contentUrl\":\"https:\\\/\\\/aplimedia.com\\\/tutoriales\\\/wp-content\\\/uploads\\\/2022\\\/03\\\/cropped-logotipo-aplimedia.png\",\"width\":2000,\"height\":658,\"caption\":\"Tutoriales de Secre\"},\"image\":{\"@id\":\"https:\\\/\\\/aplimedia.com\\\/tutoriales\\\/#\\\/schema\\\/logo\\\/image\\\/\"}}]}<\/script>\n<!-- \/ Yoast SEO plugin. -->","yoast_head_json":{"title":"Consultar los movimientos de almac\u00e9n de un art\u00edculo | Tutoriales de Secre","robots":{"index":"index","follow":"follow","max-snippet":"max-snippet:-1","max-image-preview":"max-image-preview:large","max-video-preview":"max-video-preview:-1"},"canonical":"https:\/\/aplimedia.com\/tutoriales\/articulos-stock-almacen\/consultar-movimientos-almacen\/","og_locale":"es_ES","og_type":"article","og_title":"Consultar los movimientos de almac\u00e9n de un art\u00edculo | Tutoriales de Secre","og_description":"Secre te permite consultar todos los movimientos de almac\u00e9n realizados con un art\u00edculo. Vamos a repasar los pasos para hacerlo. Paso 1 Desde la pantalla principal de Secre, ve al men\u00fa Herramientas&gt;Control de almac\u00e9n y producci\u00f3n. Accede a los filtros haciendo clic en el icono de la rueda dentada del men\u00fa superior. Paso 2 Selecciona [&hellip;]","og_url":"https:\/\/aplimedia.com\/tutoriales\/articulos-stock-almacen\/consultar-movimientos-almacen\/","og_site_name":"Tutoriales de Secre","article_modified_time":"2025-03-14T13:05:41+00:00","og_image":[{"width":889,"height":636,"url":"https:\/\/aplimedia.com\/tutoriales\/wp-content\/uploads\/2025\/03\/consultarmovimientosalmacen1.png","type":"image\/png"}],"twitter_card":"summary_large_image","twitter_misc":{"Tiempo de lectura":"2 minutos"},"schema":{"@context":"https:\/\/schema.org","@graph":[{"@type":"WebPage","@id":"https:\/\/aplimedia.com\/tutoriales\/articulos-stock-almacen\/consultar-movimientos-almacen\/","url":"https:\/\/aplimedia.com\/tutoriales\/articulos-stock-almacen\/consultar-movimientos-almacen\/","name":"Consultar los movimientos de almac\u00e9n de un art\u00edculo | Tutoriales de Secre","isPartOf":{"@id":"https:\/\/aplimedia.com\/tutoriales\/#website"},"primaryImageOfPage":{"@id":"https:\/\/aplimedia.com\/tutoriales\/articulos-stock-almacen\/consultar-movimientos-almacen\/#primaryimage"},"image":{"@id":"https:\/\/aplimedia.com\/tutoriales\/articulos-stock-almacen\/consultar-movimientos-almacen\/#primaryimage"},"thumbnailUrl":"https:\/\/aplimedia.com\/tutoriales\/wp-content\/uploads\/2025\/03\/consultarmovimientosalmacen1.png","datePublished":"2025-03-14T12:56:59+00:00","dateModified":"2025-03-14T13:05:41+00:00","breadcrumb":{"@id":"https:\/\/aplimedia.com\/tutoriales\/articulos-stock-almacen\/consultar-movimientos-almacen\/#breadcrumb"},"inLanguage":"es","potentialAction":[{"@type":"ReadAction","target":["https:\/\/aplimedia.com\/tutoriales\/articulos-stock-almacen\/consultar-movimientos-almacen\/"]}]},{"@type":"ImageObject","inLanguage":"es","@id":"https:\/\/aplimedia.com\/tutoriales\/articulos-stock-almacen\/consultar-movimientos-almacen\/#primaryimage","url":"https:\/\/aplimedia.com\/tutoriales\/wp-content\/uploads\/2025\/03\/consultarmovimientosalmacen1.png","contentUrl":"https:\/\/aplimedia.com\/tutoriales\/wp-content\/uploads\/2025\/03\/consultarmovimientosalmacen1.png"},{"@type":"BreadcrumbList","@id":"https:\/\/aplimedia.com\/tutoriales\/articulos-stock-almacen\/consultar-movimientos-almacen\/#breadcrumb","itemListElement":[{"@type":"ListItem","position":1,"name":"Tutoriales","item":"https:\/\/aplimedia.com\/tutoriales\/"},{"@type":"ListItem","position":2,"name":"Art\u00edculos, servicios, stock y almac\u00e9n","item":"https:\/\/aplimedia.com\/tutoriales\/articulos-stock-almacen\/"},{"@type":"ListItem","position":3,"name":"Consultar los movimientos de almac\u00e9n de un art\u00edculo"}]},{"@type":"WebSite","@id":"https:\/\/aplimedia.com\/tutoriales\/#website","url":"https:\/\/aplimedia.com\/tutoriales\/","name":"Tutoriales de Secre","description":"Tutoriales del software de gesti\u00f3n Secre","publisher":{"@id":"https:\/\/aplimedia.com\/tutoriales\/#organization"},"potentialAction":[{"@type":"SearchAction","target":{"@type":"EntryPoint","urlTemplate":"https:\/\/aplimedia.com\/tutoriales\/?s={search_term_string}"},"query-input":{"@type":"PropertyValueSpecification","valueRequired":true,"valueName":"search_term_string"}}],"inLanguage":"es"},{"@type":"Organization","@id":"https:\/\/aplimedia.com\/tutoriales\/#organization","name":"Tutoriales de Secre","url":"https:\/\/aplimedia.com\/tutoriales\/","logo":{"@type":"ImageObject","inLanguage":"es","@id":"https:\/\/aplimedia.com\/tutoriales\/#\/schema\/logo\/image\/","url":"https:\/\/aplimedia.com\/tutoriales\/wp-content\/uploads\/2022\/03\/cropped-logotipo-aplimedia.png","contentUrl":"https:\/\/aplimedia.com\/tutoriales\/wp-content\/uploads\/2022\/03\/cropped-logotipo-aplimedia.png","width":2000,"height":658,"caption":"Tutoriales de Secre"},"image":{"@id":"https:\/\/aplimedia.com\/tutoriales\/#\/schema\/logo\/image\/"}}]}},"_links":{"self":[{"href":"https:\/\/aplimedia.com\/tutoriales\/wp-json\/wp\/v2\/pages\/9520","targetHints":{"allow":["GET"]}}],"collection":[{"href":"https:\/\/aplimedia.com\/tutoriales\/wp-json\/wp\/v2\/pages"}],"about":[{"href":"https:\/\/aplimedia.com\/tutoriales\/wp-json\/wp\/v2\/types\/page"}],"author":[{"embeddable":true,"href":"https:\/\/aplimedia.com\/tutoriales\/wp-json\/wp\/v2\/users\/1"}],"replies":[{"embeddable":true,"href":"https:\/\/aplimedia.com\/tutoriales\/wp-json\/wp\/v2\/comments?post=9520"}],"version-history":[{"count":0,"href":"https:\/\/aplimedia.com\/tutoriales\/wp-json\/wp\/v2\/pages\/9520\/revisions"}],"up":[{"embeddable":true,"href":"https:\/\/aplimedia.com\/tutoriales\/wp-json\/wp\/v2\/pages\/1776"}],"wp:attachment":[{"href":"https:\/\/aplimedia.com\/tutoriales\/wp-json\/wp\/v2\/media?parent=9520"}],"curies":[{"name":"wp","href":"https:\/\/api.w.org\/{rel}","templated":true}]}}