{"id":5894,"date":"2023-02-03T13:32:13","date_gmt":"2023-02-03T13:32:13","guid":{"rendered":"https:\/\/aplimedia.com\/tutoriales\/?page_id=5894"},"modified":"2025-03-11T15:25:12","modified_gmt":"2025-03-11T15:25:12","slug":"comprobar-ticketbai","status":"publish","type":"page","link":"https:\/\/aplimedia.com\/tutoriales\/ticketbai\/comprobar-ticketbai\/","title":{"rendered":"C\u00f3mo comprobar que una factura ha generado TicketBAI"},"content":{"rendered":"\t\t<div data-elementor-type=\"wp-post\" data-elementor-id=\"5894\" class=\"elementor elementor-5894\" data-elementor-post-type=\"page\">\n\t\t\t\t\t\t<section class=\"elementor-section elementor-top-section elementor-element elementor-element-641ab75d elementor-section-stretched elementor-section-boxed elementor-section-height-default elementor-section-height-default\" data-id=\"641ab75d\" data-element_type=\"section\" data-e-type=\"section\" data-settings=\"{&quot;stretch_section&quot;:&quot;section-stretched&quot;}\">\n\t\t\t\t\t\t<div class=\"elementor-container elementor-column-gap-default\">\n\t\t\t\t\t<div class=\"elementor-column elementor-col-100 elementor-top-column elementor-element elementor-element-18f792e9\" data-id=\"18f792e9\" data-element_type=\"column\" data-e-type=\"column\">\n\t\t\t<div class=\"elementor-widget-wrap elementor-element-populated\">\n\t\t\t\t\t\t<div class=\"elementor-element elementor-element-283fec4 elementor-widget elementor-widget-text-editor\" data-id=\"283fec4\" data-element_type=\"widget\" data-e-type=\"widget\" data-widget_type=\"text-editor.default\">\n\t\t\t\t<div class=\"elementor-widget-container\">\n\t\t\t\t\t\t\t\t\t<p>Si tienes dudas acerca del funcionamiento de TicketBAI con Secre, te recomendamos leer primero el tutorial: <a href=\"https:\/\/aplimedia.com\/tutoriales\/ticketbai\/funcionamiento-secre-ticketbai\/\">Funcionamiento de Secre con TicketBAI<\/a>.<\/p>\t\t\t\t\t\t\t\t<\/div>\n\t\t\t\t<\/div>\n\t\t\t\t<div class=\"elementor-element elementor-element-36f620a1 elementor-widget elementor-widget-spacer\" data-id=\"36f620a1\" data-element_type=\"widget\" data-e-type=\"widget\" data-widget_type=\"spacer.default\">\n\t\t\t\t<div class=\"elementor-widget-container\">\n\t\t\t\t\t\t\t<div class=\"elementor-spacer\">\n\t\t\t<div class=\"elementor-spacer-inner\"><\/div>\n\t\t<\/div>\n\t\t\t\t\t\t<\/div>\n\t\t\t\t<\/div>\n\t\t\t\t<div class=\"elementor-element elementor-element-73060c53 elementor-widget elementor-widget-heading\" data-id=\"73060c53\" data-element_type=\"widget\" data-e-type=\"widget\" data-widget_type=\"heading.default\">\n\t\t\t\t<div class=\"elementor-widget-container\">\n\t\t\t\t\t<h2 class=\"elementor-heading-title elementor-size-default\">\u00bfC\u00f3mo s\u00e9 si una factura ha generado TicketBAI?<\/h2>\t\t\t\t<\/div>\n\t\t\t\t<\/div>\n\t\t\t\t<div class=\"elementor-element elementor-element-2ba85e3b elementor-widget elementor-widget-text-editor\" data-id=\"2ba85e3b\" data-element_type=\"widget\" data-e-type=\"widget\" data-widget_type=\"text-editor.default\">\n\t\t\t\t<div class=\"elementor-widget-container\">\n\t\t\t\t\t\t\t\t\t<p>En el m\u00f3dulo de ventas sabr\u00e1s que una venta ha generado TicketBai porque los campos<strong> fecha de factura, fecha de expedici\u00f3n y serie \/ numero de factura<\/strong> quedar\u00e1n <strong>bloqueados<\/strong> (adem\u00e1s de las l\u00edneas).<\/p><p>Adem\u00e1s, en la parte inferior ver\u00e1s escrito el<strong> ID-TBAI<\/strong>. Este es el identificador del fichero que se ha generado para hacienda.<\/p>\t\t\t\t\t\t\t\t<\/div>\n\t\t\t\t<\/div>\n\t\t\t\t<div class=\"elementor-element elementor-element-71e5c8d elementor-widget elementor-widget-image\" data-id=\"71e5c8d\" data-element_type=\"widget\" data-e-type=\"widget\" data-widget_type=\"image.default\">\n\t\t\t\t<div class=\"elementor-widget-container\">\n\t\t\t\t\t\t\t\t\t\t\t\t\t\t\t<img fetchpriority=\"high\" decoding=\"async\" width=\"1867\" height=\"942\" src=\"https:\/\/aplimedia.com\/tutoriales\/wp-content\/uploads\/2023\/02\/ID-TBAI.png\" class=\"attachment-full size-full wp-image-5899\" alt=\"\" srcset=\"https:\/\/aplimedia.com\/tutoriales\/wp-content\/uploads\/2023\/02\/ID-TBAI.png 1867w, https:\/\/aplimedia.com\/tutoriales\/wp-content\/uploads\/2023\/02\/ID-TBAI-300x151.png 300w, https:\/\/aplimedia.com\/tutoriales\/wp-content\/uploads\/2023\/02\/ID-TBAI-1024x517.png 1024w, https:\/\/aplimedia.com\/tutoriales\/wp-content\/uploads\/2023\/02\/ID-TBAI-768x387.png 768w, https:\/\/aplimedia.com\/tutoriales\/wp-content\/uploads\/2023\/02\/ID-TBAI-1536x775.png 1536w\" sizes=\"(max-width: 1867px) 100vw, 1867px\" \/>\t\t\t\t\t\t\t\t\t\t\t\t\t\t\t<\/div>\n\t\t\t\t<\/div>\n\t\t\t\t<div class=\"elementor-element elementor-element-ad9eb65 elementor-widget elementor-widget-heading\" data-id=\"ad9eb65\" data-element_type=\"widget\" data-e-type=\"widget\" data-widget_type=\"heading.default\">\n\t\t\t\t<div class=\"elementor-widget-container\">\n\t\t\t\t\t<h2 class=\"elementor-heading-title elementor-size-default\">\u00bfC\u00f3mo puedo comprobar que he creado TicketBai en todas mis facturas?<\/h2>\t\t\t\t<\/div>\n\t\t\t\t<\/div>\n\t\t\t\t<div class=\"elementor-element elementor-element-2568b93 elementor-widget elementor-widget-text-editor\" data-id=\"2568b93\" data-element_type=\"widget\" data-e-type=\"widget\" data-widget_type=\"text-editor.default\">\n\t\t\t\t<div class=\"elementor-widget-container\">\n\t\t\t\t\t\t\t\t\t<p>Accede al filtro de ventas y, en el men\u00fa superior, ve a la opci\u00f3n<em><strong> Herramientas &gt; Seleccionar campos a visualizar<\/strong><\/em>. Haz doble clic sobre el campo<strong> ID-TBAI<\/strong> para a\u00f1adirlo como una columna de tu listado.<\/p>\t\t\t\t\t\t\t\t<\/div>\n\t\t\t\t<\/div>\n\t\t\t\t<div class=\"elementor-element elementor-element-7af9a36 elementor-widget elementor-widget-image\" data-id=\"7af9a36\" data-element_type=\"widget\" data-e-type=\"widget\" data-widget_type=\"image.default\">\n\t\t\t\t<div class=\"elementor-widget-container\">\n\t\t\t\t\t\t\t\t\t\t\t\t\t\t\t<img decoding=\"async\" width=\"1867\" height=\"935\" src=\"https:\/\/aplimedia.com\/tutoriales\/wp-content\/uploads\/2023\/02\/t1.gif\" class=\"attachment-full size-full wp-image-5900\" alt=\"\" \/>\t\t\t\t\t\t\t\t\t\t\t\t\t\t\t<\/div>\n\t\t\t\t<\/div>\n\t\t\t\t<div class=\"elementor-element elementor-element-4ccc014 elementor-widget elementor-widget-text-editor\" data-id=\"4ccc014\" data-element_type=\"widget\" data-e-type=\"widget\" data-widget_type=\"text-editor.default\">\n\t\t\t\t<div class=\"elementor-widget-container\">\n\t\t\t\t\t\t\t\t\t<p>Puedes ejecutar un filtro de las facturas que has emitido en un periodo.\u00a0<\/p><p>En este ejemplo escojo solo un mes, pero t\u00fa puedes escoger el periodo que te interese.<\/p>\t\t\t\t\t\t\t\t<\/div>\n\t\t\t\t<\/div>\n\t\t\t\t<div class=\"elementor-element elementor-element-d872e1b elementor-widget elementor-widget-image\" data-id=\"d872e1b\" data-element_type=\"widget\" data-e-type=\"widget\" data-widget_type=\"image.default\">\n\t\t\t\t<div class=\"elementor-widget-container\">\n\t\t\t\t\t\t\t\t\t\t\t\t\t\t\t<img decoding=\"async\" width=\"2560\" height=\"1243\" src=\"https:\/\/aplimedia.com\/tutoriales\/wp-content\/uploads\/2023\/02\/t3-scaled.jpg\" class=\"attachment-full size-full wp-image-5901\" alt=\"\" srcset=\"https:\/\/aplimedia.com\/tutoriales\/wp-content\/uploads\/2023\/02\/t3-scaled.jpg 2560w, https:\/\/aplimedia.com\/tutoriales\/wp-content\/uploads\/2023\/02\/t3-300x146.jpg 300w, https:\/\/aplimedia.com\/tutoriales\/wp-content\/uploads\/2023\/02\/t3-1024x497.jpg 1024w, https:\/\/aplimedia.com\/tutoriales\/wp-content\/uploads\/2023\/02\/t3-768x373.jpg 768w, https:\/\/aplimedia.com\/tutoriales\/wp-content\/uploads\/2023\/02\/t3-1536x746.jpg 1536w, https:\/\/aplimedia.com\/tutoriales\/wp-content\/uploads\/2023\/02\/t3-2048x995.jpg 2048w\" sizes=\"(max-width: 2560px) 100vw, 2560px\" \/>\t\t\t\t\t\t\t\t\t\t\t\t\t\t\t<\/div>\n\t\t\t\t<\/div>\n\t\t\t\t<div class=\"elementor-element elementor-element-79764d2 elementor-widget elementor-widget-text-editor\" data-id=\"79764d2\" data-element_type=\"widget\" data-e-type=\"widget\" data-widget_type=\"text-editor.default\">\n\t\t\t\t<div class=\"elementor-widget-container\">\n\t\t\t\t\t\t\t\t\t<p>En el listado ver\u00e1s el<b> ID-TBAI<\/b>, si lo tiene es porque has generado TicketBai, si no es porque est\u00e1 pendiente de generar el TicketBai de esa factura. Si haces clic en la cabecera de la columna te agrupar\u00e1 las que no lo tengan generado.<\/p><p>Puedes acceder a estas ventas y, una vez modificada la fecha de expedici\u00f3n por la del d\u00eda de hoy, visualizar la factura para crear el TicketBai.<\/p>\t\t\t\t\t\t\t\t<\/div>\n\t\t\t\t<\/div>\n\t\t\t\t<div class=\"elementor-element elementor-element-49a811e elementor-widget elementor-widget-image\" data-id=\"49a811e\" data-element_type=\"widget\" data-e-type=\"widget\" data-widget_type=\"image.default\">\n\t\t\t\t<div class=\"elementor-widget-container\">\n\t\t\t\t\t\t\t\t\t\t\t\t\t\t\t<img loading=\"lazy\" decoding=\"async\" width=\"1867\" height=\"923\" src=\"https:\/\/aplimedia.com\/tutoriales\/wp-content\/uploads\/2023\/02\/t2.gif\" class=\"attachment-full size-full wp-image-5902\" alt=\"\" \/>\t\t\t\t\t\t\t\t\t\t\t\t\t\t\t<\/div>\n\t\t\t\t<\/div>\n\t\t\t\t<div class=\"elementor-element elementor-element-43f1da9 elementor-widget elementor-widget-text-editor\" data-id=\"43f1da9\" data-element_type=\"widget\" data-e-type=\"widget\" data-widget_type=\"text-editor.default\">\n\t\t\t\t<div class=\"elementor-widget-container\">\n\t\t\t\t\t\t\t\t\t<p>Una vez tengas todas generadas ya se podr\u00e1 enviar la informaci\u00f3n a hacienda:<\/p><ul><li><a href=\"https:\/\/aplimedia.com\/tutoriales\/ticketbai\/envio-ticketbai-bizkaia\/\">Env\u00edo de ficheros TicketBAI a Hacienda en Bizkaia<\/a>.<\/li><li><a href=\"https:\/\/aplimedia.com\/tutoriales\/ticketbai\/envio-ticketbai-alava-guipuzcoa\/\">Env\u00edo de ficheros TicketBAI a Hacienda en \u00c1lava y Guip\u00fazcoa<\/a>.<\/li><\/ul>\t\t\t\t\t\t\t\t<\/div>\n\t\t\t\t<\/div>\n\t\t\t\t<div class=\"elementor-element elementor-element-3755a8ef elementor-widget elementor-widget-spacer\" data-id=\"3755a8ef\" data-element_type=\"widget\" data-e-type=\"widget\" data-widget_type=\"spacer.default\">\n\t\t\t\t<div class=\"elementor-widget-container\">\n\t\t\t\t\t\t\t<div class=\"elementor-spacer\">\n\t\t\t<div class=\"elementor-spacer-inner\"><\/div>\n\t\t<\/div>\n\t\t\t\t\t\t<\/div>\n\t\t\t\t<\/div>\n\t\t\t\t\t<\/div>\n\t\t<\/div>\n\t\t\t\t\t<\/div>\n\t\t<\/section>\n\t\t\t\t<\/div>\n\t\t","protected":false},"excerpt":{"rendered":"<p>Si tienes dudas acerca del funcionamiento de TicketBAI con Secre, te recomendamos leer primero el tutorial: Funcionamiento de Secre con TicketBAI. \u00bfC\u00f3mo s\u00e9 si una factura ha generado TicketBAI? En el m\u00f3dulo de ventas sabr\u00e1s que una venta ha generado TicketBai porque los campos fecha de factura, fecha de expedici\u00f3n y serie \/ numero de [&hellip;]<\/p>\n","protected":false},"author":1,"featured_media":0,"parent":4249,"menu_order":0,"comment_status":"closed","ping_status":"closed","template":"","meta":{"footnotes":""},"class_list":["post-5894","page","type-page","status-publish","hentry"],"yoast_head":"<!-- This site is optimized with the Yoast SEO plugin v27.6 - https:\/\/yoast.com\/product\/yoast-seo-wordpress\/ -->\n<title>C\u00f3mo comprobar que una factura ha generado TicketBAI | Tutoriales de Secre<\/title>\n<meta name=\"robots\" content=\"index, follow, max-snippet:-1, max-image-preview:large, max-video-preview:-1\" \/>\n<link rel=\"canonical\" href=\"https:\/\/aplimedia.com\/tutoriales\/ticketbai\/comprobar-ticketbai\/\" \/>\n<meta property=\"og:locale\" content=\"es_ES\" \/>\n<meta property=\"og:type\" content=\"article\" \/>\n<meta property=\"og:title\" content=\"C\u00f3mo comprobar que una factura ha generado TicketBAI | Tutoriales de Secre\" \/>\n<meta property=\"og:description\" content=\"Si tienes dudas acerca del funcionamiento de TicketBAI con Secre, te recomendamos leer primero el tutorial: Funcionamiento de Secre con TicketBAI. \u00bfC\u00f3mo s\u00e9 si una factura ha generado TicketBAI? En el m\u00f3dulo de ventas sabr\u00e1s que una venta ha generado TicketBai porque los campos fecha de factura, fecha de expedici\u00f3n y serie \/ numero de [&hellip;]\" \/>\n<meta property=\"og:url\" content=\"https:\/\/aplimedia.com\/tutoriales\/ticketbai\/comprobar-ticketbai\/\" \/>\n<meta property=\"og:site_name\" content=\"Tutoriales de Secre\" \/>\n<meta property=\"article:modified_time\" content=\"2025-03-11T15:25:12+00:00\" \/>\n<meta property=\"og:image\" content=\"https:\/\/aplimedia.com\/tutoriales\/wp-content\/uploads\/2023\/02\/ID-TBAI.png\" \/>\n\t<meta property=\"og:image:width\" content=\"1867\" \/>\n\t<meta property=\"og:image:height\" content=\"942\" \/>\n\t<meta property=\"og:image:type\" content=\"image\/png\" \/>\n<meta name=\"twitter:card\" content=\"summary_large_image\" \/>\n<meta name=\"twitter:label1\" content=\"Tiempo de lectura\" \/>\n\t<meta name=\"twitter:data1\" content=\"2 minutos\" \/>\n<script type=\"application\/ld+json\" class=\"yoast-schema-graph\">{\"@context\":\"https:\\\/\\\/schema.org\",\"@graph\":[{\"@type\":\"WebPage\",\"@id\":\"https:\\\/\\\/aplimedia.com\\\/tutoriales\\\/ticketbai\\\/comprobar-ticketbai\\\/\",\"url\":\"https:\\\/\\\/aplimedia.com\\\/tutoriales\\\/ticketbai\\\/comprobar-ticketbai\\\/\",\"name\":\"C\u00f3mo comprobar que una factura ha generado TicketBAI | Tutoriales de Secre\",\"isPartOf\":{\"@id\":\"https:\\\/\\\/aplimedia.com\\\/tutoriales\\\/#website\"},\"primaryImageOfPage\":{\"@id\":\"https:\\\/\\\/aplimedia.com\\\/tutoriales\\\/ticketbai\\\/comprobar-ticketbai\\\/#primaryimage\"},\"image\":{\"@id\":\"https:\\\/\\\/aplimedia.com\\\/tutoriales\\\/ticketbai\\\/comprobar-ticketbai\\\/#primaryimage\"},\"thumbnailUrl\":\"https:\\\/\\\/aplimedia.com\\\/tutoriales\\\/wp-content\\\/uploads\\\/2023\\\/02\\\/ID-TBAI.png\",\"datePublished\":\"2023-02-03T13:32:13+00:00\",\"dateModified\":\"2025-03-11T15:25:12+00:00\",\"breadcrumb\":{\"@id\":\"https:\\\/\\\/aplimedia.com\\\/tutoriales\\\/ticketbai\\\/comprobar-ticketbai\\\/#breadcrumb\"},\"inLanguage\":\"es\",\"potentialAction\":[{\"@type\":\"ReadAction\",\"target\":[\"https:\\\/\\\/aplimedia.com\\\/tutoriales\\\/ticketbai\\\/comprobar-ticketbai\\\/\"]}]},{\"@type\":\"ImageObject\",\"inLanguage\":\"es\",\"@id\":\"https:\\\/\\\/aplimedia.com\\\/tutoriales\\\/ticketbai\\\/comprobar-ticketbai\\\/#primaryimage\",\"url\":\"https:\\\/\\\/aplimedia.com\\\/tutoriales\\\/wp-content\\\/uploads\\\/2023\\\/02\\\/ID-TBAI.png\",\"contentUrl\":\"https:\\\/\\\/aplimedia.com\\\/tutoriales\\\/wp-content\\\/uploads\\\/2023\\\/02\\\/ID-TBAI.png\",\"width\":1867,\"height\":942},{\"@type\":\"BreadcrumbList\",\"@id\":\"https:\\\/\\\/aplimedia.com\\\/tutoriales\\\/ticketbai\\\/comprobar-ticketbai\\\/#breadcrumb\",\"itemListElement\":[{\"@type\":\"ListItem\",\"position\":1,\"name\":\"Tutoriales\",\"item\":\"https:\\\/\\\/aplimedia.com\\\/tutoriales\\\/\"},{\"@type\":\"ListItem\",\"position\":2,\"name\":\"TicketBAI\",\"item\":\"https:\\\/\\\/aplimedia.com\\\/tutoriales\\\/ticketbai\\\/\"},{\"@type\":\"ListItem\",\"position\":3,\"name\":\"C\u00f3mo comprobar que una factura ha generado TicketBAI\"}]},{\"@type\":\"WebSite\",\"@id\":\"https:\\\/\\\/aplimedia.com\\\/tutoriales\\\/#website\",\"url\":\"https:\\\/\\\/aplimedia.com\\\/tutoriales\\\/\",\"name\":\"Tutoriales de Secre\",\"description\":\"Tutoriales del software de gesti\u00f3n Secre\",\"publisher\":{\"@id\":\"https:\\\/\\\/aplimedia.com\\\/tutoriales\\\/#organization\"},\"potentialAction\":[{\"@type\":\"SearchAction\",\"target\":{\"@type\":\"EntryPoint\",\"urlTemplate\":\"https:\\\/\\\/aplimedia.com\\\/tutoriales\\\/?s={search_term_string}\"},\"query-input\":{\"@type\":\"PropertyValueSpecification\",\"valueRequired\":true,\"valueName\":\"search_term_string\"}}],\"inLanguage\":\"es\"},{\"@type\":\"Organization\",\"@id\":\"https:\\\/\\\/aplimedia.com\\\/tutoriales\\\/#organization\",\"name\":\"Tutoriales de Secre\",\"url\":\"https:\\\/\\\/aplimedia.com\\\/tutoriales\\\/\",\"logo\":{\"@type\":\"ImageObject\",\"inLanguage\":\"es\",\"@id\":\"https:\\\/\\\/aplimedia.com\\\/tutoriales\\\/#\\\/schema\\\/logo\\\/image\\\/\",\"url\":\"https:\\\/\\\/aplimedia.com\\\/tutoriales\\\/wp-content\\\/uploads\\\/2022\\\/03\\\/cropped-logotipo-aplimedia.png\",\"contentUrl\":\"https:\\\/\\\/aplimedia.com\\\/tutoriales\\\/wp-content\\\/uploads\\\/2022\\\/03\\\/cropped-logotipo-aplimedia.png\",\"width\":2000,\"height\":658,\"caption\":\"Tutoriales de Secre\"},\"image\":{\"@id\":\"https:\\\/\\\/aplimedia.com\\\/tutoriales\\\/#\\\/schema\\\/logo\\\/image\\\/\"}}]}<\/script>\n<!-- \/ Yoast SEO plugin. -->","yoast_head_json":{"title":"C\u00f3mo comprobar que una factura ha generado TicketBAI | Tutoriales de Secre","robots":{"index":"index","follow":"follow","max-snippet":"max-snippet:-1","max-image-preview":"max-image-preview:large","max-video-preview":"max-video-preview:-1"},"canonical":"https:\/\/aplimedia.com\/tutoriales\/ticketbai\/comprobar-ticketbai\/","og_locale":"es_ES","og_type":"article","og_title":"C\u00f3mo comprobar que una factura ha generado TicketBAI | Tutoriales de Secre","og_description":"Si tienes dudas acerca del funcionamiento de TicketBAI con Secre, te recomendamos leer primero el tutorial: Funcionamiento de Secre con TicketBAI. \u00bfC\u00f3mo s\u00e9 si una factura ha generado TicketBAI? En el m\u00f3dulo de ventas sabr\u00e1s que una venta ha generado TicketBai porque los campos fecha de factura, fecha de expedici\u00f3n y serie \/ numero de [&hellip;]","og_url":"https:\/\/aplimedia.com\/tutoriales\/ticketbai\/comprobar-ticketbai\/","og_site_name":"Tutoriales de Secre","article_modified_time":"2025-03-11T15:25:12+00:00","og_image":[{"width":1867,"height":942,"url":"https:\/\/aplimedia.com\/tutoriales\/wp-content\/uploads\/2023\/02\/ID-TBAI.png","type":"image\/png"}],"twitter_card":"summary_large_image","twitter_misc":{"Tiempo de lectura":"2 minutos"},"schema":{"@context":"https:\/\/schema.org","@graph":[{"@type":"WebPage","@id":"https:\/\/aplimedia.com\/tutoriales\/ticketbai\/comprobar-ticketbai\/","url":"https:\/\/aplimedia.com\/tutoriales\/ticketbai\/comprobar-ticketbai\/","name":"C\u00f3mo comprobar que una factura ha generado TicketBAI | Tutoriales de Secre","isPartOf":{"@id":"https:\/\/aplimedia.com\/tutoriales\/#website"},"primaryImageOfPage":{"@id":"https:\/\/aplimedia.com\/tutoriales\/ticketbai\/comprobar-ticketbai\/#primaryimage"},"image":{"@id":"https:\/\/aplimedia.com\/tutoriales\/ticketbai\/comprobar-ticketbai\/#primaryimage"},"thumbnailUrl":"https:\/\/aplimedia.com\/tutoriales\/wp-content\/uploads\/2023\/02\/ID-TBAI.png","datePublished":"2023-02-03T13:32:13+00:00","dateModified":"2025-03-11T15:25:12+00:00","breadcrumb":{"@id":"https:\/\/aplimedia.com\/tutoriales\/ticketbai\/comprobar-ticketbai\/#breadcrumb"},"inLanguage":"es","potentialAction":[{"@type":"ReadAction","target":["https:\/\/aplimedia.com\/tutoriales\/ticketbai\/comprobar-ticketbai\/"]}]},{"@type":"ImageObject","inLanguage":"es","@id":"https:\/\/aplimedia.com\/tutoriales\/ticketbai\/comprobar-ticketbai\/#primaryimage","url":"https:\/\/aplimedia.com\/tutoriales\/wp-content\/uploads\/2023\/02\/ID-TBAI.png","contentUrl":"https:\/\/aplimedia.com\/tutoriales\/wp-content\/uploads\/2023\/02\/ID-TBAI.png","width":1867,"height":942},{"@type":"BreadcrumbList","@id":"https:\/\/aplimedia.com\/tutoriales\/ticketbai\/comprobar-ticketbai\/#breadcrumb","itemListElement":[{"@type":"ListItem","position":1,"name":"Tutoriales","item":"https:\/\/aplimedia.com\/tutoriales\/"},{"@type":"ListItem","position":2,"name":"TicketBAI","item":"https:\/\/aplimedia.com\/tutoriales\/ticketbai\/"},{"@type":"ListItem","position":3,"name":"C\u00f3mo comprobar que una factura ha generado TicketBAI"}]},{"@type":"WebSite","@id":"https:\/\/aplimedia.com\/tutoriales\/#website","url":"https:\/\/aplimedia.com\/tutoriales\/","name":"Tutoriales de Secre","description":"Tutoriales del software de gesti\u00f3n Secre","publisher":{"@id":"https:\/\/aplimedia.com\/tutoriales\/#organization"},"potentialAction":[{"@type":"SearchAction","target":{"@type":"EntryPoint","urlTemplate":"https:\/\/aplimedia.com\/tutoriales\/?s={search_term_string}"},"query-input":{"@type":"PropertyValueSpecification","valueRequired":true,"valueName":"search_term_string"}}],"inLanguage":"es"},{"@type":"Organization","@id":"https:\/\/aplimedia.com\/tutoriales\/#organization","name":"Tutoriales de Secre","url":"https:\/\/aplimedia.com\/tutoriales\/","logo":{"@type":"ImageObject","inLanguage":"es","@id":"https:\/\/aplimedia.com\/tutoriales\/#\/schema\/logo\/image\/","url":"https:\/\/aplimedia.com\/tutoriales\/wp-content\/uploads\/2022\/03\/cropped-logotipo-aplimedia.png","contentUrl":"https:\/\/aplimedia.com\/tutoriales\/wp-content\/uploads\/2022\/03\/cropped-logotipo-aplimedia.png","width":2000,"height":658,"caption":"Tutoriales de Secre"},"image":{"@id":"https:\/\/aplimedia.com\/tutoriales\/#\/schema\/logo\/image\/"}}]}},"_links":{"self":[{"href":"https:\/\/aplimedia.com\/tutoriales\/wp-json\/wp\/v2\/pages\/5894","targetHints":{"allow":["GET"]}}],"collection":[{"href":"https:\/\/aplimedia.com\/tutoriales\/wp-json\/wp\/v2\/pages"}],"about":[{"href":"https:\/\/aplimedia.com\/tutoriales\/wp-json\/wp\/v2\/types\/page"}],"author":[{"embeddable":true,"href":"https:\/\/aplimedia.com\/tutoriales\/wp-json\/wp\/v2\/users\/1"}],"replies":[{"embeddable":true,"href":"https:\/\/aplimedia.com\/tutoriales\/wp-json\/wp\/v2\/comments?post=5894"}],"version-history":[{"count":0,"href":"https:\/\/aplimedia.com\/tutoriales\/wp-json\/wp\/v2\/pages\/5894\/revisions"}],"up":[{"embeddable":true,"href":"https:\/\/aplimedia.com\/tutoriales\/wp-json\/wp\/v2\/pages\/4249"}],"wp:attachment":[{"href":"https:\/\/aplimedia.com\/tutoriales\/wp-json\/wp\/v2\/media?parent=5894"}],"curies":[{"name":"wp","href":"https:\/\/api.w.org\/{rel}","templated":true}]}}