{"id":4756,"date":"2022-11-30T15:18:33","date_gmt":"2022-11-30T15:18:33","guid":{"rendered":"https:\/\/aplimedia.com\/tutoriales\/?page_id=4756"},"modified":"2025-03-11T15:05:02","modified_gmt":"2025-03-11T15:05:02","slug":"registrar-matriculas","status":"publish","type":"page","link":"https:\/\/aplimedia.com\/tutoriales\/talleres\/registrar-matriculas\/","title":{"rendered":"Registrar las matr\u00edculas de un cliente e hist\u00f3rico de reparaciones"},"content":{"rendered":"\t\t<div data-elementor-type=\"wp-post\" data-elementor-id=\"4756\" class=\"elementor elementor-4756\" data-elementor-post-type=\"page\">\n\t\t\t\t\t\t<section class=\"elementor-section elementor-top-section elementor-element elementor-element-4594cb3e elementor-section-stretched elementor-section-boxed elementor-section-height-default elementor-section-height-default\" data-id=\"4594cb3e\" data-element_type=\"section\" data-e-type=\"section\" data-settings=\"{&quot;stretch_section&quot;:&quot;section-stretched&quot;}\">\n\t\t\t\t\t\t<div class=\"elementor-container elementor-column-gap-default\">\n\t\t\t\t\t<div class=\"elementor-column elementor-col-100 elementor-top-column elementor-element elementor-element-53a1879d\" data-id=\"53a1879d\" data-element_type=\"column\" data-e-type=\"column\">\n\t\t\t<div class=\"elementor-widget-wrap elementor-element-populated\">\n\t\t\t\t\t\t<div class=\"elementor-element elementor-element-186f29e2 elementor-widget elementor-widget-text-editor\" data-id=\"186f29e2\" data-element_type=\"widget\" data-e-type=\"widget\" data-widget_type=\"text-editor.default\">\n\t\t\t\t<div class=\"elementor-widget-container\">\n\t\t\t\t\t\t\t\t\t<p>Para poder registrar matriculas o m\u00e1quinas de un cliente es necesario activar el m\u00f3dulo de talleres y dar de alta al cliente, si es que todav\u00eda no le has dado de alta. Si a\u00fan no sabes c\u00f3mo hacerlo puedes seguir los siguientes tutoriales:<\/p><ul><li><a href=\"https:\/\/aplimedia.com\/tutoriales\/talleres\/activar-el-modulo-de-talleres\/\">Activar el m\u00f3dulo de talleres<\/a>.<\/li><li><a href=\"https:\/\/aplimedia.com\/tutoriales\/primeros-pasos\/dar-de-alta-un-nuevo-cliente\/\">Dar de alta un nuevo cliente<\/a>.<\/li><\/ul>\t\t\t\t\t\t\t\t<\/div>\n\t\t\t\t<\/div>\n\t\t\t\t<div class=\"elementor-element elementor-element-63111f3 elementor-widget elementor-widget-text-editor\" data-id=\"63111f3\" data-element_type=\"widget\" data-e-type=\"widget\" data-widget_type=\"text-editor.default\">\n\t\t\t\t<div class=\"elementor-widget-container\">\n\t\t\t\t\t\t\t\t\t<p>Una vez tengamos el cliente creado, nos situamos en su ficha y vamos a <em><strong>Ver &gt; Veh\u00edculos de este cliente<\/strong><\/em>:<\/p>\t\t\t\t\t\t\t\t<\/div>\n\t\t\t\t<\/div>\n\t\t\t\t<div class=\"elementor-element elementor-element-2d4d599 elementor-widget elementor-widget-image\" data-id=\"2d4d599\" data-element_type=\"widget\" data-e-type=\"widget\" data-widget_type=\"image.default\">\n\t\t\t\t<div class=\"elementor-widget-container\">\n\t\t\t\t\t\t\t\t\t\t\t\t\t\t\t<img fetchpriority=\"high\" decoding=\"async\" width=\"1910\" height=\"989\" src=\"https:\/\/aplimedia.com\/tutoriales\/wp-content\/uploads\/2022\/11\/matri1.gif\" class=\"attachment-full size-full wp-image-4758\" alt=\"\" \/>\t\t\t\t\t\t\t\t\t\t\t\t\t\t\t<\/div>\n\t\t\t\t<\/div>\n\t\t\t\t<div class=\"elementor-element elementor-element-b33eb02 elementor-widget elementor-widget-text-editor\" data-id=\"b33eb02\" data-element_type=\"widget\" data-e-type=\"widget\" data-widget_type=\"text-editor.default\">\n\t\t\t\t<div class=\"elementor-widget-container\">\n\t\t\t\t\t\t\t\t\t<p>En la pantalla de registro de matr\u00edculas podemos dar de alta el veh\u00edculo o m\u00e1quina con los datos m\u00e1s relevantes: matricula, modelo, alguna nota particular\u2026<\/p><p>Para dar de alta una matr\u00edcula o m\u00e1quina hacemos clic en el icono de la hoja de \u201cnuevo\u201d para vaciar la pantalla y comenzar a registrar datos.\u00a0<\/p><p>Cuando hayamos rellenado los datos pinchamos en el icono del disquette para guardar:<\/p>\t\t\t\t\t\t\t\t<\/div>\n\t\t\t\t<\/div>\n\t\t\t\t<div class=\"elementor-element elementor-element-ae6999e elementor-widget elementor-widget-image\" data-id=\"ae6999e\" data-element_type=\"widget\" data-e-type=\"widget\" data-widget_type=\"image.default\">\n\t\t\t\t<div class=\"elementor-widget-container\">\n\t\t\t\t\t\t\t\t\t\t\t\t\t\t\t<img decoding=\"async\" width=\"955\" height=\"347\" src=\"https:\/\/aplimedia.com\/tutoriales\/wp-content\/uploads\/2022\/11\/matri2.jpg\" class=\"attachment-large size-large wp-image-4760\" alt=\"\" srcset=\"https:\/\/aplimedia.com\/tutoriales\/wp-content\/uploads\/2022\/11\/matri2.jpg 955w, https:\/\/aplimedia.com\/tutoriales\/wp-content\/uploads\/2022\/11\/matri2-300x109.jpg 300w, https:\/\/aplimedia.com\/tutoriales\/wp-content\/uploads\/2022\/11\/matri2-768x279.jpg 768w\" sizes=\"(max-width: 955px) 100vw, 955px\" \/>\t\t\t\t\t\t\t\t\t\t\t\t\t\t\t<\/div>\n\t\t\t\t<\/div>\n\t\t\t\t<div class=\"elementor-element elementor-element-5eba33f elementor-widget elementor-widget-text-editor\" data-id=\"5eba33f\" data-element_type=\"widget\" data-e-type=\"widget\" data-widget_type=\"text-editor.default\">\n\t\t\t\t<div class=\"elementor-widget-container\">\n\t\t\t\t\t\t\t\t\t<p>A la hora de guardar aseg\u00farate de que los veh\u00edculos figuran como registro \u201c<strong>activo<\/strong>\u201d, esto es para indicarle a Secre con que veh\u00edculos opera el cliente de forma actualizada sin tener que eliminar los antiguos.\u00a0<\/p><p>Podr\u00e1s trabajar sobre cualquier veh\u00edculo \u201cactivo\u201d.<\/p>\t\t\t\t\t\t\t\t<\/div>\n\t\t\t\t<\/div>\n\t\t\t\t<div class=\"elementor-element elementor-element-8d16822 elementor-widget elementor-widget-image\" data-id=\"8d16822\" data-element_type=\"widget\" data-e-type=\"widget\" data-widget_type=\"image.default\">\n\t\t\t\t<div class=\"elementor-widget-container\">\n\t\t\t\t\t\t\t\t\t\t\t\t\t\t\t<img decoding=\"async\" width=\"1910\" height=\"989\" src=\"https:\/\/aplimedia.com\/tutoriales\/wp-content\/uploads\/2022\/11\/matri1.5.gif\" class=\"attachment-full size-full wp-image-4759\" alt=\"\" \/>\t\t\t\t\t\t\t\t\t\t\t\t\t\t\t<\/div>\n\t\t\t\t<\/div>\n\t\t\t\t<div class=\"elementor-element elementor-element-273c29d elementor-widget elementor-widget-text-editor\" data-id=\"273c29d\" data-element_type=\"widget\" data-e-type=\"widget\" data-widget_type=\"text-editor.default\">\n\t\t\t\t<div class=\"elementor-widget-container\">\n\t\t\t\t\t\t\t\t\t<p>Tambi\u00e9n dispones de la opci\u00f3n de crear m\u00e1s campos de informaci\u00f3n sobre el veh\u00edculo si crees que los puedes necesitar. Abre el desplegable de tipo y asigna un nombre a la nueva clasificaci\u00f3n que vayas a crear (por ejemplo: DATOS)<\/p><p><br \/>Dentro de esta clasificaci\u00f3n puedes hacer clic derecho sobre la caracter\u00edstica que quieras renombrar, le cambias el nombre e introduces el dato y cuando lo tengas como quieres le das a aceptar.<\/p>\t\t\t\t\t\t\t\t<\/div>\n\t\t\t\t<\/div>\n\t\t\t\t<div class=\"elementor-element elementor-element-d4017b6 elementor-widget elementor-widget-image\" data-id=\"d4017b6\" data-element_type=\"widget\" data-e-type=\"widget\" data-widget_type=\"image.default\">\n\t\t\t\t<div class=\"elementor-widget-container\">\n\t\t\t\t\t\t\t\t\t\t\t\t\t\t\t<img loading=\"lazy\" decoding=\"async\" width=\"1500\" height=\"602\" src=\"https:\/\/aplimedia.com\/tutoriales\/wp-content\/uploads\/2022\/11\/matri3.jpg\" class=\"attachment-full size-full wp-image-4761\" alt=\"\" srcset=\"https:\/\/aplimedia.com\/tutoriales\/wp-content\/uploads\/2022\/11\/matri3.jpg 1500w, https:\/\/aplimedia.com\/tutoriales\/wp-content\/uploads\/2022\/11\/matri3-300x120.jpg 300w, https:\/\/aplimedia.com\/tutoriales\/wp-content\/uploads\/2022\/11\/matri3-1024x411.jpg 1024w, https:\/\/aplimedia.com\/tutoriales\/wp-content\/uploads\/2022\/11\/matri3-768x308.jpg 768w\" sizes=\"(max-width: 1500px) 100vw, 1500px\" \/>\t\t\t\t\t\t\t\t\t\t\t\t\t\t\t<\/div>\n\t\t\t\t<\/div>\n\t\t\t\t<div class=\"elementor-element elementor-element-db5a014 elementor-widget elementor-widget-text-editor\" data-id=\"db5a014\" data-element_type=\"widget\" data-e-type=\"widget\" data-widget_type=\"text-editor.default\">\n\t\t\t\t<div class=\"elementor-widget-container\">\n\t\t\t\t\t\t\t\t\t<p>Una vez registradas las matr\u00edculas de un cliente ya podremos trabajar con ellas.<\/p>\t\t\t\t\t\t\t\t<\/div>\n\t\t\t\t<\/div>\n\t\t\t\t<div class=\"elementor-element elementor-element-75191bb elementor-widget elementor-widget-heading\" data-id=\"75191bb\" data-element_type=\"widget\" data-e-type=\"widget\" data-widget_type=\"heading.default\">\n\t\t\t\t<div class=\"elementor-widget-container\">\n\t\t\t\t\t<h2 class=\"elementor-heading-title elementor-size-default\">Otras utilidades de la pantalla de veh\u00edculos<\/h2>\t\t\t\t<\/div>\n\t\t\t\t<\/div>\n\t\t\t\t<div class=\"elementor-element elementor-element-8b21393 elementor-widget elementor-widget-text-editor\" data-id=\"8b21393\" data-element_type=\"widget\" data-e-type=\"widget\" data-widget_type=\"text-editor.default\">\n\t\t\t\t<div class=\"elementor-widget-container\">\n\t\t\t\t\t\t\t\t\t<p><strong>Hist\u00f3rico de reparaciones<\/strong>:<\/p><p>Suponiendo que ya hayas hecho alg\u00fan trabajo en relaci\u00f3n con una matr\u00edcula puedes ver su hist\u00f3rico de reparaciones seleccionando el veh\u00edculo en cuesti\u00f3n y pinchando en el icono de hist\u00f3rico. Este te mostrar\u00e1 un breve resumen de cada venta que tengas relacionada a esta matricula.<\/p>\t\t\t\t\t\t\t\t<\/div>\n\t\t\t\t<\/div>\n\t\t\t\t<div class=\"elementor-element elementor-element-57a6827 elementor-widget elementor-widget-image\" data-id=\"57a6827\" data-element_type=\"widget\" data-e-type=\"widget\" data-widget_type=\"image.default\">\n\t\t\t\t<div class=\"elementor-widget-container\">\n\t\t\t\t\t\t\t\t\t\t\t\t\t\t\t<img loading=\"lazy\" decoding=\"async\" width=\"1024\" height=\"415\" src=\"https:\/\/aplimedia.com\/tutoriales\/wp-content\/uploads\/2022\/11\/matri4-1024x415.jpg\" class=\"attachment-large size-large wp-image-4762\" alt=\"\" srcset=\"https:\/\/aplimedia.com\/tutoriales\/wp-content\/uploads\/2022\/11\/matri4-1024x415.jpg 1024w, https:\/\/aplimedia.com\/tutoriales\/wp-content\/uploads\/2022\/11\/matri4-300x122.jpg 300w, https:\/\/aplimedia.com\/tutoriales\/wp-content\/uploads\/2022\/11\/matri4-768x312.jpg 768w, https:\/\/aplimedia.com\/tutoriales\/wp-content\/uploads\/2022\/11\/matri4.jpg 1496w\" sizes=\"(max-width: 1024px) 100vw, 1024px\" \/>\t\t\t\t\t\t\t\t\t\t\t\t\t\t\t<\/div>\n\t\t\t\t<\/div>\n\t\t\t\t<div class=\"elementor-element elementor-element-79ad72e elementor-widget elementor-widget-text-editor\" data-id=\"79ad72e\" data-element_type=\"widget\" data-e-type=\"widget\" data-widget_type=\"text-editor.default\">\n\t\t\t\t<div class=\"elementor-widget-container\">\n\t\t\t\t\t\t\t\t\t<p><strong>Filtro de matr\u00edculas<\/strong>:<\/p><p>Se pueden filtrar todas las matr\u00edculas que tengas creadas desde el filtro, normalmente est\u00e1 seleccionado por defecto el cliente desde el que has accedido a la pantalla. Por esto solo aparecer\u00e1n sus matriculas, pero tienes la opci\u00f3n de sacar un listado de matr\u00edculas seleccionando los criterios que te interesen.<\/p>\t\t\t\t\t\t\t\t<\/div>\n\t\t\t\t<\/div>\n\t\t\t\t<div class=\"elementor-element elementor-element-e1cddbd elementor-widget elementor-widget-image\" data-id=\"e1cddbd\" data-element_type=\"widget\" data-e-type=\"widget\" data-widget_type=\"image.default\">\n\t\t\t\t<div class=\"elementor-widget-container\">\n\t\t\t\t\t\t\t\t\t\t\t\t\t\t\t<img loading=\"lazy\" decoding=\"async\" width=\"1339\" height=\"667\" src=\"https:\/\/aplimedia.com\/tutoriales\/wp-content\/uploads\/2022\/11\/matri5.gif\" class=\"attachment-full size-full wp-image-4763\" alt=\"\" \/>\t\t\t\t\t\t\t\t\t\t\t\t\t\t\t<\/div>\n\t\t\t\t<\/div>\n\t\t\t\t<div class=\"elementor-element elementor-element-2acd91e elementor-widget elementor-widget-spacer\" data-id=\"2acd91e\" data-element_type=\"widget\" data-e-type=\"widget\" data-widget_type=\"spacer.default\">\n\t\t\t\t<div class=\"elementor-widget-container\">\n\t\t\t\t\t\t\t<div class=\"elementor-spacer\">\n\t\t\t<div class=\"elementor-spacer-inner\"><\/div>\n\t\t<\/div>\n\t\t\t\t\t\t<\/div>\n\t\t\t\t<\/div>\n\t\t\t\t\t<\/div>\n\t\t<\/div>\n\t\t\t\t\t<\/div>\n\t\t<\/section>\n\t\t\t\t<\/div>\n\t\t","protected":false},"excerpt":{"rendered":"<p>Para poder registrar matriculas o m\u00e1quinas de un cliente es necesario activar el m\u00f3dulo de talleres y dar de alta al cliente, si es que todav\u00eda no le has dado de alta. Si a\u00fan no sabes c\u00f3mo hacerlo puedes seguir los siguientes tutoriales: Activar el m\u00f3dulo de talleres. Dar de alta un nuevo cliente. Una [&hellip;]<\/p>\n","protected":false},"author":1,"featured_media":0,"parent":4729,"menu_order":0,"comment_status":"closed","ping_status":"closed","template":"","meta":{"footnotes":""},"class_list":["post-4756","page","type-page","status-publish","hentry"],"yoast_head":"<!-- This site is optimized with the Yoast SEO plugin v27.5 - https:\/\/yoast.com\/product\/yoast-seo-wordpress\/ -->\n<title>Registrar las matr\u00edculas de un cliente e hist\u00f3rico de reparaciones | Tutoriales de Secre<\/title>\n<meta name=\"robots\" content=\"index, follow, max-snippet:-1, max-image-preview:large, max-video-preview:-1\" \/>\n<link rel=\"canonical\" href=\"https:\/\/aplimedia.com\/tutoriales\/talleres\/registrar-matriculas\/\" \/>\n<meta property=\"og:locale\" content=\"es_ES\" \/>\n<meta property=\"og:type\" content=\"article\" \/>\n<meta property=\"og:title\" content=\"Registrar las matr\u00edculas de un cliente e hist\u00f3rico de reparaciones | Tutoriales de Secre\" \/>\n<meta property=\"og:description\" content=\"Para poder registrar matriculas o m\u00e1quinas de un cliente es necesario activar el m\u00f3dulo de talleres y dar de alta al cliente, si es que todav\u00eda no le has dado de alta. Si a\u00fan no sabes c\u00f3mo hacerlo puedes seguir los siguientes tutoriales: Activar el m\u00f3dulo de talleres. Dar de alta un nuevo cliente. Una [&hellip;]\" \/>\n<meta property=\"og:url\" content=\"https:\/\/aplimedia.com\/tutoriales\/talleres\/registrar-matriculas\/\" \/>\n<meta property=\"og:site_name\" content=\"Tutoriales de Secre\" \/>\n<meta property=\"article:modified_time\" content=\"2025-03-11T15:05:02+00:00\" \/>\n<meta property=\"og:image\" content=\"https:\/\/aplimedia.com\/tutoriales\/wp-content\/uploads\/2022\/11\/matri1.gif\" \/>\n\t<meta property=\"og:image:width\" content=\"1910\" \/>\n\t<meta property=\"og:image:height\" content=\"989\" \/>\n\t<meta property=\"og:image:type\" content=\"image\/gif\" \/>\n<meta name=\"twitter:card\" content=\"summary_large_image\" \/>\n<meta name=\"twitter:label1\" content=\"Tiempo de lectura\" \/>\n\t<meta name=\"twitter:data1\" content=\"3 minutos\" \/>\n<script type=\"application\/ld+json\" class=\"yoast-schema-graph\">{\"@context\":\"https:\\\/\\\/schema.org\",\"@graph\":[{\"@type\":\"WebPage\",\"@id\":\"https:\\\/\\\/aplimedia.com\\\/tutoriales\\\/talleres\\\/registrar-matriculas\\\/\",\"url\":\"https:\\\/\\\/aplimedia.com\\\/tutoriales\\\/talleres\\\/registrar-matriculas\\\/\",\"name\":\"Registrar las matr\u00edculas de un cliente e hist\u00f3rico de reparaciones | Tutoriales de Secre\",\"isPartOf\":{\"@id\":\"https:\\\/\\\/aplimedia.com\\\/tutoriales\\\/#website\"},\"primaryImageOfPage\":{\"@id\":\"https:\\\/\\\/aplimedia.com\\\/tutoriales\\\/talleres\\\/registrar-matriculas\\\/#primaryimage\"},\"image\":{\"@id\":\"https:\\\/\\\/aplimedia.com\\\/tutoriales\\\/talleres\\\/registrar-matriculas\\\/#primaryimage\"},\"thumbnailUrl\":\"https:\\\/\\\/aplimedia.com\\\/tutoriales\\\/wp-content\\\/uploads\\\/2022\\\/11\\\/matri1.gif\",\"datePublished\":\"2022-11-30T15:18:33+00:00\",\"dateModified\":\"2025-03-11T15:05:02+00:00\",\"breadcrumb\":{\"@id\":\"https:\\\/\\\/aplimedia.com\\\/tutoriales\\\/talleres\\\/registrar-matriculas\\\/#breadcrumb\"},\"inLanguage\":\"es\",\"potentialAction\":[{\"@type\":\"ReadAction\",\"target\":[\"https:\\\/\\\/aplimedia.com\\\/tutoriales\\\/talleres\\\/registrar-matriculas\\\/\"]}]},{\"@type\":\"ImageObject\",\"inLanguage\":\"es\",\"@id\":\"https:\\\/\\\/aplimedia.com\\\/tutoriales\\\/talleres\\\/registrar-matriculas\\\/#primaryimage\",\"url\":\"https:\\\/\\\/aplimedia.com\\\/tutoriales\\\/wp-content\\\/uploads\\\/2022\\\/11\\\/matri1.gif\",\"contentUrl\":\"https:\\\/\\\/aplimedia.com\\\/tutoriales\\\/wp-content\\\/uploads\\\/2022\\\/11\\\/matri1.gif\",\"width\":1910,\"height\":989},{\"@type\":\"BreadcrumbList\",\"@id\":\"https:\\\/\\\/aplimedia.com\\\/tutoriales\\\/talleres\\\/registrar-matriculas\\\/#breadcrumb\",\"itemListElement\":[{\"@type\":\"ListItem\",\"position\":1,\"name\":\"Tutoriales\",\"item\":\"https:\\\/\\\/aplimedia.com\\\/tutoriales\\\/\"},{\"@type\":\"ListItem\",\"position\":2,\"name\":\"Talleres\",\"item\":\"https:\\\/\\\/aplimedia.com\\\/tutoriales\\\/talleres\\\/\"},{\"@type\":\"ListItem\",\"position\":3,\"name\":\"Registrar las matr\u00edculas de un cliente e hist\u00f3rico de reparaciones\"}]},{\"@type\":\"WebSite\",\"@id\":\"https:\\\/\\\/aplimedia.com\\\/tutoriales\\\/#website\",\"url\":\"https:\\\/\\\/aplimedia.com\\\/tutoriales\\\/\",\"name\":\"Tutoriales de Secre\",\"description\":\"Tutoriales del software de gesti\u00f3n Secre\",\"publisher\":{\"@id\":\"https:\\\/\\\/aplimedia.com\\\/tutoriales\\\/#organization\"},\"potentialAction\":[{\"@type\":\"SearchAction\",\"target\":{\"@type\":\"EntryPoint\",\"urlTemplate\":\"https:\\\/\\\/aplimedia.com\\\/tutoriales\\\/?s={search_term_string}\"},\"query-input\":{\"@type\":\"PropertyValueSpecification\",\"valueRequired\":true,\"valueName\":\"search_term_string\"}}],\"inLanguage\":\"es\"},{\"@type\":\"Organization\",\"@id\":\"https:\\\/\\\/aplimedia.com\\\/tutoriales\\\/#organization\",\"name\":\"Tutoriales de Secre\",\"url\":\"https:\\\/\\\/aplimedia.com\\\/tutoriales\\\/\",\"logo\":{\"@type\":\"ImageObject\",\"inLanguage\":\"es\",\"@id\":\"https:\\\/\\\/aplimedia.com\\\/tutoriales\\\/#\\\/schema\\\/logo\\\/image\\\/\",\"url\":\"https:\\\/\\\/aplimedia.com\\\/tutoriales\\\/wp-content\\\/uploads\\\/2022\\\/03\\\/cropped-logotipo-aplimedia.png\",\"contentUrl\":\"https:\\\/\\\/aplimedia.com\\\/tutoriales\\\/wp-content\\\/uploads\\\/2022\\\/03\\\/cropped-logotipo-aplimedia.png\",\"width\":2000,\"height\":658,\"caption\":\"Tutoriales de Secre\"},\"image\":{\"@id\":\"https:\\\/\\\/aplimedia.com\\\/tutoriales\\\/#\\\/schema\\\/logo\\\/image\\\/\"}}]}<\/script>\n<!-- \/ Yoast SEO plugin. -->","yoast_head_json":{"title":"Registrar las matr\u00edculas de un cliente e hist\u00f3rico de reparaciones | Tutoriales de Secre","robots":{"index":"index","follow":"follow","max-snippet":"max-snippet:-1","max-image-preview":"max-image-preview:large","max-video-preview":"max-video-preview:-1"},"canonical":"https:\/\/aplimedia.com\/tutoriales\/talleres\/registrar-matriculas\/","og_locale":"es_ES","og_type":"article","og_title":"Registrar las matr\u00edculas de un cliente e hist\u00f3rico de reparaciones | Tutoriales de Secre","og_description":"Para poder registrar matriculas o m\u00e1quinas de un cliente es necesario activar el m\u00f3dulo de talleres y dar de alta al cliente, si es que todav\u00eda no le has dado de alta. Si a\u00fan no sabes c\u00f3mo hacerlo puedes seguir los siguientes tutoriales: Activar el m\u00f3dulo de talleres. Dar de alta un nuevo cliente. Una [&hellip;]","og_url":"https:\/\/aplimedia.com\/tutoriales\/talleres\/registrar-matriculas\/","og_site_name":"Tutoriales de Secre","article_modified_time":"2025-03-11T15:05:02+00:00","og_image":[{"width":1910,"height":989,"url":"https:\/\/aplimedia.com\/tutoriales\/wp-content\/uploads\/2022\/11\/matri1.gif","type":"image\/gif"}],"twitter_card":"summary_large_image","twitter_misc":{"Tiempo de lectura":"3 minutos"},"schema":{"@context":"https:\/\/schema.org","@graph":[{"@type":"WebPage","@id":"https:\/\/aplimedia.com\/tutoriales\/talleres\/registrar-matriculas\/","url":"https:\/\/aplimedia.com\/tutoriales\/talleres\/registrar-matriculas\/","name":"Registrar las matr\u00edculas de un cliente e hist\u00f3rico de reparaciones | Tutoriales de Secre","isPartOf":{"@id":"https:\/\/aplimedia.com\/tutoriales\/#website"},"primaryImageOfPage":{"@id":"https:\/\/aplimedia.com\/tutoriales\/talleres\/registrar-matriculas\/#primaryimage"},"image":{"@id":"https:\/\/aplimedia.com\/tutoriales\/talleres\/registrar-matriculas\/#primaryimage"},"thumbnailUrl":"https:\/\/aplimedia.com\/tutoriales\/wp-content\/uploads\/2022\/11\/matri1.gif","datePublished":"2022-11-30T15:18:33+00:00","dateModified":"2025-03-11T15:05:02+00:00","breadcrumb":{"@id":"https:\/\/aplimedia.com\/tutoriales\/talleres\/registrar-matriculas\/#breadcrumb"},"inLanguage":"es","potentialAction":[{"@type":"ReadAction","target":["https:\/\/aplimedia.com\/tutoriales\/talleres\/registrar-matriculas\/"]}]},{"@type":"ImageObject","inLanguage":"es","@id":"https:\/\/aplimedia.com\/tutoriales\/talleres\/registrar-matriculas\/#primaryimage","url":"https:\/\/aplimedia.com\/tutoriales\/wp-content\/uploads\/2022\/11\/matri1.gif","contentUrl":"https:\/\/aplimedia.com\/tutoriales\/wp-content\/uploads\/2022\/11\/matri1.gif","width":1910,"height":989},{"@type":"BreadcrumbList","@id":"https:\/\/aplimedia.com\/tutoriales\/talleres\/registrar-matriculas\/#breadcrumb","itemListElement":[{"@type":"ListItem","position":1,"name":"Tutoriales","item":"https:\/\/aplimedia.com\/tutoriales\/"},{"@type":"ListItem","position":2,"name":"Talleres","item":"https:\/\/aplimedia.com\/tutoriales\/talleres\/"},{"@type":"ListItem","position":3,"name":"Registrar las matr\u00edculas de un cliente e hist\u00f3rico de reparaciones"}]},{"@type":"WebSite","@id":"https:\/\/aplimedia.com\/tutoriales\/#website","url":"https:\/\/aplimedia.com\/tutoriales\/","name":"Tutoriales de Secre","description":"Tutoriales del software de gesti\u00f3n Secre","publisher":{"@id":"https:\/\/aplimedia.com\/tutoriales\/#organization"},"potentialAction":[{"@type":"SearchAction","target":{"@type":"EntryPoint","urlTemplate":"https:\/\/aplimedia.com\/tutoriales\/?s={search_term_string}"},"query-input":{"@type":"PropertyValueSpecification","valueRequired":true,"valueName":"search_term_string"}}],"inLanguage":"es"},{"@type":"Organization","@id":"https:\/\/aplimedia.com\/tutoriales\/#organization","name":"Tutoriales de Secre","url":"https:\/\/aplimedia.com\/tutoriales\/","logo":{"@type":"ImageObject","inLanguage":"es","@id":"https:\/\/aplimedia.com\/tutoriales\/#\/schema\/logo\/image\/","url":"https:\/\/aplimedia.com\/tutoriales\/wp-content\/uploads\/2022\/03\/cropped-logotipo-aplimedia.png","contentUrl":"https:\/\/aplimedia.com\/tutoriales\/wp-content\/uploads\/2022\/03\/cropped-logotipo-aplimedia.png","width":2000,"height":658,"caption":"Tutoriales de Secre"},"image":{"@id":"https:\/\/aplimedia.com\/tutoriales\/#\/schema\/logo\/image\/"}}]}},"_links":{"self":[{"href":"https:\/\/aplimedia.com\/tutoriales\/wp-json\/wp\/v2\/pages\/4756","targetHints":{"allow":["GET"]}}],"collection":[{"href":"https:\/\/aplimedia.com\/tutoriales\/wp-json\/wp\/v2\/pages"}],"about":[{"href":"https:\/\/aplimedia.com\/tutoriales\/wp-json\/wp\/v2\/types\/page"}],"author":[{"embeddable":true,"href":"https:\/\/aplimedia.com\/tutoriales\/wp-json\/wp\/v2\/users\/1"}],"replies":[{"embeddable":true,"href":"https:\/\/aplimedia.com\/tutoriales\/wp-json\/wp\/v2\/comments?post=4756"}],"version-history":[{"count":0,"href":"https:\/\/aplimedia.com\/tutoriales\/wp-json\/wp\/v2\/pages\/4756\/revisions"}],"up":[{"embeddable":true,"href":"https:\/\/aplimedia.com\/tutoriales\/wp-json\/wp\/v2\/pages\/4729"}],"wp:attachment":[{"href":"https:\/\/aplimedia.com\/tutoriales\/wp-json\/wp\/v2\/media?parent=4756"}],"curies":[{"name":"wp","href":"https:\/\/api.w.org\/{rel}","templated":true}]}}