{"id":4737,"date":"2022-11-30T14:57:10","date_gmt":"2022-11-30T14:57:10","guid":{"rendered":"https:\/\/aplimedia.com\/tutoriales\/?page_id=4737"},"modified":"2025-03-11T15:00:35","modified_gmt":"2025-03-11T15:00:35","slug":"activar-el-modulo-de-talleres","status":"publish","type":"page","link":"https:\/\/aplimedia.com\/tutoriales\/talleres\/activar-el-modulo-de-talleres\/","title":{"rendered":"Activar el m\u00f3dulo de talleres"},"content":{"rendered":"\t\t<div data-elementor-type=\"wp-post\" data-elementor-id=\"4737\" class=\"elementor elementor-4737\" data-elementor-post-type=\"page\">\n\t\t\t\t\t\t<section class=\"elementor-section elementor-top-section elementor-element elementor-element-4594cb3e elementor-section-stretched elementor-section-boxed elementor-section-height-default elementor-section-height-default\" data-id=\"4594cb3e\" data-element_type=\"section\" data-e-type=\"section\" data-settings=\"{&quot;stretch_section&quot;:&quot;section-stretched&quot;}\">\n\t\t\t\t\t\t<div class=\"elementor-container elementor-column-gap-default\">\n\t\t\t\t\t<div class=\"elementor-column elementor-col-100 elementor-top-column elementor-element elementor-element-53a1879d\" data-id=\"53a1879d\" data-element_type=\"column\" data-e-type=\"column\">\n\t\t\t<div class=\"elementor-widget-wrap elementor-element-populated\">\n\t\t\t\t\t\t<div class=\"elementor-element elementor-element-186f29e2 elementor-widget elementor-widget-text-editor\" data-id=\"186f29e2\" data-element_type=\"widget\" data-e-type=\"widget\" data-widget_type=\"text-editor.default\">\n\t\t\t\t<div class=\"elementor-widget-container\">\n\t\t\t\t\t\t\t\t\t<p>Si tienes un taller mec\u00e1nico y quieres llevar la gesti\u00f3n manteniendo un control de los veh\u00edculos de tus clientes, lo primero que deber\u00e1s hacer es activar el m\u00f3dulo de garajes.<\/p><p>Para ello, desde el men\u00fa principal de Secre ve a <b><i>Herramientas &gt; Par\u00e1metros y valores por defecto<\/i><\/b>.<\/p>\t\t\t\t\t\t\t\t<\/div>\n\t\t\t\t<\/div>\n\t\t\t\t<div class=\"elementor-element elementor-element-2d4d599 elementor-widget elementor-widget-image\" data-id=\"2d4d599\" data-element_type=\"widget\" data-e-type=\"widget\" data-widget_type=\"image.default\">\n\t\t\t\t<div class=\"elementor-widget-container\">\n\t\t\t\t\t\t\t\t\t\t\t\t\t\t\t<img fetchpriority=\"high\" decoding=\"async\" width=\"443\" height=\"324\" src=\"https:\/\/aplimedia.com\/tutoriales\/wp-content\/uploads\/2019\/02\/disenodetickets.png\" class=\"attachment-large size-large wp-image-2090\" alt=\"\" srcset=\"https:\/\/aplimedia.com\/tutoriales\/wp-content\/uploads\/2019\/02\/disenodetickets.png 443w, https:\/\/aplimedia.com\/tutoriales\/wp-content\/uploads\/2019\/02\/disenodetickets-300x219.png 300w\" sizes=\"(max-width: 443px) 100vw, 443px\" \/>\t\t\t\t\t\t\t\t\t\t\t\t\t\t\t<\/div>\n\t\t\t\t<\/div>\n\t\t\t\t<div class=\"elementor-element elementor-element-b33eb02 elementor-widget elementor-widget-text-editor\" data-id=\"b33eb02\" data-element_type=\"widget\" data-e-type=\"widget\" data-widget_type=\"text-editor.default\">\n\t\t\t\t<div class=\"elementor-widget-container\">\n\t\t\t\t\t\t\t\t\t<p>Se te abrir\u00e1 sobre la pesta\u00f1a de \u201c<b><i>Opciones Generales<\/i><\/b>\u201d. En la parte inferior, en el apartado de M\u00f3dulos opcionales, debes seleccionar la opci\u00f3n \u00abGarajes\u00bb. Despu\u00e9s, guarda los cambios con el icono del disquette, sal completamente del programa y vuelve a acceder.&nbsp;<\/p>\t\t\t\t\t\t\t\t<\/div>\n\t\t\t\t<\/div>\n\t\t\t\t<div class=\"elementor-element elementor-element-8d16822 elementor-widget elementor-widget-image\" data-id=\"8d16822\" data-element_type=\"widget\" data-e-type=\"widget\" data-widget_type=\"image.default\">\n\t\t\t\t<div class=\"elementor-widget-container\">\n\t\t\t\t\t\t\t\t\t\t\t\t\t\t\t<img decoding=\"async\" width=\"1024\" height=\"544\" src=\"https:\/\/aplimedia.com\/tutoriales\/wp-content\/uploads\/2022\/11\/activar1-3-1024x544.jpg\" class=\"attachment-large size-large wp-image-4746\" alt=\"\" srcset=\"https:\/\/aplimedia.com\/tutoriales\/wp-content\/uploads\/2022\/11\/activar1-3-1024x544.jpg 1024w, https:\/\/aplimedia.com\/tutoriales\/wp-content\/uploads\/2022\/11\/activar1-3-300x159.jpg 300w, https:\/\/aplimedia.com\/tutoriales\/wp-content\/uploads\/2022\/11\/activar1-3-768x408.jpg 768w, https:\/\/aplimedia.com\/tutoriales\/wp-content\/uploads\/2022\/11\/activar1-3.jpg 1500w\" sizes=\"(max-width: 1024px) 100vw, 1024px\" \/>\t\t\t\t\t\t\t\t\t\t\t\t\t\t\t<\/div>\n\t\t\t\t<\/div>\n\t\t\t\t<div class=\"elementor-element elementor-element-ae6999e elementor-widget elementor-widget-image\" data-id=\"ae6999e\" data-element_type=\"widget\" data-e-type=\"widget\" data-widget_type=\"image.default\">\n\t\t\t\t<div class=\"elementor-widget-container\">\n\t\t\t\t\t\t\t\t\t\t\t\t\t\t\t<img decoding=\"async\" width=\"1024\" height=\"544\" src=\"https:\/\/aplimedia.com\/tutoriales\/wp-content\/uploads\/2022\/11\/activar2-2-1024x544.jpg\" class=\"attachment-large size-large wp-image-4749\" alt=\"\" srcset=\"https:\/\/aplimedia.com\/tutoriales\/wp-content\/uploads\/2022\/11\/activar2-2-1024x544.jpg 1024w, https:\/\/aplimedia.com\/tutoriales\/wp-content\/uploads\/2022\/11\/activar2-2-300x159.jpg 300w, https:\/\/aplimedia.com\/tutoriales\/wp-content\/uploads\/2022\/11\/activar2-2-768x408.jpg 768w, https:\/\/aplimedia.com\/tutoriales\/wp-content\/uploads\/2022\/11\/activar2-2.jpg 1500w\" sizes=\"(max-width: 1024px) 100vw, 1024px\" \/>\t\t\t\t\t\t\t\t\t\t\t\t\t\t\t<\/div>\n\t\t\t\t<\/div>\n\t\t\t\t<div class=\"elementor-element elementor-element-273c29d elementor-widget elementor-widget-text-editor\" data-id=\"273c29d\" data-element_type=\"widget\" data-e-type=\"widget\" data-widget_type=\"text-editor.default\">\n\t\t\t\t<div class=\"elementor-widget-container\">\n\t\t\t\t\t\t\t\t\t<p>Cuando vuelvas a acceder al programa ve al m\u00f3dulo <em><strong>Ventas<\/strong><\/em>. Haz clic derecho sobre el campo \u201c<em><strong>Ref.<\/strong><\/em>:\u201d, se te abrir\u00e1 una peque\u00f1a pantalla en la que puedes indicar un nuevo nombre para ese campo. Debes renombrarlo con el nombre\u00a0 \u201c<strong>MATRICULA<\/strong>\u201d:<\/p>\t\t\t\t\t\t\t\t<\/div>\n\t\t\t\t<\/div>\n\t\t\t\t<div class=\"elementor-element elementor-element-d4017b6 elementor-widget elementor-widget-image\" data-id=\"d4017b6\" data-element_type=\"widget\" data-e-type=\"widget\" data-widget_type=\"image.default\">\n\t\t\t\t<div class=\"elementor-widget-container\">\n\t\t\t\t\t\t\t\t\t\t\t\t\t\t\t<img loading=\"lazy\" decoding=\"async\" width=\"1910\" height=\"985\" src=\"https:\/\/aplimedia.com\/tutoriales\/wp-content\/uploads\/2022\/11\/activar4.gif\" class=\"attachment-full size-full wp-image-4743\" alt=\"\" \/>\t\t\t\t\t\t\t\t\t\t\t\t\t\t\t<\/div>\n\t\t\t\t<\/div>\n\t\t\t\t<div class=\"elementor-element elementor-element-db5a014 elementor-widget elementor-widget-text-editor\" data-id=\"db5a014\" data-element_type=\"widget\" data-e-type=\"widget\" data-widget_type=\"text-editor.default\">\n\t\t\t\t<div class=\"elementor-widget-container\">\n\t\t\t\t\t\t\t\t\t<p>De esta forma cuando generes nuevas ventas a un cliente te sugerir\u00e1 las matr\u00edculas que le hayas creado en la ficha.<\/p><p>Con estos pasos ya tendr\u00edas el m\u00f3dulo de talleres activado para comenzar a trabajar.<\/p>\t\t\t\t\t\t\t\t<\/div>\n\t\t\t\t<\/div>\n\t\t\t\t<div class=\"elementor-element elementor-element-2acd91e elementor-widget elementor-widget-spacer\" data-id=\"2acd91e\" data-element_type=\"widget\" data-e-type=\"widget\" data-widget_type=\"spacer.default\">\n\t\t\t\t<div class=\"elementor-widget-container\">\n\t\t\t\t\t\t\t<div class=\"elementor-spacer\">\n\t\t\t<div class=\"elementor-spacer-inner\"><\/div>\n\t\t<\/div>\n\t\t\t\t\t\t<\/div>\n\t\t\t\t<\/div>\n\t\t\t\t\t<\/div>\n\t\t<\/div>\n\t\t\t\t\t<\/div>\n\t\t<\/section>\n\t\t\t\t<\/div>\n\t\t","protected":false},"excerpt":{"rendered":"<p>Si tienes un taller mec\u00e1nico y quieres llevar la gesti\u00f3n manteniendo un control de los veh\u00edculos de tus clientes, lo primero que deber\u00e1s hacer es activar el m\u00f3dulo de garajes. Para ello, desde el men\u00fa principal de Secre ve a Herramientas &gt; Par\u00e1metros y valores por defecto. Se te abrir\u00e1 sobre la pesta\u00f1a de \u201cOpciones [&hellip;]<\/p>\n","protected":false},"author":1,"featured_media":0,"parent":4729,"menu_order":0,"comment_status":"closed","ping_status":"closed","template":"","meta":{"footnotes":""},"class_list":["post-4737","page","type-page","status-publish","hentry"],"yoast_head":"<!-- This site is optimized with the Yoast SEO plugin v27.5 - https:\/\/yoast.com\/product\/yoast-seo-wordpress\/ -->\n<title>Activar el m\u00f3dulo de talleres | Tutoriales de Secre<\/title>\n<meta name=\"robots\" content=\"index, follow, max-snippet:-1, max-image-preview:large, max-video-preview:-1\" \/>\n<link rel=\"canonical\" href=\"https:\/\/aplimedia.com\/tutoriales\/talleres\/activar-el-modulo-de-talleres\/\" \/>\n<meta property=\"og:locale\" content=\"es_ES\" \/>\n<meta property=\"og:type\" content=\"article\" \/>\n<meta property=\"og:title\" content=\"Activar el m\u00f3dulo de talleres | Tutoriales de Secre\" \/>\n<meta property=\"og:description\" content=\"Si tienes un taller mec\u00e1nico y quieres llevar la gesti\u00f3n manteniendo un control de los veh\u00edculos de tus clientes, lo primero que deber\u00e1s hacer es activar el m\u00f3dulo de garajes. Para ello, desde el men\u00fa principal de Secre ve a Herramientas &gt; Par\u00e1metros y valores por defecto. Se te abrir\u00e1 sobre la pesta\u00f1a de \u201cOpciones [&hellip;]\" \/>\n<meta property=\"og:url\" content=\"https:\/\/aplimedia.com\/tutoriales\/talleres\/activar-el-modulo-de-talleres\/\" \/>\n<meta property=\"og:site_name\" content=\"Tutoriales de Secre\" \/>\n<meta property=\"article:modified_time\" content=\"2025-03-11T15:00:35+00:00\" \/>\n<meta property=\"og:image\" content=\"https:\/\/aplimedia.com\/tutoriales\/wp-content\/uploads\/2019\/02\/disenodetickets.png\" \/>\n\t<meta property=\"og:image:width\" content=\"443\" \/>\n\t<meta property=\"og:image:height\" content=\"324\" \/>\n\t<meta property=\"og:image:type\" content=\"image\/png\" \/>\n<meta name=\"twitter:card\" content=\"summary_large_image\" \/>\n<meta name=\"twitter:label1\" content=\"Tiempo de lectura\" \/>\n\t<meta name=\"twitter:data1\" content=\"2 minutos\" \/>\n<script type=\"application\/ld+json\" class=\"yoast-schema-graph\">{\"@context\":\"https:\\\/\\\/schema.org\",\"@graph\":[{\"@type\":\"WebPage\",\"@id\":\"https:\\\/\\\/aplimedia.com\\\/tutoriales\\\/talleres\\\/activar-el-modulo-de-talleres\\\/\",\"url\":\"https:\\\/\\\/aplimedia.com\\\/tutoriales\\\/talleres\\\/activar-el-modulo-de-talleres\\\/\",\"name\":\"Activar el m\u00f3dulo de talleres | Tutoriales de Secre\",\"isPartOf\":{\"@id\":\"https:\\\/\\\/aplimedia.com\\\/tutoriales\\\/#website\"},\"primaryImageOfPage\":{\"@id\":\"https:\\\/\\\/aplimedia.com\\\/tutoriales\\\/talleres\\\/activar-el-modulo-de-talleres\\\/#primaryimage\"},\"image\":{\"@id\":\"https:\\\/\\\/aplimedia.com\\\/tutoriales\\\/talleres\\\/activar-el-modulo-de-talleres\\\/#primaryimage\"},\"thumbnailUrl\":\"https:\\\/\\\/aplimedia.com\\\/tutoriales\\\/wp-content\\\/uploads\\\/2019\\\/02\\\/disenodetickets.png\",\"datePublished\":\"2022-11-30T14:57:10+00:00\",\"dateModified\":\"2025-03-11T15:00:35+00:00\",\"breadcrumb\":{\"@id\":\"https:\\\/\\\/aplimedia.com\\\/tutoriales\\\/talleres\\\/activar-el-modulo-de-talleres\\\/#breadcrumb\"},\"inLanguage\":\"es\",\"potentialAction\":[{\"@type\":\"ReadAction\",\"target\":[\"https:\\\/\\\/aplimedia.com\\\/tutoriales\\\/talleres\\\/activar-el-modulo-de-talleres\\\/\"]}]},{\"@type\":\"ImageObject\",\"inLanguage\":\"es\",\"@id\":\"https:\\\/\\\/aplimedia.com\\\/tutoriales\\\/talleres\\\/activar-el-modulo-de-talleres\\\/#primaryimage\",\"url\":\"https:\\\/\\\/aplimedia.com\\\/tutoriales\\\/wp-content\\\/uploads\\\/2019\\\/02\\\/disenodetickets.png\",\"contentUrl\":\"https:\\\/\\\/aplimedia.com\\\/tutoriales\\\/wp-content\\\/uploads\\\/2019\\\/02\\\/disenodetickets.png\",\"width\":443,\"height\":324},{\"@type\":\"BreadcrumbList\",\"@id\":\"https:\\\/\\\/aplimedia.com\\\/tutoriales\\\/talleres\\\/activar-el-modulo-de-talleres\\\/#breadcrumb\",\"itemListElement\":[{\"@type\":\"ListItem\",\"position\":1,\"name\":\"Tutoriales\",\"item\":\"https:\\\/\\\/aplimedia.com\\\/tutoriales\\\/\"},{\"@type\":\"ListItem\",\"position\":2,\"name\":\"Talleres\",\"item\":\"https:\\\/\\\/aplimedia.com\\\/tutoriales\\\/talleres\\\/\"},{\"@type\":\"ListItem\",\"position\":3,\"name\":\"Activar el m\u00f3dulo de talleres\"}]},{\"@type\":\"WebSite\",\"@id\":\"https:\\\/\\\/aplimedia.com\\\/tutoriales\\\/#website\",\"url\":\"https:\\\/\\\/aplimedia.com\\\/tutoriales\\\/\",\"name\":\"Tutoriales de Secre\",\"description\":\"Tutoriales del software de gesti\u00f3n Secre\",\"publisher\":{\"@id\":\"https:\\\/\\\/aplimedia.com\\\/tutoriales\\\/#organization\"},\"potentialAction\":[{\"@type\":\"SearchAction\",\"target\":{\"@type\":\"EntryPoint\",\"urlTemplate\":\"https:\\\/\\\/aplimedia.com\\\/tutoriales\\\/?s={search_term_string}\"},\"query-input\":{\"@type\":\"PropertyValueSpecification\",\"valueRequired\":true,\"valueName\":\"search_term_string\"}}],\"inLanguage\":\"es\"},{\"@type\":\"Organization\",\"@id\":\"https:\\\/\\\/aplimedia.com\\\/tutoriales\\\/#organization\",\"name\":\"Tutoriales de Secre\",\"url\":\"https:\\\/\\\/aplimedia.com\\\/tutoriales\\\/\",\"logo\":{\"@type\":\"ImageObject\",\"inLanguage\":\"es\",\"@id\":\"https:\\\/\\\/aplimedia.com\\\/tutoriales\\\/#\\\/schema\\\/logo\\\/image\\\/\",\"url\":\"https:\\\/\\\/aplimedia.com\\\/tutoriales\\\/wp-content\\\/uploads\\\/2022\\\/03\\\/cropped-logotipo-aplimedia.png\",\"contentUrl\":\"https:\\\/\\\/aplimedia.com\\\/tutoriales\\\/wp-content\\\/uploads\\\/2022\\\/03\\\/cropped-logotipo-aplimedia.png\",\"width\":2000,\"height\":658,\"caption\":\"Tutoriales de Secre\"},\"image\":{\"@id\":\"https:\\\/\\\/aplimedia.com\\\/tutoriales\\\/#\\\/schema\\\/logo\\\/image\\\/\"}}]}<\/script>\n<!-- \/ Yoast SEO plugin. -->","yoast_head_json":{"title":"Activar el m\u00f3dulo de talleres | Tutoriales de Secre","robots":{"index":"index","follow":"follow","max-snippet":"max-snippet:-1","max-image-preview":"max-image-preview:large","max-video-preview":"max-video-preview:-1"},"canonical":"https:\/\/aplimedia.com\/tutoriales\/talleres\/activar-el-modulo-de-talleres\/","og_locale":"es_ES","og_type":"article","og_title":"Activar el m\u00f3dulo de talleres | Tutoriales de Secre","og_description":"Si tienes un taller mec\u00e1nico y quieres llevar la gesti\u00f3n manteniendo un control de los veh\u00edculos de tus clientes, lo primero que deber\u00e1s hacer es activar el m\u00f3dulo de garajes. Para ello, desde el men\u00fa principal de Secre ve a Herramientas &gt; Par\u00e1metros y valores por defecto. Se te abrir\u00e1 sobre la pesta\u00f1a de \u201cOpciones [&hellip;]","og_url":"https:\/\/aplimedia.com\/tutoriales\/talleres\/activar-el-modulo-de-talleres\/","og_site_name":"Tutoriales de Secre","article_modified_time":"2025-03-11T15:00:35+00:00","og_image":[{"width":443,"height":324,"url":"https:\/\/aplimedia.com\/tutoriales\/wp-content\/uploads\/2019\/02\/disenodetickets.png","type":"image\/png"}],"twitter_card":"summary_large_image","twitter_misc":{"Tiempo de lectura":"2 minutos"},"schema":{"@context":"https:\/\/schema.org","@graph":[{"@type":"WebPage","@id":"https:\/\/aplimedia.com\/tutoriales\/talleres\/activar-el-modulo-de-talleres\/","url":"https:\/\/aplimedia.com\/tutoriales\/talleres\/activar-el-modulo-de-talleres\/","name":"Activar el m\u00f3dulo de talleres | Tutoriales de Secre","isPartOf":{"@id":"https:\/\/aplimedia.com\/tutoriales\/#website"},"primaryImageOfPage":{"@id":"https:\/\/aplimedia.com\/tutoriales\/talleres\/activar-el-modulo-de-talleres\/#primaryimage"},"image":{"@id":"https:\/\/aplimedia.com\/tutoriales\/talleres\/activar-el-modulo-de-talleres\/#primaryimage"},"thumbnailUrl":"https:\/\/aplimedia.com\/tutoriales\/wp-content\/uploads\/2019\/02\/disenodetickets.png","datePublished":"2022-11-30T14:57:10+00:00","dateModified":"2025-03-11T15:00:35+00:00","breadcrumb":{"@id":"https:\/\/aplimedia.com\/tutoriales\/talleres\/activar-el-modulo-de-talleres\/#breadcrumb"},"inLanguage":"es","potentialAction":[{"@type":"ReadAction","target":["https:\/\/aplimedia.com\/tutoriales\/talleres\/activar-el-modulo-de-talleres\/"]}]},{"@type":"ImageObject","inLanguage":"es","@id":"https:\/\/aplimedia.com\/tutoriales\/talleres\/activar-el-modulo-de-talleres\/#primaryimage","url":"https:\/\/aplimedia.com\/tutoriales\/wp-content\/uploads\/2019\/02\/disenodetickets.png","contentUrl":"https:\/\/aplimedia.com\/tutoriales\/wp-content\/uploads\/2019\/02\/disenodetickets.png","width":443,"height":324},{"@type":"BreadcrumbList","@id":"https:\/\/aplimedia.com\/tutoriales\/talleres\/activar-el-modulo-de-talleres\/#breadcrumb","itemListElement":[{"@type":"ListItem","position":1,"name":"Tutoriales","item":"https:\/\/aplimedia.com\/tutoriales\/"},{"@type":"ListItem","position":2,"name":"Talleres","item":"https:\/\/aplimedia.com\/tutoriales\/talleres\/"},{"@type":"ListItem","position":3,"name":"Activar el m\u00f3dulo de talleres"}]},{"@type":"WebSite","@id":"https:\/\/aplimedia.com\/tutoriales\/#website","url":"https:\/\/aplimedia.com\/tutoriales\/","name":"Tutoriales de Secre","description":"Tutoriales del software de gesti\u00f3n Secre","publisher":{"@id":"https:\/\/aplimedia.com\/tutoriales\/#organization"},"potentialAction":[{"@type":"SearchAction","target":{"@type":"EntryPoint","urlTemplate":"https:\/\/aplimedia.com\/tutoriales\/?s={search_term_string}"},"query-input":{"@type":"PropertyValueSpecification","valueRequired":true,"valueName":"search_term_string"}}],"inLanguage":"es"},{"@type":"Organization","@id":"https:\/\/aplimedia.com\/tutoriales\/#organization","name":"Tutoriales de Secre","url":"https:\/\/aplimedia.com\/tutoriales\/","logo":{"@type":"ImageObject","inLanguage":"es","@id":"https:\/\/aplimedia.com\/tutoriales\/#\/schema\/logo\/image\/","url":"https:\/\/aplimedia.com\/tutoriales\/wp-content\/uploads\/2022\/03\/cropped-logotipo-aplimedia.png","contentUrl":"https:\/\/aplimedia.com\/tutoriales\/wp-content\/uploads\/2022\/03\/cropped-logotipo-aplimedia.png","width":2000,"height":658,"caption":"Tutoriales de Secre"},"image":{"@id":"https:\/\/aplimedia.com\/tutoriales\/#\/schema\/logo\/image\/"}}]}},"_links":{"self":[{"href":"https:\/\/aplimedia.com\/tutoriales\/wp-json\/wp\/v2\/pages\/4737","targetHints":{"allow":["GET"]}}],"collection":[{"href":"https:\/\/aplimedia.com\/tutoriales\/wp-json\/wp\/v2\/pages"}],"about":[{"href":"https:\/\/aplimedia.com\/tutoriales\/wp-json\/wp\/v2\/types\/page"}],"author":[{"embeddable":true,"href":"https:\/\/aplimedia.com\/tutoriales\/wp-json\/wp\/v2\/users\/1"}],"replies":[{"embeddable":true,"href":"https:\/\/aplimedia.com\/tutoriales\/wp-json\/wp\/v2\/comments?post=4737"}],"version-history":[{"count":0,"href":"https:\/\/aplimedia.com\/tutoriales\/wp-json\/wp\/v2\/pages\/4737\/revisions"}],"up":[{"embeddable":true,"href":"https:\/\/aplimedia.com\/tutoriales\/wp-json\/wp\/v2\/pages\/4729"}],"wp:attachment":[{"href":"https:\/\/aplimedia.com\/tutoriales\/wp-json\/wp\/v2\/media?parent=4737"}],"curies":[{"name":"wp","href":"https:\/\/api.w.org\/{rel}","templated":true}]}}