{"id":4311,"date":"2022-03-25T08:48:53","date_gmt":"2022-03-25T08:48:53","guid":{"rendered":"https:\/\/aplimedia.com\/tutoriales\/?page_id=4311"},"modified":"2025-10-24T12:51:55","modified_gmt":"2025-10-24T12:51:55","slug":"abono-ticketbai","status":"publish","type":"page","link":"https:\/\/aplimedia.com\/tutoriales\/ticketbai\/abono-ticketbai\/","title":{"rendered":"Realizar un abono con TicketBAI"},"content":{"rendered":"\t\t<div data-elementor-type=\"wp-post\" data-elementor-id=\"4311\" class=\"elementor elementor-4311\" data-elementor-post-type=\"page\">\n\t\t\t\t\t\t<section class=\"elementor-section elementor-top-section elementor-element elementor-element-641ab75d elementor-section-stretched elementor-section-boxed elementor-section-height-default elementor-section-height-default\" data-id=\"641ab75d\" data-element_type=\"section\" data-e-type=\"section\" data-settings=\"{&quot;stretch_section&quot;:&quot;section-stretched&quot;}\">\n\t\t\t\t\t\t<div class=\"elementor-container elementor-column-gap-default\">\n\t\t\t\t\t<div class=\"elementor-column elementor-col-100 elementor-top-column elementor-element elementor-element-18f792e9\" data-id=\"18f792e9\" data-element_type=\"column\" data-e-type=\"column\">\n\t\t\t<div class=\"elementor-widget-wrap elementor-element-populated\">\n\t\t\t\t\t\t<div class=\"elementor-element elementor-element-283fec4 elementor-widget elementor-widget-text-editor\" data-id=\"283fec4\" data-element_type=\"widget\" data-e-type=\"widget\" data-widget_type=\"text-editor.default\">\n\t\t\t\t<div class=\"elementor-widget-container\">\n\t\t\t\t\t\t\t\t\t<p>Hacer un abono en Secre es muy sencillo. A grandes rasgos, los pasos son los mismos que para hacer una factura normal, pero el importe debe ser negativo.&nbsp;<\/p><p>Para ello, el importe de las l\u00edneas tiene que ser negativo, por lo que tendremos que introducir o la cantidad o el precio con signo negativo. Si controlas almac\u00e9n, debes introducir la cantidad en negativo (para que haga la entrada de almac\u00e9n), pero si no controlas almac\u00e9n es indiferente, puedes poner cualquiera de los dos campos con signo negativo.<\/p>\n<p>Si quieres profundizar m\u00e1s en los pasos para crear un abono puedes consultar este tutorial: <a href=\"https:\/\/aplimedia.com\/tutoriales\/ventas\/crear-un-abono\/\">Crear un abono en Secre<\/a>.<\/p>\n<p>O ver el siguiente v\u00eddeo:<\/p>\t\t\t\t\t\t\t\t<\/div>\n\t\t\t\t<\/div>\n\t\t\t\t<div class=\"elementor-element elementor-element-661330d elementor-widget elementor-widget-video\" data-id=\"661330d\" data-element_type=\"widget\" data-e-type=\"widget\" data-settings=\"{&quot;youtube_url&quot;:&quot;https:\\\/\\\/www.youtube.com\\\/watch?v=kDyTwGz0zko&quot;,&quot;video_type&quot;:&quot;youtube&quot;,&quot;controls&quot;:&quot;yes&quot;}\" data-widget_type=\"video.default\">\n\t\t\t\t<div class=\"elementor-widget-container\">\n\t\t\t\t\t\t\t<div class=\"elementor-wrapper elementor-open-inline\">\n\t\t\t<div class=\"elementor-video\"><\/div>\t\t<\/div>\n\t\t\t\t\t\t<\/div>\n\t\t\t\t<\/div>\n\t\t\t\t<div class=\"elementor-element elementor-element-36f620a1 elementor-widget elementor-widget-spacer\" data-id=\"36f620a1\" data-element_type=\"widget\" data-e-type=\"widget\" data-widget_type=\"spacer.default\">\n\t\t\t\t<div class=\"elementor-widget-container\">\n\t\t\t\t\t\t\t<div class=\"elementor-spacer\">\n\t\t\t<div class=\"elementor-spacer-inner\"><\/div>\n\t\t<\/div>\n\t\t\t\t\t\t<\/div>\n\t\t\t\t<\/div>\n\t\t\t\t<div class=\"elementor-element elementor-element-73060c53 elementor-widget elementor-widget-heading\" data-id=\"73060c53\" data-element_type=\"widget\" data-e-type=\"widget\" data-widget_type=\"heading.default\">\n\t\t\t\t<div class=\"elementor-widget-container\">\n\t\t\t\t\t<h2 class=\"elementor-heading-title elementor-size-default\">Qu\u00e9 tener en cuenta con TicketBAI<\/h2>\t\t\t\t<\/div>\n\t\t\t\t<\/div>\n\t\t\t\t<div class=\"elementor-element elementor-element-2ba85e3b elementor-widget elementor-widget-text-editor\" data-id=\"2ba85e3b\" data-element_type=\"widget\" data-e-type=\"widget\" data-widget_type=\"text-editor.default\">\n\t\t\t\t<div class=\"elementor-widget-container\">\n\t\t\t\t\t\t\t\t\t<p>En cuanto a los abonos, tendremos que tener en cuenta todas las particularidades asociadas a TicketBAI y que ya te hemos explicado en este otro tutorial: <a href=\"https:\/\/aplimedia.com\/tutoriales\/ticketbai\/funcionamiento-secre-ticketbai\/\">Funcionamiento de Secre con TicketBAI<\/a>.<\/p>\n<p>Pero adem\u00e1s, tendremos que <strong>indicar en el abono, cu\u00e1l es la factura a la que se hace referencia<\/strong>.<\/p>\n<p>Para ello, simplemente tendremos que hacer un paso adicional, que ser\u00e1 irnos a <b><i>Ver&gt;Mostrar factura que rectifica<\/i><\/b> y, bien elegir del listado que propone Secre (listado de todas las facturas emitidas al cliente) o bien introducir manualmente en la caja inferior la serie y numero que corresponda:<\/p>\t\t\t\t\t\t\t\t<\/div>\n\t\t\t\t<\/div>\n\t\t\t\t<div class=\"elementor-element elementor-element-bd95b04 elementor-widget elementor-widget-image\" data-id=\"bd95b04\" data-element_type=\"widget\" data-e-type=\"widget\" data-widget_type=\"image.default\">\n\t\t\t\t<div class=\"elementor-widget-container\">\n\t\t\t\t\t\t\t\t\t\t\t\t\t\t\t<img fetchpriority=\"high\" decoding=\"async\" width=\"1210\" height=\"713\" src=\"https:\/\/aplimedia.com\/tutoriales\/wp-content\/uploads\/2025\/10\/abonoverifactu2.gif\" class=\"attachment-full size-full wp-image-9810\" alt=\"\" \/>\t\t\t\t\t\t\t\t\t\t\t\t\t\t\t<\/div>\n\t\t\t\t<\/div>\n\t\t\t\t<div class=\"elementor-element elementor-element-4b00433 elementor-widget elementor-widget-text-editor\" data-id=\"4b00433\" data-element_type=\"widget\" data-e-type=\"widget\" data-widget_type=\"text-editor.default\">\n\t\t\t\t<div class=\"elementor-widget-container\">\n\t\t\t\t\t\t\t\t\t<p>Si corresponde, tambi\u00e9n <strong>puedes modificar el motivo<\/strong> de la factura rectificativa, si bien, por lo general y <strong>en la mayor\u00eda de los casos, no es necesario<\/strong> modificarlo ya que el que viene por defecto es el que cubre la gran mayor\u00eda de facturas rectificativas.<\/p>\t\t\t\t\t\t\t\t<\/div>\n\t\t\t\t<\/div>\n\t\t\t\t<div class=\"elementor-element elementor-element-3755a8ef elementor-widget elementor-widget-spacer\" data-id=\"3755a8ef\" data-element_type=\"widget\" data-e-type=\"widget\" data-widget_type=\"spacer.default\">\n\t\t\t\t<div class=\"elementor-widget-container\">\n\t\t\t\t\t\t\t<div class=\"elementor-spacer\">\n\t\t\t<div class=\"elementor-spacer-inner\"><\/div>\n\t\t<\/div>\n\t\t\t\t\t\t<\/div>\n\t\t\t\t<\/div>\n\t\t\t\t\t<\/div>\n\t\t<\/div>\n\t\t\t\t\t<\/div>\n\t\t<\/section>\n\t\t\t\t<\/div>\n\t\t","protected":false},"excerpt":{"rendered":"<p>Hacer un abono en Secre es muy sencillo. A grandes rasgos, los pasos son los mismos que para hacer una factura normal, pero el importe debe ser negativo.&nbsp; Para ello, el importe de las l\u00edneas tiene que ser negativo, por lo que tendremos que introducir o la cantidad o el precio con signo negativo. Si [&hellip;]<\/p>\n","protected":false},"author":1,"featured_media":0,"parent":4249,"menu_order":0,"comment_status":"closed","ping_status":"closed","template":"","meta":{"footnotes":""},"class_list":["post-4311","page","type-page","status-publish","hentry"],"yoast_head":"<!-- This site is optimized with the Yoast SEO plugin v27.6 - https:\/\/yoast.com\/product\/yoast-seo-wordpress\/ -->\n<title>Realizar un abono con TicketBAI | Tutoriales de Secre<\/title>\n<meta name=\"robots\" content=\"index, follow, max-snippet:-1, max-image-preview:large, max-video-preview:-1\" \/>\n<link rel=\"canonical\" href=\"https:\/\/aplimedia.com\/tutoriales\/ticketbai\/abono-ticketbai\/\" \/>\n<meta property=\"og:locale\" content=\"es_ES\" \/>\n<meta property=\"og:type\" content=\"article\" \/>\n<meta property=\"og:title\" content=\"Realizar un abono con TicketBAI | Tutoriales de Secre\" \/>\n<meta property=\"og:description\" content=\"Hacer un abono en Secre es muy sencillo. A grandes rasgos, los pasos son los mismos que para hacer una factura normal, pero el importe debe ser negativo.&nbsp; Para ello, el importe de las l\u00edneas tiene que ser negativo, por lo que tendremos que introducir o la cantidad o el precio con signo negativo. Si [&hellip;]\" \/>\n<meta property=\"og:url\" content=\"https:\/\/aplimedia.com\/tutoriales\/ticketbai\/abono-ticketbai\/\" \/>\n<meta property=\"og:site_name\" content=\"Tutoriales de Secre\" \/>\n<meta property=\"article:modified_time\" content=\"2025-10-24T12:51:55+00:00\" \/>\n<meta property=\"og:image\" content=\"https:\/\/aplimedia.com\/tutoriales\/wp-content\/uploads\/2025\/10\/abonoverifactu2.gif\" \/>\n<meta name=\"twitter:card\" content=\"summary_large_image\" \/>\n<meta name=\"twitter:label1\" content=\"Tiempo de lectura\" \/>\n\t<meta name=\"twitter:data1\" content=\"2 minutos\" \/>\n<script type=\"application\/ld+json\" class=\"yoast-schema-graph\">{\"@context\":\"https:\\\/\\\/schema.org\",\"@graph\":[{\"@type\":\"WebPage\",\"@id\":\"https:\\\/\\\/aplimedia.com\\\/tutoriales\\\/ticketbai\\\/abono-ticketbai\\\/\",\"url\":\"https:\\\/\\\/aplimedia.com\\\/tutoriales\\\/ticketbai\\\/abono-ticketbai\\\/\",\"name\":\"Realizar un abono con TicketBAI | Tutoriales de Secre\",\"isPartOf\":{\"@id\":\"https:\\\/\\\/aplimedia.com\\\/tutoriales\\\/#website\"},\"primaryImageOfPage\":{\"@id\":\"https:\\\/\\\/aplimedia.com\\\/tutoriales\\\/ticketbai\\\/abono-ticketbai\\\/#primaryimage\"},\"image\":{\"@id\":\"https:\\\/\\\/aplimedia.com\\\/tutoriales\\\/ticketbai\\\/abono-ticketbai\\\/#primaryimage\"},\"thumbnailUrl\":\"https:\\\/\\\/aplimedia.com\\\/tutoriales\\\/wp-content\\\/uploads\\\/2025\\\/10\\\/abonoverifactu2.gif\",\"datePublished\":\"2022-03-25T08:48:53+00:00\",\"dateModified\":\"2025-10-24T12:51:55+00:00\",\"breadcrumb\":{\"@id\":\"https:\\\/\\\/aplimedia.com\\\/tutoriales\\\/ticketbai\\\/abono-ticketbai\\\/#breadcrumb\"},\"inLanguage\":\"es\",\"potentialAction\":[{\"@type\":\"ReadAction\",\"target\":[\"https:\\\/\\\/aplimedia.com\\\/tutoriales\\\/ticketbai\\\/abono-ticketbai\\\/\"]}]},{\"@type\":\"ImageObject\",\"inLanguage\":\"es\",\"@id\":\"https:\\\/\\\/aplimedia.com\\\/tutoriales\\\/ticketbai\\\/abono-ticketbai\\\/#primaryimage\",\"url\":\"https:\\\/\\\/aplimedia.com\\\/tutoriales\\\/wp-content\\\/uploads\\\/2025\\\/10\\\/abonoverifactu2.gif\",\"contentUrl\":\"https:\\\/\\\/aplimedia.com\\\/tutoriales\\\/wp-content\\\/uploads\\\/2025\\\/10\\\/abonoverifactu2.gif\",\"width\":1210,\"height\":713},{\"@type\":\"BreadcrumbList\",\"@id\":\"https:\\\/\\\/aplimedia.com\\\/tutoriales\\\/ticketbai\\\/abono-ticketbai\\\/#breadcrumb\",\"itemListElement\":[{\"@type\":\"ListItem\",\"position\":1,\"name\":\"Tutoriales\",\"item\":\"https:\\\/\\\/aplimedia.com\\\/tutoriales\\\/\"},{\"@type\":\"ListItem\",\"position\":2,\"name\":\"TicketBAI\",\"item\":\"https:\\\/\\\/aplimedia.com\\\/tutoriales\\\/ticketbai\\\/\"},{\"@type\":\"ListItem\",\"position\":3,\"name\":\"Realizar un abono con TicketBAI\"}]},{\"@type\":\"WebSite\",\"@id\":\"https:\\\/\\\/aplimedia.com\\\/tutoriales\\\/#website\",\"url\":\"https:\\\/\\\/aplimedia.com\\\/tutoriales\\\/\",\"name\":\"Tutoriales de Secre\",\"description\":\"Tutoriales del software de gesti\u00f3n Secre\",\"publisher\":{\"@id\":\"https:\\\/\\\/aplimedia.com\\\/tutoriales\\\/#organization\"},\"potentialAction\":[{\"@type\":\"SearchAction\",\"target\":{\"@type\":\"EntryPoint\",\"urlTemplate\":\"https:\\\/\\\/aplimedia.com\\\/tutoriales\\\/?s={search_term_string}\"},\"query-input\":{\"@type\":\"PropertyValueSpecification\",\"valueRequired\":true,\"valueName\":\"search_term_string\"}}],\"inLanguage\":\"es\"},{\"@type\":\"Organization\",\"@id\":\"https:\\\/\\\/aplimedia.com\\\/tutoriales\\\/#organization\",\"name\":\"Tutoriales de Secre\",\"url\":\"https:\\\/\\\/aplimedia.com\\\/tutoriales\\\/\",\"logo\":{\"@type\":\"ImageObject\",\"inLanguage\":\"es\",\"@id\":\"https:\\\/\\\/aplimedia.com\\\/tutoriales\\\/#\\\/schema\\\/logo\\\/image\\\/\",\"url\":\"https:\\\/\\\/aplimedia.com\\\/tutoriales\\\/wp-content\\\/uploads\\\/2022\\\/03\\\/cropped-logotipo-aplimedia.png\",\"contentUrl\":\"https:\\\/\\\/aplimedia.com\\\/tutoriales\\\/wp-content\\\/uploads\\\/2022\\\/03\\\/cropped-logotipo-aplimedia.png\",\"width\":2000,\"height\":658,\"caption\":\"Tutoriales de Secre\"},\"image\":{\"@id\":\"https:\\\/\\\/aplimedia.com\\\/tutoriales\\\/#\\\/schema\\\/logo\\\/image\\\/\"}}]}<\/script>\n<!-- \/ Yoast SEO plugin. -->","yoast_head_json":{"title":"Realizar un abono con TicketBAI | Tutoriales de Secre","robots":{"index":"index","follow":"follow","max-snippet":"max-snippet:-1","max-image-preview":"max-image-preview:large","max-video-preview":"max-video-preview:-1"},"canonical":"https:\/\/aplimedia.com\/tutoriales\/ticketbai\/abono-ticketbai\/","og_locale":"es_ES","og_type":"article","og_title":"Realizar un abono con TicketBAI | Tutoriales de Secre","og_description":"Hacer un abono en Secre es muy sencillo. A grandes rasgos, los pasos son los mismos que para hacer una factura normal, pero el importe debe ser negativo.&nbsp; Para ello, el importe de las l\u00edneas tiene que ser negativo, por lo que tendremos que introducir o la cantidad o el precio con signo negativo. Si [&hellip;]","og_url":"https:\/\/aplimedia.com\/tutoriales\/ticketbai\/abono-ticketbai\/","og_site_name":"Tutoriales de Secre","article_modified_time":"2025-10-24T12:51:55+00:00","og_image":[{"url":"https:\/\/aplimedia.com\/tutoriales\/wp-content\/uploads\/2025\/10\/abonoverifactu2.gif","type":"","width":"","height":""}],"twitter_card":"summary_large_image","twitter_misc":{"Tiempo de lectura":"2 minutos"},"schema":{"@context":"https:\/\/schema.org","@graph":[{"@type":"WebPage","@id":"https:\/\/aplimedia.com\/tutoriales\/ticketbai\/abono-ticketbai\/","url":"https:\/\/aplimedia.com\/tutoriales\/ticketbai\/abono-ticketbai\/","name":"Realizar un abono con TicketBAI | Tutoriales de Secre","isPartOf":{"@id":"https:\/\/aplimedia.com\/tutoriales\/#website"},"primaryImageOfPage":{"@id":"https:\/\/aplimedia.com\/tutoriales\/ticketbai\/abono-ticketbai\/#primaryimage"},"image":{"@id":"https:\/\/aplimedia.com\/tutoriales\/ticketbai\/abono-ticketbai\/#primaryimage"},"thumbnailUrl":"https:\/\/aplimedia.com\/tutoriales\/wp-content\/uploads\/2025\/10\/abonoverifactu2.gif","datePublished":"2022-03-25T08:48:53+00:00","dateModified":"2025-10-24T12:51:55+00:00","breadcrumb":{"@id":"https:\/\/aplimedia.com\/tutoriales\/ticketbai\/abono-ticketbai\/#breadcrumb"},"inLanguage":"es","potentialAction":[{"@type":"ReadAction","target":["https:\/\/aplimedia.com\/tutoriales\/ticketbai\/abono-ticketbai\/"]}]},{"@type":"ImageObject","inLanguage":"es","@id":"https:\/\/aplimedia.com\/tutoriales\/ticketbai\/abono-ticketbai\/#primaryimage","url":"https:\/\/aplimedia.com\/tutoriales\/wp-content\/uploads\/2025\/10\/abonoverifactu2.gif","contentUrl":"https:\/\/aplimedia.com\/tutoriales\/wp-content\/uploads\/2025\/10\/abonoverifactu2.gif","width":1210,"height":713},{"@type":"BreadcrumbList","@id":"https:\/\/aplimedia.com\/tutoriales\/ticketbai\/abono-ticketbai\/#breadcrumb","itemListElement":[{"@type":"ListItem","position":1,"name":"Tutoriales","item":"https:\/\/aplimedia.com\/tutoriales\/"},{"@type":"ListItem","position":2,"name":"TicketBAI","item":"https:\/\/aplimedia.com\/tutoriales\/ticketbai\/"},{"@type":"ListItem","position":3,"name":"Realizar un abono con TicketBAI"}]},{"@type":"WebSite","@id":"https:\/\/aplimedia.com\/tutoriales\/#website","url":"https:\/\/aplimedia.com\/tutoriales\/","name":"Tutoriales de Secre","description":"Tutoriales del software de gesti\u00f3n Secre","publisher":{"@id":"https:\/\/aplimedia.com\/tutoriales\/#organization"},"potentialAction":[{"@type":"SearchAction","target":{"@type":"EntryPoint","urlTemplate":"https:\/\/aplimedia.com\/tutoriales\/?s={search_term_string}"},"query-input":{"@type":"PropertyValueSpecification","valueRequired":true,"valueName":"search_term_string"}}],"inLanguage":"es"},{"@type":"Organization","@id":"https:\/\/aplimedia.com\/tutoriales\/#organization","name":"Tutoriales de Secre","url":"https:\/\/aplimedia.com\/tutoriales\/","logo":{"@type":"ImageObject","inLanguage":"es","@id":"https:\/\/aplimedia.com\/tutoriales\/#\/schema\/logo\/image\/","url":"https:\/\/aplimedia.com\/tutoriales\/wp-content\/uploads\/2022\/03\/cropped-logotipo-aplimedia.png","contentUrl":"https:\/\/aplimedia.com\/tutoriales\/wp-content\/uploads\/2022\/03\/cropped-logotipo-aplimedia.png","width":2000,"height":658,"caption":"Tutoriales de Secre"},"image":{"@id":"https:\/\/aplimedia.com\/tutoriales\/#\/schema\/logo\/image\/"}}]}},"_links":{"self":[{"href":"https:\/\/aplimedia.com\/tutoriales\/wp-json\/wp\/v2\/pages\/4311","targetHints":{"allow":["GET"]}}],"collection":[{"href":"https:\/\/aplimedia.com\/tutoriales\/wp-json\/wp\/v2\/pages"}],"about":[{"href":"https:\/\/aplimedia.com\/tutoriales\/wp-json\/wp\/v2\/types\/page"}],"author":[{"embeddable":true,"href":"https:\/\/aplimedia.com\/tutoriales\/wp-json\/wp\/v2\/users\/1"}],"replies":[{"embeddable":true,"href":"https:\/\/aplimedia.com\/tutoriales\/wp-json\/wp\/v2\/comments?post=4311"}],"version-history":[{"count":3,"href":"https:\/\/aplimedia.com\/tutoriales\/wp-json\/wp\/v2\/pages\/4311\/revisions"}],"predecessor-version":[{"id":9905,"href":"https:\/\/aplimedia.com\/tutoriales\/wp-json\/wp\/v2\/pages\/4311\/revisions\/9905"}],"up":[{"embeddable":true,"href":"https:\/\/aplimedia.com\/tutoriales\/wp-json\/wp\/v2\/pages\/4249"}],"wp:attachment":[{"href":"https:\/\/aplimedia.com\/tutoriales\/wp-json\/wp\/v2\/media?parent=4311"}],"curies":[{"name":"wp","href":"https:\/\/api.w.org\/{rel}","templated":true}]}}