{"id":4300,"date":"2022-03-23T15:04:43","date_gmt":"2022-03-23T15:04:43","guid":{"rendered":"https:\/\/aplimedia.com\/tutoriales\/?page_id=4300"},"modified":"2025-03-11T15:28:11","modified_gmt":"2025-03-11T15:28:11","slug":"envio-ticketbai-alava-guipuzcoa","status":"publish","type":"page","link":"https:\/\/aplimedia.com\/tutoriales\/ticketbai\/envio-ticketbai-alava-guipuzcoa\/","title":{"rendered":"Enviar ficheros TicketBAI a Hacienda en \u00c1LAVA y GUIP\u00daZCOA"},"content":{"rendered":"\t\t<div data-elementor-type=\"wp-post\" data-elementor-id=\"4300\" class=\"elementor elementor-4300\" data-elementor-post-type=\"page\">\n\t\t\t\t\t\t<section class=\"elementor-section elementor-top-section elementor-element elementor-element-641ab75d elementor-section-stretched elementor-section-boxed elementor-section-height-default elementor-section-height-default\" data-id=\"641ab75d\" data-element_type=\"section\" data-e-type=\"section\" data-settings=\"{&quot;stretch_section&quot;:&quot;section-stretched&quot;}\">\n\t\t\t\t\t\t<div class=\"elementor-container elementor-column-gap-default\">\n\t\t\t\t\t<div class=\"elementor-column elementor-col-100 elementor-top-column elementor-element elementor-element-18f792e9\" data-id=\"18f792e9\" data-element_type=\"column\" data-e-type=\"column\">\n\t\t\t<div class=\"elementor-widget-wrap elementor-element-populated\">\n\t\t\t\t\t\t<div class=\"elementor-element elementor-element-283fec4 elementor-widget elementor-widget-text-editor\" data-id=\"283fec4\" data-element_type=\"widget\" data-e-type=\"widget\" data-widget_type=\"text-editor.default\">\n\t\t\t\t<div class=\"elementor-widget-container\">\n\t\t\t\t\t\t\t\t\t<p>La normativa TicketBAI tiene ciertas diferencias entre las tres provincias del Pa\u00eds Vasco, y una de las m\u00e1s importantes es el env\u00edo de los ficheros TicketBAI a la sede electr\u00f3nica correspondiente.<\/p><p>En el caso de \u00c1lava y de Guip\u00fazcoa, el <strong>fichero TickeBAI<\/strong> que Secre genera cuando emitimos una factura<span style=\"color: #ff0000;\"> <strong>se env\u00eda de forma totalmente autom\u00e1tica a Hacienda<\/strong><\/span>, de modo que, por norma general, no ser\u00e1 necesario que hagamos nada para que los ficheros de nuestras facturas se env\u00eden.<\/p><p>No obstante, es conveniente que revises peri\u00f3dicamente el apartado del programa dedicado a los env\u00edos de TicketBAI, por si pudiera haber quedado alg\u00fan env\u00edo pendiente, o alg\u00fan fichero hubiera producido alg\u00fan error que imposibilitara el env\u00edo.<\/p><p>Para revisar y enviar posibles ficheros pendientes en Secre, tendr\u00e1s que seguir estos pasos:<\/p>\t\t\t\t\t\t\t\t<\/div>\n\t\t\t\t<\/div>\n\t\t\t\t<div class=\"elementor-element elementor-element-73060c53 elementor-widget elementor-widget-heading\" data-id=\"73060c53\" data-element_type=\"widget\" data-e-type=\"widget\" data-widget_type=\"heading.default\">\n\t\t\t\t<div class=\"elementor-widget-container\">\n\t\t\t\t\t<h2 class=\"elementor-heading-title elementor-size-default\">Env\u00edo manual de los ficheros TicketBAI de Secre a Hacienda<\/h2>\t\t\t\t<\/div>\n\t\t\t\t<\/div>\n\t\t\t\t<div class=\"elementor-element elementor-element-2ba85e3b elementor-widget elementor-widget-text-editor\" data-id=\"2ba85e3b\" data-element_type=\"widget\" data-e-type=\"widget\" data-widget_type=\"text-editor.default\">\n\t\t\t\t<div class=\"elementor-widget-container\">\n\t\t\t\t\t\t\t\t\t<p>Desde la pantalla principal de Secre ve a <em><strong>Herramientas&gt;TicketBAI<\/strong><\/em>.<\/p>\t\t\t\t\t\t\t\t<\/div>\n\t\t\t\t<\/div>\n\t\t\t\t<div class=\"elementor-element elementor-element-71e5c8d elementor-widget elementor-widget-image\" data-id=\"71e5c8d\" data-element_type=\"widget\" data-e-type=\"widget\" data-widget_type=\"image.default\">\n\t\t\t\t<div class=\"elementor-widget-container\">\n\t\t\t\t\t\t\t\t\t\t\t\t\t\t\t<img fetchpriority=\"high\" decoding=\"async\" width=\"268\" height=\"277\" src=\"https:\/\/aplimedia.com\/tutoriales\/wp-content\/uploads\/2022\/03\/envio-ticketbai-bizkaia1.jpg\" class=\"attachment-full size-full wp-image-4290\" alt=\"\" \/>\t\t\t\t\t\t\t\t\t\t\t\t\t\t\t<\/div>\n\t\t\t\t<\/div>\n\t\t\t\t<div class=\"elementor-element elementor-element-f5a0a0a elementor-widget elementor-widget-text-editor\" data-id=\"f5a0a0a\" data-element_type=\"widget\" data-e-type=\"widget\" data-widget_type=\"text-editor.default\">\n\t\t\t\t<div class=\"elementor-widget-container\">\n\t\t\t\t\t\t\t\t\t<p>Por defecto, cuando accedas a esta pantalla, ver\u00e1s los <strong>ficheros TicketBAI<\/strong> de tus facturas que est\u00e1n <strong>pendientes de enviar <\/strong>en el<strong> ejercicio actual<\/strong>.\u00a0<\/p><p>En la parte superior de la pantalla, en la opci\u00f3n \u00abVer\u00bb, puedes cambiar el filtro para ver los ficheros enviados, verlos todos, ver los que han generado alg\u00fan tipo de error&#8230; Pero lo m\u00e1s habitual ser\u00e1 que, si te ha quedado alg\u00fan fichero pendiente de env\u00edo, simplemente, env\u00edes los que te aparezcan en pantalla nada m\u00e1s abrir la herramienta:<\/p>\t\t\t\t\t\t\t\t<\/div>\n\t\t\t\t<\/div>\n\t\t\t\t<div class=\"elementor-element elementor-element-d385f4a elementor-widget elementor-widget-image\" data-id=\"d385f4a\" data-element_type=\"widget\" data-e-type=\"widget\" data-widget_type=\"image.default\">\n\t\t\t\t<div class=\"elementor-widget-container\">\n\t\t\t\t\t\t\t\t\t\t\t\t\t\t\t<img decoding=\"async\" width=\"771\" height=\"203\" src=\"https:\/\/aplimedia.com\/tutoriales\/wp-content\/uploads\/2022\/03\/envio-ticketbai-bizkaia2.png\" class=\"attachment-full size-full wp-image-4291\" alt=\"\" srcset=\"https:\/\/aplimedia.com\/tutoriales\/wp-content\/uploads\/2022\/03\/envio-ticketbai-bizkaia2.png 771w, https:\/\/aplimedia.com\/tutoriales\/wp-content\/uploads\/2022\/03\/envio-ticketbai-bizkaia2-300x79.png 300w, https:\/\/aplimedia.com\/tutoriales\/wp-content\/uploads\/2022\/03\/envio-ticketbai-bizkaia2-768x202.png 768w\" sizes=\"(max-width: 771px) 100vw, 771px\" \/>\t\t\t\t\t\t\t\t\t\t\t\t\t\t\t<\/div>\n\t\t\t\t<\/div>\n\t\t\t\t<div class=\"elementor-element elementor-element-2229ad9 elementor-widget elementor-widget-text-editor\" data-id=\"2229ad9\" data-element_type=\"widget\" data-e-type=\"widget\" data-widget_type=\"text-editor.default\">\n\t\t\t\t<div class=\"elementor-widget-container\">\n\t\t\t\t\t\t\t\t\t<p>Para enviarlos, primero deberemos marcar la casilla \u00abSeleccionado\u00bb de los ficheros de las facturas que queramos enviar. Si quieres enviar todos, puedes utilizar el siguiente icono de la barra superior, con el que marcar\u00e1s todas las facturas del listado:<\/p>\t\t\t\t\t\t\t\t<\/div>\n\t\t\t\t<\/div>\n\t\t\t\t<div class=\"elementor-element elementor-element-d34a945 elementor-widget elementor-widget-image\" data-id=\"d34a945\" data-element_type=\"widget\" data-e-type=\"widget\" data-widget_type=\"image.default\">\n\t\t\t\t<div class=\"elementor-widget-container\">\n\t\t\t\t\t\t\t\t\t\t\t\t\t\t\t<img decoding=\"async\" width=\"595\" height=\"192\" src=\"https:\/\/aplimedia.com\/tutoriales\/wp-content\/uploads\/2022\/03\/envioticketbaibizkaia1.gif\" class=\"attachment-full size-full wp-image-4292\" alt=\"\" \/>\t\t\t\t\t\t\t\t\t\t\t\t\t\t\t<\/div>\n\t\t\t\t<\/div>\n\t\t\t\t<div class=\"elementor-element elementor-element-e0b61ff elementor-widget elementor-widget-text-editor\" data-id=\"e0b61ff\" data-element_type=\"widget\" data-e-type=\"widget\" data-widget_type=\"text-editor.default\">\n\t\t\t\t<div class=\"elementor-widget-container\">\n\t\t\t\t\t\t\t\t\t<p>Para enviarlos, haz clic en el icono del sobre:<\/p>\t\t\t\t\t\t\t\t<\/div>\n\t\t\t\t<\/div>\n\t\t\t\t<div class=\"elementor-element elementor-element-ca69f79 elementor-widget elementor-widget-image\" data-id=\"ca69f79\" data-element_type=\"widget\" data-e-type=\"widget\" data-widget_type=\"image.default\">\n\t\t\t\t<div class=\"elementor-widget-container\">\n\t\t\t\t\t\t\t\t\t\t\t\t\t\t\t<img loading=\"lazy\" decoding=\"async\" width=\"795\" height=\"222\" src=\"https:\/\/aplimedia.com\/tutoriales\/wp-content\/uploads\/2022\/03\/envioticketbaibizkaia2.gif\" class=\"attachment-full size-full wp-image-4293\" alt=\"\" \/>\t\t\t\t\t\t\t\t\t\t\t\t\t\t\t<\/div>\n\t\t\t\t<\/div>\n\t\t\t\t<div class=\"elementor-element elementor-element-3f23fc7 elementor-widget elementor-widget-text-editor\" data-id=\"3f23fc7\" data-element_type=\"widget\" data-e-type=\"widget\" data-widget_type=\"text-editor.default\">\n\t\t\t\t<div class=\"elementor-widget-container\">\n\t\t\t\t\t\t\t\t\t<p>Tras unos segundos (el tiempo de env\u00edo variar\u00e1 en funci\u00f3n del n\u00famero de ficheros) las facturas desaparecer\u00e1n del listado, lo cual nos indicar\u00e1 que <b>se han enviado correctamente a Hacienda<\/b>.\u00a0<\/p><p>En caso de que te quedara en pantalla alg\u00fan TicketBAI con alg\u00fan tipo de error y no tengas claro a qu\u00e9 hace referencia dicho error, ponte en contacto con nosotros para que te ayudemos a subsanarlo.<\/p>\t\t\t\t\t\t\t\t<\/div>\n\t\t\t\t<\/div>\n\t\t\t\t<div class=\"elementor-element elementor-element-3755a8ef elementor-widget elementor-widget-spacer\" data-id=\"3755a8ef\" data-element_type=\"widget\" data-e-type=\"widget\" data-widget_type=\"spacer.default\">\n\t\t\t\t<div class=\"elementor-widget-container\">\n\t\t\t\t\t\t\t<div class=\"elementor-spacer\">\n\t\t\t<div class=\"elementor-spacer-inner\"><\/div>\n\t\t<\/div>\n\t\t\t\t\t\t<\/div>\n\t\t\t\t<\/div>\n\t\t\t\t\t<\/div>\n\t\t<\/div>\n\t\t\t\t\t<\/div>\n\t\t<\/section>\n\t\t\t\t<\/div>\n\t\t","protected":false},"excerpt":{"rendered":"<p>La normativa TicketBAI tiene ciertas diferencias entre las tres provincias del Pa\u00eds Vasco, y una de las m\u00e1s importantes es el env\u00edo de los ficheros TicketBAI a la sede electr\u00f3nica correspondiente. En el caso de \u00c1lava y de Guip\u00fazcoa, el fichero TickeBAI que Secre genera cuando emitimos una factura se env\u00eda de forma totalmente autom\u00e1tica [&hellip;]<\/p>\n","protected":false},"author":1,"featured_media":0,"parent":4249,"menu_order":0,"comment_status":"closed","ping_status":"closed","template":"","meta":{"footnotes":""},"class_list":["post-4300","page","type-page","status-publish","hentry"],"yoast_head":"<!-- This site is optimized with the Yoast SEO plugin v27.6 - https:\/\/yoast.com\/product\/yoast-seo-wordpress\/ -->\n<title>Enviar ficheros TicketBAI a Hacienda en \u00c1LAVA y GUIP\u00daZCOA | Tutoriales de Secre<\/title>\n<meta name=\"robots\" content=\"index, follow, max-snippet:-1, max-image-preview:large, max-video-preview:-1\" \/>\n<link rel=\"canonical\" href=\"https:\/\/aplimedia.com\/tutoriales\/ticketbai\/envio-ticketbai-alava-guipuzcoa\/\" \/>\n<meta property=\"og:locale\" content=\"es_ES\" \/>\n<meta property=\"og:type\" content=\"article\" \/>\n<meta property=\"og:title\" content=\"Enviar ficheros TicketBAI a Hacienda en \u00c1LAVA y GUIP\u00daZCOA | Tutoriales de Secre\" \/>\n<meta property=\"og:description\" content=\"La normativa TicketBAI tiene ciertas diferencias entre las tres provincias del Pa\u00eds Vasco, y una de las m\u00e1s importantes es el env\u00edo de los ficheros TicketBAI a la sede electr\u00f3nica correspondiente. En el caso de \u00c1lava y de Guip\u00fazcoa, el fichero TickeBAI que Secre genera cuando emitimos una factura se env\u00eda de forma totalmente autom\u00e1tica [&hellip;]\" \/>\n<meta property=\"og:url\" content=\"https:\/\/aplimedia.com\/tutoriales\/ticketbai\/envio-ticketbai-alava-guipuzcoa\/\" \/>\n<meta property=\"og:site_name\" content=\"Tutoriales de Secre\" \/>\n<meta property=\"article:modified_time\" content=\"2025-03-11T15:28:11+00:00\" \/>\n<meta property=\"og:image\" content=\"https:\/\/aplimedia.com\/tutoriales\/wp-content\/uploads\/2022\/03\/envio-ticketbai-bizkaia1.jpg\" \/>\n\t<meta property=\"og:image:width\" content=\"268\" \/>\n\t<meta property=\"og:image:height\" content=\"277\" \/>\n\t<meta property=\"og:image:type\" content=\"image\/jpeg\" \/>\n<meta name=\"twitter:card\" content=\"summary_large_image\" \/>\n<meta name=\"twitter:label1\" content=\"Tiempo de lectura\" \/>\n\t<meta name=\"twitter:data1\" content=\"3 minutos\" \/>\n<script type=\"application\/ld+json\" class=\"yoast-schema-graph\">{\"@context\":\"https:\\\/\\\/schema.org\",\"@graph\":[{\"@type\":\"WebPage\",\"@id\":\"https:\\\/\\\/aplimedia.com\\\/tutoriales\\\/ticketbai\\\/envio-ticketbai-alava-guipuzcoa\\\/\",\"url\":\"https:\\\/\\\/aplimedia.com\\\/tutoriales\\\/ticketbai\\\/envio-ticketbai-alava-guipuzcoa\\\/\",\"name\":\"Enviar ficheros TicketBAI a Hacienda en \u00c1LAVA y GUIP\u00daZCOA | Tutoriales de Secre\",\"isPartOf\":{\"@id\":\"https:\\\/\\\/aplimedia.com\\\/tutoriales\\\/#website\"},\"primaryImageOfPage\":{\"@id\":\"https:\\\/\\\/aplimedia.com\\\/tutoriales\\\/ticketbai\\\/envio-ticketbai-alava-guipuzcoa\\\/#primaryimage\"},\"image\":{\"@id\":\"https:\\\/\\\/aplimedia.com\\\/tutoriales\\\/ticketbai\\\/envio-ticketbai-alava-guipuzcoa\\\/#primaryimage\"},\"thumbnailUrl\":\"https:\\\/\\\/aplimedia.com\\\/tutoriales\\\/wp-content\\\/uploads\\\/2022\\\/03\\\/envio-ticketbai-bizkaia1.jpg\",\"datePublished\":\"2022-03-23T15:04:43+00:00\",\"dateModified\":\"2025-03-11T15:28:11+00:00\",\"breadcrumb\":{\"@id\":\"https:\\\/\\\/aplimedia.com\\\/tutoriales\\\/ticketbai\\\/envio-ticketbai-alava-guipuzcoa\\\/#breadcrumb\"},\"inLanguage\":\"es\",\"potentialAction\":[{\"@type\":\"ReadAction\",\"target\":[\"https:\\\/\\\/aplimedia.com\\\/tutoriales\\\/ticketbai\\\/envio-ticketbai-alava-guipuzcoa\\\/\"]}]},{\"@type\":\"ImageObject\",\"inLanguage\":\"es\",\"@id\":\"https:\\\/\\\/aplimedia.com\\\/tutoriales\\\/ticketbai\\\/envio-ticketbai-alava-guipuzcoa\\\/#primaryimage\",\"url\":\"https:\\\/\\\/aplimedia.com\\\/tutoriales\\\/wp-content\\\/uploads\\\/2022\\\/03\\\/envio-ticketbai-bizkaia1.jpg\",\"contentUrl\":\"https:\\\/\\\/aplimedia.com\\\/tutoriales\\\/wp-content\\\/uploads\\\/2022\\\/03\\\/envio-ticketbai-bizkaia1.jpg\",\"width\":268,\"height\":277},{\"@type\":\"BreadcrumbList\",\"@id\":\"https:\\\/\\\/aplimedia.com\\\/tutoriales\\\/ticketbai\\\/envio-ticketbai-alava-guipuzcoa\\\/#breadcrumb\",\"itemListElement\":[{\"@type\":\"ListItem\",\"position\":1,\"name\":\"Tutoriales\",\"item\":\"https:\\\/\\\/aplimedia.com\\\/tutoriales\\\/\"},{\"@type\":\"ListItem\",\"position\":2,\"name\":\"TicketBAI\",\"item\":\"https:\\\/\\\/aplimedia.com\\\/tutoriales\\\/ticketbai\\\/\"},{\"@type\":\"ListItem\",\"position\":3,\"name\":\"Enviar ficheros TicketBAI a Hacienda en \u00c1LAVA y GUIP\u00daZCOA\"}]},{\"@type\":\"WebSite\",\"@id\":\"https:\\\/\\\/aplimedia.com\\\/tutoriales\\\/#website\",\"url\":\"https:\\\/\\\/aplimedia.com\\\/tutoriales\\\/\",\"name\":\"Tutoriales de Secre\",\"description\":\"Tutoriales del software de gesti\u00f3n Secre\",\"publisher\":{\"@id\":\"https:\\\/\\\/aplimedia.com\\\/tutoriales\\\/#organization\"},\"potentialAction\":[{\"@type\":\"SearchAction\",\"target\":{\"@type\":\"EntryPoint\",\"urlTemplate\":\"https:\\\/\\\/aplimedia.com\\\/tutoriales\\\/?s={search_term_string}\"},\"query-input\":{\"@type\":\"PropertyValueSpecification\",\"valueRequired\":true,\"valueName\":\"search_term_string\"}}],\"inLanguage\":\"es\"},{\"@type\":\"Organization\",\"@id\":\"https:\\\/\\\/aplimedia.com\\\/tutoriales\\\/#organization\",\"name\":\"Tutoriales de Secre\",\"url\":\"https:\\\/\\\/aplimedia.com\\\/tutoriales\\\/\",\"logo\":{\"@type\":\"ImageObject\",\"inLanguage\":\"es\",\"@id\":\"https:\\\/\\\/aplimedia.com\\\/tutoriales\\\/#\\\/schema\\\/logo\\\/image\\\/\",\"url\":\"https:\\\/\\\/aplimedia.com\\\/tutoriales\\\/wp-content\\\/uploads\\\/2022\\\/03\\\/cropped-logotipo-aplimedia.png\",\"contentUrl\":\"https:\\\/\\\/aplimedia.com\\\/tutoriales\\\/wp-content\\\/uploads\\\/2022\\\/03\\\/cropped-logotipo-aplimedia.png\",\"width\":2000,\"height\":658,\"caption\":\"Tutoriales de Secre\"},\"image\":{\"@id\":\"https:\\\/\\\/aplimedia.com\\\/tutoriales\\\/#\\\/schema\\\/logo\\\/image\\\/\"}}]}<\/script>\n<!-- \/ Yoast SEO plugin. -->","yoast_head_json":{"title":"Enviar ficheros TicketBAI a Hacienda en \u00c1LAVA y GUIP\u00daZCOA | Tutoriales de Secre","robots":{"index":"index","follow":"follow","max-snippet":"max-snippet:-1","max-image-preview":"max-image-preview:large","max-video-preview":"max-video-preview:-1"},"canonical":"https:\/\/aplimedia.com\/tutoriales\/ticketbai\/envio-ticketbai-alava-guipuzcoa\/","og_locale":"es_ES","og_type":"article","og_title":"Enviar ficheros TicketBAI a Hacienda en \u00c1LAVA y GUIP\u00daZCOA | Tutoriales de Secre","og_description":"La normativa TicketBAI tiene ciertas diferencias entre las tres provincias del Pa\u00eds Vasco, y una de las m\u00e1s importantes es el env\u00edo de los ficheros TicketBAI a la sede electr\u00f3nica correspondiente. En el caso de \u00c1lava y de Guip\u00fazcoa, el fichero TickeBAI que Secre genera cuando emitimos una factura se env\u00eda de forma totalmente autom\u00e1tica [&hellip;]","og_url":"https:\/\/aplimedia.com\/tutoriales\/ticketbai\/envio-ticketbai-alava-guipuzcoa\/","og_site_name":"Tutoriales de Secre","article_modified_time":"2025-03-11T15:28:11+00:00","og_image":[{"width":268,"height":277,"url":"https:\/\/aplimedia.com\/tutoriales\/wp-content\/uploads\/2022\/03\/envio-ticketbai-bizkaia1.jpg","type":"image\/jpeg"}],"twitter_card":"summary_large_image","twitter_misc":{"Tiempo de lectura":"3 minutos"},"schema":{"@context":"https:\/\/schema.org","@graph":[{"@type":"WebPage","@id":"https:\/\/aplimedia.com\/tutoriales\/ticketbai\/envio-ticketbai-alava-guipuzcoa\/","url":"https:\/\/aplimedia.com\/tutoriales\/ticketbai\/envio-ticketbai-alava-guipuzcoa\/","name":"Enviar ficheros TicketBAI a Hacienda en \u00c1LAVA y GUIP\u00daZCOA | Tutoriales de Secre","isPartOf":{"@id":"https:\/\/aplimedia.com\/tutoriales\/#website"},"primaryImageOfPage":{"@id":"https:\/\/aplimedia.com\/tutoriales\/ticketbai\/envio-ticketbai-alava-guipuzcoa\/#primaryimage"},"image":{"@id":"https:\/\/aplimedia.com\/tutoriales\/ticketbai\/envio-ticketbai-alava-guipuzcoa\/#primaryimage"},"thumbnailUrl":"https:\/\/aplimedia.com\/tutoriales\/wp-content\/uploads\/2022\/03\/envio-ticketbai-bizkaia1.jpg","datePublished":"2022-03-23T15:04:43+00:00","dateModified":"2025-03-11T15:28:11+00:00","breadcrumb":{"@id":"https:\/\/aplimedia.com\/tutoriales\/ticketbai\/envio-ticketbai-alava-guipuzcoa\/#breadcrumb"},"inLanguage":"es","potentialAction":[{"@type":"ReadAction","target":["https:\/\/aplimedia.com\/tutoriales\/ticketbai\/envio-ticketbai-alava-guipuzcoa\/"]}]},{"@type":"ImageObject","inLanguage":"es","@id":"https:\/\/aplimedia.com\/tutoriales\/ticketbai\/envio-ticketbai-alava-guipuzcoa\/#primaryimage","url":"https:\/\/aplimedia.com\/tutoriales\/wp-content\/uploads\/2022\/03\/envio-ticketbai-bizkaia1.jpg","contentUrl":"https:\/\/aplimedia.com\/tutoriales\/wp-content\/uploads\/2022\/03\/envio-ticketbai-bizkaia1.jpg","width":268,"height":277},{"@type":"BreadcrumbList","@id":"https:\/\/aplimedia.com\/tutoriales\/ticketbai\/envio-ticketbai-alava-guipuzcoa\/#breadcrumb","itemListElement":[{"@type":"ListItem","position":1,"name":"Tutoriales","item":"https:\/\/aplimedia.com\/tutoriales\/"},{"@type":"ListItem","position":2,"name":"TicketBAI","item":"https:\/\/aplimedia.com\/tutoriales\/ticketbai\/"},{"@type":"ListItem","position":3,"name":"Enviar ficheros TicketBAI a Hacienda en \u00c1LAVA y GUIP\u00daZCOA"}]},{"@type":"WebSite","@id":"https:\/\/aplimedia.com\/tutoriales\/#website","url":"https:\/\/aplimedia.com\/tutoriales\/","name":"Tutoriales de Secre","description":"Tutoriales del software de gesti\u00f3n Secre","publisher":{"@id":"https:\/\/aplimedia.com\/tutoriales\/#organization"},"potentialAction":[{"@type":"SearchAction","target":{"@type":"EntryPoint","urlTemplate":"https:\/\/aplimedia.com\/tutoriales\/?s={search_term_string}"},"query-input":{"@type":"PropertyValueSpecification","valueRequired":true,"valueName":"search_term_string"}}],"inLanguage":"es"},{"@type":"Organization","@id":"https:\/\/aplimedia.com\/tutoriales\/#organization","name":"Tutoriales de Secre","url":"https:\/\/aplimedia.com\/tutoriales\/","logo":{"@type":"ImageObject","inLanguage":"es","@id":"https:\/\/aplimedia.com\/tutoriales\/#\/schema\/logo\/image\/","url":"https:\/\/aplimedia.com\/tutoriales\/wp-content\/uploads\/2022\/03\/cropped-logotipo-aplimedia.png","contentUrl":"https:\/\/aplimedia.com\/tutoriales\/wp-content\/uploads\/2022\/03\/cropped-logotipo-aplimedia.png","width":2000,"height":658,"caption":"Tutoriales de Secre"},"image":{"@id":"https:\/\/aplimedia.com\/tutoriales\/#\/schema\/logo\/image\/"}}]}},"_links":{"self":[{"href":"https:\/\/aplimedia.com\/tutoriales\/wp-json\/wp\/v2\/pages\/4300","targetHints":{"allow":["GET"]}}],"collection":[{"href":"https:\/\/aplimedia.com\/tutoriales\/wp-json\/wp\/v2\/pages"}],"about":[{"href":"https:\/\/aplimedia.com\/tutoriales\/wp-json\/wp\/v2\/types\/page"}],"author":[{"embeddable":true,"href":"https:\/\/aplimedia.com\/tutoriales\/wp-json\/wp\/v2\/users\/1"}],"replies":[{"embeddable":true,"href":"https:\/\/aplimedia.com\/tutoriales\/wp-json\/wp\/v2\/comments?post=4300"}],"version-history":[{"count":0,"href":"https:\/\/aplimedia.com\/tutoriales\/wp-json\/wp\/v2\/pages\/4300\/revisions"}],"up":[{"embeddable":true,"href":"https:\/\/aplimedia.com\/tutoriales\/wp-json\/wp\/v2\/pages\/4249"}],"wp:attachment":[{"href":"https:\/\/aplimedia.com\/tutoriales\/wp-json\/wp\/v2\/media?parent=4300"}],"curies":[{"name":"wp","href":"https:\/\/api.w.org\/{rel}","templated":true}]}}