{"id":4256,"date":"2022-03-21T11:13:18","date_gmt":"2022-03-21T11:13:18","guid":{"rendered":"https:\/\/aplimedia.com\/tutoriales\/?page_id=4256"},"modified":"2025-03-11T14:19:10","modified_gmt":"2025-03-11T14:19:10","slug":"funcionamiento-secre-ticketbai","status":"publish","type":"page","link":"https:\/\/aplimedia.com\/tutoriales\/ticketbai\/funcionamiento-secre-ticketbai\/","title":{"rendered":"Funcionamiento de Secre con TicketBAI"},"content":{"rendered":"\t\t<div data-elementor-type=\"wp-post\" data-elementor-id=\"4256\" class=\"elementor elementor-4256\" data-elementor-post-type=\"page\">\n\t\t\t\t\t\t<section class=\"elementor-section elementor-top-section elementor-element elementor-element-641ab75d elementor-section-stretched elementor-section-boxed elementor-section-height-default elementor-section-height-default\" data-id=\"641ab75d\" data-element_type=\"section\" data-e-type=\"section\" data-settings=\"{&quot;stretch_section&quot;:&quot;section-stretched&quot;}\">\n\t\t\t\t\t\t<div class=\"elementor-container elementor-column-gap-default\">\n\t\t\t\t\t<div class=\"elementor-column elementor-col-100 elementor-top-column elementor-element elementor-element-18f792e9\" data-id=\"18f792e9\" data-element_type=\"column\" data-e-type=\"column\">\n\t\t\t<div class=\"elementor-widget-wrap elementor-element-populated\">\n\t\t\t\t\t\t<div class=\"elementor-element elementor-element-283fec4 elementor-widget elementor-widget-text-editor\" data-id=\"283fec4\" data-element_type=\"widget\" data-e-type=\"widget\" data-widget_type=\"text-editor.default\">\n\t\t\t\t<div class=\"elementor-widget-container\">\n\t\t\t\t\t\t\t\t\t<p>TicketBAI es una normativa de las tres Haciendas del Pa\u00eds Vasco que obliga a que, todos las empresas y aut\u00f3nomos de Euskadi, emitan sus facturas y tickets utilizando un <strong>software de gesti\u00f3n homologado<\/strong> que cumpla ciertos requisitos t\u00e9cnicos.<\/p><p>Por supuesto, Secre est\u00e1 homologado y cumple con todos los requisitos establecidos por la normativa. Estos requisitos son:<\/p><ul><li>Por cada factura o ticket generado, el software debe <strong>generar un fichero (llamado TBAI) en formato XML<\/strong> que debe enviarse a la Hacienda correspondiente en los periodos establecidos por cada provincia. En el caso de Vizcaya, el env\u00edo es manual y trimestral (salvo algunas excepciones a las que aplican plazos diferentes) y, en \u00c1lava y Guip\u00fazcoa es autom\u00e1tico: es decir, el env\u00edo lo realiza el software en el mismo momento en el que emitimos la factura o ticket.<\/li><\/ul>\t\t\t\t\t\t\t\t<\/div>\n\t\t\t\t<\/div>\n\t\t\t\t<div class=\"elementor-element elementor-element-2519c09 elementor-widget elementor-widget-text-editor\" data-id=\"2519c09\" data-element_type=\"widget\" data-e-type=\"widget\" data-widget_type=\"text-editor.default\">\n\t\t\t\t<div class=\"elementor-widget-container\">\n\t\t\t\t\t\t\t\t\t<ul><li>Los ficheros XML que se env\u00edan a Hacienda deben ir <strong>firmados con un certificado electr\u00f3nico<\/strong>. Con Secre no tienes que preocuparte por el certificado,<strong> no necesitas adquirir ninguno<\/strong> porque los ficheros ir\u00e1n firmados con el certificado de Aplimedia.<\/li><\/ul>\t\t\t\t\t\t\t\t<\/div>\n\t\t\t\t<\/div>\n\t\t\t\t<div class=\"elementor-element elementor-element-d657232 elementor-widget elementor-widget-text-editor\" data-id=\"d657232\" data-element_type=\"widget\" data-e-type=\"widget\" data-widget_type=\"text-editor.default\">\n\t\t\t\t<div class=\"elementor-widget-container\">\n\t\t\t\t\t\t\t\t\t<ul><li>El software debe realizar un encadenamiento de las facturas y tickets para generar una trazabilidad que impida el borrado o manipulaci\u00f3n de registros. En la pr\u00e1ctica, esto implica que <strong>no podremos modificar o eliminar facturas o tickets<\/strong> que ya han sido emitidos.<\/li><\/ul>\t\t\t\t\t\t\t\t<\/div>\n\t\t\t\t<\/div>\n\t\t\t\t<div class=\"elementor-element elementor-element-c1061a9 elementor-widget elementor-widget-text-editor\" data-id=\"c1061a9\" data-element_type=\"widget\" data-e-type=\"widget\" data-widget_type=\"text-editor.default\">\n\t\t\t\t<div class=\"elementor-widget-container\">\n\t\t\t\t\t\t\t\t\t<ul><li>El impreso o documento de la <strong>factura o ticket<\/strong> que entreguemos al cliente deber\u00e1 incorporar, en la parte m\u00e1s inferior, un <strong>c\u00f3digo TicketBAI<\/strong> (lo genera Secre autom\u00e1ticamente por cada factura o ticket) y un <strong>c\u00f3digo QR<\/strong>. Si el cliente escanea este c\u00f3digo QR le llevar\u00e1 a una p\u00e1gina de Hacienda que le indicar\u00e1 el estado de esa factura o ticket: si ha sido presentado o no, si el env\u00edo es correcto o err\u00f3neo&#8230;<\/li><\/ul>\t\t\t\t\t\t\t\t<\/div>\n\t\t\t\t<\/div>\n\t\t\t\t<div class=\"elementor-element elementor-element-9fcf21c elementor-widget elementor-widget-text-editor\" data-id=\"9fcf21c\" data-element_type=\"widget\" data-e-type=\"widget\" data-widget_type=\"text-editor.default\">\n\t\t\t\t<div class=\"elementor-widget-container\">\n\t\t\t\t\t\t\t\t\t<ul><li>Si volvemos a imprimir o generar una factura o ticket, debe constar que se trata de un <strong>duplicado<\/strong>.<\/li><\/ul>\t\t\t\t\t\t\t\t<\/div>\n\t\t\t\t<\/div>\n\t\t\t\t<div class=\"elementor-element elementor-element-c839b11 elementor-widget elementor-widget-text-editor\" data-id=\"c839b11\" data-element_type=\"widget\" data-e-type=\"widget\" data-widget_type=\"text-editor.default\">\n\t\t\t\t<div class=\"elementor-widget-container\">\n\t\t\t\t\t\t\t\t\t<p>Ahora que ya te hemos contado todas las obligaciones que TicketBAI impone a los software de facturaci\u00f3n.<\/p><p>Vamos a ver qu\u00e9 implica, en la pr\u00e1ctica, en el funcionamiento de Secre.<\/p>\t\t\t\t\t\t\t\t<\/div>\n\t\t\t\t<\/div>\n\t\t\t\t<div class=\"elementor-element elementor-element-36f620a1 elementor-widget elementor-widget-spacer\" data-id=\"36f620a1\" data-element_type=\"widget\" data-e-type=\"widget\" data-widget_type=\"spacer.default\">\n\t\t\t\t<div class=\"elementor-widget-container\">\n\t\t\t\t\t\t\t<div class=\"elementor-spacer\">\n\t\t\t<div class=\"elementor-spacer-inner\"><\/div>\n\t\t<\/div>\n\t\t\t\t\t\t<\/div>\n\t\t\t\t<\/div>\n\t\t\t\t<div class=\"elementor-element elementor-element-73060c53 elementor-widget elementor-widget-heading\" data-id=\"73060c53\" data-element_type=\"widget\" data-e-type=\"widget\" data-widget_type=\"heading.default\">\n\t\t\t\t<div class=\"elementor-widget-container\">\n\t\t\t\t\t<h2 class=\"elementor-heading-title elementor-size-default\">1. Bloqueo de las facturas y tickets emitidos.<\/h2>\t\t\t\t<\/div>\n\t\t\t\t<\/div>\n\t\t\t\t<div class=\"elementor-element elementor-element-2ba85e3b elementor-widget elementor-widget-text-editor\" data-id=\"2ba85e3b\" data-element_type=\"widget\" data-e-type=\"widget\" data-widget_type=\"text-editor.default\">\n\t\t\t\t<div class=\"elementor-widget-container\">\n\t\t\t\t\t\t\t\t\t<p>En Secre se entiende que la factura o ticket se ha emitido en el momento en que lo<strong> imprimimos o lo previsualizamos<\/strong> de cara a enviarlo por e-mail o exportarlo en PDF, Word, Excel&#8230;<\/p><p>Por tanto, una vez impresa o generada, la factura o ticket ya no se puede modificar ni eliminar. En caso de querer hacer alguna modificaci\u00f3n sobre una factura bloqueada, se deber\u00e1 hacer mediante una factura rectificativa.<\/p><p>Para minimizar la posibilidad de errores, Secre cuenta con la opci\u00f3n de generar la factura en modo borrador, para que podamos revisarla bien y hacer las correcciones pertinentes antes de que se bloquee. En el modo borrador, la factura debe llevar el texto \u00abBORRADOR\u00bb bien visible, puesto que no es una factura v\u00e1lida para entregar al cliente.<\/p><p>Para <strong>ver una factura en modo borrador<\/strong> creamos la factura de la forma habitual, hacemos clic en el icono de la impresora y marcamos la casilla \u00abBorrador\u00bb habilitada para el formato de Factura:<\/p>\t\t\t\t\t\t\t\t<\/div>\n\t\t\t\t<\/div>\n\t\t\t\t<div class=\"elementor-element elementor-element-71e5c8d elementor-widget elementor-widget-image\" data-id=\"71e5c8d\" data-element_type=\"widget\" data-e-type=\"widget\" data-widget_type=\"image.default\">\n\t\t\t\t<div class=\"elementor-widget-container\">\n\t\t\t\t\t\t\t\t\t\t\t\t\t\t\t<img fetchpriority=\"high\" decoding=\"async\" width=\"1905\" height=\"991\" src=\"https:\/\/aplimedia.com\/tutoriales\/wp-content\/uploads\/2022\/03\/ticketbaiborrados.gif\" class=\"attachment-full size-full wp-image-4268\" alt=\"\" \/>\t\t\t\t\t\t\t\t\t\t\t\t\t\t\t<\/div>\n\t\t\t\t<\/div>\n\t\t\t\t<div class=\"elementor-element elementor-element-298a823e elementor-widget elementor-widget-spacer\" data-id=\"298a823e\" data-element_type=\"widget\" data-e-type=\"widget\" data-widget_type=\"spacer.default\">\n\t\t\t\t<div class=\"elementor-widget-container\">\n\t\t\t\t\t\t\t<div class=\"elementor-spacer\">\n\t\t\t<div class=\"elementor-spacer-inner\"><\/div>\n\t\t<\/div>\n\t\t\t\t\t\t<\/div>\n\t\t\t\t<\/div>\n\t\t\t\t<div class=\"elementor-element elementor-element-8036ae8 elementor-widget elementor-widget-heading\" data-id=\"8036ae8\" data-element_type=\"widget\" data-e-type=\"widget\" data-widget_type=\"heading.default\">\n\t\t\t\t<div class=\"elementor-widget-container\">\n\t\t\t\t\t<h2 class=\"elementor-heading-title elementor-size-default\">2. Formatos de impresi\u00f3n con TicketBAI<\/h2>\t\t\t\t<\/div>\n\t\t\t\t<\/div>\n\t\t\t\t<div class=\"elementor-element elementor-element-3a929415 elementor-widget elementor-widget-text-editor\" data-id=\"3a929415\" data-element_type=\"widget\" data-e-type=\"widget\" data-widget_type=\"text-editor.default\">\n\t\t\t\t<div class=\"elementor-widget-container\">\n\t\t\t\t\t\t\t\t\t<p>Con TicketBAI, tus facturas y tickets deben incorporar en la parte m\u00e1s inferior un <strong>c\u00f3digo QR<\/strong> y un <strong>c\u00f3digo TicketBAI<\/strong>. Por eso es importante que, si has activado TicketBAI, lo planifiques con nosotros para que modifiquemos tus formatos de impresi\u00f3n de modo que reflejen esa nueva informaci\u00f3n.<\/p>\t\t\t\t\t\t\t\t<\/div>\n\t\t\t\t<\/div>\n\t\t\t\t<div class=\"elementor-element elementor-element-be3a1a8 elementor-widget elementor-widget-image\" data-id=\"be3a1a8\" data-element_type=\"widget\" data-e-type=\"widget\" data-widget_type=\"image.default\">\n\t\t\t\t<div class=\"elementor-widget-container\">\n\t\t\t\t\t\t\t\t\t\t\t\t\t\t\t<img decoding=\"async\" width=\"608\" height=\"861\" src=\"https:\/\/aplimedia.com\/tutoriales\/wp-content\/uploads\/2022\/03\/FACTURA-TICKETBAI.jpg\" class=\"attachment-large size-large wp-image-4270\" alt=\"\" srcset=\"https:\/\/aplimedia.com\/tutoriales\/wp-content\/uploads\/2022\/03\/FACTURA-TICKETBAI.jpg 608w, https:\/\/aplimedia.com\/tutoriales\/wp-content\/uploads\/2022\/03\/FACTURA-TICKETBAI-212x300.jpg 212w\" sizes=\"(max-width: 608px) 100vw, 608px\" \/>\t\t\t\t\t\t\t\t\t\t\t\t\t\t\t<\/div>\n\t\t\t\t<\/div>\n\t\t\t\t<div class=\"elementor-element elementor-element-a7dadd5 elementor-widget elementor-widget-text-editor\" data-id=\"a7dadd5\" data-element_type=\"widget\" data-e-type=\"widget\" data-widget_type=\"text-editor.default\">\n\t\t\t\t<div class=\"elementor-widget-container\">\n\t\t\t\t\t\t\t\t\t<p>En el caso de los tickets. El aspecto del c\u00f3digo TicketBAI y QR es exactamente el mismo, y tambi\u00e9n aparecer\u00e1 al final del ticket.<\/p><p>Adem\u00e1s, si imprimimos o previsualizamos una factura o ticket m\u00e1s de una vez, incorporar\u00e1 el indicativo <span style=\"color: #ff0000;\"><b>DUPLICADO<\/b><\/span>.<\/p>\t\t\t\t\t\t\t\t<\/div>\n\t\t\t\t<\/div>\n\t\t\t\t<div class=\"elementor-element elementor-element-945718b elementor-widget elementor-widget-spacer\" data-id=\"945718b\" data-element_type=\"widget\" data-e-type=\"widget\" data-widget_type=\"spacer.default\">\n\t\t\t\t<div class=\"elementor-widget-container\">\n\t\t\t\t\t\t\t<div class=\"elementor-spacer\">\n\t\t\t<div class=\"elementor-spacer-inner\"><\/div>\n\t\t<\/div>\n\t\t\t\t\t\t<\/div>\n\t\t\t\t<\/div>\n\t\t\t\t<div class=\"elementor-element elementor-element-8d72257 elementor-widget elementor-widget-heading\" data-id=\"8d72257\" data-element_type=\"widget\" data-e-type=\"widget\" data-widget_type=\"heading.default\">\n\t\t\t\t<div class=\"elementor-widget-container\">\n\t\t\t\t\t<h2 class=\"elementor-heading-title elementor-size-default\">3. Env\u00edo de los ficheros TicketBAI a Hacienda<\/h2>\t\t\t\t<\/div>\n\t\t\t\t<\/div>\n\t\t\t\t<div class=\"elementor-element elementor-element-8603f37 elementor-widget elementor-widget-text-editor\" data-id=\"8603f37\" data-element_type=\"widget\" data-e-type=\"widget\" data-widget_type=\"text-editor.default\">\n\t\t\t\t<div class=\"elementor-widget-container\">\n\t\t\t\t\t\t\t\t\t<p>Cada vez que hacemos una factura o ticket en Secre, el programa genera de forma autom\u00e1tica y, sin que te des cuenta, un fichero TicketBAI en formato XML, que es el que hay que enviar a Hacienda.<\/p><p>Como el <b>env\u00edo de esos ficheros a Hacienda <\/b>difiere en funci\u00f3n de la <b>provincia <\/b>en la que te encuentres, hemos dividido las instrucciones en dos tutoriales, que puedes consultar aqu\u00ed:<\/p><ul><li><a href=\"https:\/\/aplimedia.com\/tutoriales\/ticketbai\/envio-ticketbai-bizkaia\/\" target=\"_blank\" rel=\"noopener\">Env\u00edo de los ficheros TicketBAI a Hacienda en VIZCAYA.\u00a0<\/a><\/li><li><a style=\"font-size: 14px; background-color: #f9f9f9;\" href=\"https:\/\/aplimedia.com\/tutoriales\/ticketbai\/envio-ticketbai-alava-guipuzcoa\/\" target=\"_blank\" rel=\"noopener\">Env\u00edo de los ficheros TicketBAI a Hacienda en \u00c1LAVA y GUIP\u00daZCOA.<\/a><\/li><\/ul>\t\t\t\t\t\t\t\t<\/div>\n\t\t\t\t<\/div>\n\t\t\t\t<div class=\"elementor-element elementor-element-3755a8ef elementor-widget elementor-widget-spacer\" data-id=\"3755a8ef\" data-element_type=\"widget\" data-e-type=\"widget\" data-widget_type=\"spacer.default\">\n\t\t\t\t<div class=\"elementor-widget-container\">\n\t\t\t\t\t\t\t<div class=\"elementor-spacer\">\n\t\t\t<div class=\"elementor-spacer-inner\"><\/div>\n\t\t<\/div>\n\t\t\t\t\t\t<\/div>\n\t\t\t\t<\/div>\n\t\t\t\t\t<\/div>\n\t\t<\/div>\n\t\t\t\t\t<\/div>\n\t\t<\/section>\n\t\t\t\t<\/div>\n\t\t","protected":false},"excerpt":{"rendered":"<p>TicketBAI es una normativa de las tres Haciendas del Pa\u00eds Vasco que obliga a que, todos las empresas y aut\u00f3nomos de Euskadi, emitan sus facturas y tickets utilizando un software de gesti\u00f3n homologado que cumpla ciertos requisitos t\u00e9cnicos. Por supuesto, Secre est\u00e1 homologado y cumple con todos los requisitos establecidos por la normativa. Estos requisitos [&hellip;]<\/p>\n","protected":false},"author":1,"featured_media":0,"parent":4249,"menu_order":0,"comment_status":"closed","ping_status":"closed","template":"","meta":{"footnotes":""},"class_list":["post-4256","page","type-page","status-publish","hentry"],"yoast_head":"<!-- This site is optimized with the Yoast SEO plugin v27.6 - https:\/\/yoast.com\/product\/yoast-seo-wordpress\/ -->\n<title>Funcionamiento de Secre con TicketBAI | Tutoriales de Secre<\/title>\n<meta name=\"robots\" content=\"index, follow, max-snippet:-1, max-image-preview:large, max-video-preview:-1\" \/>\n<link rel=\"canonical\" href=\"https:\/\/aplimedia.com\/tutoriales\/ticketbai\/funcionamiento-secre-ticketbai\/\" \/>\n<meta property=\"og:locale\" content=\"es_ES\" \/>\n<meta property=\"og:type\" content=\"article\" \/>\n<meta property=\"og:title\" content=\"Funcionamiento de Secre con TicketBAI | Tutoriales de Secre\" \/>\n<meta property=\"og:description\" content=\"TicketBAI es una normativa de las tres Haciendas del Pa\u00eds Vasco que obliga a que, todos las empresas y aut\u00f3nomos de Euskadi, emitan sus facturas y tickets utilizando un software de gesti\u00f3n homologado que cumpla ciertos requisitos t\u00e9cnicos. Por supuesto, Secre est\u00e1 homologado y cumple con todos los requisitos establecidos por la normativa. Estos requisitos [&hellip;]\" \/>\n<meta property=\"og:url\" content=\"https:\/\/aplimedia.com\/tutoriales\/ticketbai\/funcionamiento-secre-ticketbai\/\" \/>\n<meta property=\"og:site_name\" content=\"Tutoriales de Secre\" \/>\n<meta property=\"article:modified_time\" content=\"2025-03-11T14:19:10+00:00\" \/>\n<meta property=\"og:image\" content=\"https:\/\/aplimedia.com\/tutoriales\/wp-content\/uploads\/2022\/03\/ticketbaiborrados.gif\" \/>\n\t<meta property=\"og:image:width\" content=\"1905\" \/>\n\t<meta property=\"og:image:height\" content=\"991\" \/>\n\t<meta property=\"og:image:type\" content=\"image\/gif\" \/>\n<meta name=\"twitter:card\" content=\"summary_large_image\" \/>\n<meta name=\"twitter:label1\" content=\"Tiempo de lectura\" \/>\n\t<meta name=\"twitter:data1\" content=\"4 minutos\" \/>\n<script type=\"application\/ld+json\" class=\"yoast-schema-graph\">{\"@context\":\"https:\\\/\\\/schema.org\",\"@graph\":[{\"@type\":\"WebPage\",\"@id\":\"https:\\\/\\\/aplimedia.com\\\/tutoriales\\\/ticketbai\\\/funcionamiento-secre-ticketbai\\\/\",\"url\":\"https:\\\/\\\/aplimedia.com\\\/tutoriales\\\/ticketbai\\\/funcionamiento-secre-ticketbai\\\/\",\"name\":\"Funcionamiento de Secre con TicketBAI | Tutoriales de Secre\",\"isPartOf\":{\"@id\":\"https:\\\/\\\/aplimedia.com\\\/tutoriales\\\/#website\"},\"primaryImageOfPage\":{\"@id\":\"https:\\\/\\\/aplimedia.com\\\/tutoriales\\\/ticketbai\\\/funcionamiento-secre-ticketbai\\\/#primaryimage\"},\"image\":{\"@id\":\"https:\\\/\\\/aplimedia.com\\\/tutoriales\\\/ticketbai\\\/funcionamiento-secre-ticketbai\\\/#primaryimage\"},\"thumbnailUrl\":\"https:\\\/\\\/aplimedia.com\\\/tutoriales\\\/wp-content\\\/uploads\\\/2022\\\/03\\\/ticketbaiborrados.gif\",\"datePublished\":\"2022-03-21T11:13:18+00:00\",\"dateModified\":\"2025-03-11T14:19:10+00:00\",\"breadcrumb\":{\"@id\":\"https:\\\/\\\/aplimedia.com\\\/tutoriales\\\/ticketbai\\\/funcionamiento-secre-ticketbai\\\/#breadcrumb\"},\"inLanguage\":\"es\",\"potentialAction\":[{\"@type\":\"ReadAction\",\"target\":[\"https:\\\/\\\/aplimedia.com\\\/tutoriales\\\/ticketbai\\\/funcionamiento-secre-ticketbai\\\/\"]}]},{\"@type\":\"ImageObject\",\"inLanguage\":\"es\",\"@id\":\"https:\\\/\\\/aplimedia.com\\\/tutoriales\\\/ticketbai\\\/funcionamiento-secre-ticketbai\\\/#primaryimage\",\"url\":\"https:\\\/\\\/aplimedia.com\\\/tutoriales\\\/wp-content\\\/uploads\\\/2022\\\/03\\\/ticketbaiborrados.gif\",\"contentUrl\":\"https:\\\/\\\/aplimedia.com\\\/tutoriales\\\/wp-content\\\/uploads\\\/2022\\\/03\\\/ticketbaiborrados.gif\",\"width\":1905,\"height\":991},{\"@type\":\"BreadcrumbList\",\"@id\":\"https:\\\/\\\/aplimedia.com\\\/tutoriales\\\/ticketbai\\\/funcionamiento-secre-ticketbai\\\/#breadcrumb\",\"itemListElement\":[{\"@type\":\"ListItem\",\"position\":1,\"name\":\"Tutoriales\",\"item\":\"https:\\\/\\\/aplimedia.com\\\/tutoriales\\\/\"},{\"@type\":\"ListItem\",\"position\":2,\"name\":\"TicketBAI\",\"item\":\"https:\\\/\\\/aplimedia.com\\\/tutoriales\\\/ticketbai\\\/\"},{\"@type\":\"ListItem\",\"position\":3,\"name\":\"Funcionamiento de Secre con TicketBAI\"}]},{\"@type\":\"WebSite\",\"@id\":\"https:\\\/\\\/aplimedia.com\\\/tutoriales\\\/#website\",\"url\":\"https:\\\/\\\/aplimedia.com\\\/tutoriales\\\/\",\"name\":\"Tutoriales de Secre\",\"description\":\"Tutoriales del software de gesti\u00f3n Secre\",\"publisher\":{\"@id\":\"https:\\\/\\\/aplimedia.com\\\/tutoriales\\\/#organization\"},\"potentialAction\":[{\"@type\":\"SearchAction\",\"target\":{\"@type\":\"EntryPoint\",\"urlTemplate\":\"https:\\\/\\\/aplimedia.com\\\/tutoriales\\\/?s={search_term_string}\"},\"query-input\":{\"@type\":\"PropertyValueSpecification\",\"valueRequired\":true,\"valueName\":\"search_term_string\"}}],\"inLanguage\":\"es\"},{\"@type\":\"Organization\",\"@id\":\"https:\\\/\\\/aplimedia.com\\\/tutoriales\\\/#organization\",\"name\":\"Tutoriales de Secre\",\"url\":\"https:\\\/\\\/aplimedia.com\\\/tutoriales\\\/\",\"logo\":{\"@type\":\"ImageObject\",\"inLanguage\":\"es\",\"@id\":\"https:\\\/\\\/aplimedia.com\\\/tutoriales\\\/#\\\/schema\\\/logo\\\/image\\\/\",\"url\":\"https:\\\/\\\/aplimedia.com\\\/tutoriales\\\/wp-content\\\/uploads\\\/2022\\\/03\\\/cropped-logotipo-aplimedia.png\",\"contentUrl\":\"https:\\\/\\\/aplimedia.com\\\/tutoriales\\\/wp-content\\\/uploads\\\/2022\\\/03\\\/cropped-logotipo-aplimedia.png\",\"width\":2000,\"height\":658,\"caption\":\"Tutoriales de Secre\"},\"image\":{\"@id\":\"https:\\\/\\\/aplimedia.com\\\/tutoriales\\\/#\\\/schema\\\/logo\\\/image\\\/\"}}]}<\/script>\n<!-- \/ Yoast SEO plugin. -->","yoast_head_json":{"title":"Funcionamiento de Secre con TicketBAI | Tutoriales de Secre","robots":{"index":"index","follow":"follow","max-snippet":"max-snippet:-1","max-image-preview":"max-image-preview:large","max-video-preview":"max-video-preview:-1"},"canonical":"https:\/\/aplimedia.com\/tutoriales\/ticketbai\/funcionamiento-secre-ticketbai\/","og_locale":"es_ES","og_type":"article","og_title":"Funcionamiento de Secre con TicketBAI | Tutoriales de Secre","og_description":"TicketBAI es una normativa de las tres Haciendas del Pa\u00eds Vasco que obliga a que, todos las empresas y aut\u00f3nomos de Euskadi, emitan sus facturas y tickets utilizando un software de gesti\u00f3n homologado que cumpla ciertos requisitos t\u00e9cnicos. Por supuesto, Secre est\u00e1 homologado y cumple con todos los requisitos establecidos por la normativa. Estos requisitos [&hellip;]","og_url":"https:\/\/aplimedia.com\/tutoriales\/ticketbai\/funcionamiento-secre-ticketbai\/","og_site_name":"Tutoriales de Secre","article_modified_time":"2025-03-11T14:19:10+00:00","og_image":[{"width":1905,"height":991,"url":"https:\/\/aplimedia.com\/tutoriales\/wp-content\/uploads\/2022\/03\/ticketbaiborrados.gif","type":"image\/gif"}],"twitter_card":"summary_large_image","twitter_misc":{"Tiempo de lectura":"4 minutos"},"schema":{"@context":"https:\/\/schema.org","@graph":[{"@type":"WebPage","@id":"https:\/\/aplimedia.com\/tutoriales\/ticketbai\/funcionamiento-secre-ticketbai\/","url":"https:\/\/aplimedia.com\/tutoriales\/ticketbai\/funcionamiento-secre-ticketbai\/","name":"Funcionamiento de Secre con TicketBAI | Tutoriales de Secre","isPartOf":{"@id":"https:\/\/aplimedia.com\/tutoriales\/#website"},"primaryImageOfPage":{"@id":"https:\/\/aplimedia.com\/tutoriales\/ticketbai\/funcionamiento-secre-ticketbai\/#primaryimage"},"image":{"@id":"https:\/\/aplimedia.com\/tutoriales\/ticketbai\/funcionamiento-secre-ticketbai\/#primaryimage"},"thumbnailUrl":"https:\/\/aplimedia.com\/tutoriales\/wp-content\/uploads\/2022\/03\/ticketbaiborrados.gif","datePublished":"2022-03-21T11:13:18+00:00","dateModified":"2025-03-11T14:19:10+00:00","breadcrumb":{"@id":"https:\/\/aplimedia.com\/tutoriales\/ticketbai\/funcionamiento-secre-ticketbai\/#breadcrumb"},"inLanguage":"es","potentialAction":[{"@type":"ReadAction","target":["https:\/\/aplimedia.com\/tutoriales\/ticketbai\/funcionamiento-secre-ticketbai\/"]}]},{"@type":"ImageObject","inLanguage":"es","@id":"https:\/\/aplimedia.com\/tutoriales\/ticketbai\/funcionamiento-secre-ticketbai\/#primaryimage","url":"https:\/\/aplimedia.com\/tutoriales\/wp-content\/uploads\/2022\/03\/ticketbaiborrados.gif","contentUrl":"https:\/\/aplimedia.com\/tutoriales\/wp-content\/uploads\/2022\/03\/ticketbaiborrados.gif","width":1905,"height":991},{"@type":"BreadcrumbList","@id":"https:\/\/aplimedia.com\/tutoriales\/ticketbai\/funcionamiento-secre-ticketbai\/#breadcrumb","itemListElement":[{"@type":"ListItem","position":1,"name":"Tutoriales","item":"https:\/\/aplimedia.com\/tutoriales\/"},{"@type":"ListItem","position":2,"name":"TicketBAI","item":"https:\/\/aplimedia.com\/tutoriales\/ticketbai\/"},{"@type":"ListItem","position":3,"name":"Funcionamiento de Secre con TicketBAI"}]},{"@type":"WebSite","@id":"https:\/\/aplimedia.com\/tutoriales\/#website","url":"https:\/\/aplimedia.com\/tutoriales\/","name":"Tutoriales de Secre","description":"Tutoriales del software de gesti\u00f3n Secre","publisher":{"@id":"https:\/\/aplimedia.com\/tutoriales\/#organization"},"potentialAction":[{"@type":"SearchAction","target":{"@type":"EntryPoint","urlTemplate":"https:\/\/aplimedia.com\/tutoriales\/?s={search_term_string}"},"query-input":{"@type":"PropertyValueSpecification","valueRequired":true,"valueName":"search_term_string"}}],"inLanguage":"es"},{"@type":"Organization","@id":"https:\/\/aplimedia.com\/tutoriales\/#organization","name":"Tutoriales de Secre","url":"https:\/\/aplimedia.com\/tutoriales\/","logo":{"@type":"ImageObject","inLanguage":"es","@id":"https:\/\/aplimedia.com\/tutoriales\/#\/schema\/logo\/image\/","url":"https:\/\/aplimedia.com\/tutoriales\/wp-content\/uploads\/2022\/03\/cropped-logotipo-aplimedia.png","contentUrl":"https:\/\/aplimedia.com\/tutoriales\/wp-content\/uploads\/2022\/03\/cropped-logotipo-aplimedia.png","width":2000,"height":658,"caption":"Tutoriales de Secre"},"image":{"@id":"https:\/\/aplimedia.com\/tutoriales\/#\/schema\/logo\/image\/"}}]}},"_links":{"self":[{"href":"https:\/\/aplimedia.com\/tutoriales\/wp-json\/wp\/v2\/pages\/4256","targetHints":{"allow":["GET"]}}],"collection":[{"href":"https:\/\/aplimedia.com\/tutoriales\/wp-json\/wp\/v2\/pages"}],"about":[{"href":"https:\/\/aplimedia.com\/tutoriales\/wp-json\/wp\/v2\/types\/page"}],"author":[{"embeddable":true,"href":"https:\/\/aplimedia.com\/tutoriales\/wp-json\/wp\/v2\/users\/1"}],"replies":[{"embeddable":true,"href":"https:\/\/aplimedia.com\/tutoriales\/wp-json\/wp\/v2\/comments?post=4256"}],"version-history":[{"count":0,"href":"https:\/\/aplimedia.com\/tutoriales\/wp-json\/wp\/v2\/pages\/4256\/revisions"}],"up":[{"embeddable":true,"href":"https:\/\/aplimedia.com\/tutoriales\/wp-json\/wp\/v2\/pages\/4249"}],"wp:attachment":[{"href":"https:\/\/aplimedia.com\/tutoriales\/wp-json\/wp\/v2\/media?parent=4256"}],"curies":[{"name":"wp","href":"https:\/\/api.w.org\/{rel}","templated":true}]}}