{"id":4212,"date":"2021-12-20T13:03:30","date_gmt":"2021-12-20T13:03:30","guid":{"rendered":"https:\/\/aplimedia.com\/tutoriales\/?page_id=4212"},"modified":"2025-03-11T14:35:44","modified_gmt":"2025-03-11T14:35:44","slug":"vales","status":"publish","type":"page","link":"https:\/\/aplimedia.com\/tutoriales\/tpv\/vales\/","title":{"rendered":"Uso de vales en el m\u00f3dulo TPV"},"content":{"rendered":"\t\t<div data-elementor-type=\"wp-post\" data-elementor-id=\"4212\" class=\"elementor elementor-4212\" data-elementor-post-type=\"page\">\n\t\t\t\t\t\t<section class=\"elementor-section elementor-top-section elementor-element elementor-element-ed706d2 elementor-section-stretched elementor-section-boxed elementor-section-height-default elementor-section-height-default\" data-id=\"ed706d2\" data-element_type=\"section\" data-e-type=\"section\" data-settings=\"{&quot;stretch_section&quot;:&quot;section-stretched&quot;}\">\n\t\t\t\t\t\t<div class=\"elementor-container elementor-column-gap-default\">\n\t\t\t\t\t<div class=\"elementor-column elementor-col-100 elementor-top-column elementor-element elementor-element-703a748c\" data-id=\"703a748c\" data-element_type=\"column\" data-e-type=\"column\">\n\t\t\t<div class=\"elementor-widget-wrap elementor-element-populated\">\n\t\t\t\t\t\t<div class=\"elementor-element elementor-element-50812ae2 elementor-widget elementor-widget-text-editor\" data-id=\"50812ae2\" data-element_type=\"widget\" data-e-type=\"widget\" data-widget_type=\"text-editor.default\">\n\t\t\t\t<div class=\"elementor-widget-container\">\n\t\t\t\t\t\t\t\t\t<p>Secre permite generar vales con los que el cliente podr\u00e1 pagar a posteriori. Puedes generar vales que despu\u00e9s se pueden utilizar para pagar un ticket.<\/p>\t\t\t\t\t\t\t\t<\/div>\n\t\t\t\t<\/div>\n\t\t\t\t<div class=\"elementor-element elementor-element-a22f5ca elementor-widget elementor-widget-spacer\" data-id=\"a22f5ca\" data-element_type=\"widget\" data-e-type=\"widget\" data-widget_type=\"spacer.default\">\n\t\t\t\t<div class=\"elementor-widget-container\">\n\t\t\t\t\t\t\t<div class=\"elementor-spacer\">\n\t\t\t<div class=\"elementor-spacer-inner\"><\/div>\n\t\t<\/div>\n\t\t\t\t\t\t<\/div>\n\t\t\t\t<\/div>\n\t\t\t\t<div class=\"elementor-element elementor-element-f1fc9fa elementor-widget elementor-widget-heading\" data-id=\"f1fc9fa\" data-element_type=\"widget\" data-e-type=\"widget\" data-widget_type=\"heading.default\">\n\t\t\t\t<div class=\"elementor-widget-container\">\n\t\t\t\t\t<h4 class=\"elementor-heading-title elementor-size-default\">C\u00f3mo generar un vale:<\/h4>\t\t\t\t<\/div>\n\t\t\t\t<\/div>\n\t\t\t\t<div class=\"elementor-element elementor-element-ae6d390 elementor-widget elementor-widget-text-editor\" data-id=\"ae6d390\" data-element_type=\"widget\" data-e-type=\"widget\" data-widget_type=\"text-editor.default\">\n\t\t\t\t<div class=\"elementor-widget-container\">\n\t\t\t\t\t\t\t\t\t<p>Para generar un vale por una devoluci\u00f3n, debemos<b> crear un nuevo ticket<\/b>.\u00a0<\/p><p>El importe debe ser negativo, por tanto las <b>l\u00edneas <\/b>del ticket <b>deben estar en negativo<\/b>, puesto que se trata de una devoluci\u00f3n. Recuerda que si llevas control de almac\u00e9n, deber\u00e1s <strong>poner la cantidad en negativo<\/strong>, para que se realice el movimiento de almac\u00e9n pertinente.<\/p>\t\t\t\t\t\t\t\t<\/div>\n\t\t\t\t<\/div>\n\t\t\t\t<div class=\"elementor-element elementor-element-3e1bdbe elementor-widget elementor-widget-image\" data-id=\"3e1bdbe\" data-element_type=\"widget\" data-e-type=\"widget\" data-widget_type=\"image.default\">\n\t\t\t\t<div class=\"elementor-widget-container\">\n\t\t\t\t\t\t\t\t\t\t\t\t\t\t\t<img fetchpriority=\"high\" decoding=\"async\" width=\"1881\" height=\"924\" src=\"https:\/\/aplimedia.com\/tutoriales\/wp-content\/uploads\/2021\/12\/valetpv1.gif\" class=\"attachment-full size-full wp-image-4214\" alt=\"\" \/>\t\t\t\t\t\t\t\t\t\t\t\t\t\t\t<\/div>\n\t\t\t\t<\/div>\n\t\t\t\t<div class=\"elementor-element elementor-element-45128f9 elementor-widget elementor-widget-text-editor\" data-id=\"45128f9\" data-element_type=\"widget\" data-e-type=\"widget\" data-widget_type=\"text-editor.default\">\n\t\t\t\t<div class=\"elementor-widget-container\">\n\t\t\t\t\t\t\t\t\t<p>Para generar el vale que vamos a entregar al cliente, iremos a <strong>Imprimir&gt;Imprimir vale<\/strong>. El n\u00famero del vale es el n\u00famero del ticket, que puedes ver en la pesta\u00f1a <b>Datos generales<\/b>.<\/p>\t\t\t\t\t\t\t\t<\/div>\n\t\t\t\t<\/div>\n\t\t\t\t<section class=\"elementor-section elementor-inner-section elementor-element elementor-element-0d3ed79 elementor-section-boxed elementor-section-height-default elementor-section-height-default\" data-id=\"0d3ed79\" data-element_type=\"section\" data-e-type=\"section\">\n\t\t\t\t\t\t<div class=\"elementor-container elementor-column-gap-default\">\n\t\t\t\t\t<div class=\"elementor-column elementor-col-50 elementor-inner-column elementor-element elementor-element-f9f8470\" data-id=\"f9f8470\" data-element_type=\"column\" data-e-type=\"column\">\n\t\t\t<div class=\"elementor-widget-wrap elementor-element-populated\">\n\t\t\t\t\t\t<div class=\"elementor-element elementor-element-a544e4b elementor-widget elementor-widget-image\" data-id=\"a544e4b\" data-element_type=\"widget\" data-e-type=\"widget\" data-widget_type=\"image.default\">\n\t\t\t\t<div class=\"elementor-widget-container\">\n\t\t\t\t\t\t\t\t\t\t\t\t\t\t\t<img decoding=\"async\" width=\"632\" height=\"194\" src=\"https:\/\/aplimedia.com\/tutoriales\/wp-content\/uploads\/2021\/12\/valetpv2.jpg\" class=\"attachment-full size-full wp-image-4215\" alt=\"\" srcset=\"https:\/\/aplimedia.com\/tutoriales\/wp-content\/uploads\/2021\/12\/valetpv2.jpg 632w, https:\/\/aplimedia.com\/tutoriales\/wp-content\/uploads\/2021\/12\/valetpv2-300x92.jpg 300w\" sizes=\"(max-width: 632px) 100vw, 632px\" \/>\t\t\t\t\t\t\t\t\t\t\t\t\t\t\t<\/div>\n\t\t\t\t<\/div>\n\t\t\t\t\t<\/div>\n\t\t<\/div>\n\t\t\t\t<div class=\"elementor-column elementor-col-50 elementor-inner-column elementor-element elementor-element-e311302\" data-id=\"e311302\" data-element_type=\"column\" data-e-type=\"column\">\n\t\t\t<div class=\"elementor-widget-wrap elementor-element-populated\">\n\t\t\t\t\t\t<div class=\"elementor-element elementor-element-96430f5 elementor-widget elementor-widget-image\" data-id=\"96430f5\" data-element_type=\"widget\" data-e-type=\"widget\" data-widget_type=\"image.default\">\n\t\t\t\t<div class=\"elementor-widget-container\">\n\t\t\t\t\t\t\t\t\t\t\t\t\t\t\t<img decoding=\"async\" width=\"496\" height=\"231\" src=\"https:\/\/aplimedia.com\/tutoriales\/wp-content\/uploads\/2021\/12\/valetpv3.jpg\" class=\"attachment-full size-full wp-image-4216\" alt=\"\" srcset=\"https:\/\/aplimedia.com\/tutoriales\/wp-content\/uploads\/2021\/12\/valetpv3.jpg 496w, https:\/\/aplimedia.com\/tutoriales\/wp-content\/uploads\/2021\/12\/valetpv3-300x140.jpg 300w\" sizes=\"(max-width: 496px) 100vw, 496px\" \/>\t\t\t\t\t\t\t\t\t\t\t\t\t\t\t<\/div>\n\t\t\t\t<\/div>\n\t\t\t\t\t<\/div>\n\t\t<\/div>\n\t\t\t\t\t<\/div>\n\t\t<\/section>\n\t\t\t\t<div class=\"elementor-element elementor-element-ea44d4b elementor-widget elementor-widget-text-editor\" data-id=\"ea44d4b\" data-element_type=\"widget\" data-e-type=\"widget\" data-widget_type=\"text-editor.default\">\n\t\t\t\t<div class=\"elementor-widget-container\">\n\t\t\t\t\t\t\t\t\t<p>Para que el vale quede creado correctamente <span style=\"text-decoration: underline; color: #ff0000;\"><strong>es importante que no lo marques como pagado<\/strong><\/span>. Puedes guardarlo utilizando el icono del disquette y el de la hoja para crear un nuevo ticket. O tambi\u00e9n puedes cerrarlo de la forma habitual, pero cuando Secre te pregunte \u00abEste ticket es de importe negativo, \u00bfest\u00e1 seguro que desea que se cree el cobro de forma autom\u00e1tica?\u00bb responde \u00abNO\u00bb.<\/p>\n<p>Con estos pasos el vale ya quedar\u00eda creado.<\/p>\t\t\t\t\t\t\t\t<\/div>\n\t\t\t\t<\/div>\n\t\t\t\t<div class=\"elementor-element elementor-element-10a44b7 elementor-widget elementor-widget-spacer\" data-id=\"10a44b7\" data-element_type=\"widget\" data-e-type=\"widget\" data-widget_type=\"spacer.default\">\n\t\t\t\t<div class=\"elementor-widget-container\">\n\t\t\t\t\t\t\t<div class=\"elementor-spacer\">\n\t\t\t<div class=\"elementor-spacer-inner\"><\/div>\n\t\t<\/div>\n\t\t\t\t\t\t<\/div>\n\t\t\t\t<\/div>\n\t\t\t\t<div class=\"elementor-element elementor-element-0507bb9 elementor-widget elementor-widget-heading\" data-id=\"0507bb9\" data-element_type=\"widget\" data-e-type=\"widget\" data-widget_type=\"heading.default\">\n\t\t\t\t<div class=\"elementor-widget-container\">\n\t\t\t\t\t<h4 class=\"elementor-heading-title elementor-size-default\">C\u00f3mo canjear un vale:<\/h4>\t\t\t\t<\/div>\n\t\t\t\t<\/div>\n\t\t\t\t<div class=\"elementor-element elementor-element-d6d674e elementor-widget elementor-widget-text-editor\" data-id=\"d6d674e\" data-element_type=\"widget\" data-e-type=\"widget\" data-widget_type=\"text-editor.default\">\n\t\t\t\t<div class=\"elementor-widget-container\">\n\t\t\t\t\t\t\t\t\t<p>Para canjear un vale, crearemos el ticket de la forma habitual.\u00a0Ten en cuenta que para poder utilizar un vale en Secre el importe del ticket sobre el que va a utilizarse puede ser de menor, igual o mayor importe, pero si el importe es menor el cliente perder\u00e1 la parte del vale no disfrutada puesto que Secre ya marca ese vale como canjeado.<\/p><p>Para pagar el ticket con el vale, hacemos clic en el <strong>icono de acceso a cobros<\/strong> y pinchamos en el bot\u00f3n \u00ab<strong>Pagar con vale<\/strong>\u00ab. Deberemos introducir el n\u00famero del vale que nos ha entregado el cliente.<\/p>\t\t\t\t\t\t\t\t<\/div>\n\t\t\t\t<\/div>\n\t\t\t\t<div class=\"elementor-element elementor-element-4717634 elementor-widget elementor-widget-image\" data-id=\"4717634\" data-element_type=\"widget\" data-e-type=\"widget\" data-widget_type=\"image.default\">\n\t\t\t\t<div class=\"elementor-widget-container\">\n\t\t\t\t\t\t\t\t\t\t\t\t\t\t\t<img loading=\"lazy\" decoding=\"async\" width=\"1372\" height=\"741\" src=\"https:\/\/aplimedia.com\/tutoriales\/wp-content\/uploads\/2021\/12\/valetpv4.gif\" class=\"attachment-full size-full wp-image-4217\" alt=\"\" \/>\t\t\t\t\t\t\t\t\t\t\t\t\t\t\t<\/div>\n\t\t\t\t<\/div>\n\t\t\t\t<div class=\"elementor-element elementor-element-1c43e78 elementor-widget elementor-widget-text-editor\" data-id=\"1c43e78\" data-element_type=\"widget\" data-e-type=\"widget\" data-widget_type=\"text-editor.default\">\n\t\t\t\t<div class=\"elementor-widget-container\">\n\t\t\t\t\t\t\t\t\t<p>Si el importe del ticket es superior al del vale, nos quedar\u00e1 una <b>parte pendiente de cobro<\/b>. Podemos <b>cerrar el ticket<\/b> y\u00a0Secre nos preguntar\u00e1 si queremos crear un cobro por la parte pendiente. Si le decimos que s\u00ed, nos crear\u00e1 otro cobro, con la forma de cobro seleccionada, y por el importe restante del ticket.<\/p>\t\t\t\t\t\t\t\t<\/div>\n\t\t\t\t<\/div>\n\t\t\t\t<div class=\"elementor-element elementor-element-fe25ef3 elementor-widget elementor-widget-image\" data-id=\"fe25ef3\" data-element_type=\"widget\" data-e-type=\"widget\" data-widget_type=\"image.default\">\n\t\t\t\t<div class=\"elementor-widget-container\">\n\t\t\t\t\t\t\t\t\t\t\t\t\t\t\t<img loading=\"lazy\" decoding=\"async\" width=\"1797\" height=\"741\" src=\"https:\/\/aplimedia.com\/tutoriales\/wp-content\/uploads\/2021\/12\/valetpv6.gif\" class=\"attachment-full size-full wp-image-4219\" alt=\"\" \/>\t\t\t\t\t\t\t\t\t\t\t\t\t\t\t<\/div>\n\t\t\t\t<\/div>\n\t\t\t\t<div class=\"elementor-element elementor-element-14d888f elementor-widget elementor-widget-text-editor\" data-id=\"14d888f\" data-element_type=\"widget\" data-e-type=\"widget\" data-widget_type=\"text-editor.default\">\n\t\t\t\t<div class=\"elementor-widget-container\">\n\t\t\t\t\t\t\t\t\t<p>Con estos pasos el vale quedar\u00e1 canjeado y, si tratamos de utilizarlo en el futuro, Secre nos indicar\u00e1 que el vale ya se ha utilizado.\u00a0<\/p>\t\t\t\t\t\t\t\t<\/div>\n\t\t\t\t<\/div>\n\t\t\t\t<div class=\"elementor-element elementor-element-a005f5b elementor-widget elementor-widget-spacer\" data-id=\"a005f5b\" data-element_type=\"widget\" data-e-type=\"widget\" data-widget_type=\"spacer.default\">\n\t\t\t\t<div class=\"elementor-widget-container\">\n\t\t\t\t\t\t\t<div class=\"elementor-spacer\">\n\t\t\t<div class=\"elementor-spacer-inner\"><\/div>\n\t\t<\/div>\n\t\t\t\t\t\t<\/div>\n\t\t\t\t<\/div>\n\t\t\t\t\t<\/div>\n\t\t<\/div>\n\t\t\t\t\t<\/div>\n\t\t<\/section>\n\t\t\t\t<\/div>\n\t\t","protected":false},"excerpt":{"rendered":"<p>Secre permite generar vales con los que el cliente podr\u00e1 pagar a posteriori. Puedes generar vales que despu\u00e9s se pueden utilizar para pagar un ticket. C\u00f3mo generar un vale: Para generar un vale por una devoluci\u00f3n, debemos crear un nuevo ticket.\u00a0 El importe debe ser negativo, por tanto las l\u00edneas del ticket deben estar en [&hellip;]<\/p>\n","protected":false},"author":1,"featured_media":0,"parent":4174,"menu_order":0,"comment_status":"closed","ping_status":"closed","template":"","meta":{"footnotes":""},"class_list":["post-4212","page","type-page","status-publish","hentry"],"yoast_head":"<!-- This site is optimized with the Yoast SEO plugin v27.3 - https:\/\/yoast.com\/product\/yoast-seo-wordpress\/ -->\n<title>Uso de vales en el m\u00f3dulo TPV | Tutoriales de Secre<\/title>\n<meta name=\"robots\" content=\"index, follow, max-snippet:-1, max-image-preview:large, max-video-preview:-1\" \/>\n<link rel=\"canonical\" href=\"https:\/\/aplimedia.com\/tutoriales\/tpv\/vales\/\" \/>\n<meta property=\"og:locale\" content=\"es_ES\" \/>\n<meta property=\"og:type\" content=\"article\" \/>\n<meta property=\"og:title\" content=\"Uso de vales en el m\u00f3dulo TPV | Tutoriales de Secre\" \/>\n<meta property=\"og:description\" content=\"Secre permite generar vales con los que el cliente podr\u00e1 pagar a posteriori. Puedes generar vales que despu\u00e9s se pueden utilizar para pagar un ticket. C\u00f3mo generar un vale: Para generar un vale por una devoluci\u00f3n, debemos crear un nuevo ticket.\u00a0 El importe debe ser negativo, por tanto las l\u00edneas del ticket deben estar en [&hellip;]\" \/>\n<meta property=\"og:url\" content=\"https:\/\/aplimedia.com\/tutoriales\/tpv\/vales\/\" \/>\n<meta property=\"og:site_name\" content=\"Tutoriales de Secre\" \/>\n<meta property=\"article:modified_time\" content=\"2025-03-11T14:35:44+00:00\" \/>\n<meta property=\"og:image\" content=\"https:\/\/aplimedia.com\/tutoriales\/wp-content\/uploads\/2021\/12\/valetpv1.gif\" \/>\n\t<meta property=\"og:image:width\" content=\"1881\" \/>\n\t<meta property=\"og:image:height\" content=\"924\" \/>\n\t<meta property=\"og:image:type\" content=\"image\/gif\" \/>\n<meta name=\"twitter:card\" content=\"summary_large_image\" \/>\n<meta name=\"twitter:label1\" content=\"Tiempo de lectura\" \/>\n\t<meta name=\"twitter:data1\" content=\"3 minutos\" \/>\n<script type=\"application\/ld+json\" class=\"yoast-schema-graph\">{\"@context\":\"https:\\\/\\\/schema.org\",\"@graph\":[{\"@type\":\"WebPage\",\"@id\":\"https:\\\/\\\/aplimedia.com\\\/tutoriales\\\/tpv\\\/vales\\\/\",\"url\":\"https:\\\/\\\/aplimedia.com\\\/tutoriales\\\/tpv\\\/vales\\\/\",\"name\":\"Uso de vales en el m\u00f3dulo TPV | Tutoriales de Secre\",\"isPartOf\":{\"@id\":\"https:\\\/\\\/aplimedia.com\\\/tutoriales\\\/#website\"},\"primaryImageOfPage\":{\"@id\":\"https:\\\/\\\/aplimedia.com\\\/tutoriales\\\/tpv\\\/vales\\\/#primaryimage\"},\"image\":{\"@id\":\"https:\\\/\\\/aplimedia.com\\\/tutoriales\\\/tpv\\\/vales\\\/#primaryimage\"},\"thumbnailUrl\":\"https:\\\/\\\/aplimedia.com\\\/tutoriales\\\/wp-content\\\/uploads\\\/2021\\\/12\\\/valetpv1.gif\",\"datePublished\":\"2021-12-20T13:03:30+00:00\",\"dateModified\":\"2025-03-11T14:35:44+00:00\",\"breadcrumb\":{\"@id\":\"https:\\\/\\\/aplimedia.com\\\/tutoriales\\\/tpv\\\/vales\\\/#breadcrumb\"},\"inLanguage\":\"es\",\"potentialAction\":[{\"@type\":\"ReadAction\",\"target\":[\"https:\\\/\\\/aplimedia.com\\\/tutoriales\\\/tpv\\\/vales\\\/\"]}]},{\"@type\":\"ImageObject\",\"inLanguage\":\"es\",\"@id\":\"https:\\\/\\\/aplimedia.com\\\/tutoriales\\\/tpv\\\/vales\\\/#primaryimage\",\"url\":\"https:\\\/\\\/aplimedia.com\\\/tutoriales\\\/wp-content\\\/uploads\\\/2021\\\/12\\\/valetpv1.gif\",\"contentUrl\":\"https:\\\/\\\/aplimedia.com\\\/tutoriales\\\/wp-content\\\/uploads\\\/2021\\\/12\\\/valetpv1.gif\",\"width\":1881,\"height\":924},{\"@type\":\"BreadcrumbList\",\"@id\":\"https:\\\/\\\/aplimedia.com\\\/tutoriales\\\/tpv\\\/vales\\\/#breadcrumb\",\"itemListElement\":[{\"@type\":\"ListItem\",\"position\":1,\"name\":\"Tutoriales\",\"item\":\"https:\\\/\\\/aplimedia.com\\\/tutoriales\\\/\"},{\"@type\":\"ListItem\",\"position\":2,\"name\":\"TPV\",\"item\":\"https:\\\/\\\/aplimedia.com\\\/tutoriales\\\/tpv\\\/\"},{\"@type\":\"ListItem\",\"position\":3,\"name\":\"Uso de vales en el m\u00f3dulo TPV\"}]},{\"@type\":\"WebSite\",\"@id\":\"https:\\\/\\\/aplimedia.com\\\/tutoriales\\\/#website\",\"url\":\"https:\\\/\\\/aplimedia.com\\\/tutoriales\\\/\",\"name\":\"Tutoriales de Secre\",\"description\":\"Tutoriales del software de gesti\u00f3n Secre\",\"publisher\":{\"@id\":\"https:\\\/\\\/aplimedia.com\\\/tutoriales\\\/#organization\"},\"potentialAction\":[{\"@type\":\"SearchAction\",\"target\":{\"@type\":\"EntryPoint\",\"urlTemplate\":\"https:\\\/\\\/aplimedia.com\\\/tutoriales\\\/?s={search_term_string}\"},\"query-input\":{\"@type\":\"PropertyValueSpecification\",\"valueRequired\":true,\"valueName\":\"search_term_string\"}}],\"inLanguage\":\"es\"},{\"@type\":\"Organization\",\"@id\":\"https:\\\/\\\/aplimedia.com\\\/tutoriales\\\/#organization\",\"name\":\"Tutoriales de Secre\",\"url\":\"https:\\\/\\\/aplimedia.com\\\/tutoriales\\\/\",\"logo\":{\"@type\":\"ImageObject\",\"inLanguage\":\"es\",\"@id\":\"https:\\\/\\\/aplimedia.com\\\/tutoriales\\\/#\\\/schema\\\/logo\\\/image\\\/\",\"url\":\"https:\\\/\\\/aplimedia.com\\\/tutoriales\\\/wp-content\\\/uploads\\\/2022\\\/03\\\/cropped-logotipo-aplimedia.png\",\"contentUrl\":\"https:\\\/\\\/aplimedia.com\\\/tutoriales\\\/wp-content\\\/uploads\\\/2022\\\/03\\\/cropped-logotipo-aplimedia.png\",\"width\":2000,\"height\":658,\"caption\":\"Tutoriales de Secre\"},\"image\":{\"@id\":\"https:\\\/\\\/aplimedia.com\\\/tutoriales\\\/#\\\/schema\\\/logo\\\/image\\\/\"}}]}<\/script>\n<!-- \/ Yoast SEO plugin. -->","yoast_head_json":{"title":"Uso de vales en el m\u00f3dulo TPV | Tutoriales de Secre","robots":{"index":"index","follow":"follow","max-snippet":"max-snippet:-1","max-image-preview":"max-image-preview:large","max-video-preview":"max-video-preview:-1"},"canonical":"https:\/\/aplimedia.com\/tutoriales\/tpv\/vales\/","og_locale":"es_ES","og_type":"article","og_title":"Uso de vales en el m\u00f3dulo TPV | Tutoriales de Secre","og_description":"Secre permite generar vales con los que el cliente podr\u00e1 pagar a posteriori. Puedes generar vales que despu\u00e9s se pueden utilizar para pagar un ticket. C\u00f3mo generar un vale: Para generar un vale por una devoluci\u00f3n, debemos crear un nuevo ticket.\u00a0 El importe debe ser negativo, por tanto las l\u00edneas del ticket deben estar en [&hellip;]","og_url":"https:\/\/aplimedia.com\/tutoriales\/tpv\/vales\/","og_site_name":"Tutoriales de Secre","article_modified_time":"2025-03-11T14:35:44+00:00","og_image":[{"width":1881,"height":924,"url":"https:\/\/aplimedia.com\/tutoriales\/wp-content\/uploads\/2021\/12\/valetpv1.gif","type":"image\/gif"}],"twitter_card":"summary_large_image","twitter_misc":{"Tiempo de lectura":"3 minutos"},"schema":{"@context":"https:\/\/schema.org","@graph":[{"@type":"WebPage","@id":"https:\/\/aplimedia.com\/tutoriales\/tpv\/vales\/","url":"https:\/\/aplimedia.com\/tutoriales\/tpv\/vales\/","name":"Uso de vales en el m\u00f3dulo TPV | Tutoriales de Secre","isPartOf":{"@id":"https:\/\/aplimedia.com\/tutoriales\/#website"},"primaryImageOfPage":{"@id":"https:\/\/aplimedia.com\/tutoriales\/tpv\/vales\/#primaryimage"},"image":{"@id":"https:\/\/aplimedia.com\/tutoriales\/tpv\/vales\/#primaryimage"},"thumbnailUrl":"https:\/\/aplimedia.com\/tutoriales\/wp-content\/uploads\/2021\/12\/valetpv1.gif","datePublished":"2021-12-20T13:03:30+00:00","dateModified":"2025-03-11T14:35:44+00:00","breadcrumb":{"@id":"https:\/\/aplimedia.com\/tutoriales\/tpv\/vales\/#breadcrumb"},"inLanguage":"es","potentialAction":[{"@type":"ReadAction","target":["https:\/\/aplimedia.com\/tutoriales\/tpv\/vales\/"]}]},{"@type":"ImageObject","inLanguage":"es","@id":"https:\/\/aplimedia.com\/tutoriales\/tpv\/vales\/#primaryimage","url":"https:\/\/aplimedia.com\/tutoriales\/wp-content\/uploads\/2021\/12\/valetpv1.gif","contentUrl":"https:\/\/aplimedia.com\/tutoriales\/wp-content\/uploads\/2021\/12\/valetpv1.gif","width":1881,"height":924},{"@type":"BreadcrumbList","@id":"https:\/\/aplimedia.com\/tutoriales\/tpv\/vales\/#breadcrumb","itemListElement":[{"@type":"ListItem","position":1,"name":"Tutoriales","item":"https:\/\/aplimedia.com\/tutoriales\/"},{"@type":"ListItem","position":2,"name":"TPV","item":"https:\/\/aplimedia.com\/tutoriales\/tpv\/"},{"@type":"ListItem","position":3,"name":"Uso de vales en el m\u00f3dulo TPV"}]},{"@type":"WebSite","@id":"https:\/\/aplimedia.com\/tutoriales\/#website","url":"https:\/\/aplimedia.com\/tutoriales\/","name":"Tutoriales de Secre","description":"Tutoriales del software de gesti\u00f3n Secre","publisher":{"@id":"https:\/\/aplimedia.com\/tutoriales\/#organization"},"potentialAction":[{"@type":"SearchAction","target":{"@type":"EntryPoint","urlTemplate":"https:\/\/aplimedia.com\/tutoriales\/?s={search_term_string}"},"query-input":{"@type":"PropertyValueSpecification","valueRequired":true,"valueName":"search_term_string"}}],"inLanguage":"es"},{"@type":"Organization","@id":"https:\/\/aplimedia.com\/tutoriales\/#organization","name":"Tutoriales de Secre","url":"https:\/\/aplimedia.com\/tutoriales\/","logo":{"@type":"ImageObject","inLanguage":"es","@id":"https:\/\/aplimedia.com\/tutoriales\/#\/schema\/logo\/image\/","url":"https:\/\/aplimedia.com\/tutoriales\/wp-content\/uploads\/2022\/03\/cropped-logotipo-aplimedia.png","contentUrl":"https:\/\/aplimedia.com\/tutoriales\/wp-content\/uploads\/2022\/03\/cropped-logotipo-aplimedia.png","width":2000,"height":658,"caption":"Tutoriales de Secre"},"image":{"@id":"https:\/\/aplimedia.com\/tutoriales\/#\/schema\/logo\/image\/"}}]}},"_links":{"self":[{"href":"https:\/\/aplimedia.com\/tutoriales\/wp-json\/wp\/v2\/pages\/4212","targetHints":{"allow":["GET"]}}],"collection":[{"href":"https:\/\/aplimedia.com\/tutoriales\/wp-json\/wp\/v2\/pages"}],"about":[{"href":"https:\/\/aplimedia.com\/tutoriales\/wp-json\/wp\/v2\/types\/page"}],"author":[{"embeddable":true,"href":"https:\/\/aplimedia.com\/tutoriales\/wp-json\/wp\/v2\/users\/1"}],"replies":[{"embeddable":true,"href":"https:\/\/aplimedia.com\/tutoriales\/wp-json\/wp\/v2\/comments?post=4212"}],"version-history":[{"count":0,"href":"https:\/\/aplimedia.com\/tutoriales\/wp-json\/wp\/v2\/pages\/4212\/revisions"}],"up":[{"embeddable":true,"href":"https:\/\/aplimedia.com\/tutoriales\/wp-json\/wp\/v2\/pages\/4174"}],"wp:attachment":[{"href":"https:\/\/aplimedia.com\/tutoriales\/wp-json\/wp\/v2\/media?parent=4212"}],"curies":[{"name":"wp","href":"https:\/\/api.w.org\/{rel}","templated":true}]}}