{"id":4056,"date":"2021-09-06T14:44:20","date_gmt":"2021-09-06T14:44:20","guid":{"rendered":"https:\/\/aplimedia.com\/tutoriales\/?page_id=4056"},"modified":"2025-03-11T14:38:13","modified_gmt":"2025-03-11T14:38:13","slug":"asistente-para-la-creacion-de-asientos-de-nominas","status":"publish","type":"page","link":"https:\/\/aplimedia.com\/tutoriales\/varios\/asistente-para-la-creacion-de-asientos-de-nominas\/","title":{"rendered":"Asistente para la creaci\u00f3n de asientos de n\u00f3minas"},"content":{"rendered":"\t\t<div data-elementor-type=\"wp-post\" data-elementor-id=\"4056\" class=\"elementor elementor-4056\" data-elementor-post-type=\"page\">\n\t\t\t\t\t\t<section class=\"elementor-section elementor-top-section elementor-element elementor-element-6c7254b2 elementor-section-stretched elementor-section-boxed elementor-section-height-default elementor-section-height-default\" data-id=\"6c7254b2\" data-element_type=\"section\" data-e-type=\"section\" data-settings=\"{&quot;stretch_section&quot;:&quot;section-stretched&quot;,&quot;background_background&quot;:&quot;classic&quot;}\">\n\t\t\t\t\t\t<div class=\"elementor-container elementor-column-gap-default\">\n\t\t\t\t\t<div class=\"elementor-column elementor-col-100 elementor-top-column elementor-element elementor-element-19e1abc\" data-id=\"19e1abc\" data-element_type=\"column\" data-e-type=\"column\">\n\t\t\t<div class=\"elementor-widget-wrap elementor-element-populated\">\n\t\t\t\t\t\t<div class=\"elementor-element elementor-element-ddacdbe elementor-widget elementor-widget-text-editor\" data-id=\"ddacdbe\" data-element_type=\"widget\" data-e-type=\"widget\" data-widget_type=\"text-editor.default\">\n\t\t\t\t<div class=\"elementor-widget-container\">\n\t\t\t\t\t\t\t\t\t<p>Secre incorpora una herramienta para crear asientos contables de n\u00f3minas.<\/p><p>Como seguramente ya sepas, Secre no es un programa de contabilidad, pero s\u00ed lleva la contabilidad por debajo para ahorrarnos trabajo. Desde la pantalla de contabilidad, en <strong>Herramientas&gt;Enlace con contabilidad<\/strong>, podemos exportar un fichero que, despu\u00e9s, podremos importar a nuestro programa de contabilidad, o podemos mand\u00e1rselo a nuestra asesor\u00eda para que ellos lo hagan. De esta forma, si llevamos todo al d\u00eda en Secre, nos ahorraremos el tener que introducir manualmente los asientos.<\/p><p>Secre crea autom\u00e1ticamente los asientos de compras, ventas, movimientos de cobro y pago\u2026 Pero los asientos contables de las n\u00f3minas tenemos que meterlos manualmente desde la pantalla de Contabilidad.\u00a0<\/p><p>Para ayudarte en la creaci\u00f3n de esos asientos, hemos a\u00f1adido una herramienta que lo hace de forma autom\u00e1tica.<\/p><p>Para utilizarla, sigue los siguientes pasos:<\/p>\t\t\t\t\t\t\t\t<\/div>\n\t\t\t\t<\/div>\n\t\t\t\t<div class=\"elementor-element elementor-element-6f2977c elementor-widget elementor-widget-spacer\" data-id=\"6f2977c\" data-element_type=\"widget\" data-e-type=\"widget\" data-widget_type=\"spacer.default\">\n\t\t\t\t<div class=\"elementor-widget-container\">\n\t\t\t\t\t\t\t<div class=\"elementor-spacer\">\n\t\t\t<div class=\"elementor-spacer-inner\"><\/div>\n\t\t<\/div>\n\t\t\t\t\t\t<\/div>\n\t\t\t\t<\/div>\n\t\t\t\t<div class=\"elementor-element elementor-element-e7d4c32 elementor-widget elementor-widget-heading\" data-id=\"e7d4c32\" data-element_type=\"widget\" data-e-type=\"widget\" data-widget_type=\"heading.default\">\n\t\t\t\t<div class=\"elementor-widget-container\">\n\t\t\t\t\t<h2 class=\"elementor-heading-title elementor-size-default\">Paso 1:<\/h2>\t\t\t\t<\/div>\n\t\t\t\t<\/div>\n\t\t\t\t<div class=\"elementor-element elementor-element-0cce303 elementor-widget elementor-widget-text-editor\" data-id=\"0cce303\" data-element_type=\"widget\" data-e-type=\"widget\" data-widget_type=\"text-editor.default\">\n\t\t\t\t<div class=\"elementor-widget-container\">\n\t\t\t\t\t\t\t\t\t<p>Desde la pantalla principal de Secre ve a <em><strong>Herramientas&gt;Enlace con contabilidad<\/strong><\/em>:<\/p>\t\t\t\t\t\t\t\t<\/div>\n\t\t\t\t<\/div>\n\t\t\t\t<section class=\"elementor-section elementor-inner-section elementor-element elementor-element-c9f7ea9 elementor-section-boxed elementor-section-height-default elementor-section-height-default\" data-id=\"c9f7ea9\" data-element_type=\"section\" data-e-type=\"section\">\n\t\t\t\t\t\t<div class=\"elementor-container elementor-column-gap-default\">\n\t\t\t\t\t<div class=\"elementor-column elementor-col-100 elementor-inner-column elementor-element elementor-element-b8175d9\" data-id=\"b8175d9\" data-element_type=\"column\" data-e-type=\"column\">\n\t\t\t<div class=\"elementor-widget-wrap elementor-element-populated\">\n\t\t\t\t\t\t<div class=\"elementor-element elementor-element-62bd1a0 elementor-widget elementor-widget-image\" data-id=\"62bd1a0\" data-element_type=\"widget\" data-e-type=\"widget\" data-widget_type=\"image.default\">\n\t\t\t\t<div class=\"elementor-widget-container\">\n\t\t\t\t\t\t\t\t\t\t\t\t\t\t\t\t<a href=\"https:\/\/aplimedia.com\/tutoriales\/wp-content\/uploads\/2019\/04\/enlacecontablepantalladatos.gif\" data-elementor-open-lightbox=\"yes\" data-elementor-lightbox-title=\"enlacecontablepantalladatos\" data-e-action-hash=\"#elementor-action%3Aaction%3Dlightbox%26settings%3DeyJpZCI6MzA4NSwidXJsIjoiaHR0cHM6XC9cL2FwbGltZWRpYS5jb21cL3R1dG9yaWFsZXNcL3dwLWNvbnRlbnRcL3VwbG9hZHNcLzIwMTlcLzA0XC9lbmxhY2Vjb250YWJsZXBhbnRhbGxhZGF0b3MuZ2lmIn0%3D\">\n\t\t\t\t\t\t\t<img fetchpriority=\"high\" decoding=\"async\" width=\"802\" height=\"555\" src=\"https:\/\/aplimedia.com\/tutoriales\/wp-content\/uploads\/2019\/04\/enlacecontablepantalladatos.gif\" class=\"attachment-full size-full wp-image-3085\" alt=\"\" \/>\t\t\t\t\t\t\t\t<\/a>\n\t\t\t\t\t\t\t\t\t\t\t\t\t\t\t<\/div>\n\t\t\t\t<\/div>\n\t\t\t\t\t<\/div>\n\t\t<\/div>\n\t\t\t\t\t<\/div>\n\t\t<\/section>\n\t\t\t\t<div class=\"elementor-element elementor-element-2704084 elementor-widget elementor-widget-spacer\" data-id=\"2704084\" data-element_type=\"widget\" data-e-type=\"widget\" data-widget_type=\"spacer.default\">\n\t\t\t\t<div class=\"elementor-widget-container\">\n\t\t\t\t\t\t\t<div class=\"elementor-spacer\">\n\t\t\t<div class=\"elementor-spacer-inner\"><\/div>\n\t\t<\/div>\n\t\t\t\t\t\t<\/div>\n\t\t\t\t<\/div>\n\t\t\t\t<div class=\"elementor-element elementor-element-73e5600 elementor-widget elementor-widget-heading\" data-id=\"73e5600\" data-element_type=\"widget\" data-e-type=\"widget\" data-widget_type=\"heading.default\">\n\t\t\t\t<div class=\"elementor-widget-container\">\n\t\t\t\t\t<h2 class=\"elementor-heading-title elementor-size-default\">Paso 2:<\/h2>\t\t\t\t<\/div>\n\t\t\t\t<\/div>\n\t\t\t\t<div class=\"elementor-element elementor-element-cddf43b elementor-widget elementor-widget-text-editor\" data-id=\"cddf43b\" data-element_type=\"widget\" data-e-type=\"widget\" data-widget_type=\"text-editor.default\">\n\t\t\t\t<div class=\"elementor-widget-container\">\n\t\t\t\t\t\t\t\t\t<p>En \u00abSelecci\u00f3n\u00bb, escoge la opci\u00f3n \u00ab<strong>Operaciones Varias<\/strong>\u00ab. Despu\u00e9s ve a <strong>Herramientas&gt;Ayuda para introducir una n\u00f3mina<\/strong>.<\/p>\t\t\t\t\t\t\t\t<\/div>\n\t\t\t\t<\/div>\n\t\t\t\t<div class=\"elementor-element elementor-element-c1a17d0 elementor-widget elementor-widget-image\" data-id=\"c1a17d0\" data-element_type=\"widget\" data-e-type=\"widget\" data-widget_type=\"image.default\">\n\t\t\t\t<div class=\"elementor-widget-container\">\n\t\t\t\t\t\t\t\t\t\t\t\t\t\t\t<img decoding=\"async\" width=\"940\" height=\"712\" src=\"https:\/\/aplimedia.com\/tutoriales\/wp-content\/uploads\/2021\/09\/asistente-asientos-nominas1.gif\" class=\"attachment-full size-full wp-image-4058\" alt=\"\" \/>\t\t\t\t\t\t\t\t\t\t\t\t\t\t\t<\/div>\n\t\t\t\t<\/div>\n\t\t\t\t<div class=\"elementor-element elementor-element-a04566e elementor-widget elementor-widget-spacer\" data-id=\"a04566e\" data-element_type=\"widget\" data-e-type=\"widget\" data-widget_type=\"spacer.default\">\n\t\t\t\t<div class=\"elementor-widget-container\">\n\t\t\t\t\t\t\t<div class=\"elementor-spacer\">\n\t\t\t<div class=\"elementor-spacer-inner\"><\/div>\n\t\t<\/div>\n\t\t\t\t\t\t<\/div>\n\t\t\t\t<\/div>\n\t\t\t\t<div class=\"elementor-element elementor-element-9f928fc elementor-widget elementor-widget-heading\" data-id=\"9f928fc\" data-element_type=\"widget\" data-e-type=\"widget\" data-widget_type=\"heading.default\">\n\t\t\t\t<div class=\"elementor-widget-container\">\n\t\t\t\t\t<h2 class=\"elementor-heading-title elementor-size-default\">Paso 3:<\/h2>\t\t\t\t<\/div>\n\t\t\t\t<\/div>\n\t\t\t\t<div class=\"elementor-element elementor-element-9a79536 elementor-widget elementor-widget-text-editor\" data-id=\"9a79536\" data-element_type=\"widget\" data-e-type=\"widget\" data-widget_type=\"text-editor.default\">\n\t\t\t\t<div class=\"elementor-widget-container\">\n\t\t\t\t\t\t\t\t\t<p>En esta pantalla debemos introducir los distintos campos con la informaci\u00f3n de la n\u00f3mina.&nbsp;<\/p>\n<p>Si dejamos alguno de los campos vac\u00edos, por ejemplo, el neto, y hacemos clic en \u00abRecalcular\u00bb, Secre nos har\u00e1 el c\u00e1lculo:<\/p>\t\t\t\t\t\t\t\t<\/div>\n\t\t\t\t<\/div>\n\t\t\t\t<div class=\"elementor-element elementor-element-ec23b02 elementor-widget elementor-widget-image\" data-id=\"ec23b02\" data-element_type=\"widget\" data-e-type=\"widget\" data-widget_type=\"image.default\">\n\t\t\t\t<div class=\"elementor-widget-container\">\n\t\t\t\t\t\t\t\t\t\t\t\t\t\t\t<img decoding=\"async\" width=\"1072\" height=\"551\" src=\"https:\/\/aplimedia.com\/tutoriales\/wp-content\/uploads\/2021\/09\/asistente-asientos-nominas2.gif\" class=\"attachment-full size-full wp-image-4059\" alt=\"\" \/>\t\t\t\t\t\t\t\t\t\t\t\t\t\t\t<\/div>\n\t\t\t\t<\/div>\n\t\t\t\t<div class=\"elementor-element elementor-element-abbeaca elementor-widget elementor-widget-text-editor\" data-id=\"abbeaca\" data-element_type=\"widget\" data-e-type=\"widget\" data-widget_type=\"text-editor.default\">\n\t\t\t\t<div class=\"elementor-widget-container\">\n\t\t\t\t\t\t\t\t\t<p>Cuando lo tengamos, hacemos clic en Aceptar y Secre nos crear\u00e1 el asiento con sus distintas cuentas contables:<\/p>\t\t\t\t\t\t\t\t<\/div>\n\t\t\t\t<\/div>\n\t\t\t\t<div class=\"elementor-element elementor-element-85fe30a elementor-widget elementor-widget-image\" data-id=\"85fe30a\" data-element_type=\"widget\" data-e-type=\"widget\" data-widget_type=\"image.default\">\n\t\t\t\t<div class=\"elementor-widget-container\">\n\t\t\t\t\t\t\t\t\t\t\t\t\t\t\t<img loading=\"lazy\" decoding=\"async\" width=\"888\" height=\"132\" src=\"https:\/\/aplimedia.com\/tutoriales\/wp-content\/uploads\/2021\/09\/asistente-nominas.png\" class=\"attachment-full size-full wp-image-4060\" alt=\"\" srcset=\"https:\/\/aplimedia.com\/tutoriales\/wp-content\/uploads\/2021\/09\/asistente-nominas.png 888w, https:\/\/aplimedia.com\/tutoriales\/wp-content\/uploads\/2021\/09\/asistente-nominas-300x45.png 300w, https:\/\/aplimedia.com\/tutoriales\/wp-content\/uploads\/2021\/09\/asistente-nominas-768x114.png 768w\" sizes=\"(max-width: 888px) 100vw, 888px\" \/>\t\t\t\t\t\t\t\t\t\t\t\t\t\t\t<\/div>\n\t\t\t\t<\/div>\n\t\t\t\t<div class=\"elementor-element elementor-element-d5e3893 elementor-widget elementor-widget-text-editor\" data-id=\"d5e3893\" data-element_type=\"widget\" data-e-type=\"widget\" data-widget_type=\"text-editor.default\">\n\t\t\t\t<div class=\"elementor-widget-container\">\n\t\t\t\t\t\t\t\t\t<p>Como podr\u00e1s comprobar, Secre guarda la informaci\u00f3n en la pantalla, as\u00ed que podr\u00eda repetir la operaci\u00f3n si por ejemplo quiero crear los asientos de distintos meses, simplemente cambiando la fecha.<\/p><p>Como el pago de la n\u00f3mina lo realizaremos desde el m\u00f3dulo de Movimientos de Cobros y pagos, el asiento del pago se nos crear\u00e1 autom\u00e1ticamente.<\/p>\t\t\t\t\t\t\t\t<\/div>\n\t\t\t\t<\/div>\n\t\t\t\t<div class=\"elementor-element elementor-element-d1c480d elementor-widget elementor-widget-spacer\" data-id=\"d1c480d\" data-element_type=\"widget\" data-e-type=\"widget\" data-widget_type=\"spacer.default\">\n\t\t\t\t<div class=\"elementor-widget-container\">\n\t\t\t\t\t\t\t<div class=\"elementor-spacer\">\n\t\t\t<div class=\"elementor-spacer-inner\"><\/div>\n\t\t<\/div>\n\t\t\t\t\t\t<\/div>\n\t\t\t\t<\/div>\n\t\t\t\t\t<\/div>\n\t\t<\/div>\n\t\t\t\t\t<\/div>\n\t\t<\/section>\n\t\t\t\t<\/div>\n\t\t","protected":false},"excerpt":{"rendered":"<p>Secre incorpora una herramienta para crear asientos contables de n\u00f3minas. Como seguramente ya sepas, Secre no es un programa de contabilidad, pero s\u00ed lleva la contabilidad por debajo para ahorrarnos trabajo. Desde la pantalla de contabilidad, en Herramientas&gt;Enlace con contabilidad, podemos exportar un fichero que, despu\u00e9s, podremos importar a nuestro programa de contabilidad, o podemos [&hellip;]<\/p>\n","protected":false},"author":1,"featured_media":0,"parent":1189,"menu_order":0,"comment_status":"closed","ping_status":"closed","template":"","meta":{"footnotes":""},"class_list":["post-4056","page","type-page","status-publish","hentry"],"yoast_head":"<!-- This site is optimized with the Yoast SEO plugin v27.5 - https:\/\/yoast.com\/product\/yoast-seo-wordpress\/ -->\n<title>Asistente para la creaci\u00f3n de asientos de n\u00f3minas | Tutoriales de Secre<\/title>\n<meta name=\"robots\" content=\"index, follow, max-snippet:-1, max-image-preview:large, max-video-preview:-1\" \/>\n<link rel=\"canonical\" href=\"https:\/\/aplimedia.com\/tutoriales\/varios\/asistente-para-la-creacion-de-asientos-de-nominas\/\" \/>\n<meta property=\"og:locale\" content=\"es_ES\" \/>\n<meta property=\"og:type\" content=\"article\" \/>\n<meta property=\"og:title\" content=\"Asistente para la creaci\u00f3n de asientos de n\u00f3minas | Tutoriales de Secre\" \/>\n<meta property=\"og:description\" content=\"Secre incorpora una herramienta para crear asientos contables de n\u00f3minas. Como seguramente ya sepas, Secre no es un programa de contabilidad, pero s\u00ed lleva la contabilidad por debajo para ahorrarnos trabajo. Desde la pantalla de contabilidad, en Herramientas&gt;Enlace con contabilidad, podemos exportar un fichero que, despu\u00e9s, podremos importar a nuestro programa de contabilidad, o podemos [&hellip;]\" \/>\n<meta property=\"og:url\" content=\"https:\/\/aplimedia.com\/tutoriales\/varios\/asistente-para-la-creacion-de-asientos-de-nominas\/\" \/>\n<meta property=\"og:site_name\" content=\"Tutoriales de Secre\" \/>\n<meta property=\"article:modified_time\" content=\"2025-03-11T14:38:13+00:00\" \/>\n<meta property=\"og:image\" content=\"https:\/\/aplimedia.com\/tutoriales\/wp-content\/uploads\/2019\/04\/enlacecontablepantalladatos.gif\" \/>\n\t<meta property=\"og:image:width\" content=\"802\" \/>\n\t<meta property=\"og:image:height\" content=\"555\" \/>\n\t<meta property=\"og:image:type\" content=\"image\/gif\" \/>\n<meta name=\"twitter:card\" content=\"summary_large_image\" \/>\n<meta name=\"twitter:label1\" content=\"Tiempo de lectura\" \/>\n\t<meta name=\"twitter:data1\" content=\"3 minutos\" \/>\n<script type=\"application\/ld+json\" class=\"yoast-schema-graph\">{\"@context\":\"https:\\\/\\\/schema.org\",\"@graph\":[{\"@type\":\"WebPage\",\"@id\":\"https:\\\/\\\/aplimedia.com\\\/tutoriales\\\/varios\\\/asistente-para-la-creacion-de-asientos-de-nominas\\\/\",\"url\":\"https:\\\/\\\/aplimedia.com\\\/tutoriales\\\/varios\\\/asistente-para-la-creacion-de-asientos-de-nominas\\\/\",\"name\":\"Asistente para la creaci\u00f3n de asientos de n\u00f3minas | Tutoriales de Secre\",\"isPartOf\":{\"@id\":\"https:\\\/\\\/aplimedia.com\\\/tutoriales\\\/#website\"},\"primaryImageOfPage\":{\"@id\":\"https:\\\/\\\/aplimedia.com\\\/tutoriales\\\/varios\\\/asistente-para-la-creacion-de-asientos-de-nominas\\\/#primaryimage\"},\"image\":{\"@id\":\"https:\\\/\\\/aplimedia.com\\\/tutoriales\\\/varios\\\/asistente-para-la-creacion-de-asientos-de-nominas\\\/#primaryimage\"},\"thumbnailUrl\":\"https:\\\/\\\/aplimedia.com\\\/tutoriales\\\/wp-content\\\/uploads\\\/2019\\\/04\\\/enlacecontablepantalladatos.gif\",\"datePublished\":\"2021-09-06T14:44:20+00:00\",\"dateModified\":\"2025-03-11T14:38:13+00:00\",\"breadcrumb\":{\"@id\":\"https:\\\/\\\/aplimedia.com\\\/tutoriales\\\/varios\\\/asistente-para-la-creacion-de-asientos-de-nominas\\\/#breadcrumb\"},\"inLanguage\":\"es\",\"potentialAction\":[{\"@type\":\"ReadAction\",\"target\":[\"https:\\\/\\\/aplimedia.com\\\/tutoriales\\\/varios\\\/asistente-para-la-creacion-de-asientos-de-nominas\\\/\"]}]},{\"@type\":\"ImageObject\",\"inLanguage\":\"es\",\"@id\":\"https:\\\/\\\/aplimedia.com\\\/tutoriales\\\/varios\\\/asistente-para-la-creacion-de-asientos-de-nominas\\\/#primaryimage\",\"url\":\"https:\\\/\\\/aplimedia.com\\\/tutoriales\\\/wp-content\\\/uploads\\\/2019\\\/04\\\/enlacecontablepantalladatos.gif\",\"contentUrl\":\"https:\\\/\\\/aplimedia.com\\\/tutoriales\\\/wp-content\\\/uploads\\\/2019\\\/04\\\/enlacecontablepantalladatos.gif\",\"width\":802,\"height\":555},{\"@type\":\"BreadcrumbList\",\"@id\":\"https:\\\/\\\/aplimedia.com\\\/tutoriales\\\/varios\\\/asistente-para-la-creacion-de-asientos-de-nominas\\\/#breadcrumb\",\"itemListElement\":[{\"@type\":\"ListItem\",\"position\":1,\"name\":\"Tutoriales\",\"item\":\"https:\\\/\\\/aplimedia.com\\\/tutoriales\\\/\"},{\"@type\":\"ListItem\",\"position\":2,\"name\":\"Varios\",\"item\":\"https:\\\/\\\/aplimedia.com\\\/tutoriales\\\/varios\\\/\"},{\"@type\":\"ListItem\",\"position\":3,\"name\":\"Asistente para la creaci\u00f3n de asientos de n\u00f3minas\"}]},{\"@type\":\"WebSite\",\"@id\":\"https:\\\/\\\/aplimedia.com\\\/tutoriales\\\/#website\",\"url\":\"https:\\\/\\\/aplimedia.com\\\/tutoriales\\\/\",\"name\":\"Tutoriales de Secre\",\"description\":\"Tutoriales del software de gesti\u00f3n Secre\",\"publisher\":{\"@id\":\"https:\\\/\\\/aplimedia.com\\\/tutoriales\\\/#organization\"},\"potentialAction\":[{\"@type\":\"SearchAction\",\"target\":{\"@type\":\"EntryPoint\",\"urlTemplate\":\"https:\\\/\\\/aplimedia.com\\\/tutoriales\\\/?s={search_term_string}\"},\"query-input\":{\"@type\":\"PropertyValueSpecification\",\"valueRequired\":true,\"valueName\":\"search_term_string\"}}],\"inLanguage\":\"es\"},{\"@type\":\"Organization\",\"@id\":\"https:\\\/\\\/aplimedia.com\\\/tutoriales\\\/#organization\",\"name\":\"Tutoriales de Secre\",\"url\":\"https:\\\/\\\/aplimedia.com\\\/tutoriales\\\/\",\"logo\":{\"@type\":\"ImageObject\",\"inLanguage\":\"es\",\"@id\":\"https:\\\/\\\/aplimedia.com\\\/tutoriales\\\/#\\\/schema\\\/logo\\\/image\\\/\",\"url\":\"https:\\\/\\\/aplimedia.com\\\/tutoriales\\\/wp-content\\\/uploads\\\/2022\\\/03\\\/cropped-logotipo-aplimedia.png\",\"contentUrl\":\"https:\\\/\\\/aplimedia.com\\\/tutoriales\\\/wp-content\\\/uploads\\\/2022\\\/03\\\/cropped-logotipo-aplimedia.png\",\"width\":2000,\"height\":658,\"caption\":\"Tutoriales de Secre\"},\"image\":{\"@id\":\"https:\\\/\\\/aplimedia.com\\\/tutoriales\\\/#\\\/schema\\\/logo\\\/image\\\/\"}}]}<\/script>\n<!-- \/ Yoast SEO plugin. -->","yoast_head_json":{"title":"Asistente para la creaci\u00f3n de asientos de n\u00f3minas | Tutoriales de Secre","robots":{"index":"index","follow":"follow","max-snippet":"max-snippet:-1","max-image-preview":"max-image-preview:large","max-video-preview":"max-video-preview:-1"},"canonical":"https:\/\/aplimedia.com\/tutoriales\/varios\/asistente-para-la-creacion-de-asientos-de-nominas\/","og_locale":"es_ES","og_type":"article","og_title":"Asistente para la creaci\u00f3n de asientos de n\u00f3minas | Tutoriales de Secre","og_description":"Secre incorpora una herramienta para crear asientos contables de n\u00f3minas. Como seguramente ya sepas, Secre no es un programa de contabilidad, pero s\u00ed lleva la contabilidad por debajo para ahorrarnos trabajo. Desde la pantalla de contabilidad, en Herramientas&gt;Enlace con contabilidad, podemos exportar un fichero que, despu\u00e9s, podremos importar a nuestro programa de contabilidad, o podemos [&hellip;]","og_url":"https:\/\/aplimedia.com\/tutoriales\/varios\/asistente-para-la-creacion-de-asientos-de-nominas\/","og_site_name":"Tutoriales de Secre","article_modified_time":"2025-03-11T14:38:13+00:00","og_image":[{"width":802,"height":555,"url":"https:\/\/aplimedia.com\/tutoriales\/wp-content\/uploads\/2019\/04\/enlacecontablepantalladatos.gif","type":"image\/gif"}],"twitter_card":"summary_large_image","twitter_misc":{"Tiempo de lectura":"3 minutos"},"schema":{"@context":"https:\/\/schema.org","@graph":[{"@type":"WebPage","@id":"https:\/\/aplimedia.com\/tutoriales\/varios\/asistente-para-la-creacion-de-asientos-de-nominas\/","url":"https:\/\/aplimedia.com\/tutoriales\/varios\/asistente-para-la-creacion-de-asientos-de-nominas\/","name":"Asistente para la creaci\u00f3n de asientos de n\u00f3minas | Tutoriales de Secre","isPartOf":{"@id":"https:\/\/aplimedia.com\/tutoriales\/#website"},"primaryImageOfPage":{"@id":"https:\/\/aplimedia.com\/tutoriales\/varios\/asistente-para-la-creacion-de-asientos-de-nominas\/#primaryimage"},"image":{"@id":"https:\/\/aplimedia.com\/tutoriales\/varios\/asistente-para-la-creacion-de-asientos-de-nominas\/#primaryimage"},"thumbnailUrl":"https:\/\/aplimedia.com\/tutoriales\/wp-content\/uploads\/2019\/04\/enlacecontablepantalladatos.gif","datePublished":"2021-09-06T14:44:20+00:00","dateModified":"2025-03-11T14:38:13+00:00","breadcrumb":{"@id":"https:\/\/aplimedia.com\/tutoriales\/varios\/asistente-para-la-creacion-de-asientos-de-nominas\/#breadcrumb"},"inLanguage":"es","potentialAction":[{"@type":"ReadAction","target":["https:\/\/aplimedia.com\/tutoriales\/varios\/asistente-para-la-creacion-de-asientos-de-nominas\/"]}]},{"@type":"ImageObject","inLanguage":"es","@id":"https:\/\/aplimedia.com\/tutoriales\/varios\/asistente-para-la-creacion-de-asientos-de-nominas\/#primaryimage","url":"https:\/\/aplimedia.com\/tutoriales\/wp-content\/uploads\/2019\/04\/enlacecontablepantalladatos.gif","contentUrl":"https:\/\/aplimedia.com\/tutoriales\/wp-content\/uploads\/2019\/04\/enlacecontablepantalladatos.gif","width":802,"height":555},{"@type":"BreadcrumbList","@id":"https:\/\/aplimedia.com\/tutoriales\/varios\/asistente-para-la-creacion-de-asientos-de-nominas\/#breadcrumb","itemListElement":[{"@type":"ListItem","position":1,"name":"Tutoriales","item":"https:\/\/aplimedia.com\/tutoriales\/"},{"@type":"ListItem","position":2,"name":"Varios","item":"https:\/\/aplimedia.com\/tutoriales\/varios\/"},{"@type":"ListItem","position":3,"name":"Asistente para la creaci\u00f3n de asientos de n\u00f3minas"}]},{"@type":"WebSite","@id":"https:\/\/aplimedia.com\/tutoriales\/#website","url":"https:\/\/aplimedia.com\/tutoriales\/","name":"Tutoriales de Secre","description":"Tutoriales del software de gesti\u00f3n Secre","publisher":{"@id":"https:\/\/aplimedia.com\/tutoriales\/#organization"},"potentialAction":[{"@type":"SearchAction","target":{"@type":"EntryPoint","urlTemplate":"https:\/\/aplimedia.com\/tutoriales\/?s={search_term_string}"},"query-input":{"@type":"PropertyValueSpecification","valueRequired":true,"valueName":"search_term_string"}}],"inLanguage":"es"},{"@type":"Organization","@id":"https:\/\/aplimedia.com\/tutoriales\/#organization","name":"Tutoriales de Secre","url":"https:\/\/aplimedia.com\/tutoriales\/","logo":{"@type":"ImageObject","inLanguage":"es","@id":"https:\/\/aplimedia.com\/tutoriales\/#\/schema\/logo\/image\/","url":"https:\/\/aplimedia.com\/tutoriales\/wp-content\/uploads\/2022\/03\/cropped-logotipo-aplimedia.png","contentUrl":"https:\/\/aplimedia.com\/tutoriales\/wp-content\/uploads\/2022\/03\/cropped-logotipo-aplimedia.png","width":2000,"height":658,"caption":"Tutoriales de Secre"},"image":{"@id":"https:\/\/aplimedia.com\/tutoriales\/#\/schema\/logo\/image\/"}}]}},"_links":{"self":[{"href":"https:\/\/aplimedia.com\/tutoriales\/wp-json\/wp\/v2\/pages\/4056","targetHints":{"allow":["GET"]}}],"collection":[{"href":"https:\/\/aplimedia.com\/tutoriales\/wp-json\/wp\/v2\/pages"}],"about":[{"href":"https:\/\/aplimedia.com\/tutoriales\/wp-json\/wp\/v2\/types\/page"}],"author":[{"embeddable":true,"href":"https:\/\/aplimedia.com\/tutoriales\/wp-json\/wp\/v2\/users\/1"}],"replies":[{"embeddable":true,"href":"https:\/\/aplimedia.com\/tutoriales\/wp-json\/wp\/v2\/comments?post=4056"}],"version-history":[{"count":0,"href":"https:\/\/aplimedia.com\/tutoriales\/wp-json\/wp\/v2\/pages\/4056\/revisions"}],"up":[{"embeddable":true,"href":"https:\/\/aplimedia.com\/tutoriales\/wp-json\/wp\/v2\/pages\/1189"}],"wp:attachment":[{"href":"https:\/\/aplimedia.com\/tutoriales\/wp-json\/wp\/v2\/media?parent=4056"}],"curies":[{"name":"wp","href":"https:\/\/api.w.org\/{rel}","templated":true}]}}