{"id":3852,"date":"2021-03-11T12:55:15","date_gmt":"2021-03-11T12:55:15","guid":{"rendered":"https:\/\/aplimedia.com\/tutoriales\/?page_id=3852"},"modified":"2025-03-11T09:03:16","modified_gmt":"2025-03-11T09:03:16","slug":"gestion-de-anticipos","status":"publish","type":"page","link":"https:\/\/aplimedia.com\/tutoriales\/ventas\/gestion-de-anticipos\/","title":{"rendered":"Gesti\u00f3n de anticipos"},"content":{"rendered":"\t\t<div data-elementor-type=\"wp-post\" data-elementor-id=\"3852\" class=\"elementor elementor-3852\" data-elementor-post-type=\"page\">\n\t\t\t\t\t\t<section class=\"elementor-section elementor-top-section elementor-element elementor-element-ed706d2 elementor-section-stretched elementor-section-boxed elementor-section-height-default elementor-section-height-default\" data-id=\"ed706d2\" data-element_type=\"section\" data-e-type=\"section\" data-settings=\"{&quot;stretch_section&quot;:&quot;section-stretched&quot;}\">\n\t\t\t\t\t\t<div class=\"elementor-container elementor-column-gap-default\">\n\t\t\t\t\t<div class=\"elementor-column elementor-col-100 elementor-top-column elementor-element elementor-element-703a748c\" data-id=\"703a748c\" data-element_type=\"column\" data-e-type=\"column\">\n\t\t\t<div class=\"elementor-widget-wrap elementor-element-populated\">\n\t\t\t\t\t\t<div class=\"elementor-element elementor-element-50812ae2 elementor-widget elementor-widget-text-editor\" data-id=\"50812ae2\" data-element_type=\"widget\" data-e-type=\"widget\" data-widget_type=\"text-editor.default\">\n\t\t\t\t<div class=\"elementor-widget-container\">\n\t\t\t\t\t\t\t\t\t<p>Secre permite gestionar anticipos de forma sencilla e incluye una herramienta espec\u00edfica para ello.<\/p>\t\t\t\t\t\t\t\t<\/div>\n\t\t\t\t<\/div>\n\t\t\t\t<div class=\"elementor-element elementor-element-f5660e7 elementor-widget elementor-widget-video\" data-id=\"f5660e7\" data-element_type=\"widget\" data-e-type=\"widget\" data-settings=\"{&quot;youtube_url&quot;:&quot;https:\\\/\\\/youtu.be\\\/mSlGQ49gz3M&quot;,&quot;video_type&quot;:&quot;youtube&quot;,&quot;controls&quot;:&quot;yes&quot;}\" data-widget_type=\"video.default\">\n\t\t\t\t<div class=\"elementor-widget-container\">\n\t\t\t\t\t\t\t<div class=\"elementor-wrapper elementor-open-inline\">\n\t\t\t<div class=\"elementor-video\"><\/div>\t\t<\/div>\n\t\t\t\t\t\t<\/div>\n\t\t\t\t<\/div>\n\t\t\t\t<div class=\"elementor-element elementor-element-31359965 elementor-widget elementor-widget-spacer\" data-id=\"31359965\" data-element_type=\"widget\" data-e-type=\"widget\" data-widget_type=\"spacer.default\">\n\t\t\t\t<div class=\"elementor-widget-container\">\n\t\t\t\t\t\t\t<div class=\"elementor-spacer\">\n\t\t\t<div class=\"elementor-spacer-inner\"><\/div>\n\t\t<\/div>\n\t\t\t\t\t\t<\/div>\n\t\t\t\t<\/div>\n\t\t\t\t<div class=\"elementor-element elementor-element-25137395 elementor-widget elementor-widget-heading\" data-id=\"25137395\" data-element_type=\"widget\" data-e-type=\"widget\" data-widget_type=\"heading.default\">\n\t\t\t\t<div class=\"elementor-widget-container\">\n\t\t\t\t\t<h2 class=\"elementor-heading-title elementor-size-default\">Paso 1:<\/h2>\t\t\t\t<\/div>\n\t\t\t\t<\/div>\n\t\t\t\t<div class=\"elementor-element elementor-element-3a5e94a elementor-widget elementor-widget-text-editor\" data-id=\"3a5e94a\" data-element_type=\"widget\" data-e-type=\"widget\" data-widget_type=\"text-editor.default\">\n\t\t\t\t<div class=\"elementor-widget-container\">\n\t\t\t\t\t\t\t\t\t<p>Para crear un anticipo de una venta o una compra, debemos de partir de una venta o compra aceptada, es decir, que debe tener, al menos, <b><u>fecha de pedido<\/u><\/b> y debemos tener en \u00abl\u00edneas de venta\u00bb o \u00abl\u00edneas de compra\u00bb todos los art\u00edculos o servicios que vamos a suministrar o a solicitar.<\/p><p>Para crear un anticipo de un pedido desde ventas (los pasos ser\u00edan los mismos en compras), ir\u00edamos a <b><i>Herramientas&gt;Crear una nueva venta con el anticipo por esta venta<\/i><\/b>.<\/p><p>Tendremos que indicar el <b>importe <\/b>que el cliente nos est\u00e1 anticipando, o que hemos anticipado al proveedor. Tambi\u00e9n puedes introducir un <b>porcentaje<\/b>, utilizando el s\u00edmbolo %.<\/p>\t\t\t\t\t\t\t\t<\/div>\n\t\t\t\t<\/div>\n\t\t\t\t<section class=\"elementor-section elementor-inner-section elementor-element elementor-element-18bc733 elementor-section-boxed elementor-section-height-default elementor-section-height-default\" data-id=\"18bc733\" data-element_type=\"section\" data-e-type=\"section\">\n\t\t\t\t\t\t<div class=\"elementor-container elementor-column-gap-default\">\n\t\t\t\t\t<div class=\"elementor-column elementor-col-100 elementor-inner-column elementor-element elementor-element-122aa4f\" data-id=\"122aa4f\" data-element_type=\"column\" data-e-type=\"column\">\n\t\t\t<div class=\"elementor-widget-wrap elementor-element-populated\">\n\t\t\t\t\t\t<div class=\"elementor-element elementor-element-d6eddc6 elementor-widget elementor-widget-image\" data-id=\"d6eddc6\" data-element_type=\"widget\" data-e-type=\"widget\" data-widget_type=\"image.default\">\n\t\t\t\t<div class=\"elementor-widget-container\">\n\t\t\t\t\t\t\t\t\t\t\t\t\t\t\t\t<a href=\"https:\/\/aplimedia.com\/tutoriales\/wp-content\/uploads\/2021\/03\/gestiondeanticipos.gif\" data-elementor-open-lightbox=\"yes\" data-elementor-lightbox-title=\"gestiondeanticipos\" data-e-action-hash=\"#elementor-action%3Aaction%3Dlightbox%26settings%3DeyJpZCI6Mzg1NCwidXJsIjoiaHR0cHM6XC9cL2FwbGltZWRpYS5jb21cL3R1dG9yaWFsZXNcL3dwLWNvbnRlbnRcL3VwbG9hZHNcLzIwMjFcLzAzXC9nZXN0aW9uZGVhbnRpY2lwb3MuZ2lmIn0%3D\">\n\t\t\t\t\t\t\t<img fetchpriority=\"high\" decoding=\"async\" width=\"1295\" height=\"515\" src=\"https:\/\/aplimedia.com\/tutoriales\/wp-content\/uploads\/2021\/03\/gestiondeanticipos.gif\" class=\"attachment-full size-full wp-image-3854\" alt=\"\" \/>\t\t\t\t\t\t\t\t<\/a>\n\t\t\t\t\t\t\t\t\t\t\t\t\t\t\t<\/div>\n\t\t\t\t<\/div>\n\t\t\t\t\t<\/div>\n\t\t<\/div>\n\t\t\t\t\t<\/div>\n\t\t<\/section>\n\t\t\t\t<div class=\"elementor-element elementor-element-12733b83 elementor-widget elementor-widget-spacer\" data-id=\"12733b83\" data-element_type=\"widget\" data-e-type=\"widget\" data-widget_type=\"spacer.default\">\n\t\t\t\t<div class=\"elementor-widget-container\">\n\t\t\t\t\t\t\t<div class=\"elementor-spacer\">\n\t\t\t<div class=\"elementor-spacer-inner\"><\/div>\n\t\t<\/div>\n\t\t\t\t\t\t<\/div>\n\t\t\t\t<\/div>\n\t\t\t\t<div class=\"elementor-element elementor-element-3bdc9624 elementor-widget elementor-widget-heading\" data-id=\"3bdc9624\" data-element_type=\"widget\" data-e-type=\"widget\" data-widget_type=\"heading.default\">\n\t\t\t\t<div class=\"elementor-widget-container\">\n\t\t\t\t\t<h2 class=\"elementor-heading-title elementor-size-default\">Paso 2:<\/h2>\t\t\t\t<\/div>\n\t\t\t\t<\/div>\n\t\t\t\t<div class=\"elementor-element elementor-element-2d1146e2 elementor-widget elementor-widget-text-editor\" data-id=\"2d1146e2\" data-element_type=\"widget\" data-e-type=\"widget\" data-widget_type=\"text-editor.default\">\n\t\t\t\t<div class=\"elementor-widget-container\">\n\t\t\t\t\t\t\t\t\t<p>Autom\u00e1ticamente Secre nos<b> crear\u00e1 una nueva venta o compra <\/b>por el anticipo, que podremos gestionar y facturar de forma independiente. En las l\u00edneas de esa venta\/compra se nos habr\u00e1 creado una l\u00ednea con concepto \u00abAnticipo de pedido\u00bb:<\/p>\t\t\t\t\t\t\t\t<\/div>\n\t\t\t\t<\/div>\n\t\t\t\t<div class=\"elementor-element elementor-element-5236ac1a elementor-widget elementor-widget-image\" data-id=\"5236ac1a\" data-element_type=\"widget\" data-e-type=\"widget\" data-widget_type=\"image.default\">\n\t\t\t\t<div class=\"elementor-widget-container\">\n\t\t\t\t\t\t\t\t\t\t\t\t\t\t\t\t<a href=\"https:\/\/aplimedia.com\/tutoriales\/wp-content\/uploads\/2021\/03\/gestion-de-anticipos.png\" data-elementor-open-lightbox=\"yes\" data-elementor-lightbox-title=\"gestion-de-anticipos\" data-e-action-hash=\"#elementor-action%3Aaction%3Dlightbox%26settings%3DeyJpZCI6Mzg1NSwidXJsIjoiaHR0cHM6XC9cL2FwbGltZWRpYS5jb21cL3R1dG9yaWFsZXNcL3dwLWNvbnRlbnRcL3VwbG9hZHNcLzIwMjFcLzAzXC9nZXN0aW9uLWRlLWFudGljaXBvcy5wbmcifQ%3D%3D\">\n\t\t\t\t\t\t\t<img decoding=\"async\" width=\"1024\" height=\"309\" src=\"https:\/\/aplimedia.com\/tutoriales\/wp-content\/uploads\/2021\/03\/gestion-de-anticipos-1024x309.png\" class=\"attachment-large size-large wp-image-3855\" alt=\"\" srcset=\"https:\/\/aplimedia.com\/tutoriales\/wp-content\/uploads\/2021\/03\/gestion-de-anticipos-1024x309.png 1024w, https:\/\/aplimedia.com\/tutoriales\/wp-content\/uploads\/2021\/03\/gestion-de-anticipos-300x90.png 300w, https:\/\/aplimedia.com\/tutoriales\/wp-content\/uploads\/2021\/03\/gestion-de-anticipos-768x231.png 768w, https:\/\/aplimedia.com\/tutoriales\/wp-content\/uploads\/2021\/03\/gestion-de-anticipos.png 1354w\" sizes=\"(max-width: 1024px) 100vw, 1024px\" \/>\t\t\t\t\t\t\t\t<\/a>\n\t\t\t\t\t\t\t\t\t\t\t\t\t\t\t<\/div>\n\t\t\t\t<\/div>\n\t\t\t\t<div class=\"elementor-element elementor-element-292fff4c elementor-widget elementor-widget-text-editor\" data-id=\"292fff4c\" data-element_type=\"widget\" data-e-type=\"widget\" data-widget_type=\"text-editor.default\">\n\t\t\t\t<div class=\"elementor-widget-container\">\n\t\t\t\t\t\t\t\t\t<p>En la <b>venta o compra original<\/b> tambi\u00e9n se nos habr\u00e1 creado una l\u00ednea de forma autom\u00e1tica, <b>restando el importe anticipado<\/b>:<\/p>\t\t\t\t\t\t\t\t<\/div>\n\t\t\t\t<\/div>\n\t\t\t\t<div class=\"elementor-element elementor-element-e778921 elementor-widget elementor-widget-image\" data-id=\"e778921\" data-element_type=\"widget\" data-e-type=\"widget\" data-widget_type=\"image.default\">\n\t\t\t\t<div class=\"elementor-widget-container\">\n\t\t\t\t\t\t\t\t\t\t\t\t\t\t\t\t<a href=\"https:\/\/aplimedia.com\/tutoriales\/wp-content\/uploads\/2021\/03\/gestion-de-anticipos2.png\" data-elementor-open-lightbox=\"yes\" data-elementor-lightbox-title=\"gestion-de-anticipos2\" data-e-action-hash=\"#elementor-action%3Aaction%3Dlightbox%26settings%3DeyJpZCI6Mzg1NiwidXJsIjoiaHR0cHM6XC9cL2FwbGltZWRpYS5jb21cL3R1dG9yaWFsZXNcL3dwLWNvbnRlbnRcL3VwbG9hZHNcLzIwMjFcLzAzXC9nZXN0aW9uLWRlLWFudGljaXBvczIucG5nIn0%3D\">\n\t\t\t\t\t\t\t<img decoding=\"async\" width=\"1024\" height=\"96\" src=\"https:\/\/aplimedia.com\/tutoriales\/wp-content\/uploads\/2021\/03\/gestion-de-anticipos2-1024x96.png\" class=\"attachment-large size-large wp-image-3856\" alt=\"\" srcset=\"https:\/\/aplimedia.com\/tutoriales\/wp-content\/uploads\/2021\/03\/gestion-de-anticipos2-1024x96.png 1024w, https:\/\/aplimedia.com\/tutoriales\/wp-content\/uploads\/2021\/03\/gestion-de-anticipos2-300x28.png 300w, https:\/\/aplimedia.com\/tutoriales\/wp-content\/uploads\/2021\/03\/gestion-de-anticipos2-768x72.png 768w, https:\/\/aplimedia.com\/tutoriales\/wp-content\/uploads\/2021\/03\/gestion-de-anticipos2.png 1381w\" sizes=\"(max-width: 1024px) 100vw, 1024px\" \/>\t\t\t\t\t\t\t\t<\/a>\n\t\t\t\t\t\t\t\t\t\t\t\t\t\t\t<\/div>\n\t\t\t\t<\/div>\n\t\t\t\t<div class=\"elementor-element elementor-element-a22f5ca elementor-widget elementor-widget-spacer\" data-id=\"a22f5ca\" data-element_type=\"widget\" data-e-type=\"widget\" data-widget_type=\"spacer.default\">\n\t\t\t\t<div class=\"elementor-widget-container\">\n\t\t\t\t\t\t\t<div class=\"elementor-spacer\">\n\t\t\t<div class=\"elementor-spacer-inner\"><\/div>\n\t\t<\/div>\n\t\t\t\t\t\t<\/div>\n\t\t\t\t<\/div>\n\t\t\t\t\t<\/div>\n\t\t<\/div>\n\t\t\t\t\t<\/div>\n\t\t<\/section>\n\t\t\t\t<\/div>\n\t\t","protected":false},"excerpt":{"rendered":"<p>Secre permite gestionar anticipos de forma sencilla e incluye una herramienta espec\u00edfica para ello. https:\/\/youtu.be\/mSlGQ49gz3M Paso 1: Para crear un anticipo de una venta o una compra, debemos de partir de una venta o compra aceptada, es decir, que debe tener, al menos, fecha de pedido y debemos tener en \u00abl\u00edneas de venta\u00bb o \u00abl\u00edneas [&hellip;]<\/p>\n","protected":false},"author":1,"featured_media":0,"parent":1409,"menu_order":0,"comment_status":"closed","ping_status":"closed","template":"","meta":{"footnotes":""},"class_list":["post-3852","page","type-page","status-publish","hentry"],"yoast_head":"<!-- This site is optimized with the Yoast SEO plugin v27.5 - https:\/\/yoast.com\/product\/yoast-seo-wordpress\/ -->\n<title>Gesti\u00f3n de anticipos | Tutoriales de Secre<\/title>\n<meta name=\"robots\" content=\"index, follow, max-snippet:-1, max-image-preview:large, max-video-preview:-1\" \/>\n<link rel=\"canonical\" href=\"https:\/\/aplimedia.com\/tutoriales\/ventas\/gestion-de-anticipos\/\" \/>\n<meta property=\"og:locale\" content=\"es_ES\" \/>\n<meta property=\"og:type\" content=\"article\" \/>\n<meta property=\"og:title\" content=\"Gesti\u00f3n de anticipos | Tutoriales de Secre\" \/>\n<meta property=\"og:description\" content=\"Secre permite gestionar anticipos de forma sencilla e incluye una herramienta espec\u00edfica para ello. https:\/\/youtu.be\/mSlGQ49gz3M Paso 1: Para crear un anticipo de una venta o una compra, debemos de partir de una venta o compra aceptada, es decir, que debe tener, al menos, fecha de pedido y debemos tener en \u00abl\u00edneas de venta\u00bb o \u00abl\u00edneas [&hellip;]\" \/>\n<meta property=\"og:url\" content=\"https:\/\/aplimedia.com\/tutoriales\/ventas\/gestion-de-anticipos\/\" \/>\n<meta property=\"og:site_name\" content=\"Tutoriales de Secre\" \/>\n<meta property=\"article:modified_time\" content=\"2025-03-11T09:03:16+00:00\" \/>\n<meta property=\"og:image\" content=\"https:\/\/aplimedia.com\/tutoriales\/wp-content\/uploads\/2021\/03\/gestiondeanticipos.gif\" \/>\n\t<meta property=\"og:image:width\" content=\"1295\" \/>\n\t<meta property=\"og:image:height\" content=\"515\" \/>\n\t<meta property=\"og:image:type\" content=\"image\/gif\" \/>\n<meta name=\"twitter:card\" content=\"summary_large_image\" \/>\n<meta name=\"twitter:label1\" content=\"Tiempo de lectura\" \/>\n\t<meta name=\"twitter:data1\" content=\"2 minutos\" \/>\n<script type=\"application\/ld+json\" class=\"yoast-schema-graph\">{\"@context\":\"https:\\\/\\\/schema.org\",\"@graph\":[{\"@type\":\"WebPage\",\"@id\":\"https:\\\/\\\/aplimedia.com\\\/tutoriales\\\/ventas\\\/gestion-de-anticipos\\\/\",\"url\":\"https:\\\/\\\/aplimedia.com\\\/tutoriales\\\/ventas\\\/gestion-de-anticipos\\\/\",\"name\":\"Gesti\u00f3n de anticipos | Tutoriales de Secre\",\"isPartOf\":{\"@id\":\"https:\\\/\\\/aplimedia.com\\\/tutoriales\\\/#website\"},\"primaryImageOfPage\":{\"@id\":\"https:\\\/\\\/aplimedia.com\\\/tutoriales\\\/ventas\\\/gestion-de-anticipos\\\/#primaryimage\"},\"image\":{\"@id\":\"https:\\\/\\\/aplimedia.com\\\/tutoriales\\\/ventas\\\/gestion-de-anticipos\\\/#primaryimage\"},\"thumbnailUrl\":\"https:\\\/\\\/aplimedia.com\\\/tutoriales\\\/wp-content\\\/uploads\\\/2021\\\/03\\\/gestiondeanticipos.gif\",\"datePublished\":\"2021-03-11T12:55:15+00:00\",\"dateModified\":\"2025-03-11T09:03:16+00:00\",\"breadcrumb\":{\"@id\":\"https:\\\/\\\/aplimedia.com\\\/tutoriales\\\/ventas\\\/gestion-de-anticipos\\\/#breadcrumb\"},\"inLanguage\":\"es\",\"potentialAction\":[{\"@type\":\"ReadAction\",\"target\":[\"https:\\\/\\\/aplimedia.com\\\/tutoriales\\\/ventas\\\/gestion-de-anticipos\\\/\"]}]},{\"@type\":\"ImageObject\",\"inLanguage\":\"es\",\"@id\":\"https:\\\/\\\/aplimedia.com\\\/tutoriales\\\/ventas\\\/gestion-de-anticipos\\\/#primaryimage\",\"url\":\"https:\\\/\\\/aplimedia.com\\\/tutoriales\\\/wp-content\\\/uploads\\\/2021\\\/03\\\/gestiondeanticipos.gif\",\"contentUrl\":\"https:\\\/\\\/aplimedia.com\\\/tutoriales\\\/wp-content\\\/uploads\\\/2021\\\/03\\\/gestiondeanticipos.gif\",\"width\":1295,\"height\":515},{\"@type\":\"BreadcrumbList\",\"@id\":\"https:\\\/\\\/aplimedia.com\\\/tutoriales\\\/ventas\\\/gestion-de-anticipos\\\/#breadcrumb\",\"itemListElement\":[{\"@type\":\"ListItem\",\"position\":1,\"name\":\"Tutoriales\",\"item\":\"https:\\\/\\\/aplimedia.com\\\/tutoriales\\\/\"},{\"@type\":\"ListItem\",\"position\":2,\"name\":\"Ventas\",\"item\":\"https:\\\/\\\/aplimedia.com\\\/tutoriales\\\/ventas\\\/\"},{\"@type\":\"ListItem\",\"position\":3,\"name\":\"Gesti\u00f3n de anticipos\"}]},{\"@type\":\"WebSite\",\"@id\":\"https:\\\/\\\/aplimedia.com\\\/tutoriales\\\/#website\",\"url\":\"https:\\\/\\\/aplimedia.com\\\/tutoriales\\\/\",\"name\":\"Tutoriales de Secre\",\"description\":\"Tutoriales del software de gesti\u00f3n Secre\",\"publisher\":{\"@id\":\"https:\\\/\\\/aplimedia.com\\\/tutoriales\\\/#organization\"},\"potentialAction\":[{\"@type\":\"SearchAction\",\"target\":{\"@type\":\"EntryPoint\",\"urlTemplate\":\"https:\\\/\\\/aplimedia.com\\\/tutoriales\\\/?s={search_term_string}\"},\"query-input\":{\"@type\":\"PropertyValueSpecification\",\"valueRequired\":true,\"valueName\":\"search_term_string\"}}],\"inLanguage\":\"es\"},{\"@type\":\"Organization\",\"@id\":\"https:\\\/\\\/aplimedia.com\\\/tutoriales\\\/#organization\",\"name\":\"Tutoriales de Secre\",\"url\":\"https:\\\/\\\/aplimedia.com\\\/tutoriales\\\/\",\"logo\":{\"@type\":\"ImageObject\",\"inLanguage\":\"es\",\"@id\":\"https:\\\/\\\/aplimedia.com\\\/tutoriales\\\/#\\\/schema\\\/logo\\\/image\\\/\",\"url\":\"https:\\\/\\\/aplimedia.com\\\/tutoriales\\\/wp-content\\\/uploads\\\/2022\\\/03\\\/cropped-logotipo-aplimedia.png\",\"contentUrl\":\"https:\\\/\\\/aplimedia.com\\\/tutoriales\\\/wp-content\\\/uploads\\\/2022\\\/03\\\/cropped-logotipo-aplimedia.png\",\"width\":2000,\"height\":658,\"caption\":\"Tutoriales de Secre\"},\"image\":{\"@id\":\"https:\\\/\\\/aplimedia.com\\\/tutoriales\\\/#\\\/schema\\\/logo\\\/image\\\/\"}}]}<\/script>\n<!-- \/ Yoast SEO plugin. -->","yoast_head_json":{"title":"Gesti\u00f3n de anticipos | Tutoriales de Secre","robots":{"index":"index","follow":"follow","max-snippet":"max-snippet:-1","max-image-preview":"max-image-preview:large","max-video-preview":"max-video-preview:-1"},"canonical":"https:\/\/aplimedia.com\/tutoriales\/ventas\/gestion-de-anticipos\/","og_locale":"es_ES","og_type":"article","og_title":"Gesti\u00f3n de anticipos | Tutoriales de Secre","og_description":"Secre permite gestionar anticipos de forma sencilla e incluye una herramienta espec\u00edfica para ello. https:\/\/youtu.be\/mSlGQ49gz3M Paso 1: Para crear un anticipo de una venta o una compra, debemos de partir de una venta o compra aceptada, es decir, que debe tener, al menos, fecha de pedido y debemos tener en \u00abl\u00edneas de venta\u00bb o \u00abl\u00edneas [&hellip;]","og_url":"https:\/\/aplimedia.com\/tutoriales\/ventas\/gestion-de-anticipos\/","og_site_name":"Tutoriales de Secre","article_modified_time":"2025-03-11T09:03:16+00:00","og_image":[{"width":1295,"height":515,"url":"https:\/\/aplimedia.com\/tutoriales\/wp-content\/uploads\/2021\/03\/gestiondeanticipos.gif","type":"image\/gif"}],"twitter_card":"summary_large_image","twitter_misc":{"Tiempo de lectura":"2 minutos"},"schema":{"@context":"https:\/\/schema.org","@graph":[{"@type":"WebPage","@id":"https:\/\/aplimedia.com\/tutoriales\/ventas\/gestion-de-anticipos\/","url":"https:\/\/aplimedia.com\/tutoriales\/ventas\/gestion-de-anticipos\/","name":"Gesti\u00f3n de anticipos | Tutoriales de Secre","isPartOf":{"@id":"https:\/\/aplimedia.com\/tutoriales\/#website"},"primaryImageOfPage":{"@id":"https:\/\/aplimedia.com\/tutoriales\/ventas\/gestion-de-anticipos\/#primaryimage"},"image":{"@id":"https:\/\/aplimedia.com\/tutoriales\/ventas\/gestion-de-anticipos\/#primaryimage"},"thumbnailUrl":"https:\/\/aplimedia.com\/tutoriales\/wp-content\/uploads\/2021\/03\/gestiondeanticipos.gif","datePublished":"2021-03-11T12:55:15+00:00","dateModified":"2025-03-11T09:03:16+00:00","breadcrumb":{"@id":"https:\/\/aplimedia.com\/tutoriales\/ventas\/gestion-de-anticipos\/#breadcrumb"},"inLanguage":"es","potentialAction":[{"@type":"ReadAction","target":["https:\/\/aplimedia.com\/tutoriales\/ventas\/gestion-de-anticipos\/"]}]},{"@type":"ImageObject","inLanguage":"es","@id":"https:\/\/aplimedia.com\/tutoriales\/ventas\/gestion-de-anticipos\/#primaryimage","url":"https:\/\/aplimedia.com\/tutoriales\/wp-content\/uploads\/2021\/03\/gestiondeanticipos.gif","contentUrl":"https:\/\/aplimedia.com\/tutoriales\/wp-content\/uploads\/2021\/03\/gestiondeanticipos.gif","width":1295,"height":515},{"@type":"BreadcrumbList","@id":"https:\/\/aplimedia.com\/tutoriales\/ventas\/gestion-de-anticipos\/#breadcrumb","itemListElement":[{"@type":"ListItem","position":1,"name":"Tutoriales","item":"https:\/\/aplimedia.com\/tutoriales\/"},{"@type":"ListItem","position":2,"name":"Ventas","item":"https:\/\/aplimedia.com\/tutoriales\/ventas\/"},{"@type":"ListItem","position":3,"name":"Gesti\u00f3n de anticipos"}]},{"@type":"WebSite","@id":"https:\/\/aplimedia.com\/tutoriales\/#website","url":"https:\/\/aplimedia.com\/tutoriales\/","name":"Tutoriales de Secre","description":"Tutoriales del software de gesti\u00f3n Secre","publisher":{"@id":"https:\/\/aplimedia.com\/tutoriales\/#organization"},"potentialAction":[{"@type":"SearchAction","target":{"@type":"EntryPoint","urlTemplate":"https:\/\/aplimedia.com\/tutoriales\/?s={search_term_string}"},"query-input":{"@type":"PropertyValueSpecification","valueRequired":true,"valueName":"search_term_string"}}],"inLanguage":"es"},{"@type":"Organization","@id":"https:\/\/aplimedia.com\/tutoriales\/#organization","name":"Tutoriales de Secre","url":"https:\/\/aplimedia.com\/tutoriales\/","logo":{"@type":"ImageObject","inLanguage":"es","@id":"https:\/\/aplimedia.com\/tutoriales\/#\/schema\/logo\/image\/","url":"https:\/\/aplimedia.com\/tutoriales\/wp-content\/uploads\/2022\/03\/cropped-logotipo-aplimedia.png","contentUrl":"https:\/\/aplimedia.com\/tutoriales\/wp-content\/uploads\/2022\/03\/cropped-logotipo-aplimedia.png","width":2000,"height":658,"caption":"Tutoriales de Secre"},"image":{"@id":"https:\/\/aplimedia.com\/tutoriales\/#\/schema\/logo\/image\/"}}]}},"_links":{"self":[{"href":"https:\/\/aplimedia.com\/tutoriales\/wp-json\/wp\/v2\/pages\/3852","targetHints":{"allow":["GET"]}}],"collection":[{"href":"https:\/\/aplimedia.com\/tutoriales\/wp-json\/wp\/v2\/pages"}],"about":[{"href":"https:\/\/aplimedia.com\/tutoriales\/wp-json\/wp\/v2\/types\/page"}],"author":[{"embeddable":true,"href":"https:\/\/aplimedia.com\/tutoriales\/wp-json\/wp\/v2\/users\/1"}],"replies":[{"embeddable":true,"href":"https:\/\/aplimedia.com\/tutoriales\/wp-json\/wp\/v2\/comments?post=3852"}],"version-history":[{"count":0,"href":"https:\/\/aplimedia.com\/tutoriales\/wp-json\/wp\/v2\/pages\/3852\/revisions"}],"up":[{"embeddable":true,"href":"https:\/\/aplimedia.com\/tutoriales\/wp-json\/wp\/v2\/pages\/1409"}],"wp:attachment":[{"href":"https:\/\/aplimedia.com\/tutoriales\/wp-json\/wp\/v2\/media?parent=3852"}],"curies":[{"name":"wp","href":"https:\/\/api.w.org\/{rel}","templated":true}]}}