{"id":3796,"date":"2020-10-05T12:02:59","date_gmt":"2020-10-05T12:02:59","guid":{"rendered":"https:\/\/aplimedia.com\/tutoriales\/?page_id=3796"},"modified":"2025-03-12T11:41:05","modified_gmt":"2025-03-12T11:41:05","slug":"descatalogar-un-articulo","status":"publish","type":"page","link":"https:\/\/aplimedia.com\/tutoriales\/primeros-pasos\/descatalogar-un-articulo\/","title":{"rendered":"Descatalogar un art\u00edculo"},"content":{"rendered":"\t\t<div data-elementor-type=\"wp-post\" data-elementor-id=\"3796\" class=\"elementor elementor-3796\" data-elementor-post-type=\"page\">\n\t\t\t\t\t\t<section class=\"elementor-section elementor-top-section elementor-element elementor-element-2b548f9c elementor-section-stretched elementor-section-boxed elementor-section-height-default elementor-section-height-default\" data-id=\"2b548f9c\" data-element_type=\"section\" data-e-type=\"section\" data-settings=\"{&quot;stretch_section&quot;:&quot;section-stretched&quot;}\">\n\t\t\t\t\t\t<div class=\"elementor-container elementor-column-gap-default\">\n\t\t\t\t\t<div class=\"elementor-column elementor-col-100 elementor-top-column elementor-element elementor-element-5a7287c6\" data-id=\"5a7287c6\" data-element_type=\"column\" data-e-type=\"column\">\n\t\t\t<div class=\"elementor-widget-wrap elementor-element-populated\">\n\t\t\t\t\t\t<div class=\"elementor-element elementor-element-396e3b0d elementor-widget elementor-widget-text-editor\" data-id=\"396e3b0d\" data-element_type=\"widget\" data-e-type=\"widget\" data-widget_type=\"text-editor.default\">\n\t\t\t\t<div class=\"elementor-widget-container\">\n\t\t\t\t\t\t\t\t\t<p>Si vas a descatalogar un art\u00edculo, Secre dispone de una herramienta para que lo indiques.&nbsp;<\/p><p>Con esta herramienta el art\u00edculo, por defecto, no nos aparecer\u00e1 cuando busquemos entre nuestra base de datos de art\u00edculos, pero podremos localizarlo si en alg\u00fan momento queremos hacer una consulta.<\/p>\n<p>Si vamos a dejar de vender un art\u00edculo, esta es la opci\u00f3n que tendremos que utilizar, ya que si un art\u00edculo tiene ventas asociadas no se puede borrar.<\/p>\n<p>Vamos a ver dos opciones para descatalogar art\u00edculos, en funci\u00f3n de si es un \u00fanico art\u00edculo o si queremos hacerlo con varios a la vez, de forma masiva.<\/p>\t\t\t\t\t\t\t\t<\/div>\n\t\t\t\t<\/div>\n\t\t\t\t<div class=\"elementor-element elementor-element-6c3ad751 elementor-widget elementor-widget-heading\" data-id=\"6c3ad751\" data-element_type=\"widget\" data-e-type=\"widget\" data-widget_type=\"heading.default\">\n\t\t\t\t<div class=\"elementor-widget-container\">\n\t\t\t\t\t<h2 class=\"elementor-heading-title elementor-size-default\">Opci\u00f3n 1: Descatalogar un \u00fanico art\u00edculo<\/h2>\t\t\t\t<\/div>\n\t\t\t\t<\/div>\n\t\t\t\t<div class=\"elementor-element elementor-element-2521f815 elementor-widget elementor-widget-text-editor\" data-id=\"2521f815\" data-element_type=\"widget\" data-e-type=\"widget\" data-widget_type=\"text-editor.default\">\n\t\t\t\t<div class=\"elementor-widget-container\">\n\t\t\t\t\t\t\t\t\t<p>Descatalogar un art\u00edculo es tan sencillo como situarse en su ficha y<b> desmarcar la casilla \u00abEn cat\u00e1logo\u00bb<\/b> que hay en la parte superior derecha.<\/p><p>No olvides guardar los cambios en el art\u00edculo con el <i>disquette<\/i>.<\/p>\n<p>De esta forma, el art\u00edculo queda guardado en nuestra base de datos y podemos acceder a \u00e9l en cualquier momento, pero no nos aparecer\u00e1, por defecto, a la hora de seleccionar un art\u00edculo para crear una nueva l\u00ednea de venta.<\/p>\t\t\t\t\t\t\t\t<\/div>\n\t\t\t\t<\/div>\n\t\t\t\t<section class=\"elementor-section elementor-inner-section elementor-element elementor-element-bbf370a elementor-section-boxed elementor-section-height-default elementor-section-height-default\" data-id=\"bbf370a\" data-element_type=\"section\" data-e-type=\"section\">\n\t\t\t\t\t\t<div class=\"elementor-container elementor-column-gap-default\">\n\t\t\t\t\t<div class=\"elementor-column elementor-col-100 elementor-inner-column elementor-element elementor-element-d2754ba\" data-id=\"d2754ba\" data-element_type=\"column\" data-e-type=\"column\">\n\t\t\t<div class=\"elementor-widget-wrap elementor-element-populated\">\n\t\t\t\t\t\t<div class=\"elementor-element elementor-element-b05453b elementor-widget elementor-widget-image\" data-id=\"b05453b\" data-element_type=\"widget\" data-e-type=\"widget\" data-widget_type=\"image.default\">\n\t\t\t\t<div class=\"elementor-widget-container\">\n\t\t\t\t\t\t\t\t\t\t\t\t\t\t\t\t<a href=\"https:\/\/aplimedia.com\/tutoriales\/wp-content\/uploads\/2020\/10\/descatalogar-articulos-1.png\" data-elementor-open-lightbox=\"yes\" data-elementor-lightbox-title=\"descatalogar-articulos-1\" data-e-action-hash=\"#elementor-action%3Aaction%3Dlightbox%26settings%3DeyJpZCI6Mzc5OCwidXJsIjoiaHR0cHM6XC9cL2FwbGltZWRpYS5jb21cL3R1dG9yaWFsZXNcL3dwLWNvbnRlbnRcL3VwbG9hZHNcLzIwMjBcLzEwXC9kZXNjYXRhbG9nYXItYXJ0aWN1bG9zLTEucG5nIn0%3D\">\n\t\t\t\t\t\t\t<img fetchpriority=\"high\" decoding=\"async\" width=\"1024\" height=\"432\" src=\"https:\/\/aplimedia.com\/tutoriales\/wp-content\/uploads\/2020\/10\/descatalogar-articulos-1-1024x432.png\" class=\"attachment-large size-large wp-image-3798\" alt=\"\" srcset=\"https:\/\/aplimedia.com\/tutoriales\/wp-content\/uploads\/2020\/10\/descatalogar-articulos-1-1024x432.png 1024w, https:\/\/aplimedia.com\/tutoriales\/wp-content\/uploads\/2020\/10\/descatalogar-articulos-1-300x126.png 300w, https:\/\/aplimedia.com\/tutoriales\/wp-content\/uploads\/2020\/10\/descatalogar-articulos-1-768x324.png 768w, https:\/\/aplimedia.com\/tutoriales\/wp-content\/uploads\/2020\/10\/descatalogar-articulos-1-1536x647.png 1536w, https:\/\/aplimedia.com\/tutoriales\/wp-content\/uploads\/2020\/10\/descatalogar-articulos-1.png 1884w\" sizes=\"(max-width: 1024px) 100vw, 1024px\" \/>\t\t\t\t\t\t\t\t<\/a>\n\t\t\t\t\t\t\t\t\t\t\t\t\t\t\t<\/div>\n\t\t\t\t<\/div>\n\t\t\t\t\t<\/div>\n\t\t<\/div>\n\t\t\t\t\t<\/div>\n\t\t<\/section>\n\t\t\t\t<div class=\"elementor-element elementor-element-d3dc004 elementor-widget elementor-widget-heading\" data-id=\"d3dc004\" data-element_type=\"widget\" data-e-type=\"widget\" data-widget_type=\"heading.default\">\n\t\t\t\t<div class=\"elementor-widget-container\">\n\t\t\t\t\t<h2 class=\"elementor-heading-title elementor-size-default\">Opci\u00f3n 2: Descatalogar varios art\u00edculos de forma masiva<\/h2>\t\t\t\t<\/div>\n\t\t\t\t<\/div>\n\t\t\t\t<div class=\"elementor-element elementor-element-3165030 elementor-widget elementor-widget-text-editor\" data-id=\"3165030\" data-element_type=\"widget\" data-e-type=\"widget\" data-widget_type=\"text-editor.default\">\n\t\t\t\t<div class=\"elementor-widget-container\">\n\t\t\t\t\t\t\t\t\t<p>Si queremos descatalogar varios art\u00edculos a la vez, disponemos de una opci\u00f3n muy sencilla para hacerlo <b>mediante los filtros <\/b>de art\u00edculos.<\/p>\n<p>Lo primero que haremos ser\u00e1 hacer un filtro, haciendo clic en la rueda dentada, y seleccionando los criterios que nos permitan filtrar \u00fanicamente aquellos art\u00edculos que hemos descatalogado.&nbsp;<\/p><p>Cuando lo tengas, ejecuta el filtro haciendo clic en \u00abAceptar\u00bb y comprueba que, en la parte inferior de la pantalla \u00fanicamente est\u00e1n aquellos art\u00edculos que vas a descatalogar.&nbsp;<\/p>\t\t\t\t\t\t\t\t<\/div>\n\t\t\t\t<\/div>\n\t\t\t\t<div class=\"elementor-element elementor-element-c172542 elementor-widget elementor-widget-image\" data-id=\"c172542\" data-element_type=\"widget\" data-e-type=\"widget\" data-widget_type=\"image.default\">\n\t\t\t\t<div class=\"elementor-widget-container\">\n\t\t\t\t\t\t\t\t\t\t\t\t\t\t\t\t<a href=\"https:\/\/aplimedia.com\/tutoriales\/wp-content\/uploads\/2020\/10\/descatalogar1.gif\" data-elementor-open-lightbox=\"yes\" data-elementor-lightbox-title=\"descatalogar1\" data-e-action-hash=\"#elementor-action%3Aaction%3Dlightbox%26settings%3DeyJpZCI6MzgwMSwidXJsIjoiaHR0cHM6XC9cL2FwbGltZWRpYS5jb21cL3R1dG9yaWFsZXNcL3dwLWNvbnRlbnRcL3VwbG9hZHNcLzIwMjBcLzEwXC9kZXNjYXRhbG9nYXIxLmdpZiJ9\">\n\t\t\t\t\t\t\t<img decoding=\"async\" width=\"1904\" height=\"959\" src=\"https:\/\/aplimedia.com\/tutoriales\/wp-content\/uploads\/2020\/10\/descatalogar1.gif\" class=\"attachment-full size-full wp-image-3801\" alt=\"\" \/>\t\t\t\t\t\t\t\t<\/a>\n\t\t\t\t\t\t\t\t\t\t\t\t\t\t\t<\/div>\n\t\t\t\t<\/div>\n\t\t\t\t<div class=\"elementor-element elementor-element-a364d34 elementor-widget elementor-widget-text-editor\" data-id=\"a364d34\" data-element_type=\"widget\" data-e-type=\"widget\" data-widget_type=\"text-editor.default\">\n\t\t\t\t<div class=\"elementor-widget-container\">\n\t\t\t\t\t\t\t\t\t<p>Si quieres quitar del listado alguno de los art\u00edculos porque no corresponde descatalogarlos, selecci\u00f3nalos y, despu\u00e9s, haz clic en el icono \u00abEliminar de la lista\u00bb, en el men\u00fa superior.<\/p>\t\t\t\t\t\t\t\t<\/div>\n\t\t\t\t<\/div>\n\t\t\t\t<div class=\"elementor-element elementor-element-ee79745 elementor-widget elementor-widget-image\" data-id=\"ee79745\" data-element_type=\"widget\" data-e-type=\"widget\" data-widget_type=\"image.default\">\n\t\t\t\t<div class=\"elementor-widget-container\">\n\t\t\t\t\t\t\t\t\t\t\t\t\t\t\t\t<a href=\"https:\/\/aplimedia.com\/tutoriales\/wp-content\/uploads\/2020\/10\/descatalogar3.gif\" data-elementor-open-lightbox=\"yes\" data-elementor-lightbox-title=\"descatalogar3\" data-e-action-hash=\"#elementor-action%3Aaction%3Dlightbox%26settings%3DeyJpZCI6MzgwMiwidXJsIjoiaHR0cHM6XC9cL2FwbGltZWRpYS5jb21cL3R1dG9yaWFsZXNcL3dwLWNvbnRlbnRcL3VwbG9hZHNcLzIwMjBcLzEwXC9kZXNjYXRhbG9nYXIzLmdpZiJ9\">\n\t\t\t\t\t\t\t<img decoding=\"async\" width=\"1325\" height=\"772\" src=\"https:\/\/aplimedia.com\/tutoriales\/wp-content\/uploads\/2020\/10\/descatalogar3.gif\" class=\"attachment-full size-full wp-image-3802\" alt=\"\" \/>\t\t\t\t\t\t\t\t<\/a>\n\t\t\t\t\t\t\t\t\t\t\t\t\t\t\t<\/div>\n\t\t\t\t<\/div>\n\t\t\t\t<div class=\"elementor-element elementor-element-020c1cb elementor-widget elementor-widget-text-editor\" data-id=\"020c1cb\" data-element_type=\"widget\" data-e-type=\"widget\" data-widget_type=\"text-editor.default\">\n\t\t\t\t<div class=\"elementor-widget-container\">\n\t\t\t\t\t\t\t\t\t<p>Cuando tengas el listado que corresponde, simplemente ve a <b>Herramientas&gt;Asignar valores a campos&gt;Desactivar a los art\u00edculos seleccionados la propiedad En cat\u00e1logo<\/b>.\u00a0<\/p><p>Con esta opci\u00f3n todos los art\u00edculos del listado se descatalogar\u00e1n de forma autom\u00e1tica.<\/p>\t\t\t\t\t\t\t\t<\/div>\n\t\t\t\t<\/div>\n\t\t\t\t<div class=\"elementor-element elementor-element-9501acd elementor-widget elementor-widget-image\" data-id=\"9501acd\" data-element_type=\"widget\" data-e-type=\"widget\" data-widget_type=\"image.default\">\n\t\t\t\t<div class=\"elementor-widget-container\">\n\t\t\t\t\t\t\t\t\t\t\t\t\t\t\t\t<a href=\"https:\/\/aplimedia.com\/tutoriales\/wp-content\/uploads\/2020\/10\/descatalogar2.gif\" data-elementor-open-lightbox=\"yes\" data-elementor-lightbox-title=\"descatalogar2\" data-e-action-hash=\"#elementor-action%3Aaction%3Dlightbox%26settings%3DeyJpZCI6Mzc5OSwidXJsIjoiaHR0cHM6XC9cL2FwbGltZWRpYS5jb21cL3R1dG9yaWFsZXNcL3dwLWNvbnRlbnRcL3VwbG9hZHNcLzIwMjBcLzEwXC9kZXNjYXRhbG9nYXIyLmdpZiJ9\">\n\t\t\t\t\t\t\t<img loading=\"lazy\" decoding=\"async\" width=\"1133\" height=\"538\" src=\"https:\/\/aplimedia.com\/tutoriales\/wp-content\/uploads\/2020\/10\/descatalogar2.gif\" class=\"attachment-full size-full wp-image-3799\" alt=\"\" \/>\t\t\t\t\t\t\t\t<\/a>\n\t\t\t\t\t\t\t\t\t\t\t\t\t\t\t<\/div>\n\t\t\t\t<\/div>\n\t\t\t\t<div class=\"elementor-element elementor-element-b365fd4 elementor-widget elementor-widget-heading\" data-id=\"b365fd4\" data-element_type=\"widget\" data-e-type=\"widget\" data-widget_type=\"heading.default\">\n\t\t\t\t<div class=\"elementor-widget-container\">\n\t\t\t\t\t<h2 class=\"elementor-heading-title elementor-size-default\">\u00bfC\u00f3mo consultar art\u00edculos descatalogados?<\/h2>\t\t\t\t<\/div>\n\t\t\t\t<\/div>\n\t\t\t\t<div class=\"elementor-element elementor-element-8acf86f elementor-widget elementor-widget-text-editor\" data-id=\"8acf86f\" data-element_type=\"widget\" data-e-type=\"widget\" data-widget_type=\"text-editor.default\">\n\t\t\t\t<div class=\"elementor-widget-container\">\n\t\t\t\t\t\t\t\t\t<p>Cuando accedemos al m\u00f3dulo de Art\u00edculos y Servicios, por defecto, el listado de la parte inferior solo nos muestra los art\u00edculos que tenemos en cat\u00e1logo.<\/p><p>Si quieres ver un art\u00edculo que has descatalogado, haz clic en la rueda dentada para hacer un filtro y, en la pantalla del filtro, desmarca la casilla \u00abMostrar s\u00f3lo los que actualmente est\u00e1n en cat\u00e1logo\u00bb.<\/p><p>Puedes a\u00f1adir cualquier otro criterio para filtrar el art\u00edculo que est\u00e1s buscando.<\/p><p>Cuando hayas seleccionado todos los criterios, haz clic en Aceptar y la parte de abajo de la pantalla se actualizar\u00e1 con los art\u00edculos que cumplen las condiciones del filtro.\u00a0<\/p>\t\t\t\t\t\t\t\t<\/div>\n\t\t\t\t<\/div>\n\t\t\t\t<div class=\"elementor-element elementor-element-79d100e elementor-widget elementor-widget-image\" data-id=\"79d100e\" data-element_type=\"widget\" data-e-type=\"widget\" data-widget_type=\"image.default\">\n\t\t\t\t<div class=\"elementor-widget-container\">\n\t\t\t\t\t\t\t\t\t\t\t\t\t\t\t<img loading=\"lazy\" decoding=\"async\" width=\"724\" height=\"547\" src=\"https:\/\/aplimedia.com\/tutoriales\/wp-content\/uploads\/2025\/03\/descatalogar-articulos1.jpg\" class=\"attachment-large size-large wp-image-9050\" alt=\"\" \/>\t\t\t\t\t\t\t\t\t\t\t\t\t\t\t<\/div>\n\t\t\t\t<\/div>\n\t\t\t\t<div class=\"elementor-element elementor-element-53057415 elementor-widget elementor-widget-spacer\" data-id=\"53057415\" data-element_type=\"widget\" data-e-type=\"widget\" data-widget_type=\"spacer.default\">\n\t\t\t\t<div class=\"elementor-widget-container\">\n\t\t\t\t\t\t\t<div class=\"elementor-spacer\">\n\t\t\t<div class=\"elementor-spacer-inner\"><\/div>\n\t\t<\/div>\n\t\t\t\t\t\t<\/div>\n\t\t\t\t<\/div>\n\t\t\t\t\t<\/div>\n\t\t<\/div>\n\t\t\t\t\t<\/div>\n\t\t<\/section>\n\t\t\t\t<\/div>\n\t\t","protected":false},"excerpt":{"rendered":"<p>Si vas a descatalogar un art\u00edculo, Secre dispone de una herramienta para que lo indiques.&nbsp; Con esta herramienta el art\u00edculo, por defecto, no nos aparecer\u00e1 cuando busquemos entre nuestra base de datos de art\u00edculos, pero podremos localizarlo si en alg\u00fan momento queremos hacer una consulta. Si vamos a dejar de vender un art\u00edculo, esta es [&hellip;]<\/p>\n","protected":false},"author":1,"featured_media":0,"parent":905,"menu_order":0,"comment_status":"closed","ping_status":"closed","template":"","meta":{"footnotes":""},"class_list":["post-3796","page","type-page","status-publish","hentry"],"yoast_head":"<!-- This site is optimized with the Yoast SEO plugin v27.5 - https:\/\/yoast.com\/product\/yoast-seo-wordpress\/ -->\n<title>Descatalogar un art\u00edculo | Tutoriales de Secre<\/title>\n<meta name=\"robots\" content=\"index, follow, max-snippet:-1, max-image-preview:large, max-video-preview:-1\" \/>\n<link rel=\"canonical\" href=\"https:\/\/aplimedia.com\/tutoriales\/primeros-pasos\/descatalogar-un-articulo\/\" \/>\n<meta property=\"og:locale\" content=\"es_ES\" \/>\n<meta property=\"og:type\" content=\"article\" \/>\n<meta property=\"og:title\" content=\"Descatalogar un art\u00edculo | Tutoriales de Secre\" \/>\n<meta property=\"og:description\" content=\"Si vas a descatalogar un art\u00edculo, Secre dispone de una herramienta para que lo indiques.&nbsp; Con esta herramienta el art\u00edculo, por defecto, no nos aparecer\u00e1 cuando busquemos entre nuestra base de datos de art\u00edculos, pero podremos localizarlo si en alg\u00fan momento queremos hacer una consulta. Si vamos a dejar de vender un art\u00edculo, esta es [&hellip;]\" \/>\n<meta property=\"og:url\" content=\"https:\/\/aplimedia.com\/tutoriales\/primeros-pasos\/descatalogar-un-articulo\/\" \/>\n<meta property=\"og:site_name\" content=\"Tutoriales de Secre\" \/>\n<meta property=\"article:modified_time\" content=\"2025-03-12T11:41:05+00:00\" \/>\n<meta property=\"og:image\" content=\"https:\/\/aplimedia.com\/tutoriales\/wp-content\/uploads\/2020\/10\/descatalogar-articulos-1.png\" \/>\n\t<meta property=\"og:image:width\" content=\"1884\" \/>\n\t<meta property=\"og:image:height\" content=\"794\" \/>\n\t<meta property=\"og:image:type\" content=\"image\/png\" \/>\n<meta name=\"twitter:card\" content=\"summary_large_image\" \/>\n<meta name=\"twitter:label1\" content=\"Tiempo de lectura\" \/>\n\t<meta name=\"twitter:data1\" content=\"3 minutos\" \/>\n<script type=\"application\/ld+json\" class=\"yoast-schema-graph\">{\"@context\":\"https:\\\/\\\/schema.org\",\"@graph\":[{\"@type\":\"WebPage\",\"@id\":\"https:\\\/\\\/aplimedia.com\\\/tutoriales\\\/primeros-pasos\\\/descatalogar-un-articulo\\\/\",\"url\":\"https:\\\/\\\/aplimedia.com\\\/tutoriales\\\/primeros-pasos\\\/descatalogar-un-articulo\\\/\",\"name\":\"Descatalogar un art\u00edculo | Tutoriales de Secre\",\"isPartOf\":{\"@id\":\"https:\\\/\\\/aplimedia.com\\\/tutoriales\\\/#website\"},\"primaryImageOfPage\":{\"@id\":\"https:\\\/\\\/aplimedia.com\\\/tutoriales\\\/primeros-pasos\\\/descatalogar-un-articulo\\\/#primaryimage\"},\"image\":{\"@id\":\"https:\\\/\\\/aplimedia.com\\\/tutoriales\\\/primeros-pasos\\\/descatalogar-un-articulo\\\/#primaryimage\"},\"thumbnailUrl\":\"https:\\\/\\\/aplimedia.com\\\/tutoriales\\\/wp-content\\\/uploads\\\/2020\\\/10\\\/descatalogar-articulos-1-1024x432.png\",\"datePublished\":\"2020-10-05T12:02:59+00:00\",\"dateModified\":\"2025-03-12T11:41:05+00:00\",\"breadcrumb\":{\"@id\":\"https:\\\/\\\/aplimedia.com\\\/tutoriales\\\/primeros-pasos\\\/descatalogar-un-articulo\\\/#breadcrumb\"},\"inLanguage\":\"es\",\"potentialAction\":[{\"@type\":\"ReadAction\",\"target\":[\"https:\\\/\\\/aplimedia.com\\\/tutoriales\\\/primeros-pasos\\\/descatalogar-un-articulo\\\/\"]}]},{\"@type\":\"ImageObject\",\"inLanguage\":\"es\",\"@id\":\"https:\\\/\\\/aplimedia.com\\\/tutoriales\\\/primeros-pasos\\\/descatalogar-un-articulo\\\/#primaryimage\",\"url\":\"https:\\\/\\\/aplimedia.com\\\/tutoriales\\\/wp-content\\\/uploads\\\/2020\\\/10\\\/descatalogar-articulos-1-1024x432.png\",\"contentUrl\":\"https:\\\/\\\/aplimedia.com\\\/tutoriales\\\/wp-content\\\/uploads\\\/2020\\\/10\\\/descatalogar-articulos-1-1024x432.png\"},{\"@type\":\"BreadcrumbList\",\"@id\":\"https:\\\/\\\/aplimedia.com\\\/tutoriales\\\/primeros-pasos\\\/descatalogar-un-articulo\\\/#breadcrumb\",\"itemListElement\":[{\"@type\":\"ListItem\",\"position\":1,\"name\":\"Tutoriales\",\"item\":\"https:\\\/\\\/aplimedia.com\\\/tutoriales\\\/\"},{\"@type\":\"ListItem\",\"position\":2,\"name\":\"Primeros Pasos\",\"item\":\"https:\\\/\\\/aplimedia.com\\\/tutoriales\\\/primeros-pasos\\\/\"},{\"@type\":\"ListItem\",\"position\":3,\"name\":\"Descatalogar un art\u00edculo\"}]},{\"@type\":\"WebSite\",\"@id\":\"https:\\\/\\\/aplimedia.com\\\/tutoriales\\\/#website\",\"url\":\"https:\\\/\\\/aplimedia.com\\\/tutoriales\\\/\",\"name\":\"Tutoriales de Secre\",\"description\":\"Tutoriales del software de gesti\u00f3n Secre\",\"publisher\":{\"@id\":\"https:\\\/\\\/aplimedia.com\\\/tutoriales\\\/#organization\"},\"potentialAction\":[{\"@type\":\"SearchAction\",\"target\":{\"@type\":\"EntryPoint\",\"urlTemplate\":\"https:\\\/\\\/aplimedia.com\\\/tutoriales\\\/?s={search_term_string}\"},\"query-input\":{\"@type\":\"PropertyValueSpecification\",\"valueRequired\":true,\"valueName\":\"search_term_string\"}}],\"inLanguage\":\"es\"},{\"@type\":\"Organization\",\"@id\":\"https:\\\/\\\/aplimedia.com\\\/tutoriales\\\/#organization\",\"name\":\"Tutoriales de Secre\",\"url\":\"https:\\\/\\\/aplimedia.com\\\/tutoriales\\\/\",\"logo\":{\"@type\":\"ImageObject\",\"inLanguage\":\"es\",\"@id\":\"https:\\\/\\\/aplimedia.com\\\/tutoriales\\\/#\\\/schema\\\/logo\\\/image\\\/\",\"url\":\"https:\\\/\\\/aplimedia.com\\\/tutoriales\\\/wp-content\\\/uploads\\\/2022\\\/03\\\/cropped-logotipo-aplimedia.png\",\"contentUrl\":\"https:\\\/\\\/aplimedia.com\\\/tutoriales\\\/wp-content\\\/uploads\\\/2022\\\/03\\\/cropped-logotipo-aplimedia.png\",\"width\":2000,\"height\":658,\"caption\":\"Tutoriales de Secre\"},\"image\":{\"@id\":\"https:\\\/\\\/aplimedia.com\\\/tutoriales\\\/#\\\/schema\\\/logo\\\/image\\\/\"}}]}<\/script>\n<!-- \/ Yoast SEO plugin. -->","yoast_head_json":{"title":"Descatalogar un art\u00edculo | Tutoriales de Secre","robots":{"index":"index","follow":"follow","max-snippet":"max-snippet:-1","max-image-preview":"max-image-preview:large","max-video-preview":"max-video-preview:-1"},"canonical":"https:\/\/aplimedia.com\/tutoriales\/primeros-pasos\/descatalogar-un-articulo\/","og_locale":"es_ES","og_type":"article","og_title":"Descatalogar un art\u00edculo | Tutoriales de Secre","og_description":"Si vas a descatalogar un art\u00edculo, Secre dispone de una herramienta para que lo indiques.&nbsp; Con esta herramienta el art\u00edculo, por defecto, no nos aparecer\u00e1 cuando busquemos entre nuestra base de datos de art\u00edculos, pero podremos localizarlo si en alg\u00fan momento queremos hacer una consulta. Si vamos a dejar de vender un art\u00edculo, esta es [&hellip;]","og_url":"https:\/\/aplimedia.com\/tutoriales\/primeros-pasos\/descatalogar-un-articulo\/","og_site_name":"Tutoriales de Secre","article_modified_time":"2025-03-12T11:41:05+00:00","og_image":[{"width":1884,"height":794,"url":"https:\/\/aplimedia.com\/tutoriales\/wp-content\/uploads\/2020\/10\/descatalogar-articulos-1.png","type":"image\/png"}],"twitter_card":"summary_large_image","twitter_misc":{"Tiempo de lectura":"3 minutos"},"schema":{"@context":"https:\/\/schema.org","@graph":[{"@type":"WebPage","@id":"https:\/\/aplimedia.com\/tutoriales\/primeros-pasos\/descatalogar-un-articulo\/","url":"https:\/\/aplimedia.com\/tutoriales\/primeros-pasos\/descatalogar-un-articulo\/","name":"Descatalogar un art\u00edculo | Tutoriales de Secre","isPartOf":{"@id":"https:\/\/aplimedia.com\/tutoriales\/#website"},"primaryImageOfPage":{"@id":"https:\/\/aplimedia.com\/tutoriales\/primeros-pasos\/descatalogar-un-articulo\/#primaryimage"},"image":{"@id":"https:\/\/aplimedia.com\/tutoriales\/primeros-pasos\/descatalogar-un-articulo\/#primaryimage"},"thumbnailUrl":"https:\/\/aplimedia.com\/tutoriales\/wp-content\/uploads\/2020\/10\/descatalogar-articulos-1-1024x432.png","datePublished":"2020-10-05T12:02:59+00:00","dateModified":"2025-03-12T11:41:05+00:00","breadcrumb":{"@id":"https:\/\/aplimedia.com\/tutoriales\/primeros-pasos\/descatalogar-un-articulo\/#breadcrumb"},"inLanguage":"es","potentialAction":[{"@type":"ReadAction","target":["https:\/\/aplimedia.com\/tutoriales\/primeros-pasos\/descatalogar-un-articulo\/"]}]},{"@type":"ImageObject","inLanguage":"es","@id":"https:\/\/aplimedia.com\/tutoriales\/primeros-pasos\/descatalogar-un-articulo\/#primaryimage","url":"https:\/\/aplimedia.com\/tutoriales\/wp-content\/uploads\/2020\/10\/descatalogar-articulos-1-1024x432.png","contentUrl":"https:\/\/aplimedia.com\/tutoriales\/wp-content\/uploads\/2020\/10\/descatalogar-articulos-1-1024x432.png"},{"@type":"BreadcrumbList","@id":"https:\/\/aplimedia.com\/tutoriales\/primeros-pasos\/descatalogar-un-articulo\/#breadcrumb","itemListElement":[{"@type":"ListItem","position":1,"name":"Tutoriales","item":"https:\/\/aplimedia.com\/tutoriales\/"},{"@type":"ListItem","position":2,"name":"Primeros Pasos","item":"https:\/\/aplimedia.com\/tutoriales\/primeros-pasos\/"},{"@type":"ListItem","position":3,"name":"Descatalogar un art\u00edculo"}]},{"@type":"WebSite","@id":"https:\/\/aplimedia.com\/tutoriales\/#website","url":"https:\/\/aplimedia.com\/tutoriales\/","name":"Tutoriales de Secre","description":"Tutoriales del software de gesti\u00f3n Secre","publisher":{"@id":"https:\/\/aplimedia.com\/tutoriales\/#organization"},"potentialAction":[{"@type":"SearchAction","target":{"@type":"EntryPoint","urlTemplate":"https:\/\/aplimedia.com\/tutoriales\/?s={search_term_string}"},"query-input":{"@type":"PropertyValueSpecification","valueRequired":true,"valueName":"search_term_string"}}],"inLanguage":"es"},{"@type":"Organization","@id":"https:\/\/aplimedia.com\/tutoriales\/#organization","name":"Tutoriales de Secre","url":"https:\/\/aplimedia.com\/tutoriales\/","logo":{"@type":"ImageObject","inLanguage":"es","@id":"https:\/\/aplimedia.com\/tutoriales\/#\/schema\/logo\/image\/","url":"https:\/\/aplimedia.com\/tutoriales\/wp-content\/uploads\/2022\/03\/cropped-logotipo-aplimedia.png","contentUrl":"https:\/\/aplimedia.com\/tutoriales\/wp-content\/uploads\/2022\/03\/cropped-logotipo-aplimedia.png","width":2000,"height":658,"caption":"Tutoriales de Secre"},"image":{"@id":"https:\/\/aplimedia.com\/tutoriales\/#\/schema\/logo\/image\/"}}]}},"_links":{"self":[{"href":"https:\/\/aplimedia.com\/tutoriales\/wp-json\/wp\/v2\/pages\/3796","targetHints":{"allow":["GET"]}}],"collection":[{"href":"https:\/\/aplimedia.com\/tutoriales\/wp-json\/wp\/v2\/pages"}],"about":[{"href":"https:\/\/aplimedia.com\/tutoriales\/wp-json\/wp\/v2\/types\/page"}],"author":[{"embeddable":true,"href":"https:\/\/aplimedia.com\/tutoriales\/wp-json\/wp\/v2\/users\/1"}],"replies":[{"embeddable":true,"href":"https:\/\/aplimedia.com\/tutoriales\/wp-json\/wp\/v2\/comments?post=3796"}],"version-history":[{"count":0,"href":"https:\/\/aplimedia.com\/tutoriales\/wp-json\/wp\/v2\/pages\/3796\/revisions"}],"up":[{"embeddable":true,"href":"https:\/\/aplimedia.com\/tutoriales\/wp-json\/wp\/v2\/pages\/905"}],"wp:attachment":[{"href":"https:\/\/aplimedia.com\/tutoriales\/wp-json\/wp\/v2\/media?parent=3796"}],"curies":[{"name":"wp","href":"https:\/\/api.w.org\/{rel}","templated":true}]}}