{"id":3696,"date":"2020-05-28T13:21:04","date_gmt":"2020-05-28T13:21:04","guid":{"rendered":"https:\/\/aplimedia.com\/tutoriales\/?page_id=3696"},"modified":"2025-03-13T15:27:28","modified_gmt":"2025-03-13T15:27:28","slug":"adjuntar-documentos-a-un-email","status":"publish","type":"page","link":"https:\/\/aplimedia.com\/tutoriales\/crm\/adjuntar-documentos-a-un-email\/","title":{"rendered":"Adjuntar documentos a un e-mail"},"content":{"rendered":"\t\t<div data-elementor-type=\"wp-post\" data-elementor-id=\"3696\" class=\"elementor elementor-3696\" data-elementor-post-type=\"page\">\n\t\t\t\t\t\t<section class=\"elementor-section elementor-top-section elementor-element elementor-element-2bab41c0 elementor-section-stretched elementor-section-boxed elementor-section-height-default elementor-section-height-default\" data-id=\"2bab41c0\" data-element_type=\"section\" data-e-type=\"section\" data-settings=\"{&quot;stretch_section&quot;:&quot;section-stretched&quot;}\">\n\t\t\t\t\t\t<div class=\"elementor-container elementor-column-gap-default\">\n\t\t\t\t\t<div class=\"elementor-column elementor-col-100 elementor-top-column elementor-element elementor-element-7b351b35\" data-id=\"7b351b35\" data-element_type=\"column\" data-e-type=\"column\">\n\t\t\t<div class=\"elementor-widget-wrap elementor-element-populated\">\n\t\t\t\t\t\t<div class=\"elementor-element elementor-element-26b09ff1 elementor-widget elementor-widget-text-editor\" data-id=\"26b09ff1\" data-element_type=\"widget\" data-e-type=\"widget\" data-widget_type=\"text-editor.default\">\n\t\t\t\t<div class=\"elementor-widget-container\">\n\t\t\t\t\t\t\t\t\t<p>Secre te permite adjuntar ficheros a cualquier e-mail que env\u00edes desde el programa.\u00a0<\/p><p>No importa si est\u00e1s mandando un e-mail a un cliente desde su ficha, si est\u00e1s mand\u00e1ndole una factura o presupuesto, o si est\u00e1s haciendo un env\u00edo masivo.\u00a0<\/p><p>Todas las opciones de env\u00edo de correo en Secre te permiten adjuntar ficheros.<\/p>\t\t\t\t\t\t\t\t<\/div>\n\t\t\t\t<\/div>\n\t\t\t\t<div class=\"elementor-element elementor-element-62f266c elementor-widget elementor-widget-text-editor\" data-id=\"62f266c\" data-element_type=\"widget\" data-e-type=\"widget\" data-widget_type=\"text-editor.default\">\n\t\t\t\t<div class=\"elementor-widget-container\">\n\t\t\t\t\t\t\t\t\t<ul><li>Si todav\u00eda no has configurado tu cuenta de correo electr\u00f3nico para realizar env\u00edos desde Secre, consulta este otro tutorial: <a href=\"https:\/\/aplimedia.com\/tutoriales\/varios\/configuracion-correo-electronico\/\">C\u00f3mo configurar la cuenta de correo electr\u00f3nico en Secre<\/a><\/li><li>Si necesitas m\u00e1s detalles sobre como enviar correos electr\u00f3nicos desde Secre puedes consultar este otro: <a href=\"https:\/\/aplimedia.com\/tutoriales\/crm\/enviar-un-e-mail-a-un-contacto\/\">Enviar correos electr\u00f3nicos desde Secre<\/a><\/li><\/ul>\t\t\t\t\t\t\t\t<\/div>\n\t\t\t\t<\/div>\n\t\t\t\t<div class=\"elementor-element elementor-element-96bd4ef elementor-widget elementor-widget-spacer\" data-id=\"96bd4ef\" data-element_type=\"widget\" data-e-type=\"widget\" data-widget_type=\"spacer.default\">\n\t\t\t\t<div class=\"elementor-widget-container\">\n\t\t\t\t\t\t\t<div class=\"elementor-spacer\">\n\t\t\t<div class=\"elementor-spacer-inner\"><\/div>\n\t\t<\/div>\n\t\t\t\t\t\t<\/div>\n\t\t\t\t<\/div>\n\t\t\t\t<div class=\"elementor-element elementor-element-7daac726 elementor-widget elementor-widget-heading\" data-id=\"7daac726\" data-element_type=\"widget\" data-e-type=\"widget\" data-widget_type=\"heading.default\">\n\t\t\t\t<div class=\"elementor-widget-container\">\n\t\t\t\t\t<h2 class=\"elementor-heading-title elementor-size-default\">Paso 1:<\/h2>\t\t\t\t<\/div>\n\t\t\t\t<\/div>\n\t\t\t\t<div class=\"elementor-element elementor-element-4152d533 elementor-widget elementor-widget-text-editor\" data-id=\"4152d533\" data-element_type=\"widget\" data-e-type=\"widget\" data-widget_type=\"text-editor.default\">\n\t\t\t\t<div class=\"elementor-widget-container\">\n\t\t\t\t\t\t\t\t\t<p>Pongamos por ejemplo que quiero enviar un presupuesto al cliente y, junto con el PDF del presupuesto, quiero adjuntar otro PDF con unas condiciones de venta.<\/p>\n<p>Para ello, ve al m\u00f3dulo de Ventas, sit\u00faate en el presupuesto en cuesti\u00f3n, y despu\u00e9s haz clic en el icono de la impresora del men\u00fa superior.<\/p>\n<p>Despu\u00e9s previsualiza el presupuesto y haz clic en el icono del buz\u00f3n arriba a la derecha para acceder a la pantalla de env\u00edo de e-mail:<\/p>\t\t\t\t\t\t\t\t<\/div>\n\t\t\t\t<\/div>\n\t\t\t\t<div class=\"elementor-element elementor-element-67660b94 elementor-widget elementor-widget-image\" data-id=\"67660b94\" data-element_type=\"widget\" data-e-type=\"widget\" data-widget_type=\"image.default\">\n\t\t\t\t<div class=\"elementor-widget-container\">\n\t\t\t\t\t\t\t\t\t\t\t\t\t\t\t\t<a href=\"https:\/\/aplimedia.com\/tutoriales\/wp-content\/uploads\/2024\/05\/nuevoenvioemails1.gif\" data-elementor-open-lightbox=\"yes\" data-elementor-lightbox-title=\"nuevoenvioemails1\" data-e-action-hash=\"#elementor-action%3Aaction%3Dlightbox%26settings%3DeyJpZCI6NzMwMSwidXJsIjoiaHR0cHM6XC9cL2FwbGltZWRpYS5jb21cL3R1dG9yaWFsZXNcL3dwLWNvbnRlbnRcL3VwbG9hZHNcLzIwMjRcLzA1XC9udWV2b2VudmlvZW1haWxzMS5naWYifQ%3D%3D\">\n\t\t\t\t\t\t\t<img fetchpriority=\"high\" decoding=\"async\" width=\"1900\" height=\"900\" src=\"https:\/\/aplimedia.com\/tutoriales\/wp-content\/uploads\/2024\/05\/nuevoenvioemails1.gif\" class=\"attachment-full size-full wp-image-7301\" alt=\"\" \/>\t\t\t\t\t\t\t\t<\/a>\n\t\t\t\t\t\t\t\t\t\t\t\t\t\t\t<\/div>\n\t\t\t\t<\/div>\n\t\t\t\t<div class=\"elementor-element elementor-element-4b453952 elementor-widget elementor-widget-spacer\" data-id=\"4b453952\" data-element_type=\"widget\" data-e-type=\"widget\" data-widget_type=\"spacer.default\">\n\t\t\t\t<div class=\"elementor-widget-container\">\n\t\t\t\t\t\t\t<div class=\"elementor-spacer\">\n\t\t\t<div class=\"elementor-spacer-inner\"><\/div>\n\t\t<\/div>\n\t\t\t\t\t\t<\/div>\n\t\t\t\t<\/div>\n\t\t\t\t<div class=\"elementor-element elementor-element-5c20503d elementor-widget elementor-widget-heading\" data-id=\"5c20503d\" data-element_type=\"widget\" data-e-type=\"widget\" data-widget_type=\"heading.default\">\n\t\t\t\t<div class=\"elementor-widget-container\">\n\t\t\t\t\t<h2 class=\"elementor-heading-title elementor-size-default\">Paso 2:<\/h2>\t\t\t\t<\/div>\n\t\t\t\t<\/div>\n\t\t\t\t<div class=\"elementor-element elementor-element-7c85fc37 elementor-widget elementor-widget-text-editor\" data-id=\"7c85fc37\" data-element_type=\"widget\" data-e-type=\"widget\" data-widget_type=\"text-editor.default\">\n\t\t\t\t<div class=\"elementor-widget-container\">\n\t\t\t\t\t\t\t\t\t<p>Redacta el e-mail de la forma habitual, rellenando el cuerpo, asunto&#8230; como corresponda.<\/p><p>Para a\u00f1adir un adjunto, simplemente deber\u00e1s pinchar sobre el bot\u00f3n \u00abAdjuntos\u00bb y arrastrar el fichero* que quieras adjuntar desde la carpeta de tu ordenador a la pantalla.<\/p>\t\t\t\t\t\t\t\t<\/div>\n\t\t\t\t<\/div>\n\t\t\t\t<div class=\"elementor-element elementor-element-9ae8f4f elementor-widget elementor-widget-text-editor\" data-id=\"9ae8f4f\" data-element_type=\"widget\" data-e-type=\"widget\" data-widget_type=\"text-editor.default\">\n\t\t\t\t<div class=\"elementor-widget-container\">\n\t\t\t\t\t\t\t\t\t<p>* En algunos m\u00e9todos de acceso a Secre, la opci\u00f3n de arrastrar el fichero a la pantalla no est\u00e1 disponible. En ese caso, podr\u00e1s ubicar y seleccionar tu fichero utilizando el explorador de ficheros.<\/p>\t\t\t\t\t\t\t\t<\/div>\n\t\t\t\t<\/div>\n\t\t\t\t<div class=\"elementor-element elementor-element-7131426 elementor-widget elementor-widget-image\" data-id=\"7131426\" data-element_type=\"widget\" data-e-type=\"widget\" data-widget_type=\"image.default\">\n\t\t\t\t<div class=\"elementor-widget-container\">\n\t\t\t\t\t\t\t\t\t\t\t\t\t\t\t<img decoding=\"async\" width=\"1893\" height=\"991\" src=\"https:\/\/aplimedia.com\/tutoriales\/wp-content\/uploads\/2025\/03\/adjuntardocumentosemail.gif\" class=\"attachment-large size-large wp-image-8986\" alt=\"\" \/>\t\t\t\t\t\t\t\t\t\t\t\t\t\t\t<\/div>\n\t\t\t\t<\/div>\n\t\t\t\t<div class=\"elementor-element elementor-element-c34e029 elementor-widget elementor-widget-text-editor\" data-id=\"c34e029\" data-element_type=\"widget\" data-e-type=\"widget\" data-widget_type=\"text-editor.default\">\n\t\t\t\t<div class=\"elementor-widget-container\">\n\t\t\t\t\t\t\t\t\t<p>Con estos pasos ya tendr\u00edamos el fichero adjunto y podemos <b>enviar el correo de la forma habitual<\/b> haciendo clic en el icono del <b>sobre<\/b>, arriba a la izquierda.<\/p><p>Puedes <b>adjuntar varios ficheros a un mismo e-mail<\/b>, repitiendo los pasos las veces que necesites.<\/p>\t\t\t\t\t\t\t\t<\/div>\n\t\t\t\t<\/div>\n\t\t\t\t<div class=\"elementor-element elementor-element-6b6d0883 elementor-widget elementor-widget-spacer\" data-id=\"6b6d0883\" data-element_type=\"widget\" data-e-type=\"widget\" data-widget_type=\"spacer.default\">\n\t\t\t\t<div class=\"elementor-widget-container\">\n\t\t\t\t\t\t\t<div class=\"elementor-spacer\">\n\t\t\t<div class=\"elementor-spacer-inner\"><\/div>\n\t\t<\/div>\n\t\t\t\t\t\t<\/div>\n\t\t\t\t<\/div>\n\t\t\t\t\t<\/div>\n\t\t<\/div>\n\t\t\t\t\t<\/div>\n\t\t<\/section>\n\t\t\t\t<\/div>\n\t\t","protected":false},"excerpt":{"rendered":"<p>Secre te permite adjuntar ficheros a cualquier e-mail que env\u00edes desde el programa.\u00a0 No importa si est\u00e1s mandando un e-mail a un cliente desde su ficha, si est\u00e1s mand\u00e1ndole una factura o presupuesto, o si est\u00e1s haciendo un env\u00edo masivo.\u00a0 Todas las opciones de env\u00edo de correo en Secre te permiten adjuntar ficheros. Si todav\u00eda [&hellip;]<\/p>\n","protected":false},"author":1,"featured_media":0,"parent":1204,"menu_order":0,"comment_status":"closed","ping_status":"closed","template":"","meta":{"footnotes":""},"class_list":["post-3696","page","type-page","status-publish","hentry"],"yoast_head":"<!-- This site is optimized with the Yoast SEO plugin v27.5 - https:\/\/yoast.com\/product\/yoast-seo-wordpress\/ -->\n<title>Adjuntar documentos a un e-mail | Tutoriales de Secre<\/title>\n<meta name=\"robots\" content=\"index, follow, max-snippet:-1, max-image-preview:large, max-video-preview:-1\" \/>\n<link rel=\"canonical\" href=\"https:\/\/aplimedia.com\/tutoriales\/crm\/adjuntar-documentos-a-un-email\/\" \/>\n<meta property=\"og:locale\" content=\"es_ES\" \/>\n<meta property=\"og:type\" content=\"article\" \/>\n<meta property=\"og:title\" content=\"Adjuntar documentos a un e-mail | Tutoriales de Secre\" \/>\n<meta property=\"og:description\" content=\"Secre te permite adjuntar ficheros a cualquier e-mail que env\u00edes desde el programa.\u00a0 No importa si est\u00e1s mandando un e-mail a un cliente desde su ficha, si est\u00e1s mand\u00e1ndole una factura o presupuesto, o si est\u00e1s haciendo un env\u00edo masivo.\u00a0 Todas las opciones de env\u00edo de correo en Secre te permiten adjuntar ficheros. Si todav\u00eda [&hellip;]\" \/>\n<meta property=\"og:url\" content=\"https:\/\/aplimedia.com\/tutoriales\/crm\/adjuntar-documentos-a-un-email\/\" \/>\n<meta property=\"og:site_name\" content=\"Tutoriales de Secre\" \/>\n<meta property=\"article:modified_time\" content=\"2025-03-13T15:27:28+00:00\" \/>\n<meta property=\"og:image\" content=\"https:\/\/aplimedia.com\/tutoriales\/wp-content\/uploads\/2024\/05\/nuevoenvioemails1.gif\" \/>\n\t<meta property=\"og:image:width\" content=\"1900\" \/>\n\t<meta property=\"og:image:height\" content=\"900\" \/>\n\t<meta property=\"og:image:type\" content=\"image\/gif\" \/>\n<meta name=\"twitter:card\" content=\"summary_large_image\" \/>\n<meta name=\"twitter:label1\" content=\"Tiempo de lectura\" \/>\n\t<meta name=\"twitter:data1\" content=\"2 minutos\" \/>\n<script type=\"application\/ld+json\" class=\"yoast-schema-graph\">{\"@context\":\"https:\\\/\\\/schema.org\",\"@graph\":[{\"@type\":\"WebPage\",\"@id\":\"https:\\\/\\\/aplimedia.com\\\/tutoriales\\\/crm\\\/adjuntar-documentos-a-un-email\\\/\",\"url\":\"https:\\\/\\\/aplimedia.com\\\/tutoriales\\\/crm\\\/adjuntar-documentos-a-un-email\\\/\",\"name\":\"Adjuntar documentos a un e-mail | Tutoriales de Secre\",\"isPartOf\":{\"@id\":\"https:\\\/\\\/aplimedia.com\\\/tutoriales\\\/#website\"},\"primaryImageOfPage\":{\"@id\":\"https:\\\/\\\/aplimedia.com\\\/tutoriales\\\/crm\\\/adjuntar-documentos-a-un-email\\\/#primaryimage\"},\"image\":{\"@id\":\"https:\\\/\\\/aplimedia.com\\\/tutoriales\\\/crm\\\/adjuntar-documentos-a-un-email\\\/#primaryimage\"},\"thumbnailUrl\":\"https:\\\/\\\/aplimedia.com\\\/tutoriales\\\/wp-content\\\/uploads\\\/2024\\\/05\\\/nuevoenvioemails1.gif\",\"datePublished\":\"2020-05-28T13:21:04+00:00\",\"dateModified\":\"2025-03-13T15:27:28+00:00\",\"breadcrumb\":{\"@id\":\"https:\\\/\\\/aplimedia.com\\\/tutoriales\\\/crm\\\/adjuntar-documentos-a-un-email\\\/#breadcrumb\"},\"inLanguage\":\"es\",\"potentialAction\":[{\"@type\":\"ReadAction\",\"target\":[\"https:\\\/\\\/aplimedia.com\\\/tutoriales\\\/crm\\\/adjuntar-documentos-a-un-email\\\/\"]}]},{\"@type\":\"ImageObject\",\"inLanguage\":\"es\",\"@id\":\"https:\\\/\\\/aplimedia.com\\\/tutoriales\\\/crm\\\/adjuntar-documentos-a-un-email\\\/#primaryimage\",\"url\":\"https:\\\/\\\/aplimedia.com\\\/tutoriales\\\/wp-content\\\/uploads\\\/2024\\\/05\\\/nuevoenvioemails1.gif\",\"contentUrl\":\"https:\\\/\\\/aplimedia.com\\\/tutoriales\\\/wp-content\\\/uploads\\\/2024\\\/05\\\/nuevoenvioemails1.gif\",\"width\":1900,\"height\":900},{\"@type\":\"BreadcrumbList\",\"@id\":\"https:\\\/\\\/aplimedia.com\\\/tutoriales\\\/crm\\\/adjuntar-documentos-a-un-email\\\/#breadcrumb\",\"itemListElement\":[{\"@type\":\"ListItem\",\"position\":1,\"name\":\"Tutoriales\",\"item\":\"https:\\\/\\\/aplimedia.com\\\/tutoriales\\\/\"},{\"@type\":\"ListItem\",\"position\":2,\"name\":\"CRM\",\"item\":\"https:\\\/\\\/aplimedia.com\\\/tutoriales\\\/crm\\\/\"},{\"@type\":\"ListItem\",\"position\":3,\"name\":\"Adjuntar documentos a un e-mail\"}]},{\"@type\":\"WebSite\",\"@id\":\"https:\\\/\\\/aplimedia.com\\\/tutoriales\\\/#website\",\"url\":\"https:\\\/\\\/aplimedia.com\\\/tutoriales\\\/\",\"name\":\"Tutoriales de Secre\",\"description\":\"Tutoriales del software de gesti\u00f3n Secre\",\"publisher\":{\"@id\":\"https:\\\/\\\/aplimedia.com\\\/tutoriales\\\/#organization\"},\"potentialAction\":[{\"@type\":\"SearchAction\",\"target\":{\"@type\":\"EntryPoint\",\"urlTemplate\":\"https:\\\/\\\/aplimedia.com\\\/tutoriales\\\/?s={search_term_string}\"},\"query-input\":{\"@type\":\"PropertyValueSpecification\",\"valueRequired\":true,\"valueName\":\"search_term_string\"}}],\"inLanguage\":\"es\"},{\"@type\":\"Organization\",\"@id\":\"https:\\\/\\\/aplimedia.com\\\/tutoriales\\\/#organization\",\"name\":\"Tutoriales de Secre\",\"url\":\"https:\\\/\\\/aplimedia.com\\\/tutoriales\\\/\",\"logo\":{\"@type\":\"ImageObject\",\"inLanguage\":\"es\",\"@id\":\"https:\\\/\\\/aplimedia.com\\\/tutoriales\\\/#\\\/schema\\\/logo\\\/image\\\/\",\"url\":\"https:\\\/\\\/aplimedia.com\\\/tutoriales\\\/wp-content\\\/uploads\\\/2022\\\/03\\\/cropped-logotipo-aplimedia.png\",\"contentUrl\":\"https:\\\/\\\/aplimedia.com\\\/tutoriales\\\/wp-content\\\/uploads\\\/2022\\\/03\\\/cropped-logotipo-aplimedia.png\",\"width\":2000,\"height\":658,\"caption\":\"Tutoriales de Secre\"},\"image\":{\"@id\":\"https:\\\/\\\/aplimedia.com\\\/tutoriales\\\/#\\\/schema\\\/logo\\\/image\\\/\"}}]}<\/script>\n<!-- \/ Yoast SEO plugin. -->","yoast_head_json":{"title":"Adjuntar documentos a un e-mail | Tutoriales de Secre","robots":{"index":"index","follow":"follow","max-snippet":"max-snippet:-1","max-image-preview":"max-image-preview:large","max-video-preview":"max-video-preview:-1"},"canonical":"https:\/\/aplimedia.com\/tutoriales\/crm\/adjuntar-documentos-a-un-email\/","og_locale":"es_ES","og_type":"article","og_title":"Adjuntar documentos a un e-mail | Tutoriales de Secre","og_description":"Secre te permite adjuntar ficheros a cualquier e-mail que env\u00edes desde el programa.\u00a0 No importa si est\u00e1s mandando un e-mail a un cliente desde su ficha, si est\u00e1s mand\u00e1ndole una factura o presupuesto, o si est\u00e1s haciendo un env\u00edo masivo.\u00a0 Todas las opciones de env\u00edo de correo en Secre te permiten adjuntar ficheros. Si todav\u00eda [&hellip;]","og_url":"https:\/\/aplimedia.com\/tutoriales\/crm\/adjuntar-documentos-a-un-email\/","og_site_name":"Tutoriales de Secre","article_modified_time":"2025-03-13T15:27:28+00:00","og_image":[{"width":1900,"height":900,"url":"https:\/\/aplimedia.com\/tutoriales\/wp-content\/uploads\/2024\/05\/nuevoenvioemails1.gif","type":"image\/gif"}],"twitter_card":"summary_large_image","twitter_misc":{"Tiempo de lectura":"2 minutos"},"schema":{"@context":"https:\/\/schema.org","@graph":[{"@type":"WebPage","@id":"https:\/\/aplimedia.com\/tutoriales\/crm\/adjuntar-documentos-a-un-email\/","url":"https:\/\/aplimedia.com\/tutoriales\/crm\/adjuntar-documentos-a-un-email\/","name":"Adjuntar documentos a un e-mail | Tutoriales de Secre","isPartOf":{"@id":"https:\/\/aplimedia.com\/tutoriales\/#website"},"primaryImageOfPage":{"@id":"https:\/\/aplimedia.com\/tutoriales\/crm\/adjuntar-documentos-a-un-email\/#primaryimage"},"image":{"@id":"https:\/\/aplimedia.com\/tutoriales\/crm\/adjuntar-documentos-a-un-email\/#primaryimage"},"thumbnailUrl":"https:\/\/aplimedia.com\/tutoriales\/wp-content\/uploads\/2024\/05\/nuevoenvioemails1.gif","datePublished":"2020-05-28T13:21:04+00:00","dateModified":"2025-03-13T15:27:28+00:00","breadcrumb":{"@id":"https:\/\/aplimedia.com\/tutoriales\/crm\/adjuntar-documentos-a-un-email\/#breadcrumb"},"inLanguage":"es","potentialAction":[{"@type":"ReadAction","target":["https:\/\/aplimedia.com\/tutoriales\/crm\/adjuntar-documentos-a-un-email\/"]}]},{"@type":"ImageObject","inLanguage":"es","@id":"https:\/\/aplimedia.com\/tutoriales\/crm\/adjuntar-documentos-a-un-email\/#primaryimage","url":"https:\/\/aplimedia.com\/tutoriales\/wp-content\/uploads\/2024\/05\/nuevoenvioemails1.gif","contentUrl":"https:\/\/aplimedia.com\/tutoriales\/wp-content\/uploads\/2024\/05\/nuevoenvioemails1.gif","width":1900,"height":900},{"@type":"BreadcrumbList","@id":"https:\/\/aplimedia.com\/tutoriales\/crm\/adjuntar-documentos-a-un-email\/#breadcrumb","itemListElement":[{"@type":"ListItem","position":1,"name":"Tutoriales","item":"https:\/\/aplimedia.com\/tutoriales\/"},{"@type":"ListItem","position":2,"name":"CRM","item":"https:\/\/aplimedia.com\/tutoriales\/crm\/"},{"@type":"ListItem","position":3,"name":"Adjuntar documentos a un e-mail"}]},{"@type":"WebSite","@id":"https:\/\/aplimedia.com\/tutoriales\/#website","url":"https:\/\/aplimedia.com\/tutoriales\/","name":"Tutoriales de Secre","description":"Tutoriales del software de gesti\u00f3n Secre","publisher":{"@id":"https:\/\/aplimedia.com\/tutoriales\/#organization"},"potentialAction":[{"@type":"SearchAction","target":{"@type":"EntryPoint","urlTemplate":"https:\/\/aplimedia.com\/tutoriales\/?s={search_term_string}"},"query-input":{"@type":"PropertyValueSpecification","valueRequired":true,"valueName":"search_term_string"}}],"inLanguage":"es"},{"@type":"Organization","@id":"https:\/\/aplimedia.com\/tutoriales\/#organization","name":"Tutoriales de Secre","url":"https:\/\/aplimedia.com\/tutoriales\/","logo":{"@type":"ImageObject","inLanguage":"es","@id":"https:\/\/aplimedia.com\/tutoriales\/#\/schema\/logo\/image\/","url":"https:\/\/aplimedia.com\/tutoriales\/wp-content\/uploads\/2022\/03\/cropped-logotipo-aplimedia.png","contentUrl":"https:\/\/aplimedia.com\/tutoriales\/wp-content\/uploads\/2022\/03\/cropped-logotipo-aplimedia.png","width":2000,"height":658,"caption":"Tutoriales de Secre"},"image":{"@id":"https:\/\/aplimedia.com\/tutoriales\/#\/schema\/logo\/image\/"}}]}},"_links":{"self":[{"href":"https:\/\/aplimedia.com\/tutoriales\/wp-json\/wp\/v2\/pages\/3696","targetHints":{"allow":["GET"]}}],"collection":[{"href":"https:\/\/aplimedia.com\/tutoriales\/wp-json\/wp\/v2\/pages"}],"about":[{"href":"https:\/\/aplimedia.com\/tutoriales\/wp-json\/wp\/v2\/types\/page"}],"author":[{"embeddable":true,"href":"https:\/\/aplimedia.com\/tutoriales\/wp-json\/wp\/v2\/users\/1"}],"replies":[{"embeddable":true,"href":"https:\/\/aplimedia.com\/tutoriales\/wp-json\/wp\/v2\/comments?post=3696"}],"version-history":[{"count":0,"href":"https:\/\/aplimedia.com\/tutoriales\/wp-json\/wp\/v2\/pages\/3696\/revisions"}],"up":[{"embeddable":true,"href":"https:\/\/aplimedia.com\/tutoriales\/wp-json\/wp\/v2\/pages\/1204"}],"wp:attachment":[{"href":"https:\/\/aplimedia.com\/tutoriales\/wp-json\/wp\/v2\/media?parent=3696"}],"curies":[{"name":"wp","href":"https:\/\/api.w.org\/{rel}","templated":true}]}}