{"id":3605,"date":"2020-04-30T08:04:41","date_gmt":"2020-04-30T08:04:41","guid":{"rendered":"https:\/\/aplimedia.com\/tutoriales\/?page_id=3605"},"modified":"2025-03-11T12:04:03","modified_gmt":"2025-03-11T12:04:03","slug":"resumen-iva","status":"publish","type":"page","link":"https:\/\/aplimedia.com\/tutoriales\/ventas\/resumen-iva\/","title":{"rendered":"C\u00f3mo sacar un resumen del IVA"},"content":{"rendered":"\t\t<div data-elementor-type=\"wp-post\" data-elementor-id=\"3605\" class=\"elementor elementor-3605\" data-elementor-post-type=\"page\">\n\t\t\t\t\t\t<section class=\"elementor-section elementor-top-section elementor-element elementor-element-5395b08f elementor-section-stretched elementor-section-boxed elementor-section-height-default elementor-section-height-default\" data-id=\"5395b08f\" data-element_type=\"section\" data-e-type=\"section\" data-settings=\"{&quot;stretch_section&quot;:&quot;section-stretched&quot;}\">\n\t\t\t\t\t\t<div class=\"elementor-container elementor-column-gap-default\">\n\t\t\t\t\t<div class=\"elementor-column elementor-col-100 elementor-top-column elementor-element elementor-element-536da801\" data-id=\"536da801\" data-element_type=\"column\" data-e-type=\"column\">\n\t\t\t<div class=\"elementor-widget-wrap elementor-element-populated\">\n\t\t\t\t\t\t<div class=\"elementor-element elementor-element-391e7f69 elementor-widget elementor-widget-text-editor\" data-id=\"391e7f69\" data-element_type=\"widget\" data-e-type=\"widget\" data-widget_type=\"text-editor.default\">\n\t\t\t\t<div class=\"elementor-widget-container\">\n\t\t\t\t\t\t\t\t\t<p>Secre te permite sacar, de forma muy sencilla, un <strong>resumen o listado del IVA.<\/strong> Cuentas con varias opciones en funci\u00f3n de c\u00f3mo de detallada quieras la informaci\u00f3n.<\/p>\t\t\t\t\t\t\t\t<\/div>\n\t\t\t\t<\/div>\n\t\t\t\t<div class=\"elementor-element elementor-element-65195ffc elementor-widget elementor-widget-spacer\" data-id=\"65195ffc\" data-element_type=\"widget\" data-e-type=\"widget\" data-widget_type=\"spacer.default\">\n\t\t\t\t<div class=\"elementor-widget-container\">\n\t\t\t\t\t\t\t<div class=\"elementor-spacer\">\n\t\t\t<div class=\"elementor-spacer-inner\"><\/div>\n\t\t<\/div>\n\t\t\t\t\t\t<\/div>\n\t\t\t\t<\/div>\n\t\t\t\t<div class=\"elementor-element elementor-element-6f9c274f elementor-widget elementor-widget-heading\" data-id=\"6f9c274f\" data-element_type=\"widget\" data-e-type=\"widget\" data-widget_type=\"heading.default\">\n\t\t\t\t<div class=\"elementor-widget-container\">\n\t\t\t\t\t<h2 class=\"elementor-heading-title elementor-size-default\">Paso 1<\/h2>\t\t\t\t<\/div>\n\t\t\t\t<\/div>\n\t\t\t\t<div class=\"elementor-element elementor-element-268f3bb5 elementor-widget elementor-widget-text-editor\" data-id=\"268f3bb5\" data-element_type=\"widget\" data-e-type=\"widget\" data-widget_type=\"text-editor.default\">\n\t\t\t\t<div class=\"elementor-widget-container\">\n\t\t\t\t\t\t\t\t\t<p>El primer paso es sacar un listado de Ventas. Para ello, iremos a Ventas desde la pantalla principal, y despu\u00e9s, haciendo click en la rueda dentada, accederemos a los filtros para poder escoger qu\u00e9 queremos tener en cuenta para filtrar dicho listado.<\/p>\t\t\t\t\t\t\t\t<\/div>\n\t\t\t\t<\/div>\n\t\t\t\t<div class=\"elementor-element elementor-element-bc43a5c elementor-widget elementor-widget-image\" data-id=\"bc43a5c\" data-element_type=\"widget\" data-e-type=\"widget\" data-widget_type=\"image.default\">\n\t\t\t\t<div class=\"elementor-widget-container\">\n\t\t\t\t\t\t\t\t\t\t\t\t\t\t\t\t<a href=\"https:\/\/aplimedia.com\/tutoriales\/wp-content\/uploads\/2020\/04\/resumeniva1.gif\" data-elementor-open-lightbox=\"yes\" data-elementor-lightbox-title=\"resumeniva1\" data-e-action-hash=\"#elementor-action%3Aaction%3Dlightbox%26settings%3DeyJpZCI6MzYwNywidXJsIjoiaHR0cHM6XC9cL2FwbGltZWRpYS5jb21cL3R1dG9yaWFsZXNcL3dwLWNvbnRlbnRcL3VwbG9hZHNcLzIwMjBcLzA0XC9yZXN1bWVuaXZhMS5naWYifQ%3D%3D\">\n\t\t\t\t\t\t\t<img fetchpriority=\"high\" decoding=\"async\" width=\"1318\" height=\"641\" src=\"https:\/\/aplimedia.com\/tutoriales\/wp-content\/uploads\/2020\/04\/resumeniva1.gif\" class=\"attachment-full size-full wp-image-3607\" alt=\"\" \/>\t\t\t\t\t\t\t\t<\/a>\n\t\t\t\t\t\t\t\t\t\t\t\t\t\t\t<\/div>\n\t\t\t\t<\/div>\n\t\t\t\t<div class=\"elementor-element elementor-element-8656c5e elementor-widget elementor-widget-text-editor\" data-id=\"8656c5e\" data-element_type=\"widget\" data-e-type=\"widget\" data-widget_type=\"text-editor.default\">\n\t\t\t\t<div class=\"elementor-widget-container\">\n\t\t\t\t\t\t\t\t\t<p>Lo habitual es sacar un <b>listado de facturas del trimestre<\/b>, as\u00ed que, en este ejemplo, vamos a hacer un filtro para sacar un listado de todas las facturas del primer trimestre del a\u00f1o. Para ello usaremos la opci\u00f3n del filtro \u00abFecha factura\u00bb para introducir el intervalo de fechas. Despu\u00e9s ejecutaremos el filtro haciendo clic en el icono del rayo.<\/p>\t\t\t\t\t\t\t\t<\/div>\n\t\t\t\t<\/div>\n\t\t\t\t<div class=\"elementor-element elementor-element-86ef57f elementor-widget elementor-widget-image\" data-id=\"86ef57f\" data-element_type=\"widget\" data-e-type=\"widget\" data-widget_type=\"image.default\">\n\t\t\t\t<div class=\"elementor-widget-container\">\n\t\t\t\t\t\t\t\t\t\t\t\t\t\t\t\t<a href=\"https:\/\/aplimedia.com\/tutoriales\/wp-content\/uploads\/2020\/04\/resumeniva2.gif\" data-elementor-open-lightbox=\"yes\" data-elementor-lightbox-title=\"resumeniva2\" data-e-action-hash=\"#elementor-action%3Aaction%3Dlightbox%26settings%3DeyJpZCI6MzYwOCwidXJsIjoiaHR0cHM6XC9cL2FwbGltZWRpYS5jb21cL3R1dG9yaWFsZXNcL3dwLWNvbnRlbnRcL3VwbG9hZHNcLzIwMjBcLzA0XC9yZXN1bWVuaXZhMi5naWYifQ%3D%3D\">\n\t\t\t\t\t\t\t<img decoding=\"async\" width=\"1318\" height=\"641\" src=\"https:\/\/aplimedia.com\/tutoriales\/wp-content\/uploads\/2020\/04\/resumeniva2.gif\" class=\"attachment-full size-full wp-image-3608\" alt=\"\" \/>\t\t\t\t\t\t\t\t<\/a>\n\t\t\t\t\t\t\t\t\t\t\t\t\t\t\t<\/div>\n\t\t\t\t<\/div>\n\t\t\t\t<div class=\"elementor-element elementor-element-af6cdda elementor-widget elementor-widget-spacer\" data-id=\"af6cdda\" data-element_type=\"widget\" data-e-type=\"widget\" data-widget_type=\"spacer.default\">\n\t\t\t\t<div class=\"elementor-widget-container\">\n\t\t\t\t\t\t\t<div class=\"elementor-spacer\">\n\t\t\t<div class=\"elementor-spacer-inner\"><\/div>\n\t\t<\/div>\n\t\t\t\t\t\t<\/div>\n\t\t\t\t<\/div>\n\t\t\t\t<div class=\"elementor-element elementor-element-6b1132ad elementor-widget elementor-widget-heading\" data-id=\"6b1132ad\" data-element_type=\"widget\" data-e-type=\"widget\" data-widget_type=\"heading.default\">\n\t\t\t\t<div class=\"elementor-widget-container\">\n\t\t\t\t\t<h2 class=\"elementor-heading-title elementor-size-default\">Paso 2:<\/h2>\t\t\t\t<\/div>\n\t\t\t\t<\/div>\n\t\t\t\t<div class=\"elementor-element elementor-element-3b578da4 elementor-widget elementor-widget-text-editor\" data-id=\"3b578da4\" data-element_type=\"widget\" data-e-type=\"widget\" data-widget_type=\"text-editor.default\">\n\t\t\t\t<div class=\"elementor-widget-container\">\n\t\t\t\t\t\t\t\t\t<p>Con el listado de ventas en pantalla solo tenemos que ir al men\u00fa superior y escoger entre estas dos opciones:<\/p><ul><li><strong>Imprimir&gt;Imprimir resumen de IVA<\/strong>: ofrece la informaci\u00f3n de forma resumida.<\/li><li><strong>Imprimir&gt;Imprimir listado de IVA<\/strong>: ofrece la informaci\u00f3n de forma m\u00e1s detallada.<\/li><\/ul>\t\t\t\t\t\t\t\t<\/div>\n\t\t\t\t<\/div>\n\t\t\t\t<section class=\"elementor-section elementor-inner-section elementor-element elementor-element-7a5dd03 elementor-section-boxed elementor-section-height-default elementor-section-height-default\" data-id=\"7a5dd03\" data-element_type=\"section\" data-e-type=\"section\">\n\t\t\t\t\t\t<div class=\"elementor-container elementor-column-gap-default\">\n\t\t\t\t\t<div class=\"elementor-column elementor-col-100 elementor-inner-column elementor-element elementor-element-9842c16\" data-id=\"9842c16\" data-element_type=\"column\" data-e-type=\"column\">\n\t\t\t<div class=\"elementor-widget-wrap elementor-element-populated\">\n\t\t\t\t\t\t<div class=\"elementor-element elementor-element-66b61f0 elementor-widget elementor-widget-image\" data-id=\"66b61f0\" data-element_type=\"widget\" data-e-type=\"widget\" data-widget_type=\"image.default\">\n\t\t\t\t<div class=\"elementor-widget-container\">\n\t\t\t\t\t\t\t\t\t\t\t\t\t\t\t\t<a href=\"https:\/\/aplimedia.com\/tutoriales\/wp-content\/uploads\/2020\/04\/resumeniiva4.png\" data-elementor-open-lightbox=\"yes\" data-elementor-lightbox-title=\"resumeniiva4\" data-e-action-hash=\"#elementor-action%3Aaction%3Dlightbox%26settings%3DeyJpZCI6MzYwOSwidXJsIjoiaHR0cHM6XC9cL2FwbGltZWRpYS5jb21cL3R1dG9yaWFsZXNcL3dwLWNvbnRlbnRcL3VwbG9hZHNcLzIwMjBcLzA0XC9yZXN1bWVuaWl2YTQucG5nIn0%3D\">\n\t\t\t\t\t\t\t<img decoding=\"async\" width=\"1245\" height=\"501\" src=\"https:\/\/aplimedia.com\/tutoriales\/wp-content\/uploads\/2020\/04\/resumeniiva4.png\" class=\"attachment-full size-full wp-image-3609\" alt=\"\" srcset=\"https:\/\/aplimedia.com\/tutoriales\/wp-content\/uploads\/2020\/04\/resumeniiva4.png 1245w, https:\/\/aplimedia.com\/tutoriales\/wp-content\/uploads\/2020\/04\/resumeniiva4-300x121.png 300w, https:\/\/aplimedia.com\/tutoriales\/wp-content\/uploads\/2020\/04\/resumeniiva4-1024x412.png 1024w, https:\/\/aplimedia.com\/tutoriales\/wp-content\/uploads\/2020\/04\/resumeniiva4-768x309.png 768w\" sizes=\"(max-width: 1245px) 100vw, 1245px\" \/>\t\t\t\t\t\t\t\t<\/a>\n\t\t\t\t\t\t\t\t\t\t\t\t\t\t\t<\/div>\n\t\t\t\t<\/div>\n\t\t\t\t\t<\/div>\n\t\t<\/div>\n\t\t\t\t\t<\/div>\n\t\t<\/section>\n\t\t\t\t<div class=\"elementor-element elementor-element-6ea749e elementor-widget elementor-widget-spacer\" data-id=\"6ea749e\" data-element_type=\"widget\" data-e-type=\"widget\" data-widget_type=\"spacer.default\">\n\t\t\t\t<div class=\"elementor-widget-container\">\n\t\t\t\t\t\t\t<div class=\"elementor-spacer\">\n\t\t\t<div class=\"elementor-spacer-inner\"><\/div>\n\t\t<\/div>\n\t\t\t\t\t\t<\/div>\n\t\t\t\t<\/div>\n\t\t\t\t<div class=\"elementor-element elementor-element-7b53c45 elementor-widget elementor-widget-heading\" data-id=\"7b53c45\" data-element_type=\"widget\" data-e-type=\"widget\" data-widget_type=\"heading.default\">\n\t\t\t\t<div class=\"elementor-widget-container\">\n\t\t\t\t\t<h2 class=\"elementor-heading-title elementor-size-default\">Paso 3:<\/h2>\t\t\t\t<\/div>\n\t\t\t\t<\/div>\n\t\t\t\t<div class=\"elementor-element elementor-element-ee0699c elementor-widget elementor-widget-text-editor\" data-id=\"ee0699c\" data-element_type=\"widget\" data-e-type=\"widget\" data-widget_type=\"text-editor.default\">\n\t\t\t\t<div class=\"elementor-widget-container\">\n\t\t\t\t\t\t\t\t\t<p>Secre generar\u00e1 el documento y, con \u00e9l en pantalla, podr\u00e1s imprimirlo, exportarlo o enviarlo por correo electr\u00f3nico.<\/p>\n<p>Si quieres descargar el informe, puedes utilizar las opciones de exportaci\u00f3n \u00abExportar\u00bb, que tienes en el men\u00fa superior, a la izquierda.&nbsp;<\/p><p>Tambi\u00e9n puedes utilizar el buz\u00f3n para enviarlo por correo electr\u00f3nico.<\/p>\t\t\t\t\t\t\t\t<\/div>\n\t\t\t\t<\/div>\n\t\t\t\t<div class=\"elementor-element elementor-element-c509f4f elementor-widget elementor-widget-image\" data-id=\"c509f4f\" data-element_type=\"widget\" data-e-type=\"widget\" data-widget_type=\"image.default\">\n\t\t\t\t<div class=\"elementor-widget-container\">\n\t\t\t\t\t\t\t\t\t\t\t\t\t\t\t\t<a href=\"https:\/\/aplimedia.com\/tutoriales\/wp-content\/uploads\/2020\/04\/resumeniiva3.png\" data-elementor-open-lightbox=\"yes\" data-elementor-lightbox-title=\"resumeniiva3\" data-e-action-hash=\"#elementor-action%3Aaction%3Dlightbox%26settings%3DeyJpZCI6MzYxMCwidXJsIjoiaHR0cHM6XC9cL2FwbGltZWRpYS5jb21cL3R1dG9yaWFsZXNcL3dwLWNvbnRlbnRcL3VwbG9hZHNcLzIwMjBcLzA0XC9yZXN1bWVuaWl2YTMucG5nIn0%3D\">\n\t\t\t\t\t\t\t<img loading=\"lazy\" decoding=\"async\" width=\"1365\" height=\"729\" src=\"https:\/\/aplimedia.com\/tutoriales\/wp-content\/uploads\/2020\/04\/resumeniiva3.png\" class=\"attachment-full size-full wp-image-3610\" alt=\"\" srcset=\"https:\/\/aplimedia.com\/tutoriales\/wp-content\/uploads\/2020\/04\/resumeniiva3.png 1365w, https:\/\/aplimedia.com\/tutoriales\/wp-content\/uploads\/2020\/04\/resumeniiva3-300x160.png 300w, https:\/\/aplimedia.com\/tutoriales\/wp-content\/uploads\/2020\/04\/resumeniiva3-1024x547.png 1024w, https:\/\/aplimedia.com\/tutoriales\/wp-content\/uploads\/2020\/04\/resumeniiva3-768x410.png 768w\" sizes=\"(max-width: 1365px) 100vw, 1365px\" \/>\t\t\t\t\t\t\t\t<\/a>\n\t\t\t\t\t\t\t\t\t\t\t\t\t\t\t<\/div>\n\t\t\t\t<\/div>\n\t\t\t\t<div class=\"elementor-element elementor-element-513d7d3 elementor-widget elementor-widget-text-editor\" data-id=\"513d7d3\" data-element_type=\"widget\" data-e-type=\"widget\" data-widget_type=\"text-editor.default\">\n\t\t\t\t<div class=\"elementor-widget-container\">\n\t\t\t\t\t\t\t\t\t<p>Tambi\u00e9n puedes hacer click en el icono de la impresora en la parte superior izquierda de la previsualizaci\u00f3n, para <strong>imprimir el documento<\/strong>:<\/p>\t\t\t\t\t\t\t\t<\/div>\n\t\t\t\t<\/div>\n\t\t\t\t<div class=\"elementor-element elementor-element-0754919 elementor-widget elementor-widget-image\" data-id=\"0754919\" data-element_type=\"widget\" data-e-type=\"widget\" data-widget_type=\"image.default\">\n\t\t\t\t<div class=\"elementor-widget-container\">\n\t\t\t\t\t\t\t\t\t\t\t\t\t\t\t\t<a href=\"https:\/\/aplimedia.com\/tutoriales\/wp-content\/uploads\/2020\/04\/resumeniiva6.png\" data-elementor-open-lightbox=\"yes\" data-elementor-lightbox-title=\"resumeniiva6\" data-e-action-hash=\"#elementor-action%3Aaction%3Dlightbox%26settings%3DeyJpZCI6MzYxMiwidXJsIjoiaHR0cHM6XC9cL2FwbGltZWRpYS5jb21cL3R1dG9yaWFsZXNcL3dwLWNvbnRlbnRcL3VwbG9hZHNcLzIwMjBcLzA0XC9yZXN1bWVuaWl2YTYucG5nIn0%3D\">\n\t\t\t\t\t\t\t<img loading=\"lazy\" decoding=\"async\" width=\"502\" height=\"326\" src=\"https:\/\/aplimedia.com\/tutoriales\/wp-content\/uploads\/2020\/04\/resumeniiva6.png\" class=\"attachment-full size-full wp-image-3612\" alt=\"\" srcset=\"https:\/\/aplimedia.com\/tutoriales\/wp-content\/uploads\/2020\/04\/resumeniiva6.png 502w, https:\/\/aplimedia.com\/tutoriales\/wp-content\/uploads\/2020\/04\/resumeniiva6-300x195.png 300w\" sizes=\"(max-width: 502px) 100vw, 502px\" \/>\t\t\t\t\t\t\t\t<\/a>\n\t\t\t\t\t\t\t\t\t\t\t\t\t\t\t<\/div>\n\t\t\t\t<\/div>\n\t\t\t\t<div class=\"elementor-element elementor-element-36a0da10 elementor-widget elementor-widget-spacer\" data-id=\"36a0da10\" data-element_type=\"widget\" data-e-type=\"widget\" data-widget_type=\"spacer.default\">\n\t\t\t\t<div class=\"elementor-widget-container\">\n\t\t\t\t\t\t\t<div class=\"elementor-spacer\">\n\t\t\t<div class=\"elementor-spacer-inner\"><\/div>\n\t\t<\/div>\n\t\t\t\t\t\t<\/div>\n\t\t\t\t<\/div>\n\t\t\t\t\t<\/div>\n\t\t<\/div>\n\t\t\t\t\t<\/div>\n\t\t<\/section>\n\t\t\t\t<\/div>\n\t\t","protected":false},"excerpt":{"rendered":"<p>Secre te permite sacar, de forma muy sencilla, un resumen o listado del IVA. Cuentas con varias opciones en funci\u00f3n de c\u00f3mo de detallada quieras la informaci\u00f3n. Paso 1 El primer paso es sacar un listado de Ventas. Para ello, iremos a Ventas desde la pantalla principal, y despu\u00e9s, haciendo click en la rueda dentada, [&hellip;]<\/p>\n","protected":false},"author":1,"featured_media":0,"parent":1409,"menu_order":0,"comment_status":"closed","ping_status":"closed","template":"","meta":{"footnotes":""},"class_list":["post-3605","page","type-page","status-publish","hentry"],"yoast_head":"<!-- This site is optimized with the Yoast SEO plugin v27.5 - https:\/\/yoast.com\/product\/yoast-seo-wordpress\/ -->\n<title>C\u00f3mo sacar un resumen del IVA | Tutoriales de Secre<\/title>\n<meta name=\"robots\" content=\"index, follow, max-snippet:-1, max-image-preview:large, max-video-preview:-1\" \/>\n<link rel=\"canonical\" href=\"https:\/\/aplimedia.com\/tutoriales\/ventas\/resumen-iva\/\" \/>\n<meta property=\"og:locale\" content=\"es_ES\" \/>\n<meta property=\"og:type\" content=\"article\" \/>\n<meta property=\"og:title\" content=\"C\u00f3mo sacar un resumen del IVA | Tutoriales de Secre\" \/>\n<meta property=\"og:description\" content=\"Secre te permite sacar, de forma muy sencilla, un resumen o listado del IVA. Cuentas con varias opciones en funci\u00f3n de c\u00f3mo de detallada quieras la informaci\u00f3n. Paso 1 El primer paso es sacar un listado de Ventas. Para ello, iremos a Ventas desde la pantalla principal, y despu\u00e9s, haciendo click en la rueda dentada, [&hellip;]\" \/>\n<meta property=\"og:url\" content=\"https:\/\/aplimedia.com\/tutoriales\/ventas\/resumen-iva\/\" \/>\n<meta property=\"og:site_name\" content=\"Tutoriales de Secre\" \/>\n<meta property=\"article:modified_time\" content=\"2025-03-11T12:04:03+00:00\" \/>\n<meta property=\"og:image\" content=\"https:\/\/aplimedia.com\/tutoriales\/wp-content\/uploads\/2020\/04\/resumeniva1.gif\" \/>\n\t<meta property=\"og:image:width\" content=\"1318\" \/>\n\t<meta property=\"og:image:height\" content=\"641\" \/>\n\t<meta property=\"og:image:type\" content=\"image\/gif\" \/>\n<meta name=\"twitter:card\" content=\"summary_large_image\" \/>\n<meta name=\"twitter:label1\" content=\"Tiempo de lectura\" \/>\n\t<meta name=\"twitter:data1\" content=\"3 minutos\" \/>\n<script type=\"application\/ld+json\" class=\"yoast-schema-graph\">{\"@context\":\"https:\\\/\\\/schema.org\",\"@graph\":[{\"@type\":\"WebPage\",\"@id\":\"https:\\\/\\\/aplimedia.com\\\/tutoriales\\\/ventas\\\/resumen-iva\\\/\",\"url\":\"https:\\\/\\\/aplimedia.com\\\/tutoriales\\\/ventas\\\/resumen-iva\\\/\",\"name\":\"C\u00f3mo sacar un resumen del IVA | Tutoriales de Secre\",\"isPartOf\":{\"@id\":\"https:\\\/\\\/aplimedia.com\\\/tutoriales\\\/#website\"},\"primaryImageOfPage\":{\"@id\":\"https:\\\/\\\/aplimedia.com\\\/tutoriales\\\/ventas\\\/resumen-iva\\\/#primaryimage\"},\"image\":{\"@id\":\"https:\\\/\\\/aplimedia.com\\\/tutoriales\\\/ventas\\\/resumen-iva\\\/#primaryimage\"},\"thumbnailUrl\":\"https:\\\/\\\/aplimedia.com\\\/tutoriales\\\/wp-content\\\/uploads\\\/2020\\\/04\\\/resumeniva1.gif\",\"datePublished\":\"2020-04-30T08:04:41+00:00\",\"dateModified\":\"2025-03-11T12:04:03+00:00\",\"breadcrumb\":{\"@id\":\"https:\\\/\\\/aplimedia.com\\\/tutoriales\\\/ventas\\\/resumen-iva\\\/#breadcrumb\"},\"inLanguage\":\"es\",\"potentialAction\":[{\"@type\":\"ReadAction\",\"target\":[\"https:\\\/\\\/aplimedia.com\\\/tutoriales\\\/ventas\\\/resumen-iva\\\/\"]}]},{\"@type\":\"ImageObject\",\"inLanguage\":\"es\",\"@id\":\"https:\\\/\\\/aplimedia.com\\\/tutoriales\\\/ventas\\\/resumen-iva\\\/#primaryimage\",\"url\":\"https:\\\/\\\/aplimedia.com\\\/tutoriales\\\/wp-content\\\/uploads\\\/2020\\\/04\\\/resumeniva1.gif\",\"contentUrl\":\"https:\\\/\\\/aplimedia.com\\\/tutoriales\\\/wp-content\\\/uploads\\\/2020\\\/04\\\/resumeniva1.gif\",\"width\":1318,\"height\":641},{\"@type\":\"BreadcrumbList\",\"@id\":\"https:\\\/\\\/aplimedia.com\\\/tutoriales\\\/ventas\\\/resumen-iva\\\/#breadcrumb\",\"itemListElement\":[{\"@type\":\"ListItem\",\"position\":1,\"name\":\"Tutoriales\",\"item\":\"https:\\\/\\\/aplimedia.com\\\/tutoriales\\\/\"},{\"@type\":\"ListItem\",\"position\":2,\"name\":\"Ventas\",\"item\":\"https:\\\/\\\/aplimedia.com\\\/tutoriales\\\/ventas\\\/\"},{\"@type\":\"ListItem\",\"position\":3,\"name\":\"C\u00f3mo sacar un resumen del IVA\"}]},{\"@type\":\"WebSite\",\"@id\":\"https:\\\/\\\/aplimedia.com\\\/tutoriales\\\/#website\",\"url\":\"https:\\\/\\\/aplimedia.com\\\/tutoriales\\\/\",\"name\":\"Tutoriales de Secre\",\"description\":\"Tutoriales del software de gesti\u00f3n Secre\",\"publisher\":{\"@id\":\"https:\\\/\\\/aplimedia.com\\\/tutoriales\\\/#organization\"},\"potentialAction\":[{\"@type\":\"SearchAction\",\"target\":{\"@type\":\"EntryPoint\",\"urlTemplate\":\"https:\\\/\\\/aplimedia.com\\\/tutoriales\\\/?s={search_term_string}\"},\"query-input\":{\"@type\":\"PropertyValueSpecification\",\"valueRequired\":true,\"valueName\":\"search_term_string\"}}],\"inLanguage\":\"es\"},{\"@type\":\"Organization\",\"@id\":\"https:\\\/\\\/aplimedia.com\\\/tutoriales\\\/#organization\",\"name\":\"Tutoriales de Secre\",\"url\":\"https:\\\/\\\/aplimedia.com\\\/tutoriales\\\/\",\"logo\":{\"@type\":\"ImageObject\",\"inLanguage\":\"es\",\"@id\":\"https:\\\/\\\/aplimedia.com\\\/tutoriales\\\/#\\\/schema\\\/logo\\\/image\\\/\",\"url\":\"https:\\\/\\\/aplimedia.com\\\/tutoriales\\\/wp-content\\\/uploads\\\/2022\\\/03\\\/cropped-logotipo-aplimedia.png\",\"contentUrl\":\"https:\\\/\\\/aplimedia.com\\\/tutoriales\\\/wp-content\\\/uploads\\\/2022\\\/03\\\/cropped-logotipo-aplimedia.png\",\"width\":2000,\"height\":658,\"caption\":\"Tutoriales de Secre\"},\"image\":{\"@id\":\"https:\\\/\\\/aplimedia.com\\\/tutoriales\\\/#\\\/schema\\\/logo\\\/image\\\/\"}}]}<\/script>\n<!-- \/ Yoast SEO plugin. -->","yoast_head_json":{"title":"C\u00f3mo sacar un resumen del IVA | Tutoriales de Secre","robots":{"index":"index","follow":"follow","max-snippet":"max-snippet:-1","max-image-preview":"max-image-preview:large","max-video-preview":"max-video-preview:-1"},"canonical":"https:\/\/aplimedia.com\/tutoriales\/ventas\/resumen-iva\/","og_locale":"es_ES","og_type":"article","og_title":"C\u00f3mo sacar un resumen del IVA | Tutoriales de Secre","og_description":"Secre te permite sacar, de forma muy sencilla, un resumen o listado del IVA. Cuentas con varias opciones en funci\u00f3n de c\u00f3mo de detallada quieras la informaci\u00f3n. Paso 1 El primer paso es sacar un listado de Ventas. Para ello, iremos a Ventas desde la pantalla principal, y despu\u00e9s, haciendo click en la rueda dentada, [&hellip;]","og_url":"https:\/\/aplimedia.com\/tutoriales\/ventas\/resumen-iva\/","og_site_name":"Tutoriales de Secre","article_modified_time":"2025-03-11T12:04:03+00:00","og_image":[{"width":1318,"height":641,"url":"https:\/\/aplimedia.com\/tutoriales\/wp-content\/uploads\/2020\/04\/resumeniva1.gif","type":"image\/gif"}],"twitter_card":"summary_large_image","twitter_misc":{"Tiempo de lectura":"3 minutos"},"schema":{"@context":"https:\/\/schema.org","@graph":[{"@type":"WebPage","@id":"https:\/\/aplimedia.com\/tutoriales\/ventas\/resumen-iva\/","url":"https:\/\/aplimedia.com\/tutoriales\/ventas\/resumen-iva\/","name":"C\u00f3mo sacar un resumen del IVA | Tutoriales de Secre","isPartOf":{"@id":"https:\/\/aplimedia.com\/tutoriales\/#website"},"primaryImageOfPage":{"@id":"https:\/\/aplimedia.com\/tutoriales\/ventas\/resumen-iva\/#primaryimage"},"image":{"@id":"https:\/\/aplimedia.com\/tutoriales\/ventas\/resumen-iva\/#primaryimage"},"thumbnailUrl":"https:\/\/aplimedia.com\/tutoriales\/wp-content\/uploads\/2020\/04\/resumeniva1.gif","datePublished":"2020-04-30T08:04:41+00:00","dateModified":"2025-03-11T12:04:03+00:00","breadcrumb":{"@id":"https:\/\/aplimedia.com\/tutoriales\/ventas\/resumen-iva\/#breadcrumb"},"inLanguage":"es","potentialAction":[{"@type":"ReadAction","target":["https:\/\/aplimedia.com\/tutoriales\/ventas\/resumen-iva\/"]}]},{"@type":"ImageObject","inLanguage":"es","@id":"https:\/\/aplimedia.com\/tutoriales\/ventas\/resumen-iva\/#primaryimage","url":"https:\/\/aplimedia.com\/tutoriales\/wp-content\/uploads\/2020\/04\/resumeniva1.gif","contentUrl":"https:\/\/aplimedia.com\/tutoriales\/wp-content\/uploads\/2020\/04\/resumeniva1.gif","width":1318,"height":641},{"@type":"BreadcrumbList","@id":"https:\/\/aplimedia.com\/tutoriales\/ventas\/resumen-iva\/#breadcrumb","itemListElement":[{"@type":"ListItem","position":1,"name":"Tutoriales","item":"https:\/\/aplimedia.com\/tutoriales\/"},{"@type":"ListItem","position":2,"name":"Ventas","item":"https:\/\/aplimedia.com\/tutoriales\/ventas\/"},{"@type":"ListItem","position":3,"name":"C\u00f3mo sacar un resumen del IVA"}]},{"@type":"WebSite","@id":"https:\/\/aplimedia.com\/tutoriales\/#website","url":"https:\/\/aplimedia.com\/tutoriales\/","name":"Tutoriales de Secre","description":"Tutoriales del software de gesti\u00f3n Secre","publisher":{"@id":"https:\/\/aplimedia.com\/tutoriales\/#organization"},"potentialAction":[{"@type":"SearchAction","target":{"@type":"EntryPoint","urlTemplate":"https:\/\/aplimedia.com\/tutoriales\/?s={search_term_string}"},"query-input":{"@type":"PropertyValueSpecification","valueRequired":true,"valueName":"search_term_string"}}],"inLanguage":"es"},{"@type":"Organization","@id":"https:\/\/aplimedia.com\/tutoriales\/#organization","name":"Tutoriales de Secre","url":"https:\/\/aplimedia.com\/tutoriales\/","logo":{"@type":"ImageObject","inLanguage":"es","@id":"https:\/\/aplimedia.com\/tutoriales\/#\/schema\/logo\/image\/","url":"https:\/\/aplimedia.com\/tutoriales\/wp-content\/uploads\/2022\/03\/cropped-logotipo-aplimedia.png","contentUrl":"https:\/\/aplimedia.com\/tutoriales\/wp-content\/uploads\/2022\/03\/cropped-logotipo-aplimedia.png","width":2000,"height":658,"caption":"Tutoriales de Secre"},"image":{"@id":"https:\/\/aplimedia.com\/tutoriales\/#\/schema\/logo\/image\/"}}]}},"_links":{"self":[{"href":"https:\/\/aplimedia.com\/tutoriales\/wp-json\/wp\/v2\/pages\/3605","targetHints":{"allow":["GET"]}}],"collection":[{"href":"https:\/\/aplimedia.com\/tutoriales\/wp-json\/wp\/v2\/pages"}],"about":[{"href":"https:\/\/aplimedia.com\/tutoriales\/wp-json\/wp\/v2\/types\/page"}],"author":[{"embeddable":true,"href":"https:\/\/aplimedia.com\/tutoriales\/wp-json\/wp\/v2\/users\/1"}],"replies":[{"embeddable":true,"href":"https:\/\/aplimedia.com\/tutoriales\/wp-json\/wp\/v2\/comments?post=3605"}],"version-history":[{"count":0,"href":"https:\/\/aplimedia.com\/tutoriales\/wp-json\/wp\/v2\/pages\/3605\/revisions"}],"up":[{"embeddable":true,"href":"https:\/\/aplimedia.com\/tutoriales\/wp-json\/wp\/v2\/pages\/1409"}],"wp:attachment":[{"href":"https:\/\/aplimedia.com\/tutoriales\/wp-json\/wp\/v2\/media?parent=3605"}],"curies":[{"name":"wp","href":"https:\/\/api.w.org\/{rel}","templated":true}]}}