{"id":3557,"date":"2020-03-11T11:58:56","date_gmt":"2020-03-11T11:58:56","guid":{"rendered":"https:\/\/aplimedia.com\/tutoriales\/?page_id=3557"},"modified":"2025-03-11T12:35:10","modified_gmt":"2025-03-11T12:35:10","slug":"facturae-uso-creacion-xml","status":"publish","type":"page","link":"https:\/\/aplimedia.com\/tutoriales\/ventas\/facturae-uso-creacion-xml\/","title":{"rendered":"FacturaE: Uso y creaci\u00f3n del fichero XML"},"content":{"rendered":"\t\t<div data-elementor-type=\"wp-page\" data-elementor-id=\"3557\" class=\"elementor elementor-3557\" data-elementor-post-type=\"page\">\n\t\t\t\t\t\t<section class=\"elementor-section elementor-top-section elementor-element elementor-element-9ea8554 elementor-section-stretched elementor-section-boxed elementor-section-height-default elementor-section-height-default\" data-id=\"9ea8554\" data-element_type=\"section\" data-e-type=\"section\" data-settings=\"{&quot;stretch_section&quot;:&quot;section-stretched&quot;}\">\n\t\t\t\t\t\t<div class=\"elementor-container elementor-column-gap-default\">\n\t\t\t\t\t<div class=\"elementor-column elementor-col-100 elementor-top-column elementor-element elementor-element-ee26df6\" data-id=\"ee26df6\" data-element_type=\"column\" data-e-type=\"column\">\n\t\t\t<div class=\"elementor-widget-wrap elementor-element-populated\">\n\t\t\t\t\t\t<div class=\"elementor-element elementor-element-ed3fcdb elementor-widget elementor-widget-text-editor\" data-id=\"ed3fcdb\" data-element_type=\"widget\" data-e-type=\"widget\" data-widget_type=\"text-editor.default\">\n\t\t\t\t<div class=\"elementor-widget-container\">\n\t\t\t\t\t\t\t\t\t<p>Antes de poder trabajar con FacturaE en Secre, deber\u00e1s realizar una configuraciones previas, que puedes consultar en el tutorial <a href=\"https:\/\/aplimedia.com\/tutoriales\/ventas\/facturae-configuracion-previa\/\">FacturaE: Configuraci\u00f3n en Secre<\/a>.<\/p><p>Una vez ya tengas Secre correctamente configurado, sigue los siguientes pasos para <b>crear tus facturas en formato XML<\/b>, tal y como requiere FacturaE.<\/p>\t\t\t\t\t\t\t\t<\/div>\n\t\t\t\t<\/div>\n\t\t\t\t<div class=\"elementor-element elementor-element-c2fdde3 elementor-widget elementor-widget-heading\" data-id=\"c2fdde3\" data-element_type=\"widget\" data-e-type=\"widget\" data-widget_type=\"heading.default\">\n\t\t\t\t<div class=\"elementor-widget-container\">\n\t\t\t\t\t<h2 class=\"elementor-heading-title elementor-size-default\">Paso 1:<\/h2>\t\t\t\t<\/div>\n\t\t\t\t<\/div>\n\t\t\t\t<div class=\"elementor-element elementor-element-d811b85 elementor-widget elementor-widget-text-editor\" data-id=\"d811b85\" data-element_type=\"widget\" data-e-type=\"widget\" data-widget_type=\"text-editor.default\">\n\t\t\t\t<div class=\"elementor-widget-container\">\n\t\t\t\t\t\t\t\t\t<p>El primer paso es indicar, en la ficha del cliente al que quieras enviarle una factura en formato FacturaE, cu\u00e1les son sus centros o c\u00f3digos administrativos. Estos c\u00f3digos te los tiene que facilitar tu cliente.<\/p><p>Lo m\u00e1s habitual es que te indique los c\u00f3digos de estos tres roles:<\/p><ul><li>Fiscal (Oficina Contable)<\/li><li>Receptor (\u00d3rgano Gestor)<\/li><li>Pagador (Unidad Tramitadora)<\/li><\/ul>\t\t\t\t\t\t\t\t<\/div>\n\t\t\t\t<\/div>\n\t\t\t\t<div class=\"elementor-element elementor-element-caed59e elementor-widget elementor-widget-text-editor\" data-id=\"caed59e\" data-element_type=\"widget\" data-e-type=\"widget\" data-widget_type=\"text-editor.default\">\n\t\t\t\t<div class=\"elementor-widget-container\">\n\t\t\t\t\t\t\t\t\t<p>Cuando tengas estos datos, ve a la ficha de tu cliente y, en el men\u00fa superior, ve a <b>Ver&gt;Datos para FacturaE<\/b>:<\/p>\t\t\t\t\t\t\t\t<\/div>\n\t\t\t\t<\/div>\n\t\t\t\t<section class=\"elementor-section elementor-inner-section elementor-element elementor-element-3d36795 elementor-section-boxed elementor-section-height-default elementor-section-height-default\" data-id=\"3d36795\" data-element_type=\"section\" data-e-type=\"section\">\n\t\t\t\t\t\t<div class=\"elementor-container elementor-column-gap-wide\">\n\t\t\t\t\t<div class=\"elementor-column elementor-col-100 elementor-inner-column elementor-element elementor-element-ca378a7\" data-id=\"ca378a7\" data-element_type=\"column\" data-e-type=\"column\">\n\t\t\t<div class=\"elementor-widget-wrap elementor-element-populated\">\n\t\t\t\t\t\t<div class=\"elementor-element elementor-element-f5b5d00 elementor-widget elementor-widget-image\" data-id=\"f5b5d00\" data-element_type=\"widget\" data-e-type=\"widget\" data-widget_type=\"image.default\">\n\t\t\t\t<div class=\"elementor-widget-container\">\n\t\t\t\t\t\t\t\t\t\t\t\t\t\t\t\t<a href=\"https:\/\/aplimedia.com\/tutoriales\/wp-content\/uploads\/2020\/03\/Conf-facturae3.png\" data-elementor-open-lightbox=\"yes\" data-elementor-lightbox-title=\"Conf-facturae3\" data-e-action-hash=\"#elementor-action%3Aaction%3Dlightbox%26settings%3DeyJpZCI6MzU2MCwidXJsIjoiaHR0cHM6XC9cL2FwbGltZWRpYS5jb21cL3R1dG9yaWFsZXNcL3dwLWNvbnRlbnRcL3VwbG9hZHNcLzIwMjBcLzAzXC9Db25mLWZhY3R1cmFlMy5wbmcifQ%3D%3D\">\n\t\t\t\t\t\t\t<img fetchpriority=\"high\" decoding=\"async\" width=\"879\" height=\"456\" src=\"https:\/\/aplimedia.com\/tutoriales\/wp-content\/uploads\/2020\/03\/Conf-facturae3.png\" class=\"attachment-full size-full wp-image-3560\" alt=\"\" srcset=\"https:\/\/aplimedia.com\/tutoriales\/wp-content\/uploads\/2020\/03\/Conf-facturae3.png 879w, https:\/\/aplimedia.com\/tutoriales\/wp-content\/uploads\/2020\/03\/Conf-facturae3-300x156.png 300w, https:\/\/aplimedia.com\/tutoriales\/wp-content\/uploads\/2020\/03\/Conf-facturae3-768x398.png 768w\" sizes=\"(max-width: 879px) 100vw, 879px\" \/>\t\t\t\t\t\t\t\t<\/a>\n\t\t\t\t\t\t\t\t\t\t\t\t\t\t\t<\/div>\n\t\t\t\t<\/div>\n\t\t\t\t\t<\/div>\n\t\t<\/div>\n\t\t\t\t\t<\/div>\n\t\t<\/section>\n\t\t\t\t<div class=\"elementor-element elementor-element-cc45509 elementor-widget elementor-widget-text-editor\" data-id=\"cc45509\" data-element_type=\"widget\" data-e-type=\"widget\" data-widget_type=\"text-editor.default\">\n\t\t\t\t<div class=\"elementor-widget-container\">\n\t\t\t\t\t\t\t\t\t<p>Se te abrir\u00e1 una pantalla en la que tendr\u00e1s que <strong>introducir los centros administrativos<\/strong> de tu cliente.\u00a0<\/p><p>Para a\u00f1adir uno nuevo haz click en el icono de la Hoja y rellena sus datos. Puedes marcar la casilla \u00abPor defecto\u00bb para que, en todas las facturas que emitas a este cliente ese centro administrativo ya te venga seleccionado.\u00a0<\/p><p>Repite el proceso con tantos centros administrativos como te haya indicado el cliente.<\/p>\t\t\t\t\t\t\t\t<\/div>\n\t\t\t\t<\/div>\n\t\t\t\t<section class=\"elementor-section elementor-inner-section elementor-element elementor-element-9c5a013 elementor-section-boxed elementor-section-height-default elementor-section-height-default\" data-id=\"9c5a013\" data-element_type=\"section\" data-e-type=\"section\">\n\t\t\t\t\t\t<div class=\"elementor-container elementor-column-gap-wide\">\n\t\t\t\t\t<div class=\"elementor-column elementor-col-100 elementor-inner-column elementor-element elementor-element-f139a03\" data-id=\"f139a03\" data-element_type=\"column\" data-e-type=\"column\">\n\t\t\t<div class=\"elementor-widget-wrap elementor-element-populated\">\n\t\t\t\t\t\t<div class=\"elementor-element elementor-element-fc45df2 elementor-widget elementor-widget-image\" data-id=\"fc45df2\" data-element_type=\"widget\" data-e-type=\"widget\" data-widget_type=\"image.default\">\n\t\t\t\t<div class=\"elementor-widget-container\">\n\t\t\t\t\t\t\t\t\t\t\t\t\t\t\t\t<a href=\"https:\/\/aplimedia.com\/tutoriales\/wp-content\/uploads\/2020\/03\/conf-facturae4.gif\" data-elementor-open-lightbox=\"yes\" data-elementor-lightbox-title=\"conf-facturae4\" data-e-action-hash=\"#elementor-action%3Aaction%3Dlightbox%26settings%3DeyJpZCI6MzU2MSwidXJsIjoiaHR0cHM6XC9cL2FwbGltZWRpYS5jb21cL3R1dG9yaWFsZXNcL3dwLWNvbnRlbnRcL3VwbG9hZHNcLzIwMjBcLzAzXC9jb25mLWZhY3R1cmFlNC5naWYifQ%3D%3D\">\n\t\t\t\t\t\t\t<img decoding=\"async\" width=\"1318\" height=\"753\" src=\"https:\/\/aplimedia.com\/tutoriales\/wp-content\/uploads\/2020\/03\/conf-facturae4.gif\" class=\"attachment-full size-full wp-image-3561\" alt=\"\" \/>\t\t\t\t\t\t\t\t<\/a>\n\t\t\t\t\t\t\t\t\t\t\t\t\t\t\t<\/div>\n\t\t\t\t<\/div>\n\t\t\t\t\t<\/div>\n\t\t<\/div>\n\t\t\t\t\t<\/div>\n\t\t<\/section>\n\t\t\t\t<div class=\"elementor-element elementor-element-903ea8a elementor-widget elementor-widget-text-editor\" data-id=\"903ea8a\" data-element_type=\"widget\" data-e-type=\"widget\" data-widget_type=\"text-editor.default\">\n\t\t\t\t<div class=\"elementor-widget-container\">\n\t\t\t\t\t\t\t\t\t<p>Si has marcado la casilla \u00abPor defecto\u00bb, todas las <b>nuevas facturas<\/b> que crees en adelante para este cliente tendr\u00e1n marcados estos centros administrativos. No obstante, <b>si ya ten\u00edas creada alguna factura previamente o si no marcas la casilla \u00abPor defecto\u00bb<\/b>, tendr\u00e1s que seleccionar manualmente los centros.<\/p><p>Para ello,<b> desde la venta<\/b> en cuesti\u00f3n, ve al men\u00fa superior <b>Ver&gt;Datos para FacturaE<\/b> y simplemente marca la casilla \u00abSeleccionado\u00bb que ver\u00e1s en la tabla de Centros administrativos:<\/p>\t\t\t\t\t\t\t\t<\/div>\n\t\t\t\t<\/div>\n\t\t\t\t<section class=\"elementor-section elementor-inner-section elementor-element elementor-element-16f81aa elementor-section-boxed elementor-section-height-default elementor-section-height-default\" data-id=\"16f81aa\" data-element_type=\"section\" data-e-type=\"section\">\n\t\t\t\t\t\t<div class=\"elementor-container elementor-column-gap-wide\">\n\t\t\t\t\t<div class=\"elementor-column elementor-col-100 elementor-inner-column elementor-element elementor-element-86eb740\" data-id=\"86eb740\" data-element_type=\"column\" data-e-type=\"column\">\n\t\t\t<div class=\"elementor-widget-wrap elementor-element-populated\">\n\t\t\t\t\t\t<div class=\"elementor-element elementor-element-b8f7c65 elementor-widget elementor-widget-image\" data-id=\"b8f7c65\" data-element_type=\"widget\" data-e-type=\"widget\" data-widget_type=\"image.default\">\n\t\t\t\t<div class=\"elementor-widget-container\">\n\t\t\t\t\t\t\t\t\t\t\t\t\t\t\t\t<a href=\"https:\/\/aplimedia.com\/tutoriales\/wp-content\/uploads\/2020\/03\/conf-facturae5.gif\" data-elementor-open-lightbox=\"yes\" data-elementor-lightbox-title=\"conf-facturae5\" data-e-action-hash=\"#elementor-action%3Aaction%3Dlightbox%26settings%3DeyJpZCI6MzU2MiwidXJsIjoiaHR0cHM6XC9cL2FwbGltZWRpYS5jb21cL3R1dG9yaWFsZXNcL3dwLWNvbnRlbnRcL3VwbG9hZHNcLzIwMjBcLzAzXC9jb25mLWZhY3R1cmFlNS5naWYifQ%3D%3D\">\n\t\t\t\t\t\t\t<img decoding=\"async\" width=\"1318\" height=\"753\" src=\"https:\/\/aplimedia.com\/tutoriales\/wp-content\/uploads\/2020\/03\/conf-facturae5.gif\" class=\"attachment-full size-full wp-image-3562\" alt=\"\" \/>\t\t\t\t\t\t\t\t<\/a>\n\t\t\t\t\t\t\t\t\t\t\t\t\t\t\t<\/div>\n\t\t\t\t<\/div>\n\t\t\t\t\t<\/div>\n\t\t<\/div>\n\t\t\t\t\t<\/div>\n\t\t<\/section>\n\t\t\t\t<div class=\"elementor-element elementor-element-93da9c3 elementor-widget elementor-widget-spacer\" data-id=\"93da9c3\" data-element_type=\"widget\" data-e-type=\"widget\" data-widget_type=\"spacer.default\">\n\t\t\t\t<div class=\"elementor-widget-container\">\n\t\t\t\t\t\t\t<div class=\"elementor-spacer\">\n\t\t\t<div class=\"elementor-spacer-inner\"><\/div>\n\t\t<\/div>\n\t\t\t\t\t\t<\/div>\n\t\t\t\t<\/div>\n\t\t\t\t<div class=\"elementor-element elementor-element-77121f9 elementor-widget elementor-widget-heading\" data-id=\"77121f9\" data-element_type=\"widget\" data-e-type=\"widget\" data-widget_type=\"heading.default\">\n\t\t\t\t<div class=\"elementor-widget-container\">\n\t\t\t\t\t<h2 class=\"elementor-heading-title elementor-size-default\">Paso 2:<\/h2>\t\t\t\t<\/div>\n\t\t\t\t<\/div>\n\t\t\t\t<div class=\"elementor-element elementor-element-242127d elementor-widget elementor-widget-text-editor\" data-id=\"242127d\" data-element_type=\"widget\" data-e-type=\"widget\" data-widget_type=\"text-editor.default\">\n\t\t\t\t<div class=\"elementor-widget-container\">\n\t\t\t\t\t\t\t\t\t<p>Ya solo queda <strong>crear el fichero XML<\/strong> de la factura.\u00a0<\/p><p>Estando en la venta en cuesti\u00f3n, ve a <strong><em>Imprimir&gt;Crear Factura\/Abono en XML<\/em><\/strong>.<\/p><p>El programa te preguntar\u00e1 \u00ab\u00bfQuiere obtener el fichero sin firmar?\u00bb: dile que <strong>S\u00cd<\/strong> si no quieres el fichero firmado, o dile que <strong>NO<\/strong> si lo quieres firmado.\u00a0<\/p><p>Si generas el fichero firmado, \u00e9ste ir\u00e1 firmado con el certificado de Aplimedia. En la mayor\u00eda de casos no supone ning\u00fan problema, pero puede haber alguna administraci\u00f3n que rechace el fichero si no est\u00e1 firmado por el emisor de la factura, por lo que, en esos casos, deber\u00e1s generar el fichero sin firmar y firmarlo t\u00fa localmente en tu ordenador.<\/p><p>La siguiente pregunta que te har\u00e1 Secre ser\u00e1\u00a0<strong>si quieres recibir el fichero por e-mail<\/strong> (a la direcci\u00f3n que tengas configurada). Si le dices que <strong>S\u00cd<\/strong>, Secre te mandar\u00e1 a ti mismo\/a un correo electr\u00f3nico con el XML adjunto. Si le dices que <strong>NO <\/strong>se descargar\u00e1 a tu equipo.<\/p>\t\t\t\t\t\t\t\t<\/div>\n\t\t\t\t<\/div>\n\t\t\t\t<section class=\"elementor-section elementor-inner-section elementor-element elementor-element-3a65bcc elementor-section-boxed elementor-section-height-default elementor-section-height-default\" data-id=\"3a65bcc\" data-element_type=\"section\" data-e-type=\"section\">\n\t\t\t\t\t\t<div class=\"elementor-container elementor-column-gap-wide\">\n\t\t\t\t\t<div class=\"elementor-column elementor-col-100 elementor-inner-column elementor-element elementor-element-93e54b2\" data-id=\"93e54b2\" data-element_type=\"column\" data-e-type=\"column\">\n\t\t\t<div class=\"elementor-widget-wrap elementor-element-populated\">\n\t\t\t\t\t\t<div class=\"elementor-element elementor-element-d3f960f elementor-widget elementor-widget-image\" data-id=\"d3f960f\" data-element_type=\"widget\" data-e-type=\"widget\" data-widget_type=\"image.default\">\n\t\t\t\t<div class=\"elementor-widget-container\">\n\t\t\t\t\t\t\t\t\t\t\t\t\t\t\t\t<a href=\"https:\/\/aplimedia.com\/tutoriales\/wp-content\/uploads\/2021\/09\/usofactura1.gif\" data-elementor-open-lightbox=\"yes\" data-elementor-lightbox-title=\"usofactura1\" data-e-action-hash=\"#elementor-action%3Aaction%3Dlightbox%26settings%3DeyJpZCI6NDExNywidXJsIjoiaHR0cHM6XC9cL2FwbGltZWRpYS5jb21cL3R1dG9yaWFsZXNcL3dwLWNvbnRlbnRcL3VwbG9hZHNcLzIwMjFcLzA5XC91c29mYWN0dXJhMS5naWYifQ%3D%3D\">\n\t\t\t\t\t\t\t<img loading=\"lazy\" decoding=\"async\" width=\"1829\" height=\"957\" src=\"https:\/\/aplimedia.com\/tutoriales\/wp-content\/uploads\/2021\/09\/usofactura1.gif\" class=\"attachment-full size-full wp-image-4117\" alt=\"\" \/>\t\t\t\t\t\t\t\t<\/a>\n\t\t\t\t\t\t\t\t\t\t\t\t\t\t\t<\/div>\n\t\t\t\t<\/div>\n\t\t\t\t<div class=\"elementor-element elementor-element-383aae2 elementor-widget elementor-widget-text-editor\" data-id=\"383aae2\" data-element_type=\"widget\" data-e-type=\"widget\" data-widget_type=\"text-editor.default\">\n\t\t\t\t<div class=\"elementor-widget-container\">\n\t\t\t\t\t\t\t\t\t<p>Una vez hayas obtenido tu factura en formato FacturaE, solo te quedar\u00e1 remit\u00edrsela a tu cliente por la v\u00eda que te haya indicado.<\/p>\t\t\t\t\t\t\t\t<\/div>\n\t\t\t\t<\/div>\n\t\t\t\t\t<\/div>\n\t\t<\/div>\n\t\t\t\t\t<\/div>\n\t\t<\/section>\n\t\t\t\t<div class=\"elementor-element elementor-element-1a1ccd5 elementor-widget elementor-widget-spacer\" data-id=\"1a1ccd5\" data-element_type=\"widget\" data-e-type=\"widget\" data-widget_type=\"spacer.default\">\n\t\t\t\t<div class=\"elementor-widget-container\">\n\t\t\t\t\t\t\t<div class=\"elementor-spacer\">\n\t\t\t<div class=\"elementor-spacer-inner\"><\/div>\n\t\t<\/div>\n\t\t\t\t\t\t<\/div>\n\t\t\t\t<\/div>\n\t\t\t\t\t<\/div>\n\t\t<\/div>\n\t\t\t\t\t<\/div>\n\t\t<\/section>\n\t\t\t\t<\/div>\n\t\t","protected":false},"excerpt":{"rendered":"<p>Antes de poder trabajar con FacturaE en Secre, deber\u00e1s realizar una configuraciones previas, que puedes consultar en el tutorial FacturaE: Configuraci\u00f3n en Secre. Una vez ya tengas Secre correctamente configurado, sigue los siguientes pasos para crear tus facturas en formato XML, tal y como requiere FacturaE. Paso 1: El primer paso es indicar, en la [&hellip;]<\/p>\n","protected":false},"author":1,"featured_media":0,"parent":1409,"menu_order":0,"comment_status":"closed","ping_status":"closed","template":"","meta":{"footnotes":""},"class_list":["post-3557","page","type-page","status-publish","hentry"],"yoast_head":"<!-- This site is optimized with the Yoast SEO plugin v27.5 - https:\/\/yoast.com\/product\/yoast-seo-wordpress\/ -->\n<title>FacturaE: Uso y creaci\u00f3n del fichero XML | Tutoriales de Secre<\/title>\n<meta name=\"robots\" content=\"index, follow, max-snippet:-1, max-image-preview:large, max-video-preview:-1\" \/>\n<link rel=\"canonical\" href=\"https:\/\/aplimedia.com\/tutoriales\/ventas\/facturae-uso-creacion-xml\/\" \/>\n<meta property=\"og:locale\" content=\"es_ES\" \/>\n<meta property=\"og:type\" content=\"article\" \/>\n<meta property=\"og:title\" content=\"FacturaE: Uso y creaci\u00f3n del fichero XML | Tutoriales de Secre\" \/>\n<meta property=\"og:description\" content=\"Antes de poder trabajar con FacturaE en Secre, deber\u00e1s realizar una configuraciones previas, que puedes consultar en el tutorial FacturaE: Configuraci\u00f3n en Secre. Una vez ya tengas Secre correctamente configurado, sigue los siguientes pasos para crear tus facturas en formato XML, tal y como requiere FacturaE. Paso 1: El primer paso es indicar, en la [&hellip;]\" \/>\n<meta property=\"og:url\" content=\"https:\/\/aplimedia.com\/tutoriales\/ventas\/facturae-uso-creacion-xml\/\" \/>\n<meta property=\"og:site_name\" content=\"Tutoriales de Secre\" \/>\n<meta property=\"article:modified_time\" content=\"2025-03-11T12:35:10+00:00\" \/>\n<meta property=\"og:image\" content=\"https:\/\/aplimedia.com\/tutoriales\/wp-content\/uploads\/2020\/03\/Conf-facturae3.png\" \/>\n\t<meta property=\"og:image:width\" content=\"879\" \/>\n\t<meta property=\"og:image:height\" content=\"456\" \/>\n\t<meta property=\"og:image:type\" content=\"image\/png\" \/>\n<meta name=\"twitter:card\" content=\"summary_large_image\" \/>\n<meta name=\"twitter:label1\" content=\"Tiempo de lectura\" \/>\n\t<meta name=\"twitter:data1\" content=\"3 minutos\" \/>\n<script type=\"application\/ld+json\" class=\"yoast-schema-graph\">{\"@context\":\"https:\\\/\\\/schema.org\",\"@graph\":[{\"@type\":\"WebPage\",\"@id\":\"https:\\\/\\\/aplimedia.com\\\/tutoriales\\\/ventas\\\/facturae-uso-creacion-xml\\\/\",\"url\":\"https:\\\/\\\/aplimedia.com\\\/tutoriales\\\/ventas\\\/facturae-uso-creacion-xml\\\/\",\"name\":\"FacturaE: Uso y creaci\u00f3n del fichero XML | Tutoriales de Secre\",\"isPartOf\":{\"@id\":\"https:\\\/\\\/aplimedia.com\\\/tutoriales\\\/#website\"},\"primaryImageOfPage\":{\"@id\":\"https:\\\/\\\/aplimedia.com\\\/tutoriales\\\/ventas\\\/facturae-uso-creacion-xml\\\/#primaryimage\"},\"image\":{\"@id\":\"https:\\\/\\\/aplimedia.com\\\/tutoriales\\\/ventas\\\/facturae-uso-creacion-xml\\\/#primaryimage\"},\"thumbnailUrl\":\"https:\\\/\\\/aplimedia.com\\\/tutoriales\\\/wp-content\\\/uploads\\\/2020\\\/03\\\/Conf-facturae3.png\",\"datePublished\":\"2020-03-11T11:58:56+00:00\",\"dateModified\":\"2025-03-11T12:35:10+00:00\",\"breadcrumb\":{\"@id\":\"https:\\\/\\\/aplimedia.com\\\/tutoriales\\\/ventas\\\/facturae-uso-creacion-xml\\\/#breadcrumb\"},\"inLanguage\":\"es\",\"potentialAction\":[{\"@type\":\"ReadAction\",\"target\":[\"https:\\\/\\\/aplimedia.com\\\/tutoriales\\\/ventas\\\/facturae-uso-creacion-xml\\\/\"]}]},{\"@type\":\"ImageObject\",\"inLanguage\":\"es\",\"@id\":\"https:\\\/\\\/aplimedia.com\\\/tutoriales\\\/ventas\\\/facturae-uso-creacion-xml\\\/#primaryimage\",\"url\":\"https:\\\/\\\/aplimedia.com\\\/tutoriales\\\/wp-content\\\/uploads\\\/2020\\\/03\\\/Conf-facturae3.png\",\"contentUrl\":\"https:\\\/\\\/aplimedia.com\\\/tutoriales\\\/wp-content\\\/uploads\\\/2020\\\/03\\\/Conf-facturae3.png\",\"width\":879,\"height\":456},{\"@type\":\"BreadcrumbList\",\"@id\":\"https:\\\/\\\/aplimedia.com\\\/tutoriales\\\/ventas\\\/facturae-uso-creacion-xml\\\/#breadcrumb\",\"itemListElement\":[{\"@type\":\"ListItem\",\"position\":1,\"name\":\"Tutoriales\",\"item\":\"https:\\\/\\\/aplimedia.com\\\/tutoriales\\\/\"},{\"@type\":\"ListItem\",\"position\":2,\"name\":\"Ventas\",\"item\":\"https:\\\/\\\/aplimedia.com\\\/tutoriales\\\/ventas\\\/\"},{\"@type\":\"ListItem\",\"position\":3,\"name\":\"FacturaE: Uso y creaci\u00f3n del fichero XML\"}]},{\"@type\":\"WebSite\",\"@id\":\"https:\\\/\\\/aplimedia.com\\\/tutoriales\\\/#website\",\"url\":\"https:\\\/\\\/aplimedia.com\\\/tutoriales\\\/\",\"name\":\"Tutoriales de Secre\",\"description\":\"Tutoriales del software de gesti\u00f3n Secre\",\"publisher\":{\"@id\":\"https:\\\/\\\/aplimedia.com\\\/tutoriales\\\/#organization\"},\"potentialAction\":[{\"@type\":\"SearchAction\",\"target\":{\"@type\":\"EntryPoint\",\"urlTemplate\":\"https:\\\/\\\/aplimedia.com\\\/tutoriales\\\/?s={search_term_string}\"},\"query-input\":{\"@type\":\"PropertyValueSpecification\",\"valueRequired\":true,\"valueName\":\"search_term_string\"}}],\"inLanguage\":\"es\"},{\"@type\":\"Organization\",\"@id\":\"https:\\\/\\\/aplimedia.com\\\/tutoriales\\\/#organization\",\"name\":\"Tutoriales de Secre\",\"url\":\"https:\\\/\\\/aplimedia.com\\\/tutoriales\\\/\",\"logo\":{\"@type\":\"ImageObject\",\"inLanguage\":\"es\",\"@id\":\"https:\\\/\\\/aplimedia.com\\\/tutoriales\\\/#\\\/schema\\\/logo\\\/image\\\/\",\"url\":\"https:\\\/\\\/aplimedia.com\\\/tutoriales\\\/wp-content\\\/uploads\\\/2022\\\/03\\\/cropped-logotipo-aplimedia.png\",\"contentUrl\":\"https:\\\/\\\/aplimedia.com\\\/tutoriales\\\/wp-content\\\/uploads\\\/2022\\\/03\\\/cropped-logotipo-aplimedia.png\",\"width\":2000,\"height\":658,\"caption\":\"Tutoriales de Secre\"},\"image\":{\"@id\":\"https:\\\/\\\/aplimedia.com\\\/tutoriales\\\/#\\\/schema\\\/logo\\\/image\\\/\"}}]}<\/script>\n<!-- \/ Yoast SEO plugin. -->","yoast_head_json":{"title":"FacturaE: Uso y creaci\u00f3n del fichero XML | Tutoriales de Secre","robots":{"index":"index","follow":"follow","max-snippet":"max-snippet:-1","max-image-preview":"max-image-preview:large","max-video-preview":"max-video-preview:-1"},"canonical":"https:\/\/aplimedia.com\/tutoriales\/ventas\/facturae-uso-creacion-xml\/","og_locale":"es_ES","og_type":"article","og_title":"FacturaE: Uso y creaci\u00f3n del fichero XML | Tutoriales de Secre","og_description":"Antes de poder trabajar con FacturaE en Secre, deber\u00e1s realizar una configuraciones previas, que puedes consultar en el tutorial FacturaE: Configuraci\u00f3n en Secre. Una vez ya tengas Secre correctamente configurado, sigue los siguientes pasos para crear tus facturas en formato XML, tal y como requiere FacturaE. Paso 1: El primer paso es indicar, en la [&hellip;]","og_url":"https:\/\/aplimedia.com\/tutoriales\/ventas\/facturae-uso-creacion-xml\/","og_site_name":"Tutoriales de Secre","article_modified_time":"2025-03-11T12:35:10+00:00","og_image":[{"width":879,"height":456,"url":"https:\/\/aplimedia.com\/tutoriales\/wp-content\/uploads\/2020\/03\/Conf-facturae3.png","type":"image\/png"}],"twitter_card":"summary_large_image","twitter_misc":{"Tiempo de lectura":"3 minutos"},"schema":{"@context":"https:\/\/schema.org","@graph":[{"@type":"WebPage","@id":"https:\/\/aplimedia.com\/tutoriales\/ventas\/facturae-uso-creacion-xml\/","url":"https:\/\/aplimedia.com\/tutoriales\/ventas\/facturae-uso-creacion-xml\/","name":"FacturaE: Uso y creaci\u00f3n del fichero XML | Tutoriales de Secre","isPartOf":{"@id":"https:\/\/aplimedia.com\/tutoriales\/#website"},"primaryImageOfPage":{"@id":"https:\/\/aplimedia.com\/tutoriales\/ventas\/facturae-uso-creacion-xml\/#primaryimage"},"image":{"@id":"https:\/\/aplimedia.com\/tutoriales\/ventas\/facturae-uso-creacion-xml\/#primaryimage"},"thumbnailUrl":"https:\/\/aplimedia.com\/tutoriales\/wp-content\/uploads\/2020\/03\/Conf-facturae3.png","datePublished":"2020-03-11T11:58:56+00:00","dateModified":"2025-03-11T12:35:10+00:00","breadcrumb":{"@id":"https:\/\/aplimedia.com\/tutoriales\/ventas\/facturae-uso-creacion-xml\/#breadcrumb"},"inLanguage":"es","potentialAction":[{"@type":"ReadAction","target":["https:\/\/aplimedia.com\/tutoriales\/ventas\/facturae-uso-creacion-xml\/"]}]},{"@type":"ImageObject","inLanguage":"es","@id":"https:\/\/aplimedia.com\/tutoriales\/ventas\/facturae-uso-creacion-xml\/#primaryimage","url":"https:\/\/aplimedia.com\/tutoriales\/wp-content\/uploads\/2020\/03\/Conf-facturae3.png","contentUrl":"https:\/\/aplimedia.com\/tutoriales\/wp-content\/uploads\/2020\/03\/Conf-facturae3.png","width":879,"height":456},{"@type":"BreadcrumbList","@id":"https:\/\/aplimedia.com\/tutoriales\/ventas\/facturae-uso-creacion-xml\/#breadcrumb","itemListElement":[{"@type":"ListItem","position":1,"name":"Tutoriales","item":"https:\/\/aplimedia.com\/tutoriales\/"},{"@type":"ListItem","position":2,"name":"Ventas","item":"https:\/\/aplimedia.com\/tutoriales\/ventas\/"},{"@type":"ListItem","position":3,"name":"FacturaE: Uso y creaci\u00f3n del fichero XML"}]},{"@type":"WebSite","@id":"https:\/\/aplimedia.com\/tutoriales\/#website","url":"https:\/\/aplimedia.com\/tutoriales\/","name":"Tutoriales de Secre","description":"Tutoriales del software de gesti\u00f3n Secre","publisher":{"@id":"https:\/\/aplimedia.com\/tutoriales\/#organization"},"potentialAction":[{"@type":"SearchAction","target":{"@type":"EntryPoint","urlTemplate":"https:\/\/aplimedia.com\/tutoriales\/?s={search_term_string}"},"query-input":{"@type":"PropertyValueSpecification","valueRequired":true,"valueName":"search_term_string"}}],"inLanguage":"es"},{"@type":"Organization","@id":"https:\/\/aplimedia.com\/tutoriales\/#organization","name":"Tutoriales de Secre","url":"https:\/\/aplimedia.com\/tutoriales\/","logo":{"@type":"ImageObject","inLanguage":"es","@id":"https:\/\/aplimedia.com\/tutoriales\/#\/schema\/logo\/image\/","url":"https:\/\/aplimedia.com\/tutoriales\/wp-content\/uploads\/2022\/03\/cropped-logotipo-aplimedia.png","contentUrl":"https:\/\/aplimedia.com\/tutoriales\/wp-content\/uploads\/2022\/03\/cropped-logotipo-aplimedia.png","width":2000,"height":658,"caption":"Tutoriales de Secre"},"image":{"@id":"https:\/\/aplimedia.com\/tutoriales\/#\/schema\/logo\/image\/"}}]}},"_links":{"self":[{"href":"https:\/\/aplimedia.com\/tutoriales\/wp-json\/wp\/v2\/pages\/3557","targetHints":{"allow":["GET"]}}],"collection":[{"href":"https:\/\/aplimedia.com\/tutoriales\/wp-json\/wp\/v2\/pages"}],"about":[{"href":"https:\/\/aplimedia.com\/tutoriales\/wp-json\/wp\/v2\/types\/page"}],"author":[{"embeddable":true,"href":"https:\/\/aplimedia.com\/tutoriales\/wp-json\/wp\/v2\/users\/1"}],"replies":[{"embeddable":true,"href":"https:\/\/aplimedia.com\/tutoriales\/wp-json\/wp\/v2\/comments?post=3557"}],"version-history":[{"count":0,"href":"https:\/\/aplimedia.com\/tutoriales\/wp-json\/wp\/v2\/pages\/3557\/revisions"}],"up":[{"embeddable":true,"href":"https:\/\/aplimedia.com\/tutoriales\/wp-json\/wp\/v2\/pages\/1409"}],"wp:attachment":[{"href":"https:\/\/aplimedia.com\/tutoriales\/wp-json\/wp\/v2\/media?parent=3557"}],"curies":[{"name":"wp","href":"https:\/\/api.w.org\/{rel}","templated":true}]}}