{"id":3508,"date":"2020-03-10T09:17:26","date_gmt":"2020-03-10T09:17:26","guid":{"rendered":"https:\/\/aplimedia.com\/tutoriales\/?page_id=3508"},"modified":"2025-03-11T12:26:48","modified_gmt":"2025-03-11T12:26:48","slug":"factura-electronica-configuracion","status":"publish","type":"page","link":"https:\/\/aplimedia.com\/tutoriales\/ventas\/factura-electronica-configuracion\/","title":{"rendered":"Facturaci\u00f3n Electr\u00f3nica: Configuraci\u00f3n inicial en Secre"},"content":{"rendered":"\t\t<div data-elementor-type=\"wp-page\" data-elementor-id=\"3508\" class=\"elementor elementor-3508\" data-elementor-post-type=\"page\">\n\t\t\t\t\t\t<section class=\"elementor-section elementor-top-section elementor-element elementor-element-5e80bc7 elementor-section-stretched elementor-section-boxed elementor-section-height-default elementor-section-height-default\" data-id=\"5e80bc7\" data-element_type=\"section\" data-e-type=\"section\" data-settings=\"{&quot;stretch_section&quot;:&quot;section-stretched&quot;}\">\n\t\t\t\t\t\t<div class=\"elementor-container elementor-column-gap-default\">\n\t\t\t\t\t<div class=\"elementor-column elementor-col-100 elementor-top-column elementor-element elementor-element-d5cd756\" data-id=\"d5cd756\" data-element_type=\"column\" data-e-type=\"column\">\n\t\t\t<div class=\"elementor-widget-wrap elementor-element-populated\">\n\t\t\t\t\t\t<div class=\"elementor-element elementor-element-40d0465 elementor-widget elementor-widget-text-editor\" data-id=\"40d0465\" data-element_type=\"widget\" data-e-type=\"widget\" data-widget_type=\"text-editor.default\">\n\t\t\t\t<div class=\"elementor-widget-container\">\n\t\t\t\t\t\t\t\t\t<p>La facturaci\u00f3n electr\u00f3nica consiste en la creaci\u00f3n de documentos en PDF que podemos enviar de forma masiva por correo electr\u00f3nico, cada una a su destinatario.\u00a0<\/p><p>Para poder trabajar con esta opci\u00f3n es necesario revisar la configuraci\u00f3n del programa para asegurarnos de que el funcionamiento sea correcto. En este tutorial vamos a ver c\u00f3mo realizar esas comprobaciones y configuraci\u00f3n inicial.<\/p>\t\t\t\t\t\t\t\t<\/div>\n\t\t\t\t<\/div>\n\t\t\t\t<div class=\"elementor-element elementor-element-6b97d77 elementor-widget elementor-widget-heading\" data-id=\"6b97d77\" data-element_type=\"widget\" data-e-type=\"widget\" data-widget_type=\"heading.default\">\n\t\t\t\t<div class=\"elementor-widget-container\">\n\t\t\t\t\t<h2 class=\"elementor-heading-title elementor-size-default\">Paso 1:<\/h2>\t\t\t\t<\/div>\n\t\t\t\t<\/div>\n\t\t\t\t<div class=\"elementor-element elementor-element-025a2d6 elementor-widget elementor-widget-text-editor\" data-id=\"025a2d6\" data-element_type=\"widget\" data-e-type=\"widget\" data-widget_type=\"text-editor.default\">\n\t\t\t\t<div class=\"elementor-widget-container\">\n\t\t\t\t\t\t\t\t\t<p>El primer paso es <strong>configurar la cuenta de correo electr\u00f3nico<\/strong> que har\u00e1 el env\u00edo de las facturas en PDF.<\/p><p>\u00a0Si ya tienes tu e-mail configurado para hacer env\u00edos desde Secre no es necesario que hagas nada m\u00e1s, ya que ese es el correo que utilizar\u00e1 para el env\u00edo de las facturas electr\u00f3nicas.<\/p><p>Si todav\u00eda no has configurado tu e-mail en Secre sigue los pasos de este tutorial para hacerlo: <a href=\"https:\/\/aplimedia.com\/tutoriales\/varios\/configuracion-correo-electronico\/\">Configuraci\u00f3n de cuentas de correo electr\u00f3nico<\/a>.<\/p><p>Una vez hayas configurado tu e-mail siguiendo los pasos indicados, contin\u00faa con el paso 2.<\/p>\t\t\t\t\t\t\t\t<\/div>\n\t\t\t\t<\/div>\n\t\t\t\t<div class=\"elementor-element elementor-element-6688686 elementor-widget elementor-widget-heading\" data-id=\"6688686\" data-element_type=\"widget\" data-e-type=\"widget\" data-widget_type=\"heading.default\">\n\t\t\t\t<div class=\"elementor-widget-container\">\n\t\t\t\t\t<h2 class=\"elementor-heading-title elementor-size-default\">Paso 2:<\/h2>\t\t\t\t<\/div>\n\t\t\t\t<\/div>\n\t\t\t\t<div class=\"elementor-element elementor-element-bbb7a8d elementor-widget elementor-widget-text-editor\" data-id=\"bbb7a8d\" data-element_type=\"widget\" data-e-type=\"widget\" data-widget_type=\"text-editor.default\">\n\t\t\t\t<div class=\"elementor-widget-container\">\n\t\t\t\t\t\t\t\t\t<p>Desde la pantalla principal de Secre, ve a <strong>Herramientas&gt;Facturaci\u00f3n Electr\u00f3nica<\/strong>.<\/p><p>Esta ventana consta de tres pesta\u00f1as.\u00a0<\/p><p>La <b>pesta\u00f1a \u00abGeneral\u00bb<\/b> contiene informaci\u00f3n acerca de la empresa. No es necesario hacer nada en esta pantalla, puesto que se rellena autom\u00e1ticamente con los datos de tu empresa.<\/p>\t\t\t\t\t\t\t\t<\/div>\n\t\t\t\t<\/div>\n\t\t\t\t<div class=\"elementor-element elementor-element-226ab8d elementor-widget elementor-widget-image\" data-id=\"226ab8d\" data-element_type=\"widget\" data-e-type=\"widget\" data-widget_type=\"image.default\">\n\t\t\t\t<div class=\"elementor-widget-container\">\n\t\t\t\t\t\t\t\t\t\t\t\t\t\t\t\t<a href=\"https:\/\/aplimedia.com\/tutoriales\/wp-content\/uploads\/2022\/05\/Captura-de-pantalla-2022-05-18-113045.jpg\" data-elementor-open-lightbox=\"yes\" data-elementor-lightbox-title=\"Captura de pantalla 2022-05-18 113045\" data-e-action-hash=\"#elementor-action%3Aaction%3Dlightbox%26settings%3DeyJpZCI6NDM5OSwidXJsIjoiaHR0cHM6XC9cL2FwbGltZWRpYS5jb21cL3R1dG9yaWFsZXNcL3dwLWNvbnRlbnRcL3VwbG9hZHNcLzIwMjJcLzA1XC9DYXB0dXJhLWRlLXBhbnRhbGxhLTIwMjItMDUtMTgtMTEzMDQ1LmpwZyJ9\">\n\t\t\t\t\t\t\t<img fetchpriority=\"high\" decoding=\"async\" width=\"653\" height=\"638\" src=\"https:\/\/aplimedia.com\/tutoriales\/wp-content\/uploads\/2022\/05\/Captura-de-pantalla-2022-05-18-113045.jpg\" class=\"attachment-full size-full wp-image-4399\" alt=\"\" srcset=\"https:\/\/aplimedia.com\/tutoriales\/wp-content\/uploads\/2022\/05\/Captura-de-pantalla-2022-05-18-113045.jpg 653w, https:\/\/aplimedia.com\/tutoriales\/wp-content\/uploads\/2022\/05\/Captura-de-pantalla-2022-05-18-113045-300x293.jpg 300w\" sizes=\"(max-width: 653px) 100vw, 653px\" \/>\t\t\t\t\t\t\t\t<\/a>\n\t\t\t\t\t\t\t\t\t\t\t\t\t\t\t<\/div>\n\t\t\t\t<\/div>\n\t\t\t\t<div class=\"elementor-element elementor-element-aa355d9 elementor-widget elementor-widget-text-editor\" data-id=\"aa355d9\" data-element_type=\"widget\" data-e-type=\"widget\" data-widget_type=\"text-editor.default\">\n\t\t\t\t<div class=\"elementor-widget-container\">\n\t\t\t\t\t\t\t\t\t<p>La <strong>pesta\u00f1a correo electr\u00f3nico<\/strong> refleja los datos de la configuraci\u00f3n del e-mail, para el env\u00edo de las facturas. Aqu\u00ed podr\u00e1s configurar el asunto y cuerpo del e-mail que se les mandar\u00e1 a los destinatarios junto a su factura en PDF. De momento, como solo estamos haciendo la configuraci\u00f3n inicial, no es necesario que hagas nada ni en esta ni en la pesta\u00f1a \u00abGeneral\u00bb.<\/p>\t\t\t\t\t\t\t\t<\/div>\n\t\t\t\t<\/div>\n\t\t\t\t<div class=\"elementor-element elementor-element-0d6ae99 elementor-widget elementor-widget-image\" data-id=\"0d6ae99\" data-element_type=\"widget\" data-e-type=\"widget\" data-widget_type=\"image.default\">\n\t\t\t\t<div class=\"elementor-widget-container\">\n\t\t\t\t\t\t\t\t\t\t\t\t\t\t\t\t<a href=\"https:\/\/aplimedia.com\/tutoriales\/wp-content\/uploads\/2020\/03\/conf-factura-electronica4.png\" data-elementor-open-lightbox=\"yes\" data-elementor-lightbox-title=\"conf-factura-electronica4\" data-e-action-hash=\"#elementor-action%3Aaction%3Dlightbox%26settings%3DeyJpZCI6MzUxNSwidXJsIjoiaHR0cHM6XC9cL2FwbGltZWRpYS5jb21cL3R1dG9yaWFsZXNcL3dwLWNvbnRlbnRcL3VwbG9hZHNcLzIwMjBcLzAzXC9jb25mLWZhY3R1cmEtZWxlY3Ryb25pY2E0LnBuZyJ9\">\n\t\t\t\t\t\t\t<img decoding=\"async\" width=\"655\" height=\"596\" src=\"https:\/\/aplimedia.com\/tutoriales\/wp-content\/uploads\/2020\/03\/conf-factura-electronica4.png\" class=\"attachment-full size-full wp-image-3515\" alt=\"\" srcset=\"https:\/\/aplimedia.com\/tutoriales\/wp-content\/uploads\/2020\/03\/conf-factura-electronica4.png 655w, https:\/\/aplimedia.com\/tutoriales\/wp-content\/uploads\/2020\/03\/conf-factura-electronica4-300x273.png 300w\" sizes=\"(max-width: 655px) 100vw, 655px\" \/>\t\t\t\t\t\t\t\t<\/a>\n\t\t\t\t\t\t\t\t\t\t\t\t\t\t\t<\/div>\n\t\t\t\t<\/div>\n\t\t\t\t<div class=\"elementor-element elementor-element-84c6562 elementor-widget elementor-widget-text-editor\" data-id=\"84c6562\" data-element_type=\"widget\" data-e-type=\"widget\" data-widget_type=\"text-editor.default\">\n\t\t\t\t<div class=\"elementor-widget-container\">\n\t\t\t\t\t\t\t\t\t<p>Vamos a configurar la <strong>pesta\u00f1a \u00abFirma\u00bb<\/strong>, que es la que contiene la <strong>informaci\u00f3n acerca del certificado electr\u00f3nico<\/strong> con el que vamos a firmar las facturas electr\u00f3nicas. No obstante, ten en cuenta que <span style=\"color: #ff0000;\">no es obligatorio contar con un certificado electr\u00f3nico para poder realizar el env\u00edo de los PDFs<\/span>, por lo que si no planeas enviar tus facturas electr\u00f3nicas firmadas digitalmente, no es necesario que rellenes estos campos.<\/p><p>Si cuentas con un certificado electr\u00f3nico, en el campo \u201cUbicaci\u00f3n Certificados\u201d selecciona la opci\u00f3n \u201cAlmacenamiento del usuario en curso\u201d.<\/p><p>En Certificado Digital escoge la firma que vayas a utilizar. Tendr\u00e1s que tener la firma a\u00f1adida en tu equipo.<\/p><p>En la raz\u00f3n de la firma lo habitual es que escojas \u201cFactura Electr\u00f3nica\u201d.<\/p>\t\t\t\t\t\t\t\t<\/div>\n\t\t\t\t<\/div>\n\t\t\t\t<div class=\"elementor-element elementor-element-9c55b22 elementor-widget elementor-widget-image\" data-id=\"9c55b22\" data-element_type=\"widget\" data-e-type=\"widget\" data-widget_type=\"image.default\">\n\t\t\t\t<div class=\"elementor-widget-container\">\n\t\t\t\t\t\t\t\t\t\t\t\t\t\t\t\t<a href=\"https:\/\/aplimedia.com\/tutoriales\/wp-content\/uploads\/2020\/03\/conf-factura-electronica3.png\" data-elementor-open-lightbox=\"yes\" data-elementor-lightbox-title=\"conf-factura-electronica3\" data-e-action-hash=\"#elementor-action%3Aaction%3Dlightbox%26settings%3DeyJpZCI6MzUxNCwidXJsIjoiaHR0cHM6XC9cL2FwbGltZWRpYS5jb21cL3R1dG9yaWFsZXNcL3dwLWNvbnRlbnRcL3VwbG9hZHNcLzIwMjBcLzAzXC9jb25mLWZhY3R1cmEtZWxlY3Ryb25pY2EzLnBuZyJ9\">\n\t\t\t\t\t\t\t<img decoding=\"async\" width=\"657\" height=\"598\" src=\"https:\/\/aplimedia.com\/tutoriales\/wp-content\/uploads\/2020\/03\/conf-factura-electronica3.png\" class=\"attachment-full size-full wp-image-3514\" alt=\"\" srcset=\"https:\/\/aplimedia.com\/tutoriales\/wp-content\/uploads\/2020\/03\/conf-factura-electronica3.png 657w, https:\/\/aplimedia.com\/tutoriales\/wp-content\/uploads\/2020\/03\/conf-factura-electronica3-300x273.png 300w\" sizes=\"(max-width: 657px) 100vw, 657px\" \/>\t\t\t\t\t\t\t\t<\/a>\n\t\t\t\t\t\t\t\t\t\t\t\t\t\t\t<\/div>\n\t\t\t\t<\/div>\n\t\t\t\t<div class=\"elementor-element elementor-element-31be1fb elementor-widget elementor-widget-text-editor\" data-id=\"31be1fb\" data-element_type=\"widget\" data-e-type=\"widget\" data-widget_type=\"text-editor.default\">\n\t\t\t\t<div class=\"elementor-widget-container\">\n\t\t\t\t\t\t\t\t\t<p>Los<strong> campos de abajo<\/strong> nos permiten configurar c\u00f3mo se va a reflejar en los PDFs que el documento ha sido firmado electr\u00f3nicamente.<\/p><p>Por ejemplo, en el apartado \u201cRepresentaci\u00f3n de la firma\u201d podemos incluir una imagen (como nuestro logotipo) o podemos introducir un texto libre, del tipo \u201cEste documento ha sido firmado electr\u00f3nicamente\u201d. Tambi\u00e9n tenemos la opci\u00f3n de incluir el nombre del certificado, la fecha y hora de la firma, la fuente y su tama\u00f1o, etc.<\/p><p>En el apartado \u201cCampo de firma\u201d podemos configurar el tama\u00f1o que queremos que ocupe dicha firma en el PDF, o la posici\u00f3n en la que queremos que aparezca.<\/p>\t\t\t\t\t\t\t\t<\/div>\n\t\t\t\t<\/div>\n\t\t\t\t<div class=\"elementor-element elementor-element-9c95752 elementor-widget elementor-widget-image\" data-id=\"9c95752\" data-element_type=\"widget\" data-e-type=\"widget\" data-widget_type=\"image.default\">\n\t\t\t\t<div class=\"elementor-widget-container\">\n\t\t\t\t\t\t\t\t\t\t\t\t\t\t\t\t<a href=\"https:\/\/aplimedia.com\/tutoriales\/wp-content\/uploads\/2020\/03\/conf-factura-electronica3-copia.png\" data-elementor-open-lightbox=\"yes\" data-elementor-lightbox-title=\"conf-factura-electronica3 - copia\" data-e-action-hash=\"#elementor-action%3Aaction%3Dlightbox%26settings%3DeyJpZCI6MzUxNiwidXJsIjoiaHR0cHM6XC9cL2FwbGltZWRpYS5jb21cL3R1dG9yaWFsZXNcL3dwLWNvbnRlbnRcL3VwbG9hZHNcLzIwMjBcLzAzXC9jb25mLWZhY3R1cmEtZWxlY3Ryb25pY2EzLWNvcGlhLnBuZyJ9\">\n\t\t\t\t\t\t\t<img loading=\"lazy\" decoding=\"async\" width=\"657\" height=\"598\" src=\"https:\/\/aplimedia.com\/tutoriales\/wp-content\/uploads\/2020\/03\/conf-factura-electronica3-copia.png\" class=\"attachment-full size-full wp-image-3516\" alt=\"\" srcset=\"https:\/\/aplimedia.com\/tutoriales\/wp-content\/uploads\/2020\/03\/conf-factura-electronica3-copia.png 657w, https:\/\/aplimedia.com\/tutoriales\/wp-content\/uploads\/2020\/03\/conf-factura-electronica3-copia-300x273.png 300w\" sizes=\"(max-width: 657px) 100vw, 657px\" \/>\t\t\t\t\t\t\t\t<\/a>\n\t\t\t\t\t\t\t\t\t\t\t\t\t\t\t<\/div>\n\t\t\t\t<\/div>\n\t\t\t\t<div class=\"elementor-element elementor-element-b74be45 elementor-widget elementor-widget-text-editor\" data-id=\"b74be45\" data-element_type=\"widget\" data-e-type=\"widget\" data-widget_type=\"text-editor.default\">\n\t\t\t\t<div class=\"elementor-widget-container\">\n\t\t\t\t\t\t\t\t\t<p>Si has seguido todos los pasos de este tutorial ya tienes Secre preparado para el env\u00edo de facturas electr\u00f3nicas.<\/p><p>Te contamos c\u00f3mo realizar el env\u00edo de facturas electr\u00f3nicas en el tutorial: <a href=\"https:\/\/aplimedia.com\/tutoriales\/ventas\/facturacion-electronica-uso\/\">Facturaci\u00f3n electr\u00f3nica: Uso<\/a>.<\/p>\t\t\t\t\t\t\t\t<\/div>\n\t\t\t\t<\/div>\n\t\t\t\t<div class=\"elementor-element elementor-element-f7c5026 elementor-widget elementor-widget-spacer\" data-id=\"f7c5026\" data-element_type=\"widget\" data-e-type=\"widget\" data-widget_type=\"spacer.default\">\n\t\t\t\t<div class=\"elementor-widget-container\">\n\t\t\t\t\t\t\t<div class=\"elementor-spacer\">\n\t\t\t<div class=\"elementor-spacer-inner\"><\/div>\n\t\t<\/div>\n\t\t\t\t\t\t<\/div>\n\t\t\t\t<\/div>\n\t\t\t\t\t<\/div>\n\t\t<\/div>\n\t\t\t\t\t<\/div>\n\t\t<\/section>\n\t\t\t\t<\/div>\n\t\t","protected":false},"excerpt":{"rendered":"<p>La facturaci\u00f3n electr\u00f3nica consiste en la creaci\u00f3n de documentos en PDF que podemos enviar de forma masiva por correo electr\u00f3nico, cada una a su destinatario.\u00a0 Para poder trabajar con esta opci\u00f3n es necesario revisar la configuraci\u00f3n del programa para asegurarnos de que el funcionamiento sea correcto. En este tutorial vamos a ver c\u00f3mo realizar esas [&hellip;]<\/p>\n","protected":false},"author":1,"featured_media":0,"parent":1409,"menu_order":0,"comment_status":"closed","ping_status":"closed","template":"","meta":{"footnotes":""},"class_list":["post-3508","page","type-page","status-publish","hentry"],"yoast_head":"<!-- This site is optimized with the Yoast SEO plugin v27.5 - https:\/\/yoast.com\/product\/yoast-seo-wordpress\/ -->\n<title>Facturaci\u00f3n Electr\u00f3nica: Configuraci\u00f3n inicial en Secre | Tutoriales de Secre<\/title>\n<meta name=\"robots\" content=\"index, follow, max-snippet:-1, max-image-preview:large, max-video-preview:-1\" \/>\n<link rel=\"canonical\" href=\"https:\/\/aplimedia.com\/tutoriales\/ventas\/factura-electronica-configuracion\/\" \/>\n<meta property=\"og:locale\" content=\"es_ES\" \/>\n<meta property=\"og:type\" content=\"article\" \/>\n<meta property=\"og:title\" content=\"Facturaci\u00f3n Electr\u00f3nica: Configuraci\u00f3n inicial en Secre | Tutoriales de Secre\" \/>\n<meta property=\"og:description\" content=\"La facturaci\u00f3n electr\u00f3nica consiste en la creaci\u00f3n de documentos en PDF que podemos enviar de forma masiva por correo electr\u00f3nico, cada una a su destinatario.\u00a0 Para poder trabajar con esta opci\u00f3n es necesario revisar la configuraci\u00f3n del programa para asegurarnos de que el funcionamiento sea correcto. En este tutorial vamos a ver c\u00f3mo realizar esas [&hellip;]\" \/>\n<meta property=\"og:url\" content=\"https:\/\/aplimedia.com\/tutoriales\/ventas\/factura-electronica-configuracion\/\" \/>\n<meta property=\"og:site_name\" content=\"Tutoriales de Secre\" \/>\n<meta property=\"article:modified_time\" content=\"2025-03-11T12:26:48+00:00\" \/>\n<meta property=\"og:image\" content=\"https:\/\/aplimedia.com\/tutoriales\/wp-content\/uploads\/2022\/05\/Captura-de-pantalla-2022-05-18-113045.jpg\" \/>\n\t<meta property=\"og:image:width\" content=\"653\" \/>\n\t<meta property=\"og:image:height\" content=\"638\" \/>\n\t<meta property=\"og:image:type\" content=\"image\/jpeg\" \/>\n<meta name=\"twitter:card\" content=\"summary_large_image\" \/>\n<meta name=\"twitter:label1\" content=\"Tiempo de lectura\" \/>\n\t<meta name=\"twitter:data1\" content=\"4 minutos\" \/>\n<script type=\"application\/ld+json\" class=\"yoast-schema-graph\">{\"@context\":\"https:\\\/\\\/schema.org\",\"@graph\":[{\"@type\":\"WebPage\",\"@id\":\"https:\\\/\\\/aplimedia.com\\\/tutoriales\\\/ventas\\\/factura-electronica-configuracion\\\/\",\"url\":\"https:\\\/\\\/aplimedia.com\\\/tutoriales\\\/ventas\\\/factura-electronica-configuracion\\\/\",\"name\":\"Facturaci\u00f3n Electr\u00f3nica: Configuraci\u00f3n inicial en Secre | Tutoriales de Secre\",\"isPartOf\":{\"@id\":\"https:\\\/\\\/aplimedia.com\\\/tutoriales\\\/#website\"},\"primaryImageOfPage\":{\"@id\":\"https:\\\/\\\/aplimedia.com\\\/tutoriales\\\/ventas\\\/factura-electronica-configuracion\\\/#primaryimage\"},\"image\":{\"@id\":\"https:\\\/\\\/aplimedia.com\\\/tutoriales\\\/ventas\\\/factura-electronica-configuracion\\\/#primaryimage\"},\"thumbnailUrl\":\"https:\\\/\\\/aplimedia.com\\\/tutoriales\\\/wp-content\\\/uploads\\\/2022\\\/05\\\/Captura-de-pantalla-2022-05-18-113045.jpg\",\"datePublished\":\"2020-03-10T09:17:26+00:00\",\"dateModified\":\"2025-03-11T12:26:48+00:00\",\"breadcrumb\":{\"@id\":\"https:\\\/\\\/aplimedia.com\\\/tutoriales\\\/ventas\\\/factura-electronica-configuracion\\\/#breadcrumb\"},\"inLanguage\":\"es\",\"potentialAction\":[{\"@type\":\"ReadAction\",\"target\":[\"https:\\\/\\\/aplimedia.com\\\/tutoriales\\\/ventas\\\/factura-electronica-configuracion\\\/\"]}]},{\"@type\":\"ImageObject\",\"inLanguage\":\"es\",\"@id\":\"https:\\\/\\\/aplimedia.com\\\/tutoriales\\\/ventas\\\/factura-electronica-configuracion\\\/#primaryimage\",\"url\":\"https:\\\/\\\/aplimedia.com\\\/tutoriales\\\/wp-content\\\/uploads\\\/2022\\\/05\\\/Captura-de-pantalla-2022-05-18-113045.jpg\",\"contentUrl\":\"https:\\\/\\\/aplimedia.com\\\/tutoriales\\\/wp-content\\\/uploads\\\/2022\\\/05\\\/Captura-de-pantalla-2022-05-18-113045.jpg\",\"width\":653,\"height\":638},{\"@type\":\"BreadcrumbList\",\"@id\":\"https:\\\/\\\/aplimedia.com\\\/tutoriales\\\/ventas\\\/factura-electronica-configuracion\\\/#breadcrumb\",\"itemListElement\":[{\"@type\":\"ListItem\",\"position\":1,\"name\":\"Tutoriales\",\"item\":\"https:\\\/\\\/aplimedia.com\\\/tutoriales\\\/\"},{\"@type\":\"ListItem\",\"position\":2,\"name\":\"Ventas\",\"item\":\"https:\\\/\\\/aplimedia.com\\\/tutoriales\\\/ventas\\\/\"},{\"@type\":\"ListItem\",\"position\":3,\"name\":\"Facturaci\u00f3n Electr\u00f3nica: Configuraci\u00f3n inicial en Secre\"}]},{\"@type\":\"WebSite\",\"@id\":\"https:\\\/\\\/aplimedia.com\\\/tutoriales\\\/#website\",\"url\":\"https:\\\/\\\/aplimedia.com\\\/tutoriales\\\/\",\"name\":\"Tutoriales de Secre\",\"description\":\"Tutoriales del software de gesti\u00f3n Secre\",\"publisher\":{\"@id\":\"https:\\\/\\\/aplimedia.com\\\/tutoriales\\\/#organization\"},\"potentialAction\":[{\"@type\":\"SearchAction\",\"target\":{\"@type\":\"EntryPoint\",\"urlTemplate\":\"https:\\\/\\\/aplimedia.com\\\/tutoriales\\\/?s={search_term_string}\"},\"query-input\":{\"@type\":\"PropertyValueSpecification\",\"valueRequired\":true,\"valueName\":\"search_term_string\"}}],\"inLanguage\":\"es\"},{\"@type\":\"Organization\",\"@id\":\"https:\\\/\\\/aplimedia.com\\\/tutoriales\\\/#organization\",\"name\":\"Tutoriales de Secre\",\"url\":\"https:\\\/\\\/aplimedia.com\\\/tutoriales\\\/\",\"logo\":{\"@type\":\"ImageObject\",\"inLanguage\":\"es\",\"@id\":\"https:\\\/\\\/aplimedia.com\\\/tutoriales\\\/#\\\/schema\\\/logo\\\/image\\\/\",\"url\":\"https:\\\/\\\/aplimedia.com\\\/tutoriales\\\/wp-content\\\/uploads\\\/2022\\\/03\\\/cropped-logotipo-aplimedia.png\",\"contentUrl\":\"https:\\\/\\\/aplimedia.com\\\/tutoriales\\\/wp-content\\\/uploads\\\/2022\\\/03\\\/cropped-logotipo-aplimedia.png\",\"width\":2000,\"height\":658,\"caption\":\"Tutoriales de Secre\"},\"image\":{\"@id\":\"https:\\\/\\\/aplimedia.com\\\/tutoriales\\\/#\\\/schema\\\/logo\\\/image\\\/\"}}]}<\/script>\n<!-- \/ Yoast SEO plugin. -->","yoast_head_json":{"title":"Facturaci\u00f3n Electr\u00f3nica: Configuraci\u00f3n inicial en Secre | Tutoriales de Secre","robots":{"index":"index","follow":"follow","max-snippet":"max-snippet:-1","max-image-preview":"max-image-preview:large","max-video-preview":"max-video-preview:-1"},"canonical":"https:\/\/aplimedia.com\/tutoriales\/ventas\/factura-electronica-configuracion\/","og_locale":"es_ES","og_type":"article","og_title":"Facturaci\u00f3n Electr\u00f3nica: Configuraci\u00f3n inicial en Secre | Tutoriales de Secre","og_description":"La facturaci\u00f3n electr\u00f3nica consiste en la creaci\u00f3n de documentos en PDF que podemos enviar de forma masiva por correo electr\u00f3nico, cada una a su destinatario.\u00a0 Para poder trabajar con esta opci\u00f3n es necesario revisar la configuraci\u00f3n del programa para asegurarnos de que el funcionamiento sea correcto. En este tutorial vamos a ver c\u00f3mo realizar esas [&hellip;]","og_url":"https:\/\/aplimedia.com\/tutoriales\/ventas\/factura-electronica-configuracion\/","og_site_name":"Tutoriales de Secre","article_modified_time":"2025-03-11T12:26:48+00:00","og_image":[{"width":653,"height":638,"url":"https:\/\/aplimedia.com\/tutoriales\/wp-content\/uploads\/2022\/05\/Captura-de-pantalla-2022-05-18-113045.jpg","type":"image\/jpeg"}],"twitter_card":"summary_large_image","twitter_misc":{"Tiempo de lectura":"4 minutos"},"schema":{"@context":"https:\/\/schema.org","@graph":[{"@type":"WebPage","@id":"https:\/\/aplimedia.com\/tutoriales\/ventas\/factura-electronica-configuracion\/","url":"https:\/\/aplimedia.com\/tutoriales\/ventas\/factura-electronica-configuracion\/","name":"Facturaci\u00f3n Electr\u00f3nica: Configuraci\u00f3n inicial en Secre | Tutoriales de Secre","isPartOf":{"@id":"https:\/\/aplimedia.com\/tutoriales\/#website"},"primaryImageOfPage":{"@id":"https:\/\/aplimedia.com\/tutoriales\/ventas\/factura-electronica-configuracion\/#primaryimage"},"image":{"@id":"https:\/\/aplimedia.com\/tutoriales\/ventas\/factura-electronica-configuracion\/#primaryimage"},"thumbnailUrl":"https:\/\/aplimedia.com\/tutoriales\/wp-content\/uploads\/2022\/05\/Captura-de-pantalla-2022-05-18-113045.jpg","datePublished":"2020-03-10T09:17:26+00:00","dateModified":"2025-03-11T12:26:48+00:00","breadcrumb":{"@id":"https:\/\/aplimedia.com\/tutoriales\/ventas\/factura-electronica-configuracion\/#breadcrumb"},"inLanguage":"es","potentialAction":[{"@type":"ReadAction","target":["https:\/\/aplimedia.com\/tutoriales\/ventas\/factura-electronica-configuracion\/"]}]},{"@type":"ImageObject","inLanguage":"es","@id":"https:\/\/aplimedia.com\/tutoriales\/ventas\/factura-electronica-configuracion\/#primaryimage","url":"https:\/\/aplimedia.com\/tutoriales\/wp-content\/uploads\/2022\/05\/Captura-de-pantalla-2022-05-18-113045.jpg","contentUrl":"https:\/\/aplimedia.com\/tutoriales\/wp-content\/uploads\/2022\/05\/Captura-de-pantalla-2022-05-18-113045.jpg","width":653,"height":638},{"@type":"BreadcrumbList","@id":"https:\/\/aplimedia.com\/tutoriales\/ventas\/factura-electronica-configuracion\/#breadcrumb","itemListElement":[{"@type":"ListItem","position":1,"name":"Tutoriales","item":"https:\/\/aplimedia.com\/tutoriales\/"},{"@type":"ListItem","position":2,"name":"Ventas","item":"https:\/\/aplimedia.com\/tutoriales\/ventas\/"},{"@type":"ListItem","position":3,"name":"Facturaci\u00f3n Electr\u00f3nica: Configuraci\u00f3n inicial en Secre"}]},{"@type":"WebSite","@id":"https:\/\/aplimedia.com\/tutoriales\/#website","url":"https:\/\/aplimedia.com\/tutoriales\/","name":"Tutoriales de Secre","description":"Tutoriales del software de gesti\u00f3n Secre","publisher":{"@id":"https:\/\/aplimedia.com\/tutoriales\/#organization"},"potentialAction":[{"@type":"SearchAction","target":{"@type":"EntryPoint","urlTemplate":"https:\/\/aplimedia.com\/tutoriales\/?s={search_term_string}"},"query-input":{"@type":"PropertyValueSpecification","valueRequired":true,"valueName":"search_term_string"}}],"inLanguage":"es"},{"@type":"Organization","@id":"https:\/\/aplimedia.com\/tutoriales\/#organization","name":"Tutoriales de Secre","url":"https:\/\/aplimedia.com\/tutoriales\/","logo":{"@type":"ImageObject","inLanguage":"es","@id":"https:\/\/aplimedia.com\/tutoriales\/#\/schema\/logo\/image\/","url":"https:\/\/aplimedia.com\/tutoriales\/wp-content\/uploads\/2022\/03\/cropped-logotipo-aplimedia.png","contentUrl":"https:\/\/aplimedia.com\/tutoriales\/wp-content\/uploads\/2022\/03\/cropped-logotipo-aplimedia.png","width":2000,"height":658,"caption":"Tutoriales de Secre"},"image":{"@id":"https:\/\/aplimedia.com\/tutoriales\/#\/schema\/logo\/image\/"}}]}},"_links":{"self":[{"href":"https:\/\/aplimedia.com\/tutoriales\/wp-json\/wp\/v2\/pages\/3508","targetHints":{"allow":["GET"]}}],"collection":[{"href":"https:\/\/aplimedia.com\/tutoriales\/wp-json\/wp\/v2\/pages"}],"about":[{"href":"https:\/\/aplimedia.com\/tutoriales\/wp-json\/wp\/v2\/types\/page"}],"author":[{"embeddable":true,"href":"https:\/\/aplimedia.com\/tutoriales\/wp-json\/wp\/v2\/users\/1"}],"replies":[{"embeddable":true,"href":"https:\/\/aplimedia.com\/tutoriales\/wp-json\/wp\/v2\/comments?post=3508"}],"version-history":[{"count":0,"href":"https:\/\/aplimedia.com\/tutoriales\/wp-json\/wp\/v2\/pages\/3508\/revisions"}],"up":[{"embeddable":true,"href":"https:\/\/aplimedia.com\/tutoriales\/wp-json\/wp\/v2\/pages\/1409"}],"wp:attachment":[{"href":"https:\/\/aplimedia.com\/tutoriales\/wp-json\/wp\/v2\/media?parent=3508"}],"curies":[{"name":"wp","href":"https:\/\/api.w.org\/{rel}","templated":true}]}}