{"id":3469,"date":"2019-07-17T09:39:30","date_gmt":"2019-07-17T09:39:30","guid":{"rendered":"https:\/\/aplimedia.com\/tutoriales\/?page_id=3469"},"modified":"2025-03-11T12:44:03","modified_gmt":"2025-03-11T12:44:03","slug":"instalar-secre-nube","status":"publish","type":"page","link":"https:\/\/aplimedia.com\/tutoriales\/varios\/instalar-secre-nube\/","title":{"rendered":"Crear un acceso directo a Secre en el escritorio"},"content":{"rendered":"\t\t<div data-elementor-type=\"wp-post\" data-elementor-id=\"3469\" class=\"elementor elementor-3469\" data-elementor-post-type=\"page\">\n\t\t\t\t\t\t<section class=\"elementor-section elementor-top-section elementor-element elementor-element-7256b02 elementor-section-stretched elementor-section-boxed elementor-section-height-default elementor-section-height-default\" data-id=\"7256b02\" data-element_type=\"section\" data-e-type=\"section\" data-settings=\"{&quot;stretch_section&quot;:&quot;section-stretched&quot;}\">\n\t\t\t\t\t\t<div class=\"elementor-container elementor-column-gap-default\">\n\t\t\t\t\t<div class=\"elementor-column elementor-col-100 elementor-top-column elementor-element elementor-element-20c4e31\" data-id=\"20c4e31\" data-element_type=\"column\" data-e-type=\"column\">\n\t\t\t<div class=\"elementor-widget-wrap elementor-element-populated\">\n\t\t\t\t\t\t<div class=\"elementor-element elementor-element-bbda481 elementor-widget elementor-widget-text-editor\" data-id=\"bbda481\" data-element_type=\"widget\" data-e-type=\"widget\" data-widget_type=\"text-editor.default\">\n\t\t\t\t<div class=\"elementor-widget-container\">\n\t\t\t\t\t\t\t\t\t<p><span style=\"font-size: 16px; color: var( --e-global-color-text ); font-family: var( --e-global-typography-text-font-family ), Sans-serif;\">Para acceder a Secre, simplemente tienes que abrir la siguiente p\u00e1gina en tu navegador e iniciar sesi\u00f3n con tu usuario y contrase\u00f1a:<\/span><\/p>\t\t\t\t\t\t\t\t<\/div>\n\t\t\t\t<\/div>\n\t\t<div class=\"elementor-element elementor-element-ce70a93 e-flex e-con-boxed e-con e-parent\" data-id=\"ce70a93\" data-element_type=\"container\" data-e-type=\"container\">\n\t\t\t\t\t<div class=\"e-con-inner\">\n\t\t\t\t<div class=\"elementor-element elementor-element-1a7a82a elementor-widget__width-initial elementor-widget elementor-widget-heading\" data-id=\"1a7a82a\" data-element_type=\"widget\" data-e-type=\"widget\" data-widget_type=\"heading.default\">\n\t\t\t\t<div class=\"elementor-widget-container\">\n\t\t\t\t\t<h2 class=\"elementor-heading-title elementor-size-default\"><a href=\"https:\/\/intranet.aplimedia.com\/secrecloud\/\">secrecloud.aplimedia.com<\/a><\/h2>\t\t\t\t<\/div>\n\t\t\t\t<\/div>\n\t\t\t\t\t<\/div>\n\t\t\t\t<\/div>\n\t\t\t\t<div class=\"elementor-element elementor-element-3b57680 elementor-widget elementor-widget-text-editor\" data-id=\"3b57680\" data-element_type=\"widget\" data-e-type=\"widget\" data-widget_type=\"text-editor.default\">\n\t\t\t\t<div class=\"elementor-widget-container\">\n\t\t\t\t\t\t\t\t\t<p>Si quieres guardar un acceso directo a esta p\u00e1gina en tu escritorio, para que el acceso sea m\u00e1s r\u00e1pido y sencillo, puedes hacerlo desde tu navegador.<\/p><p>Vamos a ver los pasos para hacerlo con Chrome, ten en cuenta que si utilizas otro navegador los pasos ser\u00e1n diferentes.<\/p>\t\t\t\t\t\t\t\t<\/div>\n\t\t\t\t<\/div>\n\t\t\t\t<div class=\"elementor-element elementor-element-feac02c elementor-widget elementor-widget-spacer\" data-id=\"feac02c\" data-element_type=\"widget\" data-e-type=\"widget\" data-widget_type=\"spacer.default\">\n\t\t\t\t<div class=\"elementor-widget-container\">\n\t\t\t\t\t\t\t<div class=\"elementor-spacer\">\n\t\t\t<div class=\"elementor-spacer-inner\"><\/div>\n\t\t<\/div>\n\t\t\t\t\t\t<\/div>\n\t\t\t\t<\/div>\n\t\t\t\t<div class=\"elementor-element elementor-element-931ccbd elementor-widget elementor-widget-heading\" data-id=\"931ccbd\" data-element_type=\"widget\" data-e-type=\"widget\" data-widget_type=\"heading.default\">\n\t\t\t\t<div class=\"elementor-widget-container\">\n\t\t\t\t\t<h2 class=\"elementor-heading-title elementor-size-default\">Crear un acceso directo desde Chrome:<\/h2>\t\t\t\t<\/div>\n\t\t\t\t<\/div>\n\t\t\t\t<div class=\"elementor-element elementor-element-d3a4037 elementor-widget elementor-widget-text-editor\" data-id=\"d3a4037\" data-element_type=\"widget\" data-e-type=\"widget\" data-widget_type=\"text-editor.default\">\n\t\t\t\t<div class=\"elementor-widget-container\">\n\t\t\t\t\t\t\t\t\t<p>Abre Chrome y ve la p\u00e1gina web <a href=\"https:\/\/intranet.aplimedia.com\/secrecloud\/\">secrecloud.aplimedia.com<\/a><\/p><p>Despu\u00e9s, pincha en los tres puntos, en la esquina superior derecha del navegador<\/p>\t\t\t\t\t\t\t\t<\/div>\n\t\t\t\t<\/div>\n\t\t\t\t<div class=\"elementor-element elementor-element-f0f42c0 elementor-widget elementor-widget-image\" data-id=\"f0f42c0\" data-element_type=\"widget\" data-e-type=\"widget\" data-widget_type=\"image.default\">\n\t\t\t\t<div class=\"elementor-widget-container\">\n\t\t\t\t\t\t\t\t\t\t\t\t\t\t\t<img fetchpriority=\"high\" decoding=\"async\" width=\"1919\" height=\"1029\" src=\"https:\/\/aplimedia.com\/tutoriales\/wp-content\/uploads\/2025\/03\/Captura-de-pantalla-2025-03-10-141032.jpg\" class=\"attachment-large size-large wp-image-7692\" alt=\"\" srcset=\"https:\/\/aplimedia.com\/tutoriales\/wp-content\/uploads\/2025\/03\/Captura-de-pantalla-2025-03-10-141032.jpg 1919w, https:\/\/aplimedia.com\/tutoriales\/wp-content\/uploads\/2025\/03\/Captura-de-pantalla-2025-03-10-141032-768x412.jpg 768w, https:\/\/aplimedia.com\/tutoriales\/wp-content\/uploads\/2025\/03\/Captura-de-pantalla-2025-03-10-141032-1536x824.jpg 1536w\" sizes=\"(max-width: 1919px) 100vw, 1919px\" \/>\t\t\t\t\t\t\t\t\t\t\t\t\t\t\t<\/div>\n\t\t\t\t<\/div>\n\t\t\t\t<div class=\"elementor-element elementor-element-7d262d1 elementor-widget elementor-widget-text-editor\" data-id=\"7d262d1\" data-element_type=\"widget\" data-e-type=\"widget\" data-widget_type=\"text-editor.default\">\n\t\t\t\t<div class=\"elementor-widget-container\">\n\t\t\t\t\t\t\t\t\t<p>Selecciona la opci\u00f3n <em><strong>Enviar, guardar y compartir&gt;Instalar p\u00e1gina como aplicaci\u00f3n<\/strong><\/em>.<\/p>\t\t\t\t\t\t\t\t<\/div>\n\t\t\t\t<\/div>\n\t\t\t\t<div class=\"elementor-element elementor-element-fe52a60 elementor-widget elementor-widget-image\" data-id=\"fe52a60\" data-element_type=\"widget\" data-e-type=\"widget\" data-widget_type=\"image.default\">\n\t\t\t\t<div class=\"elementor-widget-container\">\n\t\t\t\t\t\t\t\t\t\t\t\t\t\t\t<img decoding=\"async\" width=\"702\" height=\"1019\" src=\"https:\/\/aplimedia.com\/tutoriales\/wp-content\/uploads\/2025\/03\/Captura-de-pantalla-2025-03-10-141308.jpg\" class=\"attachment-large size-large wp-image-7696\" alt=\"\" \/>\t\t\t\t\t\t\t\t\t\t\t\t\t\t\t<\/div>\n\t\t\t\t<\/div>\n\t\t\t\t<div class=\"elementor-element elementor-element-99a4f7b elementor-widget elementor-widget-text-editor\" data-id=\"99a4f7b\" data-element_type=\"widget\" data-e-type=\"widget\" data-widget_type=\"text-editor.default\">\n\t\t\t\t<div class=\"elementor-widget-container\">\n\t\t\t\t\t\t\t\t\t<p>Se abrir\u00e1 el siguiente cuadro de di\u00e1logo, en el que simplemente debemos pinchar en <em><strong>\u00abInstalar\u00bb<\/strong><\/em>.<\/p>\t\t\t\t\t\t\t\t<\/div>\n\t\t\t\t<\/div>\n\t\t\t\t<div class=\"elementor-element elementor-element-f795d55 elementor-widget elementor-widget-image\" data-id=\"f795d55\" data-element_type=\"widget\" data-e-type=\"widget\" data-widget_type=\"image.default\">\n\t\t\t\t<div class=\"elementor-widget-container\">\n\t\t\t\t\t\t\t\t\t\t\t\t\t\t\t<img decoding=\"async\" width=\"460\" height=\"239\" src=\"https:\/\/aplimedia.com\/tutoriales\/wp-content\/uploads\/2025\/03\/Captura-de-pantalla-2025-03-10-141652.png\" class=\"attachment-large size-large wp-image-7698\" alt=\"\" \/>\t\t\t\t\t\t\t\t\t\t\t\t\t\t\t<\/div>\n\t\t\t\t<\/div>\n\t\t\t\t<div class=\"elementor-element elementor-element-f912c8f elementor-widget elementor-widget-text-editor\" data-id=\"f912c8f\" data-element_type=\"widget\" data-e-type=\"widget\" data-widget_type=\"text-editor.default\">\n\t\t\t\t<div class=\"elementor-widget-container\">\n\t\t\t\t\t\t\t\t\t<p>Siguiendo estos pasos, se crear\u00e1 un icono en tu escritorio, que podr\u00e1s utilizar para acceder directamente a la p\u00e1gina de inicio de sesi\u00f3n de Secre.<\/p>\t\t\t\t\t\t\t\t<\/div>\n\t\t\t\t<\/div>\n\t\t\t\t<div class=\"elementor-element elementor-element-5fb5086 elementor-widget elementor-widget-image\" data-id=\"5fb5086\" data-element_type=\"widget\" data-e-type=\"widget\" data-widget_type=\"image.default\">\n\t\t\t\t<div class=\"elementor-widget-container\">\n\t\t\t\t\t\t\t\t\t\t\t\t\t\t\t<img loading=\"lazy\" decoding=\"async\" width=\"200\" height=\"137\" src=\"https:\/\/aplimedia.com\/tutoriales\/wp-content\/uploads\/2025\/03\/Captura-de-pantalla-2025-03-10-142039.png\" class=\"attachment-large size-large wp-image-7699\" alt=\"\" \/>\t\t\t\t\t\t\t\t\t\t\t\t\t\t\t<\/div>\n\t\t\t\t<\/div>\n\t\t\t\t<div class=\"elementor-element elementor-element-6884911 elementor-widget elementor-widget-spacer\" data-id=\"6884911\" data-element_type=\"widget\" data-e-type=\"widget\" data-widget_type=\"spacer.default\">\n\t\t\t\t<div class=\"elementor-widget-container\">\n\t\t\t\t\t\t\t<div class=\"elementor-spacer\">\n\t\t\t<div class=\"elementor-spacer-inner\"><\/div>\n\t\t<\/div>\n\t\t\t\t\t\t<\/div>\n\t\t\t\t<\/div>\n\t\t\t\t<div class=\"elementor-element elementor-element-b3134ab elementor-widget elementor-widget-heading\" data-id=\"b3134ab\" data-element_type=\"widget\" data-e-type=\"widget\" data-widget_type=\"heading.default\">\n\t\t\t\t<div class=\"elementor-widget-container\">\n\t\t\t\t\t<h2 class=\"elementor-heading-title elementor-size-default\">Guardar las credenciales de acceso:<\/h2>\t\t\t\t<\/div>\n\t\t\t\t<\/div>\n\t\t\t\t<div class=\"elementor-element elementor-element-0b4372b elementor-widget elementor-widget-text-editor\" data-id=\"0b4372b\" data-element_type=\"widget\" data-e-type=\"widget\" data-widget_type=\"text-editor.default\">\n\t\t\t\t<div class=\"elementor-widget-container\">\n\t\t\t\t\t\t\t\t\t<p>Si lo deseas, puedes guardar las credenciales de acceso a Secre para no tener que introducirlas cada vez que quieras acceder al programa.<\/p><p>De nuevo, vamos a ver los pasos para hacerlo en Chrome y el gestor de contrase\u00f1as de Google, por lo que si deseas hacerlo con otro navegador, deber\u00e1s buscar los pasos para hacerlo.<\/p><p>Lo primero que haremos ser\u00e1 abrir Chrome y pinchar en los tres puntos de la esquina superior derecha del navegador:<\/p>\t\t\t\t\t\t\t\t<\/div>\n\t\t\t\t<\/div>\n\t\t\t\t<div class=\"elementor-element elementor-element-7a0f331 elementor-widget elementor-widget-image\" data-id=\"7a0f331\" data-element_type=\"widget\" data-e-type=\"widget\" data-widget_type=\"image.default\">\n\t\t\t\t<div class=\"elementor-widget-container\">\n\t\t\t\t\t\t\t\t\t\t\t\t\t\t\t<img fetchpriority=\"high\" decoding=\"async\" width=\"1919\" height=\"1029\" src=\"https:\/\/aplimedia.com\/tutoriales\/wp-content\/uploads\/2025\/03\/Captura-de-pantalla-2025-03-10-141032.jpg\" class=\"attachment-large size-large wp-image-7692\" alt=\"\" srcset=\"https:\/\/aplimedia.com\/tutoriales\/wp-content\/uploads\/2025\/03\/Captura-de-pantalla-2025-03-10-141032.jpg 1919w, https:\/\/aplimedia.com\/tutoriales\/wp-content\/uploads\/2025\/03\/Captura-de-pantalla-2025-03-10-141032-768x412.jpg 768w, https:\/\/aplimedia.com\/tutoriales\/wp-content\/uploads\/2025\/03\/Captura-de-pantalla-2025-03-10-141032-1536x824.jpg 1536w\" sizes=\"(max-width: 1919px) 100vw, 1919px\" \/>\t\t\t\t\t\t\t\t\t\t\t\t\t\t\t<\/div>\n\t\t\t\t<\/div>\n\t\t\t\t<div class=\"elementor-element elementor-element-038c6c7 elementor-widget elementor-widget-text-editor\" data-id=\"038c6c7\" data-element_type=\"widget\" data-e-type=\"widget\" data-widget_type=\"text-editor.default\">\n\t\t\t\t<div class=\"elementor-widget-container\">\n\t\t\t\t\t\t\t\t\t<p>Despu\u00e9s, iremos a la opci\u00f3n <em><strong>Contrase\u00f1as y Autocompletar&gt;Gestor de contrase\u00f1as de Google<\/strong><\/em>.<\/p>\t\t\t\t\t\t\t\t<\/div>\n\t\t\t\t<\/div>\n\t\t\t\t<div class=\"elementor-element elementor-element-6a654ed elementor-widget elementor-widget-image\" data-id=\"6a654ed\" data-element_type=\"widget\" data-e-type=\"widget\" data-widget_type=\"image.default\">\n\t\t\t\t<div class=\"elementor-widget-container\">\n\t\t\t\t\t\t\t\t\t\t\t\t\t\t\t<img loading=\"lazy\" decoding=\"async\" width=\"628\" height=\"769\" src=\"https:\/\/aplimedia.com\/tutoriales\/wp-content\/uploads\/2025\/03\/Captura-de-pantalla-2025-03-10-142326.jpg\" class=\"attachment-large size-large wp-image-7700\" alt=\"\" \/>\t\t\t\t\t\t\t\t\t\t\t\t\t\t\t<\/div>\n\t\t\t\t<\/div>\n\t\t\t\t<div class=\"elementor-element elementor-element-da12ce4 elementor-widget elementor-widget-text-editor\" data-id=\"da12ce4\" data-element_type=\"widget\" data-e-type=\"widget\" data-widget_type=\"text-editor.default\">\n\t\t\t\t<div class=\"elementor-widget-container\">\n\t\t\t\t\t\t\t\t\t<p>Pinchamos en el bot\u00f3n \u00abA\u00f1adir\u00bb para a\u00f1adir la contrase\u00f1a:<\/p>\t\t\t\t\t\t\t\t<\/div>\n\t\t\t\t<\/div>\n\t\t\t\t<div class=\"elementor-element elementor-element-6ecd574 elementor-widget elementor-widget-image\" data-id=\"6ecd574\" data-element_type=\"widget\" data-e-type=\"widget\" data-widget_type=\"image.default\">\n\t\t\t\t<div class=\"elementor-widget-container\">\n\t\t\t\t\t\t\t\t\t\t\t\t\t\t\t<img loading=\"lazy\" decoding=\"async\" width=\"725\" height=\"109\" src=\"https:\/\/aplimedia.com\/tutoriales\/wp-content\/uploads\/2025\/03\/Captura-de-pantalla-2025-03-10-143052.jpg\" class=\"attachment-large size-large wp-image-7701\" alt=\"\" \/>\t\t\t\t\t\t\t\t\t\t\t\t\t\t\t<\/div>\n\t\t\t\t<\/div>\n\t\t\t\t<div class=\"elementor-element elementor-element-e1b29ec elementor-widget elementor-widget-text-editor\" data-id=\"e1b29ec\" data-element_type=\"widget\" data-e-type=\"widget\" data-widget_type=\"text-editor.default\">\n\t\t\t\t<div class=\"elementor-widget-container\">\n\t\t\t\t\t\t\t\t\t<p>Y rellenamos los datos de la siguiente manera:<\/p><ul><li><strong>Sitio<\/strong>: https:\/\/intranet.aplimedia.com\/secrecloud\/<\/li><li><strong>Nombre de usuario<\/strong>: aqu\u00ed deber\u00e1s introducir tu usuario de Secre.<\/li><li><strong>Contrase\u00f1a<\/strong>: la contrase\u00f1a de tu usuario de Secre.<\/li><\/ul>\t\t\t\t\t\t\t\t<\/div>\n\t\t\t\t<\/div>\n\t\t\t\t<div class=\"elementor-element elementor-element-62cca2a elementor-widget elementor-widget-image\" data-id=\"62cca2a\" data-element_type=\"widget\" data-e-type=\"widget\" data-widget_type=\"image.default\">\n\t\t\t\t<div class=\"elementor-widget-container\">\n\t\t\t\t\t\t\t\t\t\t\t\t\t\t\t<img loading=\"lazy\" decoding=\"async\" width=\"525\" height=\"535\" src=\"https:\/\/aplimedia.com\/tutoriales\/wp-content\/uploads\/2025\/03\/Captura-de-pantalla-2025-03-10-143231.png\" class=\"attachment-large size-large wp-image-7702\" alt=\"\" \/>\t\t\t\t\t\t\t\t\t\t\t\t\t\t\t<\/div>\n\t\t\t\t<\/div>\n\t\t\t\t<div class=\"elementor-element elementor-element-81f95af elementor-widget elementor-widget-text-editor\" data-id=\"81f95af\" data-element_type=\"widget\" data-e-type=\"widget\" data-widget_type=\"text-editor.default\">\n\t\t\t\t<div class=\"elementor-widget-container\">\n\t\t\t\t\t\t\t\t\t<p>Pincha en <strong>Guardar<\/strong> y ya lo tendr\u00edas, a partir de ahora tus credenciales se rellenar\u00e1n autom\u00e1ticamente al abrir la p\u00e1gina de inicio de sesi\u00f3n de Secre.<\/p>\t\t\t\t\t\t\t\t<\/div>\n\t\t\t\t<\/div>\n\t\t\t\t<div class=\"elementor-element elementor-element-9b0d614 elementor-widget elementor-widget-spacer\" data-id=\"9b0d614\" data-element_type=\"widget\" data-e-type=\"widget\" data-widget_type=\"spacer.default\">\n\t\t\t\t<div class=\"elementor-widget-container\">\n\t\t\t\t\t\t\t<div class=\"elementor-spacer\">\n\t\t\t<div class=\"elementor-spacer-inner\"><\/div>\n\t\t<\/div>\n\t\t\t\t\t\t<\/div>\n\t\t\t\t<\/div>\n\t\t\t\t\t<\/div>\n\t\t<\/div>\n\t\t\t\t\t<\/div>\n\t\t<\/section>\n\t\t\t\t<\/div>\n\t\t","protected":false},"excerpt":{"rendered":"<p>Para acceder a Secre, simplemente tienes que abrir la siguiente p\u00e1gina en tu navegador e iniciar sesi\u00f3n con tu usuario y contrase\u00f1a: secrecloud.aplimedia.com Si quieres guardar un acceso directo a esta p\u00e1gina en tu escritorio, para que el acceso sea m\u00e1s r\u00e1pido y sencillo, puedes hacerlo desde tu navegador. Vamos a ver los pasos para [&hellip;]<\/p>\n","protected":false},"author":1,"featured_media":0,"parent":1189,"menu_order":0,"comment_status":"closed","ping_status":"closed","template":"","meta":{"footnotes":""},"class_list":["post-3469","page","type-page","status-publish","hentry"],"yoast_head":"<!-- This site is optimized with the Yoast SEO plugin v27.5 - https:\/\/yoast.com\/product\/yoast-seo-wordpress\/ -->\n<title>Crear un acceso directo a Secre en el escritorio | Tutoriales de Secre<\/title>\n<meta name=\"robots\" content=\"index, follow, max-snippet:-1, max-image-preview:large, max-video-preview:-1\" \/>\n<link rel=\"canonical\" href=\"https:\/\/aplimedia.com\/tutoriales\/varios\/instalar-secre-nube\/\" \/>\n<meta property=\"og:locale\" content=\"es_ES\" \/>\n<meta property=\"og:type\" content=\"article\" \/>\n<meta property=\"og:title\" content=\"Crear un acceso directo a Secre en el escritorio | Tutoriales de Secre\" \/>\n<meta property=\"og:description\" content=\"Para acceder a Secre, simplemente tienes que abrir la siguiente p\u00e1gina en tu navegador e iniciar sesi\u00f3n con tu usuario y contrase\u00f1a: secrecloud.aplimedia.com Si quieres guardar un acceso directo a esta p\u00e1gina en tu escritorio, para que el acceso sea m\u00e1s r\u00e1pido y sencillo, puedes hacerlo desde tu navegador. Vamos a ver los pasos para [&hellip;]\" \/>\n<meta property=\"og:url\" content=\"https:\/\/aplimedia.com\/tutoriales\/varios\/instalar-secre-nube\/\" \/>\n<meta property=\"og:site_name\" content=\"Tutoriales de Secre\" \/>\n<meta property=\"article:modified_time\" content=\"2025-03-11T12:44:03+00:00\" \/>\n<meta property=\"og:image\" content=\"https:\/\/aplimedia.com\/tutoriales\/wp-content\/uploads\/2025\/03\/Captura-de-pantalla-2025-03-10-141032.jpg\" \/>\n\t<meta property=\"og:image:width\" content=\"1919\" \/>\n\t<meta property=\"og:image:height\" content=\"1029\" \/>\n\t<meta property=\"og:image:type\" content=\"image\/jpeg\" \/>\n<meta name=\"twitter:card\" content=\"summary_large_image\" \/>\n<meta name=\"twitter:label1\" content=\"Tiempo de lectura\" \/>\n\t<meta name=\"twitter:data1\" content=\"3 minutos\" \/>\n<script type=\"application\/ld+json\" class=\"yoast-schema-graph\">{\"@context\":\"https:\\\/\\\/schema.org\",\"@graph\":[{\"@type\":\"WebPage\",\"@id\":\"https:\\\/\\\/aplimedia.com\\\/tutoriales\\\/varios\\\/instalar-secre-nube\\\/\",\"url\":\"https:\\\/\\\/aplimedia.com\\\/tutoriales\\\/varios\\\/instalar-secre-nube\\\/\",\"name\":\"Crear un acceso directo a Secre en el escritorio | Tutoriales de Secre\",\"isPartOf\":{\"@id\":\"https:\\\/\\\/aplimedia.com\\\/tutoriales\\\/#website\"},\"primaryImageOfPage\":{\"@id\":\"https:\\\/\\\/aplimedia.com\\\/tutoriales\\\/varios\\\/instalar-secre-nube\\\/#primaryimage\"},\"image\":{\"@id\":\"https:\\\/\\\/aplimedia.com\\\/tutoriales\\\/varios\\\/instalar-secre-nube\\\/#primaryimage\"},\"thumbnailUrl\":\"https:\\\/\\\/aplimedia.com\\\/tutoriales\\\/wp-content\\\/uploads\\\/2025\\\/03\\\/Captura-de-pantalla-2025-03-10-141032.jpg\",\"datePublished\":\"2019-07-17T09:39:30+00:00\",\"dateModified\":\"2025-03-11T12:44:03+00:00\",\"breadcrumb\":{\"@id\":\"https:\\\/\\\/aplimedia.com\\\/tutoriales\\\/varios\\\/instalar-secre-nube\\\/#breadcrumb\"},\"inLanguage\":\"es\",\"potentialAction\":[{\"@type\":\"ReadAction\",\"target\":[\"https:\\\/\\\/aplimedia.com\\\/tutoriales\\\/varios\\\/instalar-secre-nube\\\/\"]}]},{\"@type\":\"ImageObject\",\"inLanguage\":\"es\",\"@id\":\"https:\\\/\\\/aplimedia.com\\\/tutoriales\\\/varios\\\/instalar-secre-nube\\\/#primaryimage\",\"url\":\"https:\\\/\\\/aplimedia.com\\\/tutoriales\\\/wp-content\\\/uploads\\\/2025\\\/03\\\/Captura-de-pantalla-2025-03-10-141032.jpg\",\"contentUrl\":\"https:\\\/\\\/aplimedia.com\\\/tutoriales\\\/wp-content\\\/uploads\\\/2025\\\/03\\\/Captura-de-pantalla-2025-03-10-141032.jpg\",\"width\":1919,\"height\":1029},{\"@type\":\"BreadcrumbList\",\"@id\":\"https:\\\/\\\/aplimedia.com\\\/tutoriales\\\/varios\\\/instalar-secre-nube\\\/#breadcrumb\",\"itemListElement\":[{\"@type\":\"ListItem\",\"position\":1,\"name\":\"Tutoriales\",\"item\":\"https:\\\/\\\/aplimedia.com\\\/tutoriales\\\/\"},{\"@type\":\"ListItem\",\"position\":2,\"name\":\"Varios\",\"item\":\"https:\\\/\\\/aplimedia.com\\\/tutoriales\\\/varios\\\/\"},{\"@type\":\"ListItem\",\"position\":3,\"name\":\"Crear un acceso directo a Secre en el escritorio\"}]},{\"@type\":\"WebSite\",\"@id\":\"https:\\\/\\\/aplimedia.com\\\/tutoriales\\\/#website\",\"url\":\"https:\\\/\\\/aplimedia.com\\\/tutoriales\\\/\",\"name\":\"Tutoriales de Secre\",\"description\":\"Tutoriales del software de gesti\u00f3n Secre\",\"publisher\":{\"@id\":\"https:\\\/\\\/aplimedia.com\\\/tutoriales\\\/#organization\"},\"potentialAction\":[{\"@type\":\"SearchAction\",\"target\":{\"@type\":\"EntryPoint\",\"urlTemplate\":\"https:\\\/\\\/aplimedia.com\\\/tutoriales\\\/?s={search_term_string}\"},\"query-input\":{\"@type\":\"PropertyValueSpecification\",\"valueRequired\":true,\"valueName\":\"search_term_string\"}}],\"inLanguage\":\"es\"},{\"@type\":\"Organization\",\"@id\":\"https:\\\/\\\/aplimedia.com\\\/tutoriales\\\/#organization\",\"name\":\"Tutoriales de Secre\",\"url\":\"https:\\\/\\\/aplimedia.com\\\/tutoriales\\\/\",\"logo\":{\"@type\":\"ImageObject\",\"inLanguage\":\"es\",\"@id\":\"https:\\\/\\\/aplimedia.com\\\/tutoriales\\\/#\\\/schema\\\/logo\\\/image\\\/\",\"url\":\"https:\\\/\\\/aplimedia.com\\\/tutoriales\\\/wp-content\\\/uploads\\\/2022\\\/03\\\/cropped-logotipo-aplimedia.png\",\"contentUrl\":\"https:\\\/\\\/aplimedia.com\\\/tutoriales\\\/wp-content\\\/uploads\\\/2022\\\/03\\\/cropped-logotipo-aplimedia.png\",\"width\":2000,\"height\":658,\"caption\":\"Tutoriales de Secre\"},\"image\":{\"@id\":\"https:\\\/\\\/aplimedia.com\\\/tutoriales\\\/#\\\/schema\\\/logo\\\/image\\\/\"}}]}<\/script>\n<!-- \/ Yoast SEO plugin. -->","yoast_head_json":{"title":"Crear un acceso directo a Secre en el escritorio | Tutoriales de Secre","robots":{"index":"index","follow":"follow","max-snippet":"max-snippet:-1","max-image-preview":"max-image-preview:large","max-video-preview":"max-video-preview:-1"},"canonical":"https:\/\/aplimedia.com\/tutoriales\/varios\/instalar-secre-nube\/","og_locale":"es_ES","og_type":"article","og_title":"Crear un acceso directo a Secre en el escritorio | Tutoriales de Secre","og_description":"Para acceder a Secre, simplemente tienes que abrir la siguiente p\u00e1gina en tu navegador e iniciar sesi\u00f3n con tu usuario y contrase\u00f1a: secrecloud.aplimedia.com Si quieres guardar un acceso directo a esta p\u00e1gina en tu escritorio, para que el acceso sea m\u00e1s r\u00e1pido y sencillo, puedes hacerlo desde tu navegador. Vamos a ver los pasos para [&hellip;]","og_url":"https:\/\/aplimedia.com\/tutoriales\/varios\/instalar-secre-nube\/","og_site_name":"Tutoriales de Secre","article_modified_time":"2025-03-11T12:44:03+00:00","og_image":[{"width":1919,"height":1029,"url":"https:\/\/aplimedia.com\/tutoriales\/wp-content\/uploads\/2025\/03\/Captura-de-pantalla-2025-03-10-141032.jpg","type":"image\/jpeg"}],"twitter_card":"summary_large_image","twitter_misc":{"Tiempo de lectura":"3 minutos"},"schema":{"@context":"https:\/\/schema.org","@graph":[{"@type":"WebPage","@id":"https:\/\/aplimedia.com\/tutoriales\/varios\/instalar-secre-nube\/","url":"https:\/\/aplimedia.com\/tutoriales\/varios\/instalar-secre-nube\/","name":"Crear un acceso directo a Secre en el escritorio | Tutoriales de Secre","isPartOf":{"@id":"https:\/\/aplimedia.com\/tutoriales\/#website"},"primaryImageOfPage":{"@id":"https:\/\/aplimedia.com\/tutoriales\/varios\/instalar-secre-nube\/#primaryimage"},"image":{"@id":"https:\/\/aplimedia.com\/tutoriales\/varios\/instalar-secre-nube\/#primaryimage"},"thumbnailUrl":"https:\/\/aplimedia.com\/tutoriales\/wp-content\/uploads\/2025\/03\/Captura-de-pantalla-2025-03-10-141032.jpg","datePublished":"2019-07-17T09:39:30+00:00","dateModified":"2025-03-11T12:44:03+00:00","breadcrumb":{"@id":"https:\/\/aplimedia.com\/tutoriales\/varios\/instalar-secre-nube\/#breadcrumb"},"inLanguage":"es","potentialAction":[{"@type":"ReadAction","target":["https:\/\/aplimedia.com\/tutoriales\/varios\/instalar-secre-nube\/"]}]},{"@type":"ImageObject","inLanguage":"es","@id":"https:\/\/aplimedia.com\/tutoriales\/varios\/instalar-secre-nube\/#primaryimage","url":"https:\/\/aplimedia.com\/tutoriales\/wp-content\/uploads\/2025\/03\/Captura-de-pantalla-2025-03-10-141032.jpg","contentUrl":"https:\/\/aplimedia.com\/tutoriales\/wp-content\/uploads\/2025\/03\/Captura-de-pantalla-2025-03-10-141032.jpg","width":1919,"height":1029},{"@type":"BreadcrumbList","@id":"https:\/\/aplimedia.com\/tutoriales\/varios\/instalar-secre-nube\/#breadcrumb","itemListElement":[{"@type":"ListItem","position":1,"name":"Tutoriales","item":"https:\/\/aplimedia.com\/tutoriales\/"},{"@type":"ListItem","position":2,"name":"Varios","item":"https:\/\/aplimedia.com\/tutoriales\/varios\/"},{"@type":"ListItem","position":3,"name":"Crear un acceso directo a Secre en el escritorio"}]},{"@type":"WebSite","@id":"https:\/\/aplimedia.com\/tutoriales\/#website","url":"https:\/\/aplimedia.com\/tutoriales\/","name":"Tutoriales de Secre","description":"Tutoriales del software de gesti\u00f3n Secre","publisher":{"@id":"https:\/\/aplimedia.com\/tutoriales\/#organization"},"potentialAction":[{"@type":"SearchAction","target":{"@type":"EntryPoint","urlTemplate":"https:\/\/aplimedia.com\/tutoriales\/?s={search_term_string}"},"query-input":{"@type":"PropertyValueSpecification","valueRequired":true,"valueName":"search_term_string"}}],"inLanguage":"es"},{"@type":"Organization","@id":"https:\/\/aplimedia.com\/tutoriales\/#organization","name":"Tutoriales de Secre","url":"https:\/\/aplimedia.com\/tutoriales\/","logo":{"@type":"ImageObject","inLanguage":"es","@id":"https:\/\/aplimedia.com\/tutoriales\/#\/schema\/logo\/image\/","url":"https:\/\/aplimedia.com\/tutoriales\/wp-content\/uploads\/2022\/03\/cropped-logotipo-aplimedia.png","contentUrl":"https:\/\/aplimedia.com\/tutoriales\/wp-content\/uploads\/2022\/03\/cropped-logotipo-aplimedia.png","width":2000,"height":658,"caption":"Tutoriales de Secre"},"image":{"@id":"https:\/\/aplimedia.com\/tutoriales\/#\/schema\/logo\/image\/"}}]}},"_links":{"self":[{"href":"https:\/\/aplimedia.com\/tutoriales\/wp-json\/wp\/v2\/pages\/3469","targetHints":{"allow":["GET"]}}],"collection":[{"href":"https:\/\/aplimedia.com\/tutoriales\/wp-json\/wp\/v2\/pages"}],"about":[{"href":"https:\/\/aplimedia.com\/tutoriales\/wp-json\/wp\/v2\/types\/page"}],"author":[{"embeddable":true,"href":"https:\/\/aplimedia.com\/tutoriales\/wp-json\/wp\/v2\/users\/1"}],"replies":[{"embeddable":true,"href":"https:\/\/aplimedia.com\/tutoriales\/wp-json\/wp\/v2\/comments?post=3469"}],"version-history":[{"count":0,"href":"https:\/\/aplimedia.com\/tutoriales\/wp-json\/wp\/v2\/pages\/3469\/revisions"}],"up":[{"embeddable":true,"href":"https:\/\/aplimedia.com\/tutoriales\/wp-json\/wp\/v2\/pages\/1189"}],"wp:attachment":[{"href":"https:\/\/aplimedia.com\/tutoriales\/wp-json\/wp\/v2\/media?parent=3469"}],"curies":[{"name":"wp","href":"https:\/\/api.w.org\/{rel}","templated":true}]}}