{"id":3071,"date":"2019-04-17T10:26:47","date_gmt":"2019-04-17T10:26:47","guid":{"rendered":"https:\/\/aplimedia.com\/tutoriales\/?page_id=3071"},"modified":"2025-03-13T16:04:34","modified_gmt":"2025-03-13T16:04:34","slug":"modulo-dimensiones","status":"publish","type":"page","link":"https:\/\/aplimedia.com\/tutoriales\/articulos-stock-almacen\/modulo-dimensiones\/","title":{"rendered":"Trabajar con el m\u00f3dulo de dimensiones"},"content":{"rendered":"\t\t<div data-elementor-type=\"wp-post\" data-elementor-id=\"3071\" class=\"elementor elementor-3071\" data-elementor-post-type=\"page\">\n\t\t\t\t\t\t<section class=\"elementor-section elementor-top-section elementor-element elementor-element-50d5a7ad elementor-section-stretched elementor-section-boxed elementor-section-height-default elementor-section-height-default\" data-id=\"50d5a7ad\" data-element_type=\"section\" data-e-type=\"section\" data-settings=\"{&quot;stretch_section&quot;:&quot;section-stretched&quot;}\">\n\t\t\t\t\t\t<div class=\"elementor-container elementor-column-gap-default\">\n\t\t\t\t\t<div class=\"elementor-column elementor-col-100 elementor-top-column elementor-element elementor-element-177d4986\" data-id=\"177d4986\" data-element_type=\"column\" data-e-type=\"column\">\n\t\t\t<div class=\"elementor-widget-wrap elementor-element-populated\">\n\t\t\t\t\t\t<div class=\"elementor-element elementor-element-7f6d4f4c elementor-widget elementor-widget-text-editor\" data-id=\"7f6d4f4c\" data-element_type=\"widget\" data-e-type=\"widget\" data-widget_type=\"text-editor.default\">\n\t\t\t\t<div class=\"elementor-widget-container\">\n\t\t\t\t\t\t\t\t\t<p>Secre permite trabajar con dimensiones de largo, ancho y grueso.<\/p><p>Esta opci\u00f3n est\u00e1 pensada para empresas de sectores como, por ejemplo, la madera, cristaler\u00eda, etc.<\/p><p>Por defecto, esta utilidad no est\u00e1 activada en Secre. Vamos a ver c\u00f3mo activarla y c\u00f3mo trabajar con dimensiones.<\/p>\t\t\t\t\t\t\t\t<\/div>\n\t\t\t\t<\/div>\n\t\t\t\t<div class=\"elementor-element elementor-element-4f933215 elementor-widget elementor-widget-spacer\" data-id=\"4f933215\" data-element_type=\"widget\" data-e-type=\"widget\" data-widget_type=\"spacer.default\">\n\t\t\t\t<div class=\"elementor-widget-container\">\n\t\t\t\t\t\t\t<div class=\"elementor-spacer\">\n\t\t\t<div class=\"elementor-spacer-inner\"><\/div>\n\t\t<\/div>\n\t\t\t\t\t\t<\/div>\n\t\t\t\t<\/div>\n\t\t\t\t<div class=\"elementor-element elementor-element-2327323f elementor-widget elementor-widget-heading\" data-id=\"2327323f\" data-element_type=\"widget\" data-e-type=\"widget\" data-widget_type=\"heading.default\">\n\t\t\t\t<div class=\"elementor-widget-container\">\n\t\t\t\t\t<h2 class=\"elementor-heading-title elementor-size-default\">Activar dimensiones:<\/h2>\t\t\t\t<\/div>\n\t\t\t\t<\/div>\n\t\t\t\t<div class=\"elementor-element elementor-element-1dc94a49 elementor-widget elementor-widget-text-editor\" data-id=\"1dc94a49\" data-element_type=\"widget\" data-e-type=\"widget\" data-widget_type=\"text-editor.default\">\n\t\t\t\t<div class=\"elementor-widget-container\">\n\t\t\t\t\t\t\t\t\t<p>Para poder trabajar con dimensiones el primer paso es activar esta opci\u00f3n.<\/p>\n<p>Para ello, desde la pantalla principal de Secre, ve a <strong>Herramientas&gt;Par\u00e1metros y Valores por defecto<\/strong>.&nbsp;<\/p>\n<p>Sit\u00faate en la pesta\u00f1a <b>Opciones Generales <\/b>y, en el apartado <b>M\u00f3dulos opcionales <\/b>marca la casilla del m\u00f3dulo <b>Dimensiones<\/b>.&nbsp;<\/p>\n<p>Despu\u00e9s, guarda los cambios con el disquette, cierra Secre del todo y vuelve a acceder.<\/p><p>Ahora ya tendr\u00e1s activadas las dimensiones.<\/p>\t\t\t\t\t\t\t\t<\/div>\n\t\t\t\t<\/div>\n\t\t\t\t<section class=\"elementor-section elementor-inner-section elementor-element elementor-element-6c85b406 elementor-section-boxed elementor-section-height-default elementor-section-height-default\" data-id=\"6c85b406\" data-element_type=\"section\" data-e-type=\"section\">\n\t\t\t\t\t\t<div class=\"elementor-container elementor-column-gap-default\">\n\t\t\t\t\t<div class=\"elementor-column elementor-col-100 elementor-inner-column elementor-element elementor-element-4c4b15f9\" data-id=\"4c4b15f9\" data-element_type=\"column\" data-e-type=\"column\">\n\t\t\t<div class=\"elementor-widget-wrap elementor-element-populated\">\n\t\t\t\t\t\t<div class=\"elementor-element elementor-element-15d46048 elementor-widget elementor-widget-image\" data-id=\"15d46048\" data-element_type=\"widget\" data-e-type=\"widget\" data-widget_type=\"image.default\">\n\t\t\t\t<div class=\"elementor-widget-container\">\n\t\t\t\t\t\t\t\t\t\t\t\t\t\t\t\t<a href=\"https:\/\/aplimedia.com\/tutoriales\/wp-content\/uploads\/2024\/01\/activardimensiones.gif\" data-elementor-open-lightbox=\"yes\" data-elementor-lightbox-title=\"activardimensiones\" data-e-action-hash=\"#elementor-action%3Aaction%3Dlightbox%26settings%3DeyJpZCI6NzA2NSwidXJsIjoiaHR0cHM6XC9cL2FwbGltZWRpYS5jb21cL3R1dG9yaWFsZXNcL3dwLWNvbnRlbnRcL3VwbG9hZHNcLzIwMjRcLzAxXC9hY3RpdmFyZGltZW5zaW9uZXMuZ2lmIn0%3D\">\n\t\t\t\t\t\t\t<img fetchpriority=\"high\" decoding=\"async\" width=\"1901\" height=\"874\" src=\"https:\/\/aplimedia.com\/tutoriales\/wp-content\/uploads\/2024\/01\/activardimensiones.gif\" class=\"attachment-full size-full wp-image-7065\" alt=\"\" \/>\t\t\t\t\t\t\t\t<\/a>\n\t\t\t\t\t\t\t\t\t\t\t\t\t\t\t<\/div>\n\t\t\t\t<\/div>\n\t\t\t\t\t<\/div>\n\t\t<\/div>\n\t\t\t\t\t<\/div>\n\t\t<\/section>\n\t\t\t\t<div class=\"elementor-element elementor-element-18d89ecf elementor-widget elementor-widget-spacer\" data-id=\"18d89ecf\" data-element_type=\"widget\" data-e-type=\"widget\" data-widget_type=\"spacer.default\">\n\t\t\t\t<div class=\"elementor-widget-container\">\n\t\t\t\t\t\t\t<div class=\"elementor-spacer\">\n\t\t\t<div class=\"elementor-spacer-inner\"><\/div>\n\t\t<\/div>\n\t\t\t\t\t\t<\/div>\n\t\t\t\t<\/div>\n\t\t\t\t<div class=\"elementor-element elementor-element-ba88f3f elementor-widget elementor-widget-spacer\" data-id=\"ba88f3f\" data-element_type=\"widget\" data-e-type=\"widget\" data-widget_type=\"spacer.default\">\n\t\t\t\t<div class=\"elementor-widget-container\">\n\t\t\t\t\t\t\t<div class=\"elementor-spacer\">\n\t\t\t<div class=\"elementor-spacer-inner\"><\/div>\n\t\t<\/div>\n\t\t\t\t\t\t<\/div>\n\t\t\t\t<\/div>\n\t\t\t\t<div class=\"elementor-element elementor-element-7a0916a elementor-widget elementor-widget-heading\" data-id=\"7a0916a\" data-element_type=\"widget\" data-e-type=\"widget\" data-widget_type=\"heading.default\">\n\t\t\t\t<div class=\"elementor-widget-container\">\n\t\t\t\t\t<h2 class=\"elementor-heading-title elementor-size-default\">Dimensiones en Art\u00edculos:<\/h2>\t\t\t\t<\/div>\n\t\t\t\t<\/div>\n\t\t\t\t<div class=\"elementor-element elementor-element-174f781 elementor-widget elementor-widget-text-editor\" data-id=\"174f781\" data-element_type=\"widget\" data-e-type=\"widget\" data-widget_type=\"text-editor.default\">\n\t\t\t\t<div class=\"elementor-widget-container\">\n\t\t\t\t\t\t\t\t\t<p>Ahora que ya hemos activado esta opci\u00f3n, podremos trabajar con dimensiones a la hora de crear nuevos art\u00edculos.\u00a0<\/p><p>Concretamente, ver\u00e1s que ahora puedes introducir<b> Largo, Ancho y Grueso<\/b> y que tambi\u00e9n tienes un campo llamado <b>Dimensi\u00f3n\u00a0<\/b>que es el que va a determinar c\u00f3mo se va\u00a0 a calcular el precio del art\u00edculo en cuesti\u00f3n.\u00a0<\/p>\t\t\t\t\t\t\t\t<\/div>\n\t\t\t\t<\/div>\n\t\t\t\t<div class=\"elementor-element elementor-element-e7e6a8f elementor-widget elementor-widget-image\" data-id=\"e7e6a8f\" data-element_type=\"widget\" data-e-type=\"widget\" data-widget_type=\"image.default\">\n\t\t\t\t<div class=\"elementor-widget-container\">\n\t\t\t\t\t\t\t\t\t\t\t\t\t\t\t\t<a href=\"https:\/\/aplimedia.com\/tutoriales\/wp-content\/uploads\/2019\/04\/modulodimensiones.jpg\" data-elementor-open-lightbox=\"yes\" data-elementor-lightbox-title=\"modulodimensiones\" data-e-action-hash=\"#elementor-action%3Aaction%3Dlightbox%26settings%3DeyJpZCI6MzA3NCwidXJsIjoiaHR0cHM6XC9cL2FwbGltZWRpYS5jb21cL3R1dG9yaWFsZXNcL3dwLWNvbnRlbnRcL3VwbG9hZHNcLzIwMTlcLzA0XC9tb2R1bG9kaW1lbnNpb25lcy5qcGcifQ%3D%3D\">\n\t\t\t\t\t\t\t<img decoding=\"async\" width=\"1920\" height=\"869\" src=\"https:\/\/aplimedia.com\/tutoriales\/wp-content\/uploads\/2019\/04\/modulodimensiones.jpg\" class=\"attachment-full size-full wp-image-3074\" alt=\"\" srcset=\"https:\/\/aplimedia.com\/tutoriales\/wp-content\/uploads\/2019\/04\/modulodimensiones.jpg 1920w, https:\/\/aplimedia.com\/tutoriales\/wp-content\/uploads\/2019\/04\/modulodimensiones-300x136.jpg 300w, https:\/\/aplimedia.com\/tutoriales\/wp-content\/uploads\/2019\/04\/modulodimensiones-768x348.jpg 768w, https:\/\/aplimedia.com\/tutoriales\/wp-content\/uploads\/2019\/04\/modulodimensiones-1024x463.jpg 1024w\" sizes=\"(max-width: 1920px) 100vw, 1920px\" \/>\t\t\t\t\t\t\t\t<\/a>\n\t\t\t\t\t\t\t\t\t\t\t\t\t\t\t<\/div>\n\t\t\t\t<\/div>\n\t\t\t\t<div class=\"elementor-element elementor-element-400c8bb elementor-widget elementor-widget-text-editor\" data-id=\"400c8bb\" data-element_type=\"widget\" data-e-type=\"widget\" data-widget_type=\"text-editor.default\">\n\t\t\t\t<div class=\"elementor-widget-container\">\n\t\t\t\t\t\t\t\t\t<p>Las distintas opciones que tenemos para hacer ese c\u00e1lculo en base a la dimensi\u00f3n son:<\/p><ul><li><strong>1 Dim (Cantidad)<\/strong>: si escoges esta opci\u00f3n el precio de este art\u00edculo se calcular\u00e1 de la forma habitual, es decir, el <strong>precio multiplicado por la cantidad<\/strong>. Puedes introducir datos de largo, ancho y grueso a t\u00edtulo informativo, pero no influenciar\u00e1n el c\u00e1lculo del precio.<\/li><li><strong>2 Dim (cant x a)<\/strong>: con esta opci\u00f3n el precio se calcular\u00e1 teniendo en cuenta el largo. Har\u00e1 el c\u00e1lculo multiplicando la <strong>cantidad<\/strong> <strong>por el Largo<\/strong> y<strong> por el precio<\/strong>.<\/li><li><strong>3 Dim (cant x a x b)<\/strong>: si escogemos esta opci\u00f3n el c\u00e1lculo se realizar\u00e1 multiplicando la <strong>cantidad por el largo, por el ancho<\/strong> y esto <strong>por el precio<\/strong>.<\/li><li><strong>4 Dim (cant a x b x c)<\/strong>: esta opci\u00f3n utiliza las tres dimensiones para hacer el c\u00e1lculo. Multiplica la <strong>cantidad por largo, por ancho y por grueso<\/strong>, y esto <strong>por el precio<\/strong>.<\/li><\/ul>\t\t\t\t\t\t\t\t<\/div>\n\t\t\t\t<\/div>\n\t\t\t\t<div class=\"elementor-element elementor-element-1682fb3 elementor-widget elementor-widget-text-editor\" data-id=\"1682fb3\" data-element_type=\"widget\" data-e-type=\"widget\" data-widget_type=\"text-editor.default\">\n\t\t\t\t<div class=\"elementor-widget-container\">\n\t\t\t\t\t\t\t\t\t<p>Una vez ya hayas escogido la opci\u00f3n de Dimensi\u00f3n que te interesa para realizar el c\u00e1lculo del precio del art\u00edculo, <b>si realizas una venta del art\u00edculo<\/b> en cuesti\u00f3n ver\u00e1s que tienes tres campos extra para modificar las dimensiones y que, dependiendo de la cantidad, el precio de la l\u00ednea se calcular\u00e1 con la opci\u00f3n que hayas escogido.\u00a0<\/p><p>Por ejemplo, en este caso en el que he escogido la opci\u00f3n de dimensi\u00f3n 3, me ha calculado el precio de la l\u00ednea multiplicando la cantidad (3) por el largo (2), por el ancho (2) y por el precio (3,60), lo que ha dado un total de 43,20\u20ac:<\/p>\t\t\t\t\t\t\t\t<\/div>\n\t\t\t\t<\/div>\n\t\t\t\t<div class=\"elementor-element elementor-element-3ca39da elementor-widget elementor-widget-image\" data-id=\"3ca39da\" data-element_type=\"widget\" data-e-type=\"widget\" data-widget_type=\"image.default\">\n\t\t\t\t<div class=\"elementor-widget-container\">\n\t\t\t\t\t\t\t\t\t\t\t\t\t\t\t\t<a href=\"https:\/\/aplimedia.com\/tutoriales\/wp-content\/uploads\/2019\/04\/modulodimensiones1.jpg\" data-elementor-open-lightbox=\"yes\" data-elementor-lightbox-title=\"modulodimensiones1\" data-e-action-hash=\"#elementor-action%3Aaction%3Dlightbox%26settings%3DeyJpZCI6MzA3NSwidXJsIjoiaHR0cHM6XC9cL2FwbGltZWRpYS5jb21cL3R1dG9yaWFsZXNcL3dwLWNvbnRlbnRcL3VwbG9hZHNcLzIwMTlcLzA0XC9tb2R1bG9kaW1lbnNpb25lczEuanBnIn0%3D\">\n\t\t\t\t\t\t\t<img decoding=\"async\" width=\"1906\" height=\"393\" src=\"https:\/\/aplimedia.com\/tutoriales\/wp-content\/uploads\/2019\/04\/modulodimensiones1.jpg\" class=\"attachment-full size-full wp-image-3075\" alt=\"\" srcset=\"https:\/\/aplimedia.com\/tutoriales\/wp-content\/uploads\/2019\/04\/modulodimensiones1.jpg 1906w, https:\/\/aplimedia.com\/tutoriales\/wp-content\/uploads\/2019\/04\/modulodimensiones1-300x62.jpg 300w, https:\/\/aplimedia.com\/tutoriales\/wp-content\/uploads\/2019\/04\/modulodimensiones1-768x158.jpg 768w, https:\/\/aplimedia.com\/tutoriales\/wp-content\/uploads\/2019\/04\/modulodimensiones1-1024x211.jpg 1024w\" sizes=\"(max-width: 1906px) 100vw, 1906px\" \/>\t\t\t\t\t\t\t\t<\/a>\n\t\t\t\t\t\t\t\t\t\t\t\t\t\t\t<\/div>\n\t\t\t\t<\/div>\n\t\t\t\t<div class=\"elementor-element elementor-element-28d5b4a elementor-widget elementor-widget-spacer\" data-id=\"28d5b4a\" data-element_type=\"widget\" data-e-type=\"widget\" data-widget_type=\"spacer.default\">\n\t\t\t\t<div class=\"elementor-widget-container\">\n\t\t\t\t\t\t\t<div class=\"elementor-spacer\">\n\t\t\t<div class=\"elementor-spacer-inner\"><\/div>\n\t\t<\/div>\n\t\t\t\t\t\t<\/div>\n\t\t\t\t<\/div>\n\t\t\t\t\t<\/div>\n\t\t<\/div>\n\t\t\t\t\t<\/div>\n\t\t<\/section>\n\t\t\t\t<\/div>\n\t\t","protected":false},"excerpt":{"rendered":"<p>Secre permite trabajar con dimensiones de largo, ancho y grueso. Esta opci\u00f3n est\u00e1 pensada para empresas de sectores como, por ejemplo, la madera, cristaler\u00eda, etc. Por defecto, esta utilidad no est\u00e1 activada en Secre. Vamos a ver c\u00f3mo activarla y c\u00f3mo trabajar con dimensiones. Activar dimensiones: Para poder trabajar con dimensiones el primer paso es [&hellip;]<\/p>\n","protected":false},"author":1,"featured_media":0,"parent":1776,"menu_order":0,"comment_status":"closed","ping_status":"closed","template":"","meta":{"footnotes":""},"class_list":["post-3071","page","type-page","status-publish","hentry"],"yoast_head":"<!-- This site is optimized with the Yoast SEO plugin v27.5 - https:\/\/yoast.com\/product\/yoast-seo-wordpress\/ -->\n<title>Trabajar con el m\u00f3dulo de dimensiones | Tutoriales de Secre<\/title>\n<meta name=\"robots\" content=\"index, follow, max-snippet:-1, max-image-preview:large, max-video-preview:-1\" \/>\n<link rel=\"canonical\" href=\"https:\/\/aplimedia.com\/tutoriales\/articulos-stock-almacen\/modulo-dimensiones\/\" \/>\n<meta property=\"og:locale\" content=\"es_ES\" \/>\n<meta property=\"og:type\" content=\"article\" \/>\n<meta property=\"og:title\" content=\"Trabajar con el m\u00f3dulo de dimensiones | Tutoriales de Secre\" \/>\n<meta property=\"og:description\" content=\"Secre permite trabajar con dimensiones de largo, ancho y grueso. Esta opci\u00f3n est\u00e1 pensada para empresas de sectores como, por ejemplo, la madera, cristaler\u00eda, etc. Por defecto, esta utilidad no est\u00e1 activada en Secre. Vamos a ver c\u00f3mo activarla y c\u00f3mo trabajar con dimensiones. Activar dimensiones: Para poder trabajar con dimensiones el primer paso es [&hellip;]\" \/>\n<meta property=\"og:url\" content=\"https:\/\/aplimedia.com\/tutoriales\/articulos-stock-almacen\/modulo-dimensiones\/\" \/>\n<meta property=\"og:site_name\" content=\"Tutoriales de Secre\" \/>\n<meta property=\"article:modified_time\" content=\"2025-03-13T16:04:34+00:00\" \/>\n<meta property=\"og:image\" content=\"https:\/\/aplimedia.com\/tutoriales\/wp-content\/uploads\/2024\/01\/activardimensiones.gif\" \/>\n\t<meta property=\"og:image:width\" content=\"1901\" \/>\n\t<meta property=\"og:image:height\" content=\"874\" \/>\n\t<meta property=\"og:image:type\" content=\"image\/gif\" \/>\n<meta name=\"twitter:card\" content=\"summary_large_image\" \/>\n<meta name=\"twitter:label1\" content=\"Tiempo de lectura\" \/>\n\t<meta name=\"twitter:data1\" content=\"3 minutos\" \/>\n<script type=\"application\/ld+json\" class=\"yoast-schema-graph\">{\"@context\":\"https:\\\/\\\/schema.org\",\"@graph\":[{\"@type\":\"WebPage\",\"@id\":\"https:\\\/\\\/aplimedia.com\\\/tutoriales\\\/articulos-stock-almacen\\\/modulo-dimensiones\\\/\",\"url\":\"https:\\\/\\\/aplimedia.com\\\/tutoriales\\\/articulos-stock-almacen\\\/modulo-dimensiones\\\/\",\"name\":\"Trabajar con el m\u00f3dulo de dimensiones | Tutoriales de Secre\",\"isPartOf\":{\"@id\":\"https:\\\/\\\/aplimedia.com\\\/tutoriales\\\/#website\"},\"primaryImageOfPage\":{\"@id\":\"https:\\\/\\\/aplimedia.com\\\/tutoriales\\\/articulos-stock-almacen\\\/modulo-dimensiones\\\/#primaryimage\"},\"image\":{\"@id\":\"https:\\\/\\\/aplimedia.com\\\/tutoriales\\\/articulos-stock-almacen\\\/modulo-dimensiones\\\/#primaryimage\"},\"thumbnailUrl\":\"https:\\\/\\\/aplimedia.com\\\/tutoriales\\\/wp-content\\\/uploads\\\/2024\\\/01\\\/activardimensiones.gif\",\"datePublished\":\"2019-04-17T10:26:47+00:00\",\"dateModified\":\"2025-03-13T16:04:34+00:00\",\"breadcrumb\":{\"@id\":\"https:\\\/\\\/aplimedia.com\\\/tutoriales\\\/articulos-stock-almacen\\\/modulo-dimensiones\\\/#breadcrumb\"},\"inLanguage\":\"es\",\"potentialAction\":[{\"@type\":\"ReadAction\",\"target\":[\"https:\\\/\\\/aplimedia.com\\\/tutoriales\\\/articulos-stock-almacen\\\/modulo-dimensiones\\\/\"]}]},{\"@type\":\"ImageObject\",\"inLanguage\":\"es\",\"@id\":\"https:\\\/\\\/aplimedia.com\\\/tutoriales\\\/articulos-stock-almacen\\\/modulo-dimensiones\\\/#primaryimage\",\"url\":\"https:\\\/\\\/aplimedia.com\\\/tutoriales\\\/wp-content\\\/uploads\\\/2024\\\/01\\\/activardimensiones.gif\",\"contentUrl\":\"https:\\\/\\\/aplimedia.com\\\/tutoriales\\\/wp-content\\\/uploads\\\/2024\\\/01\\\/activardimensiones.gif\"},{\"@type\":\"BreadcrumbList\",\"@id\":\"https:\\\/\\\/aplimedia.com\\\/tutoriales\\\/articulos-stock-almacen\\\/modulo-dimensiones\\\/#breadcrumb\",\"itemListElement\":[{\"@type\":\"ListItem\",\"position\":1,\"name\":\"Tutoriales\",\"item\":\"https:\\\/\\\/aplimedia.com\\\/tutoriales\\\/\"},{\"@type\":\"ListItem\",\"position\":2,\"name\":\"Art\u00edculos, servicios, stock y almac\u00e9n\",\"item\":\"https:\\\/\\\/aplimedia.com\\\/tutoriales\\\/articulos-stock-almacen\\\/\"},{\"@type\":\"ListItem\",\"position\":3,\"name\":\"Trabajar con el m\u00f3dulo de dimensiones\"}]},{\"@type\":\"WebSite\",\"@id\":\"https:\\\/\\\/aplimedia.com\\\/tutoriales\\\/#website\",\"url\":\"https:\\\/\\\/aplimedia.com\\\/tutoriales\\\/\",\"name\":\"Tutoriales de Secre\",\"description\":\"Tutoriales del software de gesti\u00f3n Secre\",\"publisher\":{\"@id\":\"https:\\\/\\\/aplimedia.com\\\/tutoriales\\\/#organization\"},\"potentialAction\":[{\"@type\":\"SearchAction\",\"target\":{\"@type\":\"EntryPoint\",\"urlTemplate\":\"https:\\\/\\\/aplimedia.com\\\/tutoriales\\\/?s={search_term_string}\"},\"query-input\":{\"@type\":\"PropertyValueSpecification\",\"valueRequired\":true,\"valueName\":\"search_term_string\"}}],\"inLanguage\":\"es\"},{\"@type\":\"Organization\",\"@id\":\"https:\\\/\\\/aplimedia.com\\\/tutoriales\\\/#organization\",\"name\":\"Tutoriales de Secre\",\"url\":\"https:\\\/\\\/aplimedia.com\\\/tutoriales\\\/\",\"logo\":{\"@type\":\"ImageObject\",\"inLanguage\":\"es\",\"@id\":\"https:\\\/\\\/aplimedia.com\\\/tutoriales\\\/#\\\/schema\\\/logo\\\/image\\\/\",\"url\":\"https:\\\/\\\/aplimedia.com\\\/tutoriales\\\/wp-content\\\/uploads\\\/2022\\\/03\\\/cropped-logotipo-aplimedia.png\",\"contentUrl\":\"https:\\\/\\\/aplimedia.com\\\/tutoriales\\\/wp-content\\\/uploads\\\/2022\\\/03\\\/cropped-logotipo-aplimedia.png\",\"width\":2000,\"height\":658,\"caption\":\"Tutoriales de Secre\"},\"image\":{\"@id\":\"https:\\\/\\\/aplimedia.com\\\/tutoriales\\\/#\\\/schema\\\/logo\\\/image\\\/\"}}]}<\/script>\n<!-- \/ Yoast SEO plugin. -->","yoast_head_json":{"title":"Trabajar con el m\u00f3dulo de dimensiones | Tutoriales de Secre","robots":{"index":"index","follow":"follow","max-snippet":"max-snippet:-1","max-image-preview":"max-image-preview:large","max-video-preview":"max-video-preview:-1"},"canonical":"https:\/\/aplimedia.com\/tutoriales\/articulos-stock-almacen\/modulo-dimensiones\/","og_locale":"es_ES","og_type":"article","og_title":"Trabajar con el m\u00f3dulo de dimensiones | Tutoriales de Secre","og_description":"Secre permite trabajar con dimensiones de largo, ancho y grueso. Esta opci\u00f3n est\u00e1 pensada para empresas de sectores como, por ejemplo, la madera, cristaler\u00eda, etc. Por defecto, esta utilidad no est\u00e1 activada en Secre. Vamos a ver c\u00f3mo activarla y c\u00f3mo trabajar con dimensiones. Activar dimensiones: Para poder trabajar con dimensiones el primer paso es [&hellip;]","og_url":"https:\/\/aplimedia.com\/tutoriales\/articulos-stock-almacen\/modulo-dimensiones\/","og_site_name":"Tutoriales de Secre","article_modified_time":"2025-03-13T16:04:34+00:00","og_image":[{"width":1901,"height":874,"url":"https:\/\/aplimedia.com\/tutoriales\/wp-content\/uploads\/2024\/01\/activardimensiones.gif","type":"image\/gif"}],"twitter_card":"summary_large_image","twitter_misc":{"Tiempo de lectura":"3 minutos"},"schema":{"@context":"https:\/\/schema.org","@graph":[{"@type":"WebPage","@id":"https:\/\/aplimedia.com\/tutoriales\/articulos-stock-almacen\/modulo-dimensiones\/","url":"https:\/\/aplimedia.com\/tutoriales\/articulos-stock-almacen\/modulo-dimensiones\/","name":"Trabajar con el m\u00f3dulo de dimensiones | Tutoriales de Secre","isPartOf":{"@id":"https:\/\/aplimedia.com\/tutoriales\/#website"},"primaryImageOfPage":{"@id":"https:\/\/aplimedia.com\/tutoriales\/articulos-stock-almacen\/modulo-dimensiones\/#primaryimage"},"image":{"@id":"https:\/\/aplimedia.com\/tutoriales\/articulos-stock-almacen\/modulo-dimensiones\/#primaryimage"},"thumbnailUrl":"https:\/\/aplimedia.com\/tutoriales\/wp-content\/uploads\/2024\/01\/activardimensiones.gif","datePublished":"2019-04-17T10:26:47+00:00","dateModified":"2025-03-13T16:04:34+00:00","breadcrumb":{"@id":"https:\/\/aplimedia.com\/tutoriales\/articulos-stock-almacen\/modulo-dimensiones\/#breadcrumb"},"inLanguage":"es","potentialAction":[{"@type":"ReadAction","target":["https:\/\/aplimedia.com\/tutoriales\/articulos-stock-almacen\/modulo-dimensiones\/"]}]},{"@type":"ImageObject","inLanguage":"es","@id":"https:\/\/aplimedia.com\/tutoriales\/articulos-stock-almacen\/modulo-dimensiones\/#primaryimage","url":"https:\/\/aplimedia.com\/tutoriales\/wp-content\/uploads\/2024\/01\/activardimensiones.gif","contentUrl":"https:\/\/aplimedia.com\/tutoriales\/wp-content\/uploads\/2024\/01\/activardimensiones.gif"},{"@type":"BreadcrumbList","@id":"https:\/\/aplimedia.com\/tutoriales\/articulos-stock-almacen\/modulo-dimensiones\/#breadcrumb","itemListElement":[{"@type":"ListItem","position":1,"name":"Tutoriales","item":"https:\/\/aplimedia.com\/tutoriales\/"},{"@type":"ListItem","position":2,"name":"Art\u00edculos, servicios, stock y almac\u00e9n","item":"https:\/\/aplimedia.com\/tutoriales\/articulos-stock-almacen\/"},{"@type":"ListItem","position":3,"name":"Trabajar con el m\u00f3dulo de dimensiones"}]},{"@type":"WebSite","@id":"https:\/\/aplimedia.com\/tutoriales\/#website","url":"https:\/\/aplimedia.com\/tutoriales\/","name":"Tutoriales de Secre","description":"Tutoriales del software de gesti\u00f3n Secre","publisher":{"@id":"https:\/\/aplimedia.com\/tutoriales\/#organization"},"potentialAction":[{"@type":"SearchAction","target":{"@type":"EntryPoint","urlTemplate":"https:\/\/aplimedia.com\/tutoriales\/?s={search_term_string}"},"query-input":{"@type":"PropertyValueSpecification","valueRequired":true,"valueName":"search_term_string"}}],"inLanguage":"es"},{"@type":"Organization","@id":"https:\/\/aplimedia.com\/tutoriales\/#organization","name":"Tutoriales de Secre","url":"https:\/\/aplimedia.com\/tutoriales\/","logo":{"@type":"ImageObject","inLanguage":"es","@id":"https:\/\/aplimedia.com\/tutoriales\/#\/schema\/logo\/image\/","url":"https:\/\/aplimedia.com\/tutoriales\/wp-content\/uploads\/2022\/03\/cropped-logotipo-aplimedia.png","contentUrl":"https:\/\/aplimedia.com\/tutoriales\/wp-content\/uploads\/2022\/03\/cropped-logotipo-aplimedia.png","width":2000,"height":658,"caption":"Tutoriales de Secre"},"image":{"@id":"https:\/\/aplimedia.com\/tutoriales\/#\/schema\/logo\/image\/"}}]}},"_links":{"self":[{"href":"https:\/\/aplimedia.com\/tutoriales\/wp-json\/wp\/v2\/pages\/3071","targetHints":{"allow":["GET"]}}],"collection":[{"href":"https:\/\/aplimedia.com\/tutoriales\/wp-json\/wp\/v2\/pages"}],"about":[{"href":"https:\/\/aplimedia.com\/tutoriales\/wp-json\/wp\/v2\/types\/page"}],"author":[{"embeddable":true,"href":"https:\/\/aplimedia.com\/tutoriales\/wp-json\/wp\/v2\/users\/1"}],"replies":[{"embeddable":true,"href":"https:\/\/aplimedia.com\/tutoriales\/wp-json\/wp\/v2\/comments?post=3071"}],"version-history":[{"count":0,"href":"https:\/\/aplimedia.com\/tutoriales\/wp-json\/wp\/v2\/pages\/3071\/revisions"}],"up":[{"embeddable":true,"href":"https:\/\/aplimedia.com\/tutoriales\/wp-json\/wp\/v2\/pages\/1776"}],"wp:attachment":[{"href":"https:\/\/aplimedia.com\/tutoriales\/wp-json\/wp\/v2\/media?parent=3071"}],"curies":[{"name":"wp","href":"https:\/\/api.w.org\/{rel}","templated":true}]}}