{"id":2879,"date":"2019-04-11T11:50:48","date_gmt":"2019-04-11T11:50:48","guid":{"rendered":"https:\/\/aplimedia.com\/tutoriales\/?page_id=2879"},"modified":"2025-03-12T16:45:10","modified_gmt":"2025-03-12T16:45:10","slug":"realizar-fabricacion","status":"publish","type":"page","link":"https:\/\/aplimedia.com\/tutoriales\/fabricacion\/realizar-fabricacion\/","title":{"rendered":"C\u00f3mo realizar una fabricaci\u00f3n"},"content":{"rendered":"\t\t<div data-elementor-type=\"wp-post\" data-elementor-id=\"2879\" class=\"elementor elementor-2879\" data-elementor-post-type=\"page\">\n\t\t\t\t\t\t<section class=\"elementor-section elementor-top-section elementor-element elementor-element-1954c7a3 elementor-section-stretched elementor-section-boxed elementor-section-height-default elementor-section-height-default\" data-id=\"1954c7a3\" data-element_type=\"section\" data-e-type=\"section\" data-settings=\"{&quot;stretch_section&quot;:&quot;section-stretched&quot;}\">\n\t\t\t\t\t\t<div class=\"elementor-container elementor-column-gap-default\">\n\t\t\t\t\t<div class=\"elementor-column elementor-col-100 elementor-top-column elementor-element elementor-element-1f113700\" data-id=\"1f113700\" data-element_type=\"column\" data-e-type=\"column\">\n\t\t\t<div class=\"elementor-widget-wrap elementor-element-populated\">\n\t\t\t\t\t\t<div class=\"elementor-element elementor-element-519a596d elementor-widget elementor-widget-text-editor\" data-id=\"519a596d\" data-element_type=\"widget\" data-e-type=\"widget\" data-widget_type=\"text-editor.default\">\n\t\t\t\t<div class=\"elementor-widget-container\">\n\t\t\t\t\t\t\t\t\t<p>Una vez ya has creado tu orden de fabricaci\u00f3n, bien sea de forma directa siguiendo <a href=\"https:\/\/aplimedia.com\/tutoriales\/fabricacion\/preparar-fabricacion-directa\/\">este tutorial<\/a>, bien sea a partir de un pedido siguiendo<a href=\"https:\/\/aplimedia.com\/tutoriales\/fabricacion\/preparar-fabricacion-pedido\/\"> este otro<\/a>, el \u00faltimo paso es realizar la fabricaci\u00f3n.<\/p>\t\t\t\t\t\t\t\t<\/div>\n\t\t\t\t<\/div>\n\t\t\t\t<div class=\"elementor-element elementor-element-3d6fabad elementor-widget elementor-widget-spacer\" data-id=\"3d6fabad\" data-element_type=\"widget\" data-e-type=\"widget\" data-widget_type=\"spacer.default\">\n\t\t\t\t<div class=\"elementor-widget-container\">\n\t\t\t\t\t\t\t<div class=\"elementor-spacer\">\n\t\t\t<div class=\"elementor-spacer-inner\"><\/div>\n\t\t<\/div>\n\t\t\t\t\t\t<\/div>\n\t\t\t\t<\/div>\n\t\t\t\t<div class=\"elementor-element elementor-element-58ed2add elementor-widget elementor-widget-heading\" data-id=\"58ed2add\" data-element_type=\"widget\" data-e-type=\"widget\" data-widget_type=\"heading.default\">\n\t\t\t\t<div class=\"elementor-widget-container\">\n\t\t\t\t\t<h2 class=\"elementor-heading-title elementor-size-default\">Paso 1:<\/h2>\t\t\t\t<\/div>\n\t\t\t\t<\/div>\n\t\t\t\t<div class=\"elementor-element elementor-element-49c056fa elementor-widget elementor-widget-text-editor\" data-id=\"49c056fa\" data-element_type=\"widget\" data-e-type=\"widget\" data-widget_type=\"text-editor.default\">\n\t\t\t\t<div class=\"elementor-widget-container\">\n\t\t\t\t\t\t\t\t\t<p>Desde la pantalla principal de Secre, ve a <b>Herramientas&gt;Fabricaci\u00f3n&gt;Fabricaciones.<\/b><\/p>\t\t\t\t\t\t\t\t<\/div>\n\t\t\t\t<\/div>\n\t\t\t\t<section class=\"elementor-section elementor-inner-section elementor-element elementor-element-43a0512 elementor-section-boxed elementor-section-height-default elementor-section-height-default\" data-id=\"43a0512\" data-element_type=\"section\" data-e-type=\"section\">\n\t\t\t\t\t\t<div class=\"elementor-container elementor-column-gap-default\">\n\t\t\t\t\t<div class=\"elementor-column elementor-col-100 elementor-inner-column elementor-element elementor-element-e6165a8\" data-id=\"e6165a8\" data-element_type=\"column\" data-e-type=\"column\">\n\t\t\t<div class=\"elementor-widget-wrap elementor-element-populated\">\n\t\t\t\t\t\t<div class=\"elementor-element elementor-element-e92f369 elementor-widget elementor-widget-image\" data-id=\"e92f369\" data-element_type=\"widget\" data-e-type=\"widget\" data-widget_type=\"image.default\">\n\t\t\t\t<div class=\"elementor-widget-container\">\n\t\t\t\t\t\t\t\t\t\t\t\t\t\t\t\t<a href=\"https:\/\/aplimedia.com\/tutoriales\/wp-content\/uploads\/2019\/04\/imputarcostesafabricacion.gif\" data-elementor-open-lightbox=\"yes\" data-elementor-lightbox-title=\"imputarcostesafabricacion\" data-e-action-hash=\"#elementor-action%3Aaction%3Dlightbox%26settings%3DeyJpZCI6Mjg3MCwidXJsIjoiaHR0cHM6XC9cL2FwbGltZWRpYS5jb21cL3R1dG9yaWFsZXNcL3dwLWNvbnRlbnRcL3VwbG9hZHNcLzIwMTlcLzA0XC9pbXB1dGFyY29zdGVzYWZhYnJpY2FjaW9uLmdpZiJ9\">\n\t\t\t\t\t\t\t<img fetchpriority=\"high\" decoding=\"async\" width=\"803\" height=\"552\" src=\"https:\/\/aplimedia.com\/tutoriales\/wp-content\/uploads\/2019\/04\/imputarcostesafabricacion.gif\" class=\"attachment-full size-full wp-image-2870\" alt=\"\" \/>\t\t\t\t\t\t\t\t<\/a>\n\t\t\t\t\t\t\t\t\t\t\t\t\t\t\t<\/div>\n\t\t\t\t<\/div>\n\t\t\t\t\t<\/div>\n\t\t<\/div>\n\t\t\t\t\t<\/div>\n\t\t<\/section>\n\t\t\t\t<div class=\"elementor-element elementor-element-9320269 elementor-widget elementor-widget-text-editor\" data-id=\"9320269\" data-element_type=\"widget\" data-e-type=\"widget\" data-widget_type=\"text-editor.default\">\n\t\t\t\t<div class=\"elementor-widget-container\">\n\t\t\t\t\t\t\t\t\t<p>Vas a ver tus \u00f3rdenes de fabricaci\u00f3n en la parte superior izquierda de la pantalla. Para imputar costes a una fabricaci\u00f3n puedes seguir este otro tutorial: <a href=\"https:\/\/aplimedia.com\/tutoriales\/fabricacion\/imputar-costes-fabricacion\/\">C\u00f3mo imputar costes a una fabricaci\u00f3n<\/a>.<\/p>\t\t\t\t\t\t\t\t<\/div>\n\t\t\t\t<\/div>\n\t\t\t\t<section class=\"elementor-section elementor-inner-section elementor-element elementor-element-bede2b1 elementor-section-boxed elementor-section-height-default elementor-section-height-default\" data-id=\"bede2b1\" data-element_type=\"section\" data-e-type=\"section\">\n\t\t\t\t\t\t<div class=\"elementor-container elementor-column-gap-default\">\n\t\t\t\t\t<div class=\"elementor-column elementor-col-100 elementor-inner-column elementor-element elementor-element-34dad45\" data-id=\"34dad45\" data-element_type=\"column\" data-e-type=\"column\">\n\t\t\t<div class=\"elementor-widget-wrap elementor-element-populated\">\n\t\t\t\t\t\t<div class=\"elementor-element elementor-element-e6fbd4d elementor-widget elementor-widget-image\" data-id=\"e6fbd4d\" data-element_type=\"widget\" data-e-type=\"widget\" data-widget_type=\"image.default\">\n\t\t\t\t<div class=\"elementor-widget-container\">\n\t\t\t\t\t\t\t\t\t\t\t\t\t\t\t\t<a href=\"https:\/\/aplimedia.com\/tutoriales\/wp-content\/uploads\/2019\/04\/imputarcostesaunafabricacion.jpg\" data-elementor-open-lightbox=\"yes\" data-elementor-lightbox-title=\"imputarcostesaunafabricacion\" data-e-action-hash=\"#elementor-action%3Aaction%3Dlightbox%26settings%3DeyJpZCI6Mjg3MSwidXJsIjoiaHR0cHM6XC9cL2FwbGltZWRpYS5jb21cL3R1dG9yaWFsZXNcL3dwLWNvbnRlbnRcL3VwbG9hZHNcLzIwMTlcLzA0XC9pbXB1dGFyY29zdGVzYXVuYWZhYnJpY2FjaW9uLmpwZyJ9\">\n\t\t\t\t\t\t\t<img decoding=\"async\" width=\"941\" height=\"689\" src=\"https:\/\/aplimedia.com\/tutoriales\/wp-content\/uploads\/2019\/04\/imputarcostesaunafabricacion.jpg\" class=\"attachment-large size-large wp-image-2871\" alt=\"\" srcset=\"https:\/\/aplimedia.com\/tutoriales\/wp-content\/uploads\/2019\/04\/imputarcostesaunafabricacion.jpg 941w, https:\/\/aplimedia.com\/tutoriales\/wp-content\/uploads\/2019\/04\/imputarcostesaunafabricacion-300x220.jpg 300w, https:\/\/aplimedia.com\/tutoriales\/wp-content\/uploads\/2019\/04\/imputarcostesaunafabricacion-768x562.jpg 768w\" sizes=\"(max-width: 941px) 100vw, 941px\" \/>\t\t\t\t\t\t\t\t<\/a>\n\t\t\t\t\t\t\t\t\t\t\t\t\t\t\t<\/div>\n\t\t\t\t<\/div>\n\t\t\t\t\t<\/div>\n\t\t<\/div>\n\t\t\t\t\t<\/div>\n\t\t<\/section>\n\t\t\t\t<section class=\"elementor-section elementor-inner-section elementor-element elementor-element-e621d11 elementor-section-boxed elementor-section-height-default elementor-section-height-default\" data-id=\"e621d11\" data-element_type=\"section\" data-e-type=\"section\">\n\t\t\t\t\t\t<div class=\"elementor-container elementor-column-gap-default\">\n\t\t\t\t\t<div class=\"elementor-column elementor-col-100 elementor-inner-column elementor-element elementor-element-2189ded\" data-id=\"2189ded\" data-element_type=\"column\" data-e-type=\"column\">\n\t\t\t<div class=\"elementor-widget-wrap elementor-element-populated\">\n\t\t\t\t\t\t<div class=\"elementor-element elementor-element-c7e52d2 elementor-widget elementor-widget-text-editor\" data-id=\"c7e52d2\" data-element_type=\"widget\" data-e-type=\"widget\" data-widget_type=\"text-editor.default\">\n\t\t\t\t<div class=\"elementor-widget-container\">\n\t\t\t\t\t\t\t\t\t<p>Para realizar la fabricaci\u00f3n solo tienes que seleccionar la orden de fabricaci\u00f3n que quieras fabricar y hacer click en el <em>check<\/em> de la barra superior, <strong>Realizar fabricaci\u00f3n<\/strong>.\u00a0<\/p><p>Escoge almac\u00e9n de origen y de destino y la fecha de la fabricaci\u00f3n y acepta:<\/p>\t\t\t\t\t\t\t\t<\/div>\n\t\t\t\t<\/div>\n\t\t\t\t<div class=\"elementor-element elementor-element-b750f0e elementor-widget elementor-widget-image\" data-id=\"b750f0e\" data-element_type=\"widget\" data-e-type=\"widget\" data-widget_type=\"image.default\">\n\t\t\t\t<div class=\"elementor-widget-container\">\n\t\t\t\t\t\t\t\t\t\t\t\t\t\t\t\t<a href=\"https:\/\/aplimedia.com\/tutoriales\/wp-content\/uploads\/2019\/04\/realizarfabricacion1.gif\" data-elementor-open-lightbox=\"yes\" data-elementor-lightbox-title=\"realizarfabricacion1\" data-e-action-hash=\"#elementor-action%3Aaction%3Dlightbox%26settings%3DeyJpZCI6Mjg4NCwidXJsIjoiaHR0cHM6XC9cL2FwbGltZWRpYS5jb21cL3R1dG9yaWFsZXNcL3dwLWNvbnRlbnRcL3VwbG9hZHNcLzIwMTlcLzA0XC9yZWFsaXphcmZhYnJpY2FjaW9uMS5naWYifQ%3D%3D\">\n\t\t\t\t\t\t\t<img decoding=\"async\" width=\"1195\" height=\"686\" src=\"https:\/\/aplimedia.com\/tutoriales\/wp-content\/uploads\/2019\/04\/realizarfabricacion1.gif\" class=\"attachment-full size-full wp-image-2884\" alt=\"\" \/>\t\t\t\t\t\t\t\t<\/a>\n\t\t\t\t\t\t\t\t\t\t\t\t\t\t\t<\/div>\n\t\t\t\t<\/div>\n\t\t\t\t\t<\/div>\n\t\t<\/div>\n\t\t\t\t\t<\/div>\n\t\t<\/section>\n\t\t\t\t<div class=\"elementor-element elementor-element-54a8c59 elementor-widget elementor-widget-text-editor\" data-id=\"54a8c59\" data-element_type=\"widget\" data-e-type=\"widget\" data-widget_type=\"text-editor.default\">\n\t\t\t\t<div class=\"elementor-widget-container\">\n\t\t\t\t\t\t\t\t\t<p>Esa fabricaci\u00f3n ya est\u00e1 <strong>realizada<\/strong> y ya se han a\u00f1adido las unidades fabricadas al almac\u00e9n que hayas seleccionado.<\/p>\t\t\t\t\t\t\t\t<\/div>\n\t\t\t\t<\/div>\n\t\t\t\t<div class=\"elementor-element elementor-element-23f32b82 elementor-widget elementor-widget-spacer\" data-id=\"23f32b82\" data-element_type=\"widget\" data-e-type=\"widget\" data-widget_type=\"spacer.default\">\n\t\t\t\t<div class=\"elementor-widget-container\">\n\t\t\t\t\t\t\t<div class=\"elementor-spacer\">\n\t\t\t<div class=\"elementor-spacer-inner\"><\/div>\n\t\t<\/div>\n\t\t\t\t\t\t<\/div>\n\t\t\t\t<\/div>\n\t\t\t\t\t<\/div>\n\t\t<\/div>\n\t\t\t\t\t<\/div>\n\t\t<\/section>\n\t\t\t\t<\/div>\n\t\t","protected":false},"excerpt":{"rendered":"<p>Una vez ya has creado tu orden de fabricaci\u00f3n, bien sea de forma directa siguiendo este tutorial, bien sea a partir de un pedido siguiendo este otro, el \u00faltimo paso es realizar la fabricaci\u00f3n. Paso 1: Desde la pantalla principal de Secre, ve a Herramientas&gt;Fabricaci\u00f3n&gt;Fabricaciones. Vas a ver tus \u00f3rdenes de fabricaci\u00f3n en la parte [&hellip;]<\/p>\n","protected":false},"author":1,"featured_media":0,"parent":2797,"menu_order":0,"comment_status":"closed","ping_status":"closed","template":"","meta":{"footnotes":""},"class_list":["post-2879","page","type-page","status-publish","hentry"],"yoast_head":"<!-- This site is optimized with the Yoast SEO plugin v27.5 - https:\/\/yoast.com\/product\/yoast-seo-wordpress\/ -->\n<title>C\u00f3mo realizar una fabricaci\u00f3n | Tutoriales de Secre<\/title>\n<meta name=\"robots\" content=\"index, follow, max-snippet:-1, max-image-preview:large, max-video-preview:-1\" \/>\n<link rel=\"canonical\" href=\"https:\/\/aplimedia.com\/tutoriales\/fabricacion\/realizar-fabricacion\/\" \/>\n<meta property=\"og:locale\" content=\"es_ES\" \/>\n<meta property=\"og:type\" content=\"article\" \/>\n<meta property=\"og:title\" content=\"C\u00f3mo realizar una fabricaci\u00f3n | Tutoriales de Secre\" \/>\n<meta property=\"og:description\" content=\"Una vez ya has creado tu orden de fabricaci\u00f3n, bien sea de forma directa siguiendo este tutorial, bien sea a partir de un pedido siguiendo este otro, el \u00faltimo paso es realizar la fabricaci\u00f3n. Paso 1: Desde la pantalla principal de Secre, ve a Herramientas&gt;Fabricaci\u00f3n&gt;Fabricaciones. Vas a ver tus \u00f3rdenes de fabricaci\u00f3n en la parte [&hellip;]\" \/>\n<meta property=\"og:url\" content=\"https:\/\/aplimedia.com\/tutoriales\/fabricacion\/realizar-fabricacion\/\" \/>\n<meta property=\"og:site_name\" content=\"Tutoriales de Secre\" \/>\n<meta property=\"article:modified_time\" content=\"2025-03-12T16:45:10+00:00\" \/>\n<meta property=\"og:image\" content=\"https:\/\/aplimedia.com\/tutoriales\/wp-content\/uploads\/2019\/04\/imputarcostesafabricacion.gif\" \/>\n\t<meta property=\"og:image:width\" content=\"803\" \/>\n\t<meta property=\"og:image:height\" content=\"552\" \/>\n\t<meta property=\"og:image:type\" content=\"image\/gif\" \/>\n<meta name=\"twitter:card\" content=\"summary_large_image\" \/>\n<meta name=\"twitter:label1\" content=\"Tiempo de lectura\" \/>\n\t<meta name=\"twitter:data1\" content=\"2 minutos\" \/>\n<script type=\"application\/ld+json\" class=\"yoast-schema-graph\">{\"@context\":\"https:\\\/\\\/schema.org\",\"@graph\":[{\"@type\":\"WebPage\",\"@id\":\"https:\\\/\\\/aplimedia.com\\\/tutoriales\\\/fabricacion\\\/realizar-fabricacion\\\/\",\"url\":\"https:\\\/\\\/aplimedia.com\\\/tutoriales\\\/fabricacion\\\/realizar-fabricacion\\\/\",\"name\":\"C\u00f3mo realizar una fabricaci\u00f3n | Tutoriales de Secre\",\"isPartOf\":{\"@id\":\"https:\\\/\\\/aplimedia.com\\\/tutoriales\\\/#website\"},\"primaryImageOfPage\":{\"@id\":\"https:\\\/\\\/aplimedia.com\\\/tutoriales\\\/fabricacion\\\/realizar-fabricacion\\\/#primaryimage\"},\"image\":{\"@id\":\"https:\\\/\\\/aplimedia.com\\\/tutoriales\\\/fabricacion\\\/realizar-fabricacion\\\/#primaryimage\"},\"thumbnailUrl\":\"https:\\\/\\\/aplimedia.com\\\/tutoriales\\\/wp-content\\\/uploads\\\/2019\\\/04\\\/imputarcostesafabricacion.gif\",\"datePublished\":\"2019-04-11T11:50:48+00:00\",\"dateModified\":\"2025-03-12T16:45:10+00:00\",\"breadcrumb\":{\"@id\":\"https:\\\/\\\/aplimedia.com\\\/tutoriales\\\/fabricacion\\\/realizar-fabricacion\\\/#breadcrumb\"},\"inLanguage\":\"es\",\"potentialAction\":[{\"@type\":\"ReadAction\",\"target\":[\"https:\\\/\\\/aplimedia.com\\\/tutoriales\\\/fabricacion\\\/realizar-fabricacion\\\/\"]}]},{\"@type\":\"ImageObject\",\"inLanguage\":\"es\",\"@id\":\"https:\\\/\\\/aplimedia.com\\\/tutoriales\\\/fabricacion\\\/realizar-fabricacion\\\/#primaryimage\",\"url\":\"https:\\\/\\\/aplimedia.com\\\/tutoriales\\\/wp-content\\\/uploads\\\/2019\\\/04\\\/imputarcostesafabricacion.gif\",\"contentUrl\":\"https:\\\/\\\/aplimedia.com\\\/tutoriales\\\/wp-content\\\/uploads\\\/2019\\\/04\\\/imputarcostesafabricacion.gif\",\"width\":803,\"height\":552},{\"@type\":\"BreadcrumbList\",\"@id\":\"https:\\\/\\\/aplimedia.com\\\/tutoriales\\\/fabricacion\\\/realizar-fabricacion\\\/#breadcrumb\",\"itemListElement\":[{\"@type\":\"ListItem\",\"position\":1,\"name\":\"Tutoriales\",\"item\":\"https:\\\/\\\/aplimedia.com\\\/tutoriales\\\/\"},{\"@type\":\"ListItem\",\"position\":2,\"name\":\"Fabricaci\u00f3n\",\"item\":\"https:\\\/\\\/aplimedia.com\\\/tutoriales\\\/fabricacion\\\/\"},{\"@type\":\"ListItem\",\"position\":3,\"name\":\"C\u00f3mo realizar una fabricaci\u00f3n\"}]},{\"@type\":\"WebSite\",\"@id\":\"https:\\\/\\\/aplimedia.com\\\/tutoriales\\\/#website\",\"url\":\"https:\\\/\\\/aplimedia.com\\\/tutoriales\\\/\",\"name\":\"Tutoriales de Secre\",\"description\":\"Tutoriales del software de gesti\u00f3n Secre\",\"publisher\":{\"@id\":\"https:\\\/\\\/aplimedia.com\\\/tutoriales\\\/#organization\"},\"potentialAction\":[{\"@type\":\"SearchAction\",\"target\":{\"@type\":\"EntryPoint\",\"urlTemplate\":\"https:\\\/\\\/aplimedia.com\\\/tutoriales\\\/?s={search_term_string}\"},\"query-input\":{\"@type\":\"PropertyValueSpecification\",\"valueRequired\":true,\"valueName\":\"search_term_string\"}}],\"inLanguage\":\"es\"},{\"@type\":\"Organization\",\"@id\":\"https:\\\/\\\/aplimedia.com\\\/tutoriales\\\/#organization\",\"name\":\"Tutoriales de Secre\",\"url\":\"https:\\\/\\\/aplimedia.com\\\/tutoriales\\\/\",\"logo\":{\"@type\":\"ImageObject\",\"inLanguage\":\"es\",\"@id\":\"https:\\\/\\\/aplimedia.com\\\/tutoriales\\\/#\\\/schema\\\/logo\\\/image\\\/\",\"url\":\"https:\\\/\\\/aplimedia.com\\\/tutoriales\\\/wp-content\\\/uploads\\\/2022\\\/03\\\/cropped-logotipo-aplimedia.png\",\"contentUrl\":\"https:\\\/\\\/aplimedia.com\\\/tutoriales\\\/wp-content\\\/uploads\\\/2022\\\/03\\\/cropped-logotipo-aplimedia.png\",\"width\":2000,\"height\":658,\"caption\":\"Tutoriales de Secre\"},\"image\":{\"@id\":\"https:\\\/\\\/aplimedia.com\\\/tutoriales\\\/#\\\/schema\\\/logo\\\/image\\\/\"}}]}<\/script>\n<!-- \/ Yoast SEO plugin. -->","yoast_head_json":{"title":"C\u00f3mo realizar una fabricaci\u00f3n | Tutoriales de Secre","robots":{"index":"index","follow":"follow","max-snippet":"max-snippet:-1","max-image-preview":"max-image-preview:large","max-video-preview":"max-video-preview:-1"},"canonical":"https:\/\/aplimedia.com\/tutoriales\/fabricacion\/realizar-fabricacion\/","og_locale":"es_ES","og_type":"article","og_title":"C\u00f3mo realizar una fabricaci\u00f3n | Tutoriales de Secre","og_description":"Una vez ya has creado tu orden de fabricaci\u00f3n, bien sea de forma directa siguiendo este tutorial, bien sea a partir de un pedido siguiendo este otro, el \u00faltimo paso es realizar la fabricaci\u00f3n. Paso 1: Desde la pantalla principal de Secre, ve a Herramientas&gt;Fabricaci\u00f3n&gt;Fabricaciones. Vas a ver tus \u00f3rdenes de fabricaci\u00f3n en la parte [&hellip;]","og_url":"https:\/\/aplimedia.com\/tutoriales\/fabricacion\/realizar-fabricacion\/","og_site_name":"Tutoriales de Secre","article_modified_time":"2025-03-12T16:45:10+00:00","og_image":[{"width":803,"height":552,"url":"https:\/\/aplimedia.com\/tutoriales\/wp-content\/uploads\/2019\/04\/imputarcostesafabricacion.gif","type":"image\/gif"}],"twitter_card":"summary_large_image","twitter_misc":{"Tiempo de lectura":"2 minutos"},"schema":{"@context":"https:\/\/schema.org","@graph":[{"@type":"WebPage","@id":"https:\/\/aplimedia.com\/tutoriales\/fabricacion\/realizar-fabricacion\/","url":"https:\/\/aplimedia.com\/tutoriales\/fabricacion\/realizar-fabricacion\/","name":"C\u00f3mo realizar una fabricaci\u00f3n | Tutoriales de Secre","isPartOf":{"@id":"https:\/\/aplimedia.com\/tutoriales\/#website"},"primaryImageOfPage":{"@id":"https:\/\/aplimedia.com\/tutoriales\/fabricacion\/realizar-fabricacion\/#primaryimage"},"image":{"@id":"https:\/\/aplimedia.com\/tutoriales\/fabricacion\/realizar-fabricacion\/#primaryimage"},"thumbnailUrl":"https:\/\/aplimedia.com\/tutoriales\/wp-content\/uploads\/2019\/04\/imputarcostesafabricacion.gif","datePublished":"2019-04-11T11:50:48+00:00","dateModified":"2025-03-12T16:45:10+00:00","breadcrumb":{"@id":"https:\/\/aplimedia.com\/tutoriales\/fabricacion\/realizar-fabricacion\/#breadcrumb"},"inLanguage":"es","potentialAction":[{"@type":"ReadAction","target":["https:\/\/aplimedia.com\/tutoriales\/fabricacion\/realizar-fabricacion\/"]}]},{"@type":"ImageObject","inLanguage":"es","@id":"https:\/\/aplimedia.com\/tutoriales\/fabricacion\/realizar-fabricacion\/#primaryimage","url":"https:\/\/aplimedia.com\/tutoriales\/wp-content\/uploads\/2019\/04\/imputarcostesafabricacion.gif","contentUrl":"https:\/\/aplimedia.com\/tutoriales\/wp-content\/uploads\/2019\/04\/imputarcostesafabricacion.gif","width":803,"height":552},{"@type":"BreadcrumbList","@id":"https:\/\/aplimedia.com\/tutoriales\/fabricacion\/realizar-fabricacion\/#breadcrumb","itemListElement":[{"@type":"ListItem","position":1,"name":"Tutoriales","item":"https:\/\/aplimedia.com\/tutoriales\/"},{"@type":"ListItem","position":2,"name":"Fabricaci\u00f3n","item":"https:\/\/aplimedia.com\/tutoriales\/fabricacion\/"},{"@type":"ListItem","position":3,"name":"C\u00f3mo realizar una fabricaci\u00f3n"}]},{"@type":"WebSite","@id":"https:\/\/aplimedia.com\/tutoriales\/#website","url":"https:\/\/aplimedia.com\/tutoriales\/","name":"Tutoriales de Secre","description":"Tutoriales del software de gesti\u00f3n Secre","publisher":{"@id":"https:\/\/aplimedia.com\/tutoriales\/#organization"},"potentialAction":[{"@type":"SearchAction","target":{"@type":"EntryPoint","urlTemplate":"https:\/\/aplimedia.com\/tutoriales\/?s={search_term_string}"},"query-input":{"@type":"PropertyValueSpecification","valueRequired":true,"valueName":"search_term_string"}}],"inLanguage":"es"},{"@type":"Organization","@id":"https:\/\/aplimedia.com\/tutoriales\/#organization","name":"Tutoriales de Secre","url":"https:\/\/aplimedia.com\/tutoriales\/","logo":{"@type":"ImageObject","inLanguage":"es","@id":"https:\/\/aplimedia.com\/tutoriales\/#\/schema\/logo\/image\/","url":"https:\/\/aplimedia.com\/tutoriales\/wp-content\/uploads\/2022\/03\/cropped-logotipo-aplimedia.png","contentUrl":"https:\/\/aplimedia.com\/tutoriales\/wp-content\/uploads\/2022\/03\/cropped-logotipo-aplimedia.png","width":2000,"height":658,"caption":"Tutoriales de Secre"},"image":{"@id":"https:\/\/aplimedia.com\/tutoriales\/#\/schema\/logo\/image\/"}}]}},"_links":{"self":[{"href":"https:\/\/aplimedia.com\/tutoriales\/wp-json\/wp\/v2\/pages\/2879","targetHints":{"allow":["GET"]}}],"collection":[{"href":"https:\/\/aplimedia.com\/tutoriales\/wp-json\/wp\/v2\/pages"}],"about":[{"href":"https:\/\/aplimedia.com\/tutoriales\/wp-json\/wp\/v2\/types\/page"}],"author":[{"embeddable":true,"href":"https:\/\/aplimedia.com\/tutoriales\/wp-json\/wp\/v2\/users\/1"}],"replies":[{"embeddable":true,"href":"https:\/\/aplimedia.com\/tutoriales\/wp-json\/wp\/v2\/comments?post=2879"}],"version-history":[{"count":0,"href":"https:\/\/aplimedia.com\/tutoriales\/wp-json\/wp\/v2\/pages\/2879\/revisions"}],"up":[{"embeddable":true,"href":"https:\/\/aplimedia.com\/tutoriales\/wp-json\/wp\/v2\/pages\/2797"}],"wp:attachment":[{"href":"https:\/\/aplimedia.com\/tutoriales\/wp-json\/wp\/v2\/media?parent=2879"}],"curies":[{"name":"wp","href":"https:\/\/api.w.org\/{rel}","templated":true}]}}