{"id":2861,"date":"2019-04-11T10:17:43","date_gmt":"2019-04-11T10:17:43","guid":{"rendered":"https:\/\/aplimedia.com\/tutoriales\/?page_id=2861"},"modified":"2025-03-12T16:48:23","modified_gmt":"2025-03-12T16:48:23","slug":"crear-empleados-fabricacion","status":"publish","type":"page","link":"https:\/\/aplimedia.com\/tutoriales\/fabricacion\/crear-empleados-fabricacion\/","title":{"rendered":"Crear los empleados para fabricaci\u00f3n"},"content":{"rendered":"\t\t<div data-elementor-type=\"wp-post\" data-elementor-id=\"2861\" class=\"elementor elementor-2861\" data-elementor-post-type=\"page\">\n\t\t\t\t\t\t<section class=\"elementor-section elementor-top-section elementor-element elementor-element-94cbfbe elementor-section-stretched elementor-section-boxed elementor-section-height-default elementor-section-height-default\" data-id=\"94cbfbe\" data-element_type=\"section\" data-e-type=\"section\" data-settings=\"{&quot;stretch_section&quot;:&quot;section-stretched&quot;}\">\n\t\t\t\t\t\t<div class=\"elementor-container elementor-column-gap-default\">\n\t\t\t\t\t<div class=\"elementor-column elementor-col-100 elementor-top-column elementor-element elementor-element-fc8f42a\" data-id=\"fc8f42a\" data-element_type=\"column\" data-e-type=\"column\">\n\t\t\t<div class=\"elementor-widget-wrap elementor-element-populated\">\n\t\t\t\t\t\t<div class=\"elementor-element elementor-element-9ba84fe elementor-widget elementor-widget-text-editor\" data-id=\"9ba84fe\" data-element_type=\"widget\" data-e-type=\"widget\" data-widget_type=\"text-editor.default\">\n\t\t\t\t<div class=\"elementor-widget-container\">\n\t\t\t\t\t\t\t\t\t<p>Para poder <b>imputar a tus fabricaciones costes de horas de trabajadores<\/b> lo primero que necesitas hacer es crear en el programa el listado de dichos trabajadores e indicar cu\u00e1l es su coste\/hora.<\/p>\t\t\t\t\t\t\t\t<\/div>\n\t\t\t\t<\/div>\n\t\t\t\t<div class=\"elementor-element elementor-element-b7f431a elementor-widget elementor-widget-spacer\" data-id=\"b7f431a\" data-element_type=\"widget\" data-e-type=\"widget\" data-widget_type=\"spacer.default\">\n\t\t\t\t<div class=\"elementor-widget-container\">\n\t\t\t\t\t\t\t<div class=\"elementor-spacer\">\n\t\t\t<div class=\"elementor-spacer-inner\"><\/div>\n\t\t<\/div>\n\t\t\t\t\t\t<\/div>\n\t\t\t\t<\/div>\n\t\t\t\t<div class=\"elementor-element elementor-element-56f472f elementor-widget elementor-widget-heading\" data-id=\"56f472f\" data-element_type=\"widget\" data-e-type=\"widget\" data-widget_type=\"heading.default\">\n\t\t\t\t<div class=\"elementor-widget-container\">\n\t\t\t\t\t<h2 class=\"elementor-heading-title elementor-size-default\">Paso 1:<\/h2>\t\t\t\t<\/div>\n\t\t\t\t<\/div>\n\t\t\t\t<div class=\"elementor-element elementor-element-f2aad82 elementor-widget elementor-widget-text-editor\" data-id=\"f2aad82\" data-element_type=\"widget\" data-e-type=\"widget\" data-widget_type=\"text-editor.default\">\n\t\t\t\t<div class=\"elementor-widget-container\">\n\t\t\t\t\t\t\t\t\t<p>Lo primero que necesitas hacer es calcular el coste por hora de cada uno de los trabajadores, lo cual debes hacer fuera de Secre. Este es un ejemplo hecho en Excel en el que puedes basarte para hacer el c\u00e1lculo:<\/p>\t\t\t\t\t\t\t\t<\/div>\n\t\t\t\t<\/div>\n\t\t\t\t<div class=\"elementor-element elementor-element-d7d462e elementor-widget elementor-widget-image\" data-id=\"d7d462e\" data-element_type=\"widget\" data-e-type=\"widget\" data-widget_type=\"image.default\">\n\t\t\t\t<div class=\"elementor-widget-container\">\n\t\t\t\t\t\t\t\t\t\t\t\t\t\t\t\t<a href=\"https:\/\/aplimedia.com\/tutoriales\/wp-content\/uploads\/2019\/01\/listadodeempleados1.png\" data-elementor-open-lightbox=\"yes\" data-elementor-lightbox-title=\"listadodeempleados1\" data-e-action-hash=\"#elementor-action%3Aaction%3Dlightbox%26settings%3DeyJpZCI6MTI2MSwidXJsIjoiaHR0cHM6XC9cL2FwbGltZWRpYS5jb21cL3R1dG9yaWFsZXNcL3dwLWNvbnRlbnRcL3VwbG9hZHNcLzIwMTlcLzAxXC9saXN0YWRvZGVlbXBsZWFkb3MxLnBuZyJ9\">\n\t\t\t\t\t\t\t<img fetchpriority=\"high\" decoding=\"async\" width=\"579\" height=\"299\" src=\"https:\/\/aplimedia.com\/tutoriales\/wp-content\/uploads\/2019\/01\/listadodeempleados1.png\" class=\"attachment-large size-large wp-image-1261\" alt=\"\" srcset=\"https:\/\/aplimedia.com\/tutoriales\/wp-content\/uploads\/2019\/01\/listadodeempleados1.png 579w, https:\/\/aplimedia.com\/tutoriales\/wp-content\/uploads\/2019\/01\/listadodeempleados1-300x155.png 300w\" sizes=\"(max-width: 579px) 100vw, 579px\" \/>\t\t\t\t\t\t\t\t<\/a>\n\t\t\t\t\t\t\t\t\t\t\t\t\t\t\t<\/div>\n\t\t\t\t<\/div>\n\t\t\t\t<div class=\"elementor-element elementor-element-9224476 elementor-widget elementor-widget-spacer\" data-id=\"9224476\" data-element_type=\"widget\" data-e-type=\"widget\" data-widget_type=\"spacer.default\">\n\t\t\t\t<div class=\"elementor-widget-container\">\n\t\t\t\t\t\t\t<div class=\"elementor-spacer\">\n\t\t\t<div class=\"elementor-spacer-inner\"><\/div>\n\t\t<\/div>\n\t\t\t\t\t\t<\/div>\n\t\t\t\t<\/div>\n\t\t\t\t<div class=\"elementor-element elementor-element-bd8d6ff elementor-widget elementor-widget-heading\" data-id=\"bd8d6ff\" data-element_type=\"widget\" data-e-type=\"widget\" data-widget_type=\"heading.default\">\n\t\t\t\t<div class=\"elementor-widget-container\">\n\t\t\t\t\t<h2 class=\"elementor-heading-title elementor-size-default\">Paso 2:<\/h2>\t\t\t\t<\/div>\n\t\t\t\t<\/div>\n\t\t\t\t<div class=\"elementor-element elementor-element-14c1cc7 elementor-widget elementor-widget-text-editor\" data-id=\"14c1cc7\" data-element_type=\"widget\" data-e-type=\"widget\" data-widget_type=\"text-editor.default\">\n\t\t\t\t<div class=\"elementor-widget-container\">\n\t\t\t\t\t\t\t\t\t<p>Ahora ir\u00edamos al programa para dar de alta a todos los trabajadores\u00a0 e indicar su coste\/hora. Para ello, desde la pantalla principal, ve a <strong>Herramientas&gt;Tablas Auxiliares <\/strong>y, en el listado que te aparecer\u00e1 a la izquierda, selecciona <strong>Empleados<\/strong>.<\/p>\t\t\t\t\t\t\t\t<\/div>\n\t\t\t\t<\/div>\n\t\t<div class=\"elementor-element elementor-element-8bd21c4 e-con-full e-flex e-con e-parent\" data-id=\"8bd21c4\" data-element_type=\"container\" data-e-type=\"container\">\n\t\t<div class=\"elementor-element elementor-element-b45b225 e-con-full e-flex e-con e-child\" data-id=\"b45b225\" data-element_type=\"container\" data-e-type=\"container\">\n\t\t\t\t<div class=\"elementor-element elementor-element-f5abed9 elementor-widget elementor-widget-image\" data-id=\"f5abed9\" data-element_type=\"widget\" data-e-type=\"widget\" data-widget_type=\"image.default\">\n\t\t\t\t<div class=\"elementor-widget-container\">\n\t\t\t\t\t\t\t\t\t\t\t\t\t\t\t\t<a href=\"https:\/\/aplimedia.com\/tutoriales\/wp-content\/uploads\/2019\/01\/dardealtaempleados1_1.png\" data-elementor-open-lightbox=\"yes\" data-elementor-lightbox-title=\"dardealtaempleados1_1\" data-e-action-hash=\"#elementor-action%3Aaction%3Dlightbox%26settings%3DeyJpZCI6OTIxLCJ1cmwiOiJodHRwczpcL1wvYXBsaW1lZGlhLmNvbVwvdHV0b3JpYWxlc1wvd3AtY29udGVudFwvdXBsb2Fkc1wvMjAxOVwvMDFcL2RhcmRlYWx0YWVtcGxlYWRvczFfMS5wbmcifQ%3D%3D\">\n\t\t\t\t\t\t\t<img decoding=\"async\" width=\"806\" height=\"558\" src=\"https:\/\/aplimedia.com\/tutoriales\/wp-content\/uploads\/2019\/01\/dardealtaempleados1_1.png\" class=\"attachment-large size-large wp-image-921\" alt=\"\" srcset=\"https:\/\/aplimedia.com\/tutoriales\/wp-content\/uploads\/2019\/01\/dardealtaempleados1_1.png 806w, https:\/\/aplimedia.com\/tutoriales\/wp-content\/uploads\/2019\/01\/dardealtaempleados1_1-300x208.png 300w, https:\/\/aplimedia.com\/tutoriales\/wp-content\/uploads\/2019\/01\/dardealtaempleados1_1-768x532.png 768w\" sizes=\"(max-width: 806px) 100vw, 806px\" \/>\t\t\t\t\t\t\t\t<\/a>\n\t\t\t\t\t\t\t\t\t\t\t\t\t\t\t<\/div>\n\t\t\t\t<\/div>\n\t\t\t\t<\/div>\n\t\t<div class=\"elementor-element elementor-element-3277a2e e-con-full e-flex e-con e-child\" data-id=\"3277a2e\" data-element_type=\"container\" data-e-type=\"container\">\n\t\t\t\t<div class=\"elementor-element elementor-element-5e0cfd3 elementor-widget elementor-widget-image\" data-id=\"5e0cfd3\" data-element_type=\"widget\" data-e-type=\"widget\" data-widget_type=\"image.default\">\n\t\t\t\t<div class=\"elementor-widget-container\">\n\t\t\t\t\t\t\t\t\t\t\t\t\t\t\t\t<a href=\"https:\/\/aplimedia.com\/tutoriales\/wp-content\/uploads\/2019\/01\/dardealtaempleados2.png\" data-elementor-open-lightbox=\"yes\" data-elementor-lightbox-title=\"dardealtaempleados2\" data-e-action-hash=\"#elementor-action%3Aaction%3Dlightbox%26settings%3DeyJpZCI6OTIwLCJ1cmwiOiJodHRwczpcL1wvYXBsaW1lZGlhLmNvbVwvdHV0b3JpYWxlc1wvd3AtY29udGVudFwvdXBsb2Fkc1wvMjAxOVwvMDFcL2RhcmRlYWx0YWVtcGxlYWRvczIucG5nIn0%3D\">\n\t\t\t\t\t\t\t<img decoding=\"async\" width=\"1024\" height=\"550\" src=\"https:\/\/aplimedia.com\/tutoriales\/wp-content\/uploads\/2019\/01\/dardealtaempleados2-1024x550.png\" class=\"attachment-large size-large wp-image-920\" alt=\"\" srcset=\"https:\/\/aplimedia.com\/tutoriales\/wp-content\/uploads\/2019\/01\/dardealtaempleados2-1024x550.png 1024w, https:\/\/aplimedia.com\/tutoriales\/wp-content\/uploads\/2019\/01\/dardealtaempleados2-300x161.png 300w, https:\/\/aplimedia.com\/tutoriales\/wp-content\/uploads\/2019\/01\/dardealtaempleados2-768x413.png 768w, https:\/\/aplimedia.com\/tutoriales\/wp-content\/uploads\/2019\/01\/dardealtaempleados2.png 1920w\" sizes=\"(max-width: 1024px) 100vw, 1024px\" \/>\t\t\t\t\t\t\t\t<\/a>\n\t\t\t\t\t\t\t\t\t\t\t\t\t\t\t<\/div>\n\t\t\t\t<\/div>\n\t\t\t\t<\/div>\n\t\t\t\t<\/div>\n\t\t\t\t<div class=\"elementor-element elementor-element-b24115b elementor-widget elementor-widget-text-editor\" data-id=\"b24115b\" data-element_type=\"widget\" data-e-type=\"widget\" data-widget_type=\"text-editor.default\">\n\t\t\t\t<div class=\"elementor-widget-container\">\n\t\t\t\t\t\t\t\t\t<p>Si no tienes creado el trabajador en cuesti\u00f3n, introduce su <b>nombre <\/b>en el campo \u00abNombre\u00bb\u00a0y <b>gu\u00e1rdalo <\/b>con el disquette (o, si ya has seleccionado a un empleado, utiliza el icono de la hoja de la barra superior para crear un nuevo registro). Ahora te aparecer\u00e1 en el listado de empleados.\u00a0<\/p><p>Haz doble clic sobre el nombre del empleado al cual quieres a\u00f1adir el coste\/hora. Se te abrir\u00e1 una nueva pantalla, puedes rellenar todos los datos que tengas y quieras de dicho empleado. Para<b> a\u00f1adir el coste\/hora<\/b>, haz click en el \u00ab+\u00bb a la derecha del campo \u00abCoste\/Hora\u00bb.<\/p><p>En el campo <b>\u00abA partir de la fecha\u00bb<\/b> escoge la fecha a partir de la cual quieres que se aplique ese coste\/hora. En \u00ab<b>Coste Hora<\/b>\u00bb introduce el coste que supone para la empresa la hora de trabajo de ese empleado y, en \u00ab<b>Precio venta hora<\/b>\u00ab, el precio al que quieras cobr\u00e1rsela a tus clientes. Deber\u00e1s indicar tambi\u00e9n el <b>Tipo de Hora y Subtipo de Hora<\/b> (si no tienes ninguno creado, revisar el tutorial <a href=\"https:\/\/aplimedia.com\/tutoriales\/proyectos\/tipos-hora\/\">Crear tipos y subtipos de hora<\/a>).\u00a0<\/p><p>Cuando tengas todos los campos rellenados, guarda con el disquette.\u00a0<\/p><p>Si trabajas con m\u00e1s de un tipo de hora, puedes repetir la operaci\u00f3n para cada una.<\/p>\t\t\t\t\t\t\t\t<\/div>\n\t\t\t\t<\/div>\n\t\t\t\t<section class=\"elementor-section elementor-inner-section elementor-element elementor-element-b442f0b elementor-section-boxed elementor-section-height-default elementor-section-height-default\" data-id=\"b442f0b\" data-element_type=\"section\" data-e-type=\"section\">\n\t\t\t\t\t\t<div class=\"elementor-container elementor-column-gap-default\">\n\t\t\t\t\t<div class=\"elementor-column elementor-col-50 elementor-inner-column elementor-element elementor-element-37cba26\" data-id=\"37cba26\" data-element_type=\"column\" data-e-type=\"column\">\n\t\t\t<div class=\"elementor-widget-wrap elementor-element-populated\">\n\t\t\t\t\t\t<div class=\"elementor-element elementor-element-4d2a4b9 elementor-widget elementor-widget-image\" data-id=\"4d2a4b9\" data-element_type=\"widget\" data-e-type=\"widget\" data-widget_type=\"image.default\">\n\t\t\t\t<div class=\"elementor-widget-container\">\n\t\t\t\t\t\t\t\t\t\t\t\t\t\t\t\t<a href=\"https:\/\/aplimedia.com\/tutoriales\/wp-content\/uploads\/2019\/01\/listadodeempleados2.png\" data-elementor-open-lightbox=\"yes\" data-elementor-lightbox-title=\"listadodeempleados2\" data-e-action-hash=\"#elementor-action%3Aaction%3Dlightbox%26settings%3DeyJpZCI6MTI2MiwidXJsIjoiaHR0cHM6XC9cL2FwbGltZWRpYS5jb21cL3R1dG9yaWFsZXNcL3dwLWNvbnRlbnRcL3VwbG9hZHNcLzIwMTlcLzAxXC9saXN0YWRvZGVlbXBsZWFkb3MyLnBuZyJ9\">\n\t\t\t\t\t\t\t<img loading=\"lazy\" decoding=\"async\" width=\"771\" height=\"664\" src=\"https:\/\/aplimedia.com\/tutoriales\/wp-content\/uploads\/2019\/01\/listadodeempleados2.png\" class=\"attachment-large size-large wp-image-1262\" alt=\"\" srcset=\"https:\/\/aplimedia.com\/tutoriales\/wp-content\/uploads\/2019\/01\/listadodeempleados2.png 771w, https:\/\/aplimedia.com\/tutoriales\/wp-content\/uploads\/2019\/01\/listadodeempleados2-300x258.png 300w, https:\/\/aplimedia.com\/tutoriales\/wp-content\/uploads\/2019\/01\/listadodeempleados2-768x661.png 768w\" sizes=\"(max-width: 771px) 100vw, 771px\" \/>\t\t\t\t\t\t\t\t<\/a>\n\t\t\t\t\t\t\t\t\t\t\t\t\t\t\t<\/div>\n\t\t\t\t<\/div>\n\t\t\t\t\t<\/div>\n\t\t<\/div>\n\t\t\t\t<div class=\"elementor-column elementor-col-50 elementor-inner-column elementor-element elementor-element-4107267\" data-id=\"4107267\" data-element_type=\"column\" data-e-type=\"column\">\n\t\t\t<div class=\"elementor-widget-wrap elementor-element-populated\">\n\t\t\t\t\t\t<div class=\"elementor-element elementor-element-24071e5 elementor-widget elementor-widget-image\" data-id=\"24071e5\" data-element_type=\"widget\" data-e-type=\"widget\" data-widget_type=\"image.default\">\n\t\t\t\t<div class=\"elementor-widget-container\">\n\t\t\t\t\t\t\t\t\t\t\t\t\t\t\t\t<a href=\"https:\/\/aplimedia.com\/tutoriales\/wp-content\/uploads\/2019\/01\/listadodeempleados4.png\" data-elementor-open-lightbox=\"yes\" data-elementor-lightbox-title=\"listadodeempleados4\" data-e-action-hash=\"#elementor-action%3Aaction%3Dlightbox%26settings%3DeyJpZCI6MTI2MywidXJsIjoiaHR0cHM6XC9cL2FwbGltZWRpYS5jb21cL3R1dG9yaWFsZXNcL3dwLWNvbnRlbnRcL3VwbG9hZHNcLzIwMTlcLzAxXC9saXN0YWRvZGVlbXBsZWFkb3M0LnBuZyJ9\">\n\t\t\t\t\t\t\t<img loading=\"lazy\" decoding=\"async\" width=\"770\" height=\"661\" src=\"https:\/\/aplimedia.com\/tutoriales\/wp-content\/uploads\/2019\/01\/listadodeempleados4.png\" class=\"attachment-large size-large wp-image-1263\" alt=\"\" srcset=\"https:\/\/aplimedia.com\/tutoriales\/wp-content\/uploads\/2019\/01\/listadodeempleados4.png 770w, https:\/\/aplimedia.com\/tutoriales\/wp-content\/uploads\/2019\/01\/listadodeempleados4-300x258.png 300w, https:\/\/aplimedia.com\/tutoriales\/wp-content\/uploads\/2019\/01\/listadodeempleados4-768x659.png 768w\" sizes=\"(max-width: 770px) 100vw, 770px\" \/>\t\t\t\t\t\t\t\t<\/a>\n\t\t\t\t\t\t\t\t\t\t\t\t\t\t\t<\/div>\n\t\t\t\t<\/div>\n\t\t\t\t\t<\/div>\n\t\t<\/div>\n\t\t\t\t\t<\/div>\n\t\t<\/section>\n\t\t\t\t<div class=\"elementor-element elementor-element-afb0059 elementor-widget elementor-widget-text-editor\" data-id=\"afb0059\" data-element_type=\"widget\" data-e-type=\"widget\" data-widget_type=\"text-editor.default\">\n\t\t\t\t<div class=\"elementor-widget-container\">\n\t\t\t\t\t\t\t\t\t<p>Ahora ya tienes registrado cu\u00e1l es el coste\/hora de dicho trabajador y ese ser\u00e1 el valor que se utilizar\u00e1 en el <b>m\u00f3dulo de Fabricaci\u00f3n <\/b>cuando <b>imputes horas de trabajo<\/b> de ese empleado en concreto.<\/p>\t\t\t\t\t\t\t\t<\/div>\n\t\t\t\t<\/div>\n\t\t\t\t<div class=\"elementor-element elementor-element-254c695 elementor-widget elementor-widget-spacer\" data-id=\"254c695\" data-element_type=\"widget\" data-e-type=\"widget\" data-widget_type=\"spacer.default\">\n\t\t\t\t<div class=\"elementor-widget-container\">\n\t\t\t\t\t\t\t<div class=\"elementor-spacer\">\n\t\t\t<div class=\"elementor-spacer-inner\"><\/div>\n\t\t<\/div>\n\t\t\t\t\t\t<\/div>\n\t\t\t\t<\/div>\n\t\t\t\t\t<\/div>\n\t\t<\/div>\n\t\t\t\t\t<\/div>\n\t\t<\/section>\n\t\t\t\t<\/div>\n\t\t","protected":false},"excerpt":{"rendered":"<p>Para poder imputar a tus fabricaciones costes de horas de trabajadores lo primero que necesitas hacer es crear en el programa el listado de dichos trabajadores e indicar cu\u00e1l es su coste\/hora. Paso 1: Lo primero que necesitas hacer es calcular el coste por hora de cada uno de los trabajadores, lo cual debes hacer [&hellip;]<\/p>\n","protected":false},"author":1,"featured_media":0,"parent":2797,"menu_order":0,"comment_status":"closed","ping_status":"closed","template":"","meta":{"footnotes":""},"class_list":["post-2861","page","type-page","status-publish","hentry"],"yoast_head":"<!-- This site is optimized with the Yoast SEO plugin v27.5 - https:\/\/yoast.com\/product\/yoast-seo-wordpress\/ -->\n<title>Crear los empleados para fabricaci\u00f3n | Tutoriales de Secre<\/title>\n<meta name=\"robots\" content=\"index, follow, max-snippet:-1, max-image-preview:large, max-video-preview:-1\" \/>\n<link rel=\"canonical\" href=\"https:\/\/aplimedia.com\/tutoriales\/fabricacion\/crear-empleados-fabricacion\/\" \/>\n<meta property=\"og:locale\" content=\"es_ES\" \/>\n<meta property=\"og:type\" content=\"article\" \/>\n<meta property=\"og:title\" content=\"Crear los empleados para fabricaci\u00f3n | Tutoriales de Secre\" \/>\n<meta property=\"og:description\" content=\"Para poder imputar a tus fabricaciones costes de horas de trabajadores lo primero que necesitas hacer es crear en el programa el listado de dichos trabajadores e indicar cu\u00e1l es su coste\/hora. Paso 1: Lo primero que necesitas hacer es calcular el coste por hora de cada uno de los trabajadores, lo cual debes hacer [&hellip;]\" \/>\n<meta property=\"og:url\" content=\"https:\/\/aplimedia.com\/tutoriales\/fabricacion\/crear-empleados-fabricacion\/\" \/>\n<meta property=\"og:site_name\" content=\"Tutoriales de Secre\" \/>\n<meta property=\"article:modified_time\" content=\"2025-03-12T16:48:23+00:00\" \/>\n<meta property=\"og:image\" content=\"https:\/\/aplimedia.com\/tutoriales\/wp-content\/uploads\/2019\/01\/listadodeempleados1.png\" \/>\n\t<meta property=\"og:image:width\" content=\"579\" \/>\n\t<meta property=\"og:image:height\" content=\"299\" \/>\n\t<meta property=\"og:image:type\" content=\"image\/png\" \/>\n<meta name=\"twitter:card\" content=\"summary_large_image\" \/>\n<meta name=\"twitter:label1\" content=\"Tiempo de lectura\" \/>\n\t<meta name=\"twitter:data1\" content=\"3 minutos\" \/>\n<script type=\"application\/ld+json\" class=\"yoast-schema-graph\">{\"@context\":\"https:\\\/\\\/schema.org\",\"@graph\":[{\"@type\":\"WebPage\",\"@id\":\"https:\\\/\\\/aplimedia.com\\\/tutoriales\\\/fabricacion\\\/crear-empleados-fabricacion\\\/\",\"url\":\"https:\\\/\\\/aplimedia.com\\\/tutoriales\\\/fabricacion\\\/crear-empleados-fabricacion\\\/\",\"name\":\"Crear los empleados para fabricaci\u00f3n | Tutoriales de Secre\",\"isPartOf\":{\"@id\":\"https:\\\/\\\/aplimedia.com\\\/tutoriales\\\/#website\"},\"primaryImageOfPage\":{\"@id\":\"https:\\\/\\\/aplimedia.com\\\/tutoriales\\\/fabricacion\\\/crear-empleados-fabricacion\\\/#primaryimage\"},\"image\":{\"@id\":\"https:\\\/\\\/aplimedia.com\\\/tutoriales\\\/fabricacion\\\/crear-empleados-fabricacion\\\/#primaryimage\"},\"thumbnailUrl\":\"https:\\\/\\\/aplimedia.com\\\/tutoriales\\\/wp-content\\\/uploads\\\/2019\\\/01\\\/listadodeempleados1.png\",\"datePublished\":\"2019-04-11T10:17:43+00:00\",\"dateModified\":\"2025-03-12T16:48:23+00:00\",\"breadcrumb\":{\"@id\":\"https:\\\/\\\/aplimedia.com\\\/tutoriales\\\/fabricacion\\\/crear-empleados-fabricacion\\\/#breadcrumb\"},\"inLanguage\":\"es\",\"potentialAction\":[{\"@type\":\"ReadAction\",\"target\":[\"https:\\\/\\\/aplimedia.com\\\/tutoriales\\\/fabricacion\\\/crear-empleados-fabricacion\\\/\"]}]},{\"@type\":\"ImageObject\",\"inLanguage\":\"es\",\"@id\":\"https:\\\/\\\/aplimedia.com\\\/tutoriales\\\/fabricacion\\\/crear-empleados-fabricacion\\\/#primaryimage\",\"url\":\"https:\\\/\\\/aplimedia.com\\\/tutoriales\\\/wp-content\\\/uploads\\\/2019\\\/01\\\/listadodeempleados1.png\",\"contentUrl\":\"https:\\\/\\\/aplimedia.com\\\/tutoriales\\\/wp-content\\\/uploads\\\/2019\\\/01\\\/listadodeempleados1.png\",\"width\":579,\"height\":299},{\"@type\":\"BreadcrumbList\",\"@id\":\"https:\\\/\\\/aplimedia.com\\\/tutoriales\\\/fabricacion\\\/crear-empleados-fabricacion\\\/#breadcrumb\",\"itemListElement\":[{\"@type\":\"ListItem\",\"position\":1,\"name\":\"Tutoriales\",\"item\":\"https:\\\/\\\/aplimedia.com\\\/tutoriales\\\/\"},{\"@type\":\"ListItem\",\"position\":2,\"name\":\"Fabricaci\u00f3n\",\"item\":\"https:\\\/\\\/aplimedia.com\\\/tutoriales\\\/fabricacion\\\/\"},{\"@type\":\"ListItem\",\"position\":3,\"name\":\"Crear los empleados para fabricaci\u00f3n\"}]},{\"@type\":\"WebSite\",\"@id\":\"https:\\\/\\\/aplimedia.com\\\/tutoriales\\\/#website\",\"url\":\"https:\\\/\\\/aplimedia.com\\\/tutoriales\\\/\",\"name\":\"Tutoriales de Secre\",\"description\":\"Tutoriales del software de gesti\u00f3n Secre\",\"publisher\":{\"@id\":\"https:\\\/\\\/aplimedia.com\\\/tutoriales\\\/#organization\"},\"potentialAction\":[{\"@type\":\"SearchAction\",\"target\":{\"@type\":\"EntryPoint\",\"urlTemplate\":\"https:\\\/\\\/aplimedia.com\\\/tutoriales\\\/?s={search_term_string}\"},\"query-input\":{\"@type\":\"PropertyValueSpecification\",\"valueRequired\":true,\"valueName\":\"search_term_string\"}}],\"inLanguage\":\"es\"},{\"@type\":\"Organization\",\"@id\":\"https:\\\/\\\/aplimedia.com\\\/tutoriales\\\/#organization\",\"name\":\"Tutoriales de Secre\",\"url\":\"https:\\\/\\\/aplimedia.com\\\/tutoriales\\\/\",\"logo\":{\"@type\":\"ImageObject\",\"inLanguage\":\"es\",\"@id\":\"https:\\\/\\\/aplimedia.com\\\/tutoriales\\\/#\\\/schema\\\/logo\\\/image\\\/\",\"url\":\"https:\\\/\\\/aplimedia.com\\\/tutoriales\\\/wp-content\\\/uploads\\\/2022\\\/03\\\/cropped-logotipo-aplimedia.png\",\"contentUrl\":\"https:\\\/\\\/aplimedia.com\\\/tutoriales\\\/wp-content\\\/uploads\\\/2022\\\/03\\\/cropped-logotipo-aplimedia.png\",\"width\":2000,\"height\":658,\"caption\":\"Tutoriales de Secre\"},\"image\":{\"@id\":\"https:\\\/\\\/aplimedia.com\\\/tutoriales\\\/#\\\/schema\\\/logo\\\/image\\\/\"}}]}<\/script>\n<!-- \/ Yoast SEO plugin. -->","yoast_head_json":{"title":"Crear los empleados para fabricaci\u00f3n | Tutoriales de Secre","robots":{"index":"index","follow":"follow","max-snippet":"max-snippet:-1","max-image-preview":"max-image-preview:large","max-video-preview":"max-video-preview:-1"},"canonical":"https:\/\/aplimedia.com\/tutoriales\/fabricacion\/crear-empleados-fabricacion\/","og_locale":"es_ES","og_type":"article","og_title":"Crear los empleados para fabricaci\u00f3n | Tutoriales de Secre","og_description":"Para poder imputar a tus fabricaciones costes de horas de trabajadores lo primero que necesitas hacer es crear en el programa el listado de dichos trabajadores e indicar cu\u00e1l es su coste\/hora. Paso 1: Lo primero que necesitas hacer es calcular el coste por hora de cada uno de los trabajadores, lo cual debes hacer [&hellip;]","og_url":"https:\/\/aplimedia.com\/tutoriales\/fabricacion\/crear-empleados-fabricacion\/","og_site_name":"Tutoriales de Secre","article_modified_time":"2025-03-12T16:48:23+00:00","og_image":[{"width":579,"height":299,"url":"https:\/\/aplimedia.com\/tutoriales\/wp-content\/uploads\/2019\/01\/listadodeempleados1.png","type":"image\/png"}],"twitter_card":"summary_large_image","twitter_misc":{"Tiempo de lectura":"3 minutos"},"schema":{"@context":"https:\/\/schema.org","@graph":[{"@type":"WebPage","@id":"https:\/\/aplimedia.com\/tutoriales\/fabricacion\/crear-empleados-fabricacion\/","url":"https:\/\/aplimedia.com\/tutoriales\/fabricacion\/crear-empleados-fabricacion\/","name":"Crear los empleados para fabricaci\u00f3n | Tutoriales de Secre","isPartOf":{"@id":"https:\/\/aplimedia.com\/tutoriales\/#website"},"primaryImageOfPage":{"@id":"https:\/\/aplimedia.com\/tutoriales\/fabricacion\/crear-empleados-fabricacion\/#primaryimage"},"image":{"@id":"https:\/\/aplimedia.com\/tutoriales\/fabricacion\/crear-empleados-fabricacion\/#primaryimage"},"thumbnailUrl":"https:\/\/aplimedia.com\/tutoriales\/wp-content\/uploads\/2019\/01\/listadodeempleados1.png","datePublished":"2019-04-11T10:17:43+00:00","dateModified":"2025-03-12T16:48:23+00:00","breadcrumb":{"@id":"https:\/\/aplimedia.com\/tutoriales\/fabricacion\/crear-empleados-fabricacion\/#breadcrumb"},"inLanguage":"es","potentialAction":[{"@type":"ReadAction","target":["https:\/\/aplimedia.com\/tutoriales\/fabricacion\/crear-empleados-fabricacion\/"]}]},{"@type":"ImageObject","inLanguage":"es","@id":"https:\/\/aplimedia.com\/tutoriales\/fabricacion\/crear-empleados-fabricacion\/#primaryimage","url":"https:\/\/aplimedia.com\/tutoriales\/wp-content\/uploads\/2019\/01\/listadodeempleados1.png","contentUrl":"https:\/\/aplimedia.com\/tutoriales\/wp-content\/uploads\/2019\/01\/listadodeempleados1.png","width":579,"height":299},{"@type":"BreadcrumbList","@id":"https:\/\/aplimedia.com\/tutoriales\/fabricacion\/crear-empleados-fabricacion\/#breadcrumb","itemListElement":[{"@type":"ListItem","position":1,"name":"Tutoriales","item":"https:\/\/aplimedia.com\/tutoriales\/"},{"@type":"ListItem","position":2,"name":"Fabricaci\u00f3n","item":"https:\/\/aplimedia.com\/tutoriales\/fabricacion\/"},{"@type":"ListItem","position":3,"name":"Crear los empleados para fabricaci\u00f3n"}]},{"@type":"WebSite","@id":"https:\/\/aplimedia.com\/tutoriales\/#website","url":"https:\/\/aplimedia.com\/tutoriales\/","name":"Tutoriales de Secre","description":"Tutoriales del software de gesti\u00f3n Secre","publisher":{"@id":"https:\/\/aplimedia.com\/tutoriales\/#organization"},"potentialAction":[{"@type":"SearchAction","target":{"@type":"EntryPoint","urlTemplate":"https:\/\/aplimedia.com\/tutoriales\/?s={search_term_string}"},"query-input":{"@type":"PropertyValueSpecification","valueRequired":true,"valueName":"search_term_string"}}],"inLanguage":"es"},{"@type":"Organization","@id":"https:\/\/aplimedia.com\/tutoriales\/#organization","name":"Tutoriales de Secre","url":"https:\/\/aplimedia.com\/tutoriales\/","logo":{"@type":"ImageObject","inLanguage":"es","@id":"https:\/\/aplimedia.com\/tutoriales\/#\/schema\/logo\/image\/","url":"https:\/\/aplimedia.com\/tutoriales\/wp-content\/uploads\/2022\/03\/cropped-logotipo-aplimedia.png","contentUrl":"https:\/\/aplimedia.com\/tutoriales\/wp-content\/uploads\/2022\/03\/cropped-logotipo-aplimedia.png","width":2000,"height":658,"caption":"Tutoriales de Secre"},"image":{"@id":"https:\/\/aplimedia.com\/tutoriales\/#\/schema\/logo\/image\/"}}]}},"_links":{"self":[{"href":"https:\/\/aplimedia.com\/tutoriales\/wp-json\/wp\/v2\/pages\/2861","targetHints":{"allow":["GET"]}}],"collection":[{"href":"https:\/\/aplimedia.com\/tutoriales\/wp-json\/wp\/v2\/pages"}],"about":[{"href":"https:\/\/aplimedia.com\/tutoriales\/wp-json\/wp\/v2\/types\/page"}],"author":[{"embeddable":true,"href":"https:\/\/aplimedia.com\/tutoriales\/wp-json\/wp\/v2\/users\/1"}],"replies":[{"embeddable":true,"href":"https:\/\/aplimedia.com\/tutoriales\/wp-json\/wp\/v2\/comments?post=2861"}],"version-history":[{"count":0,"href":"https:\/\/aplimedia.com\/tutoriales\/wp-json\/wp\/v2\/pages\/2861\/revisions"}],"up":[{"embeddable":true,"href":"https:\/\/aplimedia.com\/tutoriales\/wp-json\/wp\/v2\/pages\/2797"}],"wp:attachment":[{"href":"https:\/\/aplimedia.com\/tutoriales\/wp-json\/wp\/v2\/media?parent=2861"}],"curies":[{"name":"wp","href":"https:\/\/api.w.org\/{rel}","templated":true}]}}