{"id":2824,"date":"2019-04-10T15:12:13","date_gmt":"2019-04-10T15:12:13","guid":{"rendered":"https:\/\/aplimedia.com\/tutoriales\/?page_id=2824"},"modified":"2025-03-14T10:52:02","modified_gmt":"2025-03-14T10:52:02","slug":"stock-minimo-y-optimo","status":"publish","type":"page","link":"https:\/\/aplimedia.com\/tutoriales\/articulos-stock-almacen\/stock-minimo-y-optimo\/","title":{"rendered":"Stock m\u00ednimo y Stock \u00f3ptimo"},"content":{"rendered":"\t\t<div data-elementor-type=\"wp-post\" data-elementor-id=\"2824\" class=\"elementor elementor-2824\" data-elementor-post-type=\"page\">\n\t\t\t\t\t\t<section class=\"elementor-section elementor-top-section elementor-element elementor-element-3a223a9f elementor-section-stretched elementor-section-boxed elementor-section-height-default elementor-section-height-default\" data-id=\"3a223a9f\" data-element_type=\"section\" data-e-type=\"section\" data-settings=\"{&quot;stretch_section&quot;:&quot;section-stretched&quot;,&quot;background_background&quot;:&quot;classic&quot;}\">\n\t\t\t\t\t\t<div class=\"elementor-container elementor-column-gap-default\">\n\t\t\t\t\t<div class=\"elementor-column elementor-col-100 elementor-top-column elementor-element elementor-element-4b75d742\" data-id=\"4b75d742\" data-element_type=\"column\" data-e-type=\"column\">\n\t\t\t<div class=\"elementor-widget-wrap elementor-element-populated\">\n\t\t\t\t\t\t<div class=\"elementor-element elementor-element-ee2c08c elementor-widget elementor-widget-text-editor\" data-id=\"ee2c08c\" data-element_type=\"widget\" data-e-type=\"widget\" data-widget_type=\"text-editor.default\">\n\t\t\t\t<div class=\"elementor-widget-container\">\n\t\t\t\t\t\t\t\t\t<p>Indica en Secre cu\u00e1l es el stock m\u00ednimo y el stock \u00f3ptimo para cada uno de tus art\u00edculos.\u00a0<\/p><p>Si trabajas con m\u00e1s de un almac\u00e9n, podr\u00e1s indicar stock m\u00ednimo y \u00f3ptimo para cada uno de ellos.<\/p>\t\t\t\t\t\t\t\t<\/div>\n\t\t\t\t<\/div>\n\t\t\t\t<div class=\"elementor-element elementor-element-2d0904ec elementor-widget elementor-widget-spacer\" data-id=\"2d0904ec\" data-element_type=\"widget\" data-e-type=\"widget\" data-widget_type=\"spacer.default\">\n\t\t\t\t<div class=\"elementor-widget-container\">\n\t\t\t\t\t\t\t<div class=\"elementor-spacer\">\n\t\t\t<div class=\"elementor-spacer-inner\"><\/div>\n\t\t<\/div>\n\t\t\t\t\t\t<\/div>\n\t\t\t\t<\/div>\n\t\t\t\t<div class=\"elementor-element elementor-element-18bfbf2 elementor-widget elementor-widget-heading\" data-id=\"18bfbf2\" data-element_type=\"widget\" data-e-type=\"widget\" data-widget_type=\"heading.default\">\n\t\t\t\t<div class=\"elementor-widget-container\">\n\t\t\t\t\t<h2 class=\"elementor-heading-title elementor-size-default\">Paso 1:<\/h2>\t\t\t\t<\/div>\n\t\t\t\t<\/div>\n\t\t\t\t<div class=\"elementor-element elementor-element-760406cd elementor-widget elementor-widget-text-editor\" data-id=\"760406cd\" data-element_type=\"widget\" data-e-type=\"widget\" data-widget_type=\"text-editor.default\">\n\t\t\t\t<div class=\"elementor-widget-container\">\n\t\t\t\t\t\t\t\t\t<p>El primer paso es acceder al m\u00f3dulo de <b>Art\u00edculos y Servicios <\/b>desde la pantalla principal de Secre. Despu\u00e9s, sit\u00faate en la ficha del art\u00edculo en cuesti\u00f3n del cual quieras introducir su stock m\u00ednimo y\/o \u00f3ptimo.<\/p><p>Puedes buscar tu art\u00edculo con los prism\u00e1ticos, seleccionarlo del listado inferior, buscarlo con las flechas&#8230;<\/p><p>Cuando ya est\u00e9s en la ficha del art\u00edculo en cuesti\u00f3n, ve a la pesta\u00f1a <b>Almacenes<\/b>:<\/p>\t\t\t\t\t\t\t\t<\/div>\n\t\t\t\t<\/div>\n\t\t\t\t<section class=\"elementor-section elementor-inner-section elementor-element elementor-element-1783536 elementor-section-boxed elementor-section-height-default elementor-section-height-default\" data-id=\"1783536\" data-element_type=\"section\" data-e-type=\"section\">\n\t\t\t\t\t\t<div class=\"elementor-container elementor-column-gap-default\">\n\t\t\t\t\t<div class=\"elementor-column elementor-col-100 elementor-inner-column elementor-element elementor-element-3292a3a4\" data-id=\"3292a3a4\" data-element_type=\"column\" data-e-type=\"column\">\n\t\t\t<div class=\"elementor-widget-wrap elementor-element-populated\">\n\t\t\t\t\t\t<div class=\"elementor-element elementor-element-1ab9d3c4 elementor-widget elementor-widget-image\" data-id=\"1ab9d3c4\" data-element_type=\"widget\" data-e-type=\"widget\" data-widget_type=\"image.default\">\n\t\t\t\t<div class=\"elementor-widget-container\">\n\t\t\t\t\t\t\t\t\t\t\t\t\t\t\t\t<a href=\"https:\/\/aplimedia.com\/tutoriales\/wp-content\/uploads\/2019\/04\/stockminimoystockoptimo.gif\" data-elementor-open-lightbox=\"yes\" data-elementor-lightbox-title=\"stockminimoystockoptimo\" data-e-action-hash=\"#elementor-action%3Aaction%3Dlightbox%26settings%3DeyJpZCI6MjgyNiwidXJsIjoiaHR0cHM6XC9cL2FwbGltZWRpYS5jb21cL3R1dG9yaWFsZXNcL3dwLWNvbnRlbnRcL3VwbG9hZHNcLzIwMTlcLzA0XC9zdG9ja21pbmltb3lzdG9ja29wdGltby5naWYifQ%3D%3D\">\n\t\t\t\t\t\t\t<img fetchpriority=\"high\" decoding=\"async\" width=\"802\" height=\"557\" src=\"https:\/\/aplimedia.com\/tutoriales\/wp-content\/uploads\/2019\/04\/stockminimoystockoptimo.gif\" class=\"attachment-full size-full wp-image-2826\" alt=\"\" \/>\t\t\t\t\t\t\t\t<\/a>\n\t\t\t\t\t\t\t\t\t\t\t\t\t\t\t<\/div>\n\t\t\t\t<\/div>\n\t\t\t\t\t<\/div>\n\t\t<\/div>\n\t\t\t\t\t<\/div>\n\t\t<\/section>\n\t\t\t\t<div class=\"elementor-element elementor-element-dcb5c82 elementor-widget elementor-widget-spacer\" data-id=\"dcb5c82\" data-element_type=\"widget\" data-e-type=\"widget\" data-widget_type=\"spacer.default\">\n\t\t\t\t<div class=\"elementor-widget-container\">\n\t\t\t\t\t\t\t<div class=\"elementor-spacer\">\n\t\t\t<div class=\"elementor-spacer-inner\"><\/div>\n\t\t<\/div>\n\t\t\t\t\t\t<\/div>\n\t\t\t\t<\/div>\n\t\t\t\t<div class=\"elementor-element elementor-element-658cdc13 elementor-widget elementor-widget-heading\" data-id=\"658cdc13\" data-element_type=\"widget\" data-e-type=\"widget\" data-widget_type=\"heading.default\">\n\t\t\t\t<div class=\"elementor-widget-container\">\n\t\t\t\t\t<h2 class=\"elementor-heading-title elementor-size-default\">Paso 2:<\/h2>\t\t\t\t<\/div>\n\t\t\t\t<\/div>\n\t\t\t\t<div class=\"elementor-element elementor-element-034f1ed elementor-widget elementor-widget-text-editor\" data-id=\"034f1ed\" data-element_type=\"widget\" data-e-type=\"widget\" data-widget_type=\"text-editor.default\">\n\t\t\t\t<div class=\"elementor-widget-container\">\n\t\t\t\t\t\t\t\t\t<p>Ahora tenemos que indicar cu\u00e1l es el stock m\u00ednimo y el stock \u00f3ptimo para cada uno de los almacenes, si es que trabajas con m\u00e1s de uno.<\/p><p>Solo tienes que hacer click dos veces sobre el campo<b> Stock M\u00ednimo <\/b>o <b>Stock \u00d3ptimo <\/b>para poder editarlo. Introduce la cantidad que proceda y pincha en otro lugar para dejar de editarlo.\u00a0<\/p>\t\t\t\t\t\t\t\t<\/div>\n\t\t\t\t<\/div>\n\t\t\t\t<div class=\"elementor-element elementor-element-891d92f elementor-widget elementor-widget-image\" data-id=\"891d92f\" data-element_type=\"widget\" data-e-type=\"widget\" data-widget_type=\"image.default\">\n\t\t\t\t<div class=\"elementor-widget-container\">\n\t\t\t\t\t\t\t\t\t\t\t\t\t\t\t\t<a href=\"https:\/\/aplimedia.com\/tutoriales\/wp-content\/uploads\/2019\/04\/stockminimoystockoptimo1.gif\" data-elementor-open-lightbox=\"yes\" data-elementor-lightbox-title=\"stockminimoystockoptimo1\" data-e-action-hash=\"#elementor-action%3Aaction%3Dlightbox%26settings%3DeyJpZCI6MjgyNywidXJsIjoiaHR0cHM6XC9cL2FwbGltZWRpYS5jb21cL3R1dG9yaWFsZXNcL3dwLWNvbnRlbnRcL3VwbG9hZHNcLzIwMTlcLzA0XC9zdG9ja21pbmltb3lzdG9ja29wdGltbzEuZ2lmIn0%3D\">\n\t\t\t\t\t\t\t<img decoding=\"async\" width=\"802\" height=\"557\" src=\"https:\/\/aplimedia.com\/tutoriales\/wp-content\/uploads\/2019\/04\/stockminimoystockoptimo1.gif\" class=\"attachment-full size-full wp-image-2827\" alt=\"\" \/>\t\t\t\t\t\t\t\t<\/a>\n\t\t\t\t\t\t\t\t\t\t\t\t\t\t\t<\/div>\n\t\t\t\t<\/div>\n\t\t\t\t<div class=\"elementor-element elementor-element-546e55f elementor-widget elementor-widget-text-editor\" data-id=\"546e55f\" data-element_type=\"widget\" data-e-type=\"widget\" data-widget_type=\"text-editor.default\">\n\t\t\t\t<div class=\"elementor-widget-container\">\n\t\t\t\t\t\t\t\t\t<p>Cuando ya lo tengas simplemente <b>guarda los cambios<\/b> con el <b>disquette<\/b>.<\/p>\t\t\t\t\t\t\t\t<\/div>\n\t\t\t\t<\/div>\n\t\t\t\t<div class=\"elementor-element elementor-element-b6697f8 elementor-widget elementor-widget-spacer\" data-id=\"b6697f8\" data-element_type=\"widget\" data-e-type=\"widget\" data-widget_type=\"spacer.default\">\n\t\t\t\t<div class=\"elementor-widget-container\">\n\t\t\t\t\t\t\t<div class=\"elementor-spacer\">\n\t\t\t<div class=\"elementor-spacer-inner\"><\/div>\n\t\t<\/div>\n\t\t\t\t\t\t<\/div>\n\t\t\t\t<\/div>\n\t\t\t\t\t<\/div>\n\t\t<\/div>\n\t\t\t\t\t<\/div>\n\t\t<\/section>\n\t\t\t\t<\/div>\n\t\t","protected":false},"excerpt":{"rendered":"<p>Indica en Secre cu\u00e1l es el stock m\u00ednimo y el stock \u00f3ptimo para cada uno de tus art\u00edculos.\u00a0 Si trabajas con m\u00e1s de un almac\u00e9n, podr\u00e1s indicar stock m\u00ednimo y \u00f3ptimo para cada uno de ellos. Paso 1: El primer paso es acceder al m\u00f3dulo de Art\u00edculos y Servicios desde la pantalla principal de Secre. [&hellip;]<\/p>\n","protected":false},"author":1,"featured_media":0,"parent":1776,"menu_order":0,"comment_status":"closed","ping_status":"closed","template":"","meta":{"footnotes":""},"class_list":["post-2824","page","type-page","status-publish","hentry"],"yoast_head":"<!-- This site is optimized with the Yoast SEO plugin v27.5 - https:\/\/yoast.com\/product\/yoast-seo-wordpress\/ -->\n<title>Stock m\u00ednimo y Stock \u00f3ptimo | Tutoriales de Secre<\/title>\n<meta name=\"robots\" content=\"index, follow, max-snippet:-1, max-image-preview:large, max-video-preview:-1\" \/>\n<link rel=\"canonical\" href=\"https:\/\/aplimedia.com\/tutoriales\/articulos-stock-almacen\/stock-minimo-y-optimo\/\" \/>\n<meta property=\"og:locale\" content=\"es_ES\" \/>\n<meta property=\"og:type\" content=\"article\" \/>\n<meta property=\"og:title\" content=\"Stock m\u00ednimo y Stock \u00f3ptimo | Tutoriales de Secre\" \/>\n<meta property=\"og:description\" content=\"Indica en Secre cu\u00e1l es el stock m\u00ednimo y el stock \u00f3ptimo para cada uno de tus art\u00edculos.\u00a0 Si trabajas con m\u00e1s de un almac\u00e9n, podr\u00e1s indicar stock m\u00ednimo y \u00f3ptimo para cada uno de ellos. Paso 1: El primer paso es acceder al m\u00f3dulo de Art\u00edculos y Servicios desde la pantalla principal de Secre. [&hellip;]\" \/>\n<meta property=\"og:url\" content=\"https:\/\/aplimedia.com\/tutoriales\/articulos-stock-almacen\/stock-minimo-y-optimo\/\" \/>\n<meta property=\"og:site_name\" content=\"Tutoriales de Secre\" \/>\n<meta property=\"article:modified_time\" content=\"2025-03-14T10:52:02+00:00\" \/>\n<meta property=\"og:image\" content=\"https:\/\/aplimedia.com\/tutoriales\/wp-content\/uploads\/2019\/04\/stockminimoystockoptimo.gif\" \/>\n\t<meta property=\"og:image:width\" content=\"802\" \/>\n\t<meta property=\"og:image:height\" content=\"557\" \/>\n\t<meta property=\"og:image:type\" content=\"image\/gif\" \/>\n<meta name=\"twitter:card\" content=\"summary_large_image\" \/>\n<meta name=\"twitter:label1\" content=\"Tiempo de lectura\" \/>\n\t<meta name=\"twitter:data1\" content=\"2 minutos\" \/>\n<script type=\"application\/ld+json\" class=\"yoast-schema-graph\">{\"@context\":\"https:\\\/\\\/schema.org\",\"@graph\":[{\"@type\":\"WebPage\",\"@id\":\"https:\\\/\\\/aplimedia.com\\\/tutoriales\\\/articulos-stock-almacen\\\/stock-minimo-y-optimo\\\/\",\"url\":\"https:\\\/\\\/aplimedia.com\\\/tutoriales\\\/articulos-stock-almacen\\\/stock-minimo-y-optimo\\\/\",\"name\":\"Stock m\u00ednimo y Stock \u00f3ptimo | Tutoriales de Secre\",\"isPartOf\":{\"@id\":\"https:\\\/\\\/aplimedia.com\\\/tutoriales\\\/#website\"},\"primaryImageOfPage\":{\"@id\":\"https:\\\/\\\/aplimedia.com\\\/tutoriales\\\/articulos-stock-almacen\\\/stock-minimo-y-optimo\\\/#primaryimage\"},\"image\":{\"@id\":\"https:\\\/\\\/aplimedia.com\\\/tutoriales\\\/articulos-stock-almacen\\\/stock-minimo-y-optimo\\\/#primaryimage\"},\"thumbnailUrl\":\"https:\\\/\\\/aplimedia.com\\\/tutoriales\\\/wp-content\\\/uploads\\\/2019\\\/04\\\/stockminimoystockoptimo.gif\",\"datePublished\":\"2019-04-10T15:12:13+00:00\",\"dateModified\":\"2025-03-14T10:52:02+00:00\",\"breadcrumb\":{\"@id\":\"https:\\\/\\\/aplimedia.com\\\/tutoriales\\\/articulos-stock-almacen\\\/stock-minimo-y-optimo\\\/#breadcrumb\"},\"inLanguage\":\"es\",\"potentialAction\":[{\"@type\":\"ReadAction\",\"target\":[\"https:\\\/\\\/aplimedia.com\\\/tutoriales\\\/articulos-stock-almacen\\\/stock-minimo-y-optimo\\\/\"]}]},{\"@type\":\"ImageObject\",\"inLanguage\":\"es\",\"@id\":\"https:\\\/\\\/aplimedia.com\\\/tutoriales\\\/articulos-stock-almacen\\\/stock-minimo-y-optimo\\\/#primaryimage\",\"url\":\"https:\\\/\\\/aplimedia.com\\\/tutoriales\\\/wp-content\\\/uploads\\\/2019\\\/04\\\/stockminimoystockoptimo.gif\",\"contentUrl\":\"https:\\\/\\\/aplimedia.com\\\/tutoriales\\\/wp-content\\\/uploads\\\/2019\\\/04\\\/stockminimoystockoptimo.gif\",\"width\":802,\"height\":557},{\"@type\":\"BreadcrumbList\",\"@id\":\"https:\\\/\\\/aplimedia.com\\\/tutoriales\\\/articulos-stock-almacen\\\/stock-minimo-y-optimo\\\/#breadcrumb\",\"itemListElement\":[{\"@type\":\"ListItem\",\"position\":1,\"name\":\"Tutoriales\",\"item\":\"https:\\\/\\\/aplimedia.com\\\/tutoriales\\\/\"},{\"@type\":\"ListItem\",\"position\":2,\"name\":\"Art\u00edculos, servicios, stock y almac\u00e9n\",\"item\":\"https:\\\/\\\/aplimedia.com\\\/tutoriales\\\/articulos-stock-almacen\\\/\"},{\"@type\":\"ListItem\",\"position\":3,\"name\":\"Stock m\u00ednimo y Stock \u00f3ptimo\"}]},{\"@type\":\"WebSite\",\"@id\":\"https:\\\/\\\/aplimedia.com\\\/tutoriales\\\/#website\",\"url\":\"https:\\\/\\\/aplimedia.com\\\/tutoriales\\\/\",\"name\":\"Tutoriales de Secre\",\"description\":\"Tutoriales del software de gesti\u00f3n Secre\",\"publisher\":{\"@id\":\"https:\\\/\\\/aplimedia.com\\\/tutoriales\\\/#organization\"},\"potentialAction\":[{\"@type\":\"SearchAction\",\"target\":{\"@type\":\"EntryPoint\",\"urlTemplate\":\"https:\\\/\\\/aplimedia.com\\\/tutoriales\\\/?s={search_term_string}\"},\"query-input\":{\"@type\":\"PropertyValueSpecification\",\"valueRequired\":true,\"valueName\":\"search_term_string\"}}],\"inLanguage\":\"es\"},{\"@type\":\"Organization\",\"@id\":\"https:\\\/\\\/aplimedia.com\\\/tutoriales\\\/#organization\",\"name\":\"Tutoriales de Secre\",\"url\":\"https:\\\/\\\/aplimedia.com\\\/tutoriales\\\/\",\"logo\":{\"@type\":\"ImageObject\",\"inLanguage\":\"es\",\"@id\":\"https:\\\/\\\/aplimedia.com\\\/tutoriales\\\/#\\\/schema\\\/logo\\\/image\\\/\",\"url\":\"https:\\\/\\\/aplimedia.com\\\/tutoriales\\\/wp-content\\\/uploads\\\/2022\\\/03\\\/cropped-logotipo-aplimedia.png\",\"contentUrl\":\"https:\\\/\\\/aplimedia.com\\\/tutoriales\\\/wp-content\\\/uploads\\\/2022\\\/03\\\/cropped-logotipo-aplimedia.png\",\"width\":2000,\"height\":658,\"caption\":\"Tutoriales de Secre\"},\"image\":{\"@id\":\"https:\\\/\\\/aplimedia.com\\\/tutoriales\\\/#\\\/schema\\\/logo\\\/image\\\/\"}}]}<\/script>\n<!-- \/ Yoast SEO plugin. -->","yoast_head_json":{"title":"Stock m\u00ednimo y Stock \u00f3ptimo | Tutoriales de Secre","robots":{"index":"index","follow":"follow","max-snippet":"max-snippet:-1","max-image-preview":"max-image-preview:large","max-video-preview":"max-video-preview:-1"},"canonical":"https:\/\/aplimedia.com\/tutoriales\/articulos-stock-almacen\/stock-minimo-y-optimo\/","og_locale":"es_ES","og_type":"article","og_title":"Stock m\u00ednimo y Stock \u00f3ptimo | Tutoriales de Secre","og_description":"Indica en Secre cu\u00e1l es el stock m\u00ednimo y el stock \u00f3ptimo para cada uno de tus art\u00edculos.\u00a0 Si trabajas con m\u00e1s de un almac\u00e9n, podr\u00e1s indicar stock m\u00ednimo y \u00f3ptimo para cada uno de ellos. Paso 1: El primer paso es acceder al m\u00f3dulo de Art\u00edculos y Servicios desde la pantalla principal de Secre. [&hellip;]","og_url":"https:\/\/aplimedia.com\/tutoriales\/articulos-stock-almacen\/stock-minimo-y-optimo\/","og_site_name":"Tutoriales de Secre","article_modified_time":"2025-03-14T10:52:02+00:00","og_image":[{"width":802,"height":557,"url":"https:\/\/aplimedia.com\/tutoriales\/wp-content\/uploads\/2019\/04\/stockminimoystockoptimo.gif","type":"image\/gif"}],"twitter_card":"summary_large_image","twitter_misc":{"Tiempo de lectura":"2 minutos"},"schema":{"@context":"https:\/\/schema.org","@graph":[{"@type":"WebPage","@id":"https:\/\/aplimedia.com\/tutoriales\/articulos-stock-almacen\/stock-minimo-y-optimo\/","url":"https:\/\/aplimedia.com\/tutoriales\/articulos-stock-almacen\/stock-minimo-y-optimo\/","name":"Stock m\u00ednimo y Stock \u00f3ptimo | Tutoriales de Secre","isPartOf":{"@id":"https:\/\/aplimedia.com\/tutoriales\/#website"},"primaryImageOfPage":{"@id":"https:\/\/aplimedia.com\/tutoriales\/articulos-stock-almacen\/stock-minimo-y-optimo\/#primaryimage"},"image":{"@id":"https:\/\/aplimedia.com\/tutoriales\/articulos-stock-almacen\/stock-minimo-y-optimo\/#primaryimage"},"thumbnailUrl":"https:\/\/aplimedia.com\/tutoriales\/wp-content\/uploads\/2019\/04\/stockminimoystockoptimo.gif","datePublished":"2019-04-10T15:12:13+00:00","dateModified":"2025-03-14T10:52:02+00:00","breadcrumb":{"@id":"https:\/\/aplimedia.com\/tutoriales\/articulos-stock-almacen\/stock-minimo-y-optimo\/#breadcrumb"},"inLanguage":"es","potentialAction":[{"@type":"ReadAction","target":["https:\/\/aplimedia.com\/tutoriales\/articulos-stock-almacen\/stock-minimo-y-optimo\/"]}]},{"@type":"ImageObject","inLanguage":"es","@id":"https:\/\/aplimedia.com\/tutoriales\/articulos-stock-almacen\/stock-minimo-y-optimo\/#primaryimage","url":"https:\/\/aplimedia.com\/tutoriales\/wp-content\/uploads\/2019\/04\/stockminimoystockoptimo.gif","contentUrl":"https:\/\/aplimedia.com\/tutoriales\/wp-content\/uploads\/2019\/04\/stockminimoystockoptimo.gif","width":802,"height":557},{"@type":"BreadcrumbList","@id":"https:\/\/aplimedia.com\/tutoriales\/articulos-stock-almacen\/stock-minimo-y-optimo\/#breadcrumb","itemListElement":[{"@type":"ListItem","position":1,"name":"Tutoriales","item":"https:\/\/aplimedia.com\/tutoriales\/"},{"@type":"ListItem","position":2,"name":"Art\u00edculos, servicios, stock y almac\u00e9n","item":"https:\/\/aplimedia.com\/tutoriales\/articulos-stock-almacen\/"},{"@type":"ListItem","position":3,"name":"Stock m\u00ednimo y Stock \u00f3ptimo"}]},{"@type":"WebSite","@id":"https:\/\/aplimedia.com\/tutoriales\/#website","url":"https:\/\/aplimedia.com\/tutoriales\/","name":"Tutoriales de Secre","description":"Tutoriales del software de gesti\u00f3n Secre","publisher":{"@id":"https:\/\/aplimedia.com\/tutoriales\/#organization"},"potentialAction":[{"@type":"SearchAction","target":{"@type":"EntryPoint","urlTemplate":"https:\/\/aplimedia.com\/tutoriales\/?s={search_term_string}"},"query-input":{"@type":"PropertyValueSpecification","valueRequired":true,"valueName":"search_term_string"}}],"inLanguage":"es"},{"@type":"Organization","@id":"https:\/\/aplimedia.com\/tutoriales\/#organization","name":"Tutoriales de Secre","url":"https:\/\/aplimedia.com\/tutoriales\/","logo":{"@type":"ImageObject","inLanguage":"es","@id":"https:\/\/aplimedia.com\/tutoriales\/#\/schema\/logo\/image\/","url":"https:\/\/aplimedia.com\/tutoriales\/wp-content\/uploads\/2022\/03\/cropped-logotipo-aplimedia.png","contentUrl":"https:\/\/aplimedia.com\/tutoriales\/wp-content\/uploads\/2022\/03\/cropped-logotipo-aplimedia.png","width":2000,"height":658,"caption":"Tutoriales de Secre"},"image":{"@id":"https:\/\/aplimedia.com\/tutoriales\/#\/schema\/logo\/image\/"}}]}},"_links":{"self":[{"href":"https:\/\/aplimedia.com\/tutoriales\/wp-json\/wp\/v2\/pages\/2824","targetHints":{"allow":["GET"]}}],"collection":[{"href":"https:\/\/aplimedia.com\/tutoriales\/wp-json\/wp\/v2\/pages"}],"about":[{"href":"https:\/\/aplimedia.com\/tutoriales\/wp-json\/wp\/v2\/types\/page"}],"author":[{"embeddable":true,"href":"https:\/\/aplimedia.com\/tutoriales\/wp-json\/wp\/v2\/users\/1"}],"replies":[{"embeddable":true,"href":"https:\/\/aplimedia.com\/tutoriales\/wp-json\/wp\/v2\/comments?post=2824"}],"version-history":[{"count":0,"href":"https:\/\/aplimedia.com\/tutoriales\/wp-json\/wp\/v2\/pages\/2824\/revisions"}],"up":[{"embeddable":true,"href":"https:\/\/aplimedia.com\/tutoriales\/wp-json\/wp\/v2\/pages\/1776"}],"wp:attachment":[{"href":"https:\/\/aplimedia.com\/tutoriales\/wp-json\/wp\/v2\/media?parent=2824"}],"curies":[{"name":"wp","href":"https:\/\/api.w.org\/{rel}","templated":true}]}}