{"id":2811,"date":"2019-04-08T14:09:41","date_gmt":"2019-04-08T14:09:41","guid":{"rendered":"https:\/\/aplimedia.com\/tutoriales\/?page_id=2811"},"modified":"2025-03-12T16:11:09","modified_gmt":"2025-03-12T16:11:09","slug":"activar-modulo-fabricacion","status":"publish","type":"page","link":"https:\/\/aplimedia.com\/tutoriales\/fabricacion\/activar-modulo-fabricacion\/","title":{"rendered":"C\u00f3mo activar el m\u00f3dulo de fabricaci\u00f3n"},"content":{"rendered":"\t\t<div data-elementor-type=\"wp-post\" data-elementor-id=\"2811\" class=\"elementor elementor-2811\" data-elementor-post-type=\"page\">\n\t\t\t\t\t\t<section class=\"elementor-section elementor-top-section elementor-element elementor-element-1954c7a3 elementor-section-stretched elementor-section-boxed elementor-section-height-default elementor-section-height-default\" data-id=\"1954c7a3\" data-element_type=\"section\" data-e-type=\"section\" data-settings=\"{&quot;stretch_section&quot;:&quot;section-stretched&quot;}\">\n\t\t\t\t\t\t<div class=\"elementor-container elementor-column-gap-default\">\n\t\t\t\t\t<div class=\"elementor-column elementor-col-100 elementor-top-column elementor-element elementor-element-1f113700\" data-id=\"1f113700\" data-element_type=\"column\" data-e-type=\"column\">\n\t\t\t<div class=\"elementor-widget-wrap elementor-element-populated\">\n\t\t\t\t\t\t<div class=\"elementor-element elementor-element-519a596d elementor-widget elementor-widget-text-editor\" data-id=\"519a596d\" data-element_type=\"widget\" data-e-type=\"widget\" data-widget_type=\"text-editor.default\">\n\t\t\t\t<div class=\"elementor-widget-container\">\n\t\t\t\t\t\t\t\t\t<p>Para poder empezar a trabajar con el m\u00f3dulo de fabricaci\u00f3n el primer paso es activarlo. Puedes hacerlo t\u00fa mismo\/a en pocos pasos.<\/p>\t\t\t\t\t\t\t\t<\/div>\n\t\t\t\t<\/div>\n\t\t\t\t<div class=\"elementor-element elementor-element-3d6fabad elementor-widget elementor-widget-spacer\" data-id=\"3d6fabad\" data-element_type=\"widget\" data-e-type=\"widget\" data-widget_type=\"spacer.default\">\n\t\t\t\t<div class=\"elementor-widget-container\">\n\t\t\t\t\t\t\t<div class=\"elementor-spacer\">\n\t\t\t<div class=\"elementor-spacer-inner\"><\/div>\n\t\t<\/div>\n\t\t\t\t\t\t<\/div>\n\t\t\t\t<\/div>\n\t\t\t\t<div class=\"elementor-element elementor-element-58ed2add elementor-widget elementor-widget-heading\" data-id=\"58ed2add\" data-element_type=\"widget\" data-e-type=\"widget\" data-widget_type=\"heading.default\">\n\t\t\t\t<div class=\"elementor-widget-container\">\n\t\t\t\t\t<h2 class=\"elementor-heading-title elementor-size-default\">Paso 1:<\/h2>\t\t\t\t<\/div>\n\t\t\t\t<\/div>\n\t\t\t\t<div class=\"elementor-element elementor-element-49c056fa elementor-widget elementor-widget-text-editor\" data-id=\"49c056fa\" data-element_type=\"widget\" data-e-type=\"widget\" data-widget_type=\"text-editor.default\">\n\t\t\t\t<div class=\"elementor-widget-container\">\n\t\t\t\t\t\t\t\t\t<p>Desde la pantalla principal de Secre ve a <strong>Herramientas&gt;Par\u00e1metros y valores por defecto<\/strong>.\u00a0<\/p>\t\t\t\t\t\t\t\t<\/div>\n\t\t\t\t<\/div>\n\t\t\t\t<div class=\"elementor-element elementor-element-f693fc0 elementor-widget elementor-widget-image\" data-id=\"f693fc0\" data-element_type=\"widget\" data-e-type=\"widget\" data-widget_type=\"image.default\">\n\t\t\t\t<div class=\"elementor-widget-container\">\n\t\t\t\t\t\t\t\t\t\t\t\t\t\t\t\t<a href=\"https:\/\/aplimedia.com\/tutoriales\/wp-content\/uploads\/2019\/04\/activarmodulodefabricacion.gif\" data-elementor-open-lightbox=\"yes\" data-elementor-lightbox-title=\"activarmodulodefabricacion\" data-e-action-hash=\"#elementor-action%3Aaction%3Dlightbox%26settings%3DeyJpZCI6MjgxMywidXJsIjoiaHR0cHM6XC9cL2FwbGltZWRpYS5jb21cL3R1dG9yaWFsZXNcL3dwLWNvbnRlbnRcL3VwbG9hZHNcLzIwMTlcLzA0XC9hY3RpdmFybW9kdWxvZGVmYWJyaWNhY2lvbi5naWYifQ%3D%3D\">\n\t\t\t\t\t\t\t<img fetchpriority=\"high\" decoding=\"async\" width=\"802\" height=\"557\" src=\"https:\/\/aplimedia.com\/tutoriales\/wp-content\/uploads\/2019\/04\/activarmodulodefabricacion.gif\" class=\"attachment-large size-large wp-image-2813\" alt=\"\" \/>\t\t\t\t\t\t\t\t<\/a>\n\t\t\t\t\t\t\t\t\t\t\t\t\t\t\t<\/div>\n\t\t\t\t<\/div>\n\t\t\t\t<div class=\"elementor-element elementor-element-720cc3d6 elementor-widget elementor-widget-spacer\" data-id=\"720cc3d6\" data-element_type=\"widget\" data-e-type=\"widget\" data-widget_type=\"spacer.default\">\n\t\t\t\t<div class=\"elementor-widget-container\">\n\t\t\t\t\t\t\t<div class=\"elementor-spacer\">\n\t\t\t<div class=\"elementor-spacer-inner\"><\/div>\n\t\t<\/div>\n\t\t\t\t\t\t<\/div>\n\t\t\t\t<\/div>\n\t\t\t\t<div class=\"elementor-element elementor-element-3845c5b7 elementor-widget elementor-widget-heading\" data-id=\"3845c5b7\" data-element_type=\"widget\" data-e-type=\"widget\" data-widget_type=\"heading.default\">\n\t\t\t\t<div class=\"elementor-widget-container\">\n\t\t\t\t\t<h2 class=\"elementor-heading-title elementor-size-default\">Paso 2:<\/h2>\t\t\t\t<\/div>\n\t\t\t\t<\/div>\n\t\t\t\t<div class=\"elementor-element elementor-element-23f80b1c elementor-widget elementor-widget-text-editor\" data-id=\"23f80b1c\" data-element_type=\"widget\" data-e-type=\"widget\" data-widget_type=\"text-editor.default\">\n\t\t\t\t<div class=\"elementor-widget-container\">\n\t\t\t\t\t\t\t\t\t<p>Ahora ve a la pesta\u00f1a <b>Opciones generales<\/b>.&nbsp;<\/p><p>Tienes que marcar la opci\u00f3n <b>Fabricaci\u00f3n <\/b>dentro del apartado&nbsp;<b>M\u00f3dulos Opcionales<\/b>.&nbsp;<\/p><p>Selecci\u00f3nalo, guarda los cambios y, si sales y entras del programa, ya lo tendr\u00e1s activado.<\/p>\t\t\t\t\t\t\t\t<\/div>\n\t\t\t\t<\/div>\n\t\t\t\t<section class=\"elementor-section elementor-inner-section elementor-element elementor-element-271e5cd3 elementor-section-boxed elementor-section-height-default elementor-section-height-default\" data-id=\"271e5cd3\" data-element_type=\"section\" data-e-type=\"section\">\n\t\t\t\t\t\t<div class=\"elementor-container elementor-column-gap-default\">\n\t\t\t\t\t<div class=\"elementor-column elementor-col-100 elementor-inner-column elementor-element elementor-element-57c106b4\" data-id=\"57c106b4\" data-element_type=\"column\" data-e-type=\"column\">\n\t\t\t<div class=\"elementor-widget-wrap elementor-element-populated\">\n\t\t\t\t\t\t<div class=\"elementor-element elementor-element-4b03d29e elementor-widget elementor-widget-image\" data-id=\"4b03d29e\" data-element_type=\"widget\" data-e-type=\"widget\" data-widget_type=\"image.default\">\n\t\t\t\t<div class=\"elementor-widget-container\">\n\t\t\t\t\t\t\t\t\t\t\t\t\t\t\t\t<a href=\"https:\/\/aplimedia.com\/tutoriales\/wp-content\/uploads\/2025\/03\/activarmodulofabricacion.jpg\" data-elementor-open-lightbox=\"yes\" data-elementor-lightbox-title=\"activarmodulofabricacion\" data-e-action-hash=\"#elementor-action%3Aaction%3Dlightbox%26settings%3DeyJpZCI6OTIwNywidXJsIjoiaHR0cHM6XC9cL2FwbGltZWRpYS5jb21cL3R1dG9yaWFsZXNcL3dwLWNvbnRlbnRcL3VwbG9hZHNcLzIwMjVcLzAzXC9hY3RpdmFybW9kdWxvZmFicmljYWNpb24uanBnIn0%3D\">\n\t\t\t\t\t\t\t<img decoding=\"async\" width=\"1919\" height=\"1028\" src=\"https:\/\/aplimedia.com\/tutoriales\/wp-content\/uploads\/2025\/03\/activarmodulofabricacion.jpg\" class=\"attachment-full size-full wp-image-9207\" alt=\"\" srcset=\"https:\/\/aplimedia.com\/tutoriales\/wp-content\/uploads\/2025\/03\/activarmodulofabricacion.jpg 1919w, https:\/\/aplimedia.com\/tutoriales\/wp-content\/uploads\/2025\/03\/activarmodulofabricacion-768x411.jpg 768w, https:\/\/aplimedia.com\/tutoriales\/wp-content\/uploads\/2025\/03\/activarmodulofabricacion-1536x823.jpg 1536w\" sizes=\"(max-width: 1919px) 100vw, 1919px\" \/>\t\t\t\t\t\t\t\t<\/a>\n\t\t\t\t\t\t\t\t\t\t\t\t\t\t\t<\/div>\n\t\t\t\t<\/div>\n\t\t\t\t\t<\/div>\n\t\t<\/div>\n\t\t\t\t\t<\/div>\n\t\t<\/section>\n\t\t\t\t<div class=\"elementor-element elementor-element-1042b61 elementor-widget elementor-widget-text-editor\" data-id=\"1042b61\" data-element_type=\"widget\" data-e-type=\"widget\" data-widget_type=\"text-editor.default\">\n\t\t\t\t<div class=\"elementor-widget-container\">\n\t\t\t\t\t\t\t\t\t<p>Sabr\u00e1s que est\u00e1 activado porque, si despliegas el men\u00fa <b>Herramientas<\/b>, desde la pantalla principal del programa, ver\u00e1s una nueva opci\u00f3n que dice <b>Fabricaci\u00f3n<\/b>, que es desde donde podr\u00e1s acceder a las pantallas del m\u00f3dulo.<\/p>\t\t\t\t\t\t\t\t<\/div>\n\t\t\t\t<\/div>\n\t\t\t\t<div class=\"elementor-element elementor-element-f016bfa elementor-widget elementor-widget-image\" data-id=\"f016bfa\" data-element_type=\"widget\" data-e-type=\"widget\" data-widget_type=\"image.default\">\n\t\t\t\t<div class=\"elementor-widget-container\">\n\t\t\t\t\t\t\t\t\t\t\t\t\t\t\t<img decoding=\"async\" width=\"899\" height=\"635\" src=\"https:\/\/aplimedia.com\/tutoriales\/wp-content\/uploads\/2025\/03\/activarmodulofabricacion2.jpg\" class=\"attachment-large size-large wp-image-9208\" alt=\"\" srcset=\"https:\/\/aplimedia.com\/tutoriales\/wp-content\/uploads\/2025\/03\/activarmodulofabricacion2.jpg 899w, https:\/\/aplimedia.com\/tutoriales\/wp-content\/uploads\/2025\/03\/activarmodulofabricacion2-768x542.jpg 768w\" sizes=\"(max-width: 899px) 100vw, 899px\" \/>\t\t\t\t\t\t\t\t\t\t\t\t\t\t\t<\/div>\n\t\t\t\t<\/div>\n\t\t\t\t<div class=\"elementor-element elementor-element-23f32b82 elementor-widget elementor-widget-spacer\" data-id=\"23f32b82\" data-element_type=\"widget\" data-e-type=\"widget\" data-widget_type=\"spacer.default\">\n\t\t\t\t<div class=\"elementor-widget-container\">\n\t\t\t\t\t\t\t<div class=\"elementor-spacer\">\n\t\t\t<div class=\"elementor-spacer-inner\"><\/div>\n\t\t<\/div>\n\t\t\t\t\t\t<\/div>\n\t\t\t\t<\/div>\n\t\t\t\t\t<\/div>\n\t\t<\/div>\n\t\t\t\t\t<\/div>\n\t\t<\/section>\n\t\t\t\t<\/div>\n\t\t","protected":false},"excerpt":{"rendered":"<p>Para poder empezar a trabajar con el m\u00f3dulo de fabricaci\u00f3n el primer paso es activarlo. Puedes hacerlo t\u00fa mismo\/a en pocos pasos. Paso 1: Desde la pantalla principal de Secre ve a Herramientas&gt;Par\u00e1metros y valores por defecto.\u00a0 Paso 2: Ahora ve a la pesta\u00f1a Opciones generales.&nbsp; Tienes que marcar la opci\u00f3n Fabricaci\u00f3n dentro del apartado&nbsp;M\u00f3dulos [&hellip;]<\/p>\n","protected":false},"author":1,"featured_media":0,"parent":2797,"menu_order":0,"comment_status":"closed","ping_status":"closed","template":"","meta":{"footnotes":""},"class_list":["post-2811","page","type-page","status-publish","hentry"],"yoast_head":"<!-- This site is optimized with the Yoast SEO plugin v27.5 - https:\/\/yoast.com\/product\/yoast-seo-wordpress\/ -->\n<title>C\u00f3mo activar el m\u00f3dulo de fabricaci\u00f3n | Tutoriales de Secre<\/title>\n<meta name=\"robots\" content=\"index, follow, max-snippet:-1, max-image-preview:large, max-video-preview:-1\" \/>\n<link rel=\"canonical\" href=\"https:\/\/aplimedia.com\/tutoriales\/fabricacion\/activar-modulo-fabricacion\/\" \/>\n<meta property=\"og:locale\" content=\"es_ES\" \/>\n<meta property=\"og:type\" content=\"article\" \/>\n<meta property=\"og:title\" content=\"C\u00f3mo activar el m\u00f3dulo de fabricaci\u00f3n | Tutoriales de Secre\" \/>\n<meta property=\"og:description\" content=\"Para poder empezar a trabajar con el m\u00f3dulo de fabricaci\u00f3n el primer paso es activarlo. Puedes hacerlo t\u00fa mismo\/a en pocos pasos. Paso 1: Desde la pantalla principal de Secre ve a Herramientas&gt;Par\u00e1metros y valores por defecto.\u00a0 Paso 2: Ahora ve a la pesta\u00f1a Opciones generales.&nbsp; Tienes que marcar la opci\u00f3n Fabricaci\u00f3n dentro del apartado&nbsp;M\u00f3dulos [&hellip;]\" \/>\n<meta property=\"og:url\" content=\"https:\/\/aplimedia.com\/tutoriales\/fabricacion\/activar-modulo-fabricacion\/\" \/>\n<meta property=\"og:site_name\" content=\"Tutoriales de Secre\" \/>\n<meta property=\"article:modified_time\" content=\"2025-03-12T16:11:09+00:00\" \/>\n<meta property=\"og:image\" content=\"https:\/\/aplimedia.com\/tutoriales\/wp-content\/uploads\/2019\/04\/activarmodulodefabricacion.gif\" \/>\n\t<meta property=\"og:image:width\" content=\"802\" \/>\n\t<meta property=\"og:image:height\" content=\"557\" \/>\n\t<meta property=\"og:image:type\" content=\"image\/gif\" \/>\n<meta name=\"twitter:card\" content=\"summary_large_image\" \/>\n<meta name=\"twitter:label1\" content=\"Tiempo de lectura\" \/>\n\t<meta name=\"twitter:data1\" content=\"2 minutos\" \/>\n<script type=\"application\/ld+json\" class=\"yoast-schema-graph\">{\"@context\":\"https:\\\/\\\/schema.org\",\"@graph\":[{\"@type\":\"WebPage\",\"@id\":\"https:\\\/\\\/aplimedia.com\\\/tutoriales\\\/fabricacion\\\/activar-modulo-fabricacion\\\/\",\"url\":\"https:\\\/\\\/aplimedia.com\\\/tutoriales\\\/fabricacion\\\/activar-modulo-fabricacion\\\/\",\"name\":\"C\u00f3mo activar el m\u00f3dulo de fabricaci\u00f3n | Tutoriales de Secre\",\"isPartOf\":{\"@id\":\"https:\\\/\\\/aplimedia.com\\\/tutoriales\\\/#website\"},\"primaryImageOfPage\":{\"@id\":\"https:\\\/\\\/aplimedia.com\\\/tutoriales\\\/fabricacion\\\/activar-modulo-fabricacion\\\/#primaryimage\"},\"image\":{\"@id\":\"https:\\\/\\\/aplimedia.com\\\/tutoriales\\\/fabricacion\\\/activar-modulo-fabricacion\\\/#primaryimage\"},\"thumbnailUrl\":\"https:\\\/\\\/aplimedia.com\\\/tutoriales\\\/wp-content\\\/uploads\\\/2019\\\/04\\\/activarmodulodefabricacion.gif\",\"datePublished\":\"2019-04-08T14:09:41+00:00\",\"dateModified\":\"2025-03-12T16:11:09+00:00\",\"breadcrumb\":{\"@id\":\"https:\\\/\\\/aplimedia.com\\\/tutoriales\\\/fabricacion\\\/activar-modulo-fabricacion\\\/#breadcrumb\"},\"inLanguage\":\"es\",\"potentialAction\":[{\"@type\":\"ReadAction\",\"target\":[\"https:\\\/\\\/aplimedia.com\\\/tutoriales\\\/fabricacion\\\/activar-modulo-fabricacion\\\/\"]}]},{\"@type\":\"ImageObject\",\"inLanguage\":\"es\",\"@id\":\"https:\\\/\\\/aplimedia.com\\\/tutoriales\\\/fabricacion\\\/activar-modulo-fabricacion\\\/#primaryimage\",\"url\":\"https:\\\/\\\/aplimedia.com\\\/tutoriales\\\/wp-content\\\/uploads\\\/2019\\\/04\\\/activarmodulodefabricacion.gif\",\"contentUrl\":\"https:\\\/\\\/aplimedia.com\\\/tutoriales\\\/wp-content\\\/uploads\\\/2019\\\/04\\\/activarmodulodefabricacion.gif\",\"width\":802,\"height\":557},{\"@type\":\"BreadcrumbList\",\"@id\":\"https:\\\/\\\/aplimedia.com\\\/tutoriales\\\/fabricacion\\\/activar-modulo-fabricacion\\\/#breadcrumb\",\"itemListElement\":[{\"@type\":\"ListItem\",\"position\":1,\"name\":\"Tutoriales\",\"item\":\"https:\\\/\\\/aplimedia.com\\\/tutoriales\\\/\"},{\"@type\":\"ListItem\",\"position\":2,\"name\":\"Fabricaci\u00f3n\",\"item\":\"https:\\\/\\\/aplimedia.com\\\/tutoriales\\\/fabricacion\\\/\"},{\"@type\":\"ListItem\",\"position\":3,\"name\":\"C\u00f3mo activar el m\u00f3dulo de fabricaci\u00f3n\"}]},{\"@type\":\"WebSite\",\"@id\":\"https:\\\/\\\/aplimedia.com\\\/tutoriales\\\/#website\",\"url\":\"https:\\\/\\\/aplimedia.com\\\/tutoriales\\\/\",\"name\":\"Tutoriales de Secre\",\"description\":\"Tutoriales del software de gesti\u00f3n Secre\",\"publisher\":{\"@id\":\"https:\\\/\\\/aplimedia.com\\\/tutoriales\\\/#organization\"},\"potentialAction\":[{\"@type\":\"SearchAction\",\"target\":{\"@type\":\"EntryPoint\",\"urlTemplate\":\"https:\\\/\\\/aplimedia.com\\\/tutoriales\\\/?s={search_term_string}\"},\"query-input\":{\"@type\":\"PropertyValueSpecification\",\"valueRequired\":true,\"valueName\":\"search_term_string\"}}],\"inLanguage\":\"es\"},{\"@type\":\"Organization\",\"@id\":\"https:\\\/\\\/aplimedia.com\\\/tutoriales\\\/#organization\",\"name\":\"Tutoriales de Secre\",\"url\":\"https:\\\/\\\/aplimedia.com\\\/tutoriales\\\/\",\"logo\":{\"@type\":\"ImageObject\",\"inLanguage\":\"es\",\"@id\":\"https:\\\/\\\/aplimedia.com\\\/tutoriales\\\/#\\\/schema\\\/logo\\\/image\\\/\",\"url\":\"https:\\\/\\\/aplimedia.com\\\/tutoriales\\\/wp-content\\\/uploads\\\/2022\\\/03\\\/cropped-logotipo-aplimedia.png\",\"contentUrl\":\"https:\\\/\\\/aplimedia.com\\\/tutoriales\\\/wp-content\\\/uploads\\\/2022\\\/03\\\/cropped-logotipo-aplimedia.png\",\"width\":2000,\"height\":658,\"caption\":\"Tutoriales de Secre\"},\"image\":{\"@id\":\"https:\\\/\\\/aplimedia.com\\\/tutoriales\\\/#\\\/schema\\\/logo\\\/image\\\/\"}}]}<\/script>\n<!-- \/ Yoast SEO plugin. -->","yoast_head_json":{"title":"C\u00f3mo activar el m\u00f3dulo de fabricaci\u00f3n | Tutoriales de Secre","robots":{"index":"index","follow":"follow","max-snippet":"max-snippet:-1","max-image-preview":"max-image-preview:large","max-video-preview":"max-video-preview:-1"},"canonical":"https:\/\/aplimedia.com\/tutoriales\/fabricacion\/activar-modulo-fabricacion\/","og_locale":"es_ES","og_type":"article","og_title":"C\u00f3mo activar el m\u00f3dulo de fabricaci\u00f3n | Tutoriales de Secre","og_description":"Para poder empezar a trabajar con el m\u00f3dulo de fabricaci\u00f3n el primer paso es activarlo. Puedes hacerlo t\u00fa mismo\/a en pocos pasos. Paso 1: Desde la pantalla principal de Secre ve a Herramientas&gt;Par\u00e1metros y valores por defecto.\u00a0 Paso 2: Ahora ve a la pesta\u00f1a Opciones generales.&nbsp; Tienes que marcar la opci\u00f3n Fabricaci\u00f3n dentro del apartado&nbsp;M\u00f3dulos [&hellip;]","og_url":"https:\/\/aplimedia.com\/tutoriales\/fabricacion\/activar-modulo-fabricacion\/","og_site_name":"Tutoriales de Secre","article_modified_time":"2025-03-12T16:11:09+00:00","og_image":[{"width":802,"height":557,"url":"https:\/\/aplimedia.com\/tutoriales\/wp-content\/uploads\/2019\/04\/activarmodulodefabricacion.gif","type":"image\/gif"}],"twitter_card":"summary_large_image","twitter_misc":{"Tiempo de lectura":"2 minutos"},"schema":{"@context":"https:\/\/schema.org","@graph":[{"@type":"WebPage","@id":"https:\/\/aplimedia.com\/tutoriales\/fabricacion\/activar-modulo-fabricacion\/","url":"https:\/\/aplimedia.com\/tutoriales\/fabricacion\/activar-modulo-fabricacion\/","name":"C\u00f3mo activar el m\u00f3dulo de fabricaci\u00f3n | Tutoriales de Secre","isPartOf":{"@id":"https:\/\/aplimedia.com\/tutoriales\/#website"},"primaryImageOfPage":{"@id":"https:\/\/aplimedia.com\/tutoriales\/fabricacion\/activar-modulo-fabricacion\/#primaryimage"},"image":{"@id":"https:\/\/aplimedia.com\/tutoriales\/fabricacion\/activar-modulo-fabricacion\/#primaryimage"},"thumbnailUrl":"https:\/\/aplimedia.com\/tutoriales\/wp-content\/uploads\/2019\/04\/activarmodulodefabricacion.gif","datePublished":"2019-04-08T14:09:41+00:00","dateModified":"2025-03-12T16:11:09+00:00","breadcrumb":{"@id":"https:\/\/aplimedia.com\/tutoriales\/fabricacion\/activar-modulo-fabricacion\/#breadcrumb"},"inLanguage":"es","potentialAction":[{"@type":"ReadAction","target":["https:\/\/aplimedia.com\/tutoriales\/fabricacion\/activar-modulo-fabricacion\/"]}]},{"@type":"ImageObject","inLanguage":"es","@id":"https:\/\/aplimedia.com\/tutoriales\/fabricacion\/activar-modulo-fabricacion\/#primaryimage","url":"https:\/\/aplimedia.com\/tutoriales\/wp-content\/uploads\/2019\/04\/activarmodulodefabricacion.gif","contentUrl":"https:\/\/aplimedia.com\/tutoriales\/wp-content\/uploads\/2019\/04\/activarmodulodefabricacion.gif","width":802,"height":557},{"@type":"BreadcrumbList","@id":"https:\/\/aplimedia.com\/tutoriales\/fabricacion\/activar-modulo-fabricacion\/#breadcrumb","itemListElement":[{"@type":"ListItem","position":1,"name":"Tutoriales","item":"https:\/\/aplimedia.com\/tutoriales\/"},{"@type":"ListItem","position":2,"name":"Fabricaci\u00f3n","item":"https:\/\/aplimedia.com\/tutoriales\/fabricacion\/"},{"@type":"ListItem","position":3,"name":"C\u00f3mo activar el m\u00f3dulo de fabricaci\u00f3n"}]},{"@type":"WebSite","@id":"https:\/\/aplimedia.com\/tutoriales\/#website","url":"https:\/\/aplimedia.com\/tutoriales\/","name":"Tutoriales de Secre","description":"Tutoriales del software de gesti\u00f3n Secre","publisher":{"@id":"https:\/\/aplimedia.com\/tutoriales\/#organization"},"potentialAction":[{"@type":"SearchAction","target":{"@type":"EntryPoint","urlTemplate":"https:\/\/aplimedia.com\/tutoriales\/?s={search_term_string}"},"query-input":{"@type":"PropertyValueSpecification","valueRequired":true,"valueName":"search_term_string"}}],"inLanguage":"es"},{"@type":"Organization","@id":"https:\/\/aplimedia.com\/tutoriales\/#organization","name":"Tutoriales de Secre","url":"https:\/\/aplimedia.com\/tutoriales\/","logo":{"@type":"ImageObject","inLanguage":"es","@id":"https:\/\/aplimedia.com\/tutoriales\/#\/schema\/logo\/image\/","url":"https:\/\/aplimedia.com\/tutoriales\/wp-content\/uploads\/2022\/03\/cropped-logotipo-aplimedia.png","contentUrl":"https:\/\/aplimedia.com\/tutoriales\/wp-content\/uploads\/2022\/03\/cropped-logotipo-aplimedia.png","width":2000,"height":658,"caption":"Tutoriales de Secre"},"image":{"@id":"https:\/\/aplimedia.com\/tutoriales\/#\/schema\/logo\/image\/"}}]}},"_links":{"self":[{"href":"https:\/\/aplimedia.com\/tutoriales\/wp-json\/wp\/v2\/pages\/2811","targetHints":{"allow":["GET"]}}],"collection":[{"href":"https:\/\/aplimedia.com\/tutoriales\/wp-json\/wp\/v2\/pages"}],"about":[{"href":"https:\/\/aplimedia.com\/tutoriales\/wp-json\/wp\/v2\/types\/page"}],"author":[{"embeddable":true,"href":"https:\/\/aplimedia.com\/tutoriales\/wp-json\/wp\/v2\/users\/1"}],"replies":[{"embeddable":true,"href":"https:\/\/aplimedia.com\/tutoriales\/wp-json\/wp\/v2\/comments?post=2811"}],"version-history":[{"count":0,"href":"https:\/\/aplimedia.com\/tutoriales\/wp-json\/wp\/v2\/pages\/2811\/revisions"}],"up":[{"embeddable":true,"href":"https:\/\/aplimedia.com\/tutoriales\/wp-json\/wp\/v2\/pages\/2797"}],"wp:attachment":[{"href":"https:\/\/aplimedia.com\/tutoriales\/wp-json\/wp\/v2\/media?parent=2811"}],"curies":[{"name":"wp","href":"https:\/\/api.w.org\/{rel}","templated":true}]}}