{"id":2799,"date":"2019-04-08T13:07:09","date_gmt":"2019-04-08T13:07:09","guid":{"rendered":"https:\/\/aplimedia.com\/tutoriales\/?page_id=2799"},"modified":"2025-03-12T16:54:50","modified_gmt":"2025-03-12T16:54:50","slug":"articulo-fabricable","status":"publish","type":"page","link":"https:\/\/aplimedia.com\/tutoriales\/fabricacion\/articulo-fabricable\/","title":{"rendered":"Marcar un art\u00edculo como fabricable"},"content":{"rendered":"\t\t<div data-elementor-type=\"wp-post\" data-elementor-id=\"2799\" class=\"elementor elementor-2799\" data-elementor-post-type=\"page\">\n\t\t\t\t\t\t<section class=\"elementor-section elementor-top-section elementor-element elementor-element-1954c7a3 elementor-section-stretched elementor-section-boxed elementor-section-height-default elementor-section-height-default\" data-id=\"1954c7a3\" data-element_type=\"section\" data-e-type=\"section\" data-settings=\"{&quot;stretch_section&quot;:&quot;section-stretched&quot;}\">\n\t\t\t\t\t\t<div class=\"elementor-container elementor-column-gap-default\">\n\t\t\t\t\t<div class=\"elementor-column elementor-col-100 elementor-top-column elementor-element elementor-element-1f113700\" data-id=\"1f113700\" data-element_type=\"column\" data-e-type=\"column\">\n\t\t\t<div class=\"elementor-widget-wrap elementor-element-populated\">\n\t\t\t\t\t\t<div class=\"elementor-element elementor-element-519a596d elementor-widget elementor-widget-text-editor\" data-id=\"519a596d\" data-element_type=\"widget\" data-e-type=\"widget\" data-widget_type=\"text-editor.default\">\n\t\t\t\t<div class=\"elementor-widget-container\">\n\t\t\t\t\t\t\t\t\t<p>Para poder trabajar con el m\u00f3dulo de fabricaci\u00f3n es necesario que tengas dados de alta en tu base de datos art\u00edculos compuestos. En otro tutorial ya te explicamos c\u00f3mo crear art\u00edculos compuestos, puedes consultarlo aqu\u00ed: <a href=\"https:\/\/aplimedia.com\/tutoriales\/articulos-stock-almacen\/crear-articulos-compuestos\/\">C\u00f3mo crear art\u00edculos compuestos<\/a>.<\/p><p>Pero tambi\u00e9n tenemos la posibilidad de <strong>marcar<\/strong> un art\u00edculo cualquiera de nuestra base de datos <strong>como fabricable<\/strong> para poder utilizarlo en fabricaci\u00f3n. Es una opci\u00f3n que te puede servir si quieres trabajar con art\u00edculos en fabricaci\u00f3n pero por alguna raz\u00f3n no te interesa indicar sus componentes.<\/p>\t\t\t\t\t\t\t\t<\/div>\n\t\t\t\t<\/div>\n\t\t\t\t<div class=\"elementor-element elementor-element-3d6fabad elementor-widget elementor-widget-spacer\" data-id=\"3d6fabad\" data-element_type=\"widget\" data-e-type=\"widget\" data-widget_type=\"spacer.default\">\n\t\t\t\t<div class=\"elementor-widget-container\">\n\t\t\t\t\t\t\t<div class=\"elementor-spacer\">\n\t\t\t<div class=\"elementor-spacer-inner\"><\/div>\n\t\t<\/div>\n\t\t\t\t\t\t<\/div>\n\t\t\t\t<\/div>\n\t\t\t\t<div class=\"elementor-element elementor-element-58ed2add elementor-widget elementor-widget-heading\" data-id=\"58ed2add\" data-element_type=\"widget\" data-e-type=\"widget\" data-widget_type=\"heading.default\">\n\t\t\t\t<div class=\"elementor-widget-container\">\n\t\t\t\t\t<h2 class=\"elementor-heading-title elementor-size-default\">Paso 1:<\/h2>\t\t\t\t<\/div>\n\t\t\t\t<\/div>\n\t\t\t\t<div class=\"elementor-element elementor-element-49c056fa elementor-widget elementor-widget-text-editor\" data-id=\"49c056fa\" data-element_type=\"widget\" data-e-type=\"widget\" data-widget_type=\"text-editor.default\">\n\t\t\t\t<div class=\"elementor-widget-container\">\n\t\t\t\t\t\t\t\t\t<p>Ve a <b>Art\u00edculos y Servicios<\/b> y despu\u00e9s navega hasta el art\u00edculo en cuesti\u00f3n que quieras marcar como fabricable (puedes buscarlo con los prism\u00e1ticos, seleccionarlo en la lista de abajo, navegar entre tus art\u00edculos con las flechas&#8230;). Una vez en \u00e9l, haz click en la pesta\u00f1a <b>Componentes<\/b>.<\/p>\t\t\t\t\t\t\t\t<\/div>\n\t\t\t\t<\/div>\n\t\t\t\t<section class=\"elementor-section elementor-inner-section elementor-element elementor-element-7274672d elementor-section-boxed elementor-section-height-default elementor-section-height-default\" data-id=\"7274672d\" data-element_type=\"section\" data-e-type=\"section\">\n\t\t\t\t\t\t<div class=\"elementor-container elementor-column-gap-default\">\n\t\t\t\t\t<div class=\"elementor-column elementor-col-100 elementor-inner-column elementor-element elementor-element-370d141d\" data-id=\"370d141d\" data-element_type=\"column\" data-e-type=\"column\">\n\t\t\t<div class=\"elementor-widget-wrap elementor-element-populated\">\n\t\t\t\t\t\t<div class=\"elementor-element elementor-element-f693fc0 elementor-widget elementor-widget-image\" data-id=\"f693fc0\" data-element_type=\"widget\" data-e-type=\"widget\" data-widget_type=\"image.default\">\n\t\t\t\t<div class=\"elementor-widget-container\">\n\t\t\t\t\t\t\t\t\t\t\t\t\t\t\t\t<a href=\"https:\/\/aplimedia.com\/tutoriales\/wp-content\/uploads\/2019\/04\/marcararticulocomofabricable1.png\" data-elementor-open-lightbox=\"yes\" data-elementor-lightbox-title=\"marcararticulocomofabricable1\" data-e-action-hash=\"#elementor-action%3Aaction%3Dlightbox%26settings%3DeyJpZCI6MjgwNCwidXJsIjoiaHR0cHM6XC9cL2FwbGltZWRpYS5jb21cL3R1dG9yaWFsZXNcL3dwLWNvbnRlbnRcL3VwbG9hZHNcLzIwMTlcLzA0XC9tYXJjYXJhcnRpY3Vsb2NvbW9mYWJyaWNhYmxlMS5wbmcifQ%3D%3D\">\n\t\t\t\t\t\t\t<img fetchpriority=\"high\" decoding=\"async\" width=\"1024\" height=\"708\" src=\"https:\/\/aplimedia.com\/tutoriales\/wp-content\/uploads\/2019\/04\/marcararticulocomofabricable1-1024x708.png\" class=\"attachment-large size-large wp-image-2804\" alt=\"\" srcset=\"https:\/\/aplimedia.com\/tutoriales\/wp-content\/uploads\/2019\/04\/marcararticulocomofabricable1-1024x708.png 1024w, https:\/\/aplimedia.com\/tutoriales\/wp-content\/uploads\/2019\/04\/marcararticulocomofabricable1-300x208.png 300w, https:\/\/aplimedia.com\/tutoriales\/wp-content\/uploads\/2019\/04\/marcararticulocomofabricable1-768x531.png 768w, https:\/\/aplimedia.com\/tutoriales\/wp-content\/uploads\/2019\/04\/marcararticulocomofabricable1.png 1223w\" sizes=\"(max-width: 1024px) 100vw, 1024px\" \/>\t\t\t\t\t\t\t\t<\/a>\n\t\t\t\t\t\t\t\t\t\t\t\t\t\t\t<\/div>\n\t\t\t\t<\/div>\n\t\t\t\t\t<\/div>\n\t\t<\/div>\n\t\t\t\t\t<\/div>\n\t\t<\/section>\n\t\t\t\t<div class=\"elementor-element elementor-element-720cc3d6 elementor-widget elementor-widget-spacer\" data-id=\"720cc3d6\" data-element_type=\"widget\" data-e-type=\"widget\" data-widget_type=\"spacer.default\">\n\t\t\t\t<div class=\"elementor-widget-container\">\n\t\t\t\t\t\t\t<div class=\"elementor-spacer\">\n\t\t\t<div class=\"elementor-spacer-inner\"><\/div>\n\t\t<\/div>\n\t\t\t\t\t\t<\/div>\n\t\t\t\t<\/div>\n\t\t\t\t<div class=\"elementor-element elementor-element-3845c5b7 elementor-widget elementor-widget-heading\" data-id=\"3845c5b7\" data-element_type=\"widget\" data-e-type=\"widget\" data-widget_type=\"heading.default\">\n\t\t\t\t<div class=\"elementor-widget-container\">\n\t\t\t\t\t<h2 class=\"elementor-heading-title elementor-size-default\">Paso 2:<\/h2>\t\t\t\t<\/div>\n\t\t\t\t<\/div>\n\t\t\t\t<div class=\"elementor-element elementor-element-23f80b1c elementor-widget elementor-widget-text-editor\" data-id=\"23f80b1c\" data-element_type=\"widget\" data-e-type=\"widget\" data-widget_type=\"text-editor.default\">\n\t\t\t\t<div class=\"elementor-widget-container\">\n\t\t\t\t\t\t\t\t\t<p>Simplemente tienes que hacer click en el bot\u00f3n <b>Marcar como fabricable<\/b>. Secre, por defecto, crear\u00e1 un componente para ese art\u00edculo, que ser\u00e1 el art\u00edculo gen\u00e9rico.<\/p>\t\t\t\t\t\t\t\t<\/div>\n\t\t\t\t<\/div>\n\t\t\t\t<section class=\"elementor-section elementor-inner-section elementor-element elementor-element-271e5cd3 elementor-section-boxed elementor-section-height-default elementor-section-height-default\" data-id=\"271e5cd3\" data-element_type=\"section\" data-e-type=\"section\">\n\t\t\t\t\t\t<div class=\"elementor-container elementor-column-gap-default\">\n\t\t\t\t\t<div class=\"elementor-column elementor-col-100 elementor-inner-column elementor-element elementor-element-57c106b4\" data-id=\"57c106b4\" data-element_type=\"column\" data-e-type=\"column\">\n\t\t\t<div class=\"elementor-widget-wrap elementor-element-populated\">\n\t\t\t\t\t\t<div class=\"elementor-element elementor-element-4b03d29e elementor-widget elementor-widget-image\" data-id=\"4b03d29e\" data-element_type=\"widget\" data-e-type=\"widget\" data-widget_type=\"image.default\">\n\t\t\t\t<div class=\"elementor-widget-container\">\n\t\t\t\t\t\t\t\t\t\t\t\t\t\t\t\t<a href=\"https:\/\/aplimedia.com\/tutoriales\/wp-content\/uploads\/2019\/04\/marcararticulofabricable.gif\" data-elementor-open-lightbox=\"yes\" data-elementor-lightbox-title=\"marcararticulofabricable\" data-e-action-hash=\"#elementor-action%3Aaction%3Dlightbox%26settings%3DeyJpZCI6MjgwNSwidXJsIjoiaHR0cHM6XC9cL2FwbGltZWRpYS5jb21cL3R1dG9yaWFsZXNcL3dwLWNvbnRlbnRcL3VwbG9hZHNcLzIwMTlcLzA0XC9tYXJjYXJhcnRpY3Vsb2ZhYnJpY2FibGUuZ2lmIn0%3D\">\n\t\t\t\t\t\t\t<img decoding=\"async\" width=\"1470\" height=\"801\" src=\"https:\/\/aplimedia.com\/tutoriales\/wp-content\/uploads\/2019\/04\/marcararticulofabricable.gif\" class=\"attachment-full size-full wp-image-2805\" alt=\"\" \/>\t\t\t\t\t\t\t\t<\/a>\n\t\t\t\t\t\t\t\t\t\t\t\t\t\t\t<\/div>\n\t\t\t\t<\/div>\n\t\t\t\t\t<\/div>\n\t\t<\/div>\n\t\t\t\t\t<\/div>\n\t\t<\/section>\n\t\t\t\t<div class=\"elementor-element elementor-element-5fa620b elementor-widget elementor-widget-text-editor\" data-id=\"5fa620b\" data-element_type=\"widget\" data-e-type=\"widget\" data-widget_type=\"text-editor.default\">\n\t\t\t\t<div class=\"elementor-widget-container\">\n\t\t\t\t\t\t\t\t\t<p>Si quisieras a\u00f1adirle los componentes reales a ese art\u00edculo podr\u00edas hacerlo siguiendo los mismos pasos que cuando crear un nuevo art\u00edculo compuesto: <a href=\"https:\/\/aplimedia.com\/tutoriales\/articulos-stock-almacen\/crear-articulos-compuestos\/\">Crear un art\u00edculo compuesto<\/a>.<\/p><p>\u00a0<\/p><p>Ahora ya puedes utilizar este art\u00edculo en el m\u00f3dulo de fabricaci\u00f3n de Secre.<\/p>\t\t\t\t\t\t\t\t<\/div>\n\t\t\t\t<\/div>\n\t\t\t\t<div class=\"elementor-element elementor-element-23f32b82 elementor-widget elementor-widget-spacer\" data-id=\"23f32b82\" data-element_type=\"widget\" data-e-type=\"widget\" data-widget_type=\"spacer.default\">\n\t\t\t\t<div class=\"elementor-widget-container\">\n\t\t\t\t\t\t\t<div class=\"elementor-spacer\">\n\t\t\t<div class=\"elementor-spacer-inner\"><\/div>\n\t\t<\/div>\n\t\t\t\t\t\t<\/div>\n\t\t\t\t<\/div>\n\t\t\t\t\t<\/div>\n\t\t<\/div>\n\t\t\t\t\t<\/div>\n\t\t<\/section>\n\t\t\t\t<\/div>\n\t\t","protected":false},"excerpt":{"rendered":"<p>Para poder trabajar con el m\u00f3dulo de fabricaci\u00f3n es necesario que tengas dados de alta en tu base de datos art\u00edculos compuestos. En otro tutorial ya te explicamos c\u00f3mo crear art\u00edculos compuestos, puedes consultarlo aqu\u00ed: C\u00f3mo crear art\u00edculos compuestos. Pero tambi\u00e9n tenemos la posibilidad de marcar un art\u00edculo cualquiera de nuestra base de datos como [&hellip;]<\/p>\n","protected":false},"author":1,"featured_media":0,"parent":2797,"menu_order":0,"comment_status":"closed","ping_status":"closed","template":"","meta":{"footnotes":""},"class_list":["post-2799","page","type-page","status-publish","hentry"],"yoast_head":"<!-- This site is optimized with the Yoast SEO plugin v27.5 - https:\/\/yoast.com\/product\/yoast-seo-wordpress\/ -->\n<title>Marcar un art\u00edculo como fabricable | Tutoriales de Secre<\/title>\n<meta name=\"robots\" content=\"index, follow, max-snippet:-1, max-image-preview:large, max-video-preview:-1\" \/>\n<link rel=\"canonical\" href=\"https:\/\/aplimedia.com\/tutoriales\/fabricacion\/articulo-fabricable\/\" \/>\n<meta property=\"og:locale\" content=\"es_ES\" \/>\n<meta property=\"og:type\" content=\"article\" \/>\n<meta property=\"og:title\" content=\"Marcar un art\u00edculo como fabricable | Tutoriales de Secre\" \/>\n<meta property=\"og:description\" content=\"Para poder trabajar con el m\u00f3dulo de fabricaci\u00f3n es necesario que tengas dados de alta en tu base de datos art\u00edculos compuestos. En otro tutorial ya te explicamos c\u00f3mo crear art\u00edculos compuestos, puedes consultarlo aqu\u00ed: C\u00f3mo crear art\u00edculos compuestos. Pero tambi\u00e9n tenemos la posibilidad de marcar un art\u00edculo cualquiera de nuestra base de datos como [&hellip;]\" \/>\n<meta property=\"og:url\" content=\"https:\/\/aplimedia.com\/tutoriales\/fabricacion\/articulo-fabricable\/\" \/>\n<meta property=\"og:site_name\" content=\"Tutoriales de Secre\" \/>\n<meta property=\"article:modified_time\" content=\"2025-03-12T16:54:50+00:00\" \/>\n<meta property=\"og:image\" content=\"https:\/\/aplimedia.com\/tutoriales\/wp-content\/uploads\/2019\/04\/marcararticulocomofabricable1.png\" \/>\n\t<meta property=\"og:image:width\" content=\"1223\" \/>\n\t<meta property=\"og:image:height\" content=\"846\" \/>\n\t<meta property=\"og:image:type\" content=\"image\/png\" \/>\n<meta name=\"twitter:card\" content=\"summary_large_image\" \/>\n<meta name=\"twitter:label1\" content=\"Tiempo de lectura\" \/>\n\t<meta name=\"twitter:data1\" content=\"2 minutos\" \/>\n<script type=\"application\/ld+json\" class=\"yoast-schema-graph\">{\"@context\":\"https:\\\/\\\/schema.org\",\"@graph\":[{\"@type\":\"WebPage\",\"@id\":\"https:\\\/\\\/aplimedia.com\\\/tutoriales\\\/fabricacion\\\/articulo-fabricable\\\/\",\"url\":\"https:\\\/\\\/aplimedia.com\\\/tutoriales\\\/fabricacion\\\/articulo-fabricable\\\/\",\"name\":\"Marcar un art\u00edculo como fabricable | Tutoriales de Secre\",\"isPartOf\":{\"@id\":\"https:\\\/\\\/aplimedia.com\\\/tutoriales\\\/#website\"},\"primaryImageOfPage\":{\"@id\":\"https:\\\/\\\/aplimedia.com\\\/tutoriales\\\/fabricacion\\\/articulo-fabricable\\\/#primaryimage\"},\"image\":{\"@id\":\"https:\\\/\\\/aplimedia.com\\\/tutoriales\\\/fabricacion\\\/articulo-fabricable\\\/#primaryimage\"},\"thumbnailUrl\":\"https:\\\/\\\/aplimedia.com\\\/tutoriales\\\/wp-content\\\/uploads\\\/2019\\\/04\\\/marcararticulocomofabricable1-1024x708.png\",\"datePublished\":\"2019-04-08T13:07:09+00:00\",\"dateModified\":\"2025-03-12T16:54:50+00:00\",\"breadcrumb\":{\"@id\":\"https:\\\/\\\/aplimedia.com\\\/tutoriales\\\/fabricacion\\\/articulo-fabricable\\\/#breadcrumb\"},\"inLanguage\":\"es\",\"potentialAction\":[{\"@type\":\"ReadAction\",\"target\":[\"https:\\\/\\\/aplimedia.com\\\/tutoriales\\\/fabricacion\\\/articulo-fabricable\\\/\"]}]},{\"@type\":\"ImageObject\",\"inLanguage\":\"es\",\"@id\":\"https:\\\/\\\/aplimedia.com\\\/tutoriales\\\/fabricacion\\\/articulo-fabricable\\\/#primaryimage\",\"url\":\"https:\\\/\\\/aplimedia.com\\\/tutoriales\\\/wp-content\\\/uploads\\\/2019\\\/04\\\/marcararticulocomofabricable1.png\",\"contentUrl\":\"https:\\\/\\\/aplimedia.com\\\/tutoriales\\\/wp-content\\\/uploads\\\/2019\\\/04\\\/marcararticulocomofabricable1.png\",\"width\":1223,\"height\":846},{\"@type\":\"BreadcrumbList\",\"@id\":\"https:\\\/\\\/aplimedia.com\\\/tutoriales\\\/fabricacion\\\/articulo-fabricable\\\/#breadcrumb\",\"itemListElement\":[{\"@type\":\"ListItem\",\"position\":1,\"name\":\"Tutoriales\",\"item\":\"https:\\\/\\\/aplimedia.com\\\/tutoriales\\\/\"},{\"@type\":\"ListItem\",\"position\":2,\"name\":\"Fabricaci\u00f3n\",\"item\":\"https:\\\/\\\/aplimedia.com\\\/tutoriales\\\/fabricacion\\\/\"},{\"@type\":\"ListItem\",\"position\":3,\"name\":\"Marcar un art\u00edculo como fabricable\"}]},{\"@type\":\"WebSite\",\"@id\":\"https:\\\/\\\/aplimedia.com\\\/tutoriales\\\/#website\",\"url\":\"https:\\\/\\\/aplimedia.com\\\/tutoriales\\\/\",\"name\":\"Tutoriales de Secre\",\"description\":\"Tutoriales del software de gesti\u00f3n Secre\",\"publisher\":{\"@id\":\"https:\\\/\\\/aplimedia.com\\\/tutoriales\\\/#organization\"},\"potentialAction\":[{\"@type\":\"SearchAction\",\"target\":{\"@type\":\"EntryPoint\",\"urlTemplate\":\"https:\\\/\\\/aplimedia.com\\\/tutoriales\\\/?s={search_term_string}\"},\"query-input\":{\"@type\":\"PropertyValueSpecification\",\"valueRequired\":true,\"valueName\":\"search_term_string\"}}],\"inLanguage\":\"es\"},{\"@type\":\"Organization\",\"@id\":\"https:\\\/\\\/aplimedia.com\\\/tutoriales\\\/#organization\",\"name\":\"Tutoriales de Secre\",\"url\":\"https:\\\/\\\/aplimedia.com\\\/tutoriales\\\/\",\"logo\":{\"@type\":\"ImageObject\",\"inLanguage\":\"es\",\"@id\":\"https:\\\/\\\/aplimedia.com\\\/tutoriales\\\/#\\\/schema\\\/logo\\\/image\\\/\",\"url\":\"https:\\\/\\\/aplimedia.com\\\/tutoriales\\\/wp-content\\\/uploads\\\/2022\\\/03\\\/cropped-logotipo-aplimedia.png\",\"contentUrl\":\"https:\\\/\\\/aplimedia.com\\\/tutoriales\\\/wp-content\\\/uploads\\\/2022\\\/03\\\/cropped-logotipo-aplimedia.png\",\"width\":2000,\"height\":658,\"caption\":\"Tutoriales de Secre\"},\"image\":{\"@id\":\"https:\\\/\\\/aplimedia.com\\\/tutoriales\\\/#\\\/schema\\\/logo\\\/image\\\/\"}}]}<\/script>\n<!-- \/ Yoast SEO plugin. -->","yoast_head_json":{"title":"Marcar un art\u00edculo como fabricable | Tutoriales de Secre","robots":{"index":"index","follow":"follow","max-snippet":"max-snippet:-1","max-image-preview":"max-image-preview:large","max-video-preview":"max-video-preview:-1"},"canonical":"https:\/\/aplimedia.com\/tutoriales\/fabricacion\/articulo-fabricable\/","og_locale":"es_ES","og_type":"article","og_title":"Marcar un art\u00edculo como fabricable | Tutoriales de Secre","og_description":"Para poder trabajar con el m\u00f3dulo de fabricaci\u00f3n es necesario que tengas dados de alta en tu base de datos art\u00edculos compuestos. En otro tutorial ya te explicamos c\u00f3mo crear art\u00edculos compuestos, puedes consultarlo aqu\u00ed: C\u00f3mo crear art\u00edculos compuestos. Pero tambi\u00e9n tenemos la posibilidad de marcar un art\u00edculo cualquiera de nuestra base de datos como [&hellip;]","og_url":"https:\/\/aplimedia.com\/tutoriales\/fabricacion\/articulo-fabricable\/","og_site_name":"Tutoriales de Secre","article_modified_time":"2025-03-12T16:54:50+00:00","og_image":[{"width":1223,"height":846,"url":"https:\/\/aplimedia.com\/tutoriales\/wp-content\/uploads\/2019\/04\/marcararticulocomofabricable1.png","type":"image\/png"}],"twitter_card":"summary_large_image","twitter_misc":{"Tiempo de lectura":"2 minutos"},"schema":{"@context":"https:\/\/schema.org","@graph":[{"@type":"WebPage","@id":"https:\/\/aplimedia.com\/tutoriales\/fabricacion\/articulo-fabricable\/","url":"https:\/\/aplimedia.com\/tutoriales\/fabricacion\/articulo-fabricable\/","name":"Marcar un art\u00edculo como fabricable | Tutoriales de Secre","isPartOf":{"@id":"https:\/\/aplimedia.com\/tutoriales\/#website"},"primaryImageOfPage":{"@id":"https:\/\/aplimedia.com\/tutoriales\/fabricacion\/articulo-fabricable\/#primaryimage"},"image":{"@id":"https:\/\/aplimedia.com\/tutoriales\/fabricacion\/articulo-fabricable\/#primaryimage"},"thumbnailUrl":"https:\/\/aplimedia.com\/tutoriales\/wp-content\/uploads\/2019\/04\/marcararticulocomofabricable1-1024x708.png","datePublished":"2019-04-08T13:07:09+00:00","dateModified":"2025-03-12T16:54:50+00:00","breadcrumb":{"@id":"https:\/\/aplimedia.com\/tutoriales\/fabricacion\/articulo-fabricable\/#breadcrumb"},"inLanguage":"es","potentialAction":[{"@type":"ReadAction","target":["https:\/\/aplimedia.com\/tutoriales\/fabricacion\/articulo-fabricable\/"]}]},{"@type":"ImageObject","inLanguage":"es","@id":"https:\/\/aplimedia.com\/tutoriales\/fabricacion\/articulo-fabricable\/#primaryimage","url":"https:\/\/aplimedia.com\/tutoriales\/wp-content\/uploads\/2019\/04\/marcararticulocomofabricable1.png","contentUrl":"https:\/\/aplimedia.com\/tutoriales\/wp-content\/uploads\/2019\/04\/marcararticulocomofabricable1.png","width":1223,"height":846},{"@type":"BreadcrumbList","@id":"https:\/\/aplimedia.com\/tutoriales\/fabricacion\/articulo-fabricable\/#breadcrumb","itemListElement":[{"@type":"ListItem","position":1,"name":"Tutoriales","item":"https:\/\/aplimedia.com\/tutoriales\/"},{"@type":"ListItem","position":2,"name":"Fabricaci\u00f3n","item":"https:\/\/aplimedia.com\/tutoriales\/fabricacion\/"},{"@type":"ListItem","position":3,"name":"Marcar un art\u00edculo como fabricable"}]},{"@type":"WebSite","@id":"https:\/\/aplimedia.com\/tutoriales\/#website","url":"https:\/\/aplimedia.com\/tutoriales\/","name":"Tutoriales de Secre","description":"Tutoriales del software de gesti\u00f3n Secre","publisher":{"@id":"https:\/\/aplimedia.com\/tutoriales\/#organization"},"potentialAction":[{"@type":"SearchAction","target":{"@type":"EntryPoint","urlTemplate":"https:\/\/aplimedia.com\/tutoriales\/?s={search_term_string}"},"query-input":{"@type":"PropertyValueSpecification","valueRequired":true,"valueName":"search_term_string"}}],"inLanguage":"es"},{"@type":"Organization","@id":"https:\/\/aplimedia.com\/tutoriales\/#organization","name":"Tutoriales de Secre","url":"https:\/\/aplimedia.com\/tutoriales\/","logo":{"@type":"ImageObject","inLanguage":"es","@id":"https:\/\/aplimedia.com\/tutoriales\/#\/schema\/logo\/image\/","url":"https:\/\/aplimedia.com\/tutoriales\/wp-content\/uploads\/2022\/03\/cropped-logotipo-aplimedia.png","contentUrl":"https:\/\/aplimedia.com\/tutoriales\/wp-content\/uploads\/2022\/03\/cropped-logotipo-aplimedia.png","width":2000,"height":658,"caption":"Tutoriales de Secre"},"image":{"@id":"https:\/\/aplimedia.com\/tutoriales\/#\/schema\/logo\/image\/"}}]}},"_links":{"self":[{"href":"https:\/\/aplimedia.com\/tutoriales\/wp-json\/wp\/v2\/pages\/2799","targetHints":{"allow":["GET"]}}],"collection":[{"href":"https:\/\/aplimedia.com\/tutoriales\/wp-json\/wp\/v2\/pages"}],"about":[{"href":"https:\/\/aplimedia.com\/tutoriales\/wp-json\/wp\/v2\/types\/page"}],"author":[{"embeddable":true,"href":"https:\/\/aplimedia.com\/tutoriales\/wp-json\/wp\/v2\/users\/1"}],"replies":[{"embeddable":true,"href":"https:\/\/aplimedia.com\/tutoriales\/wp-json\/wp\/v2\/comments?post=2799"}],"version-history":[{"count":0,"href":"https:\/\/aplimedia.com\/tutoriales\/wp-json\/wp\/v2\/pages\/2799\/revisions"}],"up":[{"embeddable":true,"href":"https:\/\/aplimedia.com\/tutoriales\/wp-json\/wp\/v2\/pages\/2797"}],"wp:attachment":[{"href":"https:\/\/aplimedia.com\/tutoriales\/wp-json\/wp\/v2\/media?parent=2799"}],"curies":[{"name":"wp","href":"https:\/\/api.w.org\/{rel}","templated":true}]}}