{"id":2672,"date":"2019-04-01T13:45:22","date_gmt":"2019-04-01T13:45:22","guid":{"rendered":"https:\/\/aplimedia.com\/tutoriales\/?page_id=2672"},"modified":"2025-03-12T11:58:47","modified_gmt":"2025-03-12T11:58:47","slug":"cuentas-ingresos-gastos","status":"publish","type":"page","link":"https:\/\/aplimedia.com\/tutoriales\/movimientos-cobros-y-pagos\/cuentas-ingresos-gastos\/","title":{"rendered":"A\u00f1adir cuentas de ingresos y gastos"},"content":{"rendered":"\t\t<div data-elementor-type=\"wp-post\" data-elementor-id=\"2672\" class=\"elementor elementor-2672\" data-elementor-post-type=\"page\">\n\t\t\t\t\t\t<section class=\"elementor-section elementor-top-section elementor-element elementor-element-4594cb3e elementor-section-stretched elementor-section-boxed elementor-section-height-default elementor-section-height-default\" data-id=\"4594cb3e\" data-element_type=\"section\" data-e-type=\"section\" data-settings=\"{&quot;stretch_section&quot;:&quot;section-stretched&quot;}\">\n\t\t\t\t\t\t<div class=\"elementor-container elementor-column-gap-default\">\n\t\t\t\t\t<div class=\"elementor-column elementor-col-100 elementor-top-column elementor-element elementor-element-53a1879d\" data-id=\"53a1879d\" data-element_type=\"column\" data-e-type=\"column\">\n\t\t\t<div class=\"elementor-widget-wrap elementor-element-populated\">\n\t\t\t\t\t\t<div class=\"elementor-element elementor-element-186f29e2 elementor-widget elementor-widget-text-editor\" data-id=\"186f29e2\" data-element_type=\"widget\" data-e-type=\"widget\" data-widget_type=\"text-editor.default\">\n\t\t\t\t<div class=\"elementor-widget-container\">\n\t\t\t\t\t\t\t\t\t<p>Cuando introducimos en Secre un movimiento en Movimientos de Cobros y Pagos, tenemos que escoger de entre los conceptos que tenemos dados de alta en el programa, de modo que dicho movimiento vaya a la <strong>cuenta contable correspondiente<\/strong>.&nbsp;<\/p>\t\t\t\t\t\t\t\t<\/div>\n\t\t\t\t<\/div>\n\t\t\t\t<div class=\"elementor-element elementor-element-7210a46 elementor-widget elementor-widget-image\" data-id=\"7210a46\" data-element_type=\"widget\" data-e-type=\"widget\" data-widget_type=\"image.default\">\n\t\t\t\t<div class=\"elementor-widget-container\">\n\t\t\t\t\t\t\t\t\t\t\t\t\t\t\t<img fetchpriority=\"high\" decoding=\"async\" width=\"1024\" height=\"504\" src=\"https:\/\/aplimedia.com\/tutoriales\/wp-content\/uploads\/2019\/04\/cuentasdeingresosygastos-1024x504.png\" class=\"attachment-large size-large wp-image-2674\" alt=\"\" srcset=\"https:\/\/aplimedia.com\/tutoriales\/wp-content\/uploads\/2019\/04\/cuentasdeingresosygastos-1024x504.png 1024w, https:\/\/aplimedia.com\/tutoriales\/wp-content\/uploads\/2019\/04\/cuentasdeingresosygastos-300x148.png 300w, https:\/\/aplimedia.com\/tutoriales\/wp-content\/uploads\/2019\/04\/cuentasdeingresosygastos-768x378.png 768w, https:\/\/aplimedia.com\/tutoriales\/wp-content\/uploads\/2019\/04\/cuentasdeingresosygastos.png 1322w\" sizes=\"(max-width: 1024px) 100vw, 1024px\" \/>\t\t\t\t\t\t\t\t\t\t\t\t\t\t\t<\/div>\n\t\t\t\t<\/div>\n\t\t\t\t<div class=\"elementor-element elementor-element-9179b46 elementor-widget elementor-widget-text-editor\" data-id=\"9179b46\" data-element_type=\"widget\" data-e-type=\"widget\" data-widget_type=\"text-editor.default\">\n\t\t\t\t<div class=\"elementor-widget-container\">\n\t\t\t\t\t\t\t\t\t<p>Puede darse el caso de que necesitemos utilizar una <strong>cuenta de ingresos o de gastos<\/strong> que no tengamos dada de alta en el programa. Vamos a ver los pasos para crearla.<\/p>\t\t\t\t\t\t\t\t<\/div>\n\t\t\t\t<\/div>\n\t\t\t\t<div class=\"elementor-element elementor-element-f88e4ee elementor-widget elementor-widget-spacer\" data-id=\"f88e4ee\" data-element_type=\"widget\" data-e-type=\"widget\" data-widget_type=\"spacer.default\">\n\t\t\t\t<div class=\"elementor-widget-container\">\n\t\t\t\t\t\t\t<div class=\"elementor-spacer\">\n\t\t\t<div class=\"elementor-spacer-inner\"><\/div>\n\t\t<\/div>\n\t\t\t\t\t\t<\/div>\n\t\t\t\t<\/div>\n\t\t\t\t<div class=\"elementor-element elementor-element-a6b0b32 elementor-widget elementor-widget-heading\" data-id=\"a6b0b32\" data-element_type=\"widget\" data-e-type=\"widget\" data-widget_type=\"heading.default\">\n\t\t\t\t<div class=\"elementor-widget-container\">\n\t\t\t\t\t<h2 class=\"elementor-heading-title elementor-size-default\">Paso 1:<\/h2>\t\t\t\t<\/div>\n\t\t\t\t<\/div>\n\t\t\t\t<div class=\"elementor-element elementor-element-8cbfa08 elementor-widget elementor-widget-text-editor\" data-id=\"8cbfa08\" data-element_type=\"widget\" data-e-type=\"widget\" data-widget_type=\"text-editor.default\">\n\t\t\t\t<div class=\"elementor-widget-container\">\n\t\t\t\t\t\t\t\t\t<p>Desde la pantalla principal del programa, ve <em><strong>Herramientas&gt;Tablas auxiliares<\/strong><\/em>:<\/p>\t\t\t\t\t\t\t\t<\/div>\n\t\t\t\t<\/div>\n\t\t\t\t<div class=\"elementor-element elementor-element-19954ad elementor-widget elementor-widget-image\" data-id=\"19954ad\" data-element_type=\"widget\" data-e-type=\"widget\" data-widget_type=\"image.default\">\n\t\t\t\t<div class=\"elementor-widget-container\">\n\t\t\t\t\t\t\t\t\t\t\t\t\t\t\t\t<a href=\"https:\/\/aplimedia.com\/tutoriales\/wp-content\/uploads\/2019\/01\/dardealtaempleados1_1.png\" data-elementor-open-lightbox=\"yes\" data-elementor-lightbox-title=\"dardealtaempleados1_1\" data-e-action-hash=\"#elementor-action%3Aaction%3Dlightbox%26settings%3DeyJpZCI6OTIxLCJ1cmwiOiJodHRwczpcL1wvYXBsaW1lZGlhLmNvbVwvdHV0b3JpYWxlc1wvd3AtY29udGVudFwvdXBsb2Fkc1wvMjAxOVwvMDFcL2RhcmRlYWx0YWVtcGxlYWRvczFfMS5wbmcifQ%3D%3D\">\n\t\t\t\t\t\t\t<img decoding=\"async\" width=\"806\" height=\"558\" src=\"https:\/\/aplimedia.com\/tutoriales\/wp-content\/uploads\/2019\/01\/dardealtaempleados1_1.png\" class=\"attachment-large size-large wp-image-921\" alt=\"\" srcset=\"https:\/\/aplimedia.com\/tutoriales\/wp-content\/uploads\/2019\/01\/dardealtaempleados1_1.png 806w, https:\/\/aplimedia.com\/tutoriales\/wp-content\/uploads\/2019\/01\/dardealtaempleados1_1-300x208.png 300w, https:\/\/aplimedia.com\/tutoriales\/wp-content\/uploads\/2019\/01\/dardealtaempleados1_1-768x532.png 768w\" sizes=\"(max-width: 806px) 100vw, 806px\" \/>\t\t\t\t\t\t\t\t<\/a>\n\t\t\t\t\t\t\t\t\t\t\t\t\t\t\t<\/div>\n\t\t\t\t<\/div>\n\t\t\t\t<div class=\"elementor-element elementor-element-887c13b elementor-widget elementor-widget-text-editor\" data-id=\"887c13b\" data-element_type=\"widget\" data-e-type=\"widget\" data-widget_type=\"text-editor.default\">\n\t\t\t\t<div class=\"elementor-widget-container\">\n\t\t\t\t\t\t\t\t\t<p>Ahora vamos a la pesta\u00f1a <strong>Conceptos Ingresos y Gastos<\/strong>.&nbsp;<\/p><p>Para a\u00f1adir un concepto, simplemente rellena el campo \u201c<b>Concepto<\/b>\u201d, selecciona a la derecha si se trata de un <b>cobro <\/b>o de un <b>pago <\/b>y rellena la <b>cuenta contable<\/b>.&nbsp;<\/p><p>Guarda con el&nbsp;<i>disquette<\/i>, y ya tendr\u00e1s disponible ese concepto para seleccionarlo en el m\u00f3dulo de <b>Movimientos de Cobros y Pagos<\/b>.<\/p>\t\t\t\t\t\t\t\t<\/div>\n\t\t\t\t<\/div>\n\t\t\t\t<section class=\"elementor-section elementor-inner-section elementor-element elementor-element-864ce82 elementor-section-boxed elementor-section-height-default elementor-section-height-default\" data-id=\"864ce82\" data-element_type=\"section\" data-e-type=\"section\">\n\t\t\t\t\t\t<div class=\"elementor-container elementor-column-gap-default\">\n\t\t\t\t\t<div class=\"elementor-column elementor-col-100 elementor-inner-column elementor-element elementor-element-db9eb96\" data-id=\"db9eb96\" data-element_type=\"column\" data-e-type=\"column\">\n\t\t\t<div class=\"elementor-widget-wrap elementor-element-populated\">\n\t\t\t\t\t\t<div class=\"elementor-element elementor-element-00f9c38 elementor-widget elementor-widget-image\" data-id=\"00f9c38\" data-element_type=\"widget\" data-e-type=\"widget\" data-widget_type=\"image.default\">\n\t\t\t\t<div class=\"elementor-widget-container\">\n\t\t\t\t\t\t\t\t\t\t\t\t\t\t\t<img decoding=\"async\" width=\"1784\" height=\"884\" src=\"https:\/\/aplimedia.com\/tutoriales\/wp-content\/uploads\/2019\/04\/CUENTASDEINGRESOSYGASTOS.gif\" class=\"attachment-full size-full wp-image-2675\" alt=\"\" \/>\t\t\t\t\t\t\t\t\t\t\t\t\t\t\t<\/div>\n\t\t\t\t<\/div>\n\t\t\t\t\t<\/div>\n\t\t<\/div>\n\t\t\t\t\t<\/div>\n\t\t<\/section>\n\t\t\t\t<div class=\"elementor-element elementor-element-6351c63 elementor-widget elementor-widget-text-editor\" data-id=\"6351c63\" data-element_type=\"widget\" data-e-type=\"widget\" data-widget_type=\"text-editor.default\">\n\t\t\t\t<div class=\"elementor-widget-container\">\n\t\t\t\t\t\t\t\t\t<p>Esos son los pasos para crear una nueva cuenta de ingresos o de gastos.&nbsp;<\/p><p>Como ves, al crear una l\u00ednea, tenemos una opci\u00f3n extra, que es la de marcar la casilla \u00abNo tener en cuenta en estad\u00edsticas\/calendario\u00bb. Si marcamos esta casilla el programa entender\u00e1 que todos los movimientos que vayan a esa cuenta ser\u00e1n <strong>previsiones de cobros y pagos<\/strong>. La creaci\u00f3n de previsiones nos permite consultar, a lo largo de un periodo, cual es el desv\u00edo respecto a lo previsto en relaci\u00f3n a lo real.<\/p>\t\t\t\t\t\t\t\t<\/div>\n\t\t\t\t<\/div>\n\t\t\t\t<div class=\"elementor-element elementor-element-b5fb8d8 elementor-widget elementor-widget-spacer\" data-id=\"b5fb8d8\" data-element_type=\"widget\" data-e-type=\"widget\" data-widget_type=\"spacer.default\">\n\t\t\t\t<div class=\"elementor-widget-container\">\n\t\t\t\t\t\t\t<div class=\"elementor-spacer\">\n\t\t\t<div class=\"elementor-spacer-inner\"><\/div>\n\t\t<\/div>\n\t\t\t\t\t\t<\/div>\n\t\t\t\t<\/div>\n\t\t\t\t\t<\/div>\n\t\t<\/div>\n\t\t\t\t\t<\/div>\n\t\t<\/section>\n\t\t\t\t<\/div>\n\t\t","protected":false},"excerpt":{"rendered":"<p>Cuando introducimos en Secre un movimiento en Movimientos de Cobros y Pagos, tenemos que escoger de entre los conceptos que tenemos dados de alta en el programa, de modo que dicho movimiento vaya a la cuenta contable correspondiente.&nbsp; Puede darse el caso de que necesitemos utilizar una cuenta de ingresos o de gastos que no [&hellip;]<\/p>\n","protected":false},"author":1,"featured_media":0,"parent":1198,"menu_order":0,"comment_status":"closed","ping_status":"closed","template":"","meta":{"footnotes":""},"class_list":["post-2672","page","type-page","status-publish","hentry"],"yoast_head":"<!-- This site is optimized with the Yoast SEO plugin v27.5 - https:\/\/yoast.com\/product\/yoast-seo-wordpress\/ -->\n<title>A\u00f1adir cuentas de ingresos y gastos | Tutoriales de Secre<\/title>\n<meta name=\"robots\" content=\"index, follow, max-snippet:-1, max-image-preview:large, max-video-preview:-1\" \/>\n<link rel=\"canonical\" href=\"https:\/\/aplimedia.com\/tutoriales\/movimientos-cobros-y-pagos\/cuentas-ingresos-gastos\/\" \/>\n<meta property=\"og:locale\" content=\"es_ES\" \/>\n<meta property=\"og:type\" content=\"article\" \/>\n<meta property=\"og:title\" content=\"A\u00f1adir cuentas de ingresos y gastos | Tutoriales de Secre\" \/>\n<meta property=\"og:description\" content=\"Cuando introducimos en Secre un movimiento en Movimientos de Cobros y Pagos, tenemos que escoger de entre los conceptos que tenemos dados de alta en el programa, de modo que dicho movimiento vaya a la cuenta contable correspondiente.&nbsp; Puede darse el caso de que necesitemos utilizar una cuenta de ingresos o de gastos que no [&hellip;]\" \/>\n<meta property=\"og:url\" content=\"https:\/\/aplimedia.com\/tutoriales\/movimientos-cobros-y-pagos\/cuentas-ingresos-gastos\/\" \/>\n<meta property=\"og:site_name\" content=\"Tutoriales de Secre\" \/>\n<meta property=\"article:modified_time\" content=\"2025-03-12T11:58:47+00:00\" \/>\n<meta property=\"og:image\" content=\"https:\/\/aplimedia.com\/tutoriales\/wp-content\/uploads\/2019\/04\/cuentasdeingresosygastos.png\" \/>\n\t<meta property=\"og:image:width\" content=\"1322\" \/>\n\t<meta property=\"og:image:height\" content=\"651\" \/>\n\t<meta property=\"og:image:type\" content=\"image\/png\" \/>\n<meta name=\"twitter:card\" content=\"summary_large_image\" \/>\n<meta name=\"twitter:label1\" content=\"Tiempo de lectura\" \/>\n\t<meta name=\"twitter:data1\" content=\"2 minutos\" \/>\n<script type=\"application\/ld+json\" class=\"yoast-schema-graph\">{\"@context\":\"https:\\\/\\\/schema.org\",\"@graph\":[{\"@type\":\"WebPage\",\"@id\":\"https:\\\/\\\/aplimedia.com\\\/tutoriales\\\/movimientos-cobros-y-pagos\\\/cuentas-ingresos-gastos\\\/\",\"url\":\"https:\\\/\\\/aplimedia.com\\\/tutoriales\\\/movimientos-cobros-y-pagos\\\/cuentas-ingresos-gastos\\\/\",\"name\":\"A\u00f1adir cuentas de ingresos y gastos | Tutoriales de Secre\",\"isPartOf\":{\"@id\":\"https:\\\/\\\/aplimedia.com\\\/tutoriales\\\/#website\"},\"primaryImageOfPage\":{\"@id\":\"https:\\\/\\\/aplimedia.com\\\/tutoriales\\\/movimientos-cobros-y-pagos\\\/cuentas-ingresos-gastos\\\/#primaryimage\"},\"image\":{\"@id\":\"https:\\\/\\\/aplimedia.com\\\/tutoriales\\\/movimientos-cobros-y-pagos\\\/cuentas-ingresos-gastos\\\/#primaryimage\"},\"thumbnailUrl\":\"https:\\\/\\\/aplimedia.com\\\/tutoriales\\\/wp-content\\\/uploads\\\/2019\\\/04\\\/cuentasdeingresosygastos-1024x504.png\",\"datePublished\":\"2019-04-01T13:45:22+00:00\",\"dateModified\":\"2025-03-12T11:58:47+00:00\",\"breadcrumb\":{\"@id\":\"https:\\\/\\\/aplimedia.com\\\/tutoriales\\\/movimientos-cobros-y-pagos\\\/cuentas-ingresos-gastos\\\/#breadcrumb\"},\"inLanguage\":\"es\",\"potentialAction\":[{\"@type\":\"ReadAction\",\"target\":[\"https:\\\/\\\/aplimedia.com\\\/tutoriales\\\/movimientos-cobros-y-pagos\\\/cuentas-ingresos-gastos\\\/\"]}]},{\"@type\":\"ImageObject\",\"inLanguage\":\"es\",\"@id\":\"https:\\\/\\\/aplimedia.com\\\/tutoriales\\\/movimientos-cobros-y-pagos\\\/cuentas-ingresos-gastos\\\/#primaryimage\",\"url\":\"https:\\\/\\\/aplimedia.com\\\/tutoriales\\\/wp-content\\\/uploads\\\/2019\\\/04\\\/cuentasdeingresosygastos.png\",\"contentUrl\":\"https:\\\/\\\/aplimedia.com\\\/tutoriales\\\/wp-content\\\/uploads\\\/2019\\\/04\\\/cuentasdeingresosygastos.png\",\"width\":1322,\"height\":651},{\"@type\":\"BreadcrumbList\",\"@id\":\"https:\\\/\\\/aplimedia.com\\\/tutoriales\\\/movimientos-cobros-y-pagos\\\/cuentas-ingresos-gastos\\\/#breadcrumb\",\"itemListElement\":[{\"@type\":\"ListItem\",\"position\":1,\"name\":\"Tutoriales\",\"item\":\"https:\\\/\\\/aplimedia.com\\\/tutoriales\\\/\"},{\"@type\":\"ListItem\",\"position\":2,\"name\":\"Movimientos de Cobros y Pagos\",\"item\":\"https:\\\/\\\/aplimedia.com\\\/tutoriales\\\/movimientos-cobros-y-pagos\\\/\"},{\"@type\":\"ListItem\",\"position\":3,\"name\":\"A\u00f1adir cuentas de ingresos y gastos\"}]},{\"@type\":\"WebSite\",\"@id\":\"https:\\\/\\\/aplimedia.com\\\/tutoriales\\\/#website\",\"url\":\"https:\\\/\\\/aplimedia.com\\\/tutoriales\\\/\",\"name\":\"Tutoriales de Secre\",\"description\":\"Tutoriales del software de gesti\u00f3n Secre\",\"publisher\":{\"@id\":\"https:\\\/\\\/aplimedia.com\\\/tutoriales\\\/#organization\"},\"potentialAction\":[{\"@type\":\"SearchAction\",\"target\":{\"@type\":\"EntryPoint\",\"urlTemplate\":\"https:\\\/\\\/aplimedia.com\\\/tutoriales\\\/?s={search_term_string}\"},\"query-input\":{\"@type\":\"PropertyValueSpecification\",\"valueRequired\":true,\"valueName\":\"search_term_string\"}}],\"inLanguage\":\"es\"},{\"@type\":\"Organization\",\"@id\":\"https:\\\/\\\/aplimedia.com\\\/tutoriales\\\/#organization\",\"name\":\"Tutoriales de Secre\",\"url\":\"https:\\\/\\\/aplimedia.com\\\/tutoriales\\\/\",\"logo\":{\"@type\":\"ImageObject\",\"inLanguage\":\"es\",\"@id\":\"https:\\\/\\\/aplimedia.com\\\/tutoriales\\\/#\\\/schema\\\/logo\\\/image\\\/\",\"url\":\"https:\\\/\\\/aplimedia.com\\\/tutoriales\\\/wp-content\\\/uploads\\\/2022\\\/03\\\/cropped-logotipo-aplimedia.png\",\"contentUrl\":\"https:\\\/\\\/aplimedia.com\\\/tutoriales\\\/wp-content\\\/uploads\\\/2022\\\/03\\\/cropped-logotipo-aplimedia.png\",\"width\":2000,\"height\":658,\"caption\":\"Tutoriales de Secre\"},\"image\":{\"@id\":\"https:\\\/\\\/aplimedia.com\\\/tutoriales\\\/#\\\/schema\\\/logo\\\/image\\\/\"}}]}<\/script>\n<!-- \/ Yoast SEO plugin. -->","yoast_head_json":{"title":"A\u00f1adir cuentas de ingresos y gastos | Tutoriales de Secre","robots":{"index":"index","follow":"follow","max-snippet":"max-snippet:-1","max-image-preview":"max-image-preview:large","max-video-preview":"max-video-preview:-1"},"canonical":"https:\/\/aplimedia.com\/tutoriales\/movimientos-cobros-y-pagos\/cuentas-ingresos-gastos\/","og_locale":"es_ES","og_type":"article","og_title":"A\u00f1adir cuentas de ingresos y gastos | Tutoriales de Secre","og_description":"Cuando introducimos en Secre un movimiento en Movimientos de Cobros y Pagos, tenemos que escoger de entre los conceptos que tenemos dados de alta en el programa, de modo que dicho movimiento vaya a la cuenta contable correspondiente.&nbsp; Puede darse el caso de que necesitemos utilizar una cuenta de ingresos o de gastos que no [&hellip;]","og_url":"https:\/\/aplimedia.com\/tutoriales\/movimientos-cobros-y-pagos\/cuentas-ingresos-gastos\/","og_site_name":"Tutoriales de Secre","article_modified_time":"2025-03-12T11:58:47+00:00","og_image":[{"width":1322,"height":651,"url":"https:\/\/aplimedia.com\/tutoriales\/wp-content\/uploads\/2019\/04\/cuentasdeingresosygastos.png","type":"image\/png"}],"twitter_card":"summary_large_image","twitter_misc":{"Tiempo de lectura":"2 minutos"},"schema":{"@context":"https:\/\/schema.org","@graph":[{"@type":"WebPage","@id":"https:\/\/aplimedia.com\/tutoriales\/movimientos-cobros-y-pagos\/cuentas-ingresos-gastos\/","url":"https:\/\/aplimedia.com\/tutoriales\/movimientos-cobros-y-pagos\/cuentas-ingresos-gastos\/","name":"A\u00f1adir cuentas de ingresos y gastos | Tutoriales de Secre","isPartOf":{"@id":"https:\/\/aplimedia.com\/tutoriales\/#website"},"primaryImageOfPage":{"@id":"https:\/\/aplimedia.com\/tutoriales\/movimientos-cobros-y-pagos\/cuentas-ingresos-gastos\/#primaryimage"},"image":{"@id":"https:\/\/aplimedia.com\/tutoriales\/movimientos-cobros-y-pagos\/cuentas-ingresos-gastos\/#primaryimage"},"thumbnailUrl":"https:\/\/aplimedia.com\/tutoriales\/wp-content\/uploads\/2019\/04\/cuentasdeingresosygastos-1024x504.png","datePublished":"2019-04-01T13:45:22+00:00","dateModified":"2025-03-12T11:58:47+00:00","breadcrumb":{"@id":"https:\/\/aplimedia.com\/tutoriales\/movimientos-cobros-y-pagos\/cuentas-ingresos-gastos\/#breadcrumb"},"inLanguage":"es","potentialAction":[{"@type":"ReadAction","target":["https:\/\/aplimedia.com\/tutoriales\/movimientos-cobros-y-pagos\/cuentas-ingresos-gastos\/"]}]},{"@type":"ImageObject","inLanguage":"es","@id":"https:\/\/aplimedia.com\/tutoriales\/movimientos-cobros-y-pagos\/cuentas-ingresos-gastos\/#primaryimage","url":"https:\/\/aplimedia.com\/tutoriales\/wp-content\/uploads\/2019\/04\/cuentasdeingresosygastos.png","contentUrl":"https:\/\/aplimedia.com\/tutoriales\/wp-content\/uploads\/2019\/04\/cuentasdeingresosygastos.png","width":1322,"height":651},{"@type":"BreadcrumbList","@id":"https:\/\/aplimedia.com\/tutoriales\/movimientos-cobros-y-pagos\/cuentas-ingresos-gastos\/#breadcrumb","itemListElement":[{"@type":"ListItem","position":1,"name":"Tutoriales","item":"https:\/\/aplimedia.com\/tutoriales\/"},{"@type":"ListItem","position":2,"name":"Movimientos de Cobros y Pagos","item":"https:\/\/aplimedia.com\/tutoriales\/movimientos-cobros-y-pagos\/"},{"@type":"ListItem","position":3,"name":"A\u00f1adir cuentas de ingresos y gastos"}]},{"@type":"WebSite","@id":"https:\/\/aplimedia.com\/tutoriales\/#website","url":"https:\/\/aplimedia.com\/tutoriales\/","name":"Tutoriales de Secre","description":"Tutoriales del software de gesti\u00f3n Secre","publisher":{"@id":"https:\/\/aplimedia.com\/tutoriales\/#organization"},"potentialAction":[{"@type":"SearchAction","target":{"@type":"EntryPoint","urlTemplate":"https:\/\/aplimedia.com\/tutoriales\/?s={search_term_string}"},"query-input":{"@type":"PropertyValueSpecification","valueRequired":true,"valueName":"search_term_string"}}],"inLanguage":"es"},{"@type":"Organization","@id":"https:\/\/aplimedia.com\/tutoriales\/#organization","name":"Tutoriales de Secre","url":"https:\/\/aplimedia.com\/tutoriales\/","logo":{"@type":"ImageObject","inLanguage":"es","@id":"https:\/\/aplimedia.com\/tutoriales\/#\/schema\/logo\/image\/","url":"https:\/\/aplimedia.com\/tutoriales\/wp-content\/uploads\/2022\/03\/cropped-logotipo-aplimedia.png","contentUrl":"https:\/\/aplimedia.com\/tutoriales\/wp-content\/uploads\/2022\/03\/cropped-logotipo-aplimedia.png","width":2000,"height":658,"caption":"Tutoriales de Secre"},"image":{"@id":"https:\/\/aplimedia.com\/tutoriales\/#\/schema\/logo\/image\/"}}]}},"_links":{"self":[{"href":"https:\/\/aplimedia.com\/tutoriales\/wp-json\/wp\/v2\/pages\/2672","targetHints":{"allow":["GET"]}}],"collection":[{"href":"https:\/\/aplimedia.com\/tutoriales\/wp-json\/wp\/v2\/pages"}],"about":[{"href":"https:\/\/aplimedia.com\/tutoriales\/wp-json\/wp\/v2\/types\/page"}],"author":[{"embeddable":true,"href":"https:\/\/aplimedia.com\/tutoriales\/wp-json\/wp\/v2\/users\/1"}],"replies":[{"embeddable":true,"href":"https:\/\/aplimedia.com\/tutoriales\/wp-json\/wp\/v2\/comments?post=2672"}],"version-history":[{"count":0,"href":"https:\/\/aplimedia.com\/tutoriales\/wp-json\/wp\/v2\/pages\/2672\/revisions"}],"up":[{"embeddable":true,"href":"https:\/\/aplimedia.com\/tutoriales\/wp-json\/wp\/v2\/pages\/1198"}],"wp:attachment":[{"href":"https:\/\/aplimedia.com\/tutoriales\/wp-json\/wp\/v2\/media?parent=2672"}],"curies":[{"name":"wp","href":"https:\/\/api.w.org\/{rel}","templated":true}]}}