{"id":2325,"date":"2019-03-06T16:58:20","date_gmt":"2019-03-06T16:58:20","guid":{"rendered":"https:\/\/aplimedia.com\/tutoriales\/?page_id=2325"},"modified":"2025-03-12T12:02:49","modified_gmt":"2025-03-12T12:02:49","slug":"anular-una-remesa","status":"publish","type":"page","link":"https:\/\/aplimedia.com\/tutoriales\/movimientos-cobros-y-pagos\/anular-una-remesa\/","title":{"rendered":"C\u00f3mo anular una remesa"},"content":{"rendered":"\t\t<div data-elementor-type=\"wp-post\" data-elementor-id=\"2325\" class=\"elementor elementor-2325\" data-elementor-post-type=\"page\">\n\t\t\t\t\t\t<section class=\"elementor-section elementor-top-section elementor-element elementor-element-4594cb3e elementor-section-stretched elementor-section-boxed elementor-section-height-default elementor-section-height-default\" data-id=\"4594cb3e\" data-element_type=\"section\" data-e-type=\"section\" data-settings=\"{&quot;stretch_section&quot;:&quot;section-stretched&quot;}\">\n\t\t\t\t\t\t<div class=\"elementor-container elementor-column-gap-default\">\n\t\t\t\t\t<div class=\"elementor-column elementor-col-100 elementor-top-column elementor-element elementor-element-53a1879d\" data-id=\"53a1879d\" data-element_type=\"column\" data-e-type=\"column\">\n\t\t\t<div class=\"elementor-widget-wrap elementor-element-populated\">\n\t\t\t\t\t\t<div class=\"elementor-element elementor-element-936657b elementor-widget elementor-widget-text-editor\" data-id=\"936657b\" data-element_type=\"widget\" data-e-type=\"widget\" data-widget_type=\"text-editor.default\">\n\t\t\t\t<div class=\"elementor-widget-container\">\n\t\t\t\t\t\t\t\t\t<p>Anular una remesa en Secre es muy sencillo y puedes hacerlo en unos pocos pasos.&nbsp;<\/p><p>Puedes ver el siguiente v\u00eddeo para ver c\u00f3mo anular una remesa, o seguir leyendo debajo del v\u00eddeo para ver el paso a paso:<\/p>\t\t\t\t\t\t\t\t<\/div>\n\t\t\t\t<\/div>\n\t\t\t\t<div class=\"elementor-element elementor-element-b528ad1 elementor-widget elementor-widget-video\" data-id=\"b528ad1\" data-element_type=\"widget\" data-e-type=\"widget\" data-settings=\"{&quot;youtube_url&quot;:&quot;https:\\\/\\\/www.youtube.com\\\/watch?v=GYaJVx68hVU&quot;,&quot;video_type&quot;:&quot;youtube&quot;,&quot;controls&quot;:&quot;yes&quot;}\" data-widget_type=\"video.default\">\n\t\t\t\t<div class=\"elementor-widget-container\">\n\t\t\t\t\t\t\t<div class=\"elementor-wrapper elementor-open-inline\">\n\t\t\t<div class=\"elementor-video\"><\/div>\t\t<\/div>\n\t\t\t\t\t\t<\/div>\n\t\t\t\t<\/div>\n\t\t\t\t<div class=\"elementor-element elementor-element-186f29e2 elementor-widget elementor-widget-text-editor\" data-id=\"186f29e2\" data-element_type=\"widget\" data-e-type=\"widget\" data-widget_type=\"text-editor.default\">\n\t\t\t\t<div class=\"elementor-widget-container\">\n\t\t\t\t\t\t\t\t\t<p>Si has realizado una remesa y necesitas anularla, puedes hacerlo f\u00e1cilmente desde la pantalla<strong> Movimientos de Cobros y Pagos<\/strong> de Secre.\u00a0<\/p><p>En este caso hablamos de c\u00f3m<b>o anular la remesa en nuestro programa de gesti\u00f3n.<\/b>\u00a0<\/p><p>Si ya has enviado la remesa al banco deber\u00e1s contactar con ellos para que te anulen la remesa.<\/p><p>Lo que har\u00e1 el programa ser\u00e1 coger los vencimientos que est\u00e1n metidos dentro de esa remesa, sacarlos fuera, volver a marcarlos como no cobrados y eliminar dicha remesa.\u00a0<\/p><p>Los movimientos seguir\u00e1n estando, no se eliminan.<\/p><p>Es importante no hacer dos remesas seguidas si nos hemos confundido: hay que anular la remesa que est\u00e1 mal en primer lugar y despu\u00e9s repetir de nuevo el proceso.<\/p>\t\t\t\t\t\t\t\t<\/div>\n\t\t\t\t<\/div>\n\t\t\t\t<div class=\"elementor-element elementor-element-f88e4ee elementor-widget elementor-widget-spacer\" data-id=\"f88e4ee\" data-element_type=\"widget\" data-e-type=\"widget\" data-widget_type=\"spacer.default\">\n\t\t\t\t<div class=\"elementor-widget-container\">\n\t\t\t\t\t\t\t<div class=\"elementor-spacer\">\n\t\t\t<div class=\"elementor-spacer-inner\"><\/div>\n\t\t<\/div>\n\t\t\t\t\t\t<\/div>\n\t\t\t\t<\/div>\n\t\t\t\t<div class=\"elementor-element elementor-element-a6b0b32 elementor-widget elementor-widget-heading\" data-id=\"a6b0b32\" data-element_type=\"widget\" data-e-type=\"widget\" data-widget_type=\"heading.default\">\n\t\t\t\t<div class=\"elementor-widget-container\">\n\t\t\t\t\t<h2 class=\"elementor-heading-title elementor-size-default\">Paso 1:<\/h2>\t\t\t\t<\/div>\n\t\t\t\t<\/div>\n\t\t\t\t<div class=\"elementor-element elementor-element-8cbfa08 elementor-widget elementor-widget-text-editor\" data-id=\"8cbfa08\" data-element_type=\"widget\" data-e-type=\"widget\" data-widget_type=\"text-editor.default\">\n\t\t\t\t<div class=\"elementor-widget-container\">\n\t\t\t\t\t\t\t\t\t<p>Desde la pantalla principal del programa, ve a <em><strong>Movimientos de Cobros y Pagos<\/strong><\/em>:<\/p>\t\t\t\t\t\t\t\t<\/div>\n\t\t\t\t<\/div>\n\t\t\t\t<div class=\"elementor-element elementor-element-19954ad elementor-widget elementor-widget-image\" data-id=\"19954ad\" data-element_type=\"widget\" data-e-type=\"widget\" data-widget_type=\"image.default\">\n\t\t\t\t<div class=\"elementor-widget-container\">\n\t\t\t\t\t\t\t\t\t\t\t\t\t\t\t\t<a href=\"https:\/\/aplimedia.com\/tutoriales\/wp-content\/uploads\/2019\/01\/funcionamientomovimientoscobrospagos.png\" data-elementor-open-lightbox=\"yes\" data-elementor-lightbox-title=\"funcionamientomovimientoscobrospagos\" data-e-action-hash=\"#elementor-action%3Aaction%3Dlightbox%26settings%3DeyJpZCI6MTE0NywidXJsIjoiaHR0cHM6XC9cL2FwbGltZWRpYS5jb21cL3R1dG9yaWFsZXNcL3dwLWNvbnRlbnRcL3VwbG9hZHNcLzIwMTlcLzAxXC9mdW5jaW9uYW1pZW50b21vdmltaWVudG9zY29icm9zcGFnb3MucG5nIn0%3D\">\n\t\t\t\t\t\t\t<img fetchpriority=\"high\" decoding=\"async\" width=\"804\" height=\"557\" src=\"https:\/\/aplimedia.com\/tutoriales\/wp-content\/uploads\/2019\/01\/funcionamientomovimientoscobrospagos.png\" class=\"attachment-large size-large wp-image-1147\" alt=\"\" srcset=\"https:\/\/aplimedia.com\/tutoriales\/wp-content\/uploads\/2019\/01\/funcionamientomovimientoscobrospagos.png 804w, https:\/\/aplimedia.com\/tutoriales\/wp-content\/uploads\/2019\/01\/funcionamientomovimientoscobrospagos-300x208.png 300w, https:\/\/aplimedia.com\/tutoriales\/wp-content\/uploads\/2019\/01\/funcionamientomovimientoscobrospagos-768x532.png 768w\" sizes=\"(max-width: 804px) 100vw, 804px\" \/>\t\t\t\t\t\t\t\t<\/a>\n\t\t\t\t\t\t\t\t\t\t\t\t\t\t\t<\/div>\n\t\t\t\t<\/div>\n\t\t\t\t<div class=\"elementor-element elementor-element-887c13b elementor-widget elementor-widget-text-editor\" data-id=\"887c13b\" data-element_type=\"widget\" data-e-type=\"widget\" data-widget_type=\"text-editor.default\">\n\t\t\t\t<div class=\"elementor-widget-container\">\n\t\t\t\t\t\t\t\t\t<p>Ahora activamos la pantalla de filtros. Como en todas las pantallas de Secre, puedes acceder a los filtros de <strong>Movimientos de Cobros y Pagos<\/strong> haciendo clic en el icono de la rueda dentada de la barra superior:<\/p>\t\t\t\t\t\t\t\t<\/div>\n\t\t\t\t<\/div>\n\t\t\t\t<div class=\"elementor-element elementor-element-00f9c38 elementor-widget elementor-widget-image\" data-id=\"00f9c38\" data-element_type=\"widget\" data-e-type=\"widget\" data-widget_type=\"image.default\">\n\t\t\t\t<div class=\"elementor-widget-container\">\n\t\t\t\t\t\t\t\t\t\t\t\t\t\t\t<img decoding=\"async\" width=\"703\" height=\"543\" src=\"https:\/\/aplimedia.com\/tutoriales\/wp-content\/uploads\/2019\/03\/movimientosdecobrosypagos.gif\" class=\"attachment-full size-full wp-image-2308\" alt=\"\" \/>\t\t\t\t\t\t\t\t\t\t\t\t\t\t\t<\/div>\n\t\t\t\t<\/div>\n\t\t\t\t<div class=\"elementor-element elementor-element-6351c63 elementor-widget elementor-widget-text-editor\" data-id=\"6351c63\" data-element_type=\"widget\" data-e-type=\"widget\" data-widget_type=\"text-editor.default\">\n\t\t\t\t<div class=\"elementor-widget-container\">\n\t\t\t\t\t\t\t\t\t<p>Vamos a seleccionar, en el campo \u00abRemesa\u00bb cu\u00e1l es la remesa que queremos anular.\u00a0<\/p><p>Una vez seleccionada, ejecuta el filtro con el rayo de la barra superior y aseg\u00farate de que se trata de la remesa correcta.<\/p>\t\t\t\t\t\t\t\t<\/div>\n\t\t\t\t<\/div>\n\t\t\t\t<section class=\"elementor-section elementor-inner-section elementor-element elementor-element-c7d7604 elementor-section-boxed elementor-section-height-default elementor-section-height-default\" data-id=\"c7d7604\" data-element_type=\"section\" data-e-type=\"section\">\n\t\t\t\t\t\t<div class=\"elementor-container elementor-column-gap-default\">\n\t\t\t\t\t<div class=\"elementor-column elementor-col-100 elementor-inner-column elementor-element elementor-element-23f1cfc\" data-id=\"23f1cfc\" data-element_type=\"column\" data-e-type=\"column\">\n\t\t\t<div class=\"elementor-widget-wrap elementor-element-populated\">\n\t\t\t\t\t\t<div class=\"elementor-element elementor-element-4c112ad elementor-widget elementor-widget-image\" data-id=\"4c112ad\" data-element_type=\"widget\" data-e-type=\"widget\" data-widget_type=\"image.default\">\n\t\t\t\t<div class=\"elementor-widget-container\">\n\t\t\t\t\t\t\t\t\t\t\t\t\t\t\t<img decoding=\"async\" width=\"1896\" height=\"845\" src=\"https:\/\/aplimedia.com\/tutoriales\/wp-content\/uploads\/2019\/03\/Comoanularrunaremesa7.png\" class=\"attachment-full size-full wp-image-2327\" alt=\"\" srcset=\"https:\/\/aplimedia.com\/tutoriales\/wp-content\/uploads\/2019\/03\/Comoanularrunaremesa7.png 1896w, https:\/\/aplimedia.com\/tutoriales\/wp-content\/uploads\/2019\/03\/Comoanularrunaremesa7-300x134.png 300w, https:\/\/aplimedia.com\/tutoriales\/wp-content\/uploads\/2019\/03\/Comoanularrunaremesa7-768x342.png 768w, https:\/\/aplimedia.com\/tutoriales\/wp-content\/uploads\/2019\/03\/Comoanularrunaremesa7-1024x456.png 1024w\" sizes=\"(max-width: 1896px) 100vw, 1896px\" \/>\t\t\t\t\t\t\t\t\t\t\t\t\t\t\t<\/div>\n\t\t\t\t<\/div>\n\t\t\t\t\t<\/div>\n\t\t<\/div>\n\t\t\t\t\t<\/div>\n\t\t<\/section>\n\t\t\t\t<div class=\"elementor-element elementor-element-4b7a6e9 elementor-widget elementor-widget-spacer\" data-id=\"4b7a6e9\" data-element_type=\"widget\" data-e-type=\"widget\" data-widget_type=\"spacer.default\">\n\t\t\t\t<div class=\"elementor-widget-container\">\n\t\t\t\t\t\t\t<div class=\"elementor-spacer\">\n\t\t\t<div class=\"elementor-spacer-inner\"><\/div>\n\t\t<\/div>\n\t\t\t\t\t\t<\/div>\n\t\t\t\t<\/div>\n\t\t\t\t<div class=\"elementor-element elementor-element-ab28642 elementor-widget elementor-widget-heading\" data-id=\"ab28642\" data-element_type=\"widget\" data-e-type=\"widget\" data-widget_type=\"heading.default\">\n\t\t\t\t<div class=\"elementor-widget-container\">\n\t\t\t\t\t<h2 class=\"elementor-heading-title elementor-size-default\">Paso 2:<\/h2>\t\t\t\t<\/div>\n\t\t\t\t<\/div>\n\t\t\t\t<div class=\"elementor-element elementor-element-b9f26c7 elementor-widget elementor-widget-text-editor\" data-id=\"b9f26c7\" data-element_type=\"widget\" data-e-type=\"widget\" data-widget_type=\"text-editor.default\">\n\t\t\t\t<div class=\"elementor-widget-container\">\n\t\t\t\t\t\t\t\t\t<p>Ahora, con el filtro ejecutado y tu listado de movimientos, ve al men\u00fa superior <strong>Remesas&gt;Borrar Remesa Seleccionada<\/strong>.&nbsp;<\/p><p>Te preguntar\u00e1 si est\u00e1s seguro, si lo est\u00e1s, marca que s\u00ed y el programa proceder\u00e1 a borrar la remesa:<\/p>\t\t\t\t\t\t\t\t<\/div>\n\t\t\t\t<\/div>\n\t\t\t\t<section class=\"elementor-section elementor-inner-section elementor-element elementor-element-4e85c37 elementor-section-boxed elementor-section-height-default elementor-section-height-default\" data-id=\"4e85c37\" data-element_type=\"section\" data-e-type=\"section\">\n\t\t\t\t\t\t<div class=\"elementor-container elementor-column-gap-default\">\n\t\t\t\t\t<div class=\"elementor-column elementor-col-100 elementor-inner-column elementor-element elementor-element-159d3f7\" data-id=\"159d3f7\" data-element_type=\"column\" data-e-type=\"column\">\n\t\t\t<div class=\"elementor-widget-wrap elementor-element-populated\">\n\t\t\t\t\t\t<div class=\"elementor-element elementor-element-975be19 elementor-widget elementor-widget-image\" data-id=\"975be19\" data-element_type=\"widget\" data-e-type=\"widget\" data-widget_type=\"image.default\">\n\t\t\t\t<div class=\"elementor-widget-container\">\n\t\t\t\t\t\t\t\t\t\t\t\t\t\t\t<img loading=\"lazy\" decoding=\"async\" width=\"1264\" height=\"832\" src=\"https:\/\/aplimedia.com\/tutoriales\/wp-content\/uploads\/2019\/03\/anularunaremesa.gif\" class=\"attachment-full size-full wp-image-2328\" alt=\"\" \/>\t\t\t\t\t\t\t\t\t\t\t\t\t\t\t<\/div>\n\t\t\t\t<\/div>\n\t\t\t\t<div class=\"elementor-element elementor-element-31fa330 elementor-widget elementor-widget-text-editor\" data-id=\"31fa330\" data-element_type=\"widget\" data-e-type=\"widget\" data-widget_type=\"text-editor.default\">\n\t\t\t\t<div class=\"elementor-widget-container\">\n\t\t\t\t\t\t\t\t\t<p>Ahora, los movimientos que estaban en esa remesa, habr\u00e1n vuelto a su estado anterior (no cobrados\/pagos y no remesados), por lo que podr\u00e1s volver a remesarlos si es necesario.<\/p>\t\t\t\t\t\t\t\t<\/div>\n\t\t\t\t<\/div>\n\t\t\t\t\t<\/div>\n\t\t<\/div>\n\t\t\t\t\t<\/div>\n\t\t<\/section>\n\t\t\t\t<div class=\"elementor-element elementor-element-b5fb8d8 elementor-widget elementor-widget-spacer\" data-id=\"b5fb8d8\" data-element_type=\"widget\" data-e-type=\"widget\" data-widget_type=\"spacer.default\">\n\t\t\t\t<div class=\"elementor-widget-container\">\n\t\t\t\t\t\t\t<div class=\"elementor-spacer\">\n\t\t\t<div class=\"elementor-spacer-inner\"><\/div>\n\t\t<\/div>\n\t\t\t\t\t\t<\/div>\n\t\t\t\t<\/div>\n\t\t\t\t\t<\/div>\n\t\t<\/div>\n\t\t\t\t\t<\/div>\n\t\t<\/section>\n\t\t\t\t<\/div>\n\t\t","protected":false},"excerpt":{"rendered":"<p>Anular una remesa en Secre es muy sencillo y puedes hacerlo en unos pocos pasos.&nbsp; Puedes ver el siguiente v\u00eddeo para ver c\u00f3mo anular una remesa, o seguir leyendo debajo del v\u00eddeo para ver el paso a paso: https:\/\/www.youtube.com\/watch?v=GYaJVx68hVU Si has realizado una remesa y necesitas anularla, puedes hacerlo f\u00e1cilmente desde la pantalla Movimientos de [&hellip;]<\/p>\n","protected":false},"author":1,"featured_media":0,"parent":1198,"menu_order":0,"comment_status":"closed","ping_status":"closed","template":"","meta":{"footnotes":""},"class_list":["post-2325","page","type-page","status-publish","hentry"],"yoast_head":"<!-- This site is optimized with the Yoast SEO plugin v27.5 - https:\/\/yoast.com\/product\/yoast-seo-wordpress\/ -->\n<title>C\u00f3mo anular una remesa | Tutoriales de Secre<\/title>\n<meta name=\"robots\" content=\"index, follow, max-snippet:-1, max-image-preview:large, max-video-preview:-1\" \/>\n<link rel=\"canonical\" href=\"https:\/\/aplimedia.com\/tutoriales\/movimientos-cobros-y-pagos\/anular-una-remesa\/\" \/>\n<meta property=\"og:locale\" content=\"es_ES\" \/>\n<meta property=\"og:type\" content=\"article\" \/>\n<meta property=\"og:title\" content=\"C\u00f3mo anular una remesa | Tutoriales de Secre\" \/>\n<meta property=\"og:description\" content=\"Anular una remesa en Secre es muy sencillo y puedes hacerlo en unos pocos pasos.&nbsp; Puedes ver el siguiente v\u00eddeo para ver c\u00f3mo anular una remesa, o seguir leyendo debajo del v\u00eddeo para ver el paso a paso: https:\/\/www.youtube.com\/watch?v=GYaJVx68hVU Si has realizado una remesa y necesitas anularla, puedes hacerlo f\u00e1cilmente desde la pantalla Movimientos de [&hellip;]\" \/>\n<meta property=\"og:url\" content=\"https:\/\/aplimedia.com\/tutoriales\/movimientos-cobros-y-pagos\/anular-una-remesa\/\" \/>\n<meta property=\"og:site_name\" content=\"Tutoriales de Secre\" \/>\n<meta property=\"article:modified_time\" content=\"2025-03-12T12:02:49+00:00\" \/>\n<meta property=\"og:image\" content=\"https:\/\/aplimedia.com\/tutoriales\/wp-content\/uploads\/2019\/01\/funcionamientomovimientoscobrospagos.png\" \/>\n\t<meta property=\"og:image:width\" content=\"804\" \/>\n\t<meta property=\"og:image:height\" content=\"557\" \/>\n\t<meta property=\"og:image:type\" content=\"image\/png\" \/>\n<meta name=\"twitter:card\" content=\"summary_large_image\" \/>\n<meta name=\"twitter:label1\" content=\"Tiempo de lectura\" \/>\n\t<meta name=\"twitter:data1\" content=\"3 minutos\" \/>\n<script type=\"application\/ld+json\" class=\"yoast-schema-graph\">{\"@context\":\"https:\\\/\\\/schema.org\",\"@graph\":[{\"@type\":\"WebPage\",\"@id\":\"https:\\\/\\\/aplimedia.com\\\/tutoriales\\\/movimientos-cobros-y-pagos\\\/anular-una-remesa\\\/\",\"url\":\"https:\\\/\\\/aplimedia.com\\\/tutoriales\\\/movimientos-cobros-y-pagos\\\/anular-una-remesa\\\/\",\"name\":\"C\u00f3mo anular una remesa | Tutoriales de Secre\",\"isPartOf\":{\"@id\":\"https:\\\/\\\/aplimedia.com\\\/tutoriales\\\/#website\"},\"primaryImageOfPage\":{\"@id\":\"https:\\\/\\\/aplimedia.com\\\/tutoriales\\\/movimientos-cobros-y-pagos\\\/anular-una-remesa\\\/#primaryimage\"},\"image\":{\"@id\":\"https:\\\/\\\/aplimedia.com\\\/tutoriales\\\/movimientos-cobros-y-pagos\\\/anular-una-remesa\\\/#primaryimage\"},\"thumbnailUrl\":\"https:\\\/\\\/aplimedia.com\\\/tutoriales\\\/wp-content\\\/uploads\\\/2019\\\/01\\\/funcionamientomovimientoscobrospagos.png\",\"datePublished\":\"2019-03-06T16:58:20+00:00\",\"dateModified\":\"2025-03-12T12:02:49+00:00\",\"breadcrumb\":{\"@id\":\"https:\\\/\\\/aplimedia.com\\\/tutoriales\\\/movimientos-cobros-y-pagos\\\/anular-una-remesa\\\/#breadcrumb\"},\"inLanguage\":\"es\",\"potentialAction\":[{\"@type\":\"ReadAction\",\"target\":[\"https:\\\/\\\/aplimedia.com\\\/tutoriales\\\/movimientos-cobros-y-pagos\\\/anular-una-remesa\\\/\"]}]},{\"@type\":\"ImageObject\",\"inLanguage\":\"es\",\"@id\":\"https:\\\/\\\/aplimedia.com\\\/tutoriales\\\/movimientos-cobros-y-pagos\\\/anular-una-remesa\\\/#primaryimage\",\"url\":\"https:\\\/\\\/aplimedia.com\\\/tutoriales\\\/wp-content\\\/uploads\\\/2019\\\/01\\\/funcionamientomovimientoscobrospagos.png\",\"contentUrl\":\"https:\\\/\\\/aplimedia.com\\\/tutoriales\\\/wp-content\\\/uploads\\\/2019\\\/01\\\/funcionamientomovimientoscobrospagos.png\",\"width\":804,\"height\":557},{\"@type\":\"BreadcrumbList\",\"@id\":\"https:\\\/\\\/aplimedia.com\\\/tutoriales\\\/movimientos-cobros-y-pagos\\\/anular-una-remesa\\\/#breadcrumb\",\"itemListElement\":[{\"@type\":\"ListItem\",\"position\":1,\"name\":\"Tutoriales\",\"item\":\"https:\\\/\\\/aplimedia.com\\\/tutoriales\\\/\"},{\"@type\":\"ListItem\",\"position\":2,\"name\":\"Movimientos de Cobros y Pagos\",\"item\":\"https:\\\/\\\/aplimedia.com\\\/tutoriales\\\/movimientos-cobros-y-pagos\\\/\"},{\"@type\":\"ListItem\",\"position\":3,\"name\":\"C\u00f3mo anular una remesa\"}]},{\"@type\":\"WebSite\",\"@id\":\"https:\\\/\\\/aplimedia.com\\\/tutoriales\\\/#website\",\"url\":\"https:\\\/\\\/aplimedia.com\\\/tutoriales\\\/\",\"name\":\"Tutoriales de Secre\",\"description\":\"Tutoriales del software de gesti\u00f3n Secre\",\"publisher\":{\"@id\":\"https:\\\/\\\/aplimedia.com\\\/tutoriales\\\/#organization\"},\"potentialAction\":[{\"@type\":\"SearchAction\",\"target\":{\"@type\":\"EntryPoint\",\"urlTemplate\":\"https:\\\/\\\/aplimedia.com\\\/tutoriales\\\/?s={search_term_string}\"},\"query-input\":{\"@type\":\"PropertyValueSpecification\",\"valueRequired\":true,\"valueName\":\"search_term_string\"}}],\"inLanguage\":\"es\"},{\"@type\":\"Organization\",\"@id\":\"https:\\\/\\\/aplimedia.com\\\/tutoriales\\\/#organization\",\"name\":\"Tutoriales de Secre\",\"url\":\"https:\\\/\\\/aplimedia.com\\\/tutoriales\\\/\",\"logo\":{\"@type\":\"ImageObject\",\"inLanguage\":\"es\",\"@id\":\"https:\\\/\\\/aplimedia.com\\\/tutoriales\\\/#\\\/schema\\\/logo\\\/image\\\/\",\"url\":\"https:\\\/\\\/aplimedia.com\\\/tutoriales\\\/wp-content\\\/uploads\\\/2022\\\/03\\\/cropped-logotipo-aplimedia.png\",\"contentUrl\":\"https:\\\/\\\/aplimedia.com\\\/tutoriales\\\/wp-content\\\/uploads\\\/2022\\\/03\\\/cropped-logotipo-aplimedia.png\",\"width\":2000,\"height\":658,\"caption\":\"Tutoriales de Secre\"},\"image\":{\"@id\":\"https:\\\/\\\/aplimedia.com\\\/tutoriales\\\/#\\\/schema\\\/logo\\\/image\\\/\"}}]}<\/script>\n<!-- \/ Yoast SEO plugin. -->","yoast_head_json":{"title":"C\u00f3mo anular una remesa | Tutoriales de Secre","robots":{"index":"index","follow":"follow","max-snippet":"max-snippet:-1","max-image-preview":"max-image-preview:large","max-video-preview":"max-video-preview:-1"},"canonical":"https:\/\/aplimedia.com\/tutoriales\/movimientos-cobros-y-pagos\/anular-una-remesa\/","og_locale":"es_ES","og_type":"article","og_title":"C\u00f3mo anular una remesa | Tutoriales de Secre","og_description":"Anular una remesa en Secre es muy sencillo y puedes hacerlo en unos pocos pasos.&nbsp; Puedes ver el siguiente v\u00eddeo para ver c\u00f3mo anular una remesa, o seguir leyendo debajo del v\u00eddeo para ver el paso a paso: https:\/\/www.youtube.com\/watch?v=GYaJVx68hVU Si has realizado una remesa y necesitas anularla, puedes hacerlo f\u00e1cilmente desde la pantalla Movimientos de [&hellip;]","og_url":"https:\/\/aplimedia.com\/tutoriales\/movimientos-cobros-y-pagos\/anular-una-remesa\/","og_site_name":"Tutoriales de Secre","article_modified_time":"2025-03-12T12:02:49+00:00","og_image":[{"width":804,"height":557,"url":"https:\/\/aplimedia.com\/tutoriales\/wp-content\/uploads\/2019\/01\/funcionamientomovimientoscobrospagos.png","type":"image\/png"}],"twitter_card":"summary_large_image","twitter_misc":{"Tiempo de lectura":"3 minutos"},"schema":{"@context":"https:\/\/schema.org","@graph":[{"@type":"WebPage","@id":"https:\/\/aplimedia.com\/tutoriales\/movimientos-cobros-y-pagos\/anular-una-remesa\/","url":"https:\/\/aplimedia.com\/tutoriales\/movimientos-cobros-y-pagos\/anular-una-remesa\/","name":"C\u00f3mo anular una remesa | Tutoriales de Secre","isPartOf":{"@id":"https:\/\/aplimedia.com\/tutoriales\/#website"},"primaryImageOfPage":{"@id":"https:\/\/aplimedia.com\/tutoriales\/movimientos-cobros-y-pagos\/anular-una-remesa\/#primaryimage"},"image":{"@id":"https:\/\/aplimedia.com\/tutoriales\/movimientos-cobros-y-pagos\/anular-una-remesa\/#primaryimage"},"thumbnailUrl":"https:\/\/aplimedia.com\/tutoriales\/wp-content\/uploads\/2019\/01\/funcionamientomovimientoscobrospagos.png","datePublished":"2019-03-06T16:58:20+00:00","dateModified":"2025-03-12T12:02:49+00:00","breadcrumb":{"@id":"https:\/\/aplimedia.com\/tutoriales\/movimientos-cobros-y-pagos\/anular-una-remesa\/#breadcrumb"},"inLanguage":"es","potentialAction":[{"@type":"ReadAction","target":["https:\/\/aplimedia.com\/tutoriales\/movimientos-cobros-y-pagos\/anular-una-remesa\/"]}]},{"@type":"ImageObject","inLanguage":"es","@id":"https:\/\/aplimedia.com\/tutoriales\/movimientos-cobros-y-pagos\/anular-una-remesa\/#primaryimage","url":"https:\/\/aplimedia.com\/tutoriales\/wp-content\/uploads\/2019\/01\/funcionamientomovimientoscobrospagos.png","contentUrl":"https:\/\/aplimedia.com\/tutoriales\/wp-content\/uploads\/2019\/01\/funcionamientomovimientoscobrospagos.png","width":804,"height":557},{"@type":"BreadcrumbList","@id":"https:\/\/aplimedia.com\/tutoriales\/movimientos-cobros-y-pagos\/anular-una-remesa\/#breadcrumb","itemListElement":[{"@type":"ListItem","position":1,"name":"Tutoriales","item":"https:\/\/aplimedia.com\/tutoriales\/"},{"@type":"ListItem","position":2,"name":"Movimientos de Cobros y Pagos","item":"https:\/\/aplimedia.com\/tutoriales\/movimientos-cobros-y-pagos\/"},{"@type":"ListItem","position":3,"name":"C\u00f3mo anular una remesa"}]},{"@type":"WebSite","@id":"https:\/\/aplimedia.com\/tutoriales\/#website","url":"https:\/\/aplimedia.com\/tutoriales\/","name":"Tutoriales de Secre","description":"Tutoriales del software de gesti\u00f3n Secre","publisher":{"@id":"https:\/\/aplimedia.com\/tutoriales\/#organization"},"potentialAction":[{"@type":"SearchAction","target":{"@type":"EntryPoint","urlTemplate":"https:\/\/aplimedia.com\/tutoriales\/?s={search_term_string}"},"query-input":{"@type":"PropertyValueSpecification","valueRequired":true,"valueName":"search_term_string"}}],"inLanguage":"es"},{"@type":"Organization","@id":"https:\/\/aplimedia.com\/tutoriales\/#organization","name":"Tutoriales de Secre","url":"https:\/\/aplimedia.com\/tutoriales\/","logo":{"@type":"ImageObject","inLanguage":"es","@id":"https:\/\/aplimedia.com\/tutoriales\/#\/schema\/logo\/image\/","url":"https:\/\/aplimedia.com\/tutoriales\/wp-content\/uploads\/2022\/03\/cropped-logotipo-aplimedia.png","contentUrl":"https:\/\/aplimedia.com\/tutoriales\/wp-content\/uploads\/2022\/03\/cropped-logotipo-aplimedia.png","width":2000,"height":658,"caption":"Tutoriales de Secre"},"image":{"@id":"https:\/\/aplimedia.com\/tutoriales\/#\/schema\/logo\/image\/"}}]}},"_links":{"self":[{"href":"https:\/\/aplimedia.com\/tutoriales\/wp-json\/wp\/v2\/pages\/2325","targetHints":{"allow":["GET"]}}],"collection":[{"href":"https:\/\/aplimedia.com\/tutoriales\/wp-json\/wp\/v2\/pages"}],"about":[{"href":"https:\/\/aplimedia.com\/tutoriales\/wp-json\/wp\/v2\/types\/page"}],"author":[{"embeddable":true,"href":"https:\/\/aplimedia.com\/tutoriales\/wp-json\/wp\/v2\/users\/1"}],"replies":[{"embeddable":true,"href":"https:\/\/aplimedia.com\/tutoriales\/wp-json\/wp\/v2\/comments?post=2325"}],"version-history":[{"count":0,"href":"https:\/\/aplimedia.com\/tutoriales\/wp-json\/wp\/v2\/pages\/2325\/revisions"}],"up":[{"embeddable":true,"href":"https:\/\/aplimedia.com\/tutoriales\/wp-json\/wp\/v2\/pages\/1198"}],"wp:attachment":[{"href":"https:\/\/aplimedia.com\/tutoriales\/wp-json\/wp\/v2\/media?parent=2325"}],"curies":[{"name":"wp","href":"https:\/\/api.w.org\/{rel}","templated":true}]}}