{"id":2296,"date":"2019-03-05T17:07:19","date_gmt":"2019-03-05T17:07:19","guid":{"rendered":"https:\/\/aplimedia.com\/tutoriales\/?page_id=2296"},"modified":"2025-03-11T10:01:46","modified_gmt":"2025-03-11T10:01:46","slug":"sujeto-pasivo","status":"publish","type":"page","link":"https:\/\/aplimedia.com\/tutoriales\/ventas\/sujeto-pasivo\/","title":{"rendered":"Sujeto Pasivo"},"content":{"rendered":"\t\t<div data-elementor-type=\"wp-post\" data-elementor-id=\"2296\" class=\"elementor elementor-2296\" data-elementor-post-type=\"page\">\n\t\t\t\t\t\t<section class=\"elementor-section elementor-top-section elementor-element elementor-element-366d52d9 elementor-section-stretched elementor-section-boxed elementor-section-height-default elementor-section-height-default\" data-id=\"366d52d9\" data-element_type=\"section\" data-e-type=\"section\" data-settings=\"{&quot;stretch_section&quot;:&quot;section-stretched&quot;}\">\n\t\t\t\t\t\t<div class=\"elementor-container elementor-column-gap-default\">\n\t\t\t\t\t<div class=\"elementor-column elementor-col-100 elementor-top-column elementor-element elementor-element-c622ff\" data-id=\"c622ff\" data-element_type=\"column\" data-e-type=\"column\">\n\t\t\t<div class=\"elementor-widget-wrap elementor-element-populated\">\n\t\t\t\t\t\t<div class=\"elementor-element elementor-element-62f53990 elementor-widget elementor-widget-text-editor\" data-id=\"62f53990\" data-element_type=\"widget\" data-e-type=\"widget\" data-widget_type=\"text-editor.default\">\n\t\t\t\t<div class=\"elementor-widget-container\">\n\t\t\t\t\t\t\t\t\t<p>Secre te permite trabajar con inversi\u00f3n del\u00a0<strong>sujeto pasivo<\/strong> tanto en compras como en ventas, pero para poder visualizar esta opci\u00f3n deberemos marcar a los clientes y\/o proveedores que correspondan como sujeto pasivo, de modo que el programa habilite esta opci\u00f3n en sus ventas o compras.<\/p>\t\t\t\t\t\t\t\t<\/div>\n\t\t\t\t<\/div>\n\t\t\t\t<div class=\"elementor-element elementor-element-4768e847 elementor-widget elementor-widget-spacer\" data-id=\"4768e847\" data-element_type=\"widget\" data-e-type=\"widget\" data-widget_type=\"spacer.default\">\n\t\t\t\t<div class=\"elementor-widget-container\">\n\t\t\t\t\t\t\t<div class=\"elementor-spacer\">\n\t\t\t<div class=\"elementor-spacer-inner\"><\/div>\n\t\t<\/div>\n\t\t\t\t\t\t<\/div>\n\t\t\t\t<\/div>\n\t\t\t\t<div class=\"elementor-element elementor-element-2bd7aea1 elementor-widget elementor-widget-heading\" data-id=\"2bd7aea1\" data-element_type=\"widget\" data-e-type=\"widget\" data-widget_type=\"heading.default\">\n\t\t\t\t<div class=\"elementor-widget-container\">\n\t\t\t\t\t<h2 class=\"elementor-heading-title elementor-size-default\">Paso 1:<\/h2>\t\t\t\t<\/div>\n\t\t\t\t<\/div>\n\t\t\t\t<div class=\"elementor-element elementor-element-2275f841 elementor-widget elementor-widget-text-editor\" data-id=\"2275f841\" data-element_type=\"widget\" data-e-type=\"widget\" data-widget_type=\"text-editor.default\">\n\t\t\t\t<div class=\"elementor-widget-container\">\n\t\t\t\t\t\t\t\t\t<p>Los pasos son los mismos para Clientes-Ventas y Proveedores-Compras. En este ejemplo vamos a verlo con Clientes-Ventas.<\/p><p>Lo primero ser\u00eda ir a la ficha del cliente con el que vayamos a realizar este tipo de operaciones y, en el men\u00fa superior, ir a <strong>Ver&gt;Otros datos de nuestra relaci\u00f3n con ese cliente<\/strong>. En esta pantalla tendremos que <b>marcar la casilla \u00abSujeto Pasivo\u00bb<\/b> y aceptar para registrar los cambios.<\/p>\t\t\t\t\t\t\t\t<\/div>\n\t\t\t\t<\/div>\n\t\t\t\t<section class=\"elementor-section elementor-inner-section elementor-element elementor-element-4137d078 elementor-section-boxed elementor-section-height-default elementor-section-height-default\" data-id=\"4137d078\" data-element_type=\"section\" data-e-type=\"section\">\n\t\t\t\t\t\t<div class=\"elementor-container elementor-column-gap-default\">\n\t\t\t\t\t<div class=\"elementor-column elementor-col-100 elementor-inner-column elementor-element elementor-element-118f22fc\" data-id=\"118f22fc\" data-element_type=\"column\" data-e-type=\"column\">\n\t\t\t<div class=\"elementor-widget-wrap elementor-element-populated\">\n\t\t\t\t\t\t<div class=\"elementor-element elementor-element-46cbc026 elementor-widget elementor-widget-image\" data-id=\"46cbc026\" data-element_type=\"widget\" data-e-type=\"widget\" data-widget_type=\"image.default\">\n\t\t\t\t<div class=\"elementor-widget-container\">\n\t\t\t\t\t\t\t\t\t\t\t\t\t\t\t\t<a href=\"https:\/\/aplimedia.com\/tutoriales\/wp-content\/uploads\/2019\/03\/sujetopasivo.gif\" data-elementor-open-lightbox=\"yes\" data-elementor-lightbox-title=\"sujetopasivo\" data-e-action-hash=\"#elementor-action%3Aaction%3Dlightbox%26settings%3DeyJpZCI6MjI5OCwidXJsIjoiaHR0cHM6XC9cL2FwbGltZWRpYS5jb21cL3R1dG9yaWFsZXNcL3dwLWNvbnRlbnRcL3VwbG9hZHNcLzIwMTlcLzAzXC9zdWpldG9wYXNpdm8uZ2lmIn0%3D\">\n\t\t\t\t\t\t\t<img fetchpriority=\"high\" decoding=\"async\" width=\"1120\" height=\"756\" src=\"https:\/\/aplimedia.com\/tutoriales\/wp-content\/uploads\/2019\/03\/sujetopasivo.gif\" class=\"attachment-full size-full wp-image-2298\" alt=\"\" \/>\t\t\t\t\t\t\t\t<\/a>\n\t\t\t\t\t\t\t\t\t\t\t\t\t\t\t<\/div>\n\t\t\t\t<\/div>\n\t\t\t\t\t<\/div>\n\t\t<\/div>\n\t\t\t\t\t<\/div>\n\t\t<\/section>\n\t\t\t\t<section class=\"elementor-section elementor-inner-section elementor-element elementor-element-73b794d elementor-section-boxed elementor-section-height-default elementor-section-height-default\" data-id=\"73b794d\" data-element_type=\"section\" data-e-type=\"section\">\n\t\t\t\t\t\t<div class=\"elementor-container elementor-column-gap-default\">\n\t\t\t\t\t<div class=\"elementor-column elementor-col-100 elementor-inner-column elementor-element elementor-element-75b1bd4\" data-id=\"75b1bd4\" data-element_type=\"column\" data-e-type=\"column\">\n\t\t\t<div class=\"elementor-widget-wrap elementor-element-populated\">\n\t\t\t\t\t\t<div class=\"elementor-element elementor-element-dcc69e8 elementor-widget elementor-widget-text-editor\" data-id=\"dcc69e8\" data-element_type=\"widget\" data-e-type=\"widget\" data-widget_type=\"text-editor.default\">\n\t\t\t\t<div class=\"elementor-widget-container\">\n\t\t\t\t\t\t\t\t\t<p>Si todas las facturas que vamos a emitir al cliente van a ir con inversi\u00f3n del sujeto pasivo, lo m\u00e1s recomendable es que indiquemos que su tipo de<strong> IVA predeterminado<\/strong> es \u00ab<strong>SIN IVA<\/strong>\u00ab, lo cual podemos hacer desde la pesta\u00f1a \u00abDatos Pago\u00bb de su ficha. De esta manera, cuando le creemos nuevas ventas, las l\u00edneas ir\u00e1n autom\u00e1ticamente SIN IVA.<\/p>\t\t\t\t\t\t\t\t<\/div>\n\t\t\t\t<\/div>\n\t\t\t\t<div class=\"elementor-element elementor-element-73ada0e elementor-widget elementor-widget-image\" data-id=\"73ada0e\" data-element_type=\"widget\" data-e-type=\"widget\" data-widget_type=\"image.default\">\n\t\t\t\t<div class=\"elementor-widget-container\">\n\t\t\t\t\t\t\t\t\t\t\t\t\t\t\t\t<a href=\"https:\/\/aplimedia.com\/tutoriales\/wp-content\/uploads\/2019\/03\/sujetopasivo1.gif\" data-elementor-open-lightbox=\"yes\" data-elementor-lightbox-title=\"sujetopasivo1\" data-e-action-hash=\"#elementor-action%3Aaction%3Dlightbox%26settings%3DeyJpZCI6MjI5OSwidXJsIjoiaHR0cHM6XC9cL2FwbGltZWRpYS5jb21cL3R1dG9yaWFsZXNcL3dwLWNvbnRlbnRcL3VwbG9hZHNcLzIwMTlcLzAzXC9zdWpldG9wYXNpdm8xLmdpZiJ9\">\n\t\t\t\t\t\t\t<img decoding=\"async\" width=\"1120\" height=\"756\" src=\"https:\/\/aplimedia.com\/tutoriales\/wp-content\/uploads\/2019\/03\/sujetopasivo1.gif\" class=\"attachment-full size-full wp-image-2299\" alt=\"\" \/>\t\t\t\t\t\t\t\t<\/a>\n\t\t\t\t\t\t\t\t\t\t\t\t\t\t\t<\/div>\n\t\t\t\t<\/div>\n\t\t\t\t\t<\/div>\n\t\t<\/div>\n\t\t\t\t\t<\/div>\n\t\t<\/section>\n\t\t\t\t<div class=\"elementor-element elementor-element-585f305c elementor-widget elementor-widget-spacer\" data-id=\"585f305c\" data-element_type=\"widget\" data-e-type=\"widget\" data-widget_type=\"spacer.default\">\n\t\t\t\t<div class=\"elementor-widget-container\">\n\t\t\t\t\t\t\t<div class=\"elementor-spacer\">\n\t\t\t<div class=\"elementor-spacer-inner\"><\/div>\n\t\t<\/div>\n\t\t\t\t\t\t<\/div>\n\t\t\t\t<\/div>\n\t\t\t\t<div class=\"elementor-element elementor-element-d8e9c1e elementor-widget elementor-widget-spacer\" data-id=\"d8e9c1e\" data-element_type=\"widget\" data-e-type=\"widget\" data-widget_type=\"spacer.default\">\n\t\t\t\t<div class=\"elementor-widget-container\">\n\t\t\t\t\t\t\t<div class=\"elementor-spacer\">\n\t\t\t<div class=\"elementor-spacer-inner\"><\/div>\n\t\t<\/div>\n\t\t\t\t\t\t<\/div>\n\t\t\t\t<\/div>\n\t\t\t\t<div class=\"elementor-element elementor-element-db01cff elementor-widget elementor-widget-heading\" data-id=\"db01cff\" data-element_type=\"widget\" data-e-type=\"widget\" data-widget_type=\"heading.default\">\n\t\t\t\t<div class=\"elementor-widget-container\">\n\t\t\t\t\t<h2 class=\"elementor-heading-title elementor-size-default\">Paso 2:<\/h2>\t\t\t\t<\/div>\n\t\t\t\t<\/div>\n\t\t\t\t<div class=\"elementor-element elementor-element-27845e47 elementor-widget elementor-widget-text-editor\" data-id=\"27845e47\" data-element_type=\"widget\" data-e-type=\"widget\" data-widget_type=\"text-editor.default\">\n\t\t\t\t<div class=\"elementor-widget-container\">\n\t\t\t\t\t\t\t\t\t<p>Para que el programa realice correctamente el proceso, tendr\u00e1s que salir completamente y volver a entrar.<\/p><p>Ahora, si vas a <strong>Ventas<\/strong>, y creas o accedes a una venta creada al cliente, en la pesta\u00f1a<strong> L\u00edneas de Venta<\/strong>\u00a0ver\u00e1s que se te ha habilitado la casilla <strong>Sujeto Pasivo<\/strong>. Simplemente tendr\u00e1s que marcarla cuando proceda (si has marcado en la ficha de cliente que trabaja con Sujeto Pasivo, vendr\u00e1 marcada por defecto) y, de esta manera, tus datos para la contabilidad ser\u00e1n correctos:<\/p>\t\t\t\t\t\t\t\t<\/div>\n\t\t\t\t<\/div>\n\t\t\t\t<section class=\"elementor-section elementor-inner-section elementor-element elementor-element-6f04a099 elementor-section-boxed elementor-section-height-default elementor-section-height-default\" data-id=\"6f04a099\" data-element_type=\"section\" data-e-type=\"section\">\n\t\t\t\t\t\t<div class=\"elementor-container elementor-column-gap-default\">\n\t\t\t\t\t<div class=\"elementor-column elementor-col-100 elementor-inner-column elementor-element elementor-element-3b4f72a5\" data-id=\"3b4f72a5\" data-element_type=\"column\" data-e-type=\"column\">\n\t\t\t<div class=\"elementor-widget-wrap elementor-element-populated\">\n\t\t\t\t\t\t<div class=\"elementor-element elementor-element-2dc8815b elementor-widget elementor-widget-image\" data-id=\"2dc8815b\" data-element_type=\"widget\" data-e-type=\"widget\" data-widget_type=\"image.default\">\n\t\t\t\t<div class=\"elementor-widget-container\">\n\t\t\t\t\t\t\t\t\t\t\t\t\t\t\t\t<a href=\"https:\/\/aplimedia.com\/tutoriales\/wp-content\/uploads\/2019\/03\/sujetopasivo.png\" data-elementor-open-lightbox=\"yes\" data-elementor-lightbox-title=\"sujetopasivo\" data-e-action-hash=\"#elementor-action%3Aaction%3Dlightbox%26settings%3DeyJpZCI6MjMwMCwidXJsIjoiaHR0cHM6XC9cL2FwbGltZWRpYS5jb21cL3R1dG9yaWFsZXNcL3dwLWNvbnRlbnRcL3VwbG9hZHNcLzIwMTlcLzAzXC9zdWpldG9wYXNpdm8ucG5nIn0%3D\">\n\t\t\t\t\t\t\t<img decoding=\"async\" width=\"1379\" height=\"551\" src=\"https:\/\/aplimedia.com\/tutoriales\/wp-content\/uploads\/2019\/03\/sujetopasivo.png\" class=\"attachment-full size-full wp-image-2300\" alt=\"\" srcset=\"https:\/\/aplimedia.com\/tutoriales\/wp-content\/uploads\/2019\/03\/sujetopasivo.png 1379w, https:\/\/aplimedia.com\/tutoriales\/wp-content\/uploads\/2019\/03\/sujetopasivo-300x120.png 300w, https:\/\/aplimedia.com\/tutoriales\/wp-content\/uploads\/2019\/03\/sujetopasivo-768x307.png 768w, https:\/\/aplimedia.com\/tutoriales\/wp-content\/uploads\/2019\/03\/sujetopasivo-1024x409.png 1024w\" sizes=\"(max-width: 1379px) 100vw, 1379px\" \/>\t\t\t\t\t\t\t\t<\/a>\n\t\t\t\t\t\t\t\t\t\t\t\t\t\t\t<\/div>\n\t\t\t\t<\/div>\n\t\t\t\t\t<\/div>\n\t\t<\/div>\n\t\t\t\t\t<\/div>\n\t\t<\/section>\n\t\t\t\t<div class=\"elementor-element elementor-element-6a54f2d0 elementor-widget elementor-widget-spacer\" data-id=\"6a54f2d0\" data-element_type=\"widget\" data-e-type=\"widget\" data-widget_type=\"spacer.default\">\n\t\t\t\t<div class=\"elementor-widget-container\">\n\t\t\t\t\t\t\t<div class=\"elementor-spacer\">\n\t\t\t<div class=\"elementor-spacer-inner\"><\/div>\n\t\t<\/div>\n\t\t\t\t\t\t<\/div>\n\t\t\t\t<\/div>\n\t\t\t\t\t<\/div>\n\t\t<\/div>\n\t\t\t\t\t<\/div>\n\t\t<\/section>\n\t\t\t\t<\/div>\n\t\t","protected":false},"excerpt":{"rendered":"<p>Secre te permite trabajar con inversi\u00f3n del\u00a0sujeto pasivo tanto en compras como en ventas, pero para poder visualizar esta opci\u00f3n deberemos marcar a los clientes y\/o proveedores que correspondan como sujeto pasivo, de modo que el programa habilite esta opci\u00f3n en sus ventas o compras. Paso 1: Los pasos son los mismos para Clientes-Ventas y [&hellip;]<\/p>\n","protected":false},"author":1,"featured_media":0,"parent":1409,"menu_order":0,"comment_status":"closed","ping_status":"closed","template":"","meta":{"footnotes":""},"class_list":["post-2296","page","type-page","status-publish","hentry"],"yoast_head":"<!-- This site is optimized with the Yoast SEO plugin v27.5 - https:\/\/yoast.com\/product\/yoast-seo-wordpress\/ -->\n<title>Sujeto Pasivo | Tutoriales de Secre<\/title>\n<meta name=\"robots\" content=\"index, follow, max-snippet:-1, max-image-preview:large, max-video-preview:-1\" \/>\n<link rel=\"canonical\" href=\"https:\/\/aplimedia.com\/tutoriales\/ventas\/sujeto-pasivo\/\" \/>\n<meta property=\"og:locale\" content=\"es_ES\" \/>\n<meta property=\"og:type\" content=\"article\" \/>\n<meta property=\"og:title\" content=\"Sujeto Pasivo | Tutoriales de Secre\" \/>\n<meta property=\"og:description\" content=\"Secre te permite trabajar con inversi\u00f3n del\u00a0sujeto pasivo tanto en compras como en ventas, pero para poder visualizar esta opci\u00f3n deberemos marcar a los clientes y\/o proveedores que correspondan como sujeto pasivo, de modo que el programa habilite esta opci\u00f3n en sus ventas o compras. Paso 1: Los pasos son los mismos para Clientes-Ventas y [&hellip;]\" \/>\n<meta property=\"og:url\" content=\"https:\/\/aplimedia.com\/tutoriales\/ventas\/sujeto-pasivo\/\" \/>\n<meta property=\"og:site_name\" content=\"Tutoriales de Secre\" \/>\n<meta property=\"article:modified_time\" content=\"2025-03-11T10:01:46+00:00\" \/>\n<meta property=\"og:image\" content=\"https:\/\/aplimedia.com\/tutoriales\/wp-content\/uploads\/2019\/03\/sujetopasivo.gif\" \/>\n\t<meta property=\"og:image:width\" content=\"1120\" \/>\n\t<meta property=\"og:image:height\" content=\"756\" \/>\n\t<meta property=\"og:image:type\" content=\"image\/gif\" \/>\n<meta name=\"twitter:card\" content=\"summary_large_image\" \/>\n<meta name=\"twitter:label1\" content=\"Tiempo de lectura\" \/>\n\t<meta name=\"twitter:data1\" content=\"2 minutos\" \/>\n<script type=\"application\/ld+json\" class=\"yoast-schema-graph\">{\"@context\":\"https:\\\/\\\/schema.org\",\"@graph\":[{\"@type\":\"WebPage\",\"@id\":\"https:\\\/\\\/aplimedia.com\\\/tutoriales\\\/ventas\\\/sujeto-pasivo\\\/\",\"url\":\"https:\\\/\\\/aplimedia.com\\\/tutoriales\\\/ventas\\\/sujeto-pasivo\\\/\",\"name\":\"Sujeto Pasivo | Tutoriales de Secre\",\"isPartOf\":{\"@id\":\"https:\\\/\\\/aplimedia.com\\\/tutoriales\\\/#website\"},\"primaryImageOfPage\":{\"@id\":\"https:\\\/\\\/aplimedia.com\\\/tutoriales\\\/ventas\\\/sujeto-pasivo\\\/#primaryimage\"},\"image\":{\"@id\":\"https:\\\/\\\/aplimedia.com\\\/tutoriales\\\/ventas\\\/sujeto-pasivo\\\/#primaryimage\"},\"thumbnailUrl\":\"https:\\\/\\\/aplimedia.com\\\/tutoriales\\\/wp-content\\\/uploads\\\/2019\\\/03\\\/sujetopasivo.gif\",\"datePublished\":\"2019-03-05T17:07:19+00:00\",\"dateModified\":\"2025-03-11T10:01:46+00:00\",\"breadcrumb\":{\"@id\":\"https:\\\/\\\/aplimedia.com\\\/tutoriales\\\/ventas\\\/sujeto-pasivo\\\/#breadcrumb\"},\"inLanguage\":\"es\",\"potentialAction\":[{\"@type\":\"ReadAction\",\"target\":[\"https:\\\/\\\/aplimedia.com\\\/tutoriales\\\/ventas\\\/sujeto-pasivo\\\/\"]}]},{\"@type\":\"ImageObject\",\"inLanguage\":\"es\",\"@id\":\"https:\\\/\\\/aplimedia.com\\\/tutoriales\\\/ventas\\\/sujeto-pasivo\\\/#primaryimage\",\"url\":\"https:\\\/\\\/aplimedia.com\\\/tutoriales\\\/wp-content\\\/uploads\\\/2019\\\/03\\\/sujetopasivo.gif\",\"contentUrl\":\"https:\\\/\\\/aplimedia.com\\\/tutoriales\\\/wp-content\\\/uploads\\\/2019\\\/03\\\/sujetopasivo.gif\",\"width\":1120,\"height\":756},{\"@type\":\"BreadcrumbList\",\"@id\":\"https:\\\/\\\/aplimedia.com\\\/tutoriales\\\/ventas\\\/sujeto-pasivo\\\/#breadcrumb\",\"itemListElement\":[{\"@type\":\"ListItem\",\"position\":1,\"name\":\"Tutoriales\",\"item\":\"https:\\\/\\\/aplimedia.com\\\/tutoriales\\\/\"},{\"@type\":\"ListItem\",\"position\":2,\"name\":\"Ventas\",\"item\":\"https:\\\/\\\/aplimedia.com\\\/tutoriales\\\/ventas\\\/\"},{\"@type\":\"ListItem\",\"position\":3,\"name\":\"Sujeto Pasivo\"}]},{\"@type\":\"WebSite\",\"@id\":\"https:\\\/\\\/aplimedia.com\\\/tutoriales\\\/#website\",\"url\":\"https:\\\/\\\/aplimedia.com\\\/tutoriales\\\/\",\"name\":\"Tutoriales de Secre\",\"description\":\"Tutoriales del software de gesti\u00f3n Secre\",\"publisher\":{\"@id\":\"https:\\\/\\\/aplimedia.com\\\/tutoriales\\\/#organization\"},\"potentialAction\":[{\"@type\":\"SearchAction\",\"target\":{\"@type\":\"EntryPoint\",\"urlTemplate\":\"https:\\\/\\\/aplimedia.com\\\/tutoriales\\\/?s={search_term_string}\"},\"query-input\":{\"@type\":\"PropertyValueSpecification\",\"valueRequired\":true,\"valueName\":\"search_term_string\"}}],\"inLanguage\":\"es\"},{\"@type\":\"Organization\",\"@id\":\"https:\\\/\\\/aplimedia.com\\\/tutoriales\\\/#organization\",\"name\":\"Tutoriales de Secre\",\"url\":\"https:\\\/\\\/aplimedia.com\\\/tutoriales\\\/\",\"logo\":{\"@type\":\"ImageObject\",\"inLanguage\":\"es\",\"@id\":\"https:\\\/\\\/aplimedia.com\\\/tutoriales\\\/#\\\/schema\\\/logo\\\/image\\\/\",\"url\":\"https:\\\/\\\/aplimedia.com\\\/tutoriales\\\/wp-content\\\/uploads\\\/2022\\\/03\\\/cropped-logotipo-aplimedia.png\",\"contentUrl\":\"https:\\\/\\\/aplimedia.com\\\/tutoriales\\\/wp-content\\\/uploads\\\/2022\\\/03\\\/cropped-logotipo-aplimedia.png\",\"width\":2000,\"height\":658,\"caption\":\"Tutoriales de Secre\"},\"image\":{\"@id\":\"https:\\\/\\\/aplimedia.com\\\/tutoriales\\\/#\\\/schema\\\/logo\\\/image\\\/\"}}]}<\/script>\n<!-- \/ Yoast SEO plugin. -->","yoast_head_json":{"title":"Sujeto Pasivo | Tutoriales de Secre","robots":{"index":"index","follow":"follow","max-snippet":"max-snippet:-1","max-image-preview":"max-image-preview:large","max-video-preview":"max-video-preview:-1"},"canonical":"https:\/\/aplimedia.com\/tutoriales\/ventas\/sujeto-pasivo\/","og_locale":"es_ES","og_type":"article","og_title":"Sujeto Pasivo | Tutoriales de Secre","og_description":"Secre te permite trabajar con inversi\u00f3n del\u00a0sujeto pasivo tanto en compras como en ventas, pero para poder visualizar esta opci\u00f3n deberemos marcar a los clientes y\/o proveedores que correspondan como sujeto pasivo, de modo que el programa habilite esta opci\u00f3n en sus ventas o compras. Paso 1: Los pasos son los mismos para Clientes-Ventas y [&hellip;]","og_url":"https:\/\/aplimedia.com\/tutoriales\/ventas\/sujeto-pasivo\/","og_site_name":"Tutoriales de Secre","article_modified_time":"2025-03-11T10:01:46+00:00","og_image":[{"width":1120,"height":756,"url":"https:\/\/aplimedia.com\/tutoriales\/wp-content\/uploads\/2019\/03\/sujetopasivo.gif","type":"image\/gif"}],"twitter_card":"summary_large_image","twitter_misc":{"Tiempo de lectura":"2 minutos"},"schema":{"@context":"https:\/\/schema.org","@graph":[{"@type":"WebPage","@id":"https:\/\/aplimedia.com\/tutoriales\/ventas\/sujeto-pasivo\/","url":"https:\/\/aplimedia.com\/tutoriales\/ventas\/sujeto-pasivo\/","name":"Sujeto Pasivo | Tutoriales de Secre","isPartOf":{"@id":"https:\/\/aplimedia.com\/tutoriales\/#website"},"primaryImageOfPage":{"@id":"https:\/\/aplimedia.com\/tutoriales\/ventas\/sujeto-pasivo\/#primaryimage"},"image":{"@id":"https:\/\/aplimedia.com\/tutoriales\/ventas\/sujeto-pasivo\/#primaryimage"},"thumbnailUrl":"https:\/\/aplimedia.com\/tutoriales\/wp-content\/uploads\/2019\/03\/sujetopasivo.gif","datePublished":"2019-03-05T17:07:19+00:00","dateModified":"2025-03-11T10:01:46+00:00","breadcrumb":{"@id":"https:\/\/aplimedia.com\/tutoriales\/ventas\/sujeto-pasivo\/#breadcrumb"},"inLanguage":"es","potentialAction":[{"@type":"ReadAction","target":["https:\/\/aplimedia.com\/tutoriales\/ventas\/sujeto-pasivo\/"]}]},{"@type":"ImageObject","inLanguage":"es","@id":"https:\/\/aplimedia.com\/tutoriales\/ventas\/sujeto-pasivo\/#primaryimage","url":"https:\/\/aplimedia.com\/tutoriales\/wp-content\/uploads\/2019\/03\/sujetopasivo.gif","contentUrl":"https:\/\/aplimedia.com\/tutoriales\/wp-content\/uploads\/2019\/03\/sujetopasivo.gif","width":1120,"height":756},{"@type":"BreadcrumbList","@id":"https:\/\/aplimedia.com\/tutoriales\/ventas\/sujeto-pasivo\/#breadcrumb","itemListElement":[{"@type":"ListItem","position":1,"name":"Tutoriales","item":"https:\/\/aplimedia.com\/tutoriales\/"},{"@type":"ListItem","position":2,"name":"Ventas","item":"https:\/\/aplimedia.com\/tutoriales\/ventas\/"},{"@type":"ListItem","position":3,"name":"Sujeto Pasivo"}]},{"@type":"WebSite","@id":"https:\/\/aplimedia.com\/tutoriales\/#website","url":"https:\/\/aplimedia.com\/tutoriales\/","name":"Tutoriales de Secre","description":"Tutoriales del software de gesti\u00f3n Secre","publisher":{"@id":"https:\/\/aplimedia.com\/tutoriales\/#organization"},"potentialAction":[{"@type":"SearchAction","target":{"@type":"EntryPoint","urlTemplate":"https:\/\/aplimedia.com\/tutoriales\/?s={search_term_string}"},"query-input":{"@type":"PropertyValueSpecification","valueRequired":true,"valueName":"search_term_string"}}],"inLanguage":"es"},{"@type":"Organization","@id":"https:\/\/aplimedia.com\/tutoriales\/#organization","name":"Tutoriales de Secre","url":"https:\/\/aplimedia.com\/tutoriales\/","logo":{"@type":"ImageObject","inLanguage":"es","@id":"https:\/\/aplimedia.com\/tutoriales\/#\/schema\/logo\/image\/","url":"https:\/\/aplimedia.com\/tutoriales\/wp-content\/uploads\/2022\/03\/cropped-logotipo-aplimedia.png","contentUrl":"https:\/\/aplimedia.com\/tutoriales\/wp-content\/uploads\/2022\/03\/cropped-logotipo-aplimedia.png","width":2000,"height":658,"caption":"Tutoriales de Secre"},"image":{"@id":"https:\/\/aplimedia.com\/tutoriales\/#\/schema\/logo\/image\/"}}]}},"_links":{"self":[{"href":"https:\/\/aplimedia.com\/tutoriales\/wp-json\/wp\/v2\/pages\/2296","targetHints":{"allow":["GET"]}}],"collection":[{"href":"https:\/\/aplimedia.com\/tutoriales\/wp-json\/wp\/v2\/pages"}],"about":[{"href":"https:\/\/aplimedia.com\/tutoriales\/wp-json\/wp\/v2\/types\/page"}],"author":[{"embeddable":true,"href":"https:\/\/aplimedia.com\/tutoriales\/wp-json\/wp\/v2\/users\/1"}],"replies":[{"embeddable":true,"href":"https:\/\/aplimedia.com\/tutoriales\/wp-json\/wp\/v2\/comments?post=2296"}],"version-history":[{"count":0,"href":"https:\/\/aplimedia.com\/tutoriales\/wp-json\/wp\/v2\/pages\/2296\/revisions"}],"up":[{"embeddable":true,"href":"https:\/\/aplimedia.com\/tutoriales\/wp-json\/wp\/v2\/pages\/1409"}],"wp:attachment":[{"href":"https:\/\/aplimedia.com\/tutoriales\/wp-json\/wp\/v2\/media?parent=2296"}],"curies":[{"name":"wp","href":"https:\/\/api.w.org\/{rel}","templated":true}]}}