{"id":2254,"date":"2019-03-05T14:20:24","date_gmt":"2019-03-05T14:20:24","guid":{"rendered":"https:\/\/aplimedia.com\/tutoriales\/?page_id=2254"},"modified":"2025-03-11T13:36:17","modified_gmt":"2025-03-11T13:36:17","slug":"valores-por-defecto","status":"publish","type":"page","link":"https:\/\/aplimedia.com\/tutoriales\/varios\/valores-por-defecto\/","title":{"rendered":"Par\u00e1metros: Valores por defecto"},"content":{"rendered":"\t\t<div data-elementor-type=\"wp-post\" data-elementor-id=\"2254\" class=\"elementor elementor-2254\" data-elementor-post-type=\"page\">\n\t\t\t\t\t\t<section class=\"elementor-section elementor-top-section elementor-element elementor-element-6c7254b2 elementor-section-stretched elementor-section-boxed elementor-section-height-default elementor-section-height-default\" data-id=\"6c7254b2\" data-element_type=\"section\" data-e-type=\"section\" data-settings=\"{&quot;stretch_section&quot;:&quot;section-stretched&quot;}\">\n\t\t\t\t\t\t<div class=\"elementor-container elementor-column-gap-default\">\n\t\t\t\t\t<div class=\"elementor-column elementor-col-100 elementor-top-column elementor-element elementor-element-19e1abc\" data-id=\"19e1abc\" data-element_type=\"column\" data-e-type=\"column\">\n\t\t\t<div class=\"elementor-widget-wrap elementor-element-populated\">\n\t\t\t\t\t\t<div class=\"elementor-element elementor-element-ddacdbe elementor-widget elementor-widget-text-editor\" data-id=\"ddacdbe\" data-element_type=\"widget\" data-e-type=\"widget\" data-widget_type=\"text-editor.default\">\n\t\t\t\t<div class=\"elementor-widget-container\">\n\t\t\t\t\t\t\t\t\t<p>Puedes configurar distintos valores por defecto para que el programa los incluya autom\u00e1ticamente a la hora de hacer, compras, ventas u otro tipo de operaciones.<\/p><p>Para acceder a estos par\u00e1metros, desde la pantalla principal del programa, ve a\u00a0<strong>Herramientas&gt;Par\u00e1metros y valores por defecto<\/strong>. Luego, haz click en la pesta\u00f1a <strong>Valores por defecto.<\/strong><\/p>\t\t\t\t\t\t\t\t<\/div>\n\t\t\t\t<\/div>\n\t\t\t\t<section class=\"elementor-section elementor-inner-section elementor-element elementor-element-c9f7ea9 elementor-section-boxed elementor-section-height-default elementor-section-height-default\" data-id=\"c9f7ea9\" data-element_type=\"section\" data-e-type=\"section\">\n\t\t\t\t\t\t<div class=\"elementor-container elementor-column-gap-default\">\n\t\t\t\t\t<div class=\"elementor-column elementor-col-50 elementor-inner-column elementor-element elementor-element-acbfc90\" data-id=\"acbfc90\" data-element_type=\"column\" data-e-type=\"column\">\n\t\t\t<div class=\"elementor-widget-wrap elementor-element-populated\">\n\t\t\t\t\t\t<div class=\"elementor-element elementor-element-da88037 elementor-widget elementor-widget-image\" data-id=\"da88037\" data-element_type=\"widget\" data-e-type=\"widget\" data-widget_type=\"image.default\">\n\t\t\t\t<div class=\"elementor-widget-container\">\n\t\t\t\t\t\t\t\t\t\t\t\t\t\t\t\t<a href=\"https:\/\/aplimedia.com\/tutoriales\/wp-content\/uploads\/2019\/02\/disenodetickets.png\" data-elementor-open-lightbox=\"yes\" data-elementor-lightbox-title=\"disenodetickets\" data-e-action-hash=\"#elementor-action%3Aaction%3Dlightbox%26settings%3DeyJpZCI6MjA5MCwidXJsIjoiaHR0cHM6XC9cL2FwbGltZWRpYS5jb21cL3R1dG9yaWFsZXNcL3dwLWNvbnRlbnRcL3VwbG9hZHNcLzIwMTlcLzAyXC9kaXNlbm9kZXRpY2tldHMucG5nIn0%3D\">\n\t\t\t\t\t\t\t<img fetchpriority=\"high\" decoding=\"async\" width=\"443\" height=\"324\" src=\"https:\/\/aplimedia.com\/tutoriales\/wp-content\/uploads\/2019\/02\/disenodetickets.png\" class=\"attachment-large size-large wp-image-2090\" alt=\"\" srcset=\"https:\/\/aplimedia.com\/tutoriales\/wp-content\/uploads\/2019\/02\/disenodetickets.png 443w, https:\/\/aplimedia.com\/tutoriales\/wp-content\/uploads\/2019\/02\/disenodetickets-300x219.png 300w\" sizes=\"(max-width: 443px) 100vw, 443px\" \/>\t\t\t\t\t\t\t\t<\/a>\n\t\t\t\t\t\t\t\t\t\t\t\t\t\t\t<\/div>\n\t\t\t\t<\/div>\n\t\t\t\t\t<\/div>\n\t\t<\/div>\n\t\t\t\t<div class=\"elementor-column elementor-col-50 elementor-inner-column elementor-element elementor-element-b8175d9\" data-id=\"b8175d9\" data-element_type=\"column\" data-e-type=\"column\">\n\t\t\t<div class=\"elementor-widget-wrap elementor-element-populated\">\n\t\t\t\t\t\t<div class=\"elementor-element elementor-element-62bd1a0 elementor-widget elementor-widget-image\" data-id=\"62bd1a0\" data-element_type=\"widget\" data-e-type=\"widget\" data-widget_type=\"image.default\">\n\t\t\t\t<div class=\"elementor-widget-container\">\n\t\t\t\t\t\t\t\t\t\t\t\t\t\t\t\t<a href=\"https:\/\/aplimedia.com\/tutoriales\/wp-content\/uploads\/2019\/03\/valorespordefecto1.png\" data-elementor-open-lightbox=\"yes\" data-elementor-lightbox-title=\"valorespordefecto1\" data-e-action-hash=\"#elementor-action%3Aaction%3Dlightbox%26settings%3DeyJpZCI6MjI1NSwidXJsIjoiaHR0cHM6XC9cL2FwbGltZWRpYS5jb21cL3R1dG9yaWFsZXNcL3dwLWNvbnRlbnRcL3VwbG9hZHNcLzIwMTlcLzAzXC92YWxvcmVzcG9yZGVmZWN0bzEucG5nIn0%3D\">\n\t\t\t\t\t\t\t<img decoding=\"async\" width=\"1024\" height=\"464\" src=\"https:\/\/aplimedia.com\/tutoriales\/wp-content\/uploads\/2019\/03\/valorespordefecto1-1024x464.png\" class=\"attachment-large size-large wp-image-2255\" alt=\"\" srcset=\"https:\/\/aplimedia.com\/tutoriales\/wp-content\/uploads\/2019\/03\/valorespordefecto1-1024x464.png 1024w, https:\/\/aplimedia.com\/tutoriales\/wp-content\/uploads\/2019\/03\/valorespordefecto1-300x136.png 300w, https:\/\/aplimedia.com\/tutoriales\/wp-content\/uploads\/2019\/03\/valorespordefecto1-768x348.png 768w, https:\/\/aplimedia.com\/tutoriales\/wp-content\/uploads\/2019\/03\/valorespordefecto1.png 1917w\" sizes=\"(max-width: 1024px) 100vw, 1024px\" \/>\t\t\t\t\t\t\t\t<\/a>\n\t\t\t\t\t\t\t\t\t\t\t\t\t\t\t<\/div>\n\t\t\t\t<\/div>\n\t\t\t\t\t<\/div>\n\t\t<\/div>\n\t\t\t\t\t<\/div>\n\t\t<\/section>\n\t\t\t\t<div class=\"elementor-element elementor-element-cddf43b elementor-widget elementor-widget-text-editor\" data-id=\"cddf43b\" data-element_type=\"widget\" data-e-type=\"widget\" data-widget_type=\"text-editor.default\">\n\t\t\t\t<div class=\"elementor-widget-container\">\n\t\t\t\t\t\t\t\t\t<p>Vamos a ver con m\u00e1s detenimiento los distintos valores por defecto que podemos configurar:<\/p>\t\t\t\t\t\t\t\t<\/div>\n\t\t\t\t<\/div>\n\t\t\t\t<section class=\"elementor-section elementor-inner-section elementor-element elementor-element-751d0b9 elementor-section-boxed elementor-section-height-default elementor-section-height-default\" data-id=\"751d0b9\" data-element_type=\"section\" data-e-type=\"section\">\n\t\t\t\t\t\t<div class=\"elementor-container elementor-column-gap-default\">\n\t\t\t\t\t<div class=\"elementor-column elementor-col-100 elementor-inner-column elementor-element elementor-element-1f523f2\" data-id=\"1f523f2\" data-element_type=\"column\" data-e-type=\"column\">\n\t\t\t<div class=\"elementor-widget-wrap elementor-element-populated\">\n\t\t\t\t\t\t<div class=\"elementor-element elementor-element-ff829ef elementor-widget elementor-widget-spacer\" data-id=\"ff829ef\" data-element_type=\"widget\" data-e-type=\"widget\" data-widget_type=\"spacer.default\">\n\t\t\t\t<div class=\"elementor-widget-container\">\n\t\t\t\t\t\t\t<div class=\"elementor-spacer\">\n\t\t\t<div class=\"elementor-spacer-inner\"><\/div>\n\t\t<\/div>\n\t\t\t\t\t\t<\/div>\n\t\t\t\t<\/div>\n\t\t\t\t<div class=\"elementor-element elementor-element-476c0ea elementor-widget elementor-widget-image\" data-id=\"476c0ea\" data-element_type=\"widget\" data-e-type=\"widget\" data-widget_type=\"image.default\">\n\t\t\t\t<div class=\"elementor-widget-container\">\n\t\t\t\t\t\t\t\t\t\t\t\t\t\t\t\t<a href=\"https:\/\/aplimedia.com\/tutoriales\/wp-content\/uploads\/2019\/03\/valorespordefecto2.png\" data-elementor-open-lightbox=\"yes\" data-elementor-lightbox-title=\"valorespordefecto2\" data-e-action-hash=\"#elementor-action%3Aaction%3Dlightbox%26settings%3DeyJpZCI6MjI1NiwidXJsIjoiaHR0cHM6XC9cL2FwbGltZWRpYS5jb21cL3R1dG9yaWFsZXNcL3dwLWNvbnRlbnRcL3VwbG9hZHNcLzIwMTlcLzAzXC92YWxvcmVzcG9yZGVmZWN0bzIucG5nIn0%3D\">\n\t\t\t\t\t\t\t<img decoding=\"async\" width=\"818\" height=\"697\" src=\"https:\/\/aplimedia.com\/tutoriales\/wp-content\/uploads\/2019\/03\/valorespordefecto2.png\" class=\"attachment-large size-large wp-image-2256\" alt=\"\" srcset=\"https:\/\/aplimedia.com\/tutoriales\/wp-content\/uploads\/2019\/03\/valorespordefecto2.png 818w, https:\/\/aplimedia.com\/tutoriales\/wp-content\/uploads\/2019\/03\/valorespordefecto2-300x256.png 300w, https:\/\/aplimedia.com\/tutoriales\/wp-content\/uploads\/2019\/03\/valorespordefecto2-768x654.png 768w\" sizes=\"(max-width: 818px) 100vw, 818px\" \/>\t\t\t\t\t\t\t\t<\/a>\n\t\t\t\t\t\t\t\t\t\t\t\t\t\t\t<\/div>\n\t\t\t\t<\/div>\n\t\t\t\t<div class=\"elementor-element elementor-element-7eedab6 elementor-widget elementor-widget-text-editor\" data-id=\"7eedab6\" data-element_type=\"widget\" data-e-type=\"widget\" data-widget_type=\"text-editor.default\">\n\t\t\t\t<div class=\"elementor-widget-container\">\n\t\t\t\t\t\t\t\t\t<p>Como ves en las opciones de la izquierda, simplemente se trata de ir escogiendo los distintos valores que queremos que el programa ponga por defecto a la hora de hacer nuevas compras y ventas.\u00a0<\/p><p>Por supuesto, siempre podremos editar cada opci\u00f3n desde cada venta o compra particular.<\/p><p>Simplemente se trata de ir escogiendo de los desplegables la opci\u00f3n que queremos que el programa utilice por defecto: IVA de clientes y de proveedores, forma de cobro y de pago, comercial asignado, almac\u00e9n para las entradas y salidas procedentes de compras y ventas, etc.<\/p><p>El campo \u00ab<strong>Observaciones pedido<\/strong>\u00bb te permite introducir el texto que queremos que aparezca por defecto en pedidos. Puedes darle al \u00ab+\u00bb para poder introducir el texto m\u00e1s c\u00f3modamente y podr\u00e1s introducir observaciones varias (haciendo click en \u00abObservaciones varias\u00bb) para establecer observaciones por defecto mucho m\u00e1s concretas, en funci\u00f3n del documento e incluso por Clientes o Proveedores concretos:\u00a0<\/p><p>\u00a0<\/p>\t\t\t\t\t\t\t\t<\/div>\n\t\t\t\t<\/div>\n\t\t\t\t\t<\/div>\n\t\t<\/div>\n\t\t\t\t\t<\/div>\n\t\t<\/section>\n\t\t\t\t<section class=\"elementor-section elementor-inner-section elementor-element elementor-element-e1dad4b elementor-section-boxed elementor-section-height-default elementor-section-height-default\" data-id=\"e1dad4b\" data-element_type=\"section\" data-e-type=\"section\">\n\t\t\t\t\t\t<div class=\"elementor-container elementor-column-gap-default\">\n\t\t\t\t\t<div class=\"elementor-column elementor-col-100 elementor-inner-column elementor-element elementor-element-bd4eb7b\" data-id=\"bd4eb7b\" data-element_type=\"column\" data-e-type=\"column\">\n\t\t\t<div class=\"elementor-widget-wrap elementor-element-populated\">\n\t\t\t\t\t\t<div class=\"elementor-element elementor-element-8b63e9e elementor-widget elementor-widget-image\" data-id=\"8b63e9e\" data-element_type=\"widget\" data-e-type=\"widget\" data-widget_type=\"image.default\">\n\t\t\t\t<div class=\"elementor-widget-container\">\n\t\t\t\t\t\t\t\t\t\t\t\t\t\t\t\t<a href=\"https:\/\/aplimedia.com\/tutoriales\/wp-content\/uploads\/2019\/03\/valorespordefecto6.png\" data-elementor-open-lightbox=\"yes\" data-elementor-lightbox-title=\"valorespordefecto6\" data-e-action-hash=\"#elementor-action%3Aaction%3Dlightbox%26settings%3DeyJpZCI6MjI2NCwidXJsIjoiaHR0cHM6XC9cL2FwbGltZWRpYS5jb21cL3R1dG9yaWFsZXNcL3dwLWNvbnRlbnRcL3VwbG9hZHNcLzIwMTlcLzAzXC92YWxvcmVzcG9yZGVmZWN0bzYucG5nIn0%3D\">\n\t\t\t\t\t\t\t<img loading=\"lazy\" decoding=\"async\" width=\"995\" height=\"713\" src=\"https:\/\/aplimedia.com\/tutoriales\/wp-content\/uploads\/2019\/03\/valorespordefecto6.png\" class=\"attachment-large size-large wp-image-2264\" alt=\"\" srcset=\"https:\/\/aplimedia.com\/tutoriales\/wp-content\/uploads\/2019\/03\/valorespordefecto6.png 995w, https:\/\/aplimedia.com\/tutoriales\/wp-content\/uploads\/2019\/03\/valorespordefecto6-300x215.png 300w, https:\/\/aplimedia.com\/tutoriales\/wp-content\/uploads\/2019\/03\/valorespordefecto6-768x550.png 768w\" sizes=\"(max-width: 995px) 100vw, 995px\" \/>\t\t\t\t\t\t\t\t<\/a>\n\t\t\t\t\t\t\t\t\t\t\t\t\t\t\t<\/div>\n\t\t\t\t<\/div>\n\t\t\t\t<div class=\"elementor-element elementor-element-c6b4db6 elementor-widget elementor-widget-text-editor\" data-id=\"c6b4db6\" data-element_type=\"widget\" data-e-type=\"widget\" data-widget_type=\"text-editor.default\">\n\t\t\t\t<div class=\"elementor-widget-container\">\n\t\t\t\t\t\t\t\t\t<p>En las opciones de la derecha tienes dos campos m\u00e1s de <b>observaciones<\/b>, en este caso para <b>presupuestos <\/b>y para <b>facturas<\/b>, que sirven para lo mismo: a\u00f1adir observaciones por defecto en este tipo de documentos. Las observaciones predeterminadas que introduzcamos en estos campos, podremos modificarlas a nivel de cada venta o compra en caso de ser necesario.<\/p><p>Los campos \u00ab<b>Modelo sobres<\/b>\u00ab, \u00ab<b>Etiquetas de env\u00edo<\/b>\u00ab, \u00ab<b>Etiquetas de Sobres<\/b>\u00bb y \u00ab<b>Etiquetas Art\u00edculos<\/b>\u00bb son datos meramente informativos que nos aparecer\u00edan como referencia si intent\u00e1ramos imprimir cierto tipo de etiquetas.<\/p><p>En los campos \u00ab<strong>Datos registrales<\/strong>\u00bb y \u00ab<strong>Datos pie<\/strong>\u00bb puedes incluir informaci\u00f3n sobre tu empresa para que aparezcan al pie de tus formatos. En la opci\u00f3n \u00abIncluir en Formatos\u00bb puedes escoger si quieres que aparezcan estos datos, si no quieres que aparezcan, o si solo quieres que aparezcan los datos registrales.<\/p><p>Por \u00faltimo, si hacemos click en \u00ab<strong>Valores Particulares<\/strong>\u00bb podremos configurar varios de estos valores que hemos estado viendo pero a nivel de usuario, de modo que, dependiendo con qu\u00e9 usuario accedamos los valores por defecto ser\u00e1n unos u otros:<\/p>\t\t\t\t\t\t\t\t<\/div>\n\t\t\t\t<\/div>\n\t\t\t\t\t<\/div>\n\t\t<\/div>\n\t\t\t\t\t<\/div>\n\t\t<\/section>\n\t\t\t\t<section class=\"elementor-section elementor-inner-section elementor-element elementor-element-855e494 elementor-section-boxed elementor-section-height-default elementor-section-height-default\" data-id=\"855e494\" data-element_type=\"section\" data-e-type=\"section\">\n\t\t\t\t\t\t<div class=\"elementor-container elementor-column-gap-default\">\n\t\t\t\t\t<div class=\"elementor-column elementor-col-100 elementor-inner-column elementor-element elementor-element-66406fd\" data-id=\"66406fd\" data-element_type=\"column\" data-e-type=\"column\">\n\t\t\t<div class=\"elementor-widget-wrap elementor-element-populated\">\n\t\t\t\t\t\t<div class=\"elementor-element elementor-element-16c749e elementor-widget elementor-widget-image\" data-id=\"16c749e\" data-element_type=\"widget\" data-e-type=\"widget\" data-widget_type=\"image.default\">\n\t\t\t\t<div class=\"elementor-widget-container\">\n\t\t\t\t\t\t\t\t\t\t\t\t\t\t\t\t<a href=\"https:\/\/aplimedia.com\/tutoriales\/wp-content\/uploads\/2019\/03\/valorespordefecto.gif\" data-elementor-open-lightbox=\"yes\" data-elementor-lightbox-title=\"valorespordefecto\" data-e-action-hash=\"#elementor-action%3Aaction%3Dlightbox%26settings%3DeyJpZCI6MjI2NSwidXJsIjoiaHR0cHM6XC9cL2FwbGltZWRpYS5jb21cL3R1dG9yaWFsZXNcL3dwLWNvbnRlbnRcL3VwbG9hZHNcLzIwMTlcLzAzXC92YWxvcmVzcG9yZGVmZWN0by5naWYifQ%3D%3D\">\n\t\t\t\t\t\t\t<img loading=\"lazy\" decoding=\"async\" width=\"873\" height=\"753\" src=\"https:\/\/aplimedia.com\/tutoriales\/wp-content\/uploads\/2019\/03\/valorespordefecto.gif\" class=\"attachment-full size-full wp-image-2265\" alt=\"\" \/>\t\t\t\t\t\t\t\t<\/a>\n\t\t\t\t\t\t\t\t\t\t\t\t\t\t\t<\/div>\n\t\t\t\t<\/div>\n\t\t\t\t\t<\/div>\n\t\t<\/div>\n\t\t\t\t\t<\/div>\n\t\t<\/section>\n\t\t\t\t<div class=\"elementor-element elementor-element-f6e2cdc elementor-widget elementor-widget-spacer\" data-id=\"f6e2cdc\" data-element_type=\"widget\" data-e-type=\"widget\" data-widget_type=\"spacer.default\">\n\t\t\t\t<div class=\"elementor-widget-container\">\n\t\t\t\t\t\t\t<div class=\"elementor-spacer\">\n\t\t\t<div class=\"elementor-spacer-inner\"><\/div>\n\t\t<\/div>\n\t\t\t\t\t\t<\/div>\n\t\t\t\t<\/div>\n\t\t\t\t\t<\/div>\n\t\t<\/div>\n\t\t\t\t\t<\/div>\n\t\t<\/section>\n\t\t\t\t<\/div>\n\t\t","protected":false},"excerpt":{"rendered":"<p>Puedes configurar distintos valores por defecto para que el programa los incluya autom\u00e1ticamente a la hora de hacer, compras, ventas u otro tipo de operaciones. Para acceder a estos par\u00e1metros, desde la pantalla principal del programa, ve a\u00a0Herramientas&gt;Par\u00e1metros y valores por defecto. Luego, haz click en la pesta\u00f1a Valores por defecto. Vamos a ver con [&hellip;]<\/p>\n","protected":false},"author":1,"featured_media":0,"parent":1189,"menu_order":0,"comment_status":"closed","ping_status":"closed","template":"","meta":{"footnotes":""},"class_list":["post-2254","page","type-page","status-publish","hentry"],"yoast_head":"<!-- This site is optimized with the Yoast SEO plugin v27.5 - https:\/\/yoast.com\/product\/yoast-seo-wordpress\/ -->\n<title>Par\u00e1metros: Valores por defecto | Tutoriales de Secre<\/title>\n<meta name=\"robots\" content=\"index, follow, max-snippet:-1, max-image-preview:large, max-video-preview:-1\" \/>\n<link rel=\"canonical\" href=\"https:\/\/aplimedia.com\/tutoriales\/varios\/valores-por-defecto\/\" \/>\n<meta property=\"og:locale\" content=\"es_ES\" \/>\n<meta property=\"og:type\" content=\"article\" \/>\n<meta property=\"og:title\" content=\"Par\u00e1metros: Valores por defecto | Tutoriales de Secre\" \/>\n<meta property=\"og:description\" content=\"Puedes configurar distintos valores por defecto para que el programa los incluya autom\u00e1ticamente a la hora de hacer, compras, ventas u otro tipo de operaciones. Para acceder a estos par\u00e1metros, desde la pantalla principal del programa, ve a\u00a0Herramientas&gt;Par\u00e1metros y valores por defecto. Luego, haz click en la pesta\u00f1a Valores por defecto. Vamos a ver con [&hellip;]\" \/>\n<meta property=\"og:url\" content=\"https:\/\/aplimedia.com\/tutoriales\/varios\/valores-por-defecto\/\" \/>\n<meta property=\"og:site_name\" content=\"Tutoriales de Secre\" \/>\n<meta property=\"article:modified_time\" content=\"2025-03-11T13:36:17+00:00\" \/>\n<meta property=\"og:image\" content=\"https:\/\/aplimedia.com\/tutoriales\/wp-content\/uploads\/2019\/02\/disenodetickets.png\" \/>\n\t<meta property=\"og:image:width\" content=\"443\" \/>\n\t<meta property=\"og:image:height\" content=\"324\" \/>\n\t<meta property=\"og:image:type\" content=\"image\/png\" \/>\n<meta name=\"twitter:card\" content=\"summary_large_image\" \/>\n<meta name=\"twitter:label1\" content=\"Tiempo de lectura\" \/>\n\t<meta name=\"twitter:data1\" content=\"3 minutos\" \/>\n<script type=\"application\/ld+json\" class=\"yoast-schema-graph\">{\"@context\":\"https:\\\/\\\/schema.org\",\"@graph\":[{\"@type\":\"WebPage\",\"@id\":\"https:\\\/\\\/aplimedia.com\\\/tutoriales\\\/varios\\\/valores-por-defecto\\\/\",\"url\":\"https:\\\/\\\/aplimedia.com\\\/tutoriales\\\/varios\\\/valores-por-defecto\\\/\",\"name\":\"Par\u00e1metros: Valores por defecto | Tutoriales de Secre\",\"isPartOf\":{\"@id\":\"https:\\\/\\\/aplimedia.com\\\/tutoriales\\\/#website\"},\"primaryImageOfPage\":{\"@id\":\"https:\\\/\\\/aplimedia.com\\\/tutoriales\\\/varios\\\/valores-por-defecto\\\/#primaryimage\"},\"image\":{\"@id\":\"https:\\\/\\\/aplimedia.com\\\/tutoriales\\\/varios\\\/valores-por-defecto\\\/#primaryimage\"},\"thumbnailUrl\":\"https:\\\/\\\/aplimedia.com\\\/tutoriales\\\/wp-content\\\/uploads\\\/2019\\\/02\\\/disenodetickets.png\",\"datePublished\":\"2019-03-05T14:20:24+00:00\",\"dateModified\":\"2025-03-11T13:36:17+00:00\",\"breadcrumb\":{\"@id\":\"https:\\\/\\\/aplimedia.com\\\/tutoriales\\\/varios\\\/valores-por-defecto\\\/#breadcrumb\"},\"inLanguage\":\"es\",\"potentialAction\":[{\"@type\":\"ReadAction\",\"target\":[\"https:\\\/\\\/aplimedia.com\\\/tutoriales\\\/varios\\\/valores-por-defecto\\\/\"]}]},{\"@type\":\"ImageObject\",\"inLanguage\":\"es\",\"@id\":\"https:\\\/\\\/aplimedia.com\\\/tutoriales\\\/varios\\\/valores-por-defecto\\\/#primaryimage\",\"url\":\"https:\\\/\\\/aplimedia.com\\\/tutoriales\\\/wp-content\\\/uploads\\\/2019\\\/02\\\/disenodetickets.png\",\"contentUrl\":\"https:\\\/\\\/aplimedia.com\\\/tutoriales\\\/wp-content\\\/uploads\\\/2019\\\/02\\\/disenodetickets.png\",\"width\":443,\"height\":324},{\"@type\":\"BreadcrumbList\",\"@id\":\"https:\\\/\\\/aplimedia.com\\\/tutoriales\\\/varios\\\/valores-por-defecto\\\/#breadcrumb\",\"itemListElement\":[{\"@type\":\"ListItem\",\"position\":1,\"name\":\"Tutoriales\",\"item\":\"https:\\\/\\\/aplimedia.com\\\/tutoriales\\\/\"},{\"@type\":\"ListItem\",\"position\":2,\"name\":\"Varios\",\"item\":\"https:\\\/\\\/aplimedia.com\\\/tutoriales\\\/varios\\\/\"},{\"@type\":\"ListItem\",\"position\":3,\"name\":\"Par\u00e1metros: Valores por defecto\"}]},{\"@type\":\"WebSite\",\"@id\":\"https:\\\/\\\/aplimedia.com\\\/tutoriales\\\/#website\",\"url\":\"https:\\\/\\\/aplimedia.com\\\/tutoriales\\\/\",\"name\":\"Tutoriales de Secre\",\"description\":\"Tutoriales del software de gesti\u00f3n Secre\",\"publisher\":{\"@id\":\"https:\\\/\\\/aplimedia.com\\\/tutoriales\\\/#organization\"},\"potentialAction\":[{\"@type\":\"SearchAction\",\"target\":{\"@type\":\"EntryPoint\",\"urlTemplate\":\"https:\\\/\\\/aplimedia.com\\\/tutoriales\\\/?s={search_term_string}\"},\"query-input\":{\"@type\":\"PropertyValueSpecification\",\"valueRequired\":true,\"valueName\":\"search_term_string\"}}],\"inLanguage\":\"es\"},{\"@type\":\"Organization\",\"@id\":\"https:\\\/\\\/aplimedia.com\\\/tutoriales\\\/#organization\",\"name\":\"Tutoriales de Secre\",\"url\":\"https:\\\/\\\/aplimedia.com\\\/tutoriales\\\/\",\"logo\":{\"@type\":\"ImageObject\",\"inLanguage\":\"es\",\"@id\":\"https:\\\/\\\/aplimedia.com\\\/tutoriales\\\/#\\\/schema\\\/logo\\\/image\\\/\",\"url\":\"https:\\\/\\\/aplimedia.com\\\/tutoriales\\\/wp-content\\\/uploads\\\/2022\\\/03\\\/cropped-logotipo-aplimedia.png\",\"contentUrl\":\"https:\\\/\\\/aplimedia.com\\\/tutoriales\\\/wp-content\\\/uploads\\\/2022\\\/03\\\/cropped-logotipo-aplimedia.png\",\"width\":2000,\"height\":658,\"caption\":\"Tutoriales de Secre\"},\"image\":{\"@id\":\"https:\\\/\\\/aplimedia.com\\\/tutoriales\\\/#\\\/schema\\\/logo\\\/image\\\/\"}}]}<\/script>\n<!-- \/ Yoast SEO plugin. -->","yoast_head_json":{"title":"Par\u00e1metros: Valores por defecto | Tutoriales de Secre","robots":{"index":"index","follow":"follow","max-snippet":"max-snippet:-1","max-image-preview":"max-image-preview:large","max-video-preview":"max-video-preview:-1"},"canonical":"https:\/\/aplimedia.com\/tutoriales\/varios\/valores-por-defecto\/","og_locale":"es_ES","og_type":"article","og_title":"Par\u00e1metros: Valores por defecto | Tutoriales de Secre","og_description":"Puedes configurar distintos valores por defecto para que el programa los incluya autom\u00e1ticamente a la hora de hacer, compras, ventas u otro tipo de operaciones. Para acceder a estos par\u00e1metros, desde la pantalla principal del programa, ve a\u00a0Herramientas&gt;Par\u00e1metros y valores por defecto. Luego, haz click en la pesta\u00f1a Valores por defecto. Vamos a ver con [&hellip;]","og_url":"https:\/\/aplimedia.com\/tutoriales\/varios\/valores-por-defecto\/","og_site_name":"Tutoriales de Secre","article_modified_time":"2025-03-11T13:36:17+00:00","og_image":[{"width":443,"height":324,"url":"https:\/\/aplimedia.com\/tutoriales\/wp-content\/uploads\/2019\/02\/disenodetickets.png","type":"image\/png"}],"twitter_card":"summary_large_image","twitter_misc":{"Tiempo de lectura":"3 minutos"},"schema":{"@context":"https:\/\/schema.org","@graph":[{"@type":"WebPage","@id":"https:\/\/aplimedia.com\/tutoriales\/varios\/valores-por-defecto\/","url":"https:\/\/aplimedia.com\/tutoriales\/varios\/valores-por-defecto\/","name":"Par\u00e1metros: Valores por defecto | Tutoriales de Secre","isPartOf":{"@id":"https:\/\/aplimedia.com\/tutoriales\/#website"},"primaryImageOfPage":{"@id":"https:\/\/aplimedia.com\/tutoriales\/varios\/valores-por-defecto\/#primaryimage"},"image":{"@id":"https:\/\/aplimedia.com\/tutoriales\/varios\/valores-por-defecto\/#primaryimage"},"thumbnailUrl":"https:\/\/aplimedia.com\/tutoriales\/wp-content\/uploads\/2019\/02\/disenodetickets.png","datePublished":"2019-03-05T14:20:24+00:00","dateModified":"2025-03-11T13:36:17+00:00","breadcrumb":{"@id":"https:\/\/aplimedia.com\/tutoriales\/varios\/valores-por-defecto\/#breadcrumb"},"inLanguage":"es","potentialAction":[{"@type":"ReadAction","target":["https:\/\/aplimedia.com\/tutoriales\/varios\/valores-por-defecto\/"]}]},{"@type":"ImageObject","inLanguage":"es","@id":"https:\/\/aplimedia.com\/tutoriales\/varios\/valores-por-defecto\/#primaryimage","url":"https:\/\/aplimedia.com\/tutoriales\/wp-content\/uploads\/2019\/02\/disenodetickets.png","contentUrl":"https:\/\/aplimedia.com\/tutoriales\/wp-content\/uploads\/2019\/02\/disenodetickets.png","width":443,"height":324},{"@type":"BreadcrumbList","@id":"https:\/\/aplimedia.com\/tutoriales\/varios\/valores-por-defecto\/#breadcrumb","itemListElement":[{"@type":"ListItem","position":1,"name":"Tutoriales","item":"https:\/\/aplimedia.com\/tutoriales\/"},{"@type":"ListItem","position":2,"name":"Varios","item":"https:\/\/aplimedia.com\/tutoriales\/varios\/"},{"@type":"ListItem","position":3,"name":"Par\u00e1metros: Valores por defecto"}]},{"@type":"WebSite","@id":"https:\/\/aplimedia.com\/tutoriales\/#website","url":"https:\/\/aplimedia.com\/tutoriales\/","name":"Tutoriales de Secre","description":"Tutoriales del software de gesti\u00f3n Secre","publisher":{"@id":"https:\/\/aplimedia.com\/tutoriales\/#organization"},"potentialAction":[{"@type":"SearchAction","target":{"@type":"EntryPoint","urlTemplate":"https:\/\/aplimedia.com\/tutoriales\/?s={search_term_string}"},"query-input":{"@type":"PropertyValueSpecification","valueRequired":true,"valueName":"search_term_string"}}],"inLanguage":"es"},{"@type":"Organization","@id":"https:\/\/aplimedia.com\/tutoriales\/#organization","name":"Tutoriales de Secre","url":"https:\/\/aplimedia.com\/tutoriales\/","logo":{"@type":"ImageObject","inLanguage":"es","@id":"https:\/\/aplimedia.com\/tutoriales\/#\/schema\/logo\/image\/","url":"https:\/\/aplimedia.com\/tutoriales\/wp-content\/uploads\/2022\/03\/cropped-logotipo-aplimedia.png","contentUrl":"https:\/\/aplimedia.com\/tutoriales\/wp-content\/uploads\/2022\/03\/cropped-logotipo-aplimedia.png","width":2000,"height":658,"caption":"Tutoriales de Secre"},"image":{"@id":"https:\/\/aplimedia.com\/tutoriales\/#\/schema\/logo\/image\/"}}]}},"_links":{"self":[{"href":"https:\/\/aplimedia.com\/tutoriales\/wp-json\/wp\/v2\/pages\/2254","targetHints":{"allow":["GET"]}}],"collection":[{"href":"https:\/\/aplimedia.com\/tutoriales\/wp-json\/wp\/v2\/pages"}],"about":[{"href":"https:\/\/aplimedia.com\/tutoriales\/wp-json\/wp\/v2\/types\/page"}],"author":[{"embeddable":true,"href":"https:\/\/aplimedia.com\/tutoriales\/wp-json\/wp\/v2\/users\/1"}],"replies":[{"embeddable":true,"href":"https:\/\/aplimedia.com\/tutoriales\/wp-json\/wp\/v2\/comments?post=2254"}],"version-history":[{"count":0,"href":"https:\/\/aplimedia.com\/tutoriales\/wp-json\/wp\/v2\/pages\/2254\/revisions"}],"up":[{"embeddable":true,"href":"https:\/\/aplimedia.com\/tutoriales\/wp-json\/wp\/v2\/pages\/1189"}],"wp:attachment":[{"href":"https:\/\/aplimedia.com\/tutoriales\/wp-json\/wp\/v2\/media?parent=2254"}],"curies":[{"name":"wp","href":"https:\/\/api.w.org\/{rel}","templated":true}]}}