{"id":1974,"date":"2019-02-20T16:00:21","date_gmt":"2019-02-20T16:00:21","guid":{"rendered":"https:\/\/aplimedia.com\/tutoriales\/?page_id=1974"},"modified":"2025-03-11T12:37:25","modified_gmt":"2025-03-11T12:37:25","slug":"conceptos-basicos-gestion-documental","status":"publish","type":"page","link":"https:\/\/aplimedia.com\/tutoriales\/varios\/conceptos-basicos-gestion-documental\/","title":{"rendered":"Conceptos b\u00e1sicos de gesti\u00f3n documental"},"content":{"rendered":"\t\t<div data-elementor-type=\"wp-post\" data-elementor-id=\"1974\" class=\"elementor elementor-1974\" data-elementor-post-type=\"page\">\n\t\t\t\t\t\t<section class=\"elementor-section elementor-top-section elementor-element elementor-element-6c7254b2 elementor-section-stretched elementor-section-boxed elementor-section-height-default elementor-section-height-default\" data-id=\"6c7254b2\" data-element_type=\"section\" data-e-type=\"section\" data-settings=\"{&quot;stretch_section&quot;:&quot;section-stretched&quot;}\">\n\t\t\t\t\t\t<div class=\"elementor-container elementor-column-gap-default\">\n\t\t\t\t\t<div class=\"elementor-column elementor-col-100 elementor-top-column elementor-element elementor-element-19e1abc\" data-id=\"19e1abc\" data-element_type=\"column\" data-e-type=\"column\">\n\t\t\t<div class=\"elementor-widget-wrap elementor-element-populated\">\n\t\t\t\t\t\t<div class=\"elementor-element elementor-element-0f20382 elementor-widget elementor-widget-text-editor\" data-id=\"0f20382\" data-element_type=\"widget\" data-e-type=\"widget\" data-widget_type=\"text-editor.default\">\n\t\t\t\t<div class=\"elementor-widget-container\">\n\t\t\t\t\t\t\t\t\t<p>La <strong>gesti\u00f3n documental<\/strong>\u00a0en Secre te permite asociar documentos que tengas en tu equipo a una apartado concreto de Secre.<\/p><p>Podemos asociar documentos a clientes, proveedores, art\u00edculos, compras, ventas, proyectos, cuotas&#8230; y mucho m\u00e1s.<\/p><p>Siempre que la pantalla muestre el icono \u00abGesti\u00f3n documental\u00bb en la esquina superior derecha, tienes la posibilidad de adjuntar documentos a esa ficha. Cuando este icono aparece de color amarillo, es que esa ficha tiene documentos asociados.<\/p>\t\t\t\t\t\t\t\t<\/div>\n\t\t\t\t<\/div>\n\t\t\t\t<section class=\"elementor-section elementor-inner-section elementor-element elementor-element-0623905 elementor-section-boxed elementor-section-height-default elementor-section-height-default\" data-id=\"0623905\" data-element_type=\"section\" data-e-type=\"section\">\n\t\t\t\t\t\t<div class=\"elementor-container elementor-column-gap-default\">\n\t\t\t\t\t<div class=\"elementor-column elementor-col-50 elementor-inner-column elementor-element elementor-element-b8ba474\" data-id=\"b8ba474\" data-element_type=\"column\" data-e-type=\"column\">\n\t\t\t<div class=\"elementor-widget-wrap elementor-element-populated\">\n\t\t\t\t\t\t<div class=\"elementor-element elementor-element-28ce4f2 elementor-widget elementor-widget-image\" data-id=\"28ce4f2\" data-element_type=\"widget\" data-e-type=\"widget\" data-widget_type=\"image.default\">\n\t\t\t\t<div class=\"elementor-widget-container\">\n\t\t\t\t\t\t\t\t\t\t\t\t\t\t\t\t<a href=\"https:\/\/aplimedia.com\/tutoriales\/wp-content\/uploads\/2019\/02\/conceptosbasicosgestiondocumental3.png\" data-elementor-open-lightbox=\"yes\" data-elementor-lightbox-title=\"conceptosbasicosgestiondocumental3\" data-e-action-hash=\"#elementor-action%3Aaction%3Dlightbox%26settings%3DeyJpZCI6MTk3OCwidXJsIjoiaHR0cHM6XC9cL2FwbGltZWRpYS5jb21cL3R1dG9yaWFsZXNcL3dwLWNvbnRlbnRcL3VwbG9hZHNcLzIwMTlcLzAyXC9jb25jZXB0b3NiYXNpY29zZ2VzdGlvbmRvY3VtZW50YWwzLnBuZyJ9\">\n\t\t\t\t\t\t\t<img fetchpriority=\"high\" decoding=\"async\" width=\"785\" height=\"435\" src=\"https:\/\/aplimedia.com\/tutoriales\/wp-content\/uploads\/2019\/02\/conceptosbasicosgestiondocumental3.png\" class=\"attachment-large size-large wp-image-1978\" alt=\"\" srcset=\"https:\/\/aplimedia.com\/tutoriales\/wp-content\/uploads\/2019\/02\/conceptosbasicosgestiondocumental3.png 785w, https:\/\/aplimedia.com\/tutoriales\/wp-content\/uploads\/2019\/02\/conceptosbasicosgestiondocumental3-300x166.png 300w, https:\/\/aplimedia.com\/tutoriales\/wp-content\/uploads\/2019\/02\/conceptosbasicosgestiondocumental3-768x426.png 768w\" sizes=\"(max-width: 785px) 100vw, 785px\" \/>\t\t\t\t\t\t\t\t<\/a>\n\t\t\t\t\t\t\t\t\t\t\t\t\t\t\t<\/div>\n\t\t\t\t<\/div>\n\t\t\t\t\t<\/div>\n\t\t<\/div>\n\t\t\t\t<div class=\"elementor-column elementor-col-50 elementor-inner-column elementor-element elementor-element-04aa792\" data-id=\"04aa792\" data-element_type=\"column\" data-e-type=\"column\">\n\t\t\t<div class=\"elementor-widget-wrap elementor-element-populated\">\n\t\t\t\t\t\t<div class=\"elementor-element elementor-element-70f31cb elementor-widget elementor-widget-image\" data-id=\"70f31cb\" data-element_type=\"widget\" data-e-type=\"widget\" data-widget_type=\"image.default\">\n\t\t\t\t<div class=\"elementor-widget-container\">\n\t\t\t\t\t\t\t\t\t\t\t\t\t\t\t\t<a href=\"https:\/\/aplimedia.com\/tutoriales\/wp-content\/uploads\/2019\/02\/conceptosbasicosgestiondocumental2.png\" data-elementor-open-lightbox=\"yes\" data-elementor-lightbox-title=\"conceptosbasicosgestiondocumental2\" data-e-action-hash=\"#elementor-action%3Aaction%3Dlightbox%26settings%3DeyJpZCI6MTk3NywidXJsIjoiaHR0cHM6XC9cL2FwbGltZWRpYS5jb21cL3R1dG9yaWFsZXNcL3dwLWNvbnRlbnRcL3VwbG9hZHNcLzIwMTlcLzAyXC9jb25jZXB0b3NiYXNpY29zZ2VzdGlvbmRvY3VtZW50YWwyLnBuZyJ9\">\n\t\t\t\t\t\t\t<img decoding=\"async\" width=\"1024\" height=\"487\" src=\"https:\/\/aplimedia.com\/tutoriales\/wp-content\/uploads\/2019\/02\/conceptosbasicosgestiondocumental2-1024x487.png\" class=\"attachment-large size-large wp-image-1977\" alt=\"\" srcset=\"https:\/\/aplimedia.com\/tutoriales\/wp-content\/uploads\/2019\/02\/conceptosbasicosgestiondocumental2-1024x487.png 1024w, https:\/\/aplimedia.com\/tutoriales\/wp-content\/uploads\/2019\/02\/conceptosbasicosgestiondocumental2-300x143.png 300w, https:\/\/aplimedia.com\/tutoriales\/wp-content\/uploads\/2019\/02\/conceptosbasicosgestiondocumental2-768x365.png 768w, https:\/\/aplimedia.com\/tutoriales\/wp-content\/uploads\/2019\/02\/conceptosbasicosgestiondocumental2.png 1323w\" sizes=\"(max-width: 1024px) 100vw, 1024px\" \/>\t\t\t\t\t\t\t\t<\/a>\n\t\t\t\t\t\t\t\t\t\t\t\t\t\t\t<\/div>\n\t\t\t\t<\/div>\n\t\t\t\t\t<\/div>\n\t\t<\/div>\n\t\t\t\t\t<\/div>\n\t\t<\/section>\n\t\t\t\t<div class=\"elementor-element elementor-element-69f399e6 elementor-widget elementor-widget-spacer\" data-id=\"69f399e6\" data-element_type=\"widget\" data-e-type=\"widget\" data-widget_type=\"spacer.default\">\n\t\t\t\t<div class=\"elementor-widget-container\">\n\t\t\t\t\t\t\t<div class=\"elementor-spacer\">\n\t\t\t<div class=\"elementor-spacer-inner\"><\/div>\n\t\t<\/div>\n\t\t\t\t\t\t<\/div>\n\t\t\t\t<\/div>\n\t\t\t\t<div class=\"elementor-element elementor-element-77bc754c elementor-widget elementor-widget-heading\" data-id=\"77bc754c\" data-element_type=\"widget\" data-e-type=\"widget\" data-widget_type=\"heading.default\">\n\t\t\t\t<div class=\"elementor-widget-container\">\n\t\t\t\t\t<h2 class=\"elementor-heading-title elementor-size-default\">Paso 1:<\/h2>\t\t\t\t<\/div>\n\t\t\t\t<\/div>\n\t\t\t\t<div class=\"elementor-element elementor-element-2ae21482 elementor-widget elementor-widget-text-editor\" data-id=\"2ae21482\" data-element_type=\"widget\" data-e-type=\"widget\" data-widget_type=\"text-editor.default\">\n\t\t\t\t<div class=\"elementor-widget-container\">\n\t\t\t\t\t\t\t\t\t<p>Para adjuntar un documento a una ficha cualquier del programa, haz click en \u00ab<strong>Gesti\u00f3n documental<\/strong>\u00bb en la esquina superior derecha.\u00a0<\/p><p>Esta pantalla es la que te permitir\u00e1<strong> asociar documentos<\/strong> o <strong>visualizar<\/strong> aquellos que<strong> ya <\/strong>tienes asociados a esa ficha:<\/p>\t\t\t\t\t\t\t\t<\/div>\n\t\t\t\t<\/div>\n\t\t\t\t<section class=\"elementor-section elementor-inner-section elementor-element elementor-element-75f8138 elementor-section-boxed elementor-section-height-default elementor-section-height-default\" data-id=\"75f8138\" data-element_type=\"section\" data-e-type=\"section\">\n\t\t\t\t\t\t<div class=\"elementor-container elementor-column-gap-default\">\n\t\t\t\t\t<div class=\"elementor-column elementor-col-100 elementor-inner-column elementor-element elementor-element-28366e9\" data-id=\"28366e9\" data-element_type=\"column\" data-e-type=\"column\">\n\t\t\t<div class=\"elementor-widget-wrap elementor-element-populated\">\n\t\t\t\t\t\t<div class=\"elementor-element elementor-element-5ecfb09 elementor-widget elementor-widget-image\" data-id=\"5ecfb09\" data-element_type=\"widget\" data-e-type=\"widget\" data-widget_type=\"image.default\">\n\t\t\t\t<div class=\"elementor-widget-container\">\n\t\t\t\t\t\t\t\t\t\t\t\t\t\t\t\t<a href=\"https:\/\/aplimedia.com\/tutoriales\/wp-content\/uploads\/2019\/02\/conceptosbasicosgestiondocumental4.png\" data-elementor-open-lightbox=\"yes\" data-elementor-lightbox-title=\"conceptosbasicosgestiondocumental4\" data-e-action-hash=\"#elementor-action%3Aaction%3Dlightbox%26settings%3DeyJpZCI6MTk3OSwidXJsIjoiaHR0cHM6XC9cL2FwbGltZWRpYS5jb21cL3R1dG9yaWFsZXNcL3dwLWNvbnRlbnRcL3VwbG9hZHNcLzIwMTlcLzAyXC9jb25jZXB0b3NiYXNpY29zZ2VzdGlvbmRvY3VtZW50YWw0LnBuZyJ9\">\n\t\t\t\t\t\t\t<img decoding=\"async\" width=\"794\" height=\"568\" src=\"https:\/\/aplimedia.com\/tutoriales\/wp-content\/uploads\/2019\/02\/conceptosbasicosgestiondocumental4.png\" class=\"attachment-large size-large wp-image-1979\" alt=\"\" srcset=\"https:\/\/aplimedia.com\/tutoriales\/wp-content\/uploads\/2019\/02\/conceptosbasicosgestiondocumental4.png 794w, https:\/\/aplimedia.com\/tutoriales\/wp-content\/uploads\/2019\/02\/conceptosbasicosgestiondocumental4-300x215.png 300w, https:\/\/aplimedia.com\/tutoriales\/wp-content\/uploads\/2019\/02\/conceptosbasicosgestiondocumental4-768x549.png 768w\" sizes=\"(max-width: 794px) 100vw, 794px\" \/>\t\t\t\t\t\t\t\t<\/a>\n\t\t\t\t\t\t\t\t\t\t\t\t\t\t\t<\/div>\n\t\t\t\t<\/div>\n\t\t\t\t\t<\/div>\n\t\t<\/div>\n\t\t\t\t\t<\/div>\n\t\t<\/section>\n\t\t\t\t<section class=\"elementor-section elementor-inner-section elementor-element elementor-element-a79b32d elementor-section-boxed elementor-section-height-default elementor-section-height-default\" data-id=\"a79b32d\" data-element_type=\"section\" data-e-type=\"section\">\n\t\t\t\t\t\t<div class=\"elementor-container elementor-column-gap-default\">\n\t\t\t\t\t<div class=\"elementor-column elementor-col-100 elementor-inner-column elementor-element elementor-element-92501c6\" data-id=\"92501c6\" data-element_type=\"column\" data-e-type=\"column\">\n\t\t\t<div class=\"elementor-widget-wrap elementor-element-populated\">\n\t\t\t\t\t\t<div class=\"elementor-element elementor-element-4f1e7e7 elementor-widget elementor-widget-text-editor\" data-id=\"4f1e7e7\" data-element_type=\"widget\" data-e-type=\"widget\" data-widget_type=\"text-editor.default\">\n\t\t\t\t<div class=\"elementor-widget-container\">\n\t\t\t\t\t\t\t\t\t<p>Para subir un documento simplemente tendremos que arrastrar el fichero desde nuestro ordenador a la pantalla*.<\/p>\t\t\t\t\t\t\t\t<\/div>\n\t\t\t\t<\/div>\n\t\t\t\t<div class=\"elementor-element elementor-element-06f7b66 elementor-widget elementor-widget-image\" data-id=\"06f7b66\" data-element_type=\"widget\" data-e-type=\"widget\" data-widget_type=\"image.default\">\n\t\t\t\t<div class=\"elementor-widget-container\">\n\t\t\t\t\t\t\t\t\t\t\t\t\t\t\t\t<a href=\"https:\/\/aplimedia.com\/tutoriales\/wp-content\/uploads\/2025\/03\/gestdocumental1.gif\" data-elementor-open-lightbox=\"yes\" data-elementor-lightbox-title=\"gestdocumental1\" data-e-action-hash=\"#elementor-action%3Aaction%3Dlightbox%26settings%3DeyJpZCI6NzY3OCwidXJsIjoiaHR0cHM6XC9cL2FwbGltZWRpYS5jb21cL3R1dG9yaWFsZXNcL3dwLWNvbnRlbnRcL3VwbG9hZHNcLzIwMjVcLzAzXC9nZXN0ZG9jdW1lbnRhbDEuZ2lmIn0%3D\">\n\t\t\t\t\t\t\t<img loading=\"lazy\" decoding=\"async\" width=\"1904\" height=\"991\" src=\"https:\/\/aplimedia.com\/tutoriales\/wp-content\/uploads\/2025\/03\/gestdocumental1.gif\" class=\"attachment-large size-large wp-image-7678\" alt=\"\" \/>\t\t\t\t\t\t\t\t<\/a>\n\t\t\t\t\t\t\t\t\t\t\t\t\t\t\t<\/div>\n\t\t\t\t<\/div>\n\t\t\t\t<div class=\"elementor-element elementor-element-fca384b elementor-widget elementor-widget-text-editor\" data-id=\"fca384b\" data-element_type=\"widget\" data-e-type=\"widget\" data-widget_type=\"text-editor.default\">\n\t\t\t\t<div class=\"elementor-widget-container\">\n\t\t\t\t\t\t\t\t\t<p>* En algunos m\u00e9todos de acceso a Secre, la opci\u00f3n de arrastrar el fichero a la pantalla no est\u00e1 disponible. En ese caso tendr\u00e1s que copiar el fichero (con CTRL+C) y pegarlo en la pantalla de la gesti\u00f3n documental (CTRL+V).<\/p>\t\t\t\t\t\t\t\t<\/div>\n\t\t\t\t<\/div>\n\t\t\t\t<div class=\"elementor-element elementor-element-a02cfed elementor-widget elementor-widget-text-editor\" data-id=\"a02cfed\" data-element_type=\"widget\" data-e-type=\"widget\" data-widget_type=\"text-editor.default\">\n\t\t\t\t<div class=\"elementor-widget-container\">\n\t\t\t\t\t\t\t\t\t<p>Ahora tu documento <strong>ya est\u00e1 subido y adjunto a la ficha<\/strong>.<\/p><p>Si lo deseas, puedes seleccionarlo e indicar qu\u00e9 <strong>tipo<\/strong> de documento es, ponerle un <strong>t\u00edtulo<\/strong> (te pone uno por defecto pero puedes modificarlo) y, si quieres, ponerle<strong> palabras clave<\/strong> para despu\u00e9s poder hacer filtros.\u00a0<\/p><p style=\"padding-left: 30px;\"><em>Respecto al campo \u00abTipo\u00bb, si no tienes ninguno que hayas utilizado previamente o quieres crear uno nuevo, simplemente escribe manualmente en el campo la clasificaci\u00f3n que te interese. Si guardas ese documento adjunto, las pr\u00f3ximas veces que quieras usar la gesti\u00f3n documental esta clasificaci\u00f3n ya te aparecer\u00e1 en el desplegable y podr\u00e1s seleccionarla.<\/em><\/p><p>Cuando ya tengas los distintos campos de tu documento rellenados, haz click en el disquete para guardar el documento.<\/p><p>A partir de ahora tendr\u00e1s ese documento <strong>accesible<\/strong> desde la ficha al que lo has subido. Para visualizarlo solo tendr\u00e1s que hacer click en Gesti\u00f3n documental y doble click en el archivo en cuesti\u00f3n que quieras ver.<\/p>\t\t\t\t\t\t\t\t<\/div>\n\t\t\t\t<\/div>\n\t\t\t\t\t<\/div>\n\t\t<\/div>\n\t\t\t\t\t<\/div>\n\t\t<\/section>\n\t\t\t\t<div class=\"elementor-element elementor-element-9e74c14 elementor-widget elementor-widget-spacer\" data-id=\"9e74c14\" data-element_type=\"widget\" data-e-type=\"widget\" data-widget_type=\"spacer.default\">\n\t\t\t\t<div class=\"elementor-widget-container\">\n\t\t\t\t\t\t\t<div class=\"elementor-spacer\">\n\t\t\t<div class=\"elementor-spacer-inner\"><\/div>\n\t\t<\/div>\n\t\t\t\t\t\t<\/div>\n\t\t\t\t<\/div>\n\t\t\t\t\t<\/div>\n\t\t<\/div>\n\t\t\t\t\t<\/div>\n\t\t<\/section>\n\t\t\t\t<\/div>\n\t\t","protected":false},"excerpt":{"rendered":"<p>La gesti\u00f3n documental\u00a0en Secre te permite asociar documentos que tengas en tu equipo a una apartado concreto de Secre. Podemos asociar documentos a clientes, proveedores, art\u00edculos, compras, ventas, proyectos, cuotas&#8230; y mucho m\u00e1s. Siempre que la pantalla muestre el icono \u00abGesti\u00f3n documental\u00bb en la esquina superior derecha, tienes la posibilidad de adjuntar documentos a esa [&hellip;]<\/p>\n","protected":false},"author":1,"featured_media":0,"parent":1189,"menu_order":0,"comment_status":"closed","ping_status":"closed","template":"","meta":{"footnotes":""},"class_list":["post-1974","page","type-page","status-publish","hentry"],"yoast_head":"<!-- This site is optimized with the Yoast SEO plugin v27.5 - https:\/\/yoast.com\/product\/yoast-seo-wordpress\/ -->\n<title>Conceptos b\u00e1sicos de gesti\u00f3n documental | Tutoriales de Secre<\/title>\n<meta name=\"robots\" content=\"index, follow, max-snippet:-1, max-image-preview:large, max-video-preview:-1\" \/>\n<link rel=\"canonical\" href=\"https:\/\/aplimedia.com\/tutoriales\/varios\/conceptos-basicos-gestion-documental\/\" \/>\n<meta property=\"og:locale\" content=\"es_ES\" \/>\n<meta property=\"og:type\" content=\"article\" \/>\n<meta property=\"og:title\" content=\"Conceptos b\u00e1sicos de gesti\u00f3n documental | Tutoriales de Secre\" \/>\n<meta property=\"og:description\" content=\"La gesti\u00f3n documental\u00a0en Secre te permite asociar documentos que tengas en tu equipo a una apartado concreto de Secre. Podemos asociar documentos a clientes, proveedores, art\u00edculos, compras, ventas, proyectos, cuotas&#8230; y mucho m\u00e1s. Siempre que la pantalla muestre el icono \u00abGesti\u00f3n documental\u00bb en la esquina superior derecha, tienes la posibilidad de adjuntar documentos a esa [&hellip;]\" \/>\n<meta property=\"og:url\" content=\"https:\/\/aplimedia.com\/tutoriales\/varios\/conceptos-basicos-gestion-documental\/\" \/>\n<meta property=\"og:site_name\" content=\"Tutoriales de Secre\" \/>\n<meta property=\"article:modified_time\" content=\"2025-03-11T12:37:25+00:00\" \/>\n<meta property=\"og:image\" content=\"https:\/\/aplimedia.com\/tutoriales\/wp-content\/uploads\/2019\/02\/conceptosbasicosgestiondocumental3.png\" \/>\n\t<meta property=\"og:image:width\" content=\"785\" \/>\n\t<meta property=\"og:image:height\" content=\"435\" \/>\n\t<meta property=\"og:image:type\" content=\"image\/png\" \/>\n<meta name=\"twitter:card\" content=\"summary_large_image\" \/>\n<meta name=\"twitter:label1\" content=\"Tiempo de lectura\" \/>\n\t<meta name=\"twitter:data1\" content=\"3 minutos\" \/>\n<script type=\"application\/ld+json\" class=\"yoast-schema-graph\">{\"@context\":\"https:\\\/\\\/schema.org\",\"@graph\":[{\"@type\":\"WebPage\",\"@id\":\"https:\\\/\\\/aplimedia.com\\\/tutoriales\\\/varios\\\/conceptos-basicos-gestion-documental\\\/\",\"url\":\"https:\\\/\\\/aplimedia.com\\\/tutoriales\\\/varios\\\/conceptos-basicos-gestion-documental\\\/\",\"name\":\"Conceptos b\u00e1sicos de gesti\u00f3n documental | Tutoriales de Secre\",\"isPartOf\":{\"@id\":\"https:\\\/\\\/aplimedia.com\\\/tutoriales\\\/#website\"},\"primaryImageOfPage\":{\"@id\":\"https:\\\/\\\/aplimedia.com\\\/tutoriales\\\/varios\\\/conceptos-basicos-gestion-documental\\\/#primaryimage\"},\"image\":{\"@id\":\"https:\\\/\\\/aplimedia.com\\\/tutoriales\\\/varios\\\/conceptos-basicos-gestion-documental\\\/#primaryimage\"},\"thumbnailUrl\":\"https:\\\/\\\/aplimedia.com\\\/tutoriales\\\/wp-content\\\/uploads\\\/2019\\\/02\\\/conceptosbasicosgestiondocumental3.png\",\"datePublished\":\"2019-02-20T16:00:21+00:00\",\"dateModified\":\"2025-03-11T12:37:25+00:00\",\"breadcrumb\":{\"@id\":\"https:\\\/\\\/aplimedia.com\\\/tutoriales\\\/varios\\\/conceptos-basicos-gestion-documental\\\/#breadcrumb\"},\"inLanguage\":\"es\",\"potentialAction\":[{\"@type\":\"ReadAction\",\"target\":[\"https:\\\/\\\/aplimedia.com\\\/tutoriales\\\/varios\\\/conceptos-basicos-gestion-documental\\\/\"]}]},{\"@type\":\"ImageObject\",\"inLanguage\":\"es\",\"@id\":\"https:\\\/\\\/aplimedia.com\\\/tutoriales\\\/varios\\\/conceptos-basicos-gestion-documental\\\/#primaryimage\",\"url\":\"https:\\\/\\\/aplimedia.com\\\/tutoriales\\\/wp-content\\\/uploads\\\/2019\\\/02\\\/conceptosbasicosgestiondocumental3.png\",\"contentUrl\":\"https:\\\/\\\/aplimedia.com\\\/tutoriales\\\/wp-content\\\/uploads\\\/2019\\\/02\\\/conceptosbasicosgestiondocumental3.png\",\"width\":785,\"height\":435},{\"@type\":\"BreadcrumbList\",\"@id\":\"https:\\\/\\\/aplimedia.com\\\/tutoriales\\\/varios\\\/conceptos-basicos-gestion-documental\\\/#breadcrumb\",\"itemListElement\":[{\"@type\":\"ListItem\",\"position\":1,\"name\":\"Tutoriales\",\"item\":\"https:\\\/\\\/aplimedia.com\\\/tutoriales\\\/\"},{\"@type\":\"ListItem\",\"position\":2,\"name\":\"Varios\",\"item\":\"https:\\\/\\\/aplimedia.com\\\/tutoriales\\\/varios\\\/\"},{\"@type\":\"ListItem\",\"position\":3,\"name\":\"Conceptos b\u00e1sicos de gesti\u00f3n documental\"}]},{\"@type\":\"WebSite\",\"@id\":\"https:\\\/\\\/aplimedia.com\\\/tutoriales\\\/#website\",\"url\":\"https:\\\/\\\/aplimedia.com\\\/tutoriales\\\/\",\"name\":\"Tutoriales de Secre\",\"description\":\"Tutoriales del software de gesti\u00f3n Secre\",\"publisher\":{\"@id\":\"https:\\\/\\\/aplimedia.com\\\/tutoriales\\\/#organization\"},\"potentialAction\":[{\"@type\":\"SearchAction\",\"target\":{\"@type\":\"EntryPoint\",\"urlTemplate\":\"https:\\\/\\\/aplimedia.com\\\/tutoriales\\\/?s={search_term_string}\"},\"query-input\":{\"@type\":\"PropertyValueSpecification\",\"valueRequired\":true,\"valueName\":\"search_term_string\"}}],\"inLanguage\":\"es\"},{\"@type\":\"Organization\",\"@id\":\"https:\\\/\\\/aplimedia.com\\\/tutoriales\\\/#organization\",\"name\":\"Tutoriales de Secre\",\"url\":\"https:\\\/\\\/aplimedia.com\\\/tutoriales\\\/\",\"logo\":{\"@type\":\"ImageObject\",\"inLanguage\":\"es\",\"@id\":\"https:\\\/\\\/aplimedia.com\\\/tutoriales\\\/#\\\/schema\\\/logo\\\/image\\\/\",\"url\":\"https:\\\/\\\/aplimedia.com\\\/tutoriales\\\/wp-content\\\/uploads\\\/2022\\\/03\\\/cropped-logotipo-aplimedia.png\",\"contentUrl\":\"https:\\\/\\\/aplimedia.com\\\/tutoriales\\\/wp-content\\\/uploads\\\/2022\\\/03\\\/cropped-logotipo-aplimedia.png\",\"width\":2000,\"height\":658,\"caption\":\"Tutoriales de Secre\"},\"image\":{\"@id\":\"https:\\\/\\\/aplimedia.com\\\/tutoriales\\\/#\\\/schema\\\/logo\\\/image\\\/\"}}]}<\/script>\n<!-- \/ Yoast SEO plugin. -->","yoast_head_json":{"title":"Conceptos b\u00e1sicos de gesti\u00f3n documental | Tutoriales de Secre","robots":{"index":"index","follow":"follow","max-snippet":"max-snippet:-1","max-image-preview":"max-image-preview:large","max-video-preview":"max-video-preview:-1"},"canonical":"https:\/\/aplimedia.com\/tutoriales\/varios\/conceptos-basicos-gestion-documental\/","og_locale":"es_ES","og_type":"article","og_title":"Conceptos b\u00e1sicos de gesti\u00f3n documental | Tutoriales de Secre","og_description":"La gesti\u00f3n documental\u00a0en Secre te permite asociar documentos que tengas en tu equipo a una apartado concreto de Secre. Podemos asociar documentos a clientes, proveedores, art\u00edculos, compras, ventas, proyectos, cuotas&#8230; y mucho m\u00e1s. Siempre que la pantalla muestre el icono \u00abGesti\u00f3n documental\u00bb en la esquina superior derecha, tienes la posibilidad de adjuntar documentos a esa [&hellip;]","og_url":"https:\/\/aplimedia.com\/tutoriales\/varios\/conceptos-basicos-gestion-documental\/","og_site_name":"Tutoriales de Secre","article_modified_time":"2025-03-11T12:37:25+00:00","og_image":[{"width":785,"height":435,"url":"https:\/\/aplimedia.com\/tutoriales\/wp-content\/uploads\/2019\/02\/conceptosbasicosgestiondocumental3.png","type":"image\/png"}],"twitter_card":"summary_large_image","twitter_misc":{"Tiempo de lectura":"3 minutos"},"schema":{"@context":"https:\/\/schema.org","@graph":[{"@type":"WebPage","@id":"https:\/\/aplimedia.com\/tutoriales\/varios\/conceptos-basicos-gestion-documental\/","url":"https:\/\/aplimedia.com\/tutoriales\/varios\/conceptos-basicos-gestion-documental\/","name":"Conceptos b\u00e1sicos de gesti\u00f3n documental | Tutoriales de Secre","isPartOf":{"@id":"https:\/\/aplimedia.com\/tutoriales\/#website"},"primaryImageOfPage":{"@id":"https:\/\/aplimedia.com\/tutoriales\/varios\/conceptos-basicos-gestion-documental\/#primaryimage"},"image":{"@id":"https:\/\/aplimedia.com\/tutoriales\/varios\/conceptos-basicos-gestion-documental\/#primaryimage"},"thumbnailUrl":"https:\/\/aplimedia.com\/tutoriales\/wp-content\/uploads\/2019\/02\/conceptosbasicosgestiondocumental3.png","datePublished":"2019-02-20T16:00:21+00:00","dateModified":"2025-03-11T12:37:25+00:00","breadcrumb":{"@id":"https:\/\/aplimedia.com\/tutoriales\/varios\/conceptos-basicos-gestion-documental\/#breadcrumb"},"inLanguage":"es","potentialAction":[{"@type":"ReadAction","target":["https:\/\/aplimedia.com\/tutoriales\/varios\/conceptos-basicos-gestion-documental\/"]}]},{"@type":"ImageObject","inLanguage":"es","@id":"https:\/\/aplimedia.com\/tutoriales\/varios\/conceptos-basicos-gestion-documental\/#primaryimage","url":"https:\/\/aplimedia.com\/tutoriales\/wp-content\/uploads\/2019\/02\/conceptosbasicosgestiondocumental3.png","contentUrl":"https:\/\/aplimedia.com\/tutoriales\/wp-content\/uploads\/2019\/02\/conceptosbasicosgestiondocumental3.png","width":785,"height":435},{"@type":"BreadcrumbList","@id":"https:\/\/aplimedia.com\/tutoriales\/varios\/conceptos-basicos-gestion-documental\/#breadcrumb","itemListElement":[{"@type":"ListItem","position":1,"name":"Tutoriales","item":"https:\/\/aplimedia.com\/tutoriales\/"},{"@type":"ListItem","position":2,"name":"Varios","item":"https:\/\/aplimedia.com\/tutoriales\/varios\/"},{"@type":"ListItem","position":3,"name":"Conceptos b\u00e1sicos de gesti\u00f3n documental"}]},{"@type":"WebSite","@id":"https:\/\/aplimedia.com\/tutoriales\/#website","url":"https:\/\/aplimedia.com\/tutoriales\/","name":"Tutoriales de Secre","description":"Tutoriales del software de gesti\u00f3n Secre","publisher":{"@id":"https:\/\/aplimedia.com\/tutoriales\/#organization"},"potentialAction":[{"@type":"SearchAction","target":{"@type":"EntryPoint","urlTemplate":"https:\/\/aplimedia.com\/tutoriales\/?s={search_term_string}"},"query-input":{"@type":"PropertyValueSpecification","valueRequired":true,"valueName":"search_term_string"}}],"inLanguage":"es"},{"@type":"Organization","@id":"https:\/\/aplimedia.com\/tutoriales\/#organization","name":"Tutoriales de Secre","url":"https:\/\/aplimedia.com\/tutoriales\/","logo":{"@type":"ImageObject","inLanguage":"es","@id":"https:\/\/aplimedia.com\/tutoriales\/#\/schema\/logo\/image\/","url":"https:\/\/aplimedia.com\/tutoriales\/wp-content\/uploads\/2022\/03\/cropped-logotipo-aplimedia.png","contentUrl":"https:\/\/aplimedia.com\/tutoriales\/wp-content\/uploads\/2022\/03\/cropped-logotipo-aplimedia.png","width":2000,"height":658,"caption":"Tutoriales de Secre"},"image":{"@id":"https:\/\/aplimedia.com\/tutoriales\/#\/schema\/logo\/image\/"}}]}},"_links":{"self":[{"href":"https:\/\/aplimedia.com\/tutoriales\/wp-json\/wp\/v2\/pages\/1974","targetHints":{"allow":["GET"]}}],"collection":[{"href":"https:\/\/aplimedia.com\/tutoriales\/wp-json\/wp\/v2\/pages"}],"about":[{"href":"https:\/\/aplimedia.com\/tutoriales\/wp-json\/wp\/v2\/types\/page"}],"author":[{"embeddable":true,"href":"https:\/\/aplimedia.com\/tutoriales\/wp-json\/wp\/v2\/users\/1"}],"replies":[{"embeddable":true,"href":"https:\/\/aplimedia.com\/tutoriales\/wp-json\/wp\/v2\/comments?post=1974"}],"version-history":[{"count":0,"href":"https:\/\/aplimedia.com\/tutoriales\/wp-json\/wp\/v2\/pages\/1974\/revisions"}],"up":[{"embeddable":true,"href":"https:\/\/aplimedia.com\/tutoriales\/wp-json\/wp\/v2\/pages\/1189"}],"wp:attachment":[{"href":"https:\/\/aplimedia.com\/tutoriales\/wp-json\/wp\/v2\/media?parent=1974"}],"curies":[{"name":"wp","href":"https:\/\/api.w.org\/{rel}","templated":true}]}}