{"id":1810,"date":"2019-02-12T15:51:28","date_gmt":"2019-02-12T15:51:28","guid":{"rendered":"https:\/\/aplimedia.com\/tutoriales\/?page_id=1810"},"modified":"2025-03-14T10:33:44","modified_gmt":"2025-03-14T10:33:44","slug":"descuentos-por-cliente-o-proveedor","status":"publish","type":"page","link":"https:\/\/aplimedia.com\/tutoriales\/articulos-stock-almacen\/descuentos-por-cliente-o-proveedor\/","title":{"rendered":"Descuentos por cliente o proveedor (desde art\u00edculos)"},"content":{"rendered":"\t\t<div data-elementor-type=\"wp-post\" data-elementor-id=\"1810\" class=\"elementor elementor-1810\" data-elementor-post-type=\"page\">\n\t\t\t\t\t\t<section class=\"elementor-section elementor-top-section elementor-element elementor-element-3a223a9f elementor-section-stretched elementor-section-boxed elementor-section-height-default elementor-section-height-default\" data-id=\"3a223a9f\" data-element_type=\"section\" data-e-type=\"section\" data-settings=\"{&quot;stretch_section&quot;:&quot;section-stretched&quot;}\">\n\t\t\t\t\t\t<div class=\"elementor-container elementor-column-gap-default\">\n\t\t\t\t\t<div class=\"elementor-column elementor-col-100 elementor-top-column elementor-element elementor-element-4b75d742\" data-id=\"4b75d742\" data-element_type=\"column\" data-e-type=\"column\">\n\t\t\t<div class=\"elementor-widget-wrap elementor-element-populated\">\n\t\t\t\t\t\t<div class=\"elementor-element elementor-element-ee2c08c elementor-widget elementor-widget-text-editor\" data-id=\"ee2c08c\" data-element_type=\"widget\" data-e-type=\"widget\" data-widget_type=\"text-editor.default\">\n\t\t\t\t<div class=\"elementor-widget-container\">\n\t\t\t\t\t\t\t\t\t<p>Secre te permite <strong>asignar descuentos particulares<\/strong> a tus clientes y proveedores.\u00a0<\/p><p>Tienes varias maneras de hacerlo: puedes o bien asignar una tabla de descuentos desde la ficha de tu cliente o proveedor, o bien, puedes configurar los descuentos desde la ficha de un art\u00edculo determinado.<\/p><p>Para asignar una tabla de descuentos desde la ficha de tu cliente o proveedor sigue estos pasos: <a href=\"https:\/\/aplimedia.com\/tutoriales\/clientes\/tabla-descuentos\/\">Tablas de descuentos para clientes o proveedores<\/a><\/p><p>Vamos a ver c\u00f3mo configurar esos descuentos desde la ficha del art\u00edculo.<\/p>\t\t\t\t\t\t\t\t<\/div>\n\t\t\t\t<\/div>\n\t\t\t\t<div class=\"elementor-element elementor-element-2d0904ec elementor-widget elementor-widget-spacer\" data-id=\"2d0904ec\" data-element_type=\"widget\" data-e-type=\"widget\" data-widget_type=\"spacer.default\">\n\t\t\t\t<div class=\"elementor-widget-container\">\n\t\t\t\t\t\t\t<div class=\"elementor-spacer\">\n\t\t\t<div class=\"elementor-spacer-inner\"><\/div>\n\t\t<\/div>\n\t\t\t\t\t\t<\/div>\n\t\t\t\t<\/div>\n\t\t\t\t<div class=\"elementor-element elementor-element-18bfbf2 elementor-widget elementor-widget-heading\" data-id=\"18bfbf2\" data-element_type=\"widget\" data-e-type=\"widget\" data-widget_type=\"heading.default\">\n\t\t\t\t<div class=\"elementor-widget-container\">\n\t\t\t\t\t<h2 class=\"elementor-heading-title elementor-size-default\">Paso 1:<\/h2>\t\t\t\t<\/div>\n\t\t\t\t<\/div>\n\t\t\t\t<div class=\"elementor-element elementor-element-760406cd elementor-widget elementor-widget-text-editor\" data-id=\"760406cd\" data-element_type=\"widget\" data-e-type=\"widget\" data-widget_type=\"text-editor.default\">\n\t\t\t\t<div class=\"elementor-widget-container\">\n\t\t\t\t\t\t\t\t\t<p>Desde la pantalla principal del programa ve al m\u00f3dulo\u00a0<strong>Art\u00edculos y Servicios<\/strong> y sit\u00faate en el art\u00edculo al que quieras configurar los descuentos por cliente\u00a0o proveedor.\u00a0<\/p><p>Desde la ficha del art\u00edculo, en el men\u00fa superior, ve a<strong> Ver&gt;Mostrar descuentos por clientes<\/strong> o a <strong>Ver&gt;Mostrar descuentos por proveedores<\/strong>, en funci\u00f3n de lo que quieras hacer. En este ejemplo vamos a ver c\u00f3mo lo har\u00edamos para clientes, pero los pasos son exactamente iguales en proveedores.<\/p>\t\t\t\t\t\t\t\t<\/div>\n\t\t\t\t<\/div>\n\t\t\t\t<section class=\"elementor-section elementor-inner-section elementor-element elementor-element-1783536 elementor-section-boxed elementor-section-height-default elementor-section-height-default\" data-id=\"1783536\" data-element_type=\"section\" data-e-type=\"section\">\n\t\t\t\t\t\t<div class=\"elementor-container elementor-column-gap-default\">\n\t\t\t\t\t<div class=\"elementor-column elementor-col-100 elementor-inner-column elementor-element elementor-element-3292a3a4\" data-id=\"3292a3a4\" data-element_type=\"column\" data-e-type=\"column\">\n\t\t\t<div class=\"elementor-widget-wrap elementor-element-populated\">\n\t\t\t\t\t\t<div class=\"elementor-element elementor-element-1ab9d3c4 elementor-widget elementor-widget-image\" data-id=\"1ab9d3c4\" data-element_type=\"widget\" data-e-type=\"widget\" data-widget_type=\"image.default\">\n\t\t\t\t<div class=\"elementor-widget-container\">\n\t\t\t\t\t\t\t\t\t\t\t\t\t\t\t\t<a href=\"https:\/\/aplimedia.com\/tutoriales\/wp-content\/uploads\/2019\/02\/descuentosdesdearticulos.gif\" data-elementor-open-lightbox=\"yes\" data-elementor-lightbox-title=\"descuentosdesdearticulos\" data-e-action-hash=\"#elementor-action%3Aaction%3Dlightbox%26settings%3DeyJpZCI6MTgxMiwidXJsIjoiaHR0cHM6XC9cL2FwbGltZWRpYS5jb21cL3R1dG9yaWFsZXNcL3dwLWNvbnRlbnRcL3VwbG9hZHNcLzIwMTlcLzAyXC9kZXNjdWVudG9zZGVzZGVhcnRpY3Vsb3MuZ2lmIn0%3D\">\n\t\t\t\t\t\t\t<img fetchpriority=\"high\" decoding=\"async\" width=\"1098\" height=\"728\" src=\"https:\/\/aplimedia.com\/tutoriales\/wp-content\/uploads\/2019\/02\/descuentosdesdearticulos.gif\" class=\"attachment-full size-full wp-image-1812\" alt=\"\" \/>\t\t\t\t\t\t\t\t<\/a>\n\t\t\t\t\t\t\t\t\t\t\t\t\t\t\t<\/div>\n\t\t\t\t<\/div>\n\t\t\t\t\t<\/div>\n\t\t<\/div>\n\t\t\t\t\t<\/div>\n\t\t<\/section>\n\t\t\t\t<div class=\"elementor-element elementor-element-aaf4113 elementor-widget elementor-widget-text-editor\" data-id=\"aaf4113\" data-element_type=\"widget\" data-e-type=\"widget\" data-widget_type=\"text-editor.default\">\n\t\t\t\t<div class=\"elementor-widget-container\">\n\t\t\t\t\t\t\t\t\t<p>Simplemente tienes que hacer <strong>doble clic<\/strong>&nbsp;sobre el nombre del <strong>cliente<\/strong> o proveedor al que quieres a\u00f1adir el descuento e introducir el <b>porcentaje&nbsp;<\/b>que corresponda (sin el s\u00edmbolo de porcentaje \u00ab%\u00bb).&nbsp;<\/p><p>Puedes utilizar el campo de encima del listado para filtrar por nombre.<\/p>\t\t\t\t\t\t\t\t<\/div>\n\t\t\t\t<\/div>\n\t\t\t\t<section class=\"elementor-section elementor-inner-section elementor-element elementor-element-6ffec3f elementor-section-boxed elementor-section-height-default elementor-section-height-default\" data-id=\"6ffec3f\" data-element_type=\"section\" data-e-type=\"section\">\n\t\t\t\t\t\t<div class=\"elementor-container elementor-column-gap-default\">\n\t\t\t\t\t<div class=\"elementor-column elementor-col-100 elementor-inner-column elementor-element elementor-element-44fb680\" data-id=\"44fb680\" data-element_type=\"column\" data-e-type=\"column\">\n\t\t\t<div class=\"elementor-widget-wrap elementor-element-populated\">\n\t\t\t\t\t\t<div class=\"elementor-element elementor-element-3ae8ce2 elementor-widget elementor-widget-image\" data-id=\"3ae8ce2\" data-element_type=\"widget\" data-e-type=\"widget\" data-widget_type=\"image.default\">\n\t\t\t\t<div class=\"elementor-widget-container\">\n\t\t\t\t\t\t\t\t\t\t\t\t\t\t\t\t<a href=\"https:\/\/aplimedia.com\/tutoriales\/wp-content\/uploads\/2019\/02\/descuentosdesdearticulos1.gif\" data-elementor-open-lightbox=\"yes\" data-elementor-lightbox-title=\"descuentosdesdearticulos1\" data-e-action-hash=\"#elementor-action%3Aaction%3Dlightbox%26settings%3DeyJpZCI6MTgxMywidXJsIjoiaHR0cHM6XC9cL2FwbGltZWRpYS5jb21cL3R1dG9yaWFsZXNcL3dwLWNvbnRlbnRcL3VwbG9hZHNcLzIwMTlcLzAyXC9kZXNjdWVudG9zZGVzZGVhcnRpY3Vsb3MxLmdpZiJ9\">\n\t\t\t\t\t\t\t<img decoding=\"async\" width=\"585\" height=\"510\" src=\"https:\/\/aplimedia.com\/tutoriales\/wp-content\/uploads\/2019\/02\/descuentosdesdearticulos1.gif\" class=\"attachment-full size-full wp-image-1813\" alt=\"\" \/>\t\t\t\t\t\t\t\t<\/a>\n\t\t\t\t\t\t\t\t\t\t\t\t\t\t\t<\/div>\n\t\t\t\t<\/div>\n\t\t\t\t\t<\/div>\n\t\t<\/div>\n\t\t\t\t\t<\/div>\n\t\t<\/section>\n\t\t\t\t<div class=\"elementor-element elementor-element-b9c1e88 elementor-widget elementor-widget-text-editor\" data-id=\"b9c1e88\" data-element_type=\"widget\" data-e-type=\"widget\" data-widget_type=\"text-editor.default\">\n\t\t\t\t<div class=\"elementor-widget-container\">\n\t\t\t\t\t\t\t\t\t<p>Como bien se indica, si en alg\u00fan momento quisieras <strong>borrar un descuento<\/strong> de un art\u00edculo para un cliente o proveedor, tendr\u00edas que introducir -1 en este campo.<\/p><p>Puedes\u00a0<b>filtrar <\/b>los clientes o proveedores que te aparecen en pantalla puedes marcar la casilla \u00ab<b>Mostrar solo los que tienen descuento especial<\/b>\u00bb para que en el listado solo aparezcan aquellos a los que ya has asignado un descuento.<\/p>\t\t\t\t\t\t\t\t<\/div>\n\t\t\t\t<\/div>\n\t\t\t\t<div class=\"elementor-element elementor-element-dcb5c82 elementor-widget elementor-widget-spacer\" data-id=\"dcb5c82\" data-element_type=\"widget\" data-e-type=\"widget\" data-widget_type=\"spacer.default\">\n\t\t\t\t<div class=\"elementor-widget-container\">\n\t\t\t\t\t\t\t<div class=\"elementor-spacer\">\n\t\t\t<div class=\"elementor-spacer-inner\"><\/div>\n\t\t<\/div>\n\t\t\t\t\t\t<\/div>\n\t\t\t\t<\/div>\n\t\t\t\t\t<\/div>\n\t\t<\/div>\n\t\t\t\t\t<\/div>\n\t\t<\/section>\n\t\t\t\t<\/div>\n\t\t","protected":false},"excerpt":{"rendered":"<p>Secre te permite asignar descuentos particulares a tus clientes y proveedores.\u00a0 Tienes varias maneras de hacerlo: puedes o bien asignar una tabla de descuentos desde la ficha de tu cliente o proveedor, o bien, puedes configurar los descuentos desde la ficha de un art\u00edculo determinado. Para asignar una tabla de descuentos desde la ficha de [&hellip;]<\/p>\n","protected":false},"author":1,"featured_media":0,"parent":1776,"menu_order":0,"comment_status":"closed","ping_status":"closed","template":"","meta":{"footnotes":""},"class_list":["post-1810","page","type-page","status-publish","hentry"],"yoast_head":"<!-- This site is optimized with the Yoast SEO plugin v27.5 - https:\/\/yoast.com\/product\/yoast-seo-wordpress\/ -->\n<title>Descuentos por cliente o proveedor (desde art\u00edculos) | Tutoriales de Secre<\/title>\n<meta name=\"robots\" content=\"index, follow, max-snippet:-1, max-image-preview:large, max-video-preview:-1\" \/>\n<link rel=\"canonical\" href=\"https:\/\/aplimedia.com\/tutoriales\/articulos-stock-almacen\/descuentos-por-cliente-o-proveedor\/\" \/>\n<meta property=\"og:locale\" content=\"es_ES\" \/>\n<meta property=\"og:type\" content=\"article\" \/>\n<meta property=\"og:title\" content=\"Descuentos por cliente o proveedor (desde art\u00edculos) | Tutoriales de Secre\" \/>\n<meta property=\"og:description\" content=\"Secre te permite asignar descuentos particulares a tus clientes y proveedores.\u00a0 Tienes varias maneras de hacerlo: puedes o bien asignar una tabla de descuentos desde la ficha de tu cliente o proveedor, o bien, puedes configurar los descuentos desde la ficha de un art\u00edculo determinado. Para asignar una tabla de descuentos desde la ficha de [&hellip;]\" \/>\n<meta property=\"og:url\" content=\"https:\/\/aplimedia.com\/tutoriales\/articulos-stock-almacen\/descuentos-por-cliente-o-proveedor\/\" \/>\n<meta property=\"og:site_name\" content=\"Tutoriales de Secre\" \/>\n<meta property=\"article:modified_time\" content=\"2025-03-14T10:33:44+00:00\" \/>\n<meta property=\"og:image\" content=\"https:\/\/aplimedia.com\/tutoriales\/wp-content\/uploads\/2019\/02\/descuentosdesdearticulos.gif\" \/>\n\t<meta property=\"og:image:width\" content=\"1098\" \/>\n\t<meta property=\"og:image:height\" content=\"728\" \/>\n\t<meta property=\"og:image:type\" content=\"image\/gif\" \/>\n<meta name=\"twitter:card\" content=\"summary_large_image\" \/>\n<meta name=\"twitter:label1\" content=\"Tiempo de lectura\" \/>\n\t<meta name=\"twitter:data1\" content=\"2 minutos\" \/>\n<script type=\"application\/ld+json\" class=\"yoast-schema-graph\">{\"@context\":\"https:\\\/\\\/schema.org\",\"@graph\":[{\"@type\":\"WebPage\",\"@id\":\"https:\\\/\\\/aplimedia.com\\\/tutoriales\\\/articulos-stock-almacen\\\/descuentos-por-cliente-o-proveedor\\\/\",\"url\":\"https:\\\/\\\/aplimedia.com\\\/tutoriales\\\/articulos-stock-almacen\\\/descuentos-por-cliente-o-proveedor\\\/\",\"name\":\"Descuentos por cliente o proveedor (desde art\u00edculos) | Tutoriales de Secre\",\"isPartOf\":{\"@id\":\"https:\\\/\\\/aplimedia.com\\\/tutoriales\\\/#website\"},\"primaryImageOfPage\":{\"@id\":\"https:\\\/\\\/aplimedia.com\\\/tutoriales\\\/articulos-stock-almacen\\\/descuentos-por-cliente-o-proveedor\\\/#primaryimage\"},\"image\":{\"@id\":\"https:\\\/\\\/aplimedia.com\\\/tutoriales\\\/articulos-stock-almacen\\\/descuentos-por-cliente-o-proveedor\\\/#primaryimage\"},\"thumbnailUrl\":\"https:\\\/\\\/aplimedia.com\\\/tutoriales\\\/wp-content\\\/uploads\\\/2019\\\/02\\\/descuentosdesdearticulos.gif\",\"datePublished\":\"2019-02-12T15:51:28+00:00\",\"dateModified\":\"2025-03-14T10:33:44+00:00\",\"breadcrumb\":{\"@id\":\"https:\\\/\\\/aplimedia.com\\\/tutoriales\\\/articulos-stock-almacen\\\/descuentos-por-cliente-o-proveedor\\\/#breadcrumb\"},\"inLanguage\":\"es\",\"potentialAction\":[{\"@type\":\"ReadAction\",\"target\":[\"https:\\\/\\\/aplimedia.com\\\/tutoriales\\\/articulos-stock-almacen\\\/descuentos-por-cliente-o-proveedor\\\/\"]}]},{\"@type\":\"ImageObject\",\"inLanguage\":\"es\",\"@id\":\"https:\\\/\\\/aplimedia.com\\\/tutoriales\\\/articulos-stock-almacen\\\/descuentos-por-cliente-o-proveedor\\\/#primaryimage\",\"url\":\"https:\\\/\\\/aplimedia.com\\\/tutoriales\\\/wp-content\\\/uploads\\\/2019\\\/02\\\/descuentosdesdearticulos.gif\",\"contentUrl\":\"https:\\\/\\\/aplimedia.com\\\/tutoriales\\\/wp-content\\\/uploads\\\/2019\\\/02\\\/descuentosdesdearticulos.gif\",\"width\":1098,\"height\":728},{\"@type\":\"BreadcrumbList\",\"@id\":\"https:\\\/\\\/aplimedia.com\\\/tutoriales\\\/articulos-stock-almacen\\\/descuentos-por-cliente-o-proveedor\\\/#breadcrumb\",\"itemListElement\":[{\"@type\":\"ListItem\",\"position\":1,\"name\":\"Tutoriales\",\"item\":\"https:\\\/\\\/aplimedia.com\\\/tutoriales\\\/\"},{\"@type\":\"ListItem\",\"position\":2,\"name\":\"Art\u00edculos, servicios, stock y almac\u00e9n\",\"item\":\"https:\\\/\\\/aplimedia.com\\\/tutoriales\\\/articulos-stock-almacen\\\/\"},{\"@type\":\"ListItem\",\"position\":3,\"name\":\"Descuentos por cliente o proveedor (desde art\u00edculos)\"}]},{\"@type\":\"WebSite\",\"@id\":\"https:\\\/\\\/aplimedia.com\\\/tutoriales\\\/#website\",\"url\":\"https:\\\/\\\/aplimedia.com\\\/tutoriales\\\/\",\"name\":\"Tutoriales de Secre\",\"description\":\"Tutoriales del software de gesti\u00f3n Secre\",\"publisher\":{\"@id\":\"https:\\\/\\\/aplimedia.com\\\/tutoriales\\\/#organization\"},\"potentialAction\":[{\"@type\":\"SearchAction\",\"target\":{\"@type\":\"EntryPoint\",\"urlTemplate\":\"https:\\\/\\\/aplimedia.com\\\/tutoriales\\\/?s={search_term_string}\"},\"query-input\":{\"@type\":\"PropertyValueSpecification\",\"valueRequired\":true,\"valueName\":\"search_term_string\"}}],\"inLanguage\":\"es\"},{\"@type\":\"Organization\",\"@id\":\"https:\\\/\\\/aplimedia.com\\\/tutoriales\\\/#organization\",\"name\":\"Tutoriales de Secre\",\"url\":\"https:\\\/\\\/aplimedia.com\\\/tutoriales\\\/\",\"logo\":{\"@type\":\"ImageObject\",\"inLanguage\":\"es\",\"@id\":\"https:\\\/\\\/aplimedia.com\\\/tutoriales\\\/#\\\/schema\\\/logo\\\/image\\\/\",\"url\":\"https:\\\/\\\/aplimedia.com\\\/tutoriales\\\/wp-content\\\/uploads\\\/2022\\\/03\\\/cropped-logotipo-aplimedia.png\",\"contentUrl\":\"https:\\\/\\\/aplimedia.com\\\/tutoriales\\\/wp-content\\\/uploads\\\/2022\\\/03\\\/cropped-logotipo-aplimedia.png\",\"width\":2000,\"height\":658,\"caption\":\"Tutoriales de Secre\"},\"image\":{\"@id\":\"https:\\\/\\\/aplimedia.com\\\/tutoriales\\\/#\\\/schema\\\/logo\\\/image\\\/\"}}]}<\/script>\n<!-- \/ Yoast SEO plugin. -->","yoast_head_json":{"title":"Descuentos por cliente o proveedor (desde art\u00edculos) | Tutoriales de Secre","robots":{"index":"index","follow":"follow","max-snippet":"max-snippet:-1","max-image-preview":"max-image-preview:large","max-video-preview":"max-video-preview:-1"},"canonical":"https:\/\/aplimedia.com\/tutoriales\/articulos-stock-almacen\/descuentos-por-cliente-o-proveedor\/","og_locale":"es_ES","og_type":"article","og_title":"Descuentos por cliente o proveedor (desde art\u00edculos) | Tutoriales de Secre","og_description":"Secre te permite asignar descuentos particulares a tus clientes y proveedores.\u00a0 Tienes varias maneras de hacerlo: puedes o bien asignar una tabla de descuentos desde la ficha de tu cliente o proveedor, o bien, puedes configurar los descuentos desde la ficha de un art\u00edculo determinado. Para asignar una tabla de descuentos desde la ficha de [&hellip;]","og_url":"https:\/\/aplimedia.com\/tutoriales\/articulos-stock-almacen\/descuentos-por-cliente-o-proveedor\/","og_site_name":"Tutoriales de Secre","article_modified_time":"2025-03-14T10:33:44+00:00","og_image":[{"width":1098,"height":728,"url":"https:\/\/aplimedia.com\/tutoriales\/wp-content\/uploads\/2019\/02\/descuentosdesdearticulos.gif","type":"image\/gif"}],"twitter_card":"summary_large_image","twitter_misc":{"Tiempo de lectura":"2 minutos"},"schema":{"@context":"https:\/\/schema.org","@graph":[{"@type":"WebPage","@id":"https:\/\/aplimedia.com\/tutoriales\/articulos-stock-almacen\/descuentos-por-cliente-o-proveedor\/","url":"https:\/\/aplimedia.com\/tutoriales\/articulos-stock-almacen\/descuentos-por-cliente-o-proveedor\/","name":"Descuentos por cliente o proveedor (desde art\u00edculos) | Tutoriales de Secre","isPartOf":{"@id":"https:\/\/aplimedia.com\/tutoriales\/#website"},"primaryImageOfPage":{"@id":"https:\/\/aplimedia.com\/tutoriales\/articulos-stock-almacen\/descuentos-por-cliente-o-proveedor\/#primaryimage"},"image":{"@id":"https:\/\/aplimedia.com\/tutoriales\/articulos-stock-almacen\/descuentos-por-cliente-o-proveedor\/#primaryimage"},"thumbnailUrl":"https:\/\/aplimedia.com\/tutoriales\/wp-content\/uploads\/2019\/02\/descuentosdesdearticulos.gif","datePublished":"2019-02-12T15:51:28+00:00","dateModified":"2025-03-14T10:33:44+00:00","breadcrumb":{"@id":"https:\/\/aplimedia.com\/tutoriales\/articulos-stock-almacen\/descuentos-por-cliente-o-proveedor\/#breadcrumb"},"inLanguage":"es","potentialAction":[{"@type":"ReadAction","target":["https:\/\/aplimedia.com\/tutoriales\/articulos-stock-almacen\/descuentos-por-cliente-o-proveedor\/"]}]},{"@type":"ImageObject","inLanguage":"es","@id":"https:\/\/aplimedia.com\/tutoriales\/articulos-stock-almacen\/descuentos-por-cliente-o-proveedor\/#primaryimage","url":"https:\/\/aplimedia.com\/tutoriales\/wp-content\/uploads\/2019\/02\/descuentosdesdearticulos.gif","contentUrl":"https:\/\/aplimedia.com\/tutoriales\/wp-content\/uploads\/2019\/02\/descuentosdesdearticulos.gif","width":1098,"height":728},{"@type":"BreadcrumbList","@id":"https:\/\/aplimedia.com\/tutoriales\/articulos-stock-almacen\/descuentos-por-cliente-o-proveedor\/#breadcrumb","itemListElement":[{"@type":"ListItem","position":1,"name":"Tutoriales","item":"https:\/\/aplimedia.com\/tutoriales\/"},{"@type":"ListItem","position":2,"name":"Art\u00edculos, servicios, stock y almac\u00e9n","item":"https:\/\/aplimedia.com\/tutoriales\/articulos-stock-almacen\/"},{"@type":"ListItem","position":3,"name":"Descuentos por cliente o proveedor (desde art\u00edculos)"}]},{"@type":"WebSite","@id":"https:\/\/aplimedia.com\/tutoriales\/#website","url":"https:\/\/aplimedia.com\/tutoriales\/","name":"Tutoriales de Secre","description":"Tutoriales del software de gesti\u00f3n Secre","publisher":{"@id":"https:\/\/aplimedia.com\/tutoriales\/#organization"},"potentialAction":[{"@type":"SearchAction","target":{"@type":"EntryPoint","urlTemplate":"https:\/\/aplimedia.com\/tutoriales\/?s={search_term_string}"},"query-input":{"@type":"PropertyValueSpecification","valueRequired":true,"valueName":"search_term_string"}}],"inLanguage":"es"},{"@type":"Organization","@id":"https:\/\/aplimedia.com\/tutoriales\/#organization","name":"Tutoriales de Secre","url":"https:\/\/aplimedia.com\/tutoriales\/","logo":{"@type":"ImageObject","inLanguage":"es","@id":"https:\/\/aplimedia.com\/tutoriales\/#\/schema\/logo\/image\/","url":"https:\/\/aplimedia.com\/tutoriales\/wp-content\/uploads\/2022\/03\/cropped-logotipo-aplimedia.png","contentUrl":"https:\/\/aplimedia.com\/tutoriales\/wp-content\/uploads\/2022\/03\/cropped-logotipo-aplimedia.png","width":2000,"height":658,"caption":"Tutoriales de Secre"},"image":{"@id":"https:\/\/aplimedia.com\/tutoriales\/#\/schema\/logo\/image\/"}}]}},"_links":{"self":[{"href":"https:\/\/aplimedia.com\/tutoriales\/wp-json\/wp\/v2\/pages\/1810","targetHints":{"allow":["GET"]}}],"collection":[{"href":"https:\/\/aplimedia.com\/tutoriales\/wp-json\/wp\/v2\/pages"}],"about":[{"href":"https:\/\/aplimedia.com\/tutoriales\/wp-json\/wp\/v2\/types\/page"}],"author":[{"embeddable":true,"href":"https:\/\/aplimedia.com\/tutoriales\/wp-json\/wp\/v2\/users\/1"}],"replies":[{"embeddable":true,"href":"https:\/\/aplimedia.com\/tutoriales\/wp-json\/wp\/v2\/comments?post=1810"}],"version-history":[{"count":0,"href":"https:\/\/aplimedia.com\/tutoriales\/wp-json\/wp\/v2\/pages\/1810\/revisions"}],"up":[{"embeddable":true,"href":"https:\/\/aplimedia.com\/tutoriales\/wp-json\/wp\/v2\/pages\/1776"}],"wp:attachment":[{"href":"https:\/\/aplimedia.com\/tutoriales\/wp-json\/wp\/v2\/media?parent=1810"}],"curies":[{"name":"wp","href":"https:\/\/api.w.org\/{rel}","templated":true}]}}