{"id":1631,"date":"2019-02-05T15:09:40","date_gmt":"2019-02-05T15:09:40","guid":{"rendered":"https:\/\/aplimedia.com\/tutoriales\/?page_id=1631"},"modified":"2025-03-13T14:33:29","modified_gmt":"2025-03-13T14:33:29","slug":"filtrar-clasificacion","status":"publish","type":"page","link":"https:\/\/aplimedia.com\/tutoriales\/crm\/filtrar-clasificacion\/","title":{"rendered":"Filtrar por clasificaci\u00f3n"},"content":{"rendered":"\t\t<div data-elementor-type=\"wp-post\" data-elementor-id=\"1631\" class=\"elementor elementor-1631\" data-elementor-post-type=\"page\">\n\t\t\t\t\t\t<section class=\"elementor-section elementor-top-section elementor-element elementor-element-2bab41c0 elementor-section-stretched elementor-section-boxed elementor-section-height-default elementor-section-height-default\" data-id=\"2bab41c0\" data-element_type=\"section\" data-e-type=\"section\" data-settings=\"{&quot;stretch_section&quot;:&quot;section-stretched&quot;}\">\n\t\t\t\t\t\t<div class=\"elementor-container elementor-column-gap-default\">\n\t\t\t\t\t<div class=\"elementor-column elementor-col-100 elementor-top-column elementor-element elementor-element-7b351b35\" data-id=\"7b351b35\" data-element_type=\"column\" data-e-type=\"column\">\n\t\t\t<div class=\"elementor-widget-wrap elementor-element-populated\">\n\t\t\t\t\t\t<div class=\"elementor-element elementor-element-26b09ff1 elementor-widget elementor-widget-text-editor\" data-id=\"26b09ff1\" data-element_type=\"widget\" data-e-type=\"widget\" data-widget_type=\"text-editor.default\">\n\t\t\t\t<div class=\"elementor-widget-container\">\n\t\t\t\t\t\t\t\t\t<p>El objetivo principal de realizar una clasificaci\u00f3n de tus clientes o tus proveedores es poder filtrar a posteriori en funci\u00f3n de esa clasificaci\u00f3n y as\u00ed poder realizar acciones masivas o hacer consultas espec\u00edficas.<\/p>\t\t\t\t\t\t\t\t<\/div>\n\t\t\t\t<\/div>\n\t\t\t\t<div class=\"elementor-element elementor-element-96bd4ef elementor-widget elementor-widget-spacer\" data-id=\"96bd4ef\" data-element_type=\"widget\" data-e-type=\"widget\" data-widget_type=\"spacer.default\">\n\t\t\t\t<div class=\"elementor-widget-container\">\n\t\t\t\t\t\t\t<div class=\"elementor-spacer\">\n\t\t\t<div class=\"elementor-spacer-inner\"><\/div>\n\t\t<\/div>\n\t\t\t\t\t\t<\/div>\n\t\t\t\t<\/div>\n\t\t\t\t<div class=\"elementor-element elementor-element-7daac726 elementor-widget elementor-widget-heading\" data-id=\"7daac726\" data-element_type=\"widget\" data-e-type=\"widget\" data-widget_type=\"heading.default\">\n\t\t\t\t<div class=\"elementor-widget-container\">\n\t\t\t\t\t<h2 class=\"elementor-heading-title elementor-size-default\">Paso 1:<\/h2>\t\t\t\t<\/div>\n\t\t\t\t<\/div>\n\t\t\t\t<div class=\"elementor-element elementor-element-4152d533 elementor-widget elementor-widget-text-editor\" data-id=\"4152d533\" data-element_type=\"widget\" data-e-type=\"widget\" data-widget_type=\"text-editor.default\">\n\t\t\t\t<div class=\"elementor-widget-container\">\n\t\t\t\t\t\t\t\t\t<p>El primer paso ser\u00e1 haber clasificado nuestros clientes o proveedores correctamente. Si todav\u00eda no lo has hecho, sigue primero los pasos de este otro tutorial:\u00a0<a href=\"https:\/\/aplimedia.com\/tutoriales\/crm\/clasificar-clientes\/\">C\u00f3mo clasificar clientes o proveedores<\/a><\/p><p>Retomando el ejemplo explicado en ese tutorial, en el que hab\u00edamos clasificado a nuestros clientes en funci\u00f3n de c\u00f3mo hab\u00edan conocido nuestra empresa, vamos a sacar un listado de clientes que nos han conocido porque <strong>nos han encontrado en Internet.<\/strong>\u00a0<\/p><p>Para ello, vamos al m\u00f3dulo de Clientes (o Proveedores) y accedemos a la pantalla de filtros haciendo clic en el icono de la rueda dentada.<\/p>\t\t\t\t\t\t\t\t<\/div>\n\t\t\t\t<\/div>\n\t\t\t\t<div class=\"elementor-element elementor-element-7a80c89 elementor-widget elementor-widget-image\" data-id=\"7a80c89\" data-element_type=\"widget\" data-e-type=\"widget\" data-widget_type=\"image.default\">\n\t\t\t\t<div class=\"elementor-widget-container\">\n\t\t\t\t\t\t\t\t\t\t\t\t\t\t\t\t<a href=\"https:\/\/aplimedia.com\/tutoriales\/wp-content\/uploads\/2019\/02\/filtrarclasificacion.gif\" data-elementor-open-lightbox=\"yes\" data-elementor-lightbox-title=\"filtrarclasificacion\" data-e-action-hash=\"#elementor-action%3Aaction%3Dlightbox%26settings%3DeyJpZCI6MTYzNywidXJsIjoiaHR0cHM6XC9cL2FwbGltZWRpYS5jb21cL3R1dG9yaWFsZXNcL3dwLWNvbnRlbnRcL3VwbG9hZHNcLzIwMTlcLzAyXC9maWx0cmFyY2xhc2lmaWNhY2lvbi5naWYifQ%3D%3D\">\n\t\t\t\t\t\t\t<img fetchpriority=\"high\" decoding=\"async\" width=\"1898\" height=\"979\" src=\"https:\/\/aplimedia.com\/tutoriales\/wp-content\/uploads\/2019\/02\/filtrarclasificacion.gif\" class=\"attachment-full size-full wp-image-1637\" alt=\"\" \/>\t\t\t\t\t\t\t\t<\/a>\n\t\t\t\t\t\t\t\t\t\t\t\t\t\t\t<\/div>\n\t\t\t\t<\/div>\n\t\t\t\t<section class=\"elementor-section elementor-inner-section elementor-element elementor-element-386c065 elementor-section-boxed elementor-section-height-default elementor-section-height-default\" data-id=\"386c065\" data-element_type=\"section\" data-e-type=\"section\">\n\t\t\t\t\t\t<div class=\"elementor-container elementor-column-gap-default\">\n\t\t\t\t\t<div class=\"elementor-column elementor-col-100 elementor-inner-column elementor-element elementor-element-dab50bb\" data-id=\"dab50bb\" data-element_type=\"column\" data-e-type=\"column\">\n\t\t\t<div class=\"elementor-widget-wrap elementor-element-populated\">\n\t\t\t\t\t\t<div class=\"elementor-element elementor-element-4517927 elementor-widget elementor-widget-text-editor\" data-id=\"4517927\" data-element_type=\"widget\" data-e-type=\"widget\" data-widget_type=\"text-editor.default\">\n\t\t\t\t<div class=\"elementor-widget-container\">\n\t\t\t\t\t\t\t\t\t<p>Para poder filtrar por clasificaci\u00f3n, en la pantalla de filtros, navegaremos, desde el men\u00fa superior, a <b>Ver&gt;Filtro por clasificaci\u00f3n<\/b>:<\/p>\t\t\t\t\t\t\t\t<\/div>\n\t\t\t\t<\/div>\n\t\t\t\t<div class=\"elementor-element elementor-element-e9454e1 elementor-widget elementor-widget-image\" data-id=\"e9454e1\" data-element_type=\"widget\" data-e-type=\"widget\" data-widget_type=\"image.default\">\n\t\t\t\t<div class=\"elementor-widget-container\">\n\t\t\t\t\t\t\t\t\t\t\t\t\t\t\t\t<a href=\"https:\/\/aplimedia.com\/tutoriales\/wp-content\/uploads\/2025\/03\/filtroporclasificacion.png\" data-elementor-open-lightbox=\"yes\" data-elementor-lightbox-title=\"filtroporclasificacion\" data-e-action-hash=\"#elementor-action%3Aaction%3Dlightbox%26settings%3DeyJpZCI6OTI3NiwidXJsIjoiaHR0cHM6XC9cL2FwbGltZWRpYS5jb21cL3R1dG9yaWFsZXNcL3dwLWNvbnRlbnRcL3VwbG9hZHNcLzIwMjVcLzAzXC9maWx0cm9wb3JjbGFzaWZpY2FjaW9uLnBuZyJ9\">\n\t\t\t\t\t\t\t<img decoding=\"async\" width=\"634\" height=\"335\" src=\"https:\/\/aplimedia.com\/tutoriales\/wp-content\/uploads\/2025\/03\/filtroporclasificacion.png\" class=\"attachment-large size-large wp-image-9276\" alt=\"\" \/>\t\t\t\t\t\t\t\t<\/a>\n\t\t\t\t\t\t\t\t\t\t\t\t\t\t\t<\/div>\n\t\t\t\t<\/div>\n\t\t\t\t\t<\/div>\n\t\t<\/div>\n\t\t\t\t\t<\/div>\n\t\t<\/section>\n\t\t\t\t<div class=\"elementor-element elementor-element-4b453952 elementor-widget elementor-widget-spacer\" data-id=\"4b453952\" data-element_type=\"widget\" data-e-type=\"widget\" data-widget_type=\"spacer.default\">\n\t\t\t\t<div class=\"elementor-widget-container\">\n\t\t\t\t\t\t\t<div class=\"elementor-spacer\">\n\t\t\t<div class=\"elementor-spacer-inner\"><\/div>\n\t\t<\/div>\n\t\t\t\t\t\t<\/div>\n\t\t\t\t<\/div>\n\t\t\t\t<div class=\"elementor-element elementor-element-5c20503d elementor-widget elementor-widget-heading\" data-id=\"5c20503d\" data-element_type=\"widget\" data-e-type=\"widget\" data-widget_type=\"heading.default\">\n\t\t\t\t<div class=\"elementor-widget-container\">\n\t\t\t\t\t<h2 class=\"elementor-heading-title elementor-size-default\">Paso 2:<\/h2>\t\t\t\t<\/div>\n\t\t\t\t<\/div>\n\t\t\t\t<div class=\"elementor-element elementor-element-7c85fc37 elementor-widget elementor-widget-text-editor\" data-id=\"7c85fc37\" data-element_type=\"widget\" data-e-type=\"widget\" data-widget_type=\"text-editor.default\">\n\t\t\t\t<div class=\"elementor-widget-container\">\n\t\t\t\t\t\t\t\t\t<p>Simplemente escogemos cu\u00e1les son los <strong>criterios de clasificaci\u00f3n<\/strong> a los que va atender este listado. En nuestro ejemplo queremos sacar un listado de clientes que nos han conocido en Internet, as\u00ed que hacemos doble clic en el campo vac\u00edo a la derecha de \u00abC\u00f3mo nos ha conocido\u00bb para que se nos desplieguen las opciones, y escogemos \u00abInternet\u00bb.\u00a0<\/p><p>Cerramos esta pantalla y ya se habr\u00e1 guardado ese criterio para el filtro.\u00a0<\/p>\t\t\t\t\t\t\t\t<\/div>\n\t\t\t\t<\/div>\n\t\t\t\t<div class=\"elementor-element elementor-element-20f5322 elementor-widget elementor-widget-image\" data-id=\"20f5322\" data-element_type=\"widget\" data-e-type=\"widget\" data-widget_type=\"image.default\">\n\t\t\t\t<div class=\"elementor-widget-container\">\n\t\t\t\t\t\t\t\t\t\t\t\t\t\t\t\t<a href=\"https:\/\/aplimedia.com\/tutoriales\/wp-content\/uploads\/2025\/03\/filtroporclasificacion2.png\" data-elementor-open-lightbox=\"yes\" data-elementor-lightbox-title=\"filtroporclasificacion2\" data-e-action-hash=\"#elementor-action%3Aaction%3Dlightbox%26settings%3DeyJpZCI6OTI3NywidXJsIjoiaHR0cHM6XC9cL2FwbGltZWRpYS5jb21cL3R1dG9yaWFsZXNcL3dwLWNvbnRlbnRcL3VwbG9hZHNcLzIwMjVcLzAzXC9maWx0cm9wb3JjbGFzaWZpY2FjaW9uMi5wbmcifQ%3D%3D\">\n\t\t\t\t\t\t\t<img decoding=\"async\" width=\"1915\" height=\"847\" src=\"https:\/\/aplimedia.com\/tutoriales\/wp-content\/uploads\/2025\/03\/filtroporclasificacion2.png\" class=\"attachment-large size-large wp-image-9277\" alt=\"\" srcset=\"https:\/\/aplimedia.com\/tutoriales\/wp-content\/uploads\/2025\/03\/filtroporclasificacion2.png 1915w, https:\/\/aplimedia.com\/tutoriales\/wp-content\/uploads\/2025\/03\/filtroporclasificacion2-768x340.png 768w, https:\/\/aplimedia.com\/tutoriales\/wp-content\/uploads\/2025\/03\/filtroporclasificacion2-1536x679.png 1536w\" sizes=\"(max-width: 1915px) 100vw, 1915px\" \/>\t\t\t\t\t\t\t\t<\/a>\n\t\t\t\t\t\t\t\t\t\t\t\t\t\t\t<\/div>\n\t\t\t\t<\/div>\n\t\t\t\t<div class=\"elementor-element elementor-element-404de54 elementor-widget elementor-widget-text-editor\" data-id=\"404de54\" data-element_type=\"widget\" data-e-type=\"widget\" data-widget_type=\"text-editor.default\">\n\t\t\t\t<div class=\"elementor-widget-container\">\n\t\t\t\t\t\t\t\t\t<p>Por supuesto, puedes a\u00f1adir m\u00e1s filtros para acotar m\u00e1s la b\u00fasqueda. Puedes por ejemplo a\u00f1adir que no te hayan comprado nada en el \u00faltimo a\u00f1o con el filtro \u00abSin ventas entre las fechas\u00bb o que les que hayas facturado m\u00e1s de X cantidad entre dos fechas con el filtro \u00abTotal facturado\u00bb.<\/p><p>Una vez ya tengas todos los criterios por los que quieras filtrar puedes<b> sacar tu listado<\/b> <b>ejecutando el filtro<\/b> con el icono del rayo.<\/p>\t\t\t\t\t\t\t\t<\/div>\n\t\t\t\t<\/div>\n\t\t\t\t<div class=\"elementor-element elementor-element-6b6d0883 elementor-widget elementor-widget-spacer\" data-id=\"6b6d0883\" data-element_type=\"widget\" data-e-type=\"widget\" data-widget_type=\"spacer.default\">\n\t\t\t\t<div class=\"elementor-widget-container\">\n\t\t\t\t\t\t\t<div class=\"elementor-spacer\">\n\t\t\t<div class=\"elementor-spacer-inner\"><\/div>\n\t\t<\/div>\n\t\t\t\t\t\t<\/div>\n\t\t\t\t<\/div>\n\t\t\t\t\t<\/div>\n\t\t<\/div>\n\t\t\t\t\t<\/div>\n\t\t<\/section>\n\t\t\t\t<\/div>\n\t\t","protected":false},"excerpt":{"rendered":"<p>El objetivo principal de realizar una clasificaci\u00f3n de tus clientes o tus proveedores es poder filtrar a posteriori en funci\u00f3n de esa clasificaci\u00f3n y as\u00ed poder realizar acciones masivas o hacer consultas espec\u00edficas. Paso 1: El primer paso ser\u00e1 haber clasificado nuestros clientes o proveedores correctamente. Si todav\u00eda no lo has hecho, sigue primero los [&hellip;]<\/p>\n","protected":false},"author":1,"featured_media":0,"parent":1204,"menu_order":0,"comment_status":"closed","ping_status":"closed","template":"","meta":{"footnotes":""},"class_list":["post-1631","page","type-page","status-publish","hentry"],"yoast_head":"<!-- This site is optimized with the Yoast SEO plugin v27.5 - https:\/\/yoast.com\/product\/yoast-seo-wordpress\/ -->\n<title>Filtrar por clasificaci\u00f3n | Tutoriales de Secre<\/title>\n<meta name=\"robots\" content=\"index, follow, max-snippet:-1, max-image-preview:large, max-video-preview:-1\" \/>\n<link rel=\"canonical\" href=\"https:\/\/aplimedia.com\/tutoriales\/crm\/filtrar-clasificacion\/\" \/>\n<meta property=\"og:locale\" content=\"es_ES\" \/>\n<meta property=\"og:type\" content=\"article\" \/>\n<meta property=\"og:title\" content=\"Filtrar por clasificaci\u00f3n | Tutoriales de Secre\" \/>\n<meta property=\"og:description\" content=\"El objetivo principal de realizar una clasificaci\u00f3n de tus clientes o tus proveedores es poder filtrar a posteriori en funci\u00f3n de esa clasificaci\u00f3n y as\u00ed poder realizar acciones masivas o hacer consultas espec\u00edficas. Paso 1: El primer paso ser\u00e1 haber clasificado nuestros clientes o proveedores correctamente. Si todav\u00eda no lo has hecho, sigue primero los [&hellip;]\" \/>\n<meta property=\"og:url\" content=\"https:\/\/aplimedia.com\/tutoriales\/crm\/filtrar-clasificacion\/\" \/>\n<meta property=\"og:site_name\" content=\"Tutoriales de Secre\" \/>\n<meta property=\"article:modified_time\" content=\"2025-03-13T14:33:29+00:00\" \/>\n<meta property=\"og:image\" content=\"https:\/\/aplimedia.com\/tutoriales\/wp-content\/uploads\/2019\/02\/filtrarclasificacion.gif\" \/>\n\t<meta property=\"og:image:width\" content=\"1898\" \/>\n\t<meta property=\"og:image:height\" content=\"979\" \/>\n\t<meta property=\"og:image:type\" content=\"image\/gif\" \/>\n<meta name=\"twitter:card\" content=\"summary_large_image\" \/>\n<meta name=\"twitter:label1\" content=\"Tiempo de lectura\" \/>\n\t<meta name=\"twitter:data1\" content=\"2 minutos\" \/>\n<script type=\"application\/ld+json\" class=\"yoast-schema-graph\">{\"@context\":\"https:\\\/\\\/schema.org\",\"@graph\":[{\"@type\":\"WebPage\",\"@id\":\"https:\\\/\\\/aplimedia.com\\\/tutoriales\\\/crm\\\/filtrar-clasificacion\\\/\",\"url\":\"https:\\\/\\\/aplimedia.com\\\/tutoriales\\\/crm\\\/filtrar-clasificacion\\\/\",\"name\":\"Filtrar por clasificaci\u00f3n | Tutoriales de Secre\",\"isPartOf\":{\"@id\":\"https:\\\/\\\/aplimedia.com\\\/tutoriales\\\/#website\"},\"primaryImageOfPage\":{\"@id\":\"https:\\\/\\\/aplimedia.com\\\/tutoriales\\\/crm\\\/filtrar-clasificacion\\\/#primaryimage\"},\"image\":{\"@id\":\"https:\\\/\\\/aplimedia.com\\\/tutoriales\\\/crm\\\/filtrar-clasificacion\\\/#primaryimage\"},\"thumbnailUrl\":\"https:\\\/\\\/aplimedia.com\\\/tutoriales\\\/wp-content\\\/uploads\\\/2019\\\/02\\\/filtrarclasificacion.gif\",\"datePublished\":\"2019-02-05T15:09:40+00:00\",\"dateModified\":\"2025-03-13T14:33:29+00:00\",\"breadcrumb\":{\"@id\":\"https:\\\/\\\/aplimedia.com\\\/tutoriales\\\/crm\\\/filtrar-clasificacion\\\/#breadcrumb\"},\"inLanguage\":\"es\",\"potentialAction\":[{\"@type\":\"ReadAction\",\"target\":[\"https:\\\/\\\/aplimedia.com\\\/tutoriales\\\/crm\\\/filtrar-clasificacion\\\/\"]}]},{\"@type\":\"ImageObject\",\"inLanguage\":\"es\",\"@id\":\"https:\\\/\\\/aplimedia.com\\\/tutoriales\\\/crm\\\/filtrar-clasificacion\\\/#primaryimage\",\"url\":\"https:\\\/\\\/aplimedia.com\\\/tutoriales\\\/wp-content\\\/uploads\\\/2019\\\/02\\\/filtrarclasificacion.gif\",\"contentUrl\":\"https:\\\/\\\/aplimedia.com\\\/tutoriales\\\/wp-content\\\/uploads\\\/2019\\\/02\\\/filtrarclasificacion.gif\",\"width\":1898,\"height\":979},{\"@type\":\"BreadcrumbList\",\"@id\":\"https:\\\/\\\/aplimedia.com\\\/tutoriales\\\/crm\\\/filtrar-clasificacion\\\/#breadcrumb\",\"itemListElement\":[{\"@type\":\"ListItem\",\"position\":1,\"name\":\"Tutoriales\",\"item\":\"https:\\\/\\\/aplimedia.com\\\/tutoriales\\\/\"},{\"@type\":\"ListItem\",\"position\":2,\"name\":\"CRM\",\"item\":\"https:\\\/\\\/aplimedia.com\\\/tutoriales\\\/crm\\\/\"},{\"@type\":\"ListItem\",\"position\":3,\"name\":\"Filtrar por clasificaci\u00f3n\"}]},{\"@type\":\"WebSite\",\"@id\":\"https:\\\/\\\/aplimedia.com\\\/tutoriales\\\/#website\",\"url\":\"https:\\\/\\\/aplimedia.com\\\/tutoriales\\\/\",\"name\":\"Tutoriales de Secre\",\"description\":\"Tutoriales del software de gesti\u00f3n Secre\",\"publisher\":{\"@id\":\"https:\\\/\\\/aplimedia.com\\\/tutoriales\\\/#organization\"},\"potentialAction\":[{\"@type\":\"SearchAction\",\"target\":{\"@type\":\"EntryPoint\",\"urlTemplate\":\"https:\\\/\\\/aplimedia.com\\\/tutoriales\\\/?s={search_term_string}\"},\"query-input\":{\"@type\":\"PropertyValueSpecification\",\"valueRequired\":true,\"valueName\":\"search_term_string\"}}],\"inLanguage\":\"es\"},{\"@type\":\"Organization\",\"@id\":\"https:\\\/\\\/aplimedia.com\\\/tutoriales\\\/#organization\",\"name\":\"Tutoriales de Secre\",\"url\":\"https:\\\/\\\/aplimedia.com\\\/tutoriales\\\/\",\"logo\":{\"@type\":\"ImageObject\",\"inLanguage\":\"es\",\"@id\":\"https:\\\/\\\/aplimedia.com\\\/tutoriales\\\/#\\\/schema\\\/logo\\\/image\\\/\",\"url\":\"https:\\\/\\\/aplimedia.com\\\/tutoriales\\\/wp-content\\\/uploads\\\/2022\\\/03\\\/cropped-logotipo-aplimedia.png\",\"contentUrl\":\"https:\\\/\\\/aplimedia.com\\\/tutoriales\\\/wp-content\\\/uploads\\\/2022\\\/03\\\/cropped-logotipo-aplimedia.png\",\"width\":2000,\"height\":658,\"caption\":\"Tutoriales de Secre\"},\"image\":{\"@id\":\"https:\\\/\\\/aplimedia.com\\\/tutoriales\\\/#\\\/schema\\\/logo\\\/image\\\/\"}}]}<\/script>\n<!-- \/ Yoast SEO plugin. -->","yoast_head_json":{"title":"Filtrar por clasificaci\u00f3n | Tutoriales de Secre","robots":{"index":"index","follow":"follow","max-snippet":"max-snippet:-1","max-image-preview":"max-image-preview:large","max-video-preview":"max-video-preview:-1"},"canonical":"https:\/\/aplimedia.com\/tutoriales\/crm\/filtrar-clasificacion\/","og_locale":"es_ES","og_type":"article","og_title":"Filtrar por clasificaci\u00f3n | Tutoriales de Secre","og_description":"El objetivo principal de realizar una clasificaci\u00f3n de tus clientes o tus proveedores es poder filtrar a posteriori en funci\u00f3n de esa clasificaci\u00f3n y as\u00ed poder realizar acciones masivas o hacer consultas espec\u00edficas. Paso 1: El primer paso ser\u00e1 haber clasificado nuestros clientes o proveedores correctamente. Si todav\u00eda no lo has hecho, sigue primero los [&hellip;]","og_url":"https:\/\/aplimedia.com\/tutoriales\/crm\/filtrar-clasificacion\/","og_site_name":"Tutoriales de Secre","article_modified_time":"2025-03-13T14:33:29+00:00","og_image":[{"width":1898,"height":979,"url":"https:\/\/aplimedia.com\/tutoriales\/wp-content\/uploads\/2019\/02\/filtrarclasificacion.gif","type":"image\/gif"}],"twitter_card":"summary_large_image","twitter_misc":{"Tiempo de lectura":"2 minutos"},"schema":{"@context":"https:\/\/schema.org","@graph":[{"@type":"WebPage","@id":"https:\/\/aplimedia.com\/tutoriales\/crm\/filtrar-clasificacion\/","url":"https:\/\/aplimedia.com\/tutoriales\/crm\/filtrar-clasificacion\/","name":"Filtrar por clasificaci\u00f3n | Tutoriales de Secre","isPartOf":{"@id":"https:\/\/aplimedia.com\/tutoriales\/#website"},"primaryImageOfPage":{"@id":"https:\/\/aplimedia.com\/tutoriales\/crm\/filtrar-clasificacion\/#primaryimage"},"image":{"@id":"https:\/\/aplimedia.com\/tutoriales\/crm\/filtrar-clasificacion\/#primaryimage"},"thumbnailUrl":"https:\/\/aplimedia.com\/tutoriales\/wp-content\/uploads\/2019\/02\/filtrarclasificacion.gif","datePublished":"2019-02-05T15:09:40+00:00","dateModified":"2025-03-13T14:33:29+00:00","breadcrumb":{"@id":"https:\/\/aplimedia.com\/tutoriales\/crm\/filtrar-clasificacion\/#breadcrumb"},"inLanguage":"es","potentialAction":[{"@type":"ReadAction","target":["https:\/\/aplimedia.com\/tutoriales\/crm\/filtrar-clasificacion\/"]}]},{"@type":"ImageObject","inLanguage":"es","@id":"https:\/\/aplimedia.com\/tutoriales\/crm\/filtrar-clasificacion\/#primaryimage","url":"https:\/\/aplimedia.com\/tutoriales\/wp-content\/uploads\/2019\/02\/filtrarclasificacion.gif","contentUrl":"https:\/\/aplimedia.com\/tutoriales\/wp-content\/uploads\/2019\/02\/filtrarclasificacion.gif","width":1898,"height":979},{"@type":"BreadcrumbList","@id":"https:\/\/aplimedia.com\/tutoriales\/crm\/filtrar-clasificacion\/#breadcrumb","itemListElement":[{"@type":"ListItem","position":1,"name":"Tutoriales","item":"https:\/\/aplimedia.com\/tutoriales\/"},{"@type":"ListItem","position":2,"name":"CRM","item":"https:\/\/aplimedia.com\/tutoriales\/crm\/"},{"@type":"ListItem","position":3,"name":"Filtrar por clasificaci\u00f3n"}]},{"@type":"WebSite","@id":"https:\/\/aplimedia.com\/tutoriales\/#website","url":"https:\/\/aplimedia.com\/tutoriales\/","name":"Tutoriales de Secre","description":"Tutoriales del software de gesti\u00f3n Secre","publisher":{"@id":"https:\/\/aplimedia.com\/tutoriales\/#organization"},"potentialAction":[{"@type":"SearchAction","target":{"@type":"EntryPoint","urlTemplate":"https:\/\/aplimedia.com\/tutoriales\/?s={search_term_string}"},"query-input":{"@type":"PropertyValueSpecification","valueRequired":true,"valueName":"search_term_string"}}],"inLanguage":"es"},{"@type":"Organization","@id":"https:\/\/aplimedia.com\/tutoriales\/#organization","name":"Tutoriales de Secre","url":"https:\/\/aplimedia.com\/tutoriales\/","logo":{"@type":"ImageObject","inLanguage":"es","@id":"https:\/\/aplimedia.com\/tutoriales\/#\/schema\/logo\/image\/","url":"https:\/\/aplimedia.com\/tutoriales\/wp-content\/uploads\/2022\/03\/cropped-logotipo-aplimedia.png","contentUrl":"https:\/\/aplimedia.com\/tutoriales\/wp-content\/uploads\/2022\/03\/cropped-logotipo-aplimedia.png","width":2000,"height":658,"caption":"Tutoriales de Secre"},"image":{"@id":"https:\/\/aplimedia.com\/tutoriales\/#\/schema\/logo\/image\/"}}]}},"_links":{"self":[{"href":"https:\/\/aplimedia.com\/tutoriales\/wp-json\/wp\/v2\/pages\/1631","targetHints":{"allow":["GET"]}}],"collection":[{"href":"https:\/\/aplimedia.com\/tutoriales\/wp-json\/wp\/v2\/pages"}],"about":[{"href":"https:\/\/aplimedia.com\/tutoriales\/wp-json\/wp\/v2\/types\/page"}],"author":[{"embeddable":true,"href":"https:\/\/aplimedia.com\/tutoriales\/wp-json\/wp\/v2\/users\/1"}],"replies":[{"embeddable":true,"href":"https:\/\/aplimedia.com\/tutoriales\/wp-json\/wp\/v2\/comments?post=1631"}],"version-history":[{"count":0,"href":"https:\/\/aplimedia.com\/tutoriales\/wp-json\/wp\/v2\/pages\/1631\/revisions"}],"up":[{"embeddable":true,"href":"https:\/\/aplimedia.com\/tutoriales\/wp-json\/wp\/v2\/pages\/1204"}],"wp:attachment":[{"href":"https:\/\/aplimedia.com\/tutoriales\/wp-json\/wp\/v2\/media?parent=1631"}],"curies":[{"name":"wp","href":"https:\/\/api.w.org\/{rel}","templated":true}]}}