{"id":1607,"date":"2019-02-04T16:52:48","date_gmt":"2019-02-04T16:52:48","guid":{"rendered":"https:\/\/aplimedia.com\/tutoriales\/?page_id=1607"},"modified":"2025-03-13T15:56:00","modified_gmt":"2025-03-13T15:56:00","slug":"enlace-google-calendar","status":"publish","type":"page","link":"https:\/\/aplimedia.com\/tutoriales\/crm\/enlace-google-calendar\/","title":{"rendered":"Enlace con Google Calendar"},"content":{"rendered":"\t\t<div data-elementor-type=\"wp-post\" data-elementor-id=\"1607\" class=\"elementor elementor-1607\" data-elementor-post-type=\"page\">\n\t\t\t\t\t\t<section class=\"elementor-section elementor-top-section elementor-element elementor-element-2bab41c0 elementor-section-stretched elementor-section-boxed elementor-section-height-default elementor-section-height-default\" data-id=\"2bab41c0\" data-element_type=\"section\" data-e-type=\"section\" data-settings=\"{&quot;stretch_section&quot;:&quot;section-stretched&quot;}\">\n\t\t\t\t\t\t<div class=\"elementor-container elementor-column-gap-default\">\n\t\t\t\t\t<div class=\"elementor-column elementor-col-100 elementor-top-column elementor-element elementor-element-7b351b35\" data-id=\"7b351b35\" data-element_type=\"column\" data-e-type=\"column\">\n\t\t\t<div class=\"elementor-widget-wrap elementor-element-populated\">\n\t\t\t\t\t\t<div class=\"elementor-element elementor-element-26b09ff1 elementor-widget elementor-widget-text-editor\" data-id=\"26b09ff1\" data-element_type=\"widget\" data-e-type=\"widget\" data-widget_type=\"text-editor.default\">\n\t\t\t\t<div class=\"elementor-widget-container\">\n\t\t\t\t\t\t\t\t\t<p>Secre te permite enlazar con <strong>Google Calendar<\/strong> para poder as\u00ed enviar a la aplicaci\u00f3n citas, llamadas, visitas&#8230; y mantener tu agenda siempre actualizada.\u00a0<\/p><p>En el siguiente v\u00eddeo te explicamos c\u00f3mo realizar el enlace. Si lo prefieres, puedes ver el paso a paso debajo del v\u00eddeo.<\/p>\t\t\t\t\t\t\t\t<\/div>\n\t\t\t\t<\/div>\n\t\t\t\t<div class=\"elementor-element elementor-element-58722ff elementor-widget elementor-widget-video\" data-id=\"58722ff\" data-element_type=\"widget\" data-e-type=\"widget\" data-settings=\"{&quot;youtube_url&quot;:&quot;https:\\\/\\\/youtu.be\\\/4g2rUs4fF4s&quot;,&quot;video_type&quot;:&quot;youtube&quot;,&quot;controls&quot;:&quot;yes&quot;}\" data-widget_type=\"video.default\">\n\t\t\t\t<div class=\"elementor-widget-container\">\n\t\t\t\t\t\t\t<div class=\"elementor-wrapper elementor-open-inline\">\n\t\t\t<div class=\"elementor-video\"><\/div>\t\t<\/div>\n\t\t\t\t\t\t<\/div>\n\t\t\t\t<\/div>\n\t\t\t\t<div class=\"elementor-element elementor-element-96bd4ef elementor-widget elementor-widget-spacer\" data-id=\"96bd4ef\" data-element_type=\"widget\" data-e-type=\"widget\" data-widget_type=\"spacer.default\">\n\t\t\t\t<div class=\"elementor-widget-container\">\n\t\t\t\t\t\t\t<div class=\"elementor-spacer\">\n\t\t\t<div class=\"elementor-spacer-inner\"><\/div>\n\t\t<\/div>\n\t\t\t\t\t\t<\/div>\n\t\t\t\t<\/div>\n\t\t\t\t<div class=\"elementor-element elementor-element-7daac726 elementor-widget elementor-widget-heading\" data-id=\"7daac726\" data-element_type=\"widget\" data-e-type=\"widget\" data-widget_type=\"heading.default\">\n\t\t\t\t<div class=\"elementor-widget-container\">\n\t\t\t\t\t<h2 class=\"elementor-heading-title elementor-size-default\">Paso 1:<\/h2>\t\t\t\t<\/div>\n\t\t\t\t<\/div>\n\t\t\t\t<div class=\"elementor-element elementor-element-4152d533 elementor-widget elementor-widget-text-editor\" data-id=\"4152d533\" data-element_type=\"widget\" data-e-type=\"widget\" data-widget_type=\"text-editor.default\">\n\t\t\t\t<div class=\"elementor-widget-container\">\n\t\t\t\t\t\t\t\t\t<p>Para poder realizar la conexi\u00f3n con tu cuenta de Google Calendar, desde la pantalla principal de Secre, ve a<b> Herramientas&gt;Calendario de Google<\/b>.<\/p><p>Se te abrir\u00e1 una pantalla con un enlace que deber\u00e1s copiar en tu navegador y un c\u00f3digo que deber\u00e1s introducir.<\/p><p>\u00a0<\/p>\t\t\t\t\t\t\t\t<\/div>\n\t\t\t\t<\/div>\n\t\t\t\t<div class=\"elementor-element elementor-element-67660b94 elementor-widget elementor-widget-image\" data-id=\"67660b94\" data-element_type=\"widget\" data-e-type=\"widget\" data-widget_type=\"image.default\">\n\t\t\t\t<div class=\"elementor-widget-container\">\n\t\t\t\t\t\t\t\t\t\t\t\t\t\t\t\t<a href=\"https:\/\/aplimedia.com\/tutoriales\/wp-content\/uploads\/2019\/02\/enlacegooglecalendar2.gif\" data-elementor-open-lightbox=\"yes\" data-elementor-lightbox-title=\"enlacegooglecalendar2\" data-e-action-hash=\"#elementor-action%3Aaction%3Dlightbox%26settings%3DeyJpZCI6MTYxNywidXJsIjoiaHR0cHM6XC9cL2FwbGltZWRpYS5jb21cL3R1dG9yaWFsZXNcL3dwLWNvbnRlbnRcL3VwbG9hZHNcLzIwMTlcLzAyXC9lbmxhY2Vnb29nbGVjYWxlbmRhcjIuZ2lmIn0%3D\">\n\t\t\t\t\t\t\t<img fetchpriority=\"high\" decoding=\"async\" width=\"811\" height=\"559\" src=\"https:\/\/aplimedia.com\/tutoriales\/wp-content\/uploads\/2019\/02\/enlacegooglecalendar2.gif\" class=\"attachment-large size-large wp-image-1617\" alt=\"\" \/>\t\t\t\t\t\t\t\t<\/a>\n\t\t\t\t\t\t\t\t\t\t\t\t\t\t\t<\/div>\n\t\t\t\t<\/div>\n\t\t\t\t<div class=\"elementor-element elementor-element-28c7374 elementor-widget elementor-widget-text-editor\" data-id=\"28c7374\" data-element_type=\"widget\" data-e-type=\"widget\" data-widget_type=\"text-editor.default\">\n\t\t\t\t<div class=\"elementor-widget-container\">\n\t\t\t\t\t\t\t\t\t<p>Abre el enlace en tu navegador, introduce el c\u00f3digo proporcionado y aseg\u00farate de seleccionar o iniciar sesi\u00f3n con la cuenta de Google que te interese.<\/p><p>Es posible que veas un mensaje como este, que dice \u00abGoogle no ha verificado esta aplicaci\u00f3n\u00bb:<\/p><p>\u00a0<\/p>\t\t\t\t\t\t\t\t<\/div>\n\t\t\t\t<\/div>\n\t\t\t\t<div class=\"elementor-element elementor-element-05b50f1 elementor-widget elementor-widget-image\" data-id=\"05b50f1\" data-element_type=\"widget\" data-e-type=\"widget\" data-widget_type=\"image.default\">\n\t\t\t\t<div class=\"elementor-widget-container\">\n\t\t\t\t\t\t\t\t\t\t\t\t\t\t\t\t<a href=\"https:\/\/aplimedia.com\/tutoriales\/wp-content\/uploads\/2025\/03\/configurar-calendario-google.png\" data-elementor-open-lightbox=\"yes\" data-elementor-lightbox-title=\"configurar-calendario-google\" data-e-action-hash=\"#elementor-action%3Aaction%3Dlightbox%26settings%3DeyJpZCI6OTM0OCwidXJsIjoiaHR0cHM6XC9cL2FwbGltZWRpYS5jb21cL3R1dG9yaWFsZXNcL3dwLWNvbnRlbnRcL3VwbG9hZHNcLzIwMjVcLzAzXC9jb25maWd1cmFyLWNhbGVuZGFyaW8tZ29vZ2xlLnBuZyJ9\">\n\t\t\t\t\t\t\t<img decoding=\"async\" width=\"652\" height=\"403\" src=\"https:\/\/aplimedia.com\/tutoriales\/wp-content\/uploads\/2025\/03\/configurar-calendario-google.png\" class=\"attachment-large size-large wp-image-9348\" alt=\"\" \/>\t\t\t\t\t\t\t\t<\/a>\n\t\t\t\t\t\t\t\t\t\t\t\t\t\t\t<\/div>\n\t\t\t\t<\/div>\n\t\t\t\t<div class=\"elementor-element elementor-element-cba7e71 elementor-widget elementor-widget-text-editor\" data-id=\"cba7e71\" data-element_type=\"widget\" data-e-type=\"widget\" data-widget_type=\"text-editor.default\">\n\t\t\t\t<div class=\"elementor-widget-container\">\n\t\t\t\t\t\t\t\t\t<p>Si es as\u00ed, pincha en \u00abConfiguraci\u00f3n avanzada\u00bb y, despu\u00e9s, pincha en \u00abIr a Gesti\u00f3n Secre (no seguro)\u00bb:<\/p>\t\t\t\t\t\t\t\t<\/div>\n\t\t\t\t<\/div>\n\t\t\t\t<div class=\"elementor-element elementor-element-8c0a07a elementor-widget elementor-widget-image\" data-id=\"8c0a07a\" data-element_type=\"widget\" data-e-type=\"widget\" data-widget_type=\"image.default\">\n\t\t\t\t<div class=\"elementor-widget-container\">\n\t\t\t\t\t\t\t\t\t\t\t\t\t\t\t\t<a href=\"https:\/\/aplimedia.com\/tutoriales\/wp-content\/uploads\/2025\/03\/configurar-calendario-google2.png\" data-elementor-open-lightbox=\"yes\" data-elementor-lightbox-title=\"configurar-calendario-google2\" data-e-action-hash=\"#elementor-action%3Aaction%3Dlightbox%26settings%3DeyJpZCI6OTM0OSwidXJsIjoiaHR0cHM6XC9cL2FwbGltZWRpYS5jb21cL3R1dG9yaWFsZXNcL3dwLWNvbnRlbnRcL3VwbG9hZHNcLzIwMjVcLzAzXC9jb25maWd1cmFyLWNhbGVuZGFyaW8tZ29vZ2xlMi5wbmcifQ%3D%3D\">\n\t\t\t\t\t\t\t<img decoding=\"async\" width=\"618\" height=\"202\" src=\"https:\/\/aplimedia.com\/tutoriales\/wp-content\/uploads\/2025\/03\/configurar-calendario-google2.png\" class=\"attachment-large size-large wp-image-9349\" alt=\"\" \/>\t\t\t\t\t\t\t\t<\/a>\n\t\t\t\t\t\t\t\t\t\t\t\t\t\t\t<\/div>\n\t\t\t\t<\/div>\n\t\t\t\t<div class=\"elementor-element elementor-element-b7c2385 elementor-widget elementor-widget-text-editor\" data-id=\"b7c2385\" data-element_type=\"widget\" data-e-type=\"widget\" data-widget_type=\"text-editor.default\">\n\t\t\t\t<div class=\"elementor-widget-container\">\n\t\t\t\t\t\t\t\t\t<p>A continuaci\u00f3n, ver\u00e1s una pantalla en la que pondr\u00e1 \u00abGesti\u00f3n Secre quiere acceder a tu cuenta de Google\u00bb. En esta pantalla puedes consultar los permisos que Secre va a solicitar a tu calendario de Google para poder crear, modificar y eliminar eventos.<\/p><p>Si est\u00e1s conforme, pincha en Continuar:<\/p>\t\t\t\t\t\t\t\t<\/div>\n\t\t\t\t<\/div>\n\t\t\t\t<div class=\"elementor-element elementor-element-3f9f511 elementor-widget elementor-widget-image\" data-id=\"3f9f511\" data-element_type=\"widget\" data-e-type=\"widget\" data-widget_type=\"image.default\">\n\t\t\t\t<div class=\"elementor-widget-container\">\n\t\t\t\t\t\t\t\t\t\t\t\t\t\t\t\t<a href=\"https:\/\/aplimedia.com\/tutoriales\/wp-content\/uploads\/2025\/03\/configurar-calendario-google3.png\" data-elementor-open-lightbox=\"yes\" data-elementor-lightbox-title=\"configurar-calendario-google3\" data-e-action-hash=\"#elementor-action%3Aaction%3Dlightbox%26settings%3DeyJpZCI6OTM1MCwidXJsIjoiaHR0cHM6XC9cL2FwbGltZWRpYS5jb21cL3R1dG9yaWFsZXNcL3dwLWNvbnRlbnRcL3VwbG9hZHNcLzIwMjVcLzAzXC9jb25maWd1cmFyLWNhbGVuZGFyaW8tZ29vZ2xlMy5wbmcifQ%3D%3D\">\n\t\t\t\t\t\t\t<img loading=\"lazy\" decoding=\"async\" width=\"1048\" height=\"660\" src=\"https:\/\/aplimedia.com\/tutoriales\/wp-content\/uploads\/2025\/03\/configurar-calendario-google3.png\" class=\"attachment-large size-large wp-image-9350\" alt=\"\" srcset=\"https:\/\/aplimedia.com\/tutoriales\/wp-content\/uploads\/2025\/03\/configurar-calendario-google3.png 1048w, https:\/\/aplimedia.com\/tutoriales\/wp-content\/uploads\/2025\/03\/configurar-calendario-google3-768x484.png 768w\" sizes=\"(max-width: 1048px) 100vw, 1048px\" \/>\t\t\t\t\t\t\t\t<\/a>\n\t\t\t\t\t\t\t\t\t\t\t\t\t\t\t<\/div>\n\t\t\t\t<\/div>\n\t\t\t\t<div class=\"elementor-element elementor-element-87cc23f elementor-widget elementor-widget-text-editor\" data-id=\"87cc23f\" data-element_type=\"widget\" data-e-type=\"widget\" data-widget_type=\"text-editor.default\">\n\t\t\t\t<div class=\"elementor-widget-container\">\n\t\t\t\t\t\t\t\t\t<p>Y ver\u00e1s un mensaje que dir\u00e1 \u00abSe ha conectado el dispositivo\u00bb, lo cual significa que ya habr\u00e1s finalizado la configuraci\u00f3n.<\/p>\t\t\t\t\t\t\t\t<\/div>\n\t\t\t\t<\/div>\n\t\t\t\t<div class=\"elementor-element elementor-element-eb05923 elementor-widget elementor-widget-image\" data-id=\"eb05923\" data-element_type=\"widget\" data-e-type=\"widget\" data-widget_type=\"image.default\">\n\t\t\t\t<div class=\"elementor-widget-container\">\n\t\t\t\t\t\t\t\t\t\t\t\t\t\t\t\t<a href=\"https:\/\/aplimedia.com\/tutoriales\/wp-content\/uploads\/2025\/03\/configurar-calendario-google4.png\" data-elementor-open-lightbox=\"yes\" data-elementor-lightbox-title=\"configurar-calendario-google4\" data-e-action-hash=\"#elementor-action%3Aaction%3Dlightbox%26settings%3DeyJpZCI6OTM1MSwidXJsIjoiaHR0cHM6XC9cL2FwbGltZWRpYS5jb21cL3R1dG9yaWFsZXNcL3dwLWNvbnRlbnRcL3VwbG9hZHNcLzIwMjVcLzAzXC9jb25maWd1cmFyLWNhbGVuZGFyaW8tZ29vZ2xlNC5wbmcifQ%3D%3D\">\n\t\t\t\t\t\t\t<img loading=\"lazy\" decoding=\"async\" width=\"1058\" height=\"565\" src=\"https:\/\/aplimedia.com\/tutoriales\/wp-content\/uploads\/2025\/03\/configurar-calendario-google4.png\" class=\"attachment-large size-large wp-image-9351\" alt=\"\" srcset=\"https:\/\/aplimedia.com\/tutoriales\/wp-content\/uploads\/2025\/03\/configurar-calendario-google4.png 1058w, https:\/\/aplimedia.com\/tutoriales\/wp-content\/uploads\/2025\/03\/configurar-calendario-google4-768x410.png 768w\" sizes=\"(max-width: 1058px) 100vw, 1058px\" \/>\t\t\t\t\t\t\t\t<\/a>\n\t\t\t\t\t\t\t\t\t\t\t\t\t\t\t<\/div>\n\t\t\t\t<\/div>\n\t\t\t\t<div class=\"elementor-element elementor-element-7c85fc37 elementor-widget elementor-widget-text-editor\" data-id=\"7c85fc37\" data-element_type=\"widget\" data-e-type=\"widget\" data-widget_type=\"text-editor.default\">\n\t\t\t\t<div class=\"elementor-widget-container\">\n\t\t\t\t\t\t\t\t\t<p><span style=\"color: var( --e-global-color-text ); font-family: var( --e-global-typography-text-font-family ), Sans-serif; font-weight: var( --e-global-typography-text-font-weight ); background-color: var( --e-global-color-f11fd92 );\">Ahora ya puedes cerrar la ventana del navegador y volver a Secre.<\/span><\/p><p><span style=\"color: var( --e-global-color-text ); font-family: var( --e-global-typography-text-font-family ), Sans-serif; font-weight: var( --e-global-typography-text-font-weight ); background-color: var( --e-global-color-f11fd92 );\">A partir de ahora podr\u00e1s enviar eventos de tu agenda de Secre a tu calendario de Google para tener tu agenda sincronizada en todo momento.<\/span><\/p>\t\t\t\t\t\t\t\t<\/div>\n\t\t\t\t<\/div>\n\t\t\t\t<div class=\"elementor-element elementor-element-6b6d0883 elementor-widget elementor-widget-spacer\" data-id=\"6b6d0883\" data-element_type=\"widget\" data-e-type=\"widget\" data-widget_type=\"spacer.default\">\n\t\t\t\t<div class=\"elementor-widget-container\">\n\t\t\t\t\t\t\t<div class=\"elementor-spacer\">\n\t\t\t<div class=\"elementor-spacer-inner\"><\/div>\n\t\t<\/div>\n\t\t\t\t\t\t<\/div>\n\t\t\t\t<\/div>\n\t\t\t\t\t<\/div>\n\t\t<\/div>\n\t\t\t\t\t<\/div>\n\t\t<\/section>\n\t\t\t\t<\/div>\n\t\t","protected":false},"excerpt":{"rendered":"<p>Secre te permite enlazar con Google Calendar para poder as\u00ed enviar a la aplicaci\u00f3n citas, llamadas, visitas&#8230; y mantener tu agenda siempre actualizada.\u00a0 En el siguiente v\u00eddeo te explicamos c\u00f3mo realizar el enlace. Si lo prefieres, puedes ver el paso a paso debajo del v\u00eddeo. https:\/\/youtu.be\/4g2rUs4fF4s Paso 1: Para poder realizar la conexi\u00f3n con tu [&hellip;]<\/p>\n","protected":false},"author":1,"featured_media":0,"parent":1204,"menu_order":0,"comment_status":"closed","ping_status":"closed","template":"","meta":{"footnotes":""},"class_list":["post-1607","page","type-page","status-publish","hentry"],"yoast_head":"<!-- This site is optimized with the Yoast SEO plugin v27.5 - https:\/\/yoast.com\/product\/yoast-seo-wordpress\/ -->\n<title>Enlace con Google Calendar | Tutoriales de Secre<\/title>\n<meta name=\"robots\" content=\"index, follow, max-snippet:-1, max-image-preview:large, max-video-preview:-1\" \/>\n<link rel=\"canonical\" href=\"https:\/\/aplimedia.com\/tutoriales\/crm\/enlace-google-calendar\/\" \/>\n<meta property=\"og:locale\" content=\"es_ES\" \/>\n<meta property=\"og:type\" content=\"article\" \/>\n<meta property=\"og:title\" content=\"Enlace con Google Calendar | Tutoriales de Secre\" \/>\n<meta property=\"og:description\" content=\"Secre te permite enlazar con Google Calendar para poder as\u00ed enviar a la aplicaci\u00f3n citas, llamadas, visitas&#8230; y mantener tu agenda siempre actualizada.\u00a0 En el siguiente v\u00eddeo te explicamos c\u00f3mo realizar el enlace. Si lo prefieres, puedes ver el paso a paso debajo del v\u00eddeo. https:\/\/youtu.be\/4g2rUs4fF4s Paso 1: Para poder realizar la conexi\u00f3n con tu [&hellip;]\" \/>\n<meta property=\"og:url\" content=\"https:\/\/aplimedia.com\/tutoriales\/crm\/enlace-google-calendar\/\" \/>\n<meta property=\"og:site_name\" content=\"Tutoriales de Secre\" \/>\n<meta property=\"article:modified_time\" content=\"2025-03-13T15:56:00+00:00\" \/>\n<meta property=\"og:image\" content=\"https:\/\/aplimedia.com\/tutoriales\/wp-content\/uploads\/2019\/02\/enlacegooglecalendar2.gif\" \/>\n\t<meta property=\"og:image:width\" content=\"811\" \/>\n\t<meta property=\"og:image:height\" content=\"559\" \/>\n\t<meta property=\"og:image:type\" content=\"image\/gif\" \/>\n<meta name=\"twitter:card\" content=\"summary_large_image\" \/>\n<meta name=\"twitter:label1\" content=\"Tiempo de lectura\" \/>\n\t<meta name=\"twitter:data1\" content=\"3 minutos\" \/>\n<script type=\"application\/ld+json\" class=\"yoast-schema-graph\">{\"@context\":\"https:\\\/\\\/schema.org\",\"@graph\":[{\"@type\":\"WebPage\",\"@id\":\"https:\\\/\\\/aplimedia.com\\\/tutoriales\\\/crm\\\/enlace-google-calendar\\\/\",\"url\":\"https:\\\/\\\/aplimedia.com\\\/tutoriales\\\/crm\\\/enlace-google-calendar\\\/\",\"name\":\"Enlace con Google Calendar | Tutoriales de Secre\",\"isPartOf\":{\"@id\":\"https:\\\/\\\/aplimedia.com\\\/tutoriales\\\/#website\"},\"primaryImageOfPage\":{\"@id\":\"https:\\\/\\\/aplimedia.com\\\/tutoriales\\\/crm\\\/enlace-google-calendar\\\/#primaryimage\"},\"image\":{\"@id\":\"https:\\\/\\\/aplimedia.com\\\/tutoriales\\\/crm\\\/enlace-google-calendar\\\/#primaryimage\"},\"thumbnailUrl\":\"https:\\\/\\\/aplimedia.com\\\/tutoriales\\\/wp-content\\\/uploads\\\/2019\\\/02\\\/enlacegooglecalendar2.gif\",\"datePublished\":\"2019-02-04T16:52:48+00:00\",\"dateModified\":\"2025-03-13T15:56:00+00:00\",\"breadcrumb\":{\"@id\":\"https:\\\/\\\/aplimedia.com\\\/tutoriales\\\/crm\\\/enlace-google-calendar\\\/#breadcrumb\"},\"inLanguage\":\"es\",\"potentialAction\":[{\"@type\":\"ReadAction\",\"target\":[\"https:\\\/\\\/aplimedia.com\\\/tutoriales\\\/crm\\\/enlace-google-calendar\\\/\"]}]},{\"@type\":\"ImageObject\",\"inLanguage\":\"es\",\"@id\":\"https:\\\/\\\/aplimedia.com\\\/tutoriales\\\/crm\\\/enlace-google-calendar\\\/#primaryimage\",\"url\":\"https:\\\/\\\/aplimedia.com\\\/tutoriales\\\/wp-content\\\/uploads\\\/2019\\\/02\\\/enlacegooglecalendar2.gif\",\"contentUrl\":\"https:\\\/\\\/aplimedia.com\\\/tutoriales\\\/wp-content\\\/uploads\\\/2019\\\/02\\\/enlacegooglecalendar2.gif\",\"width\":811,\"height\":559},{\"@type\":\"BreadcrumbList\",\"@id\":\"https:\\\/\\\/aplimedia.com\\\/tutoriales\\\/crm\\\/enlace-google-calendar\\\/#breadcrumb\",\"itemListElement\":[{\"@type\":\"ListItem\",\"position\":1,\"name\":\"Tutoriales\",\"item\":\"https:\\\/\\\/aplimedia.com\\\/tutoriales\\\/\"},{\"@type\":\"ListItem\",\"position\":2,\"name\":\"CRM\",\"item\":\"https:\\\/\\\/aplimedia.com\\\/tutoriales\\\/crm\\\/\"},{\"@type\":\"ListItem\",\"position\":3,\"name\":\"Enlace con Google Calendar\"}]},{\"@type\":\"WebSite\",\"@id\":\"https:\\\/\\\/aplimedia.com\\\/tutoriales\\\/#website\",\"url\":\"https:\\\/\\\/aplimedia.com\\\/tutoriales\\\/\",\"name\":\"Tutoriales de Secre\",\"description\":\"Tutoriales del software de gesti\u00f3n Secre\",\"publisher\":{\"@id\":\"https:\\\/\\\/aplimedia.com\\\/tutoriales\\\/#organization\"},\"potentialAction\":[{\"@type\":\"SearchAction\",\"target\":{\"@type\":\"EntryPoint\",\"urlTemplate\":\"https:\\\/\\\/aplimedia.com\\\/tutoriales\\\/?s={search_term_string}\"},\"query-input\":{\"@type\":\"PropertyValueSpecification\",\"valueRequired\":true,\"valueName\":\"search_term_string\"}}],\"inLanguage\":\"es\"},{\"@type\":\"Organization\",\"@id\":\"https:\\\/\\\/aplimedia.com\\\/tutoriales\\\/#organization\",\"name\":\"Tutoriales de Secre\",\"url\":\"https:\\\/\\\/aplimedia.com\\\/tutoriales\\\/\",\"logo\":{\"@type\":\"ImageObject\",\"inLanguage\":\"es\",\"@id\":\"https:\\\/\\\/aplimedia.com\\\/tutoriales\\\/#\\\/schema\\\/logo\\\/image\\\/\",\"url\":\"https:\\\/\\\/aplimedia.com\\\/tutoriales\\\/wp-content\\\/uploads\\\/2022\\\/03\\\/cropped-logotipo-aplimedia.png\",\"contentUrl\":\"https:\\\/\\\/aplimedia.com\\\/tutoriales\\\/wp-content\\\/uploads\\\/2022\\\/03\\\/cropped-logotipo-aplimedia.png\",\"width\":2000,\"height\":658,\"caption\":\"Tutoriales de Secre\"},\"image\":{\"@id\":\"https:\\\/\\\/aplimedia.com\\\/tutoriales\\\/#\\\/schema\\\/logo\\\/image\\\/\"}}]}<\/script>\n<!-- \/ Yoast SEO plugin. -->","yoast_head_json":{"title":"Enlace con Google Calendar | Tutoriales de Secre","robots":{"index":"index","follow":"follow","max-snippet":"max-snippet:-1","max-image-preview":"max-image-preview:large","max-video-preview":"max-video-preview:-1"},"canonical":"https:\/\/aplimedia.com\/tutoriales\/crm\/enlace-google-calendar\/","og_locale":"es_ES","og_type":"article","og_title":"Enlace con Google Calendar | Tutoriales de Secre","og_description":"Secre te permite enlazar con Google Calendar para poder as\u00ed enviar a la aplicaci\u00f3n citas, llamadas, visitas&#8230; y mantener tu agenda siempre actualizada.\u00a0 En el siguiente v\u00eddeo te explicamos c\u00f3mo realizar el enlace. Si lo prefieres, puedes ver el paso a paso debajo del v\u00eddeo. https:\/\/youtu.be\/4g2rUs4fF4s Paso 1: Para poder realizar la conexi\u00f3n con tu [&hellip;]","og_url":"https:\/\/aplimedia.com\/tutoriales\/crm\/enlace-google-calendar\/","og_site_name":"Tutoriales de Secre","article_modified_time":"2025-03-13T15:56:00+00:00","og_image":[{"width":811,"height":559,"url":"https:\/\/aplimedia.com\/tutoriales\/wp-content\/uploads\/2019\/02\/enlacegooglecalendar2.gif","type":"image\/gif"}],"twitter_card":"summary_large_image","twitter_misc":{"Tiempo de lectura":"3 minutos"},"schema":{"@context":"https:\/\/schema.org","@graph":[{"@type":"WebPage","@id":"https:\/\/aplimedia.com\/tutoriales\/crm\/enlace-google-calendar\/","url":"https:\/\/aplimedia.com\/tutoriales\/crm\/enlace-google-calendar\/","name":"Enlace con Google Calendar | Tutoriales de Secre","isPartOf":{"@id":"https:\/\/aplimedia.com\/tutoriales\/#website"},"primaryImageOfPage":{"@id":"https:\/\/aplimedia.com\/tutoriales\/crm\/enlace-google-calendar\/#primaryimage"},"image":{"@id":"https:\/\/aplimedia.com\/tutoriales\/crm\/enlace-google-calendar\/#primaryimage"},"thumbnailUrl":"https:\/\/aplimedia.com\/tutoriales\/wp-content\/uploads\/2019\/02\/enlacegooglecalendar2.gif","datePublished":"2019-02-04T16:52:48+00:00","dateModified":"2025-03-13T15:56:00+00:00","breadcrumb":{"@id":"https:\/\/aplimedia.com\/tutoriales\/crm\/enlace-google-calendar\/#breadcrumb"},"inLanguage":"es","potentialAction":[{"@type":"ReadAction","target":["https:\/\/aplimedia.com\/tutoriales\/crm\/enlace-google-calendar\/"]}]},{"@type":"ImageObject","inLanguage":"es","@id":"https:\/\/aplimedia.com\/tutoriales\/crm\/enlace-google-calendar\/#primaryimage","url":"https:\/\/aplimedia.com\/tutoriales\/wp-content\/uploads\/2019\/02\/enlacegooglecalendar2.gif","contentUrl":"https:\/\/aplimedia.com\/tutoriales\/wp-content\/uploads\/2019\/02\/enlacegooglecalendar2.gif","width":811,"height":559},{"@type":"BreadcrumbList","@id":"https:\/\/aplimedia.com\/tutoriales\/crm\/enlace-google-calendar\/#breadcrumb","itemListElement":[{"@type":"ListItem","position":1,"name":"Tutoriales","item":"https:\/\/aplimedia.com\/tutoriales\/"},{"@type":"ListItem","position":2,"name":"CRM","item":"https:\/\/aplimedia.com\/tutoriales\/crm\/"},{"@type":"ListItem","position":3,"name":"Enlace con Google Calendar"}]},{"@type":"WebSite","@id":"https:\/\/aplimedia.com\/tutoriales\/#website","url":"https:\/\/aplimedia.com\/tutoriales\/","name":"Tutoriales de Secre","description":"Tutoriales del software de gesti\u00f3n Secre","publisher":{"@id":"https:\/\/aplimedia.com\/tutoriales\/#organization"},"potentialAction":[{"@type":"SearchAction","target":{"@type":"EntryPoint","urlTemplate":"https:\/\/aplimedia.com\/tutoriales\/?s={search_term_string}"},"query-input":{"@type":"PropertyValueSpecification","valueRequired":true,"valueName":"search_term_string"}}],"inLanguage":"es"},{"@type":"Organization","@id":"https:\/\/aplimedia.com\/tutoriales\/#organization","name":"Tutoriales de Secre","url":"https:\/\/aplimedia.com\/tutoriales\/","logo":{"@type":"ImageObject","inLanguage":"es","@id":"https:\/\/aplimedia.com\/tutoriales\/#\/schema\/logo\/image\/","url":"https:\/\/aplimedia.com\/tutoriales\/wp-content\/uploads\/2022\/03\/cropped-logotipo-aplimedia.png","contentUrl":"https:\/\/aplimedia.com\/tutoriales\/wp-content\/uploads\/2022\/03\/cropped-logotipo-aplimedia.png","width":2000,"height":658,"caption":"Tutoriales de Secre"},"image":{"@id":"https:\/\/aplimedia.com\/tutoriales\/#\/schema\/logo\/image\/"}}]}},"_links":{"self":[{"href":"https:\/\/aplimedia.com\/tutoriales\/wp-json\/wp\/v2\/pages\/1607","targetHints":{"allow":["GET"]}}],"collection":[{"href":"https:\/\/aplimedia.com\/tutoriales\/wp-json\/wp\/v2\/pages"}],"about":[{"href":"https:\/\/aplimedia.com\/tutoriales\/wp-json\/wp\/v2\/types\/page"}],"author":[{"embeddable":true,"href":"https:\/\/aplimedia.com\/tutoriales\/wp-json\/wp\/v2\/users\/1"}],"replies":[{"embeddable":true,"href":"https:\/\/aplimedia.com\/tutoriales\/wp-json\/wp\/v2\/comments?post=1607"}],"version-history":[{"count":0,"href":"https:\/\/aplimedia.com\/tutoriales\/wp-json\/wp\/v2\/pages\/1607\/revisions"}],"up":[{"embeddable":true,"href":"https:\/\/aplimedia.com\/tutoriales\/wp-json\/wp\/v2\/pages\/1204"}],"wp:attachment":[{"href":"https:\/\/aplimedia.com\/tutoriales\/wp-json\/wp\/v2\/media?parent=1607"}],"curies":[{"name":"wp","href":"https:\/\/api.w.org\/{rel}","templated":true}]}}