{"id":1573,"date":"2019-02-04T15:34:10","date_gmt":"2019-02-04T15:34:10","guid":{"rendered":"https:\/\/aplimedia.com\/tutoriales\/?page_id=1573"},"modified":"2025-03-11T15:46:34","modified_gmt":"2025-03-11T15:46:34","slug":"datos-de-pago","status":"publish","type":"page","link":"https:\/\/aplimedia.com\/tutoriales\/proveedores\/datos-de-pago\/","title":{"rendered":"Pesta\u00f1a \u00abDatos de pago\u00bb"},"content":{"rendered":"\t\t<div data-elementor-type=\"wp-post\" data-elementor-id=\"1573\" class=\"elementor elementor-1573\" data-elementor-post-type=\"page\">\n\t\t\t\t\t\t<section class=\"elementor-section elementor-top-section elementor-element elementor-element-4594cb3e elementor-section-stretched elementor-section-boxed elementor-section-height-default elementor-section-height-default\" data-id=\"4594cb3e\" data-element_type=\"section\" data-e-type=\"section\" data-settings=\"{&quot;stretch_section&quot;:&quot;section-stretched&quot;}\">\n\t\t\t\t\t\t<div class=\"elementor-container elementor-column-gap-default\">\n\t\t\t\t\t<div class=\"elementor-column elementor-col-100 elementor-top-column elementor-element elementor-element-53a1879d\" data-id=\"53a1879d\" data-element_type=\"column\" data-e-type=\"column\">\n\t\t\t<div class=\"elementor-widget-wrap elementor-element-populated\">\n\t\t\t\t\t\t<div class=\"elementor-element elementor-element-186f29e2 elementor-widget elementor-widget-text-editor\" data-id=\"186f29e2\" data-element_type=\"widget\" data-e-type=\"widget\" data-widget_type=\"text-editor.default\">\n\t\t\t\t<div class=\"elementor-widget-container\">\n\t\t\t\t\t\t\t\t\t<p>Una vez ya hayas dado de alta a tu proveedor en el programa, se te habilitar\u00e1 la pesta\u00f1a \u00abDatos de pago\u00bb. Solo necesitas rellenar los datos que ves en pantalla. Vamos a repasarlos brevemente.<\/p>\t\t\t\t\t\t\t\t<\/div>\n\t\t\t\t<\/div>\n\t\t\t\t<section class=\"elementor-section elementor-inner-section elementor-element elementor-element-19d6945 elementor-section-boxed elementor-section-height-default elementor-section-height-default\" data-id=\"19d6945\" data-element_type=\"section\" data-e-type=\"section\">\n\t\t\t\t\t\t<div class=\"elementor-container elementor-column-gap-default\">\n\t\t\t\t\t<div class=\"elementor-column elementor-col-100 elementor-inner-column elementor-element elementor-element-42a4ab8\" data-id=\"42a4ab8\" data-element_type=\"column\" data-e-type=\"column\">\n\t\t\t<div class=\"elementor-widget-wrap elementor-element-populated\">\n\t\t\t\t\t\t<div class=\"elementor-element elementor-element-927a769 elementor-widget elementor-widget-image\" data-id=\"927a769\" data-element_type=\"widget\" data-e-type=\"widget\" data-widget_type=\"image.default\">\n\t\t\t\t<div class=\"elementor-widget-container\">\n\t\t\t\t\t\t\t\t\t\t\t\t\t\t\t\t<a href=\"https:\/\/aplimedia.com\/tutoriales\/wp-content\/uploads\/2019\/02\/datosdepagoproveedores1.png\" data-elementor-open-lightbox=\"yes\" data-elementor-lightbox-title=\"datosdepagoproveedores1\" data-e-action-hash=\"#elementor-action%3Aaction%3Dlightbox%26settings%3DeyJpZCI6MTU3NiwidXJsIjoiaHR0cHM6XC9cL2FwbGltZWRpYS5jb21cL3R1dG9yaWFsZXNcL3dwLWNvbnRlbnRcL3VwbG9hZHNcLzIwMTlcLzAyXC9kYXRvc2RlcGFnb3Byb3ZlZWRvcmVzMS5wbmcifQ%3D%3D\">\n\t\t\t\t\t\t\t<img fetchpriority=\"high\" decoding=\"async\" width=\"1024\" height=\"547\" src=\"https:\/\/aplimedia.com\/tutoriales\/wp-content\/uploads\/2019\/02\/datosdepagoproveedores1-1024x547.png\" class=\"attachment-large size-large wp-image-1576\" alt=\"\" srcset=\"https:\/\/aplimedia.com\/tutoriales\/wp-content\/uploads\/2019\/02\/datosdepagoproveedores1-1024x547.png 1024w, https:\/\/aplimedia.com\/tutoriales\/wp-content\/uploads\/2019\/02\/datosdepagoproveedores1-300x160.png 300w, https:\/\/aplimedia.com\/tutoriales\/wp-content\/uploads\/2019\/02\/datosdepagoproveedores1-768x410.png 768w, https:\/\/aplimedia.com\/tutoriales\/wp-content\/uploads\/2019\/02\/datosdepagoproveedores1.png 1920w\" sizes=\"(max-width: 1024px) 100vw, 1024px\" \/>\t\t\t\t\t\t\t\t<\/a>\n\t\t\t\t\t\t\t\t\t\t\t\t\t\t\t<\/div>\n\t\t\t\t<\/div>\n\t\t\t\t\t<\/div>\n\t\t<\/div>\n\t\t\t\t\t<\/div>\n\t\t<\/section>\n\t\t\t\t<div class=\"elementor-element elementor-element-815af39 elementor-widget elementor-widget-spacer\" data-id=\"815af39\" data-element_type=\"widget\" data-e-type=\"widget\" data-widget_type=\"spacer.default\">\n\t\t\t\t<div class=\"elementor-widget-container\">\n\t\t\t\t\t\t\t<div class=\"elementor-spacer\">\n\t\t\t<div class=\"elementor-spacer-inner\"><\/div>\n\t\t<\/div>\n\t\t\t\t\t\t<\/div>\n\t\t\t\t<\/div>\n\t\t\t\t<div class=\"elementor-element elementor-element-50322ae elementor-widget elementor-widget-text-editor\" data-id=\"50322ae\" data-element_type=\"widget\" data-e-type=\"widget\" data-widget_type=\"text-editor.default\">\n\t\t\t\t<div class=\"elementor-widget-container\">\n\t\t\t\t\t\t\t\t\t<p><span style=\"text-decoration: underline;\"><strong>Forma de pago<\/strong><\/span><\/p><p>En este campo puedes seleccionar del desplegable la opci\u00f3n de pago que quieres usar con este proveedor.<\/p><p>Recuerda que, si la forma de pago que deseas utilizar no aparece en el listado, puedes crearla t\u00fa siguiendo estos pasos: <a href=\"https:\/\/aplimedia.com\/tutoriales\/primeros-pasos\/formas-de-cobro-y-pago\/\">C\u00f3mo a\u00f1adir formas de cobro y pago<\/a>.<\/p>\t\t\t\t\t\t\t\t<\/div>\n\t\t\t\t<\/div>\n\t\t\t\t<div class=\"elementor-element elementor-element-c26957b elementor-widget elementor-widget-text-editor\" data-id=\"c26957b\" data-element_type=\"widget\" data-e-type=\"widget\" data-widget_type=\"text-editor.default\">\n\t\t\t\t<div class=\"elementor-widget-container\">\n\t\t\t\t\t\t\t\t\t<p><b><u>Su banco\/cuenta<\/u><\/b><\/p>\n<p>Utiliza el \u00ab+\u00bb a la derecha de este campo para a\u00f1adir el banco. Se te abrir\u00e1 la siguiente pantalla, con los siguientes campos:<\/p>\n<ul>\n<li>Banco. El nombre del banco de tu proveedor. No es obligatorio rellenarlo.<\/li>\n<li>Cuenta. Los 20 d\u00edgitos correspondientes a la cuenta bancaria de tu proveedor.&nbsp;<\/li>\n<li>IBAN y B.I.C. o SWIFT: estos dos campos los genera autom\u00e1ticamente el programa si haces click sobre ellos y ya has rellenado los d\u00edgitos de la cuenta. Tambi\u00e9n puedes rellenarlos manualmente.<\/li>\n<\/ul>\t\t\t\t\t\t\t\t<\/div>\n\t\t\t\t<\/div>\n\t\t\t\t<section class=\"elementor-section elementor-inner-section elementor-element elementor-element-24b22d5 elementor-section-boxed elementor-section-height-default elementor-section-height-default\" data-id=\"24b22d5\" data-element_type=\"section\" data-e-type=\"section\">\n\t\t\t\t\t\t<div class=\"elementor-container elementor-column-gap-default\">\n\t\t\t\t\t<div class=\"elementor-column elementor-col-100 elementor-inner-column elementor-element elementor-element-572175f\" data-id=\"572175f\" data-element_type=\"column\" data-e-type=\"column\">\n\t\t\t<div class=\"elementor-widget-wrap elementor-element-populated\">\n\t\t\t\t\t\t<div class=\"elementor-element elementor-element-8c7a69f elementor-widget elementor-widget-image\" data-id=\"8c7a69f\" data-element_type=\"widget\" data-e-type=\"widget\" data-widget_type=\"image.default\">\n\t\t\t\t<div class=\"elementor-widget-container\">\n\t\t\t\t\t\t\t\t\t\t\t\t\t\t\t\t<a href=\"https:\/\/aplimedia.com\/tutoriales\/wp-content\/uploads\/2019\/01\/datosdepago2.png\" data-elementor-open-lightbox=\"yes\" data-elementor-lightbox-title=\"datosdepago2\" data-e-action-hash=\"#elementor-action%3Aaction%3Dlightbox%26settings%3DeyJpZCI6MTQ1MCwidXJsIjoiaHR0cHM6XC9cL2FwbGltZWRpYS5jb21cL3R1dG9yaWFsZXNcL3dwLWNvbnRlbnRcL3VwbG9hZHNcLzIwMTlcLzAxXC9kYXRvc2RlcGFnbzIucG5nIn0%3D\">\n\t\t\t\t\t\t\t<img decoding=\"async\" width=\"798\" height=\"316\" src=\"https:\/\/aplimedia.com\/tutoriales\/wp-content\/uploads\/2019\/01\/datosdepago2.png\" class=\"attachment-large size-large wp-image-1450\" alt=\"\" srcset=\"https:\/\/aplimedia.com\/tutoriales\/wp-content\/uploads\/2019\/01\/datosdepago2.png 798w, https:\/\/aplimedia.com\/tutoriales\/wp-content\/uploads\/2019\/01\/datosdepago2-300x119.png 300w, https:\/\/aplimedia.com\/tutoriales\/wp-content\/uploads\/2019\/01\/datosdepago2-768x304.png 768w\" sizes=\"(max-width: 798px) 100vw, 798px\" \/>\t\t\t\t\t\t\t\t<\/a>\n\t\t\t\t\t\t\t\t\t\t\t\t\t\t\t<\/div>\n\t\t\t\t<\/div>\n\t\t\t\t\t<\/div>\n\t\t<\/div>\n\t\t\t\t\t<\/div>\n\t\t<\/section>\n\t\t\t\t<div class=\"elementor-element elementor-element-5b2c637 elementor-widget elementor-widget-text-editor\" data-id=\"5b2c637\" data-element_type=\"widget\" data-e-type=\"widget\" data-widget_type=\"text-editor.default\">\n\t\t\t\t<div class=\"elementor-widget-container\">\n\t\t\t\t\t\t\t\t\t<p><span style=\"text-decoration: underline;\"><strong>Nuestro banco<\/strong><\/span><\/p>\n<p>De cu\u00e1l de tus bancos, de los que has dado de alta en el programa, se retirar\u00e1 el dinero para realizar el pago. Si no has introducido tus cuentas bancarias, hazlo siguiendo este tutorial: <a href=\"https:\/\/aplimedia.com\/tutoriales\/primeros-pasos\/anadir-cuentas-bancarias\/\">C\u00f3mo a\u00f1adir tus cuentas bancarias<\/a>.<\/p>\t\t\t\t\t\t\t\t<\/div>\n\t\t\t\t<\/div>\n\t\t\t\t<div class=\"elementor-element elementor-element-31076e4 elementor-widget elementor-widget-text-editor\" data-id=\"31076e4\" data-element_type=\"widget\" data-e-type=\"widget\" data-widget_type=\"text-editor.default\">\n\t\t\t\t<div class=\"elementor-widget-container\">\n\t\t\t\t\t\t\t\t\t<p><span style=\"text-decoration: underline;\"><strong>% Retenci\u00f3n<\/strong><\/span><\/p><p>Si se le aplica alg\u00fan tipo de retenci\u00f3n a las compras realizadas a ese proveedor, puedes indicar aqu\u00ed el porcentaje.<\/p>\t\t\t\t\t\t\t\t<\/div>\n\t\t\t\t<\/div>\n\t\t\t\t<div class=\"elementor-element elementor-element-dea45ab elementor-widget elementor-widget-text-editor\" data-id=\"dea45ab\" data-element_type=\"widget\" data-e-type=\"widget\" data-widget_type=\"text-editor.default\">\n\t\t\t\t<div class=\"elementor-widget-container\">\n\t\t\t\t\t\t\t\t\t<p><strong><span style=\"text-decoration: underline;\">Tipo de Retenci\u00f3n<\/span><\/strong><\/p><p>Si tu proveedor aplica una retenci\u00f3n a las facturas que te emite, en este desplegable deber\u00e1s indicar qu\u00e9 tipo de retenci\u00f3n es.<\/p>\t\t\t\t\t\t\t\t<\/div>\n\t\t\t\t<\/div>\n\t\t\t\t<div class=\"elementor-element elementor-element-0d1fc0c elementor-widget elementor-widget-text-editor\" data-id=\"0d1fc0c\" data-element_type=\"widget\" data-e-type=\"widget\" data-widget_type=\"text-editor.default\">\n\t\t\t\t<div class=\"elementor-widget-container\">\n\t\t\t\t\t\t\t\t\t<p><span style=\"text-decoration: underline;\"><strong>Cuenta contable de gastos<\/strong><\/span><\/p><p>Cu\u00e1l es la cuenta contable de gastos a la que ir\u00e1n las compras a este proveedor. Selecciona de entre las opciones haciendo click en el icono de la hoja.\u00a0<\/p><p>De nuevo, tambi\u00e9n tienes la posibilidad de a\u00f1adir cuentas contables que no est\u00e9n por defecto en el programa. Para ello, desde la pantalla principal, ve a <strong>Herramientas&gt;Tablas Auxiliares<\/strong> y a\u00f1\u00e1delo en la pesta\u00f1a <strong>Tipos de compra<\/strong>.<\/p>\t\t\t\t\t\t\t\t<\/div>\n\t\t\t\t<\/div>\n\t\t\t\t<div class=\"elementor-element elementor-element-7f003b5 elementor-widget elementor-widget-text-editor\" data-id=\"7f003b5\" data-element_type=\"widget\" data-e-type=\"widget\" data-widget_type=\"text-editor.default\">\n\t\t\t\t<div class=\"elementor-widget-container\">\n\t\t\t\t\t\t\t\t\t<p><b><u>IVA aplicado<\/u><\/b><\/p><p>Cu\u00e1l es el IVA por defecto que te aplica este proveedor.<\/p><p>Si no ves el tipo de IVA que necesitas en el desplegable, puedes a\u00f1adirlo t\u00fa. Para ello, desde la pantalla principal, ve a <strong>Herramientas&gt;Tablas Auxiliares<\/strong> y a\u00f1\u00e1delo en la pesta\u00f1a<strong> Tipos de IVA<\/strong>.<\/p>\t\t\t\t\t\t\t\t<\/div>\n\t\t\t\t<\/div>\n\t\t\t\t<div class=\"elementor-element elementor-element-599f0ba elementor-widget elementor-widget-text-editor\" data-id=\"599f0ba\" data-element_type=\"widget\" data-e-type=\"widget\" data-widget_type=\"text-editor.default\">\n\t\t\t\t<div class=\"elementor-widget-container\">\n\t\t\t\t\t\t\t\t\t<p><span style=\"text-decoration: underline;\"><strong>D\u00edas de pago<\/strong><\/span><\/p><p>Aqu\u00ed puedes a\u00f1adir cu\u00e1les son los d\u00edas del mes en los que pagas a tu proveedor.<\/p>\t\t\t\t\t\t\t\t<\/div>\n\t\t\t\t<\/div>\n\t\t\t\t<div class=\"elementor-element elementor-element-252f270 elementor-widget elementor-widget-text-editor\" data-id=\"252f270\" data-element_type=\"widget\" data-e-type=\"widget\" data-widget_type=\"text-editor.default\">\n\t\t\t\t<div class=\"elementor-widget-container\">\n\t\t\t\t\t\t\t\t\t<p><span style=\"text-decoration: underline;\"><strong>Mes no pago<\/strong><\/span><\/p><p>Si hay alg\u00fan mes del a\u00f1o en el que tu no realizas pagos a ese proveedor, puedes introducirlo aqu\u00ed.<\/p>\t\t\t\t\t\t\t\t<\/div>\n\t\t\t\t<\/div>\n\t\t\t\t<div class=\"elementor-element elementor-element-86c4e14 elementor-widget elementor-widget-text-editor\" data-id=\"86c4e14\" data-element_type=\"widget\" data-e-type=\"widget\" data-widget_type=\"text-editor.default\">\n\t\t\t\t<div class=\"elementor-widget-container\">\n\t\t\t\t\t\t\t\t\t<p><span style=\"text-decoration: underline;\"><strong>Cr\u00e9dito asignado<\/strong><\/span><\/p><p>Si tienes asignado un cr\u00e9dito para este proveedor, introduce en este campo la cantidad.<\/p>\t\t\t\t\t\t\t\t<\/div>\n\t\t\t\t<\/div>\n\t\t\t\t<div class=\"elementor-element elementor-element-30b39e9c elementor-widget elementor-widget-spacer\" data-id=\"30b39e9c\" data-element_type=\"widget\" data-e-type=\"widget\" data-widget_type=\"spacer.default\">\n\t\t\t\t<div class=\"elementor-widget-container\">\n\t\t\t\t\t\t\t<div class=\"elementor-spacer\">\n\t\t\t<div class=\"elementor-spacer-inner\"><\/div>\n\t\t<\/div>\n\t\t\t\t\t\t<\/div>\n\t\t\t\t<\/div>\n\t\t\t\t\t<\/div>\n\t\t<\/div>\n\t\t\t\t\t<\/div>\n\t\t<\/section>\n\t\t\t\t<\/div>\n\t\t","protected":false},"excerpt":{"rendered":"<p>Una vez ya hayas dado de alta a tu proveedor en el programa, se te habilitar\u00e1 la pesta\u00f1a \u00abDatos de pago\u00bb. Solo necesitas rellenar los datos que ves en pantalla. Vamos a repasarlos brevemente. Forma de pago En este campo puedes seleccionar del desplegable la opci\u00f3n de pago que quieres usar con este proveedor. Recuerda [&hellip;]<\/p>\n","protected":false},"author":1,"featured_media":0,"parent":1541,"menu_order":0,"comment_status":"closed","ping_status":"closed","template":"","meta":{"footnotes":""},"class_list":["post-1573","page","type-page","status-publish","hentry"],"yoast_head":"<!-- This site is optimized with the Yoast SEO plugin v27.5 - https:\/\/yoast.com\/product\/yoast-seo-wordpress\/ -->\n<title>Pesta\u00f1a &quot;Datos de pago&quot; | Tutoriales de Secre<\/title>\n<meta name=\"robots\" content=\"index, follow, max-snippet:-1, max-image-preview:large, max-video-preview:-1\" \/>\n<link rel=\"canonical\" href=\"https:\/\/aplimedia.com\/tutoriales\/proveedores\/datos-de-pago\/\" \/>\n<meta property=\"og:locale\" content=\"es_ES\" \/>\n<meta property=\"og:type\" content=\"article\" \/>\n<meta property=\"og:title\" content=\"Pesta\u00f1a &quot;Datos de pago&quot; | Tutoriales de Secre\" \/>\n<meta property=\"og:description\" content=\"Una vez ya hayas dado de alta a tu proveedor en el programa, se te habilitar\u00e1 la pesta\u00f1a \u00abDatos de pago\u00bb. Solo necesitas rellenar los datos que ves en pantalla. Vamos a repasarlos brevemente. Forma de pago En este campo puedes seleccionar del desplegable la opci\u00f3n de pago que quieres usar con este proveedor. Recuerda [&hellip;]\" \/>\n<meta property=\"og:url\" content=\"https:\/\/aplimedia.com\/tutoriales\/proveedores\/datos-de-pago\/\" \/>\n<meta property=\"og:site_name\" content=\"Tutoriales de Secre\" \/>\n<meta property=\"article:modified_time\" content=\"2025-03-11T15:46:34+00:00\" \/>\n<meta property=\"og:image\" content=\"https:\/\/aplimedia.com\/tutoriales\/wp-content\/uploads\/2019\/02\/datosdepagoproveedores1.png\" \/>\n\t<meta property=\"og:image:width\" content=\"1920\" \/>\n\t<meta property=\"og:image:height\" content=\"1026\" \/>\n\t<meta property=\"og:image:type\" content=\"image\/png\" \/>\n<meta name=\"twitter:card\" content=\"summary_large_image\" \/>\n<meta name=\"twitter:label1\" content=\"Tiempo de lectura\" \/>\n\t<meta name=\"twitter:data1\" content=\"3 minutos\" \/>\n<script type=\"application\/ld+json\" class=\"yoast-schema-graph\">{\"@context\":\"https:\\\/\\\/schema.org\",\"@graph\":[{\"@type\":\"WebPage\",\"@id\":\"https:\\\/\\\/aplimedia.com\\\/tutoriales\\\/proveedores\\\/datos-de-pago\\\/\",\"url\":\"https:\\\/\\\/aplimedia.com\\\/tutoriales\\\/proveedores\\\/datos-de-pago\\\/\",\"name\":\"Pesta\u00f1a \\\"Datos de pago\\\" | Tutoriales de Secre\",\"isPartOf\":{\"@id\":\"https:\\\/\\\/aplimedia.com\\\/tutoriales\\\/#website\"},\"primaryImageOfPage\":{\"@id\":\"https:\\\/\\\/aplimedia.com\\\/tutoriales\\\/proveedores\\\/datos-de-pago\\\/#primaryimage\"},\"image\":{\"@id\":\"https:\\\/\\\/aplimedia.com\\\/tutoriales\\\/proveedores\\\/datos-de-pago\\\/#primaryimage\"},\"thumbnailUrl\":\"https:\\\/\\\/aplimedia.com\\\/tutoriales\\\/wp-content\\\/uploads\\\/2019\\\/02\\\/datosdepagoproveedores1-1024x547.png\",\"datePublished\":\"2019-02-04T15:34:10+00:00\",\"dateModified\":\"2025-03-11T15:46:34+00:00\",\"breadcrumb\":{\"@id\":\"https:\\\/\\\/aplimedia.com\\\/tutoriales\\\/proveedores\\\/datos-de-pago\\\/#breadcrumb\"},\"inLanguage\":\"es\",\"potentialAction\":[{\"@type\":\"ReadAction\",\"target\":[\"https:\\\/\\\/aplimedia.com\\\/tutoriales\\\/proveedores\\\/datos-de-pago\\\/\"]}]},{\"@type\":\"ImageObject\",\"inLanguage\":\"es\",\"@id\":\"https:\\\/\\\/aplimedia.com\\\/tutoriales\\\/proveedores\\\/datos-de-pago\\\/#primaryimage\",\"url\":\"https:\\\/\\\/aplimedia.com\\\/tutoriales\\\/wp-content\\\/uploads\\\/2019\\\/02\\\/datosdepagoproveedores1.png\",\"contentUrl\":\"https:\\\/\\\/aplimedia.com\\\/tutoriales\\\/wp-content\\\/uploads\\\/2019\\\/02\\\/datosdepagoproveedores1.png\",\"width\":1920,\"height\":1026},{\"@type\":\"BreadcrumbList\",\"@id\":\"https:\\\/\\\/aplimedia.com\\\/tutoriales\\\/proveedores\\\/datos-de-pago\\\/#breadcrumb\",\"itemListElement\":[{\"@type\":\"ListItem\",\"position\":1,\"name\":\"Tutoriales\",\"item\":\"https:\\\/\\\/aplimedia.com\\\/tutoriales\\\/\"},{\"@type\":\"ListItem\",\"position\":2,\"name\":\"Proveedores\",\"item\":\"https:\\\/\\\/aplimedia.com\\\/tutoriales\\\/proveedores\\\/\"},{\"@type\":\"ListItem\",\"position\":3,\"name\":\"Pesta\u00f1a \u00abDatos de pago\u00bb\"}]},{\"@type\":\"WebSite\",\"@id\":\"https:\\\/\\\/aplimedia.com\\\/tutoriales\\\/#website\",\"url\":\"https:\\\/\\\/aplimedia.com\\\/tutoriales\\\/\",\"name\":\"Tutoriales de Secre\",\"description\":\"Tutoriales del software de gesti\u00f3n Secre\",\"publisher\":{\"@id\":\"https:\\\/\\\/aplimedia.com\\\/tutoriales\\\/#organization\"},\"potentialAction\":[{\"@type\":\"SearchAction\",\"target\":{\"@type\":\"EntryPoint\",\"urlTemplate\":\"https:\\\/\\\/aplimedia.com\\\/tutoriales\\\/?s={search_term_string}\"},\"query-input\":{\"@type\":\"PropertyValueSpecification\",\"valueRequired\":true,\"valueName\":\"search_term_string\"}}],\"inLanguage\":\"es\"},{\"@type\":\"Organization\",\"@id\":\"https:\\\/\\\/aplimedia.com\\\/tutoriales\\\/#organization\",\"name\":\"Tutoriales de Secre\",\"url\":\"https:\\\/\\\/aplimedia.com\\\/tutoriales\\\/\",\"logo\":{\"@type\":\"ImageObject\",\"inLanguage\":\"es\",\"@id\":\"https:\\\/\\\/aplimedia.com\\\/tutoriales\\\/#\\\/schema\\\/logo\\\/image\\\/\",\"url\":\"https:\\\/\\\/aplimedia.com\\\/tutoriales\\\/wp-content\\\/uploads\\\/2022\\\/03\\\/cropped-logotipo-aplimedia.png\",\"contentUrl\":\"https:\\\/\\\/aplimedia.com\\\/tutoriales\\\/wp-content\\\/uploads\\\/2022\\\/03\\\/cropped-logotipo-aplimedia.png\",\"width\":2000,\"height\":658,\"caption\":\"Tutoriales de Secre\"},\"image\":{\"@id\":\"https:\\\/\\\/aplimedia.com\\\/tutoriales\\\/#\\\/schema\\\/logo\\\/image\\\/\"}}]}<\/script>\n<!-- \/ Yoast SEO plugin. -->","yoast_head_json":{"title":"Pesta\u00f1a \"Datos de pago\" | Tutoriales de Secre","robots":{"index":"index","follow":"follow","max-snippet":"max-snippet:-1","max-image-preview":"max-image-preview:large","max-video-preview":"max-video-preview:-1"},"canonical":"https:\/\/aplimedia.com\/tutoriales\/proveedores\/datos-de-pago\/","og_locale":"es_ES","og_type":"article","og_title":"Pesta\u00f1a \"Datos de pago\" | Tutoriales de Secre","og_description":"Una vez ya hayas dado de alta a tu proveedor en el programa, se te habilitar\u00e1 la pesta\u00f1a \u00abDatos de pago\u00bb. Solo necesitas rellenar los datos que ves en pantalla. Vamos a repasarlos brevemente. Forma de pago En este campo puedes seleccionar del desplegable la opci\u00f3n de pago que quieres usar con este proveedor. Recuerda [&hellip;]","og_url":"https:\/\/aplimedia.com\/tutoriales\/proveedores\/datos-de-pago\/","og_site_name":"Tutoriales de Secre","article_modified_time":"2025-03-11T15:46:34+00:00","og_image":[{"width":1920,"height":1026,"url":"https:\/\/aplimedia.com\/tutoriales\/wp-content\/uploads\/2019\/02\/datosdepagoproveedores1.png","type":"image\/png"}],"twitter_card":"summary_large_image","twitter_misc":{"Tiempo de lectura":"3 minutos"},"schema":{"@context":"https:\/\/schema.org","@graph":[{"@type":"WebPage","@id":"https:\/\/aplimedia.com\/tutoriales\/proveedores\/datos-de-pago\/","url":"https:\/\/aplimedia.com\/tutoriales\/proveedores\/datos-de-pago\/","name":"Pesta\u00f1a \"Datos de pago\" | Tutoriales de Secre","isPartOf":{"@id":"https:\/\/aplimedia.com\/tutoriales\/#website"},"primaryImageOfPage":{"@id":"https:\/\/aplimedia.com\/tutoriales\/proveedores\/datos-de-pago\/#primaryimage"},"image":{"@id":"https:\/\/aplimedia.com\/tutoriales\/proveedores\/datos-de-pago\/#primaryimage"},"thumbnailUrl":"https:\/\/aplimedia.com\/tutoriales\/wp-content\/uploads\/2019\/02\/datosdepagoproveedores1-1024x547.png","datePublished":"2019-02-04T15:34:10+00:00","dateModified":"2025-03-11T15:46:34+00:00","breadcrumb":{"@id":"https:\/\/aplimedia.com\/tutoriales\/proveedores\/datos-de-pago\/#breadcrumb"},"inLanguage":"es","potentialAction":[{"@type":"ReadAction","target":["https:\/\/aplimedia.com\/tutoriales\/proveedores\/datos-de-pago\/"]}]},{"@type":"ImageObject","inLanguage":"es","@id":"https:\/\/aplimedia.com\/tutoriales\/proveedores\/datos-de-pago\/#primaryimage","url":"https:\/\/aplimedia.com\/tutoriales\/wp-content\/uploads\/2019\/02\/datosdepagoproveedores1.png","contentUrl":"https:\/\/aplimedia.com\/tutoriales\/wp-content\/uploads\/2019\/02\/datosdepagoproveedores1.png","width":1920,"height":1026},{"@type":"BreadcrumbList","@id":"https:\/\/aplimedia.com\/tutoriales\/proveedores\/datos-de-pago\/#breadcrumb","itemListElement":[{"@type":"ListItem","position":1,"name":"Tutoriales","item":"https:\/\/aplimedia.com\/tutoriales\/"},{"@type":"ListItem","position":2,"name":"Proveedores","item":"https:\/\/aplimedia.com\/tutoriales\/proveedores\/"},{"@type":"ListItem","position":3,"name":"Pesta\u00f1a \u00abDatos de pago\u00bb"}]},{"@type":"WebSite","@id":"https:\/\/aplimedia.com\/tutoriales\/#website","url":"https:\/\/aplimedia.com\/tutoriales\/","name":"Tutoriales de Secre","description":"Tutoriales del software de gesti\u00f3n Secre","publisher":{"@id":"https:\/\/aplimedia.com\/tutoriales\/#organization"},"potentialAction":[{"@type":"SearchAction","target":{"@type":"EntryPoint","urlTemplate":"https:\/\/aplimedia.com\/tutoriales\/?s={search_term_string}"},"query-input":{"@type":"PropertyValueSpecification","valueRequired":true,"valueName":"search_term_string"}}],"inLanguage":"es"},{"@type":"Organization","@id":"https:\/\/aplimedia.com\/tutoriales\/#organization","name":"Tutoriales de Secre","url":"https:\/\/aplimedia.com\/tutoriales\/","logo":{"@type":"ImageObject","inLanguage":"es","@id":"https:\/\/aplimedia.com\/tutoriales\/#\/schema\/logo\/image\/","url":"https:\/\/aplimedia.com\/tutoriales\/wp-content\/uploads\/2022\/03\/cropped-logotipo-aplimedia.png","contentUrl":"https:\/\/aplimedia.com\/tutoriales\/wp-content\/uploads\/2022\/03\/cropped-logotipo-aplimedia.png","width":2000,"height":658,"caption":"Tutoriales de Secre"},"image":{"@id":"https:\/\/aplimedia.com\/tutoriales\/#\/schema\/logo\/image\/"}}]}},"_links":{"self":[{"href":"https:\/\/aplimedia.com\/tutoriales\/wp-json\/wp\/v2\/pages\/1573","targetHints":{"allow":["GET"]}}],"collection":[{"href":"https:\/\/aplimedia.com\/tutoriales\/wp-json\/wp\/v2\/pages"}],"about":[{"href":"https:\/\/aplimedia.com\/tutoriales\/wp-json\/wp\/v2\/types\/page"}],"author":[{"embeddable":true,"href":"https:\/\/aplimedia.com\/tutoriales\/wp-json\/wp\/v2\/users\/1"}],"replies":[{"embeddable":true,"href":"https:\/\/aplimedia.com\/tutoriales\/wp-json\/wp\/v2\/comments?post=1573"}],"version-history":[{"count":0,"href":"https:\/\/aplimedia.com\/tutoriales\/wp-json\/wp\/v2\/pages\/1573\/revisions"}],"up":[{"embeddable":true,"href":"https:\/\/aplimedia.com\/tutoriales\/wp-json\/wp\/v2\/pages\/1541"}],"wp:attachment":[{"href":"https:\/\/aplimedia.com\/tutoriales\/wp-json\/wp\/v2\/media?parent=1573"}],"curies":[{"name":"wp","href":"https:\/\/api.w.org\/{rel}","templated":true}]}}