{"id":1547,"date":"2019-02-01T11:23:59","date_gmt":"2019-02-01T11:23:59","guid":{"rendered":"https:\/\/aplimedia.com\/tutoriales\/?page_id=1547"},"modified":"2025-03-11T15:54:07","modified_gmt":"2025-03-11T15:54:07","slug":"datos-generales","status":"publish","type":"page","link":"https:\/\/aplimedia.com\/tutoriales\/proveedores\/datos-generales\/","title":{"rendered":"Pesta\u00f1a \u00abDatos generales\u00bb"},"content":{"rendered":"\t\t<div data-elementor-type=\"wp-post\" data-elementor-id=\"1547\" class=\"elementor elementor-1547\" data-elementor-post-type=\"page\">\n\t\t\t\t\t\t<section class=\"elementor-section elementor-top-section elementor-element elementor-element-4594cb3e elementor-section-stretched elementor-section-boxed elementor-section-height-default elementor-section-height-default\" data-id=\"4594cb3e\" data-element_type=\"section\" data-e-type=\"section\" data-settings=\"{&quot;stretch_section&quot;:&quot;section-stretched&quot;}\">\n\t\t\t\t\t\t<div class=\"elementor-container elementor-column-gap-default\">\n\t\t\t\t\t<div class=\"elementor-column elementor-col-100 elementor-top-column elementor-element elementor-element-53a1879d\" data-id=\"53a1879d\" data-element_type=\"column\" data-e-type=\"column\">\n\t\t\t<div class=\"elementor-widget-wrap elementor-element-populated\">\n\t\t\t\t\t\t<div class=\"elementor-element elementor-element-186f29e2 elementor-widget elementor-widget-text-editor\" data-id=\"186f29e2\" data-element_type=\"widget\" data-e-type=\"widget\" data-widget_type=\"text-editor.default\">\n\t\t\t\t<div class=\"elementor-widget-container\">\n\t\t\t\t\t\t\t\t\t<p>Realmente, para que puedas dar de alta un nuevo proveedor, solo es necesario que rellenes el campo \u00ab<strong>Nombre<\/strong>\u00ab.&nbsp;<\/p><p>Es el m\u00ednimo imprescindible que te requiere el programa para poder guardar un nuevo proveedor en tu base de datos.<\/p>\n<p>No obstante, vamos a repasar todos los campos de los que dispones en la pesta\u00f1a \u00ab<strong>Datos generales<\/strong>\u00bb de tu ficha de proveedor.<\/p>\t\t\t\t\t\t\t\t<\/div>\n\t\t\t\t<\/div>\n\t\t\t\t<section class=\"elementor-section elementor-inner-section elementor-element elementor-element-19d6945 elementor-section-boxed elementor-section-height-default elementor-section-height-default\" data-id=\"19d6945\" data-element_type=\"section\" data-e-type=\"section\">\n\t\t\t\t\t\t<div class=\"elementor-container elementor-column-gap-default\">\n\t\t\t\t\t<div class=\"elementor-column elementor-col-100 elementor-inner-column elementor-element elementor-element-42a4ab8\" data-id=\"42a4ab8\" data-element_type=\"column\" data-e-type=\"column\">\n\t\t\t<div class=\"elementor-widget-wrap elementor-element-populated\">\n\t\t\t\t\t\t<div class=\"elementor-element elementor-element-927a769 elementor-widget elementor-widget-image\" data-id=\"927a769\" data-element_type=\"widget\" data-e-type=\"widget\" data-widget_type=\"image.default\">\n\t\t\t\t<div class=\"elementor-widget-container\">\n\t\t\t\t\t\t\t\t\t\t\t\t\t\t\t\t<a href=\"https:\/\/aplimedia.com\/tutoriales\/wp-content\/uploads\/2025\/03\/Captura-de-pantalla-2025-03-11-165018.png\" data-elementor-open-lightbox=\"yes\" data-elementor-lightbox-title=\"Captura de pantalla 2025-03-11 165018\" data-e-action-hash=\"#elementor-action%3Aaction%3Dlightbox%26settings%3DeyJpZCI6ODg5MywidXJsIjoiaHR0cHM6XC9cL2FwbGltZWRpYS5jb21cL3R1dG9yaWFsZXNcL3dwLWNvbnRlbnRcL3VwbG9hZHNcLzIwMjVcLzAzXC9DYXB0dXJhLWRlLXBhbnRhbGxhLTIwMjUtMDMtMTEtMTY1MDE4LnBuZyJ9\">\n\t\t\t\t\t\t\t<img fetchpriority=\"high\" decoding=\"async\" width=\"1912\" height=\"901\" src=\"https:\/\/aplimedia.com\/tutoriales\/wp-content\/uploads\/2025\/03\/Captura-de-pantalla-2025-03-11-165018.png\" class=\"attachment-large size-large wp-image-8893\" alt=\"\" srcset=\"https:\/\/aplimedia.com\/tutoriales\/wp-content\/uploads\/2025\/03\/Captura-de-pantalla-2025-03-11-165018.png 1912w, https:\/\/aplimedia.com\/tutoriales\/wp-content\/uploads\/2025\/03\/Captura-de-pantalla-2025-03-11-165018-768x362.png 768w, https:\/\/aplimedia.com\/tutoriales\/wp-content\/uploads\/2025\/03\/Captura-de-pantalla-2025-03-11-165018-1536x724.png 1536w\" sizes=\"(max-width: 1912px) 100vw, 1912px\" \/>\t\t\t\t\t\t\t\t<\/a>\n\t\t\t\t\t\t\t\t\t\t\t\t\t\t\t<\/div>\n\t\t\t\t<\/div>\n\t\t\t\t\t<\/div>\n\t\t<\/div>\n\t\t\t\t\t<\/div>\n\t\t<\/section>\n\t\t\t\t<div class=\"elementor-element elementor-element-50322ae elementor-widget elementor-widget-text-editor\" data-id=\"50322ae\" data-element_type=\"widget\" data-e-type=\"widget\" data-widget_type=\"text-editor.default\">\n\t\t\t\t<div class=\"elementor-widget-container\">\n\t\t\t\t\t\t\t\t\t<p><span style=\"text-decoration: underline;\"><strong>C\u00f3digo<\/strong><\/span><\/p>\n<p>El campo c\u00f3digo es \u00fanico, no puede haber dos proveedores con el mismo c\u00f3digo. Sin embargo, s\u00ed puedes repetir el mismo c\u00f3digo en un proveedor y en un acreedor.<\/p>\n<p>Puedes introducir un c\u00f3digo manualmente, con la condici\u00f3n de que sea num\u00e9rico y de que no haya un proveedor con ese c\u00f3digo.&nbsp;<\/p>\n<p>Si no introduces un c\u00f3digo, el programa le asignar\u00e1 <strong>autom\u00e1ticamente<\/strong> uno cuando guardes la ficha. El c\u00f3digo que le asigna es el \u00faltimo que encuentra libre.<\/p>\n<p>Si enlazas Secre con tu contabilidad, es importante que tengas en cuenta que Secre se basa en el c\u00f3digo para crear la cuenta contable. Por ejemplo, si mi proveedor tiene el c\u00f3digo 100, su cuenta contable ser\u00e1 la 400000100 (el n\u00famero de d\u00edgitos de la cuenta contable puede variar).<\/p>\t\t\t\t\t\t\t\t<\/div>\n\t\t\t\t<\/div>\n\t\t\t\t<div class=\"elementor-element elementor-element-c26957b elementor-widget elementor-widget-text-editor\" data-id=\"c26957b\" data-element_type=\"widget\" data-e-type=\"widget\" data-widget_type=\"text-editor.default\">\n\t\t\t\t<div class=\"elementor-widget-container\">\n\t\t\t\t\t\t\t\t\t<p><span style=\"text-decoration: underline;\"><strong>Nombre<\/strong><\/span><\/p><p>En este campo debes introducir el<b> nombre fiscal <\/b>de tu proveedor.\u00a0<\/p>\t\t\t\t\t\t\t\t<\/div>\n\t\t\t\t<\/div>\n\t\t\t\t<div class=\"elementor-element elementor-element-d87657a elementor-widget elementor-widget-text-editor\" data-id=\"d87657a\" data-element_type=\"widget\" data-e-type=\"widget\" data-widget_type=\"text-editor.default\">\n\t\t\t\t<div class=\"elementor-widget-container\">\n\t\t\t\t\t\t\t\t\t<p><span style=\"text-decoration: underline;\"><strong>Proveedor\/Acreedor<\/strong><\/span><\/p><p>Selecciona si se trata de un <strong>proveedor<\/strong> o de un <strong>acreedor<\/strong>.\u00a0<\/p><p>A rasgos generales, un proveedor es aquel que nos vende bienes o servicios relacionados con nuestra actividad (por ejemplo, si tu negocio es una imprenta, un proveedor ser\u00eda aquel que te vende cartuchos), mientras que a un acreedor le compramos bienes o servicios que no est\u00e1n directamente relacionados con nuestra actividad (servicios de luz, electricidad, agua&#8230;).<\/p><p>Secre usar\u00e1 esta informaci\u00f3n para asignar una cuenta contable 400 (proveedores) o 410 (acreedores).<\/p>\t\t\t\t\t\t\t\t<\/div>\n\t\t\t\t<\/div>\n\t\t\t\t<div class=\"elementor-element elementor-element-5b2c637 elementor-widget elementor-widget-text-editor\" data-id=\"5b2c637\" data-element_type=\"widget\" data-e-type=\"widget\" data-widget_type=\"text-editor.default\">\n\t\t\t\t<div class=\"elementor-widget-container\">\n\t\t\t\t\t\t\t\t\t<p><span style=\"text-decoration: underline;\"><strong>Nombre comercial<\/strong><\/span><\/p><p>Si el<b> nombre comercial <\/b>de tu proveedor es distinto a su nombre fiscal, puedes introducirlo aqu\u00ed. Si no, puedes dejarlo en blanco.<\/p>\t\t\t\t\t\t\t\t<\/div>\n\t\t\t\t<\/div>\n\t\t\t\t<div class=\"elementor-element elementor-element-4b22c65 elementor-widget elementor-widget-text-editor\" data-id=\"4b22c65\" data-element_type=\"widget\" data-e-type=\"widget\" data-widget_type=\"text-editor.default\">\n\t\t\t\t<div class=\"elementor-widget-container\">\n\t\t\t\t\t\t\t\t\t<p><span style=\"text-decoration: underline;\"><strong>Contacto<\/strong><\/span><\/p><p>Aqu\u00ed introduces el nombre de tu <strong>contacto principal<\/strong> con la empresa. Puedes <strong>introducir m\u00faltiples contactos<\/strong> haciendo click en el \u00ab+\u00bb a la derecha del campo \u00abContacto\u00bb, con el tel\u00e9fono e e-mail que le corresponda a cada uno de ellos y un campo de observaciones si quieres indicar, por ejemplo, cual es su rol en la empresa.\u00a0<\/p>\t\t\t\t\t\t\t\t<\/div>\n\t\t\t\t<\/div>\n\t\t\t\t<section class=\"elementor-section elementor-inner-section elementor-element elementor-element-d84c67e elementor-section-boxed elementor-section-height-default elementor-section-height-default\" data-id=\"d84c67e\" data-element_type=\"section\" data-e-type=\"section\">\n\t\t\t\t\t\t<div class=\"elementor-container elementor-column-gap-default\">\n\t\t\t\t\t<div class=\"elementor-column elementor-col-25 elementor-inner-column elementor-element elementor-element-5aff063\" data-id=\"5aff063\" data-element_type=\"column\" data-e-type=\"column\">\n\t\t\t<div class=\"elementor-widget-wrap\">\n\t\t\t\t\t\t\t<\/div>\n\t\t<\/div>\n\t\t\t\t<div class=\"elementor-column elementor-col-50 elementor-inner-column elementor-element elementor-element-c4d4a01\" data-id=\"c4d4a01\" data-element_type=\"column\" data-e-type=\"column\">\n\t\t\t<div class=\"elementor-widget-wrap elementor-element-populated\">\n\t\t\t\t\t\t<div class=\"elementor-element elementor-element-be5eea7 elementor-widget elementor-widget-image\" data-id=\"be5eea7\" data-element_type=\"widget\" data-e-type=\"widget\" data-widget_type=\"image.default\">\n\t\t\t\t<div class=\"elementor-widget-container\">\n\t\t\t\t\t\t\t\t\t\t\t\t\t\t\t\t<a href=\"https:\/\/aplimedia.com\/tutoriales\/wp-content\/uploads\/2019\/02\/pestanadatosgenerales3.png\" data-elementor-open-lightbox=\"yes\" data-elementor-lightbox-title=\"pestanadatosgenerales3\" data-e-action-hash=\"#elementor-action%3Aaction%3Dlightbox%26settings%3DeyJpZCI6MTU1MSwidXJsIjoiaHR0cHM6XC9cL2FwbGltZWRpYS5jb21cL3R1dG9yaWFsZXNcL3dwLWNvbnRlbnRcL3VwbG9hZHNcLzIwMTlcLzAyXC9wZXN0YW5hZGF0b3NnZW5lcmFsZXMzLnBuZyJ9\">\n\t\t\t\t\t\t\t<img decoding=\"async\" width=\"683\" height=\"359\" src=\"https:\/\/aplimedia.com\/tutoriales\/wp-content\/uploads\/2019\/02\/pestanadatosgenerales3.png\" class=\"attachment-large size-large wp-image-1551\" alt=\"\" srcset=\"https:\/\/aplimedia.com\/tutoriales\/wp-content\/uploads\/2019\/02\/pestanadatosgenerales3.png 683w, https:\/\/aplimedia.com\/tutoriales\/wp-content\/uploads\/2019\/02\/pestanadatosgenerales3-300x158.png 300w\" sizes=\"(max-width: 683px) 100vw, 683px\" \/>\t\t\t\t\t\t\t\t<\/a>\n\t\t\t\t\t\t\t\t\t\t\t\t\t\t\t<\/div>\n\t\t\t\t<\/div>\n\t\t\t\t\t<\/div>\n\t\t<\/div>\n\t\t\t\t<div class=\"elementor-column elementor-col-25 elementor-inner-column elementor-element elementor-element-7112192\" data-id=\"7112192\" data-element_type=\"column\" data-e-type=\"column\">\n\t\t\t<div class=\"elementor-widget-wrap\">\n\t\t\t\t\t\t\t<\/div>\n\t\t<\/div>\n\t\t\t\t\t<\/div>\n\t\t<\/section>\n\t\t\t\t<div class=\"elementor-element elementor-element-f32e2b2 elementor-widget elementor-widget-text-editor\" data-id=\"f32e2b2\" data-element_type=\"widget\" data-e-type=\"widget\" data-widget_type=\"text-editor.default\">\n\t\t\t\t<div class=\"elementor-widget-container\">\n\t\t\t\t\t\t\t\t\t<p><b><u>CIF<\/u><\/b><\/p><p>Aqu\u00ed introducir\u00e1s el <b>c\u00f3digo de identificaci\u00f3n fiscal <\/b>de tu proveedor. Si el CIF que introduces no es correcto o v\u00e1lido, o si no es capaz de comprobarlo, el programa te avisar\u00e1 cuando guardes los cambios. Si te sale este aviso deber\u00edas revisar que la informaci\u00f3n sea correcta. No obstante, aunque te aparezca el aviso, el programa registrar\u00e1 los cambios.<\/p>\t\t\t\t\t\t\t\t<\/div>\n\t\t\t\t<\/div>\n\t\t\t\t<div class=\"elementor-element elementor-element-fb0b1a7 elementor-widget elementor-widget-text-editor\" data-id=\"fb0b1a7\" data-element_type=\"widget\" data-e-type=\"widget\" data-widget_type=\"text-editor.default\">\n\t\t\t\t<div class=\"elementor-widget-container\">\n\t\t\t\t\t\t\t\t\t<p><b><u>Direcci\u00f3n<\/u><\/b><\/p><p>En el campo direcci\u00f3n introduce la<b> direcci\u00f3n fiscal <\/b>de tus proveedores. Los datos de su ubicaci\u00f3n como el c\u00f3digo postal, la provincia o pa\u00eds o la poblaci\u00f3n, los tienes que introducir en los campos de abajo.<\/p>\t\t\t\t\t\t\t\t<\/div>\n\t\t\t\t<\/div>\n\t\t\t\t<div class=\"elementor-element elementor-element-599f0ba elementor-widget elementor-widget-text-editor\" data-id=\"599f0ba\" data-element_type=\"widget\" data-e-type=\"widget\" data-widget_type=\"text-editor.default\">\n\t\t\t\t<div class=\"elementor-widget-container\">\n\t\t\t\t\t\t\t\t\t<p><b><u>Tel\u00e9fono\/Fax<\/u><\/b><\/p><p>En los campos \u00abTfno. 1\u00bb y \u00abTfno. m\u00f3vil\u00bb y \u00abfax\u00bb introduce los tel\u00e9fonos de los que dispongas.\u00a0<\/p><p>Recuerda que si quieres a\u00f1adir el tel\u00e9fono concreto de cada uno de los contactos de la empresa puedes hacerlo haciendo click en el \u00ab+\u00bb a la derecha del campo \u00abContacto\u00bb.<\/p>\t\t\t\t\t\t\t\t<\/div>\n\t\t\t\t<\/div>\n\t\t\t\t<div class=\"elementor-element elementor-element-252f270 elementor-widget elementor-widget-text-editor\" data-id=\"252f270\" data-element_type=\"widget\" data-e-type=\"widget\" data-widget_type=\"text-editor.default\">\n\t\t\t\t<div class=\"elementor-widget-container\">\n\t\t\t\t\t\t\t\t\t<p><b><u>E-mail<\/u><\/b><\/p><p>Aqu\u00ed introduce el <strong>correo electr\u00f3nico<\/strong> de contacto principal de esa empresa.\u00a0<\/p><p>Si introduces aqu\u00ed un e-mail podr\u00e1s enviarle directamente correos electr\u00f3nicos desde Secre haciendo click en el icono del sobre a la derecha. Eso s\u00ed, necesitar\u00e1s haber configurado previamente tu cuenta de correo electr\u00f3nico en Secre.<\/p>\t\t\t\t\t\t\t\t<\/div>\n\t\t\t\t<\/div>\n\t\t\t\t<div class=\"elementor-element elementor-element-bb22a83 elementor-widget elementor-widget-text-editor\" data-id=\"bb22a83\" data-element_type=\"widget\" data-e-type=\"widget\" data-widget_type=\"text-editor.default\">\n\t\t\t\t<div class=\"elementor-widget-container\">\n\t\t\t\t\t\t\t\t\t<p><span style=\"text-decoration: underline;\"><strong>Web<\/strong><\/span><\/p><p>Si conoces cu\u00e1l es la p\u00e1gina web de tu proveedor y es una informaci\u00f3n de utilidad para ti, puedes introducirla en este campo.<\/p>\t\t\t\t\t\t\t\t<\/div>\n\t\t\t\t<\/div>\n\t\t\t\t<div class=\"elementor-element elementor-element-e9b68ac elementor-widget elementor-widget-text-editor\" data-id=\"e9b68ac\" data-element_type=\"widget\" data-e-type=\"widget\" data-widget_type=\"text-editor.default\">\n\t\t\t\t<div class=\"elementor-widget-container\">\n\t\t\t\t\t\t\t\t\t<p><span style=\"text-decoration: underline;\"><strong>N\u00ba Cliente<\/strong><\/span><\/p><p>Si necesitas indicar qu\u00e9 n\u00famero de cliente tiene asignado tu proveedor para tu empresa, puedes indicarlo en este campo.<\/p>\t\t\t\t\t\t\t\t<\/div>\n\t\t\t\t<\/div>\n\t\t\t\t<div class=\"elementor-element elementor-element-c408db7 elementor-widget elementor-widget-text-editor\" data-id=\"c408db7\" data-element_type=\"widget\" data-e-type=\"widget\" data-widget_type=\"text-editor.default\">\n\t\t\t\t<div class=\"elementor-widget-container\">\n\t\t\t\t\t\t\t\t\t<p><span style=\"text-decoration: underline;\"><strong>Observaciones<\/strong><\/span><\/p><p>Puedes utilizar el campo observaciones para lo que creas conveniente. Se trata de observaciones internas que no aparecer\u00e1n nunca en ning\u00fan documento.<\/p><p>Por ejemplo, puedes utilizarlo para registrar detalles sobre la empresa, horarios, qui\u00e9n te ha puesto en contacto con \u00e9l&#8230;\u00a0<\/p><p>\u00dasalo para lo que a ti m\u00e1s \u00fatil te resulte.<\/p>\t\t\t\t\t\t\t\t<\/div>\n\t\t\t\t<\/div>\n\t\t\t\t<div class=\"elementor-element elementor-element-30b39e9c elementor-widget elementor-widget-spacer\" data-id=\"30b39e9c\" data-element_type=\"widget\" data-e-type=\"widget\" data-widget_type=\"spacer.default\">\n\t\t\t\t<div class=\"elementor-widget-container\">\n\t\t\t\t\t\t\t<div class=\"elementor-spacer\">\n\t\t\t<div class=\"elementor-spacer-inner\"><\/div>\n\t\t<\/div>\n\t\t\t\t\t\t<\/div>\n\t\t\t\t<\/div>\n\t\t\t\t\t<\/div>\n\t\t<\/div>\n\t\t\t\t\t<\/div>\n\t\t<\/section>\n\t\t\t\t<\/div>\n\t\t","protected":false},"excerpt":{"rendered":"<p>Realmente, para que puedas dar de alta un nuevo proveedor, solo es necesario que rellenes el campo \u00abNombre\u00ab.&nbsp; Es el m\u00ednimo imprescindible que te requiere el programa para poder guardar un nuevo proveedor en tu base de datos. No obstante, vamos a repasar todos los campos de los que dispones en la pesta\u00f1a \u00abDatos generales\u00bb [&hellip;]<\/p>\n","protected":false},"author":1,"featured_media":0,"parent":1541,"menu_order":0,"comment_status":"closed","ping_status":"closed","template":"","meta":{"footnotes":""},"class_list":["post-1547","page","type-page","status-publish","hentry"],"yoast_head":"<!-- This site is optimized with the Yoast SEO plugin v27.5 - https:\/\/yoast.com\/product\/yoast-seo-wordpress\/ -->\n<title>Pesta\u00f1a &quot;Datos generales&quot; | Tutoriales de Secre<\/title>\n<meta name=\"robots\" content=\"index, follow, max-snippet:-1, max-image-preview:large, max-video-preview:-1\" \/>\n<link rel=\"canonical\" href=\"https:\/\/aplimedia.com\/tutoriales\/proveedores\/datos-generales\/\" \/>\n<meta property=\"og:locale\" content=\"es_ES\" \/>\n<meta property=\"og:type\" content=\"article\" \/>\n<meta property=\"og:title\" content=\"Pesta\u00f1a &quot;Datos generales&quot; | Tutoriales de Secre\" \/>\n<meta property=\"og:description\" content=\"Realmente, para que puedas dar de alta un nuevo proveedor, solo es necesario que rellenes el campo \u00abNombre\u00ab.&nbsp; Es el m\u00ednimo imprescindible que te requiere el programa para poder guardar un nuevo proveedor en tu base de datos. No obstante, vamos a repasar todos los campos de los que dispones en la pesta\u00f1a \u00abDatos generales\u00bb [&hellip;]\" \/>\n<meta property=\"og:url\" content=\"https:\/\/aplimedia.com\/tutoriales\/proveedores\/datos-generales\/\" \/>\n<meta property=\"og:site_name\" content=\"Tutoriales de Secre\" \/>\n<meta property=\"article:modified_time\" content=\"2025-03-11T15:54:07+00:00\" \/>\n<meta property=\"og:image\" content=\"https:\/\/aplimedia.com\/tutoriales\/wp-content\/uploads\/2025\/03\/Captura-de-pantalla-2025-03-11-165018.png\" \/>\n\t<meta property=\"og:image:width\" content=\"1912\" \/>\n\t<meta property=\"og:image:height\" content=\"901\" \/>\n\t<meta property=\"og:image:type\" content=\"image\/png\" \/>\n<meta name=\"twitter:card\" content=\"summary_large_image\" \/>\n<meta name=\"twitter:label1\" content=\"Tiempo de lectura\" \/>\n\t<meta name=\"twitter:data1\" content=\"4 minutos\" \/>\n<script type=\"application\/ld+json\" class=\"yoast-schema-graph\">{\"@context\":\"https:\\\/\\\/schema.org\",\"@graph\":[{\"@type\":\"WebPage\",\"@id\":\"https:\\\/\\\/aplimedia.com\\\/tutoriales\\\/proveedores\\\/datos-generales\\\/\",\"url\":\"https:\\\/\\\/aplimedia.com\\\/tutoriales\\\/proveedores\\\/datos-generales\\\/\",\"name\":\"Pesta\u00f1a \\\"Datos generales\\\" | Tutoriales de Secre\",\"isPartOf\":{\"@id\":\"https:\\\/\\\/aplimedia.com\\\/tutoriales\\\/#website\"},\"primaryImageOfPage\":{\"@id\":\"https:\\\/\\\/aplimedia.com\\\/tutoriales\\\/proveedores\\\/datos-generales\\\/#primaryimage\"},\"image\":{\"@id\":\"https:\\\/\\\/aplimedia.com\\\/tutoriales\\\/proveedores\\\/datos-generales\\\/#primaryimage\"},\"thumbnailUrl\":\"https:\\\/\\\/aplimedia.com\\\/tutoriales\\\/wp-content\\\/uploads\\\/2025\\\/03\\\/Captura-de-pantalla-2025-03-11-165018.png\",\"datePublished\":\"2019-02-01T11:23:59+00:00\",\"dateModified\":\"2025-03-11T15:54:07+00:00\",\"breadcrumb\":{\"@id\":\"https:\\\/\\\/aplimedia.com\\\/tutoriales\\\/proveedores\\\/datos-generales\\\/#breadcrumb\"},\"inLanguage\":\"es\",\"potentialAction\":[{\"@type\":\"ReadAction\",\"target\":[\"https:\\\/\\\/aplimedia.com\\\/tutoriales\\\/proveedores\\\/datos-generales\\\/\"]}]},{\"@type\":\"ImageObject\",\"inLanguage\":\"es\",\"@id\":\"https:\\\/\\\/aplimedia.com\\\/tutoriales\\\/proveedores\\\/datos-generales\\\/#primaryimage\",\"url\":\"https:\\\/\\\/aplimedia.com\\\/tutoriales\\\/wp-content\\\/uploads\\\/2025\\\/03\\\/Captura-de-pantalla-2025-03-11-165018.png\",\"contentUrl\":\"https:\\\/\\\/aplimedia.com\\\/tutoriales\\\/wp-content\\\/uploads\\\/2025\\\/03\\\/Captura-de-pantalla-2025-03-11-165018.png\"},{\"@type\":\"BreadcrumbList\",\"@id\":\"https:\\\/\\\/aplimedia.com\\\/tutoriales\\\/proveedores\\\/datos-generales\\\/#breadcrumb\",\"itemListElement\":[{\"@type\":\"ListItem\",\"position\":1,\"name\":\"Tutoriales\",\"item\":\"https:\\\/\\\/aplimedia.com\\\/tutoriales\\\/\"},{\"@type\":\"ListItem\",\"position\":2,\"name\":\"Proveedores\",\"item\":\"https:\\\/\\\/aplimedia.com\\\/tutoriales\\\/proveedores\\\/\"},{\"@type\":\"ListItem\",\"position\":3,\"name\":\"Pesta\u00f1a \u00abDatos generales\u00bb\"}]},{\"@type\":\"WebSite\",\"@id\":\"https:\\\/\\\/aplimedia.com\\\/tutoriales\\\/#website\",\"url\":\"https:\\\/\\\/aplimedia.com\\\/tutoriales\\\/\",\"name\":\"Tutoriales de Secre\",\"description\":\"Tutoriales del software de gesti\u00f3n Secre\",\"publisher\":{\"@id\":\"https:\\\/\\\/aplimedia.com\\\/tutoriales\\\/#organization\"},\"potentialAction\":[{\"@type\":\"SearchAction\",\"target\":{\"@type\":\"EntryPoint\",\"urlTemplate\":\"https:\\\/\\\/aplimedia.com\\\/tutoriales\\\/?s={search_term_string}\"},\"query-input\":{\"@type\":\"PropertyValueSpecification\",\"valueRequired\":true,\"valueName\":\"search_term_string\"}}],\"inLanguage\":\"es\"},{\"@type\":\"Organization\",\"@id\":\"https:\\\/\\\/aplimedia.com\\\/tutoriales\\\/#organization\",\"name\":\"Tutoriales de Secre\",\"url\":\"https:\\\/\\\/aplimedia.com\\\/tutoriales\\\/\",\"logo\":{\"@type\":\"ImageObject\",\"inLanguage\":\"es\",\"@id\":\"https:\\\/\\\/aplimedia.com\\\/tutoriales\\\/#\\\/schema\\\/logo\\\/image\\\/\",\"url\":\"https:\\\/\\\/aplimedia.com\\\/tutoriales\\\/wp-content\\\/uploads\\\/2022\\\/03\\\/cropped-logotipo-aplimedia.png\",\"contentUrl\":\"https:\\\/\\\/aplimedia.com\\\/tutoriales\\\/wp-content\\\/uploads\\\/2022\\\/03\\\/cropped-logotipo-aplimedia.png\",\"width\":2000,\"height\":658,\"caption\":\"Tutoriales de Secre\"},\"image\":{\"@id\":\"https:\\\/\\\/aplimedia.com\\\/tutoriales\\\/#\\\/schema\\\/logo\\\/image\\\/\"}}]}<\/script>\n<!-- \/ Yoast SEO plugin. -->","yoast_head_json":{"title":"Pesta\u00f1a \"Datos generales\" | Tutoriales de Secre","robots":{"index":"index","follow":"follow","max-snippet":"max-snippet:-1","max-image-preview":"max-image-preview:large","max-video-preview":"max-video-preview:-1"},"canonical":"https:\/\/aplimedia.com\/tutoriales\/proveedores\/datos-generales\/","og_locale":"es_ES","og_type":"article","og_title":"Pesta\u00f1a \"Datos generales\" | Tutoriales de Secre","og_description":"Realmente, para que puedas dar de alta un nuevo proveedor, solo es necesario que rellenes el campo \u00abNombre\u00ab.&nbsp; Es el m\u00ednimo imprescindible que te requiere el programa para poder guardar un nuevo proveedor en tu base de datos. No obstante, vamos a repasar todos los campos de los que dispones en la pesta\u00f1a \u00abDatos generales\u00bb [&hellip;]","og_url":"https:\/\/aplimedia.com\/tutoriales\/proveedores\/datos-generales\/","og_site_name":"Tutoriales de Secre","article_modified_time":"2025-03-11T15:54:07+00:00","og_image":[{"width":1912,"height":901,"url":"https:\/\/aplimedia.com\/tutoriales\/wp-content\/uploads\/2025\/03\/Captura-de-pantalla-2025-03-11-165018.png","type":"image\/png"}],"twitter_card":"summary_large_image","twitter_misc":{"Tiempo de lectura":"4 minutos"},"schema":{"@context":"https:\/\/schema.org","@graph":[{"@type":"WebPage","@id":"https:\/\/aplimedia.com\/tutoriales\/proveedores\/datos-generales\/","url":"https:\/\/aplimedia.com\/tutoriales\/proveedores\/datos-generales\/","name":"Pesta\u00f1a \"Datos generales\" | Tutoriales de Secre","isPartOf":{"@id":"https:\/\/aplimedia.com\/tutoriales\/#website"},"primaryImageOfPage":{"@id":"https:\/\/aplimedia.com\/tutoriales\/proveedores\/datos-generales\/#primaryimage"},"image":{"@id":"https:\/\/aplimedia.com\/tutoriales\/proveedores\/datos-generales\/#primaryimage"},"thumbnailUrl":"https:\/\/aplimedia.com\/tutoriales\/wp-content\/uploads\/2025\/03\/Captura-de-pantalla-2025-03-11-165018.png","datePublished":"2019-02-01T11:23:59+00:00","dateModified":"2025-03-11T15:54:07+00:00","breadcrumb":{"@id":"https:\/\/aplimedia.com\/tutoriales\/proveedores\/datos-generales\/#breadcrumb"},"inLanguage":"es","potentialAction":[{"@type":"ReadAction","target":["https:\/\/aplimedia.com\/tutoriales\/proveedores\/datos-generales\/"]}]},{"@type":"ImageObject","inLanguage":"es","@id":"https:\/\/aplimedia.com\/tutoriales\/proveedores\/datos-generales\/#primaryimage","url":"https:\/\/aplimedia.com\/tutoriales\/wp-content\/uploads\/2025\/03\/Captura-de-pantalla-2025-03-11-165018.png","contentUrl":"https:\/\/aplimedia.com\/tutoriales\/wp-content\/uploads\/2025\/03\/Captura-de-pantalla-2025-03-11-165018.png"},{"@type":"BreadcrumbList","@id":"https:\/\/aplimedia.com\/tutoriales\/proveedores\/datos-generales\/#breadcrumb","itemListElement":[{"@type":"ListItem","position":1,"name":"Tutoriales","item":"https:\/\/aplimedia.com\/tutoriales\/"},{"@type":"ListItem","position":2,"name":"Proveedores","item":"https:\/\/aplimedia.com\/tutoriales\/proveedores\/"},{"@type":"ListItem","position":3,"name":"Pesta\u00f1a \u00abDatos generales\u00bb"}]},{"@type":"WebSite","@id":"https:\/\/aplimedia.com\/tutoriales\/#website","url":"https:\/\/aplimedia.com\/tutoriales\/","name":"Tutoriales de Secre","description":"Tutoriales del software de gesti\u00f3n Secre","publisher":{"@id":"https:\/\/aplimedia.com\/tutoriales\/#organization"},"potentialAction":[{"@type":"SearchAction","target":{"@type":"EntryPoint","urlTemplate":"https:\/\/aplimedia.com\/tutoriales\/?s={search_term_string}"},"query-input":{"@type":"PropertyValueSpecification","valueRequired":true,"valueName":"search_term_string"}}],"inLanguage":"es"},{"@type":"Organization","@id":"https:\/\/aplimedia.com\/tutoriales\/#organization","name":"Tutoriales de Secre","url":"https:\/\/aplimedia.com\/tutoriales\/","logo":{"@type":"ImageObject","inLanguage":"es","@id":"https:\/\/aplimedia.com\/tutoriales\/#\/schema\/logo\/image\/","url":"https:\/\/aplimedia.com\/tutoriales\/wp-content\/uploads\/2022\/03\/cropped-logotipo-aplimedia.png","contentUrl":"https:\/\/aplimedia.com\/tutoriales\/wp-content\/uploads\/2022\/03\/cropped-logotipo-aplimedia.png","width":2000,"height":658,"caption":"Tutoriales de Secre"},"image":{"@id":"https:\/\/aplimedia.com\/tutoriales\/#\/schema\/logo\/image\/"}}]}},"_links":{"self":[{"href":"https:\/\/aplimedia.com\/tutoriales\/wp-json\/wp\/v2\/pages\/1547","targetHints":{"allow":["GET"]}}],"collection":[{"href":"https:\/\/aplimedia.com\/tutoriales\/wp-json\/wp\/v2\/pages"}],"about":[{"href":"https:\/\/aplimedia.com\/tutoriales\/wp-json\/wp\/v2\/types\/page"}],"author":[{"embeddable":true,"href":"https:\/\/aplimedia.com\/tutoriales\/wp-json\/wp\/v2\/users\/1"}],"replies":[{"embeddable":true,"href":"https:\/\/aplimedia.com\/tutoriales\/wp-json\/wp\/v2\/comments?post=1547"}],"version-history":[{"count":0,"href":"https:\/\/aplimedia.com\/tutoriales\/wp-json\/wp\/v2\/pages\/1547\/revisions"}],"up":[{"embeddable":true,"href":"https:\/\/aplimedia.com\/tutoriales\/wp-json\/wp\/v2\/pages\/1541"}],"wp:attachment":[{"href":"https:\/\/aplimedia.com\/tutoriales\/wp-json\/wp\/v2\/media?parent=1547"}],"curies":[{"name":"wp","href":"https:\/\/api.w.org\/{rel}","templated":true}]}}