{"id":1493,"date":"2019-01-30T14:44:55","date_gmt":"2019-01-30T14:44:55","guid":{"rendered":"https:\/\/aplimedia.com\/tutoriales\/?page_id=1493"},"modified":"2025-03-13T16:16:20","modified_gmt":"2025-03-13T16:16:20","slug":"dar-de-alta-cliente-internacional","status":"publish","type":"page","link":"https:\/\/aplimedia.com\/tutoriales\/clientes\/dar-de-alta-cliente-internacional\/","title":{"rendered":"Dar de alta un cliente internacional"},"content":{"rendered":"\t\t<div data-elementor-type=\"wp-post\" data-elementor-id=\"1493\" class=\"elementor elementor-1493\" data-elementor-post-type=\"page\">\n\t\t\t\t\t\t<section class=\"elementor-section elementor-top-section elementor-element elementor-element-4594cb3e elementor-section-stretched elementor-section-boxed elementor-section-height-default elementor-section-height-default\" data-id=\"4594cb3e\" data-element_type=\"section\" data-e-type=\"section\" data-settings=\"{&quot;stretch_section&quot;:&quot;section-stretched&quot;}\">\n\t\t\t\t\t\t<div class=\"elementor-container elementor-column-gap-default\">\n\t\t\t\t\t<div class=\"elementor-column elementor-col-100 elementor-top-column elementor-element elementor-element-53a1879d\" data-id=\"53a1879d\" data-element_type=\"column\" data-e-type=\"column\">\n\t\t\t<div class=\"elementor-widget-wrap elementor-element-populated\">\n\t\t\t\t\t\t<div class=\"elementor-element elementor-element-186f29e2 elementor-widget elementor-widget-text-editor\" data-id=\"186f29e2\" data-element_type=\"widget\" data-e-type=\"widget\" data-widget_type=\"text-editor.default\">\n\t\t\t\t<div class=\"elementor-widget-container\">\n\t\t\t\t\t\t\t\t\t<p>Los pasos para <strong>dar de alta un cliente internacional<\/strong> en Secre son pr\u00e1cticamente los mismos que para dar de alta un cliente normal.&nbsp;<\/p><p>Sin embargo, hay algunos aspectos que deber\u00edamos tener en cuenta en estos casos.&nbsp;<\/p>\n<p>Si necesitas informaci\u00f3n m\u00e1s detallada sobre c\u00f3mo dar de alta un cliente&nbsp; desde cero, sigue este tutorial: <a href=\"https:\/\/aplimedia.com\/tutoriales\/primeros-pasos\/dar-de-alta-un-nuevo-cliente\/\">C\u00f3mo dar de alta un nuevo cliente<\/a><\/p>\t\t\t\t\t\t\t\t<\/div>\n\t\t\t\t<\/div>\n\t\t\t\t<div class=\"elementor-element elementor-element-270b4a97 elementor-widget elementor-widget-spacer\" data-id=\"270b4a97\" data-element_type=\"widget\" data-e-type=\"widget\" data-widget_type=\"spacer.default\">\n\t\t\t\t<div class=\"elementor-widget-container\">\n\t\t\t\t\t\t\t<div class=\"elementor-spacer\">\n\t\t\t<div class=\"elementor-spacer-inner\"><\/div>\n\t\t<\/div>\n\t\t\t\t\t\t<\/div>\n\t\t\t\t<\/div>\n\t\t\t\t<div class=\"elementor-element elementor-element-72cbfd79 elementor-widget elementor-widget-heading\" data-id=\"72cbfd79\" data-element_type=\"widget\" data-e-type=\"widget\" data-widget_type=\"heading.default\">\n\t\t\t\t<div class=\"elementor-widget-container\">\n\t\t\t\t\t<h2 class=\"elementor-heading-title elementor-size-default\">El CIF:<\/h2>\t\t\t\t<\/div>\n\t\t\t\t<\/div>\n\t\t\t\t<div class=\"elementor-element elementor-element-299d5ebc elementor-widget elementor-widget-text-editor\" data-id=\"299d5ebc\" data-element_type=\"widget\" data-e-type=\"widget\" data-widget_type=\"text-editor.default\">\n\t\t\t\t<div class=\"elementor-widget-container\">\n\t\t\t\t\t\t\t\t\t<p>El campo CIF var\u00eda ligeramente cuando nuestro cliente es internacional, ya que en estos casos se suele trabajar con el VAT.\u00a0<\/p><p>La diferencia entre el VAT y el CIF es que el primero incluye dos letras que identifican el pa\u00eds de donde procede nuestro cliente.\u00a0<\/p><p>As\u00ed, por ejemplo, si nuestro cliente procede de Francia, lo m\u00e1s probable es que su VAT sea algo como \u00ab<strong>FR<\/strong>12345678901&#8243;<\/p>\t\t\t\t\t\t\t\t<\/div>\n\t\t\t\t<\/div>\n\t\t\t\t<div class=\"elementor-element elementor-element-2419ca5 elementor-widget elementor-widget-image\" data-id=\"2419ca5\" data-element_type=\"widget\" data-e-type=\"widget\" data-widget_type=\"image.default\">\n\t\t\t\t<div class=\"elementor-widget-container\">\n\t\t\t\t\t\t\t\t\t\t\t\t\t\t\t\t<a href=\"https:\/\/aplimedia.com\/tutoriales\/wp-content\/uploads\/2019\/01\/dardealtaclientesinternacionales.png\" data-elementor-open-lightbox=\"yes\" data-elementor-lightbox-title=\"dardealtaclientesinternacionales\" data-e-action-hash=\"#elementor-action%3Aaction%3Dlightbox%26settings%3DeyJpZCI6MTQ5NSwidXJsIjoiaHR0cHM6XC9cL2FwbGltZWRpYS5jb21cL3R1dG9yaWFsZXNcL3dwLWNvbnRlbnRcL3VwbG9hZHNcLzIwMTlcLzAxXC9kYXJkZWFsdGFjbGllbnRlc2ludGVybmFjaW9uYWxlcy5wbmcifQ%3D%3D\">\n\t\t\t\t\t\t\t<img fetchpriority=\"high\" decoding=\"async\" width=\"1024\" height=\"548\" src=\"https:\/\/aplimedia.com\/tutoriales\/wp-content\/uploads\/2019\/01\/dardealtaclientesinternacionales-1024x548.png\" class=\"attachment-large size-large wp-image-1495\" alt=\"\" srcset=\"https:\/\/aplimedia.com\/tutoriales\/wp-content\/uploads\/2019\/01\/dardealtaclientesinternacionales-1024x548.png 1024w, https:\/\/aplimedia.com\/tutoriales\/wp-content\/uploads\/2019\/01\/dardealtaclientesinternacionales-300x160.png 300w, https:\/\/aplimedia.com\/tutoriales\/wp-content\/uploads\/2019\/01\/dardealtaclientesinternacionales-768x411.png 768w, https:\/\/aplimedia.com\/tutoriales\/wp-content\/uploads\/2019\/01\/dardealtaclientesinternacionales.png 1920w\" sizes=\"(max-width: 1024px) 100vw, 1024px\" \/>\t\t\t\t\t\t\t\t<\/a>\n\t\t\t\t\t\t\t\t\t\t\t\t\t\t\t<\/div>\n\t\t\t\t<\/div>\n\t\t\t\t<div class=\"elementor-element elementor-element-424fdaa7 elementor-widget elementor-widget-heading\" data-id=\"424fdaa7\" data-element_type=\"widget\" data-e-type=\"widget\" data-widget_type=\"heading.default\">\n\t\t\t\t<div class=\"elementor-widget-container\">\n\t\t\t\t\t<h2 class=\"elementor-heading-title elementor-size-default\">Pa\u00eds:<\/h2>\t\t\t\t<\/div>\n\t\t\t\t<\/div>\n\t\t\t\t<div class=\"elementor-element elementor-element-1cbd4da2 elementor-widget elementor-widget-text-editor\" data-id=\"1cbd4da2\" data-element_type=\"widget\" data-e-type=\"widget\" data-widget_type=\"text-editor.default\">\n\t\t\t\t<div class=\"elementor-widget-container\">\n\t\t\t\t\t\t\t\t\t<p>En el campo \u00ab<strong>Provincia\/Pa\u00eds<\/strong>\u00bb lo ideal es que introduzcas las provincia cuando tu cliente es espa\u00f1ol y el pa\u00eds cuando es internacional.\u00a0<\/p><p>Adem\u00e1s es importante que el nombre que introduzcas <b>coincida <\/b>con el que tienen en la <b>tabla de pa\u00edses <\/b>con la que cuenta el programa.\u00a0<\/p><p>De hecho, te recomendamos encarecidamente que selecciones el pa\u00eds directamente de la tabla, haciendo clic en el bot\u00f3n de los dos puntos a la derecha del campo \u00abProvincia\/Pa\u00eds\u00bb.\u00a0<\/p><p>As\u00ed evitar\u00e1s errores a la hora de exportar a contabilidad u otros problemas a la hora de enviar la informaci\u00f3n a TicketBAI o Verifactu.<\/p>\t\t\t\t\t\t\t\t<\/div>\n\t\t\t\t<\/div>\n\t\t\t\t<div class=\"elementor-element elementor-element-9eb302b elementor-widget elementor-widget-image\" data-id=\"9eb302b\" data-element_type=\"widget\" data-e-type=\"widget\" data-widget_type=\"image.default\">\n\t\t\t\t<div class=\"elementor-widget-container\">\n\t\t\t\t\t\t\t\t\t\t\t\t\t\t\t\t<a href=\"https:\/\/aplimedia.com\/tutoriales\/wp-content\/uploads\/2019\/01\/dardealtaclientesinternacionales1.png\" data-elementor-open-lightbox=\"yes\" data-elementor-lightbox-title=\"dardealtaclientesinternacionales1\" data-e-action-hash=\"#elementor-action%3Aaction%3Dlightbox%26settings%3DeyJpZCI6MTQ5NiwidXJsIjoiaHR0cHM6XC9cL2FwbGltZWRpYS5jb21cL3R1dG9yaWFsZXNcL3dwLWNvbnRlbnRcL3VwbG9hZHNcLzIwMTlcLzAxXC9kYXJkZWFsdGFjbGllbnRlc2ludGVybmFjaW9uYWxlczEucG5nIn0%3D\">\n\t\t\t\t\t\t\t<img decoding=\"async\" width=\"1024\" height=\"548\" src=\"https:\/\/aplimedia.com\/tutoriales\/wp-content\/uploads\/2019\/01\/dardealtaclientesinternacionales1-1024x548.png\" class=\"attachment-large size-large wp-image-1496\" alt=\"\" srcset=\"https:\/\/aplimedia.com\/tutoriales\/wp-content\/uploads\/2019\/01\/dardealtaclientesinternacionales1-1024x548.png 1024w, https:\/\/aplimedia.com\/tutoriales\/wp-content\/uploads\/2019\/01\/dardealtaclientesinternacionales1-300x160.png 300w, https:\/\/aplimedia.com\/tutoriales\/wp-content\/uploads\/2019\/01\/dardealtaclientesinternacionales1-768x411.png 768w, https:\/\/aplimedia.com\/tutoriales\/wp-content\/uploads\/2019\/01\/dardealtaclientesinternacionales1.png 1920w\" sizes=\"(max-width: 1024px) 100vw, 1024px\" \/>\t\t\t\t\t\t\t\t<\/a>\n\t\t\t\t\t\t\t\t\t\t\t\t\t\t\t<\/div>\n\t\t\t\t<\/div>\n\t\t\t\t<div class=\"elementor-element elementor-element-86bcf04 elementor-widget elementor-widget-spacer\" data-id=\"86bcf04\" data-element_type=\"widget\" data-e-type=\"widget\" data-widget_type=\"spacer.default\">\n\t\t\t\t<div class=\"elementor-widget-container\">\n\t\t\t\t\t\t\t<div class=\"elementor-spacer\">\n\t\t\t<div class=\"elementor-spacer-inner\"><\/div>\n\t\t<\/div>\n\t\t\t\t\t\t<\/div>\n\t\t\t\t<\/div>\n\t\t\t\t<div class=\"elementor-element elementor-element-28abebb elementor-widget elementor-widget-heading\" data-id=\"28abebb\" data-element_type=\"widget\" data-e-type=\"widget\" data-widget_type=\"heading.default\">\n\t\t\t\t<div class=\"elementor-widget-container\">\n\t\t\t\t\t<h2 class=\"elementor-heading-title elementor-size-default\">Tipo de IVA:<\/h2>\t\t\t\t<\/div>\n\t\t\t\t<\/div>\n\t\t\t\t<div class=\"elementor-element elementor-element-e02ba06 elementor-widget elementor-widget-text-editor\" data-id=\"e02ba06\" data-element_type=\"widget\" data-e-type=\"widget\" data-widget_type=\"text-editor.default\">\n\t\t\t\t<div class=\"elementor-widget-container\">\n\t\t\t\t\t\t\t\t\t<p>Lo m\u00e1s habitual cuando trabajamos con clientes internacionales es que no tengamos que aplicarles el IVA. Por lo tanto, as\u00ed deberemos indicarlo en la pesta\u00f1a de datos de pago.<\/p><p>Para ello, dentro de la pesta\u00f1a \u00ab<strong>Datos Pago<\/strong>\u00ab, y en el campo \u00ab<strong>Tipo IVA<\/strong>\u00ab, selecciona del desplegable la opci\u00f3n \u00ab<strong>SIN IVA<\/strong>\u00ab.\u00a0<\/p>\t\t\t\t\t\t\t\t<\/div>\n\t\t\t\t<\/div>\n\t\t\t\t<div class=\"elementor-element elementor-element-9bc5ff1 elementor-widget elementor-widget-image\" data-id=\"9bc5ff1\" data-element_type=\"widget\" data-e-type=\"widget\" data-widget_type=\"image.default\">\n\t\t\t\t<div class=\"elementor-widget-container\">\n\t\t\t\t\t\t\t\t\t\t\t\t\t\t\t\t<a href=\"https:\/\/aplimedia.com\/tutoriales\/wp-content\/uploads\/2019\/01\/dardealtaclientesinternacionales2.png\" data-elementor-open-lightbox=\"yes\" data-elementor-lightbox-title=\"dardealtaclientesinternacionales2\" data-e-action-hash=\"#elementor-action%3Aaction%3Dlightbox%26settings%3DeyJpZCI6MTQ5NywidXJsIjoiaHR0cHM6XC9cL2FwbGltZWRpYS5jb21cL3R1dG9yaWFsZXNcL3dwLWNvbnRlbnRcL3VwbG9hZHNcLzIwMTlcLzAxXC9kYXJkZWFsdGFjbGllbnRlc2ludGVybmFjaW9uYWxlczIucG5nIn0%3D\">\n\t\t\t\t\t\t\t<img decoding=\"async\" width=\"1024\" height=\"363\" src=\"https:\/\/aplimedia.com\/tutoriales\/wp-content\/uploads\/2019\/01\/dardealtaclientesinternacionales2-1024x363.png\" class=\"attachment-large size-large wp-image-1497\" alt=\"\" srcset=\"https:\/\/aplimedia.com\/tutoriales\/wp-content\/uploads\/2019\/01\/dardealtaclientesinternacionales2-1024x363.png 1024w, https:\/\/aplimedia.com\/tutoriales\/wp-content\/uploads\/2019\/01\/dardealtaclientesinternacionales2-300x106.png 300w, https:\/\/aplimedia.com\/tutoriales\/wp-content\/uploads\/2019\/01\/dardealtaclientesinternacionales2-768x272.png 768w, https:\/\/aplimedia.com\/tutoriales\/wp-content\/uploads\/2019\/01\/dardealtaclientesinternacionales2.png 1920w\" sizes=\"(max-width: 1024px) 100vw, 1024px\" \/>\t\t\t\t\t\t\t\t<\/a>\n\t\t\t\t\t\t\t\t\t\t\t\t\t\t\t<\/div>\n\t\t\t\t<\/div>\n\t\t\t\t<div class=\"elementor-element elementor-element-30b39e9c elementor-widget elementor-widget-spacer\" data-id=\"30b39e9c\" data-element_type=\"widget\" data-e-type=\"widget\" data-widget_type=\"spacer.default\">\n\t\t\t\t<div class=\"elementor-widget-container\">\n\t\t\t\t\t\t\t<div class=\"elementor-spacer\">\n\t\t\t<div class=\"elementor-spacer-inner\"><\/div>\n\t\t<\/div>\n\t\t\t\t\t\t<\/div>\n\t\t\t\t<\/div>\n\t\t\t\t\t<\/div>\n\t\t<\/div>\n\t\t\t\t\t<\/div>\n\t\t<\/section>\n\t\t\t\t<\/div>\n\t\t","protected":false},"excerpt":{"rendered":"<p>Los pasos para dar de alta un cliente internacional en Secre son pr\u00e1cticamente los mismos que para dar de alta un cliente normal.&nbsp; Sin embargo, hay algunos aspectos que deber\u00edamos tener en cuenta en estos casos.&nbsp; Si necesitas informaci\u00f3n m\u00e1s detallada sobre c\u00f3mo dar de alta un cliente&nbsp; desde cero, sigue este tutorial: C\u00f3mo dar [&hellip;]<\/p>\n","protected":false},"author":1,"featured_media":0,"parent":1660,"menu_order":0,"comment_status":"closed","ping_status":"closed","template":"","meta":{"footnotes":""},"class_list":["post-1493","page","type-page","status-publish","hentry"],"yoast_head":"<!-- This site is optimized with the Yoast SEO plugin v27.5 - https:\/\/yoast.com\/product\/yoast-seo-wordpress\/ -->\n<title>Dar de alta un cliente internacional | Tutoriales de Secre<\/title>\n<meta name=\"robots\" content=\"index, follow, max-snippet:-1, max-image-preview:large, max-video-preview:-1\" \/>\n<link rel=\"canonical\" href=\"https:\/\/aplimedia.com\/tutoriales\/clientes\/dar-de-alta-cliente-internacional\/\" \/>\n<meta property=\"og:locale\" content=\"es_ES\" \/>\n<meta property=\"og:type\" content=\"article\" \/>\n<meta property=\"og:title\" content=\"Dar de alta un cliente internacional | Tutoriales de Secre\" \/>\n<meta property=\"og:description\" content=\"Los pasos para dar de alta un cliente internacional en Secre son pr\u00e1cticamente los mismos que para dar de alta un cliente normal.&nbsp; Sin embargo, hay algunos aspectos que deber\u00edamos tener en cuenta en estos casos.&nbsp; Si necesitas informaci\u00f3n m\u00e1s detallada sobre c\u00f3mo dar de alta un cliente&nbsp; desde cero, sigue este tutorial: C\u00f3mo dar [&hellip;]\" \/>\n<meta property=\"og:url\" content=\"https:\/\/aplimedia.com\/tutoriales\/clientes\/dar-de-alta-cliente-internacional\/\" \/>\n<meta property=\"og:site_name\" content=\"Tutoriales de Secre\" \/>\n<meta property=\"article:modified_time\" content=\"2025-03-13T16:16:20+00:00\" \/>\n<meta property=\"og:image\" content=\"https:\/\/aplimedia.com\/tutoriales\/wp-content\/uploads\/2019\/01\/dardealtaclientesinternacionales.png\" \/>\n\t<meta property=\"og:image:width\" content=\"1920\" \/>\n\t<meta property=\"og:image:height\" content=\"1027\" \/>\n\t<meta property=\"og:image:type\" content=\"image\/png\" \/>\n<meta name=\"twitter:card\" content=\"summary_large_image\" \/>\n<meta name=\"twitter:label1\" content=\"Tiempo de lectura\" \/>\n\t<meta name=\"twitter:data1\" content=\"2 minutos\" \/>\n<script type=\"application\/ld+json\" class=\"yoast-schema-graph\">{\"@context\":\"https:\\\/\\\/schema.org\",\"@graph\":[{\"@type\":\"WebPage\",\"@id\":\"https:\\\/\\\/aplimedia.com\\\/tutoriales\\\/clientes\\\/dar-de-alta-cliente-internacional\\\/\",\"url\":\"https:\\\/\\\/aplimedia.com\\\/tutoriales\\\/clientes\\\/dar-de-alta-cliente-internacional\\\/\",\"name\":\"Dar de alta un cliente internacional | Tutoriales de Secre\",\"isPartOf\":{\"@id\":\"https:\\\/\\\/aplimedia.com\\\/tutoriales\\\/#website\"},\"primaryImageOfPage\":{\"@id\":\"https:\\\/\\\/aplimedia.com\\\/tutoriales\\\/clientes\\\/dar-de-alta-cliente-internacional\\\/#primaryimage\"},\"image\":{\"@id\":\"https:\\\/\\\/aplimedia.com\\\/tutoriales\\\/clientes\\\/dar-de-alta-cliente-internacional\\\/#primaryimage\"},\"thumbnailUrl\":\"https:\\\/\\\/aplimedia.com\\\/tutoriales\\\/wp-content\\\/uploads\\\/2019\\\/01\\\/dardealtaclientesinternacionales-1024x548.png\",\"datePublished\":\"2019-01-30T14:44:55+00:00\",\"dateModified\":\"2025-03-13T16:16:20+00:00\",\"breadcrumb\":{\"@id\":\"https:\\\/\\\/aplimedia.com\\\/tutoriales\\\/clientes\\\/dar-de-alta-cliente-internacional\\\/#breadcrumb\"},\"inLanguage\":\"es\",\"potentialAction\":[{\"@type\":\"ReadAction\",\"target\":[\"https:\\\/\\\/aplimedia.com\\\/tutoriales\\\/clientes\\\/dar-de-alta-cliente-internacional\\\/\"]}]},{\"@type\":\"ImageObject\",\"inLanguage\":\"es\",\"@id\":\"https:\\\/\\\/aplimedia.com\\\/tutoriales\\\/clientes\\\/dar-de-alta-cliente-internacional\\\/#primaryimage\",\"url\":\"https:\\\/\\\/aplimedia.com\\\/tutoriales\\\/wp-content\\\/uploads\\\/2019\\\/01\\\/dardealtaclientesinternacionales.png\",\"contentUrl\":\"https:\\\/\\\/aplimedia.com\\\/tutoriales\\\/wp-content\\\/uploads\\\/2019\\\/01\\\/dardealtaclientesinternacionales.png\",\"width\":1920,\"height\":1027},{\"@type\":\"BreadcrumbList\",\"@id\":\"https:\\\/\\\/aplimedia.com\\\/tutoriales\\\/clientes\\\/dar-de-alta-cliente-internacional\\\/#breadcrumb\",\"itemListElement\":[{\"@type\":\"ListItem\",\"position\":1,\"name\":\"Tutoriales\",\"item\":\"https:\\\/\\\/aplimedia.com\\\/tutoriales\\\/\"},{\"@type\":\"ListItem\",\"position\":2,\"name\":\"Clientes\",\"item\":\"https:\\\/\\\/aplimedia.com\\\/tutoriales\\\/clientes\\\/\"},{\"@type\":\"ListItem\",\"position\":3,\"name\":\"Dar de alta un cliente internacional\"}]},{\"@type\":\"WebSite\",\"@id\":\"https:\\\/\\\/aplimedia.com\\\/tutoriales\\\/#website\",\"url\":\"https:\\\/\\\/aplimedia.com\\\/tutoriales\\\/\",\"name\":\"Tutoriales de Secre\",\"description\":\"Tutoriales del software de gesti\u00f3n Secre\",\"publisher\":{\"@id\":\"https:\\\/\\\/aplimedia.com\\\/tutoriales\\\/#organization\"},\"potentialAction\":[{\"@type\":\"SearchAction\",\"target\":{\"@type\":\"EntryPoint\",\"urlTemplate\":\"https:\\\/\\\/aplimedia.com\\\/tutoriales\\\/?s={search_term_string}\"},\"query-input\":{\"@type\":\"PropertyValueSpecification\",\"valueRequired\":true,\"valueName\":\"search_term_string\"}}],\"inLanguage\":\"es\"},{\"@type\":\"Organization\",\"@id\":\"https:\\\/\\\/aplimedia.com\\\/tutoriales\\\/#organization\",\"name\":\"Tutoriales de Secre\",\"url\":\"https:\\\/\\\/aplimedia.com\\\/tutoriales\\\/\",\"logo\":{\"@type\":\"ImageObject\",\"inLanguage\":\"es\",\"@id\":\"https:\\\/\\\/aplimedia.com\\\/tutoriales\\\/#\\\/schema\\\/logo\\\/image\\\/\",\"url\":\"https:\\\/\\\/aplimedia.com\\\/tutoriales\\\/wp-content\\\/uploads\\\/2022\\\/03\\\/cropped-logotipo-aplimedia.png\",\"contentUrl\":\"https:\\\/\\\/aplimedia.com\\\/tutoriales\\\/wp-content\\\/uploads\\\/2022\\\/03\\\/cropped-logotipo-aplimedia.png\",\"width\":2000,\"height\":658,\"caption\":\"Tutoriales de Secre\"},\"image\":{\"@id\":\"https:\\\/\\\/aplimedia.com\\\/tutoriales\\\/#\\\/schema\\\/logo\\\/image\\\/\"}}]}<\/script>\n<!-- \/ Yoast SEO plugin. -->","yoast_head_json":{"title":"Dar de alta un cliente internacional | Tutoriales de Secre","robots":{"index":"index","follow":"follow","max-snippet":"max-snippet:-1","max-image-preview":"max-image-preview:large","max-video-preview":"max-video-preview:-1"},"canonical":"https:\/\/aplimedia.com\/tutoriales\/clientes\/dar-de-alta-cliente-internacional\/","og_locale":"es_ES","og_type":"article","og_title":"Dar de alta un cliente internacional | Tutoriales de Secre","og_description":"Los pasos para dar de alta un cliente internacional en Secre son pr\u00e1cticamente los mismos que para dar de alta un cliente normal.&nbsp; Sin embargo, hay algunos aspectos que deber\u00edamos tener en cuenta en estos casos.&nbsp; Si necesitas informaci\u00f3n m\u00e1s detallada sobre c\u00f3mo dar de alta un cliente&nbsp; desde cero, sigue este tutorial: C\u00f3mo dar [&hellip;]","og_url":"https:\/\/aplimedia.com\/tutoriales\/clientes\/dar-de-alta-cliente-internacional\/","og_site_name":"Tutoriales de Secre","article_modified_time":"2025-03-13T16:16:20+00:00","og_image":[{"width":1920,"height":1027,"url":"https:\/\/aplimedia.com\/tutoriales\/wp-content\/uploads\/2019\/01\/dardealtaclientesinternacionales.png","type":"image\/png"}],"twitter_card":"summary_large_image","twitter_misc":{"Tiempo de lectura":"2 minutos"},"schema":{"@context":"https:\/\/schema.org","@graph":[{"@type":"WebPage","@id":"https:\/\/aplimedia.com\/tutoriales\/clientes\/dar-de-alta-cliente-internacional\/","url":"https:\/\/aplimedia.com\/tutoriales\/clientes\/dar-de-alta-cliente-internacional\/","name":"Dar de alta un cliente internacional | Tutoriales de Secre","isPartOf":{"@id":"https:\/\/aplimedia.com\/tutoriales\/#website"},"primaryImageOfPage":{"@id":"https:\/\/aplimedia.com\/tutoriales\/clientes\/dar-de-alta-cliente-internacional\/#primaryimage"},"image":{"@id":"https:\/\/aplimedia.com\/tutoriales\/clientes\/dar-de-alta-cliente-internacional\/#primaryimage"},"thumbnailUrl":"https:\/\/aplimedia.com\/tutoriales\/wp-content\/uploads\/2019\/01\/dardealtaclientesinternacionales-1024x548.png","datePublished":"2019-01-30T14:44:55+00:00","dateModified":"2025-03-13T16:16:20+00:00","breadcrumb":{"@id":"https:\/\/aplimedia.com\/tutoriales\/clientes\/dar-de-alta-cliente-internacional\/#breadcrumb"},"inLanguage":"es","potentialAction":[{"@type":"ReadAction","target":["https:\/\/aplimedia.com\/tutoriales\/clientes\/dar-de-alta-cliente-internacional\/"]}]},{"@type":"ImageObject","inLanguage":"es","@id":"https:\/\/aplimedia.com\/tutoriales\/clientes\/dar-de-alta-cliente-internacional\/#primaryimage","url":"https:\/\/aplimedia.com\/tutoriales\/wp-content\/uploads\/2019\/01\/dardealtaclientesinternacionales.png","contentUrl":"https:\/\/aplimedia.com\/tutoriales\/wp-content\/uploads\/2019\/01\/dardealtaclientesinternacionales.png","width":1920,"height":1027},{"@type":"BreadcrumbList","@id":"https:\/\/aplimedia.com\/tutoriales\/clientes\/dar-de-alta-cliente-internacional\/#breadcrumb","itemListElement":[{"@type":"ListItem","position":1,"name":"Tutoriales","item":"https:\/\/aplimedia.com\/tutoriales\/"},{"@type":"ListItem","position":2,"name":"Clientes","item":"https:\/\/aplimedia.com\/tutoriales\/clientes\/"},{"@type":"ListItem","position":3,"name":"Dar de alta un cliente internacional"}]},{"@type":"WebSite","@id":"https:\/\/aplimedia.com\/tutoriales\/#website","url":"https:\/\/aplimedia.com\/tutoriales\/","name":"Tutoriales de Secre","description":"Tutoriales del software de gesti\u00f3n Secre","publisher":{"@id":"https:\/\/aplimedia.com\/tutoriales\/#organization"},"potentialAction":[{"@type":"SearchAction","target":{"@type":"EntryPoint","urlTemplate":"https:\/\/aplimedia.com\/tutoriales\/?s={search_term_string}"},"query-input":{"@type":"PropertyValueSpecification","valueRequired":true,"valueName":"search_term_string"}}],"inLanguage":"es"},{"@type":"Organization","@id":"https:\/\/aplimedia.com\/tutoriales\/#organization","name":"Tutoriales de Secre","url":"https:\/\/aplimedia.com\/tutoriales\/","logo":{"@type":"ImageObject","inLanguage":"es","@id":"https:\/\/aplimedia.com\/tutoriales\/#\/schema\/logo\/image\/","url":"https:\/\/aplimedia.com\/tutoriales\/wp-content\/uploads\/2022\/03\/cropped-logotipo-aplimedia.png","contentUrl":"https:\/\/aplimedia.com\/tutoriales\/wp-content\/uploads\/2022\/03\/cropped-logotipo-aplimedia.png","width":2000,"height":658,"caption":"Tutoriales de Secre"},"image":{"@id":"https:\/\/aplimedia.com\/tutoriales\/#\/schema\/logo\/image\/"}}]}},"_links":{"self":[{"href":"https:\/\/aplimedia.com\/tutoriales\/wp-json\/wp\/v2\/pages\/1493","targetHints":{"allow":["GET"]}}],"collection":[{"href":"https:\/\/aplimedia.com\/tutoriales\/wp-json\/wp\/v2\/pages"}],"about":[{"href":"https:\/\/aplimedia.com\/tutoriales\/wp-json\/wp\/v2\/types\/page"}],"author":[{"embeddable":true,"href":"https:\/\/aplimedia.com\/tutoriales\/wp-json\/wp\/v2\/users\/1"}],"replies":[{"embeddable":true,"href":"https:\/\/aplimedia.com\/tutoriales\/wp-json\/wp\/v2\/comments?post=1493"}],"version-history":[{"count":0,"href":"https:\/\/aplimedia.com\/tutoriales\/wp-json\/wp\/v2\/pages\/1493\/revisions"}],"up":[{"embeddable":true,"href":"https:\/\/aplimedia.com\/tutoriales\/wp-json\/wp\/v2\/pages\/1660"}],"wp:attachment":[{"href":"https:\/\/aplimedia.com\/tutoriales\/wp-json\/wp\/v2\/media?parent=1493"}],"curies":[{"name":"wp","href":"https:\/\/api.w.org\/{rel}","templated":true}]}}