{"id":1474,"date":"2019-01-29T16:02:25","date_gmt":"2019-01-29T16:02:25","guid":{"rendered":"https:\/\/aplimedia.com\/tutoriales\/?page_id=1474"},"modified":"2025-03-13T16:22:54","modified_gmt":"2025-03-13T16:22:54","slug":"facturacion-de-cuotas","status":"publish","type":"page","link":"https:\/\/aplimedia.com\/tutoriales\/clientes\/facturacion-de-cuotas\/","title":{"rendered":"Facturaci\u00f3n de cuotas"},"content":{"rendered":"\t\t<div data-elementor-type=\"wp-post\" data-elementor-id=\"1474\" class=\"elementor elementor-1474\" data-elementor-post-type=\"page\">\n\t\t\t\t\t\t<section class=\"elementor-section elementor-top-section elementor-element elementor-element-4594cb3e elementor-section-stretched elementor-section-boxed elementor-section-height-default elementor-section-height-default\" data-id=\"4594cb3e\" data-element_type=\"section\" data-e-type=\"section\" data-settings=\"{&quot;stretch_section&quot;:&quot;section-stretched&quot;}\">\n\t\t\t\t\t\t<div class=\"elementor-container elementor-column-gap-default\">\n\t\t\t\t\t<div class=\"elementor-column elementor-col-100 elementor-top-column elementor-element elementor-element-53a1879d\" data-id=\"53a1879d\" data-element_type=\"column\" data-e-type=\"column\">\n\t\t\t<div class=\"elementor-widget-wrap elementor-element-populated\">\n\t\t\t\t\t\t<div class=\"elementor-element elementor-element-186f29e2 elementor-widget elementor-widget-text-editor\" data-id=\"186f29e2\" data-element_type=\"widget\" data-e-type=\"widget\" data-widget_type=\"text-editor.default\">\n\t\t\t\t<div class=\"elementor-widget-container\">\n\t\t\t\t\t\t\t\t\t<p>Para facturar cuotas, primero tendr\u00e1s que haberlas creado. Si todav\u00eda no lo has hecho, te recomendamos que consultes primero este tutorial: <a href=\"https:\/\/aplimedia.com\/tutoriales\/clientes\/crear-cuotas-clientes\/\">C\u00f3mo crear cuotas de clientes<\/a>.<\/p><p>Con nuestras cuotas ya creadas, tendremos que <b>facturarlas <\/b>utilizando un filtro en el m\u00f3dulo de <strong>Ventas<\/strong> del programa.<\/p><p>En el siguiente v\u00eddeo te explicamos c\u00f3mo facturar cuotas en Secre.\u00a0<\/p><p>Si prefieres leer el paso a paso, contin\u00faa debajo del v\u00eddeo.<\/p>\t\t\t\t\t\t\t\t<\/div>\n\t\t\t\t<\/div>\n\t\t\t\t<div class=\"elementor-element elementor-element-f1844bb elementor-widget elementor-widget-video\" data-id=\"f1844bb\" data-element_type=\"widget\" data-e-type=\"widget\" data-settings=\"{&quot;youtube_url&quot;:&quot;https:\\\/\\\/youtu.be\\\/Uk1R9D8vlDY&quot;,&quot;video_type&quot;:&quot;youtube&quot;,&quot;controls&quot;:&quot;yes&quot;}\" data-widget_type=\"video.default\">\n\t\t\t\t<div class=\"elementor-widget-container\">\n\t\t\t\t\t\t\t<div class=\"elementor-wrapper elementor-open-inline\">\n\t\t\t<div class=\"elementor-video\"><\/div>\t\t<\/div>\n\t\t\t\t\t\t<\/div>\n\t\t\t\t<\/div>\n\t\t\t\t<div class=\"elementor-element elementor-element-2acd91e elementor-widget elementor-widget-spacer\" data-id=\"2acd91e\" data-element_type=\"widget\" data-e-type=\"widget\" data-widget_type=\"spacer.default\">\n\t\t\t\t<div class=\"elementor-widget-container\">\n\t\t\t\t\t\t\t<div class=\"elementor-spacer\">\n\t\t\t<div class=\"elementor-spacer-inner\"><\/div>\n\t\t<\/div>\n\t\t\t\t\t\t<\/div>\n\t\t\t\t<\/div>\n\t\t\t\t<div class=\"elementor-element elementor-element-cb5cdd0 elementor-widget elementor-widget-heading\" data-id=\"cb5cdd0\" data-element_type=\"widget\" data-e-type=\"widget\" data-widget_type=\"heading.default\">\n\t\t\t\t<div class=\"elementor-widget-container\">\n\t\t\t\t\t<h2 class=\"elementor-heading-title elementor-size-default\">Paso 1:<\/h2>\t\t\t\t<\/div>\n\t\t\t\t<\/div>\n\t\t\t\t<div class=\"elementor-element elementor-element-3fa7569 elementor-widget elementor-widget-text-editor\" data-id=\"3fa7569\" data-element_type=\"widget\" data-e-type=\"widget\" data-widget_type=\"text-editor.default\">\n\t\t\t\t<div class=\"elementor-widget-container\">\n\t\t\t\t\t\t\t\t\t<p>Lo primero que tienes que hacer es ir al m\u00f3dulo de&nbsp;<b>Ventas <\/b>y hacer click en la <b>rueda dentada<\/b> de la barra superior para acceder a los filtros de ventas.<\/p>\n<p>En el men\u00fa superior de los filtros de ventas tienes la opci\u00f3n \u00ab<b>Facturaci\u00f3n peri\u00f3dica<\/b>\u00ab.&nbsp;<\/p><p>Selecci\u00f3nala y se te abrir\u00e1 la siguiente pantalla:<\/p>\t\t\t\t\t\t\t\t<\/div>\n\t\t\t\t<\/div>\n\t\t\t\t<section class=\"elementor-section elementor-inner-section elementor-element elementor-element-19d6945 elementor-section-boxed elementor-section-height-default elementor-section-height-default\" data-id=\"19d6945\" data-element_type=\"section\" data-e-type=\"section\">\n\t\t\t\t\t\t<div class=\"elementor-container elementor-column-gap-default\">\n\t\t\t\t\t<div class=\"elementor-column elementor-col-100 elementor-inner-column elementor-element elementor-element-42a4ab8\" data-id=\"42a4ab8\" data-element_type=\"column\" data-e-type=\"column\">\n\t\t\t<div class=\"elementor-widget-wrap elementor-element-populated\">\n\t\t\t\t\t\t<div class=\"elementor-element elementor-element-927a769 elementor-widget elementor-widget-image\" data-id=\"927a769\" data-element_type=\"widget\" data-e-type=\"widget\" data-widget_type=\"image.default\">\n\t\t\t\t<div class=\"elementor-widget-container\">\n\t\t\t\t\t\t\t\t\t\t\t\t\t\t\t\t<a href=\"https:\/\/aplimedia.com\/tutoriales\/wp-content\/uploads\/2019\/01\/facturarcuotas1.png\" data-elementor-open-lightbox=\"yes\" data-elementor-lightbox-title=\"facturarcuotas1\" data-e-action-hash=\"#elementor-action%3Aaction%3Dlightbox%26settings%3DeyJpZCI6MTQ3NSwidXJsIjoiaHR0cHM6XC9cL2FwbGltZWRpYS5jb21cL3R1dG9yaWFsZXNcL3dwLWNvbnRlbnRcL3VwbG9hZHNcLzIwMTlcLzAxXC9mYWN0dXJhcmN1b3RhczEucG5nIn0%3D\">\n\t\t\t\t\t\t\t<img fetchpriority=\"high\" decoding=\"async\" width=\"1024\" height=\"553\" src=\"https:\/\/aplimedia.com\/tutoriales\/wp-content\/uploads\/2019\/01\/facturarcuotas1-1024x553.png\" class=\"attachment-large size-large wp-image-1475\" alt=\"\" srcset=\"https:\/\/aplimedia.com\/tutoriales\/wp-content\/uploads\/2019\/01\/facturarcuotas1-1024x553.png 1024w, https:\/\/aplimedia.com\/tutoriales\/wp-content\/uploads\/2019\/01\/facturarcuotas1-300x162.png 300w, https:\/\/aplimedia.com\/tutoriales\/wp-content\/uploads\/2019\/01\/facturarcuotas1-768x415.png 768w, https:\/\/aplimedia.com\/tutoriales\/wp-content\/uploads\/2019\/01\/facturarcuotas1.png 1920w\" sizes=\"(max-width: 1024px) 100vw, 1024px\" \/>\t\t\t\t\t\t\t\t<\/a>\n\t\t\t\t\t\t\t\t\t\t\t\t\t\t\t<\/div>\n\t\t\t\t<\/div>\n\t\t\t\t\t<\/div>\n\t\t<\/div>\n\t\t\t\t\t<\/div>\n\t\t<\/section>\n\t\t\t\t<div class=\"elementor-element elementor-element-b3be93f elementor-widget elementor-widget-spacer\" data-id=\"b3be93f\" data-element_type=\"widget\" data-e-type=\"widget\" data-widget_type=\"spacer.default\">\n\t\t\t\t<div class=\"elementor-widget-container\">\n\t\t\t\t\t\t\t<div class=\"elementor-spacer\">\n\t\t\t<div class=\"elementor-spacer-inner\"><\/div>\n\t\t<\/div>\n\t\t\t\t\t\t<\/div>\n\t\t\t\t<\/div>\n\t\t\t\t<div class=\"elementor-element elementor-element-17d8ee4 elementor-widget elementor-widget-heading\" data-id=\"17d8ee4\" data-element_type=\"widget\" data-e-type=\"widget\" data-widget_type=\"heading.default\">\n\t\t\t\t<div class=\"elementor-widget-container\">\n\t\t\t\t\t<h2 class=\"elementor-heading-title elementor-size-default\">Paso 2:<\/h2>\t\t\t\t<\/div>\n\t\t\t\t<\/div>\n\t\t\t\t<div class=\"elementor-element elementor-element-889d0ad elementor-widget elementor-widget-text-editor\" data-id=\"889d0ad\" data-element_type=\"widget\" data-e-type=\"widget\" data-widget_type=\"text-editor.default\">\n\t\t\t\t<div class=\"elementor-widget-container\">\n\t\t\t\t\t\t\t\t\t<p>En la pantalla que se te abrir\u00e1 deber\u00e1s introducir los criterios por los que quieres filtrar las cuotas que vas a facturar.<\/p>\n<p>Lo m\u00e1s habitual es facturar las cuotas de un periodo concreto, por ejemplo, del \u00faltimo mes.&nbsp;<\/p>\n<p>En ese caso solo tendr\u00edamos que seleccionar cu\u00e1l es la <b>fecha de inicio<\/b> y cu\u00e1l es la <b>fecha de fin<\/b>, e indicar en el campo \u00ab<b>Fecha de factura<\/b>\u00bb la fecha que nos interese darle a las facturas que se van a generar.&nbsp;<\/p>\n<p>Como ves, puedes utilizar otros criterios para filtrar las cuotas que vas a facturar: cuotas de un solo cliente, de un solo art\u00edculo, de una periodicidad concreta&#8230;<\/p>\n<p>Tienes tambi\u00e9n la posibilidad de seleccionar la casilla <b>\u00abNo facturar, \u00fanicamente generar las ventas\u00bb<\/b> para que no genere facturas, sino albaranes. En ese caso, para facturarlos m\u00e1s tarde, tendr\u00edas que hacerlo desde el filtro de ventas y agrupar los albaranes en una factura \u00fanica. Puedes ver c\u00f3mo hacerlo aqu\u00ed: <a href=\"https:\/\/aplimedia.com\/tutoriales\/ventas\/facturacion-multiple-agrupada\/\">Facturaci\u00f3n m\u00faltiple y\/o agrupada<\/a><\/p>\n<p>Cuando ya hayas seleccionado los criterios por los que vas a filtrar dale a \u00abAceptar\u00bb y el programa<b> facturar\u00e1 las cuotas <\/b>que cumplen esas condiciones. Cuando haya finalizado, te generar\u00e1 el listado de las cuotas facturadas:<\/p>\t\t\t\t\t\t\t\t<\/div>\n\t\t\t\t<\/div>\n\t\t\t\t<section class=\"elementor-section elementor-inner-section elementor-element elementor-element-5e05c4f elementor-section-boxed elementor-section-height-default elementor-section-height-default\" data-id=\"5e05c4f\" data-element_type=\"section\" data-e-type=\"section\">\n\t\t\t\t\t\t<div class=\"elementor-container elementor-column-gap-default\">\n\t\t\t\t\t<div class=\"elementor-column elementor-col-100 elementor-inner-column elementor-element elementor-element-706c24c\" data-id=\"706c24c\" data-element_type=\"column\" data-e-type=\"column\">\n\t\t\t<div class=\"elementor-widget-wrap elementor-element-populated\">\n\t\t\t\t\t\t<div class=\"elementor-element elementor-element-799364a elementor-widget elementor-widget-image\" data-id=\"799364a\" data-element_type=\"widget\" data-e-type=\"widget\" data-widget_type=\"image.default\">\n\t\t\t\t<div class=\"elementor-widget-container\">\n\t\t\t\t\t\t\t\t\t\t\t\t\t\t\t\t<a href=\"https:\/\/aplimedia.com\/tutoriales\/wp-content\/uploads\/2019\/01\/facturarcuotas2.png\" data-elementor-open-lightbox=\"yes\" data-elementor-lightbox-title=\"facturarcuotas2\" data-e-action-hash=\"#elementor-action%3Aaction%3Dlightbox%26settings%3DeyJpZCI6MTQ4MywidXJsIjoiaHR0cHM6XC9cL2FwbGltZWRpYS5jb21cL3R1dG9yaWFsZXNcL3dwLWNvbnRlbnRcL3VwbG9hZHNcLzIwMTlcLzAxXC9mYWN0dXJhcmN1b3RhczIucG5nIn0%3D\">\n\t\t\t\t\t\t\t<img decoding=\"async\" width=\"1005\" height=\"227\" src=\"https:\/\/aplimedia.com\/tutoriales\/wp-content\/uploads\/2019\/01\/facturarcuotas2.png\" class=\"attachment-large size-large wp-image-1483\" alt=\"\" srcset=\"https:\/\/aplimedia.com\/tutoriales\/wp-content\/uploads\/2019\/01\/facturarcuotas2.png 1005w, https:\/\/aplimedia.com\/tutoriales\/wp-content\/uploads\/2019\/01\/facturarcuotas2-300x68.png 300w, https:\/\/aplimedia.com\/tutoriales\/wp-content\/uploads\/2019\/01\/facturarcuotas2-768x173.png 768w\" sizes=\"(max-width: 1005px) 100vw, 1005px\" \/>\t\t\t\t\t\t\t\t<\/a>\n\t\t\t\t\t\t\t\t\t\t\t\t\t\t\t<\/div>\n\t\t\t\t<\/div>\n\t\t\t\t\t<\/div>\n\t\t<\/div>\n\t\t\t\t\t<\/div>\n\t\t<\/section>\n\t\t\t\t<div class=\"elementor-element elementor-element-e6d8afb elementor-widget elementor-widget-text-editor\" data-id=\"e6d8afb\" data-element_type=\"widget\" data-e-type=\"widget\" data-widget_type=\"text-editor.default\">\n\t\t\t\t<div class=\"elementor-widget-container\">\n\t\t\t\t\t\t\t\t\t<p>Y si pinchas en cada una de ellas te llevar\u00e1\u00a0 a la pantalla de esa venta ya facturada:<\/p>\t\t\t\t\t\t\t\t<\/div>\n\t\t\t\t<\/div>\n\t\t\t\t<section class=\"elementor-section elementor-inner-section elementor-element elementor-element-9ce533e elementor-section-boxed elementor-section-height-default elementor-section-height-default\" data-id=\"9ce533e\" data-element_type=\"section\" data-e-type=\"section\">\n\t\t\t\t\t\t<div class=\"elementor-container elementor-column-gap-default\">\n\t\t\t\t\t<div class=\"elementor-column elementor-col-100 elementor-inner-column elementor-element elementor-element-4450d1b\" data-id=\"4450d1b\" data-element_type=\"column\" data-e-type=\"column\">\n\t\t\t<div class=\"elementor-widget-wrap elementor-element-populated\">\n\t\t\t\t\t\t<div class=\"elementor-element elementor-element-6e3d8d6 elementor-widget elementor-widget-image\" data-id=\"6e3d8d6\" data-element_type=\"widget\" data-e-type=\"widget\" data-widget_type=\"image.default\">\n\t\t\t\t<div class=\"elementor-widget-container\">\n\t\t\t\t\t\t\t\t\t\t\t\t\t\t\t\t<a href=\"https:\/\/aplimedia.com\/tutoriales\/wp-content\/uploads\/2019\/01\/facturarcuotas4.png\" data-elementor-open-lightbox=\"yes\" data-elementor-lightbox-title=\"facturarcuotas4\" data-e-action-hash=\"#elementor-action%3Aaction%3Dlightbox%26settings%3DeyJpZCI6MTQ4NSwidXJsIjoiaHR0cHM6XC9cL2FwbGltZWRpYS5jb21cL3R1dG9yaWFsZXNcL3dwLWNvbnRlbnRcL3VwbG9hZHNcLzIwMTlcLzAxXC9mYWN0dXJhcmN1b3RhczQucG5nIn0%3D\">\n\t\t\t\t\t\t\t<img decoding=\"async\" width=\"1024\" height=\"550\" src=\"https:\/\/aplimedia.com\/tutoriales\/wp-content\/uploads\/2019\/01\/facturarcuotas4-1024x550.png\" class=\"attachment-large size-large wp-image-1485\" alt=\"\" srcset=\"https:\/\/aplimedia.com\/tutoriales\/wp-content\/uploads\/2019\/01\/facturarcuotas4-1024x550.png 1024w, https:\/\/aplimedia.com\/tutoriales\/wp-content\/uploads\/2019\/01\/facturarcuotas4-300x161.png 300w, https:\/\/aplimedia.com\/tutoriales\/wp-content\/uploads\/2019\/01\/facturarcuotas4-768x412.png 768w, https:\/\/aplimedia.com\/tutoriales\/wp-content\/uploads\/2019\/01\/facturarcuotas4.png 1920w\" sizes=\"(max-width: 1024px) 100vw, 1024px\" \/>\t\t\t\t\t\t\t\t<\/a>\n\t\t\t\t\t\t\t\t\t\t\t\t\t\t\t<\/div>\n\t\t\t\t<\/div>\n\t\t\t\t\t<\/div>\n\t\t<\/div>\n\t\t\t\t\t<\/div>\n\t\t<\/section>\n\t\t\t\t<div class=\"elementor-element elementor-element-30b39e9c elementor-widget elementor-widget-spacer\" data-id=\"30b39e9c\" data-element_type=\"widget\" data-e-type=\"widget\" data-widget_type=\"spacer.default\">\n\t\t\t\t<div class=\"elementor-widget-container\">\n\t\t\t\t\t\t\t<div class=\"elementor-spacer\">\n\t\t\t<div class=\"elementor-spacer-inner\"><\/div>\n\t\t<\/div>\n\t\t\t\t\t\t<\/div>\n\t\t\t\t<\/div>\n\t\t\t\t\t<\/div>\n\t\t<\/div>\n\t\t\t\t\t<\/div>\n\t\t<\/section>\n\t\t\t\t<\/div>\n\t\t","protected":false},"excerpt":{"rendered":"<p>Para facturar cuotas, primero tendr\u00e1s que haberlas creado. Si todav\u00eda no lo has hecho, te recomendamos que consultes primero este tutorial: C\u00f3mo crear cuotas de clientes. Con nuestras cuotas ya creadas, tendremos que facturarlas utilizando un filtro en el m\u00f3dulo de Ventas del programa. En el siguiente v\u00eddeo te explicamos c\u00f3mo facturar cuotas en Secre.\u00a0 [&hellip;]<\/p>\n","protected":false},"author":1,"featured_media":0,"parent":1660,"menu_order":0,"comment_status":"closed","ping_status":"closed","template":"","meta":{"footnotes":""},"class_list":["post-1474","page","type-page","status-publish","hentry"],"yoast_head":"<!-- This site is optimized with the Yoast SEO plugin v27.5 - https:\/\/yoast.com\/product\/yoast-seo-wordpress\/ -->\n<title>Facturaci\u00f3n de cuotas | Tutoriales de Secre<\/title>\n<meta name=\"robots\" content=\"index, follow, max-snippet:-1, max-image-preview:large, max-video-preview:-1\" \/>\n<link rel=\"canonical\" href=\"https:\/\/aplimedia.com\/tutoriales\/clientes\/facturacion-de-cuotas\/\" \/>\n<meta property=\"og:locale\" content=\"es_ES\" \/>\n<meta property=\"og:type\" content=\"article\" \/>\n<meta property=\"og:title\" content=\"Facturaci\u00f3n de cuotas | Tutoriales de Secre\" \/>\n<meta property=\"og:description\" content=\"Para facturar cuotas, primero tendr\u00e1s que haberlas creado. Si todav\u00eda no lo has hecho, te recomendamos que consultes primero este tutorial: C\u00f3mo crear cuotas de clientes. Con nuestras cuotas ya creadas, tendremos que facturarlas utilizando un filtro en el m\u00f3dulo de Ventas del programa. En el siguiente v\u00eddeo te explicamos c\u00f3mo facturar cuotas en Secre.\u00a0 [&hellip;]\" \/>\n<meta property=\"og:url\" content=\"https:\/\/aplimedia.com\/tutoriales\/clientes\/facturacion-de-cuotas\/\" \/>\n<meta property=\"og:site_name\" content=\"Tutoriales de Secre\" \/>\n<meta property=\"article:modified_time\" content=\"2025-03-13T16:22:54+00:00\" \/>\n<meta property=\"og:image\" content=\"https:\/\/aplimedia.com\/tutoriales\/wp-content\/uploads\/2019\/01\/facturarcuotas1.png\" \/>\n\t<meta property=\"og:image:width\" content=\"1920\" \/>\n\t<meta property=\"og:image:height\" content=\"1037\" \/>\n\t<meta property=\"og:image:type\" content=\"image\/png\" \/>\n<meta name=\"twitter:card\" content=\"summary_large_image\" \/>\n<meta name=\"twitter:label1\" content=\"Tiempo de lectura\" \/>\n\t<meta name=\"twitter:data1\" content=\"3 minutos\" \/>\n<script type=\"application\/ld+json\" class=\"yoast-schema-graph\">{\"@context\":\"https:\\\/\\\/schema.org\",\"@graph\":[{\"@type\":\"WebPage\",\"@id\":\"https:\\\/\\\/aplimedia.com\\\/tutoriales\\\/clientes\\\/facturacion-de-cuotas\\\/\",\"url\":\"https:\\\/\\\/aplimedia.com\\\/tutoriales\\\/clientes\\\/facturacion-de-cuotas\\\/\",\"name\":\"Facturaci\u00f3n de cuotas | Tutoriales de Secre\",\"isPartOf\":{\"@id\":\"https:\\\/\\\/aplimedia.com\\\/tutoriales\\\/#website\"},\"primaryImageOfPage\":{\"@id\":\"https:\\\/\\\/aplimedia.com\\\/tutoriales\\\/clientes\\\/facturacion-de-cuotas\\\/#primaryimage\"},\"image\":{\"@id\":\"https:\\\/\\\/aplimedia.com\\\/tutoriales\\\/clientes\\\/facturacion-de-cuotas\\\/#primaryimage\"},\"thumbnailUrl\":\"https:\\\/\\\/aplimedia.com\\\/tutoriales\\\/wp-content\\\/uploads\\\/2019\\\/01\\\/facturarcuotas1-1024x553.png\",\"datePublished\":\"2019-01-29T16:02:25+00:00\",\"dateModified\":\"2025-03-13T16:22:54+00:00\",\"breadcrumb\":{\"@id\":\"https:\\\/\\\/aplimedia.com\\\/tutoriales\\\/clientes\\\/facturacion-de-cuotas\\\/#breadcrumb\"},\"inLanguage\":\"es\",\"potentialAction\":[{\"@type\":\"ReadAction\",\"target\":[\"https:\\\/\\\/aplimedia.com\\\/tutoriales\\\/clientes\\\/facturacion-de-cuotas\\\/\"]}]},{\"@type\":\"ImageObject\",\"inLanguage\":\"es\",\"@id\":\"https:\\\/\\\/aplimedia.com\\\/tutoriales\\\/clientes\\\/facturacion-de-cuotas\\\/#primaryimage\",\"url\":\"https:\\\/\\\/aplimedia.com\\\/tutoriales\\\/wp-content\\\/uploads\\\/2019\\\/01\\\/facturarcuotas1.png\",\"contentUrl\":\"https:\\\/\\\/aplimedia.com\\\/tutoriales\\\/wp-content\\\/uploads\\\/2019\\\/01\\\/facturarcuotas1.png\",\"width\":1920,\"height\":1037},{\"@type\":\"BreadcrumbList\",\"@id\":\"https:\\\/\\\/aplimedia.com\\\/tutoriales\\\/clientes\\\/facturacion-de-cuotas\\\/#breadcrumb\",\"itemListElement\":[{\"@type\":\"ListItem\",\"position\":1,\"name\":\"Tutoriales\",\"item\":\"https:\\\/\\\/aplimedia.com\\\/tutoriales\\\/\"},{\"@type\":\"ListItem\",\"position\":2,\"name\":\"Clientes\",\"item\":\"https:\\\/\\\/aplimedia.com\\\/tutoriales\\\/clientes\\\/\"},{\"@type\":\"ListItem\",\"position\":3,\"name\":\"Facturaci\u00f3n de cuotas\"}]},{\"@type\":\"WebSite\",\"@id\":\"https:\\\/\\\/aplimedia.com\\\/tutoriales\\\/#website\",\"url\":\"https:\\\/\\\/aplimedia.com\\\/tutoriales\\\/\",\"name\":\"Tutoriales de Secre\",\"description\":\"Tutoriales del software de gesti\u00f3n Secre\",\"publisher\":{\"@id\":\"https:\\\/\\\/aplimedia.com\\\/tutoriales\\\/#organization\"},\"potentialAction\":[{\"@type\":\"SearchAction\",\"target\":{\"@type\":\"EntryPoint\",\"urlTemplate\":\"https:\\\/\\\/aplimedia.com\\\/tutoriales\\\/?s={search_term_string}\"},\"query-input\":{\"@type\":\"PropertyValueSpecification\",\"valueRequired\":true,\"valueName\":\"search_term_string\"}}],\"inLanguage\":\"es\"},{\"@type\":\"Organization\",\"@id\":\"https:\\\/\\\/aplimedia.com\\\/tutoriales\\\/#organization\",\"name\":\"Tutoriales de Secre\",\"url\":\"https:\\\/\\\/aplimedia.com\\\/tutoriales\\\/\",\"logo\":{\"@type\":\"ImageObject\",\"inLanguage\":\"es\",\"@id\":\"https:\\\/\\\/aplimedia.com\\\/tutoriales\\\/#\\\/schema\\\/logo\\\/image\\\/\",\"url\":\"https:\\\/\\\/aplimedia.com\\\/tutoriales\\\/wp-content\\\/uploads\\\/2022\\\/03\\\/cropped-logotipo-aplimedia.png\",\"contentUrl\":\"https:\\\/\\\/aplimedia.com\\\/tutoriales\\\/wp-content\\\/uploads\\\/2022\\\/03\\\/cropped-logotipo-aplimedia.png\",\"width\":2000,\"height\":658,\"caption\":\"Tutoriales de Secre\"},\"image\":{\"@id\":\"https:\\\/\\\/aplimedia.com\\\/tutoriales\\\/#\\\/schema\\\/logo\\\/image\\\/\"}}]}<\/script>\n<!-- \/ Yoast SEO plugin. -->","yoast_head_json":{"title":"Facturaci\u00f3n de cuotas | Tutoriales de Secre","robots":{"index":"index","follow":"follow","max-snippet":"max-snippet:-1","max-image-preview":"max-image-preview:large","max-video-preview":"max-video-preview:-1"},"canonical":"https:\/\/aplimedia.com\/tutoriales\/clientes\/facturacion-de-cuotas\/","og_locale":"es_ES","og_type":"article","og_title":"Facturaci\u00f3n de cuotas | Tutoriales de Secre","og_description":"Para facturar cuotas, primero tendr\u00e1s que haberlas creado. Si todav\u00eda no lo has hecho, te recomendamos que consultes primero este tutorial: C\u00f3mo crear cuotas de clientes. Con nuestras cuotas ya creadas, tendremos que facturarlas utilizando un filtro en el m\u00f3dulo de Ventas del programa. En el siguiente v\u00eddeo te explicamos c\u00f3mo facturar cuotas en Secre.\u00a0 [&hellip;]","og_url":"https:\/\/aplimedia.com\/tutoriales\/clientes\/facturacion-de-cuotas\/","og_site_name":"Tutoriales de Secre","article_modified_time":"2025-03-13T16:22:54+00:00","og_image":[{"width":1920,"height":1037,"url":"https:\/\/aplimedia.com\/tutoriales\/wp-content\/uploads\/2019\/01\/facturarcuotas1.png","type":"image\/png"}],"twitter_card":"summary_large_image","twitter_misc":{"Tiempo de lectura":"3 minutos"},"schema":{"@context":"https:\/\/schema.org","@graph":[{"@type":"WebPage","@id":"https:\/\/aplimedia.com\/tutoriales\/clientes\/facturacion-de-cuotas\/","url":"https:\/\/aplimedia.com\/tutoriales\/clientes\/facturacion-de-cuotas\/","name":"Facturaci\u00f3n de cuotas | Tutoriales de Secre","isPartOf":{"@id":"https:\/\/aplimedia.com\/tutoriales\/#website"},"primaryImageOfPage":{"@id":"https:\/\/aplimedia.com\/tutoriales\/clientes\/facturacion-de-cuotas\/#primaryimage"},"image":{"@id":"https:\/\/aplimedia.com\/tutoriales\/clientes\/facturacion-de-cuotas\/#primaryimage"},"thumbnailUrl":"https:\/\/aplimedia.com\/tutoriales\/wp-content\/uploads\/2019\/01\/facturarcuotas1-1024x553.png","datePublished":"2019-01-29T16:02:25+00:00","dateModified":"2025-03-13T16:22:54+00:00","breadcrumb":{"@id":"https:\/\/aplimedia.com\/tutoriales\/clientes\/facturacion-de-cuotas\/#breadcrumb"},"inLanguage":"es","potentialAction":[{"@type":"ReadAction","target":["https:\/\/aplimedia.com\/tutoriales\/clientes\/facturacion-de-cuotas\/"]}]},{"@type":"ImageObject","inLanguage":"es","@id":"https:\/\/aplimedia.com\/tutoriales\/clientes\/facturacion-de-cuotas\/#primaryimage","url":"https:\/\/aplimedia.com\/tutoriales\/wp-content\/uploads\/2019\/01\/facturarcuotas1.png","contentUrl":"https:\/\/aplimedia.com\/tutoriales\/wp-content\/uploads\/2019\/01\/facturarcuotas1.png","width":1920,"height":1037},{"@type":"BreadcrumbList","@id":"https:\/\/aplimedia.com\/tutoriales\/clientes\/facturacion-de-cuotas\/#breadcrumb","itemListElement":[{"@type":"ListItem","position":1,"name":"Tutoriales","item":"https:\/\/aplimedia.com\/tutoriales\/"},{"@type":"ListItem","position":2,"name":"Clientes","item":"https:\/\/aplimedia.com\/tutoriales\/clientes\/"},{"@type":"ListItem","position":3,"name":"Facturaci\u00f3n de cuotas"}]},{"@type":"WebSite","@id":"https:\/\/aplimedia.com\/tutoriales\/#website","url":"https:\/\/aplimedia.com\/tutoriales\/","name":"Tutoriales de Secre","description":"Tutoriales del software de gesti\u00f3n Secre","publisher":{"@id":"https:\/\/aplimedia.com\/tutoriales\/#organization"},"potentialAction":[{"@type":"SearchAction","target":{"@type":"EntryPoint","urlTemplate":"https:\/\/aplimedia.com\/tutoriales\/?s={search_term_string}"},"query-input":{"@type":"PropertyValueSpecification","valueRequired":true,"valueName":"search_term_string"}}],"inLanguage":"es"},{"@type":"Organization","@id":"https:\/\/aplimedia.com\/tutoriales\/#organization","name":"Tutoriales de Secre","url":"https:\/\/aplimedia.com\/tutoriales\/","logo":{"@type":"ImageObject","inLanguage":"es","@id":"https:\/\/aplimedia.com\/tutoriales\/#\/schema\/logo\/image\/","url":"https:\/\/aplimedia.com\/tutoriales\/wp-content\/uploads\/2022\/03\/cropped-logotipo-aplimedia.png","contentUrl":"https:\/\/aplimedia.com\/tutoriales\/wp-content\/uploads\/2022\/03\/cropped-logotipo-aplimedia.png","width":2000,"height":658,"caption":"Tutoriales de Secre"},"image":{"@id":"https:\/\/aplimedia.com\/tutoriales\/#\/schema\/logo\/image\/"}}]}},"_links":{"self":[{"href":"https:\/\/aplimedia.com\/tutoriales\/wp-json\/wp\/v2\/pages\/1474","targetHints":{"allow":["GET"]}}],"collection":[{"href":"https:\/\/aplimedia.com\/tutoriales\/wp-json\/wp\/v2\/pages"}],"about":[{"href":"https:\/\/aplimedia.com\/tutoriales\/wp-json\/wp\/v2\/types\/page"}],"author":[{"embeddable":true,"href":"https:\/\/aplimedia.com\/tutoriales\/wp-json\/wp\/v2\/users\/1"}],"replies":[{"embeddable":true,"href":"https:\/\/aplimedia.com\/tutoriales\/wp-json\/wp\/v2\/comments?post=1474"}],"version-history":[{"count":0,"href":"https:\/\/aplimedia.com\/tutoriales\/wp-json\/wp\/v2\/pages\/1474\/revisions"}],"up":[{"embeddable":true,"href":"https:\/\/aplimedia.com\/tutoriales\/wp-json\/wp\/v2\/pages\/1660"}],"wp:attachment":[{"href":"https:\/\/aplimedia.com\/tutoriales\/wp-json\/wp\/v2\/media?parent=1474"}],"curies":[{"name":"wp","href":"https:\/\/api.w.org\/{rel}","templated":true}]}}