{"id":1453,"date":"2019-01-28T16:46:53","date_gmt":"2019-01-28T16:46:53","guid":{"rendered":"https:\/\/aplimedia.com\/tutoriales\/?page_id=1453"},"modified":"2025-03-14T08:57:02","modified_gmt":"2025-03-14T08:57:02","slug":"otras-direcciones","status":"publish","type":"page","link":"https:\/\/aplimedia.com\/tutoriales\/clientes\/otras-direcciones\/","title":{"rendered":"Pesta\u00f1a \u00abOtras direcciones\u00bb"},"content":{"rendered":"\t\t<div data-elementor-type=\"wp-post\" data-elementor-id=\"1453\" class=\"elementor elementor-1453\" data-elementor-post-type=\"page\">\n\t\t\t\t\t\t<section class=\"elementor-section elementor-top-section elementor-element elementor-element-4594cb3e elementor-section-stretched elementor-section-boxed elementor-section-height-default elementor-section-height-default\" data-id=\"4594cb3e\" data-element_type=\"section\" data-e-type=\"section\" data-settings=\"{&quot;stretch_section&quot;:&quot;section-stretched&quot;}\">\n\t\t\t\t\t\t<div class=\"elementor-container elementor-column-gap-default\">\n\t\t\t\t\t<div class=\"elementor-column elementor-col-100 elementor-top-column elementor-element elementor-element-53a1879d\" data-id=\"53a1879d\" data-element_type=\"column\" data-e-type=\"column\">\n\t\t\t<div class=\"elementor-widget-wrap elementor-element-populated\">\n\t\t\t\t\t\t<div class=\"elementor-element elementor-element-186f29e2 elementor-widget elementor-widget-text-editor\" data-id=\"186f29e2\" data-element_type=\"widget\" data-e-type=\"widget\" data-widget_type=\"text-editor.default\">\n\t\t\t\t<div class=\"elementor-widget-container\">\n\t\t\t\t\t\t\t\t\t<p>Una vez ya hayas dado de alta a tu cliente en el programa, se te habilitar\u00e1 la pesta\u00f1a \u201c<strong>Otras direcciones<\/strong>\u201d.<\/p><p>Si tu cliente tiene distintas localizaciones que te pueden ser de inter\u00e9s, como por ejemplo un almac\u00e9n donde hay que realizar entregas, puedes a\u00f1adirlas a este pantalla y configurar diversos ajustes por defecto.\u00a0<\/p>\t\t\t\t\t\t\t\t<\/div>\n\t\t\t\t<\/div>\n\t\t\t\t<section class=\"elementor-section elementor-inner-section elementor-element elementor-element-19d6945 elementor-section-boxed elementor-section-height-default elementor-section-height-default\" data-id=\"19d6945\" data-element_type=\"section\" data-e-type=\"section\">\n\t\t\t\t\t\t<div class=\"elementor-container elementor-column-gap-default\">\n\t\t\t\t\t<div class=\"elementor-column elementor-col-100 elementor-inner-column elementor-element elementor-element-42a4ab8\" data-id=\"42a4ab8\" data-element_type=\"column\" data-e-type=\"column\">\n\t\t\t<div class=\"elementor-widget-wrap elementor-element-populated\">\n\t\t\t\t\t\t<div class=\"elementor-element elementor-element-927a769 elementor-widget elementor-widget-image\" data-id=\"927a769\" data-element_type=\"widget\" data-e-type=\"widget\" data-widget_type=\"image.default\">\n\t\t\t\t<div class=\"elementor-widget-container\">\n\t\t\t\t\t\t\t\t\t\t\t\t\t\t\t\t<a href=\"https:\/\/aplimedia.com\/tutoriales\/wp-content\/uploads\/2019\/01\/otrasdirecciones.png\" data-elementor-open-lightbox=\"yes\" data-elementor-lightbox-title=\"otrasdirecciones\" data-e-action-hash=\"#elementor-action%3Aaction%3Dlightbox%26settings%3DeyJpZCI6MTQ1NywidXJsIjoiaHR0cHM6XC9cL2FwbGltZWRpYS5jb21cL3R1dG9yaWFsZXNcL3dwLWNvbnRlbnRcL3VwbG9hZHNcLzIwMTlcLzAxXC9vdHJhc2RpcmVjY2lvbmVzLnBuZyJ9\">\n\t\t\t\t\t\t\t<img fetchpriority=\"high\" decoding=\"async\" width=\"1024\" height=\"555\" src=\"https:\/\/aplimedia.com\/tutoriales\/wp-content\/uploads\/2019\/01\/otrasdirecciones-1024x555.png\" class=\"attachment-large size-large wp-image-1457\" alt=\"\" srcset=\"https:\/\/aplimedia.com\/tutoriales\/wp-content\/uploads\/2019\/01\/otrasdirecciones-1024x555.png 1024w, https:\/\/aplimedia.com\/tutoriales\/wp-content\/uploads\/2019\/01\/otrasdirecciones-300x163.png 300w, https:\/\/aplimedia.com\/tutoriales\/wp-content\/uploads\/2019\/01\/otrasdirecciones-768x416.png 768w, https:\/\/aplimedia.com\/tutoriales\/wp-content\/uploads\/2019\/01\/otrasdirecciones.png 1920w\" sizes=\"(max-width: 1024px) 100vw, 1024px\" \/>\t\t\t\t\t\t\t\t<\/a>\n\t\t\t\t\t\t\t\t\t\t\t\t\t\t\t<\/div>\n\t\t\t\t<\/div>\n\t\t\t\t\t<\/div>\n\t\t<\/div>\n\t\t\t\t\t<\/div>\n\t\t<\/section>\n\t\t\t\t<div class=\"elementor-element elementor-element-889d0ad elementor-widget elementor-widget-text-editor\" data-id=\"889d0ad\" data-element_type=\"widget\" data-e-type=\"widget\" data-widget_type=\"text-editor.default\">\n\t\t\t\t<div class=\"elementor-widget-container\">\n\t\t\t\t\t\t\t\t\t<p>Para<strong> a\u00f1adir una direcci\u00f3n<\/strong> a la ficha de tu cliente sit\u00faate en la pesta\u00f1a \u00abOtras direcciones\u00bb y rellena los campos que ves a la izquierda (Nombre, contacto, direcci\u00f3n, c\u00f3digo postal, etc.) con los datos de la direcci\u00f3n.<\/p><p>Una vez rellenados los datos, para guardar la direcci\u00f3n, haz clic en la flecha que apunta hacia la derecha.<\/p>\t\t\t\t\t\t\t\t<\/div>\n\t\t\t\t<\/div>\n\t\t\t\t<section class=\"elementor-section elementor-inner-section elementor-element elementor-element-5e05c4f elementor-section-boxed elementor-section-height-default elementor-section-height-default\" data-id=\"5e05c4f\" data-element_type=\"section\" data-e-type=\"section\">\n\t\t\t\t\t\t<div class=\"elementor-container elementor-column-gap-default\">\n\t\t\t\t\t<div class=\"elementor-column elementor-col-100 elementor-inner-column elementor-element elementor-element-706c24c\" data-id=\"706c24c\" data-element_type=\"column\" data-e-type=\"column\">\n\t\t\t<div class=\"elementor-widget-wrap elementor-element-populated\">\n\t\t\t\t\t\t<div class=\"elementor-element elementor-element-799364a elementor-widget elementor-widget-image\" data-id=\"799364a\" data-element_type=\"widget\" data-e-type=\"widget\" data-widget_type=\"image.default\">\n\t\t\t\t<div class=\"elementor-widget-container\">\n\t\t\t\t\t\t\t\t\t\t\t\t\t\t\t\t<a href=\"https:\/\/aplimedia.com\/tutoriales\/wp-content\/uploads\/2019\/01\/otrasdirecciones2.png\" data-elementor-open-lightbox=\"yes\" data-elementor-lightbox-title=\"otrasdirecciones2\" data-e-action-hash=\"#elementor-action%3Aaction%3Dlightbox%26settings%3DeyJpZCI6MTQ1OCwidXJsIjoiaHR0cHM6XC9cL2FwbGltZWRpYS5jb21cL3R1dG9yaWFsZXNcL3dwLWNvbnRlbnRcL3VwbG9hZHNcLzIwMTlcLzAxXC9vdHJhc2RpcmVjY2lvbmVzMi5wbmcifQ%3D%3D\">\n\t\t\t\t\t\t\t<img decoding=\"async\" width=\"1024\" height=\"554\" src=\"https:\/\/aplimedia.com\/tutoriales\/wp-content\/uploads\/2019\/01\/otrasdirecciones2-1024x554.png\" class=\"attachment-large size-large wp-image-1458\" alt=\"\" srcset=\"https:\/\/aplimedia.com\/tutoriales\/wp-content\/uploads\/2019\/01\/otrasdirecciones2-1024x554.png 1024w, https:\/\/aplimedia.com\/tutoriales\/wp-content\/uploads\/2019\/01\/otrasdirecciones2-300x162.png 300w, https:\/\/aplimedia.com\/tutoriales\/wp-content\/uploads\/2019\/01\/otrasdirecciones2-768x416.png 768w, https:\/\/aplimedia.com\/tutoriales\/wp-content\/uploads\/2019\/01\/otrasdirecciones2.png 1920w\" sizes=\"(max-width: 1024px) 100vw, 1024px\" \/>\t\t\t\t\t\t\t\t<\/a>\n\t\t\t\t\t\t\t\t\t\t\t\t\t\t\t<\/div>\n\t\t\t\t<\/div>\n\t\t\t\t<div class=\"elementor-element elementor-element-611cec3 elementor-widget elementor-widget-text-editor\" data-id=\"611cec3\" data-element_type=\"widget\" data-e-type=\"widget\" data-widget_type=\"text-editor.default\">\n\t\t\t\t<div class=\"elementor-widget-container\">\n\t\t\t\t\t\t\t\t\t<p>Para eliminar una direcci\u00f3n creada, la seleccionaremos del listado de la derecha y haremos clic sobre la flecha que apunta a la izquierda.<\/p><p>Ten en cuenta que no podr\u00e1s eliminar direcciones utilizadas previamente en alguna venta.<\/p>\t\t\t\t\t\t\t\t<\/div>\n\t\t\t\t<\/div>\n\t\t\t\t<div class=\"elementor-element elementor-element-42fb98b elementor-widget elementor-widget-heading\" data-id=\"42fb98b\" data-element_type=\"widget\" data-e-type=\"widget\" data-widget_type=\"heading.default\">\n\t\t\t\t<div class=\"elementor-widget-container\">\n\t\t\t\t\t<h2 class=\"elementor-heading-title elementor-size-default\">Configurar direcciones como predeterminadas<\/h2>\t\t\t\t<\/div>\n\t\t\t\t<\/div>\n\t\t\t\t<div class=\"elementor-element elementor-element-20468ee elementor-widget elementor-widget-text-editor\" data-id=\"20468ee\" data-element_type=\"widget\" data-e-type=\"widget\" data-widget_type=\"text-editor.default\">\n\t\t\t\t<div class=\"elementor-widget-container\">\n\t\t\t\t\t\t\t\t\t<p>Como ver\u00e1s en el lado izquierdo de la pantalla, dispones de varios botones que te permiten seleccionar cu\u00e1l es la direcci\u00f3n que debe seleccionarse de forma predeterminada en tus ventas como <strong>direcci\u00f3n de entrega, direcci\u00f3n de facturaci\u00f3n<\/strong> y <strong>direcci\u00f3n de env\u00edo de factura<\/strong>.<\/p><p>Por defecto, la direcci\u00f3n predeterminada en los tres casos, es la direcci\u00f3n que se haya introducido en los <strong>Datos Generales<\/strong> del cliente.<\/p><p>Si queremos seleccionar una direcci\u00f3n que hayamos creado en \u00abOtras direcciones\u00bb como predeterminada, tendremos que seleccionarla del listado derecho y, despu\u00e9s, hacer clic en la opci\u00f3n que corresponda seg\u00fan queramos configurarla como direcci\u00f3n predeterminada de entrega, de facturaci\u00f3n o de env\u00edo de factura:<\/p><ul><li>Establecer la direcci\u00f3n seleccionada como direcci\u00f3n de entrega predeterminada.<\/li><li>Establecer la direcci\u00f3n seleccionada como direcci\u00f3n de Facturaci\u00f3n predeterminada.<\/li><li>Establecer la direcci\u00f3n seleccionada como direcci\u00f3n de env\u00edo de la factura.<\/li><\/ul>\t\t\t\t\t\t\t\t<\/div>\n\t\t\t\t<\/div>\n\t\t\t\t<div class=\"elementor-element elementor-element-4f43646 elementor-widget elementor-widget-text-editor\" data-id=\"4f43646\" data-element_type=\"widget\" data-e-type=\"widget\" data-widget_type=\"text-editor.default\">\n\t\t\t\t<div class=\"elementor-widget-container\">\n\t\t\t\t\t\t\t\t\t<p>Si hubi\u00e9ramos seleccionado una direcci\u00f3n de \u00abOtras direcciones\u00bb como predeterminada y quisi\u00e9ramos eliminar esta configuraci\u00f3n para volver a poner como predeterminada la direcci\u00f3n de \u00abDatos generales\u00bb, simplemente har\u00edamos clic en el bot\u00f3n que corresponda, a elegir entre:<\/p><ul><li>Establecer como direcci\u00f3n de entrega predeterminada la que aparece en datos generales.<\/li><li>Establecer como direcci\u00f3n de Facturaci\u00f3n predeterminada la que aparece en datos generales.<\/li><li>Establecer como direcci\u00f3n de env\u00edo de la factura predeterminada la que aparece en datos generales.<\/li><\/ul>\t\t\t\t\t\t\t\t<\/div>\n\t\t\t\t<\/div>\n\t\t\t\t<div class=\"elementor-element elementor-element-ff9e59d elementor-widget elementor-widget-image\" data-id=\"ff9e59d\" data-element_type=\"widget\" data-e-type=\"widget\" data-widget_type=\"image.default\">\n\t\t\t\t<div class=\"elementor-widget-container\">\n\t\t\t\t\t\t\t\t\t\t\t\t\t\t\t<img decoding=\"async\" width=\"719\" height=\"298\" src=\"https:\/\/aplimedia.com\/tutoriales\/wp-content\/uploads\/2025\/03\/otrasdireccionesclientes.png\" class=\"attachment-large size-large wp-image-9416\" alt=\"\" \/>\t\t\t\t\t\t\t\t\t\t\t\t\t\t\t<\/div>\n\t\t\t\t<\/div>\n\t\t\t\t<div class=\"elementor-element elementor-element-c84927e elementor-widget elementor-widget-text-editor\" data-id=\"c84927e\" data-element_type=\"widget\" data-e-type=\"widget\" data-widget_type=\"text-editor.default\">\n\t\t\t\t<div class=\"elementor-widget-container\">\n\t\t\t\t\t\t\t\t\t<p>Ten en cuenta que las opciones que configuremos aqu\u00ed solo tendr\u00e1n efecto sobre las ventas que creemos a partir de ese momento.<\/p><p>Si quisi\u00e9ramos modificar la direcci\u00f3n de entrega, facturaci\u00f3n o env\u00edo de factura de una venta que ya estuviera creada, tendr\u00edamos que hacerlo desde la propia venta, en el men\u00fa <em>Ver&gt;Mostrar direcci\u00f3n de entrega<\/em>, <em>Ver&gt;Mostrar direcci\u00f3n de facturaci\u00f3n<\/em> o <em>Ver&gt;Mostrar direcci\u00f3n de env\u00edo de facturaci\u00f3n<\/em>.<\/p>\t\t\t\t\t\t\t\t<\/div>\n\t\t\t\t<\/div>\n\t\t\t\t\t<\/div>\n\t\t<\/div>\n\t\t\t\t\t<\/div>\n\t\t<\/section>\n\t\t\t\t<div class=\"elementor-element elementor-element-30b39e9c elementor-widget elementor-widget-spacer\" data-id=\"30b39e9c\" data-element_type=\"widget\" data-e-type=\"widget\" data-widget_type=\"spacer.default\">\n\t\t\t\t<div class=\"elementor-widget-container\">\n\t\t\t\t\t\t\t<div class=\"elementor-spacer\">\n\t\t\t<div class=\"elementor-spacer-inner\"><\/div>\n\t\t<\/div>\n\t\t\t\t\t\t<\/div>\n\t\t\t\t<\/div>\n\t\t\t\t\t<\/div>\n\t\t<\/div>\n\t\t\t\t\t<\/div>\n\t\t<\/section>\n\t\t\t\t<\/div>\n\t\t","protected":false},"excerpt":{"rendered":"<p>Una vez ya hayas dado de alta a tu cliente en el programa, se te habilitar\u00e1 la pesta\u00f1a \u201cOtras direcciones\u201d. Si tu cliente tiene distintas localizaciones que te pueden ser de inter\u00e9s, como por ejemplo un almac\u00e9n donde hay que realizar entregas, puedes a\u00f1adirlas a este pantalla y configurar diversos ajustes por defecto.\u00a0 Para a\u00f1adir [&hellip;]<\/p>\n","protected":false},"author":1,"featured_media":0,"parent":1660,"menu_order":0,"comment_status":"closed","ping_status":"closed","template":"","meta":{"footnotes":""},"class_list":["post-1453","page","type-page","status-publish","hentry"],"yoast_head":"<!-- This site is optimized with the Yoast SEO plugin v27.5 - https:\/\/yoast.com\/product\/yoast-seo-wordpress\/ -->\n<title>Pesta\u00f1a &quot;Otras direcciones&quot; | Tutoriales de Secre<\/title>\n<meta name=\"robots\" content=\"index, follow, max-snippet:-1, max-image-preview:large, max-video-preview:-1\" \/>\n<link rel=\"canonical\" href=\"https:\/\/aplimedia.com\/tutoriales\/clientes\/otras-direcciones\/\" \/>\n<meta property=\"og:locale\" content=\"es_ES\" \/>\n<meta property=\"og:type\" content=\"article\" \/>\n<meta property=\"og:title\" content=\"Pesta\u00f1a &quot;Otras direcciones&quot; | Tutoriales de Secre\" \/>\n<meta property=\"og:description\" content=\"Una vez ya hayas dado de alta a tu cliente en el programa, se te habilitar\u00e1 la pesta\u00f1a \u201cOtras direcciones\u201d. Si tu cliente tiene distintas localizaciones que te pueden ser de inter\u00e9s, como por ejemplo un almac\u00e9n donde hay que realizar entregas, puedes a\u00f1adirlas a este pantalla y configurar diversos ajustes por defecto.\u00a0 Para a\u00f1adir [&hellip;]\" \/>\n<meta property=\"og:url\" content=\"https:\/\/aplimedia.com\/tutoriales\/clientes\/otras-direcciones\/\" \/>\n<meta property=\"og:site_name\" content=\"Tutoriales de Secre\" \/>\n<meta property=\"article:modified_time\" content=\"2025-03-14T08:57:02+00:00\" \/>\n<meta property=\"og:image\" content=\"https:\/\/aplimedia.com\/tutoriales\/wp-content\/uploads\/2019\/01\/otrasdirecciones.png\" \/>\n\t<meta property=\"og:image:width\" content=\"1920\" \/>\n\t<meta property=\"og:image:height\" content=\"1041\" \/>\n\t<meta property=\"og:image:type\" content=\"image\/png\" \/>\n<meta name=\"twitter:card\" content=\"summary_large_image\" \/>\n<meta name=\"twitter:label1\" content=\"Tiempo de lectura\" \/>\n\t<meta name=\"twitter:data1\" content=\"3 minutos\" \/>\n<script type=\"application\/ld+json\" class=\"yoast-schema-graph\">{\"@context\":\"https:\\\/\\\/schema.org\",\"@graph\":[{\"@type\":\"WebPage\",\"@id\":\"https:\\\/\\\/aplimedia.com\\\/tutoriales\\\/clientes\\\/otras-direcciones\\\/\",\"url\":\"https:\\\/\\\/aplimedia.com\\\/tutoriales\\\/clientes\\\/otras-direcciones\\\/\",\"name\":\"Pesta\u00f1a \\\"Otras direcciones\\\" | Tutoriales de Secre\",\"isPartOf\":{\"@id\":\"https:\\\/\\\/aplimedia.com\\\/tutoriales\\\/#website\"},\"primaryImageOfPage\":{\"@id\":\"https:\\\/\\\/aplimedia.com\\\/tutoriales\\\/clientes\\\/otras-direcciones\\\/#primaryimage\"},\"image\":{\"@id\":\"https:\\\/\\\/aplimedia.com\\\/tutoriales\\\/clientes\\\/otras-direcciones\\\/#primaryimage\"},\"thumbnailUrl\":\"https:\\\/\\\/aplimedia.com\\\/tutoriales\\\/wp-content\\\/uploads\\\/2019\\\/01\\\/otrasdirecciones-1024x555.png\",\"datePublished\":\"2019-01-28T16:46:53+00:00\",\"dateModified\":\"2025-03-14T08:57:02+00:00\",\"breadcrumb\":{\"@id\":\"https:\\\/\\\/aplimedia.com\\\/tutoriales\\\/clientes\\\/otras-direcciones\\\/#breadcrumb\"},\"inLanguage\":\"es\",\"potentialAction\":[{\"@type\":\"ReadAction\",\"target\":[\"https:\\\/\\\/aplimedia.com\\\/tutoriales\\\/clientes\\\/otras-direcciones\\\/\"]}]},{\"@type\":\"ImageObject\",\"inLanguage\":\"es\",\"@id\":\"https:\\\/\\\/aplimedia.com\\\/tutoriales\\\/clientes\\\/otras-direcciones\\\/#primaryimage\",\"url\":\"https:\\\/\\\/aplimedia.com\\\/tutoriales\\\/wp-content\\\/uploads\\\/2019\\\/01\\\/otrasdirecciones.png\",\"contentUrl\":\"https:\\\/\\\/aplimedia.com\\\/tutoriales\\\/wp-content\\\/uploads\\\/2019\\\/01\\\/otrasdirecciones.png\",\"width\":1920,\"height\":1041},{\"@type\":\"BreadcrumbList\",\"@id\":\"https:\\\/\\\/aplimedia.com\\\/tutoriales\\\/clientes\\\/otras-direcciones\\\/#breadcrumb\",\"itemListElement\":[{\"@type\":\"ListItem\",\"position\":1,\"name\":\"Tutoriales\",\"item\":\"https:\\\/\\\/aplimedia.com\\\/tutoriales\\\/\"},{\"@type\":\"ListItem\",\"position\":2,\"name\":\"Clientes\",\"item\":\"https:\\\/\\\/aplimedia.com\\\/tutoriales\\\/clientes\\\/\"},{\"@type\":\"ListItem\",\"position\":3,\"name\":\"Pesta\u00f1a \u00abOtras direcciones\u00bb\"}]},{\"@type\":\"WebSite\",\"@id\":\"https:\\\/\\\/aplimedia.com\\\/tutoriales\\\/#website\",\"url\":\"https:\\\/\\\/aplimedia.com\\\/tutoriales\\\/\",\"name\":\"Tutoriales de Secre\",\"description\":\"Tutoriales del software de gesti\u00f3n Secre\",\"publisher\":{\"@id\":\"https:\\\/\\\/aplimedia.com\\\/tutoriales\\\/#organization\"},\"potentialAction\":[{\"@type\":\"SearchAction\",\"target\":{\"@type\":\"EntryPoint\",\"urlTemplate\":\"https:\\\/\\\/aplimedia.com\\\/tutoriales\\\/?s={search_term_string}\"},\"query-input\":{\"@type\":\"PropertyValueSpecification\",\"valueRequired\":true,\"valueName\":\"search_term_string\"}}],\"inLanguage\":\"es\"},{\"@type\":\"Organization\",\"@id\":\"https:\\\/\\\/aplimedia.com\\\/tutoriales\\\/#organization\",\"name\":\"Tutoriales de Secre\",\"url\":\"https:\\\/\\\/aplimedia.com\\\/tutoriales\\\/\",\"logo\":{\"@type\":\"ImageObject\",\"inLanguage\":\"es\",\"@id\":\"https:\\\/\\\/aplimedia.com\\\/tutoriales\\\/#\\\/schema\\\/logo\\\/image\\\/\",\"url\":\"https:\\\/\\\/aplimedia.com\\\/tutoriales\\\/wp-content\\\/uploads\\\/2022\\\/03\\\/cropped-logotipo-aplimedia.png\",\"contentUrl\":\"https:\\\/\\\/aplimedia.com\\\/tutoriales\\\/wp-content\\\/uploads\\\/2022\\\/03\\\/cropped-logotipo-aplimedia.png\",\"width\":2000,\"height\":658,\"caption\":\"Tutoriales de Secre\"},\"image\":{\"@id\":\"https:\\\/\\\/aplimedia.com\\\/tutoriales\\\/#\\\/schema\\\/logo\\\/image\\\/\"}}]}<\/script>\n<!-- \/ Yoast SEO plugin. -->","yoast_head_json":{"title":"Pesta\u00f1a \"Otras direcciones\" | Tutoriales de Secre","robots":{"index":"index","follow":"follow","max-snippet":"max-snippet:-1","max-image-preview":"max-image-preview:large","max-video-preview":"max-video-preview:-1"},"canonical":"https:\/\/aplimedia.com\/tutoriales\/clientes\/otras-direcciones\/","og_locale":"es_ES","og_type":"article","og_title":"Pesta\u00f1a \"Otras direcciones\" | Tutoriales de Secre","og_description":"Una vez ya hayas dado de alta a tu cliente en el programa, se te habilitar\u00e1 la pesta\u00f1a \u201cOtras direcciones\u201d. Si tu cliente tiene distintas localizaciones que te pueden ser de inter\u00e9s, como por ejemplo un almac\u00e9n donde hay que realizar entregas, puedes a\u00f1adirlas a este pantalla y configurar diversos ajustes por defecto.\u00a0 Para a\u00f1adir [&hellip;]","og_url":"https:\/\/aplimedia.com\/tutoriales\/clientes\/otras-direcciones\/","og_site_name":"Tutoriales de Secre","article_modified_time":"2025-03-14T08:57:02+00:00","og_image":[{"width":1920,"height":1041,"url":"https:\/\/aplimedia.com\/tutoriales\/wp-content\/uploads\/2019\/01\/otrasdirecciones.png","type":"image\/png"}],"twitter_card":"summary_large_image","twitter_misc":{"Tiempo de lectura":"3 minutos"},"schema":{"@context":"https:\/\/schema.org","@graph":[{"@type":"WebPage","@id":"https:\/\/aplimedia.com\/tutoriales\/clientes\/otras-direcciones\/","url":"https:\/\/aplimedia.com\/tutoriales\/clientes\/otras-direcciones\/","name":"Pesta\u00f1a \"Otras direcciones\" | Tutoriales de Secre","isPartOf":{"@id":"https:\/\/aplimedia.com\/tutoriales\/#website"},"primaryImageOfPage":{"@id":"https:\/\/aplimedia.com\/tutoriales\/clientes\/otras-direcciones\/#primaryimage"},"image":{"@id":"https:\/\/aplimedia.com\/tutoriales\/clientes\/otras-direcciones\/#primaryimage"},"thumbnailUrl":"https:\/\/aplimedia.com\/tutoriales\/wp-content\/uploads\/2019\/01\/otrasdirecciones-1024x555.png","datePublished":"2019-01-28T16:46:53+00:00","dateModified":"2025-03-14T08:57:02+00:00","breadcrumb":{"@id":"https:\/\/aplimedia.com\/tutoriales\/clientes\/otras-direcciones\/#breadcrumb"},"inLanguage":"es","potentialAction":[{"@type":"ReadAction","target":["https:\/\/aplimedia.com\/tutoriales\/clientes\/otras-direcciones\/"]}]},{"@type":"ImageObject","inLanguage":"es","@id":"https:\/\/aplimedia.com\/tutoriales\/clientes\/otras-direcciones\/#primaryimage","url":"https:\/\/aplimedia.com\/tutoriales\/wp-content\/uploads\/2019\/01\/otrasdirecciones.png","contentUrl":"https:\/\/aplimedia.com\/tutoriales\/wp-content\/uploads\/2019\/01\/otrasdirecciones.png","width":1920,"height":1041},{"@type":"BreadcrumbList","@id":"https:\/\/aplimedia.com\/tutoriales\/clientes\/otras-direcciones\/#breadcrumb","itemListElement":[{"@type":"ListItem","position":1,"name":"Tutoriales","item":"https:\/\/aplimedia.com\/tutoriales\/"},{"@type":"ListItem","position":2,"name":"Clientes","item":"https:\/\/aplimedia.com\/tutoriales\/clientes\/"},{"@type":"ListItem","position":3,"name":"Pesta\u00f1a \u00abOtras direcciones\u00bb"}]},{"@type":"WebSite","@id":"https:\/\/aplimedia.com\/tutoriales\/#website","url":"https:\/\/aplimedia.com\/tutoriales\/","name":"Tutoriales de Secre","description":"Tutoriales del software de gesti\u00f3n Secre","publisher":{"@id":"https:\/\/aplimedia.com\/tutoriales\/#organization"},"potentialAction":[{"@type":"SearchAction","target":{"@type":"EntryPoint","urlTemplate":"https:\/\/aplimedia.com\/tutoriales\/?s={search_term_string}"},"query-input":{"@type":"PropertyValueSpecification","valueRequired":true,"valueName":"search_term_string"}}],"inLanguage":"es"},{"@type":"Organization","@id":"https:\/\/aplimedia.com\/tutoriales\/#organization","name":"Tutoriales de Secre","url":"https:\/\/aplimedia.com\/tutoriales\/","logo":{"@type":"ImageObject","inLanguage":"es","@id":"https:\/\/aplimedia.com\/tutoriales\/#\/schema\/logo\/image\/","url":"https:\/\/aplimedia.com\/tutoriales\/wp-content\/uploads\/2022\/03\/cropped-logotipo-aplimedia.png","contentUrl":"https:\/\/aplimedia.com\/tutoriales\/wp-content\/uploads\/2022\/03\/cropped-logotipo-aplimedia.png","width":2000,"height":658,"caption":"Tutoriales de Secre"},"image":{"@id":"https:\/\/aplimedia.com\/tutoriales\/#\/schema\/logo\/image\/"}}]}},"_links":{"self":[{"href":"https:\/\/aplimedia.com\/tutoriales\/wp-json\/wp\/v2\/pages\/1453","targetHints":{"allow":["GET"]}}],"collection":[{"href":"https:\/\/aplimedia.com\/tutoriales\/wp-json\/wp\/v2\/pages"}],"about":[{"href":"https:\/\/aplimedia.com\/tutoriales\/wp-json\/wp\/v2\/types\/page"}],"author":[{"embeddable":true,"href":"https:\/\/aplimedia.com\/tutoriales\/wp-json\/wp\/v2\/users\/1"}],"replies":[{"embeddable":true,"href":"https:\/\/aplimedia.com\/tutoriales\/wp-json\/wp\/v2\/comments?post=1453"}],"version-history":[{"count":0,"href":"https:\/\/aplimedia.com\/tutoriales\/wp-json\/wp\/v2\/pages\/1453\/revisions"}],"up":[{"embeddable":true,"href":"https:\/\/aplimedia.com\/tutoriales\/wp-json\/wp\/v2\/pages\/1660"}],"wp:attachment":[{"href":"https:\/\/aplimedia.com\/tutoriales\/wp-json\/wp\/v2\/media?parent=1453"}],"curies":[{"name":"wp","href":"https:\/\/api.w.org\/{rel}","templated":true}]}}