{"id":1419,"date":"2019-01-25T11:11:43","date_gmt":"2019-01-25T11:11:43","guid":{"rendered":"https:\/\/aplimedia.com\/tutoriales\/?page_id=1419"},"modified":"2025-03-14T08:37:48","modified_gmt":"2025-03-14T08:37:48","slug":"datos-de-pago","status":"publish","type":"page","link":"https:\/\/aplimedia.com\/tutoriales\/clientes\/datos-de-pago\/","title":{"rendered":"Pesta\u00f1a \u00abDatos de pago\u00bb"},"content":{"rendered":"\t\t<div data-elementor-type=\"wp-post\" data-elementor-id=\"1419\" class=\"elementor elementor-1419\" data-elementor-post-type=\"page\">\n\t\t\t\t\t\t<section class=\"elementor-section elementor-top-section elementor-element elementor-element-4594cb3e elementor-section-stretched elementor-section-boxed elementor-section-height-default elementor-section-height-default\" data-id=\"4594cb3e\" data-element_type=\"section\" data-e-type=\"section\" data-settings=\"{&quot;stretch_section&quot;:&quot;section-stretched&quot;}\">\n\t\t\t\t\t\t<div class=\"elementor-container elementor-column-gap-default\">\n\t\t\t\t\t<div class=\"elementor-column elementor-col-100 elementor-top-column elementor-element elementor-element-53a1879d\" data-id=\"53a1879d\" data-element_type=\"column\" data-e-type=\"column\">\n\t\t\t<div class=\"elementor-widget-wrap elementor-element-populated\">\n\t\t\t\t\t\t<div class=\"elementor-element elementor-element-186f29e2 elementor-widget elementor-widget-text-editor\" data-id=\"186f29e2\" data-element_type=\"widget\" data-e-type=\"widget\" data-widget_type=\"text-editor.default\">\n\t\t\t\t<div class=\"elementor-widget-container\">\n\t\t\t\t\t\t\t\t\t<p>Una vez ya hayas dado de alta a tu cliente en el programa, se te habilitar\u00e1 la pesta\u00f1a \u00abDatos de pago\u00bb.&nbsp;<\/p><p>Para configurar la informaci\u00f3n de pago de tu cliente solo necesitas rellenar los datos que ves en pantalla.&nbsp;<\/p><p>Vamos a repasarlos brevemente.<\/p>\t\t\t\t\t\t\t\t<\/div>\n\t\t\t\t<\/div>\n\t\t\t\t<div class=\"elementor-element elementor-element-927a769 elementor-widget elementor-widget-image\" data-id=\"927a769\" data-element_type=\"widget\" data-e-type=\"widget\" data-widget_type=\"image.default\">\n\t\t\t\t<div class=\"elementor-widget-container\">\n\t\t\t\t\t\t\t\t\t\t\t\t\t\t\t\t<a href=\"https:\/\/aplimedia.com\/tutoriales\/wp-content\/uploads\/2019\/01\/datosdepago1.png\" data-elementor-open-lightbox=\"yes\" data-elementor-lightbox-title=\"datosdepago1\" data-e-action-hash=\"#elementor-action%3Aaction%3Dlightbox%26settings%3DeyJpZCI6MTQyMSwidXJsIjoiaHR0cHM6XC9cL2FwbGltZWRpYS5jb21cL3R1dG9yaWFsZXNcL3dwLWNvbnRlbnRcL3VwbG9hZHNcLzIwMTlcLzAxXC9kYXRvc2RlcGFnbzEucG5nIn0%3D\">\n\t\t\t\t\t\t\t<img fetchpriority=\"high\" decoding=\"async\" width=\"1024\" height=\"546\" src=\"https:\/\/aplimedia.com\/tutoriales\/wp-content\/uploads\/2019\/01\/datosdepago1-1024x546.png\" class=\"attachment-large size-large wp-image-1421\" alt=\"\" srcset=\"https:\/\/aplimedia.com\/tutoriales\/wp-content\/uploads\/2019\/01\/datosdepago1-1024x546.png 1024w, https:\/\/aplimedia.com\/tutoriales\/wp-content\/uploads\/2019\/01\/datosdepago1-300x160.png 300w, https:\/\/aplimedia.com\/tutoriales\/wp-content\/uploads\/2019\/01\/datosdepago1-768x410.png 768w, https:\/\/aplimedia.com\/tutoriales\/wp-content\/uploads\/2019\/01\/datosdepago1.png 1920w\" sizes=\"(max-width: 1024px) 100vw, 1024px\" \/>\t\t\t\t\t\t\t\t<\/a>\n\t\t\t\t\t\t\t\t\t\t\t\t\t\t\t<\/div>\n\t\t\t\t<\/div>\n\t\t\t\t<div class=\"elementor-element elementor-element-50322ae elementor-widget elementor-widget-text-editor\" data-id=\"50322ae\" data-element_type=\"widget\" data-e-type=\"widget\" data-widget_type=\"text-editor.default\">\n\t\t\t\t<div class=\"elementor-widget-container\">\n\t\t\t\t\t\t\t\t\t<p><span style=\"text-decoration: underline;\"><strong>Forma de cobro<\/strong><\/span><\/p><p>En este campo puedes seleccionar del desplegable la opci\u00f3n de cobro que quieres usar con este cliente de forma predeterminada.<\/p><p>Esa forma de cobro, ser\u00e1 la que se seleccionar\u00e1 por defecto cuando le creemos nuevas ventas, si bien podremos modificarla a nivel de cada venta cuando proceda.<\/p><p>Recuerda que, si la forma de cobro que deseas utilizar no aparece en el listado, puedes crearla t\u00fa siguiendo estos pasos: <a href=\"https:\/\/aplimedia.com\/tutoriales\/primeros-pasos\/formas-de-cobro-y-pago\/\">C\u00f3mo a\u00f1adir formas de cobro y pago<\/a>.<\/p>\t\t\t\t\t\t\t\t<\/div>\n\t\t\t\t<\/div>\n\t\t\t\t<div class=\"elementor-element elementor-element-c26957b elementor-widget elementor-widget-text-editor\" data-id=\"c26957b\" data-element_type=\"widget\" data-e-type=\"widget\" data-widget_type=\"text-editor.default\">\n\t\t\t\t<div class=\"elementor-widget-container\">\n\t\t\t\t\t\t\t\t\t<p><b><u>Su banco\/cuenta<\/u><\/b><\/p>\n<p>Utiliza el \u00ab+\u00bb a la derecha del campo \u00abSu banco\/cuenta\u00bb para a\u00f1adir las cuentas bancarias del cliente.<\/p><p>Puedes introducir hasta siete cuentas bancarias del cliente, si bien debes seleccionar la principal.<\/p>\n<p>Se te abrir\u00e1 la siguiente pantalla, con los siguientes campos:<\/p>\n<ul>\n<li>Banco. El nombre del banco de tu cliente. No es obligatorio rellenarlo.<\/li>\n<li>Cuenta. Los 20 d\u00edgitos correspondientes a la cuenta bancaria de tu cliente.&nbsp;<\/li>\n<li>IBAN y B.I.C. o SWIFT: estos dos campos los genera autom\u00e1ticamente el programa si haces click sobre ellos y ya has rellenado los d\u00edgitos de la cuenta.<\/li>\n<\/ul>\t\t\t\t\t\t\t\t<\/div>\n\t\t\t\t<\/div>\n\t\t\t\t<div class=\"elementor-element elementor-element-2dcf575 elementor-widget elementor-widget-text-editor\" data-id=\"2dcf575\" data-element_type=\"widget\" data-e-type=\"widget\" data-widget_type=\"text-editor.default\">\n\t\t\t\t<div class=\"elementor-widget-container\">\n\t\t\t\t\t\t\t\t\t<p>Cuando hayas introducido las cuentas bancarias de tu cliente, pincha en el bot\u00f3n \u00abOk\u00bb a la derecha de la que quieras seleccionar como predeterminada. Esa ser\u00e1 la que, por defecto, quedar\u00e1 seleccionada en las nuevas ventas que creemos al cliente, si bien podremos cambiarla a nivel de cada venta cuando proceda.<\/p>\t\t\t\t\t\t\t\t<\/div>\n\t\t\t\t<\/div>\n\t\t\t\t<section class=\"elementor-section elementor-inner-section elementor-element elementor-element-24b22d5 elementor-section-boxed elementor-section-height-default elementor-section-height-default\" data-id=\"24b22d5\" data-element_type=\"section\" data-e-type=\"section\">\n\t\t\t\t\t\t<div class=\"elementor-container elementor-column-gap-default\">\n\t\t\t\t\t<div class=\"elementor-column elementor-col-100 elementor-inner-column elementor-element elementor-element-572175f\" data-id=\"572175f\" data-element_type=\"column\" data-e-type=\"column\">\n\t\t\t<div class=\"elementor-widget-wrap elementor-element-populated\">\n\t\t\t\t\t\t<div class=\"elementor-element elementor-element-8c7a69f elementor-widget elementor-widget-image\" data-id=\"8c7a69f\" data-element_type=\"widget\" data-e-type=\"widget\" data-widget_type=\"image.default\">\n\t\t\t\t<div class=\"elementor-widget-container\">\n\t\t\t\t\t\t\t\t\t\t\t\t\t\t\t\t<a href=\"https:\/\/aplimedia.com\/tutoriales\/wp-content\/uploads\/2019\/01\/datosdepago2.png\" data-elementor-open-lightbox=\"yes\" data-elementor-lightbox-title=\"datosdepago2\" data-e-action-hash=\"#elementor-action%3Aaction%3Dlightbox%26settings%3DeyJpZCI6MTQ1MCwidXJsIjoiaHR0cHM6XC9cL2FwbGltZWRpYS5jb21cL3R1dG9yaWFsZXNcL3dwLWNvbnRlbnRcL3VwbG9hZHNcLzIwMTlcLzAxXC9kYXRvc2RlcGFnbzIucG5nIn0%3D\">\n\t\t\t\t\t\t\t<img decoding=\"async\" width=\"798\" height=\"316\" src=\"https:\/\/aplimedia.com\/tutoriales\/wp-content\/uploads\/2019\/01\/datosdepago2.png\" class=\"attachment-large size-large wp-image-1450\" alt=\"\" srcset=\"https:\/\/aplimedia.com\/tutoriales\/wp-content\/uploads\/2019\/01\/datosdepago2.png 798w, https:\/\/aplimedia.com\/tutoriales\/wp-content\/uploads\/2019\/01\/datosdepago2-300x119.png 300w, https:\/\/aplimedia.com\/tutoriales\/wp-content\/uploads\/2019\/01\/datosdepago2-768x304.png 768w\" sizes=\"(max-width: 798px) 100vw, 798px\" \/>\t\t\t\t\t\t\t\t<\/a>\n\t\t\t\t\t\t\t\t\t\t\t\t\t\t\t<\/div>\n\t\t\t\t<\/div>\n\t\t\t\t\t<\/div>\n\t\t<\/div>\n\t\t\t\t\t<\/div>\n\t\t<\/section>\n\t\t\t\t<div class=\"elementor-element elementor-element-5b2c637 elementor-widget elementor-widget-text-editor\" data-id=\"5b2c637\" data-element_type=\"widget\" data-e-type=\"widget\" data-widget_type=\"text-editor.default\">\n\t\t\t\t<div class=\"elementor-widget-container\">\n\t\t\t\t\t\t\t\t\t<p><span style=\"text-decoration: underline;\"><strong>Nuestro banco<\/strong><\/span><\/p>\n<p>Cu\u00e1l de tus bancos, de los que has dado de alta en el programa, recibir\u00e1 los ingresos de este cliente.&nbsp;<\/p><p>Si no has introducido tus cuentas bancarios, hazlo siguiendo este tutorial: <a href=\"https:\/\/aplimedia.com\/tutoriales\/primeros-pasos\/anadir-cuentas-bancarias\/\">C\u00f3mo a\u00f1adir tus cuentas bancarias<\/a>.<\/p>\t\t\t\t\t\t\t\t<\/div>\n\t\t\t\t<\/div>\n\t\t\t\t<div class=\"elementor-element elementor-element-4b22c65 elementor-widget elementor-widget-text-editor\" data-id=\"4b22c65\" data-element_type=\"widget\" data-e-type=\"widget\" data-widget_type=\"text-editor.default\">\n\t\t\t\t<div class=\"elementor-widget-container\">\n\t\t\t\t\t\t\t\t\t<p><span style=\"text-decoration: underline;\"><strong>Tarifa a aplicar<\/strong><\/span><\/p><p>Secre te permite introducir distintos precios para tus art\u00edculos, para que puedas aplicar distintas tarifas a tus clientes.\u00a0<\/p><p>En este campo puedes seleccionar cu\u00e1l es la tarifa que se aplicar\u00e1 a este cliente.<\/p><p>Puedes consultar c\u00f3mo introducir los distintos precios de tus tarifas en el tutorial: <a href=\"https:\/\/aplimedia.com\/tutoriales\/articulos-stock-almacen\/tarifas-por-articulo\/\">Tarifas por art\u00edculos<\/a>.<\/p>\t\t\t\t\t\t\t\t<\/div>\n\t\t\t\t<\/div>\n\t\t\t\t<div class=\"elementor-element elementor-element-f32e2b2 elementor-widget elementor-widget-text-editor\" data-id=\"f32e2b2\" data-element_type=\"widget\" data-e-type=\"widget\" data-widget_type=\"text-editor.default\">\n\t\t\t\t<div class=\"elementor-widget-container\">\n\t\t\t\t\t\t\t\t\t<p><b><u>Tipo de IVA<\/u><\/b><\/p><p>Cu\u00e1l es el IVA por defecto que se le aplica a este cliente.<\/p><p>Si no ves el tipo de IVA que necesitas en el desplegable, puedes a\u00f1adirlo siguiendo los pasos del tutorial: <a href=\"https:\/\/aplimedia.com\/tutoriales\/primeros-pasos\/tipos-de-iva\/\">Dar de alta tipos de IVA<\/a><\/p>\t\t\t\t\t\t\t\t<\/div>\n\t\t\t\t<\/div>\n\t\t\t\t<div class=\"elementor-element elementor-element-26dd51c elementor-widget elementor-widget-text-editor\" data-id=\"26dd51c\" data-element_type=\"widget\" data-e-type=\"widget\" data-widget_type=\"text-editor.default\">\n\t\t\t\t<div class=\"elementor-widget-container\">\n\t\t\t\t\t\t\t\t\t<p><b><u>Serie de facturaci\u00f3n<\/u><\/b><\/p>\n<p>Se puede dejar una serie de factura por defecto asociada a tu cliente para que las facturas que se le emitan vayan con una serie alternativa a la que hayas configurado como predeterminada en el programa.<\/p><p>Ten en cuenta que Secre solo admite series de facturaci\u00f3n num\u00e9ricas.<\/p>\t\t\t\t\t\t\t\t<\/div>\n\t\t\t\t<\/div>\n\t\t\t\t<div class=\"elementor-element elementor-element-fb0b1a7 elementor-widget elementor-widget-text-editor\" data-id=\"fb0b1a7\" data-element_type=\"widget\" data-e-type=\"widget\" data-widget_type=\"text-editor.default\">\n\t\t\t\t<div class=\"elementor-widget-container\">\n\t\t\t\t\t\t\t\t\t<p><span style=\"text-decoration: underline;\"><strong>Cuenta contable de ingresos<\/strong><\/span><\/p><p>Cu\u00e1l es la cuenta contable de ingresos a la que ir\u00e1n las ventas a este cliente. Selecciona de entre las opciones haciendo click en el icono de la hoja.\u00a0<\/p><p>De nuevo, tambi\u00e9n tienes la posibilidad de a\u00f1adir cuentas contables que no existan por defecto en el programa.\u00a0<\/p><p>Puedes hacerlo siguiendo los pasos del tutorial: <a href=\"https:\/\/aplimedia.com\/tutoriales\/ventas\/tipos-ventas-compras\/\">Tipos de ventas y compras<\/a>.<\/p>\t\t\t\t\t\t\t\t<\/div>\n\t\t\t\t<\/div>\n\t\t\t\t<div class=\"elementor-element elementor-element-599f0ba elementor-widget elementor-widget-text-editor\" data-id=\"599f0ba\" data-element_type=\"widget\" data-e-type=\"widget\" data-widget_type=\"text-editor.default\">\n\t\t\t\t<div class=\"elementor-widget-container\">\n\t\t\t\t\t\t\t\t\t<p><span style=\"text-decoration: underline;\"><strong>D\u00edas de pago<\/strong><\/span><\/p>\n<p>Aqu\u00ed puedes a\u00f1adir cu\u00e1les son los d\u00edas del mes en los que tu cliente realiza los pagos.<\/p><p>Puedes a\u00f1adir hasta tres d\u00edas de pago.<\/p>\t\t\t\t\t\t\t\t<\/div>\n\t\t\t\t<\/div>\n\t\t\t\t<div class=\"elementor-element elementor-element-252f270 elementor-widget elementor-widget-text-editor\" data-id=\"252f270\" data-element_type=\"widget\" data-e-type=\"widget\" data-widget_type=\"text-editor.default\">\n\t\t\t\t<div class=\"elementor-widget-container\">\n\t\t\t\t\t\t\t\t\t<p><span style=\"text-decoration: underline;\"><strong>Mes no pago<\/strong><\/span><\/p>\n<p>Si hay alg\u00fan mes del a\u00f1o en el que tu cliente no realiza pagos, puedes introducirlo aqu\u00ed (en formato num\u00e9rico).<\/p>\t\t\t\t\t\t\t\t<\/div>\n\t\t\t\t<\/div>\n\t\t\t\t<div class=\"elementor-element elementor-element-bb22a83 elementor-widget elementor-widget-text-editor\" data-id=\"bb22a83\" data-element_type=\"widget\" data-e-type=\"widget\" data-widget_type=\"text-editor.default\">\n\t\t\t\t<div class=\"elementor-widget-container\">\n\t\t\t\t\t\t\t\t\t<p><span style=\"text-decoration: underline;\"><strong>% Retenci\u00f3n<\/strong><\/span><\/p><p>Si se le aplica alg\u00fan tipo de retenci\u00f3n a este cliente, puedes indicar aqu\u00ed el porcentaje.<\/p><p>El porcentaje indicado se aplicar\u00e1 de forma autom\u00e1tica a las ventas que hagamos a este cliente.<\/p><p>Ten en cuenta que el tipo de retenci\u00f3n que se aplicar\u00e1 ser\u00e1 el que hayamos indicado en los par\u00e1metros de contabilidad del programa (accedemos a estos par\u00e1metros yendo, desde la pantalla principal de Secre, a <em>Herramientas&gt;Par\u00e1metros y valores por defecto&gt;Opciones contabilidad<\/em>).<\/p><p>Si enlazamos con contabilidad o estamos obligados a TicketBAI o Verifactu, es de especial importancia que escojamos correctamente cu\u00e1l es el tipo de retenci\u00f3n que aplicamos a nuestras ventas.<\/p>\t\t\t\t\t\t\t\t<\/div>\n\t\t\t\t<\/div>\n\t\t\t\t<div class=\"elementor-element elementor-element-e9b68ac elementor-widget elementor-widget-text-editor\" data-id=\"e9b68ac\" data-element_type=\"widget\" data-e-type=\"widget\" data-widget_type=\"text-editor.default\">\n\t\t\t\t<div class=\"elementor-widget-container\">\n\t\t\t\t\t\t\t\t\t<p><span style=\"text-decoration: underline;\"><strong>Criterio de caja<\/strong><\/span><\/p><p>Si este cliente se acoge al r\u00e9gimen de criterio de caja, puedes marcar esta casilla.<\/p>\t\t\t\t\t\t\t\t<\/div>\n\t\t\t\t<\/div>\n\t\t\t\t<div class=\"elementor-element elementor-element-30b39e9c elementor-widget elementor-widget-spacer\" data-id=\"30b39e9c\" data-element_type=\"widget\" data-e-type=\"widget\" data-widget_type=\"spacer.default\">\n\t\t\t\t<div class=\"elementor-widget-container\">\n\t\t\t\t\t\t\t<div class=\"elementor-spacer\">\n\t\t\t<div class=\"elementor-spacer-inner\"><\/div>\n\t\t<\/div>\n\t\t\t\t\t\t<\/div>\n\t\t\t\t<\/div>\n\t\t\t\t\t<\/div>\n\t\t<\/div>\n\t\t\t\t\t<\/div>\n\t\t<\/section>\n\t\t\t\t<\/div>\n\t\t","protected":false},"excerpt":{"rendered":"<p>Una vez ya hayas dado de alta a tu cliente en el programa, se te habilitar\u00e1 la pesta\u00f1a \u00abDatos de pago\u00bb.&nbsp; Para configurar la informaci\u00f3n de pago de tu cliente solo necesitas rellenar los datos que ves en pantalla.&nbsp; Vamos a repasarlos brevemente. Forma de cobro En este campo puedes seleccionar del desplegable la opci\u00f3n [&hellip;]<\/p>\n","protected":false},"author":1,"featured_media":0,"parent":1660,"menu_order":0,"comment_status":"closed","ping_status":"closed","template":"","meta":{"footnotes":""},"class_list":["post-1419","page","type-page","status-publish","hentry"],"yoast_head":"<!-- This site is optimized with the Yoast SEO plugin v27.5 - https:\/\/yoast.com\/product\/yoast-seo-wordpress\/ -->\n<title>Pesta\u00f1a &quot;Datos de pago&quot; | Tutoriales de Secre<\/title>\n<meta name=\"robots\" content=\"index, follow, max-snippet:-1, max-image-preview:large, max-video-preview:-1\" \/>\n<link rel=\"canonical\" href=\"https:\/\/aplimedia.com\/tutoriales\/clientes\/datos-de-pago\/\" \/>\n<meta property=\"og:locale\" content=\"es_ES\" \/>\n<meta property=\"og:type\" content=\"article\" \/>\n<meta property=\"og:title\" content=\"Pesta\u00f1a &quot;Datos de pago&quot; | Tutoriales de Secre\" \/>\n<meta property=\"og:description\" content=\"Una vez ya hayas dado de alta a tu cliente en el programa, se te habilitar\u00e1 la pesta\u00f1a \u00abDatos de pago\u00bb.&nbsp; Para configurar la informaci\u00f3n de pago de tu cliente solo necesitas rellenar los datos que ves en pantalla.&nbsp; Vamos a repasarlos brevemente. Forma de cobro En este campo puedes seleccionar del desplegable la opci\u00f3n [&hellip;]\" \/>\n<meta property=\"og:url\" content=\"https:\/\/aplimedia.com\/tutoriales\/clientes\/datos-de-pago\/\" \/>\n<meta property=\"og:site_name\" content=\"Tutoriales de Secre\" \/>\n<meta property=\"article:modified_time\" content=\"2025-03-14T08:37:48+00:00\" \/>\n<meta property=\"og:image\" content=\"https:\/\/aplimedia.com\/tutoriales\/wp-content\/uploads\/2019\/01\/datosdepago1.png\" \/>\n\t<meta property=\"og:image:width\" content=\"1920\" \/>\n\t<meta property=\"og:image:height\" content=\"1024\" \/>\n\t<meta property=\"og:image:type\" content=\"image\/png\" \/>\n<meta name=\"twitter:card\" content=\"summary_large_image\" \/>\n<meta name=\"twitter:label1\" content=\"Tiempo de lectura\" \/>\n\t<meta name=\"twitter:data1\" content=\"4 minutos\" \/>\n<script type=\"application\/ld+json\" class=\"yoast-schema-graph\">{\"@context\":\"https:\\\/\\\/schema.org\",\"@graph\":[{\"@type\":\"WebPage\",\"@id\":\"https:\\\/\\\/aplimedia.com\\\/tutoriales\\\/clientes\\\/datos-de-pago\\\/\",\"url\":\"https:\\\/\\\/aplimedia.com\\\/tutoriales\\\/clientes\\\/datos-de-pago\\\/\",\"name\":\"Pesta\u00f1a \\\"Datos de pago\\\" | Tutoriales de Secre\",\"isPartOf\":{\"@id\":\"https:\\\/\\\/aplimedia.com\\\/tutoriales\\\/#website\"},\"primaryImageOfPage\":{\"@id\":\"https:\\\/\\\/aplimedia.com\\\/tutoriales\\\/clientes\\\/datos-de-pago\\\/#primaryimage\"},\"image\":{\"@id\":\"https:\\\/\\\/aplimedia.com\\\/tutoriales\\\/clientes\\\/datos-de-pago\\\/#primaryimage\"},\"thumbnailUrl\":\"https:\\\/\\\/aplimedia.com\\\/tutoriales\\\/wp-content\\\/uploads\\\/2019\\\/01\\\/datosdepago1-1024x546.png\",\"datePublished\":\"2019-01-25T11:11:43+00:00\",\"dateModified\":\"2025-03-14T08:37:48+00:00\",\"breadcrumb\":{\"@id\":\"https:\\\/\\\/aplimedia.com\\\/tutoriales\\\/clientes\\\/datos-de-pago\\\/#breadcrumb\"},\"inLanguage\":\"es\",\"potentialAction\":[{\"@type\":\"ReadAction\",\"target\":[\"https:\\\/\\\/aplimedia.com\\\/tutoriales\\\/clientes\\\/datos-de-pago\\\/\"]}]},{\"@type\":\"ImageObject\",\"inLanguage\":\"es\",\"@id\":\"https:\\\/\\\/aplimedia.com\\\/tutoriales\\\/clientes\\\/datos-de-pago\\\/#primaryimage\",\"url\":\"https:\\\/\\\/aplimedia.com\\\/tutoriales\\\/wp-content\\\/uploads\\\/2019\\\/01\\\/datosdepago1.png\",\"contentUrl\":\"https:\\\/\\\/aplimedia.com\\\/tutoriales\\\/wp-content\\\/uploads\\\/2019\\\/01\\\/datosdepago1.png\",\"width\":1920,\"height\":1024},{\"@type\":\"BreadcrumbList\",\"@id\":\"https:\\\/\\\/aplimedia.com\\\/tutoriales\\\/clientes\\\/datos-de-pago\\\/#breadcrumb\",\"itemListElement\":[{\"@type\":\"ListItem\",\"position\":1,\"name\":\"Tutoriales\",\"item\":\"https:\\\/\\\/aplimedia.com\\\/tutoriales\\\/\"},{\"@type\":\"ListItem\",\"position\":2,\"name\":\"Clientes\",\"item\":\"https:\\\/\\\/aplimedia.com\\\/tutoriales\\\/clientes\\\/\"},{\"@type\":\"ListItem\",\"position\":3,\"name\":\"Pesta\u00f1a \u00abDatos de pago\u00bb\"}]},{\"@type\":\"WebSite\",\"@id\":\"https:\\\/\\\/aplimedia.com\\\/tutoriales\\\/#website\",\"url\":\"https:\\\/\\\/aplimedia.com\\\/tutoriales\\\/\",\"name\":\"Tutoriales de Secre\",\"description\":\"Tutoriales del software de gesti\u00f3n Secre\",\"publisher\":{\"@id\":\"https:\\\/\\\/aplimedia.com\\\/tutoriales\\\/#organization\"},\"potentialAction\":[{\"@type\":\"SearchAction\",\"target\":{\"@type\":\"EntryPoint\",\"urlTemplate\":\"https:\\\/\\\/aplimedia.com\\\/tutoriales\\\/?s={search_term_string}\"},\"query-input\":{\"@type\":\"PropertyValueSpecification\",\"valueRequired\":true,\"valueName\":\"search_term_string\"}}],\"inLanguage\":\"es\"},{\"@type\":\"Organization\",\"@id\":\"https:\\\/\\\/aplimedia.com\\\/tutoriales\\\/#organization\",\"name\":\"Tutoriales de Secre\",\"url\":\"https:\\\/\\\/aplimedia.com\\\/tutoriales\\\/\",\"logo\":{\"@type\":\"ImageObject\",\"inLanguage\":\"es\",\"@id\":\"https:\\\/\\\/aplimedia.com\\\/tutoriales\\\/#\\\/schema\\\/logo\\\/image\\\/\",\"url\":\"https:\\\/\\\/aplimedia.com\\\/tutoriales\\\/wp-content\\\/uploads\\\/2022\\\/03\\\/cropped-logotipo-aplimedia.png\",\"contentUrl\":\"https:\\\/\\\/aplimedia.com\\\/tutoriales\\\/wp-content\\\/uploads\\\/2022\\\/03\\\/cropped-logotipo-aplimedia.png\",\"width\":2000,\"height\":658,\"caption\":\"Tutoriales de Secre\"},\"image\":{\"@id\":\"https:\\\/\\\/aplimedia.com\\\/tutoriales\\\/#\\\/schema\\\/logo\\\/image\\\/\"}}]}<\/script>\n<!-- \/ Yoast SEO plugin. -->","yoast_head_json":{"title":"Pesta\u00f1a \"Datos de pago\" | Tutoriales de Secre","robots":{"index":"index","follow":"follow","max-snippet":"max-snippet:-1","max-image-preview":"max-image-preview:large","max-video-preview":"max-video-preview:-1"},"canonical":"https:\/\/aplimedia.com\/tutoriales\/clientes\/datos-de-pago\/","og_locale":"es_ES","og_type":"article","og_title":"Pesta\u00f1a \"Datos de pago\" | Tutoriales de Secre","og_description":"Una vez ya hayas dado de alta a tu cliente en el programa, se te habilitar\u00e1 la pesta\u00f1a \u00abDatos de pago\u00bb.&nbsp; Para configurar la informaci\u00f3n de pago de tu cliente solo necesitas rellenar los datos que ves en pantalla.&nbsp; Vamos a repasarlos brevemente. Forma de cobro En este campo puedes seleccionar del desplegable la opci\u00f3n [&hellip;]","og_url":"https:\/\/aplimedia.com\/tutoriales\/clientes\/datos-de-pago\/","og_site_name":"Tutoriales de Secre","article_modified_time":"2025-03-14T08:37:48+00:00","og_image":[{"width":1920,"height":1024,"url":"https:\/\/aplimedia.com\/tutoriales\/wp-content\/uploads\/2019\/01\/datosdepago1.png","type":"image\/png"}],"twitter_card":"summary_large_image","twitter_misc":{"Tiempo de lectura":"4 minutos"},"schema":{"@context":"https:\/\/schema.org","@graph":[{"@type":"WebPage","@id":"https:\/\/aplimedia.com\/tutoriales\/clientes\/datos-de-pago\/","url":"https:\/\/aplimedia.com\/tutoriales\/clientes\/datos-de-pago\/","name":"Pesta\u00f1a \"Datos de pago\" | Tutoriales de Secre","isPartOf":{"@id":"https:\/\/aplimedia.com\/tutoriales\/#website"},"primaryImageOfPage":{"@id":"https:\/\/aplimedia.com\/tutoriales\/clientes\/datos-de-pago\/#primaryimage"},"image":{"@id":"https:\/\/aplimedia.com\/tutoriales\/clientes\/datos-de-pago\/#primaryimage"},"thumbnailUrl":"https:\/\/aplimedia.com\/tutoriales\/wp-content\/uploads\/2019\/01\/datosdepago1-1024x546.png","datePublished":"2019-01-25T11:11:43+00:00","dateModified":"2025-03-14T08:37:48+00:00","breadcrumb":{"@id":"https:\/\/aplimedia.com\/tutoriales\/clientes\/datos-de-pago\/#breadcrumb"},"inLanguage":"es","potentialAction":[{"@type":"ReadAction","target":["https:\/\/aplimedia.com\/tutoriales\/clientes\/datos-de-pago\/"]}]},{"@type":"ImageObject","inLanguage":"es","@id":"https:\/\/aplimedia.com\/tutoriales\/clientes\/datos-de-pago\/#primaryimage","url":"https:\/\/aplimedia.com\/tutoriales\/wp-content\/uploads\/2019\/01\/datosdepago1.png","contentUrl":"https:\/\/aplimedia.com\/tutoriales\/wp-content\/uploads\/2019\/01\/datosdepago1.png","width":1920,"height":1024},{"@type":"BreadcrumbList","@id":"https:\/\/aplimedia.com\/tutoriales\/clientes\/datos-de-pago\/#breadcrumb","itemListElement":[{"@type":"ListItem","position":1,"name":"Tutoriales","item":"https:\/\/aplimedia.com\/tutoriales\/"},{"@type":"ListItem","position":2,"name":"Clientes","item":"https:\/\/aplimedia.com\/tutoriales\/clientes\/"},{"@type":"ListItem","position":3,"name":"Pesta\u00f1a \u00abDatos de pago\u00bb"}]},{"@type":"WebSite","@id":"https:\/\/aplimedia.com\/tutoriales\/#website","url":"https:\/\/aplimedia.com\/tutoriales\/","name":"Tutoriales de Secre","description":"Tutoriales del software de gesti\u00f3n Secre","publisher":{"@id":"https:\/\/aplimedia.com\/tutoriales\/#organization"},"potentialAction":[{"@type":"SearchAction","target":{"@type":"EntryPoint","urlTemplate":"https:\/\/aplimedia.com\/tutoriales\/?s={search_term_string}"},"query-input":{"@type":"PropertyValueSpecification","valueRequired":true,"valueName":"search_term_string"}}],"inLanguage":"es"},{"@type":"Organization","@id":"https:\/\/aplimedia.com\/tutoriales\/#organization","name":"Tutoriales de Secre","url":"https:\/\/aplimedia.com\/tutoriales\/","logo":{"@type":"ImageObject","inLanguage":"es","@id":"https:\/\/aplimedia.com\/tutoriales\/#\/schema\/logo\/image\/","url":"https:\/\/aplimedia.com\/tutoriales\/wp-content\/uploads\/2022\/03\/cropped-logotipo-aplimedia.png","contentUrl":"https:\/\/aplimedia.com\/tutoriales\/wp-content\/uploads\/2022\/03\/cropped-logotipo-aplimedia.png","width":2000,"height":658,"caption":"Tutoriales de Secre"},"image":{"@id":"https:\/\/aplimedia.com\/tutoriales\/#\/schema\/logo\/image\/"}}]}},"_links":{"self":[{"href":"https:\/\/aplimedia.com\/tutoriales\/wp-json\/wp\/v2\/pages\/1419","targetHints":{"allow":["GET"]}}],"collection":[{"href":"https:\/\/aplimedia.com\/tutoriales\/wp-json\/wp\/v2\/pages"}],"about":[{"href":"https:\/\/aplimedia.com\/tutoriales\/wp-json\/wp\/v2\/types\/page"}],"author":[{"embeddable":true,"href":"https:\/\/aplimedia.com\/tutoriales\/wp-json\/wp\/v2\/users\/1"}],"replies":[{"embeddable":true,"href":"https:\/\/aplimedia.com\/tutoriales\/wp-json\/wp\/v2\/comments?post=1419"}],"version-history":[{"count":0,"href":"https:\/\/aplimedia.com\/tutoriales\/wp-json\/wp\/v2\/pages\/1419\/revisions"}],"up":[{"embeddable":true,"href":"https:\/\/aplimedia.com\/tutoriales\/wp-json\/wp\/v2\/pages\/1660"}],"wp:attachment":[{"href":"https:\/\/aplimedia.com\/tutoriales\/wp-json\/wp\/v2\/media?parent=1419"}],"curies":[{"name":"wp","href":"https:\/\/api.w.org\/{rel}","templated":true}]}}