{"id":1333,"date":"2019-01-22T16:38:44","date_gmt":"2019-01-22T16:38:44","guid":{"rendered":"https:\/\/aplimedia.com\/tutoriales\/?page_id=1333"},"modified":"2025-03-12T15:09:57","modified_gmt":"2025-03-12T15:09:57","slug":"marcar-presupuesto-proyecto-aceptado","status":"publish","type":"page","link":"https:\/\/aplimedia.com\/tutoriales\/proyectos\/marcar-presupuesto-proyecto-aceptado\/","title":{"rendered":"Marcar el presupuesto de un proyecto como \u00abAceptado\u00bb"},"content":{"rendered":"\t\t<div data-elementor-type=\"wp-post\" data-elementor-id=\"1333\" class=\"elementor elementor-1333\" data-elementor-post-type=\"page\">\n\t\t\t\t\t\t<section class=\"elementor-section elementor-top-section elementor-element elementor-element-692836a0 elementor-section-stretched elementor-section-boxed elementor-section-height-default elementor-section-height-default\" data-id=\"692836a0\" data-element_type=\"section\" data-e-type=\"section\" data-settings=\"{&quot;stretch_section&quot;:&quot;section-stretched&quot;}\">\n\t\t\t\t\t\t<div class=\"elementor-container elementor-column-gap-default\">\n\t\t\t\t\t<div class=\"elementor-column elementor-col-100 elementor-top-column elementor-element elementor-element-5ada5b7e\" data-id=\"5ada5b7e\" data-element_type=\"column\" data-e-type=\"column\">\n\t\t\t<div class=\"elementor-widget-wrap elementor-element-populated\">\n\t\t\t\t\t\t<div class=\"elementor-element elementor-element-6a3f8fc elementor-widget elementor-widget-text-editor\" data-id=\"6a3f8fc\" data-element_type=\"widget\" data-e-type=\"widget\" data-widget_type=\"text-editor.default\">\n\t\t\t\t<div class=\"elementor-widget-container\">\n\t\t\t\t\t\t\t\t\t<p>Como ya hemos visto, tienes dos posibilidades a la hora de crear el presupuesto para un proyecto. Si todav\u00eda no has hecho tu presupuesto para el proyecto, tienes estas dos opciones:<\/p><ul><li><a href=\"https:\/\/aplimedia.com\/tutoriales\/proyectos\/presupuesto-proyecto-ventas\/\">\u00a0Crear un presupuesto para un proyecto desde \u00abVentas\u00bb<\/a>, cuando no necesitamos hacer una estimaci\u00f3n de los costes que nos va a generar el proyecto.<\/li><li><a href=\"https:\/\/aplimedia.com\/tutoriales\/proyectos\/presupuesto-modulo-proyectos\/\">Crear un presupuesto para un proyecto desde el mismo m\u00f3dulo de Proyectos<\/a>, cuando necesitamos hacer c\u00e1lculos con el programa para determinar el coste que nos va a suponer dicho trabajo.<\/li><\/ul>\t\t\t\t\t\t\t\t<\/div>\n\t\t\t\t<\/div>\n\t\t\t\t<div class=\"elementor-element elementor-element-d30da61 elementor-widget elementor-widget-text-editor\" data-id=\"d30da61\" data-element_type=\"widget\" data-e-type=\"widget\" data-widget_type=\"text-editor.default\">\n\t\t\t\t<div class=\"elementor-widget-container\">\n\t\t\t\t\t\t\t\t\t<div>Independientemente de qu\u00e9 proceso hayas seguido para crear tu presupuesto de proyecto, los pasos para <b>marcarlo como aceptado<\/b> son los mismos.<\/div>\t\t\t\t\t\t\t\t<\/div>\n\t\t\t\t<\/div>\n\t\t\t\t<div class=\"elementor-element elementor-element-1c317ac elementor-widget elementor-widget-spacer\" data-id=\"1c317ac\" data-element_type=\"widget\" data-e-type=\"widget\" data-widget_type=\"spacer.default\">\n\t\t\t\t<div class=\"elementor-widget-container\">\n\t\t\t\t\t\t\t<div class=\"elementor-spacer\">\n\t\t\t<div class=\"elementor-spacer-inner\"><\/div>\n\t\t<\/div>\n\t\t\t\t\t\t<\/div>\n\t\t\t\t<\/div>\n\t\t\t\t<div class=\"elementor-element elementor-element-25a732ae elementor-widget elementor-widget-heading\" data-id=\"25a732ae\" data-element_type=\"widget\" data-e-type=\"widget\" data-widget_type=\"heading.default\">\n\t\t\t\t<div class=\"elementor-widget-container\">\n\t\t\t\t\t<h2 class=\"elementor-heading-title elementor-size-default\">Paso 1:<\/h2>\t\t\t\t<\/div>\n\t\t\t\t<\/div>\n\t\t\t\t<div class=\"elementor-element elementor-element-4c8b5ea elementor-widget elementor-widget-text-editor\" data-id=\"4c8b5ea\" data-element_type=\"widget\" data-e-type=\"widget\" data-widget_type=\"text-editor.default\">\n\t\t\t\t<div class=\"elementor-widget-container\">\n\t\t\t\t\t\t\t\t\t<p>Desde la pantalla principal del programa ve al apartado <b>Control de Proyectos <\/b>y, all\u00ed, navega hasta el <b>proyecto <\/b>cuyo presupuesto te hayan aceptado. Puedes buscarlo con los prism\u00e1ticos o puedes navegar entre todos tus proyectos con las flechas hasta ubicarlo.&nbsp;<\/p>\n<p>Cuando te hayas situado en el proyecto que te han aceptado, solo tienes que marcar la casilla \u00ab<b>Aceptado<\/b>\u00bb y guardar con el disquette.<\/p>\t\t\t\t\t\t\t\t<\/div>\n\t\t\t\t<\/div>\n\t\t\t\t<div class=\"elementor-element elementor-element-f2a7823 elementor-widget elementor-widget-image\" data-id=\"f2a7823\" data-element_type=\"widget\" data-e-type=\"widget\" data-widget_type=\"image.default\">\n\t\t\t\t<div class=\"elementor-widget-container\">\n\t\t\t\t\t\t\t\t\t\t\t\t\t\t\t\t<a href=\"https:\/\/aplimedia.com\/tutoriales\/wp-content\/uploads\/2019\/01\/marcarpresupuestodeproyectocomoaceptado2.png\" data-elementor-open-lightbox=\"yes\" data-elementor-lightbox-title=\"marcarpresupuestodeproyectocomoaceptado2\" data-e-action-hash=\"#elementor-action%3Aaction%3Dlightbox%26settings%3DeyJpZCI6MTMzNiwidXJsIjoiaHR0cHM6XC9cL2FwbGltZWRpYS5jb21cL3R1dG9yaWFsZXNcL3dwLWNvbnRlbnRcL3VwbG9hZHNcLzIwMTlcLzAxXC9tYXJjYXJwcmVzdXB1ZXN0b2RlcHJveWVjdG9jb21vYWNlcHRhZG8yLnBuZyJ9\">\n\t\t\t\t\t\t\t<img fetchpriority=\"high\" decoding=\"async\" width=\"1024\" height=\"338\" src=\"https:\/\/aplimedia.com\/tutoriales\/wp-content\/uploads\/2019\/01\/marcarpresupuestodeproyectocomoaceptado2-1024x338.png\" class=\"attachment-large size-large wp-image-1336\" alt=\"\" srcset=\"https:\/\/aplimedia.com\/tutoriales\/wp-content\/uploads\/2019\/01\/marcarpresupuestodeproyectocomoaceptado2-1024x338.png 1024w, https:\/\/aplimedia.com\/tutoriales\/wp-content\/uploads\/2019\/01\/marcarpresupuestodeproyectocomoaceptado2-300x99.png 300w, https:\/\/aplimedia.com\/tutoriales\/wp-content\/uploads\/2019\/01\/marcarpresupuestodeproyectocomoaceptado2-768x254.png 768w, https:\/\/aplimedia.com\/tutoriales\/wp-content\/uploads\/2019\/01\/marcarpresupuestodeproyectocomoaceptado2.png 1774w\" sizes=\"(max-width: 1024px) 100vw, 1024px\" \/>\t\t\t\t\t\t\t\t<\/a>\n\t\t\t\t\t\t\t\t\t\t\t\t\t\t\t<\/div>\n\t\t\t\t<\/div>\n\t\t\t\t<div class=\"elementor-element elementor-element-06e1e17 elementor-widget elementor-widget-text-editor\" data-id=\"06e1e17\" data-element_type=\"widget\" data-e-type=\"widget\" data-widget_type=\"text-editor.default\">\n\t\t\t\t<div class=\"elementor-widget-container\">\n\t\t\t\t\t\t\t\t\t<p>Ver\u00e1s que, a la derecha, se han generado varios campos. La fecha de presupuesto, con la fecha en la que se cre\u00f3, la fecha de aceptaci\u00f3n, con la fecha en la que nos lo han aceptado y las fechas de inicio y fin. Es interesante que introduzcas la fecha en la que prevees iniciar con ese proyecto en el campo \u00ab<b>F. Inicio<\/b>\u00ab.\u00a0<\/p><p>Tambi\u00e9n puedes asignar a dicho proyecto un <b>comercial <\/b>y un <b>responsable<\/b>.<\/p>\t\t\t\t\t\t\t\t<\/div>\n\t\t\t\t<\/div>\n\t\t\t\t<div class=\"elementor-element elementor-element-35af48b0 elementor-widget elementor-widget-spacer\" data-id=\"35af48b0\" data-element_type=\"widget\" data-e-type=\"widget\" data-widget_type=\"spacer.default\">\n\t\t\t\t<div class=\"elementor-widget-container\">\n\t\t\t\t\t\t\t<div class=\"elementor-spacer\">\n\t\t\t<div class=\"elementor-spacer-inner\"><\/div>\n\t\t<\/div>\n\t\t\t\t\t\t<\/div>\n\t\t\t\t<\/div>\n\t\t\t\t\t<\/div>\n\t\t<\/div>\n\t\t\t\t\t<\/div>\n\t\t<\/section>\n\t\t\t\t<\/div>\n\t\t","protected":false},"excerpt":{"rendered":"<p>Como ya hemos visto, tienes dos posibilidades a la hora de crear el presupuesto para un proyecto. Si todav\u00eda no has hecho tu presupuesto para el proyecto, tienes estas dos opciones: \u00a0Crear un presupuesto para un proyecto desde \u00abVentas\u00bb, cuando no necesitamos hacer una estimaci\u00f3n de los costes que nos va a generar el proyecto. [&hellip;]<\/p>\n","protected":false},"author":1,"featured_media":0,"parent":1243,"menu_order":0,"comment_status":"closed","ping_status":"closed","template":"","meta":{"footnotes":""},"class_list":["post-1333","page","type-page","status-publish","hentry"],"yoast_head":"<!-- This site is optimized with the Yoast SEO plugin v27.5 - https:\/\/yoast.com\/product\/yoast-seo-wordpress\/ -->\n<title>Marcar el presupuesto de un proyecto como &quot;Aceptado&quot; | Tutoriales de Secre<\/title>\n<meta name=\"robots\" content=\"index, follow, max-snippet:-1, max-image-preview:large, max-video-preview:-1\" \/>\n<link rel=\"canonical\" href=\"https:\/\/aplimedia.com\/tutoriales\/proyectos\/marcar-presupuesto-proyecto-aceptado\/\" \/>\n<meta property=\"og:locale\" content=\"es_ES\" \/>\n<meta property=\"og:type\" content=\"article\" \/>\n<meta property=\"og:title\" content=\"Marcar el presupuesto de un proyecto como &quot;Aceptado&quot; | Tutoriales de Secre\" \/>\n<meta property=\"og:description\" content=\"Como ya hemos visto, tienes dos posibilidades a la hora de crear el presupuesto para un proyecto. Si todav\u00eda no has hecho tu presupuesto para el proyecto, tienes estas dos opciones: \u00a0Crear un presupuesto para un proyecto desde \u00abVentas\u00bb, cuando no necesitamos hacer una estimaci\u00f3n de los costes que nos va a generar el proyecto. [&hellip;]\" \/>\n<meta property=\"og:url\" content=\"https:\/\/aplimedia.com\/tutoriales\/proyectos\/marcar-presupuesto-proyecto-aceptado\/\" \/>\n<meta property=\"og:site_name\" content=\"Tutoriales de Secre\" \/>\n<meta property=\"article:modified_time\" content=\"2025-03-12T15:09:57+00:00\" \/>\n<meta property=\"og:image\" content=\"https:\/\/aplimedia.com\/tutoriales\/wp-content\/uploads\/2019\/01\/marcarpresupuestodeproyectocomoaceptado2.png\" \/>\n\t<meta property=\"og:image:width\" content=\"1774\" \/>\n\t<meta property=\"og:image:height\" content=\"586\" \/>\n\t<meta property=\"og:image:type\" content=\"image\/png\" \/>\n<meta name=\"twitter:card\" content=\"summary_large_image\" \/>\n<meta name=\"twitter:label1\" content=\"Tiempo de lectura\" \/>\n\t<meta name=\"twitter:data1\" content=\"2 minutos\" \/>\n<script type=\"application\/ld+json\" class=\"yoast-schema-graph\">{\"@context\":\"https:\\\/\\\/schema.org\",\"@graph\":[{\"@type\":\"WebPage\",\"@id\":\"https:\\\/\\\/aplimedia.com\\\/tutoriales\\\/proyectos\\\/marcar-presupuesto-proyecto-aceptado\\\/\",\"url\":\"https:\\\/\\\/aplimedia.com\\\/tutoriales\\\/proyectos\\\/marcar-presupuesto-proyecto-aceptado\\\/\",\"name\":\"Marcar el presupuesto de un proyecto como \\\"Aceptado\\\" | Tutoriales de Secre\",\"isPartOf\":{\"@id\":\"https:\\\/\\\/aplimedia.com\\\/tutoriales\\\/#website\"},\"primaryImageOfPage\":{\"@id\":\"https:\\\/\\\/aplimedia.com\\\/tutoriales\\\/proyectos\\\/marcar-presupuesto-proyecto-aceptado\\\/#primaryimage\"},\"image\":{\"@id\":\"https:\\\/\\\/aplimedia.com\\\/tutoriales\\\/proyectos\\\/marcar-presupuesto-proyecto-aceptado\\\/#primaryimage\"},\"thumbnailUrl\":\"https:\\\/\\\/aplimedia.com\\\/tutoriales\\\/wp-content\\\/uploads\\\/2019\\\/01\\\/marcarpresupuestodeproyectocomoaceptado2-1024x338.png\",\"datePublished\":\"2019-01-22T16:38:44+00:00\",\"dateModified\":\"2025-03-12T15:09:57+00:00\",\"breadcrumb\":{\"@id\":\"https:\\\/\\\/aplimedia.com\\\/tutoriales\\\/proyectos\\\/marcar-presupuesto-proyecto-aceptado\\\/#breadcrumb\"},\"inLanguage\":\"es\",\"potentialAction\":[{\"@type\":\"ReadAction\",\"target\":[\"https:\\\/\\\/aplimedia.com\\\/tutoriales\\\/proyectos\\\/marcar-presupuesto-proyecto-aceptado\\\/\"]}]},{\"@type\":\"ImageObject\",\"inLanguage\":\"es\",\"@id\":\"https:\\\/\\\/aplimedia.com\\\/tutoriales\\\/proyectos\\\/marcar-presupuesto-proyecto-aceptado\\\/#primaryimage\",\"url\":\"https:\\\/\\\/aplimedia.com\\\/tutoriales\\\/wp-content\\\/uploads\\\/2019\\\/01\\\/marcarpresupuestodeproyectocomoaceptado2.png\",\"contentUrl\":\"https:\\\/\\\/aplimedia.com\\\/tutoriales\\\/wp-content\\\/uploads\\\/2019\\\/01\\\/marcarpresupuestodeproyectocomoaceptado2.png\",\"width\":1774,\"height\":586},{\"@type\":\"BreadcrumbList\",\"@id\":\"https:\\\/\\\/aplimedia.com\\\/tutoriales\\\/proyectos\\\/marcar-presupuesto-proyecto-aceptado\\\/#breadcrumb\",\"itemListElement\":[{\"@type\":\"ListItem\",\"position\":1,\"name\":\"Tutoriales\",\"item\":\"https:\\\/\\\/aplimedia.com\\\/tutoriales\\\/\"},{\"@type\":\"ListItem\",\"position\":2,\"name\":\"Gesti\u00f3n de proyectos\",\"item\":\"https:\\\/\\\/aplimedia.com\\\/tutoriales\\\/proyectos\\\/\"},{\"@type\":\"ListItem\",\"position\":3,\"name\":\"Marcar el presupuesto de un proyecto como \u00abAceptado\u00bb\"}]},{\"@type\":\"WebSite\",\"@id\":\"https:\\\/\\\/aplimedia.com\\\/tutoriales\\\/#website\",\"url\":\"https:\\\/\\\/aplimedia.com\\\/tutoriales\\\/\",\"name\":\"Tutoriales de Secre\",\"description\":\"Tutoriales del software de gesti\u00f3n Secre\",\"publisher\":{\"@id\":\"https:\\\/\\\/aplimedia.com\\\/tutoriales\\\/#organization\"},\"potentialAction\":[{\"@type\":\"SearchAction\",\"target\":{\"@type\":\"EntryPoint\",\"urlTemplate\":\"https:\\\/\\\/aplimedia.com\\\/tutoriales\\\/?s={search_term_string}\"},\"query-input\":{\"@type\":\"PropertyValueSpecification\",\"valueRequired\":true,\"valueName\":\"search_term_string\"}}],\"inLanguage\":\"es\"},{\"@type\":\"Organization\",\"@id\":\"https:\\\/\\\/aplimedia.com\\\/tutoriales\\\/#organization\",\"name\":\"Tutoriales de Secre\",\"url\":\"https:\\\/\\\/aplimedia.com\\\/tutoriales\\\/\",\"logo\":{\"@type\":\"ImageObject\",\"inLanguage\":\"es\",\"@id\":\"https:\\\/\\\/aplimedia.com\\\/tutoriales\\\/#\\\/schema\\\/logo\\\/image\\\/\",\"url\":\"https:\\\/\\\/aplimedia.com\\\/tutoriales\\\/wp-content\\\/uploads\\\/2022\\\/03\\\/cropped-logotipo-aplimedia.png\",\"contentUrl\":\"https:\\\/\\\/aplimedia.com\\\/tutoriales\\\/wp-content\\\/uploads\\\/2022\\\/03\\\/cropped-logotipo-aplimedia.png\",\"width\":2000,\"height\":658,\"caption\":\"Tutoriales de Secre\"},\"image\":{\"@id\":\"https:\\\/\\\/aplimedia.com\\\/tutoriales\\\/#\\\/schema\\\/logo\\\/image\\\/\"}}]}<\/script>\n<!-- \/ Yoast SEO plugin. -->","yoast_head_json":{"title":"Marcar el presupuesto de un proyecto como \"Aceptado\" | Tutoriales de Secre","robots":{"index":"index","follow":"follow","max-snippet":"max-snippet:-1","max-image-preview":"max-image-preview:large","max-video-preview":"max-video-preview:-1"},"canonical":"https:\/\/aplimedia.com\/tutoriales\/proyectos\/marcar-presupuesto-proyecto-aceptado\/","og_locale":"es_ES","og_type":"article","og_title":"Marcar el presupuesto de un proyecto como \"Aceptado\" | Tutoriales de Secre","og_description":"Como ya hemos visto, tienes dos posibilidades a la hora de crear el presupuesto para un proyecto. Si todav\u00eda no has hecho tu presupuesto para el proyecto, tienes estas dos opciones: \u00a0Crear un presupuesto para un proyecto desde \u00abVentas\u00bb, cuando no necesitamos hacer una estimaci\u00f3n de los costes que nos va a generar el proyecto. [&hellip;]","og_url":"https:\/\/aplimedia.com\/tutoriales\/proyectos\/marcar-presupuesto-proyecto-aceptado\/","og_site_name":"Tutoriales de Secre","article_modified_time":"2025-03-12T15:09:57+00:00","og_image":[{"width":1774,"height":586,"url":"https:\/\/aplimedia.com\/tutoriales\/wp-content\/uploads\/2019\/01\/marcarpresupuestodeproyectocomoaceptado2.png","type":"image\/png"}],"twitter_card":"summary_large_image","twitter_misc":{"Tiempo de lectura":"2 minutos"},"schema":{"@context":"https:\/\/schema.org","@graph":[{"@type":"WebPage","@id":"https:\/\/aplimedia.com\/tutoriales\/proyectos\/marcar-presupuesto-proyecto-aceptado\/","url":"https:\/\/aplimedia.com\/tutoriales\/proyectos\/marcar-presupuesto-proyecto-aceptado\/","name":"Marcar el presupuesto de un proyecto como \"Aceptado\" | Tutoriales de Secre","isPartOf":{"@id":"https:\/\/aplimedia.com\/tutoriales\/#website"},"primaryImageOfPage":{"@id":"https:\/\/aplimedia.com\/tutoriales\/proyectos\/marcar-presupuesto-proyecto-aceptado\/#primaryimage"},"image":{"@id":"https:\/\/aplimedia.com\/tutoriales\/proyectos\/marcar-presupuesto-proyecto-aceptado\/#primaryimage"},"thumbnailUrl":"https:\/\/aplimedia.com\/tutoriales\/wp-content\/uploads\/2019\/01\/marcarpresupuestodeproyectocomoaceptado2-1024x338.png","datePublished":"2019-01-22T16:38:44+00:00","dateModified":"2025-03-12T15:09:57+00:00","breadcrumb":{"@id":"https:\/\/aplimedia.com\/tutoriales\/proyectos\/marcar-presupuesto-proyecto-aceptado\/#breadcrumb"},"inLanguage":"es","potentialAction":[{"@type":"ReadAction","target":["https:\/\/aplimedia.com\/tutoriales\/proyectos\/marcar-presupuesto-proyecto-aceptado\/"]}]},{"@type":"ImageObject","inLanguage":"es","@id":"https:\/\/aplimedia.com\/tutoriales\/proyectos\/marcar-presupuesto-proyecto-aceptado\/#primaryimage","url":"https:\/\/aplimedia.com\/tutoriales\/wp-content\/uploads\/2019\/01\/marcarpresupuestodeproyectocomoaceptado2.png","contentUrl":"https:\/\/aplimedia.com\/tutoriales\/wp-content\/uploads\/2019\/01\/marcarpresupuestodeproyectocomoaceptado2.png","width":1774,"height":586},{"@type":"BreadcrumbList","@id":"https:\/\/aplimedia.com\/tutoriales\/proyectos\/marcar-presupuesto-proyecto-aceptado\/#breadcrumb","itemListElement":[{"@type":"ListItem","position":1,"name":"Tutoriales","item":"https:\/\/aplimedia.com\/tutoriales\/"},{"@type":"ListItem","position":2,"name":"Gesti\u00f3n de proyectos","item":"https:\/\/aplimedia.com\/tutoriales\/proyectos\/"},{"@type":"ListItem","position":3,"name":"Marcar el presupuesto de un proyecto como \u00abAceptado\u00bb"}]},{"@type":"WebSite","@id":"https:\/\/aplimedia.com\/tutoriales\/#website","url":"https:\/\/aplimedia.com\/tutoriales\/","name":"Tutoriales de Secre","description":"Tutoriales del software de gesti\u00f3n Secre","publisher":{"@id":"https:\/\/aplimedia.com\/tutoriales\/#organization"},"potentialAction":[{"@type":"SearchAction","target":{"@type":"EntryPoint","urlTemplate":"https:\/\/aplimedia.com\/tutoriales\/?s={search_term_string}"},"query-input":{"@type":"PropertyValueSpecification","valueRequired":true,"valueName":"search_term_string"}}],"inLanguage":"es"},{"@type":"Organization","@id":"https:\/\/aplimedia.com\/tutoriales\/#organization","name":"Tutoriales de Secre","url":"https:\/\/aplimedia.com\/tutoriales\/","logo":{"@type":"ImageObject","inLanguage":"es","@id":"https:\/\/aplimedia.com\/tutoriales\/#\/schema\/logo\/image\/","url":"https:\/\/aplimedia.com\/tutoriales\/wp-content\/uploads\/2022\/03\/cropped-logotipo-aplimedia.png","contentUrl":"https:\/\/aplimedia.com\/tutoriales\/wp-content\/uploads\/2022\/03\/cropped-logotipo-aplimedia.png","width":2000,"height":658,"caption":"Tutoriales de Secre"},"image":{"@id":"https:\/\/aplimedia.com\/tutoriales\/#\/schema\/logo\/image\/"}}]}},"_links":{"self":[{"href":"https:\/\/aplimedia.com\/tutoriales\/wp-json\/wp\/v2\/pages\/1333","targetHints":{"allow":["GET"]}}],"collection":[{"href":"https:\/\/aplimedia.com\/tutoriales\/wp-json\/wp\/v2\/pages"}],"about":[{"href":"https:\/\/aplimedia.com\/tutoriales\/wp-json\/wp\/v2\/types\/page"}],"author":[{"embeddable":true,"href":"https:\/\/aplimedia.com\/tutoriales\/wp-json\/wp\/v2\/users\/1"}],"replies":[{"embeddable":true,"href":"https:\/\/aplimedia.com\/tutoriales\/wp-json\/wp\/v2\/comments?post=1333"}],"version-history":[{"count":0,"href":"https:\/\/aplimedia.com\/tutoriales\/wp-json\/wp\/v2\/pages\/1333\/revisions"}],"up":[{"embeddable":true,"href":"https:\/\/aplimedia.com\/tutoriales\/wp-json\/wp\/v2\/pages\/1243"}],"wp:attachment":[{"href":"https:\/\/aplimedia.com\/tutoriales\/wp-json\/wp\/v2\/media?parent=1333"}],"curies":[{"name":"wp","href":"https:\/\/api.w.org\/{rel}","templated":true}]}}