{"id":1276,"date":"2019-01-18T13:12:32","date_gmt":"2019-01-18T13:12:32","guid":{"rendered":"https:\/\/aplimedia.com\/tutoriales\/?page_id=1276"},"modified":"2025-03-12T16:55:07","modified_gmt":"2025-03-12T16:55:07","slug":"que-es-un-proyecto","status":"publish","type":"page","link":"https:\/\/aplimedia.com\/tutoriales\/proyectos\/que-es-un-proyecto\/","title":{"rendered":"\u00bfQu\u00e9 es un proyecto en Secre?"},"content":{"rendered":"\t\t<div data-elementor-type=\"wp-post\" data-elementor-id=\"1276\" class=\"elementor elementor-1276\" data-elementor-post-type=\"page\">\n\t\t\t\t\t\t<section class=\"elementor-section elementor-top-section elementor-element elementor-element-5458bb64 elementor-section-stretched elementor-section-boxed elementor-section-height-default elementor-section-height-default\" data-id=\"5458bb64\" data-element_type=\"section\" data-e-type=\"section\" data-settings=\"{&quot;stretch_section&quot;:&quot;section-stretched&quot;}\">\n\t\t\t\t\t\t<div class=\"elementor-container elementor-column-gap-default\">\n\t\t\t\t\t<div class=\"elementor-column elementor-col-100 elementor-top-column elementor-element elementor-element-35a85fb0\" data-id=\"35a85fb0\" data-element_type=\"column\" data-e-type=\"column\">\n\t\t\t<div class=\"elementor-widget-wrap elementor-element-populated\">\n\t\t\t\t\t\t<div class=\"elementor-element elementor-element-49be7f24 elementor-widget elementor-widget-text-editor\" data-id=\"49be7f24\" data-element_type=\"widget\" data-e-type=\"widget\" data-widget_type=\"text-editor.default\">\n\t\t\t\t<div class=\"elementor-widget-container\">\n\t\t\t\t\t\t\t\t\t<p>Para Secre un proyecto ser\u00eda todo aquel trabajo que hacemos en una empresa y que <strong>se va a alargar en el tiempo<\/strong>. Por lo general, son trabajos de los cu\u00e1les queremos conocer el beneficio que nos ha dado, para lo cual deberemos calcular los costes que ha generado y rest\u00e1rselos a lo que hayamos facturado por \u00e9l.<\/p><p>\u00bf<strong>Qu\u00e9 costes puedes imputar a un proyecto<\/strong>? Horas de los trabajadores, material que hemos utilizado en ese proyecto, subcontrataci\u00f3n, compras directas contra ese proyecto (material que no est\u00e1 en almac\u00e9n), porcentaje de los gastos generales (n\u00f3minas de personal administrador que no trabaja directamente en el proyecto, gastos de telefon\u00eda, gastos de electricidad\u2026).<\/p><p>No hay que confundir el m\u00f3dulo de proyectos con otros m\u00f3dulos de secre como puede ser el <strong>m\u00f3dulo SAT para el control de avisos en asistencia t\u00e9cnica<\/strong>. A diferencia de los proyectos, los avisos son r\u00e1pidos y se realizan en cantidad en espacios de tiempo cortos. Ser\u00eda por ejemplo \u00fatil para una empresa de fontaner\u00eda que env\u00eda varios t\u00e9cnicos a diario a solucionar incidencias. Los proyectos, sin embargo, se alargan en el tiempo.<\/p><p>Tampoco confundir con el <strong>m\u00f3dulo de fabricaci\u00f3n<\/strong>, cuyo objetivo es llevar un control de cara a saber el coste al que hemos fabricado algo.<\/p><p>Cuando trabajamos con el m\u00f3dulo de proyectos, tenemos dos opciones: podemos usarlo \u00fanicamente para imputar costes\u00a0 y saber el beneficio que nos ha dado un proyecto, o podemos usarlo desde el presupuesto, es decir, hacemos un estudio previo del proyecto para saber de antemano aproximadamente los costes que va a tener y a\u00f1adirles el margen de beneficios.<\/p><p>Si no utilizas el m\u00f3dulo de proyectos para hacer presupuestos, utilizar\u00edas el m\u00f3dulo de ventas.<\/p><p>Una vez terminado un proyecto, Secre recoge los datos para <strong>facturarlo<\/strong>. El m\u00f3dulo de proyectos de Secre te permite generar <strong>tantas facturas como necesites<\/strong> a partir de un solo proyecto, que puede ser tu caso si es un proyecto de mucha duraci\u00f3n que facturas mensualmente.<\/p>\t\t\t\t\t\t\t\t<\/div>\n\t\t\t\t<\/div>\n\t\t\t\t<div class=\"elementor-element elementor-element-4db5dfa9 elementor-widget elementor-widget-spacer\" data-id=\"4db5dfa9\" data-element_type=\"widget\" data-e-type=\"widget\" data-widget_type=\"spacer.default\">\n\t\t\t\t<div class=\"elementor-widget-container\">\n\t\t\t\t\t\t\t<div class=\"elementor-spacer\">\n\t\t\t<div class=\"elementor-spacer-inner\"><\/div>\n\t\t<\/div>\n\t\t\t\t\t\t<\/div>\n\t\t\t\t<\/div>\n\t\t\t\t\t<\/div>\n\t\t<\/div>\n\t\t\t\t\t<\/div>\n\t\t<\/section>\n\t\t\t\t<\/div>\n\t\t","protected":false},"excerpt":{"rendered":"<p>Para Secre un proyecto ser\u00eda todo aquel trabajo que hacemos en una empresa y que se va a alargar en el tiempo. Por lo general, son trabajos de los cu\u00e1les queremos conocer el beneficio que nos ha dado, para lo cual deberemos calcular los costes que ha generado y rest\u00e1rselos a lo que hayamos facturado [&hellip;]<\/p>\n","protected":false},"author":1,"featured_media":0,"parent":1243,"menu_order":0,"comment_status":"closed","ping_status":"closed","template":"","meta":{"footnotes":""},"class_list":["post-1276","page","type-page","status-publish","hentry"],"yoast_head":"<!-- This site is optimized with the Yoast SEO plugin v27.5 - https:\/\/yoast.com\/product\/yoast-seo-wordpress\/ -->\n<title>\u00bfQu\u00e9 es un proyecto en Secre? | Tutoriales de Secre<\/title>\n<meta name=\"robots\" content=\"index, follow, max-snippet:-1, max-image-preview:large, max-video-preview:-1\" \/>\n<link rel=\"canonical\" href=\"https:\/\/aplimedia.com\/tutoriales\/proyectos\/que-es-un-proyecto\/\" \/>\n<meta property=\"og:locale\" content=\"es_ES\" \/>\n<meta property=\"og:type\" content=\"article\" \/>\n<meta property=\"og:title\" content=\"\u00bfQu\u00e9 es un proyecto en Secre? | Tutoriales de Secre\" \/>\n<meta property=\"og:description\" content=\"Para Secre un proyecto ser\u00eda todo aquel trabajo que hacemos en una empresa y que se va a alargar en el tiempo. Por lo general, son trabajos de los cu\u00e1les queremos conocer el beneficio que nos ha dado, para lo cual deberemos calcular los costes que ha generado y rest\u00e1rselos a lo que hayamos facturado [&hellip;]\" \/>\n<meta property=\"og:url\" content=\"https:\/\/aplimedia.com\/tutoriales\/proyectos\/que-es-un-proyecto\/\" \/>\n<meta property=\"og:site_name\" content=\"Tutoriales de Secre\" \/>\n<meta property=\"article:modified_time\" content=\"2025-03-12T16:55:07+00:00\" \/>\n<meta name=\"twitter:card\" content=\"summary_large_image\" \/>\n<meta name=\"twitter:label1\" content=\"Tiempo de lectura\" \/>\n\t<meta name=\"twitter:data1\" content=\"2 minutos\" \/>\n<script type=\"application\/ld+json\" class=\"yoast-schema-graph\">{\"@context\":\"https:\\\/\\\/schema.org\",\"@graph\":[{\"@type\":\"WebPage\",\"@id\":\"https:\\\/\\\/aplimedia.com\\\/tutoriales\\\/proyectos\\\/que-es-un-proyecto\\\/\",\"url\":\"https:\\\/\\\/aplimedia.com\\\/tutoriales\\\/proyectos\\\/que-es-un-proyecto\\\/\",\"name\":\"\u00bfQu\u00e9 es un proyecto en Secre? | Tutoriales de Secre\",\"isPartOf\":{\"@id\":\"https:\\\/\\\/aplimedia.com\\\/tutoriales\\\/#website\"},\"datePublished\":\"2019-01-18T13:12:32+00:00\",\"dateModified\":\"2025-03-12T16:55:07+00:00\",\"breadcrumb\":{\"@id\":\"https:\\\/\\\/aplimedia.com\\\/tutoriales\\\/proyectos\\\/que-es-un-proyecto\\\/#breadcrumb\"},\"inLanguage\":\"es\",\"potentialAction\":[{\"@type\":\"ReadAction\",\"target\":[\"https:\\\/\\\/aplimedia.com\\\/tutoriales\\\/proyectos\\\/que-es-un-proyecto\\\/\"]}]},{\"@type\":\"BreadcrumbList\",\"@id\":\"https:\\\/\\\/aplimedia.com\\\/tutoriales\\\/proyectos\\\/que-es-un-proyecto\\\/#breadcrumb\",\"itemListElement\":[{\"@type\":\"ListItem\",\"position\":1,\"name\":\"Tutoriales\",\"item\":\"https:\\\/\\\/aplimedia.com\\\/tutoriales\\\/\"},{\"@type\":\"ListItem\",\"position\":2,\"name\":\"Gesti\u00f3n de proyectos\",\"item\":\"https:\\\/\\\/aplimedia.com\\\/tutoriales\\\/proyectos\\\/\"},{\"@type\":\"ListItem\",\"position\":3,\"name\":\"\u00bfQu\u00e9 es un proyecto en Secre?\"}]},{\"@type\":\"WebSite\",\"@id\":\"https:\\\/\\\/aplimedia.com\\\/tutoriales\\\/#website\",\"url\":\"https:\\\/\\\/aplimedia.com\\\/tutoriales\\\/\",\"name\":\"Tutoriales de Secre\",\"description\":\"Tutoriales del software de gesti\u00f3n Secre\",\"publisher\":{\"@id\":\"https:\\\/\\\/aplimedia.com\\\/tutoriales\\\/#organization\"},\"potentialAction\":[{\"@type\":\"SearchAction\",\"target\":{\"@type\":\"EntryPoint\",\"urlTemplate\":\"https:\\\/\\\/aplimedia.com\\\/tutoriales\\\/?s={search_term_string}\"},\"query-input\":{\"@type\":\"PropertyValueSpecification\",\"valueRequired\":true,\"valueName\":\"search_term_string\"}}],\"inLanguage\":\"es\"},{\"@type\":\"Organization\",\"@id\":\"https:\\\/\\\/aplimedia.com\\\/tutoriales\\\/#organization\",\"name\":\"Tutoriales de Secre\",\"url\":\"https:\\\/\\\/aplimedia.com\\\/tutoriales\\\/\",\"logo\":{\"@type\":\"ImageObject\",\"inLanguage\":\"es\",\"@id\":\"https:\\\/\\\/aplimedia.com\\\/tutoriales\\\/#\\\/schema\\\/logo\\\/image\\\/\",\"url\":\"https:\\\/\\\/aplimedia.com\\\/tutoriales\\\/wp-content\\\/uploads\\\/2022\\\/03\\\/cropped-logotipo-aplimedia.png\",\"contentUrl\":\"https:\\\/\\\/aplimedia.com\\\/tutoriales\\\/wp-content\\\/uploads\\\/2022\\\/03\\\/cropped-logotipo-aplimedia.png\",\"width\":2000,\"height\":658,\"caption\":\"Tutoriales de Secre\"},\"image\":{\"@id\":\"https:\\\/\\\/aplimedia.com\\\/tutoriales\\\/#\\\/schema\\\/logo\\\/image\\\/\"}}]}<\/script>\n<!-- \/ Yoast SEO plugin. -->","yoast_head_json":{"title":"\u00bfQu\u00e9 es un proyecto en Secre? | Tutoriales de Secre","robots":{"index":"index","follow":"follow","max-snippet":"max-snippet:-1","max-image-preview":"max-image-preview:large","max-video-preview":"max-video-preview:-1"},"canonical":"https:\/\/aplimedia.com\/tutoriales\/proyectos\/que-es-un-proyecto\/","og_locale":"es_ES","og_type":"article","og_title":"\u00bfQu\u00e9 es un proyecto en Secre? | Tutoriales de Secre","og_description":"Para Secre un proyecto ser\u00eda todo aquel trabajo que hacemos en una empresa y que se va a alargar en el tiempo. Por lo general, son trabajos de los cu\u00e1les queremos conocer el beneficio que nos ha dado, para lo cual deberemos calcular los costes que ha generado y rest\u00e1rselos a lo que hayamos facturado [&hellip;]","og_url":"https:\/\/aplimedia.com\/tutoriales\/proyectos\/que-es-un-proyecto\/","og_site_name":"Tutoriales de Secre","article_modified_time":"2025-03-12T16:55:07+00:00","twitter_card":"summary_large_image","twitter_misc":{"Tiempo de lectura":"2 minutos"},"schema":{"@context":"https:\/\/schema.org","@graph":[{"@type":"WebPage","@id":"https:\/\/aplimedia.com\/tutoriales\/proyectos\/que-es-un-proyecto\/","url":"https:\/\/aplimedia.com\/tutoriales\/proyectos\/que-es-un-proyecto\/","name":"\u00bfQu\u00e9 es un proyecto en Secre? | Tutoriales de Secre","isPartOf":{"@id":"https:\/\/aplimedia.com\/tutoriales\/#website"},"datePublished":"2019-01-18T13:12:32+00:00","dateModified":"2025-03-12T16:55:07+00:00","breadcrumb":{"@id":"https:\/\/aplimedia.com\/tutoriales\/proyectos\/que-es-un-proyecto\/#breadcrumb"},"inLanguage":"es","potentialAction":[{"@type":"ReadAction","target":["https:\/\/aplimedia.com\/tutoriales\/proyectos\/que-es-un-proyecto\/"]}]},{"@type":"BreadcrumbList","@id":"https:\/\/aplimedia.com\/tutoriales\/proyectos\/que-es-un-proyecto\/#breadcrumb","itemListElement":[{"@type":"ListItem","position":1,"name":"Tutoriales","item":"https:\/\/aplimedia.com\/tutoriales\/"},{"@type":"ListItem","position":2,"name":"Gesti\u00f3n de proyectos","item":"https:\/\/aplimedia.com\/tutoriales\/proyectos\/"},{"@type":"ListItem","position":3,"name":"\u00bfQu\u00e9 es un proyecto en Secre?"}]},{"@type":"WebSite","@id":"https:\/\/aplimedia.com\/tutoriales\/#website","url":"https:\/\/aplimedia.com\/tutoriales\/","name":"Tutoriales de Secre","description":"Tutoriales del software de gesti\u00f3n Secre","publisher":{"@id":"https:\/\/aplimedia.com\/tutoriales\/#organization"},"potentialAction":[{"@type":"SearchAction","target":{"@type":"EntryPoint","urlTemplate":"https:\/\/aplimedia.com\/tutoriales\/?s={search_term_string}"},"query-input":{"@type":"PropertyValueSpecification","valueRequired":true,"valueName":"search_term_string"}}],"inLanguage":"es"},{"@type":"Organization","@id":"https:\/\/aplimedia.com\/tutoriales\/#organization","name":"Tutoriales de Secre","url":"https:\/\/aplimedia.com\/tutoriales\/","logo":{"@type":"ImageObject","inLanguage":"es","@id":"https:\/\/aplimedia.com\/tutoriales\/#\/schema\/logo\/image\/","url":"https:\/\/aplimedia.com\/tutoriales\/wp-content\/uploads\/2022\/03\/cropped-logotipo-aplimedia.png","contentUrl":"https:\/\/aplimedia.com\/tutoriales\/wp-content\/uploads\/2022\/03\/cropped-logotipo-aplimedia.png","width":2000,"height":658,"caption":"Tutoriales de Secre"},"image":{"@id":"https:\/\/aplimedia.com\/tutoriales\/#\/schema\/logo\/image\/"}}]}},"_links":{"self":[{"href":"https:\/\/aplimedia.com\/tutoriales\/wp-json\/wp\/v2\/pages\/1276","targetHints":{"allow":["GET"]}}],"collection":[{"href":"https:\/\/aplimedia.com\/tutoriales\/wp-json\/wp\/v2\/pages"}],"about":[{"href":"https:\/\/aplimedia.com\/tutoriales\/wp-json\/wp\/v2\/types\/page"}],"author":[{"embeddable":true,"href":"https:\/\/aplimedia.com\/tutoriales\/wp-json\/wp\/v2\/users\/1"}],"replies":[{"embeddable":true,"href":"https:\/\/aplimedia.com\/tutoriales\/wp-json\/wp\/v2\/comments?post=1276"}],"version-history":[{"count":0,"href":"https:\/\/aplimedia.com\/tutoriales\/wp-json\/wp\/v2\/pages\/1276\/revisions"}],"up":[{"embeddable":true,"href":"https:\/\/aplimedia.com\/tutoriales\/wp-json\/wp\/v2\/pages\/1243"}],"wp:attachment":[{"href":"https:\/\/aplimedia.com\/tutoriales\/wp-json\/wp\/v2\/media?parent=1276"}],"curies":[{"name":"wp","href":"https:\/\/api.w.org\/{rel}","templated":true}]}}