{"id":1268,"date":"2019-01-18T13:06:00","date_gmt":"2019-01-18T13:06:00","guid":{"rendered":"https:\/\/aplimedia.com\/tutoriales\/?page_id=1268"},"modified":"2025-03-12T15:37:38","modified_gmt":"2025-03-12T15:37:38","slug":"crear-maquinas-proyectos","status":"publish","type":"page","link":"https:\/\/aplimedia.com\/tutoriales\/proyectos\/crear-maquinas-proyectos\/","title":{"rendered":"Dar de alta m\u00e1quinas a utilizar en los proyectos"},"content":{"rendered":"\t\t<div data-elementor-type=\"wp-post\" data-elementor-id=\"1268\" class=\"elementor elementor-1268\" data-elementor-post-type=\"page\">\n\t\t\t\t\t\t<section class=\"elementor-section elementor-top-section elementor-element elementor-element-692836a0 elementor-section-stretched elementor-section-boxed elementor-section-height-default elementor-section-height-default\" data-id=\"692836a0\" data-element_type=\"section\" data-e-type=\"section\" data-settings=\"{&quot;stretch_section&quot;:&quot;section-stretched&quot;}\">\n\t\t\t\t\t\t<div class=\"elementor-container elementor-column-gap-default\">\n\t\t\t\t\t<div class=\"elementor-column elementor-col-100 elementor-top-column elementor-element elementor-element-5ada5b7e\" data-id=\"5ada5b7e\" data-element_type=\"column\" data-e-type=\"column\">\n\t\t\t<div class=\"elementor-widget-wrap elementor-element-populated\">\n\t\t\t\t\t\t<div class=\"elementor-element elementor-element-2bb0c903 elementor-widget elementor-widget-text-editor\" data-id=\"2bb0c903\" data-element_type=\"widget\" data-e-type=\"widget\" data-widget_type=\"text-editor.default\">\n\t\t\t\t<div class=\"elementor-widget-container\">\n\t\t\t\t\t\t\t\t\t<p>Dependiendo de las caracter\u00edsticas de los proyectos que realiza tu empresa, es posible que necesites <b>dar de alta m\u00e1quinas <\/b>e indicar cu\u00e1l es su<b> coste por hora<\/b>, de modo que puedas imputar a tus proyectos el coste que te ha generado el uso de dichas m\u00e1quinas.<\/p><p>Suele ser el caso de empresas del <b>sector construcci\u00f3n<\/b> que utilizan maquinaria como excavadoras, gr\u00faas, m\u00e1quinas demoledoras&#8230;<\/p>\t\t\t\t\t\t\t\t<\/div>\n\t\t\t\t<\/div>\n\t\t\t\t<div class=\"elementor-element elementor-element-1c317ac elementor-widget elementor-widget-spacer\" data-id=\"1c317ac\" data-element_type=\"widget\" data-e-type=\"widget\" data-widget_type=\"spacer.default\">\n\t\t\t\t<div class=\"elementor-widget-container\">\n\t\t\t\t\t\t\t<div class=\"elementor-spacer\">\n\t\t\t<div class=\"elementor-spacer-inner\"><\/div>\n\t\t<\/div>\n\t\t\t\t\t\t<\/div>\n\t\t\t\t<\/div>\n\t\t\t\t<div class=\"elementor-element elementor-element-25a732ae elementor-widget elementor-widget-heading\" data-id=\"25a732ae\" data-element_type=\"widget\" data-e-type=\"widget\" data-widget_type=\"heading.default\">\n\t\t\t\t<div class=\"elementor-widget-container\">\n\t\t\t\t\t<h2 class=\"elementor-heading-title elementor-size-default\">Paso 1:<\/h2>\t\t\t\t<\/div>\n\t\t\t\t<\/div>\n\t\t\t\t<div class=\"elementor-element elementor-element-7adffee1 elementor-widget elementor-widget-text-editor\" data-id=\"7adffee1\" data-element_type=\"widget\" data-e-type=\"widget\" data-widget_type=\"text-editor.default\">\n\t\t\t\t<div class=\"elementor-widget-container\">\n\t\t\t\t\t\t\t\t\t<p>Lo primero que necesitas hacer es<strong> calcular el coste por hora<\/strong> de cada una de estas <strong>m\u00e1quinas<\/strong>, lo cual debes hacer<strong> fuera de Secre<\/strong>.\u00a0<\/p><p>Algunos par\u00e1metros en los que puedes basarte para hacer dicho c\u00e1lculo son:<\/p><ul><li>Coste de la m\u00e1quina<\/li><li>A\u00f1os de vida<\/li><li>Horas de funcionamiento<\/li><li>Gastos de mantenimiento<\/li><\/ul>\t\t\t\t\t\t\t\t<\/div>\n\t\t\t\t<\/div>\n\t\t\t\t<div class=\"elementor-element elementor-element-3ee7aa73 elementor-widget elementor-widget-spacer\" data-id=\"3ee7aa73\" data-element_type=\"widget\" data-e-type=\"widget\" data-widget_type=\"spacer.default\">\n\t\t\t\t<div class=\"elementor-widget-container\">\n\t\t\t\t\t\t\t<div class=\"elementor-spacer\">\n\t\t\t<div class=\"elementor-spacer-inner\"><\/div>\n\t\t<\/div>\n\t\t\t\t\t\t<\/div>\n\t\t\t\t<\/div>\n\t\t\t\t<div class=\"elementor-element elementor-element-3936d69d elementor-widget elementor-widget-heading\" data-id=\"3936d69d\" data-element_type=\"widget\" data-e-type=\"widget\" data-widget_type=\"heading.default\">\n\t\t\t\t<div class=\"elementor-widget-container\">\n\t\t\t\t\t<h2 class=\"elementor-heading-title elementor-size-default\">Paso 2:<\/h2>\t\t\t\t<\/div>\n\t\t\t\t<\/div>\n\t\t\t\t<div class=\"elementor-element elementor-element-195b8eab elementor-widget elementor-widget-text-editor\" data-id=\"195b8eab\" data-element_type=\"widget\" data-e-type=\"widget\" data-widget_type=\"text-editor.default\">\n\t\t\t\t<div class=\"elementor-widget-container\">\n\t\t\t\t\t\t\t\t\t<p>Ahora ir\u00edamos al programa para dar de alta todas las m\u00e1quinas que vas a usar en tus proyectos e indicar su coste\/hora.\u00a0<\/p><p>Para ello, desde la pantalla principal, ve a <strong>Herramientas&gt;Tablas Auxiliares <\/strong>y, en el listado que te aparecer\u00e1 a la izquierda, selecciona <strong>M\u00e1quinas<\/strong>.<\/p>\t\t\t\t\t\t\t\t<\/div>\n\t\t\t\t<\/div>\n\t\t\t\t<section class=\"elementor-section elementor-inner-section elementor-element elementor-element-5cbcc07e elementor-section-boxed elementor-section-height-default elementor-section-height-default\" data-id=\"5cbcc07e\" data-element_type=\"section\" data-e-type=\"section\">\n\t\t\t\t\t\t<div class=\"elementor-container elementor-column-gap-default\">\n\t\t\t\t\t<div class=\"elementor-column elementor-col-50 elementor-inner-column elementor-element elementor-element-4ae2d821\" data-id=\"4ae2d821\" data-element_type=\"column\" data-e-type=\"column\">\n\t\t\t<div class=\"elementor-widget-wrap elementor-element-populated\">\n\t\t\t\t\t\t<div class=\"elementor-element elementor-element-18df693 elementor-widget elementor-widget-image\" data-id=\"18df693\" data-element_type=\"widget\" data-e-type=\"widget\" data-widget_type=\"image.default\">\n\t\t\t\t<div class=\"elementor-widget-container\">\n\t\t\t\t\t\t\t\t\t\t\t\t\t\t\t\t<a href=\"https:\/\/aplimedia.com\/tutoriales\/wp-content\/uploads\/2019\/01\/dardealtaempleados1_1.png\" data-elementor-open-lightbox=\"yes\" data-elementor-lightbox-title=\"dardealtaempleados1_1\" data-e-action-hash=\"#elementor-action%3Aaction%3Dlightbox%26settings%3DeyJpZCI6OTIxLCJ1cmwiOiJodHRwczpcL1wvYXBsaW1lZGlhLmNvbVwvdHV0b3JpYWxlc1wvd3AtY29udGVudFwvdXBsb2Fkc1wvMjAxOVwvMDFcL2RhcmRlYWx0YWVtcGxlYWRvczFfMS5wbmcifQ%3D%3D\">\n\t\t\t\t\t\t\t<img fetchpriority=\"high\" decoding=\"async\" width=\"806\" height=\"558\" src=\"https:\/\/aplimedia.com\/tutoriales\/wp-content\/uploads\/2019\/01\/dardealtaempleados1_1.png\" class=\"attachment-large size-large wp-image-921\" alt=\"\" srcset=\"https:\/\/aplimedia.com\/tutoriales\/wp-content\/uploads\/2019\/01\/dardealtaempleados1_1.png 806w, https:\/\/aplimedia.com\/tutoriales\/wp-content\/uploads\/2019\/01\/dardealtaempleados1_1-300x208.png 300w, https:\/\/aplimedia.com\/tutoriales\/wp-content\/uploads\/2019\/01\/dardealtaempleados1_1-768x532.png 768w\" sizes=\"(max-width: 806px) 100vw, 806px\" \/>\t\t\t\t\t\t\t\t<\/a>\n\t\t\t\t\t\t\t\t\t\t\t\t\t\t\t<\/div>\n\t\t\t\t<\/div>\n\t\t\t\t\t<\/div>\n\t\t<\/div>\n\t\t\t\t<div class=\"elementor-column elementor-col-50 elementor-inner-column elementor-element elementor-element-7b60fb27\" data-id=\"7b60fb27\" data-element_type=\"column\" data-e-type=\"column\">\n\t\t\t<div class=\"elementor-widget-wrap elementor-element-populated\">\n\t\t\t\t\t\t<div class=\"elementor-element elementor-element-32756d1d elementor-widget elementor-widget-image\" data-id=\"32756d1d\" data-element_type=\"widget\" data-e-type=\"widget\" data-widget_type=\"image.default\">\n\t\t\t\t<div class=\"elementor-widget-container\">\n\t\t\t\t\t\t\t\t\t\t\t\t\t\t\t\t<a href=\"https:\/\/aplimedia.com\/tutoriales\/wp-content\/uploads\/2019\/01\/crearlistadodemaquinas.png\" data-elementor-open-lightbox=\"yes\" data-elementor-lightbox-title=\"crearlistadodemaquinas\" data-e-action-hash=\"#elementor-action%3Aaction%3Dlightbox%26settings%3DeyJpZCI6MTI3MCwidXJsIjoiaHR0cHM6XC9cL2FwbGltZWRpYS5jb21cL3R1dG9yaWFsZXNcL3dwLWNvbnRlbnRcL3VwbG9hZHNcLzIwMTlcLzAxXC9jcmVhcmxpc3RhZG9kZW1hcXVpbmFzLnBuZyJ9\">\n\t\t\t\t\t\t\t<img decoding=\"async\" width=\"1024\" height=\"547\" src=\"https:\/\/aplimedia.com\/tutoriales\/wp-content\/uploads\/2019\/01\/crearlistadodemaquinas-1024x547.png\" class=\"attachment-large size-large wp-image-1270\" alt=\"\" srcset=\"https:\/\/aplimedia.com\/tutoriales\/wp-content\/uploads\/2019\/01\/crearlistadodemaquinas-1024x547.png 1024w, https:\/\/aplimedia.com\/tutoriales\/wp-content\/uploads\/2019\/01\/crearlistadodemaquinas-300x160.png 300w, https:\/\/aplimedia.com\/tutoriales\/wp-content\/uploads\/2019\/01\/crearlistadodemaquinas-768x410.png 768w, https:\/\/aplimedia.com\/tutoriales\/wp-content\/uploads\/2019\/01\/crearlistadodemaquinas.png 1920w\" sizes=\"(max-width: 1024px) 100vw, 1024px\" \/>\t\t\t\t\t\t\t\t<\/a>\n\t\t\t\t\t\t\t\t\t\t\t\t\t\t\t<\/div>\n\t\t\t\t<\/div>\n\t\t\t\t\t<\/div>\n\t\t<\/div>\n\t\t\t\t\t<\/div>\n\t\t<\/section>\n\t\t\t\t<div class=\"elementor-element elementor-element-dcdc4d5 elementor-widget elementor-widget-text-editor\" data-id=\"dcdc4d5\" data-element_type=\"widget\" data-e-type=\"widget\" data-widget_type=\"text-editor.default\">\n\t\t\t\t<div class=\"elementor-widget-container\">\n\t\t\t\t\t\t\t\t\t<p>Si no tienes creada la m\u00e1quina en cuesti\u00f3n, introduce su <b>nombre <\/b>y <b>gu\u00e1rdala&nbsp;<\/b>con el disquette (o, si ya has seleccionado una, utiliza el icono de la hoja de la barra superior para vaciar los campos y crear un nuevo registro).&nbsp;<\/p>\n<p>Ahora te aparecer\u00e1 en el listado de m\u00e1quinas.&nbsp;<\/p>\n<p>Haz doble click sobre la m\u00e1quina a la cual quieres a\u00f1adir el coste\/hora. Se te abrir\u00e1 una nueva pantalla, puedes rellenar todos los datos que tengas y quieras de dicha m\u00e1quina.&nbsp;<\/p>\n<p>Para<b> a\u00f1adir el coste\/hora<\/b>, haz click en el \u00ab+\u00bb a la derecha del campo \u00abCoste\/Hora\u00bb. En esta pantalla deber\u00e1s indicar la fecha a partir de la cual quieres que se aplique ese coste, tambi\u00e9n tendr\u00e1s que indicar el Coste Hora, as\u00ed como el Precio Venta Hora. Utiliza el icono del disquette para guardar los datos.<\/p>\t\t\t\t\t\t\t\t<\/div>\n\t\t\t\t<\/div>\n\t\t\t\t<section class=\"elementor-section elementor-inner-section elementor-element elementor-element-1b1ce29 elementor-section-boxed elementor-section-height-default elementor-section-height-default\" data-id=\"1b1ce29\" data-element_type=\"section\" data-e-type=\"section\">\n\t\t\t\t\t\t<div class=\"elementor-container elementor-column-gap-default\">\n\t\t\t\t\t<div class=\"elementor-column elementor-col-50 elementor-inner-column elementor-element elementor-element-69b2226\" data-id=\"69b2226\" data-element_type=\"column\" data-e-type=\"column\">\n\t\t\t<div class=\"elementor-widget-wrap elementor-element-populated\">\n\t\t\t\t\t\t<div class=\"elementor-element elementor-element-7817521 elementor-widget elementor-widget-image\" data-id=\"7817521\" data-element_type=\"widget\" data-e-type=\"widget\" data-widget_type=\"image.default\">\n\t\t\t\t<div class=\"elementor-widget-container\">\n\t\t\t\t\t\t\t\t\t\t\t\t\t\t\t\t<a href=\"https:\/\/aplimedia.com\/tutoriales\/wp-content\/uploads\/2019\/01\/crearlistadodemaquinas1.png\" data-elementor-open-lightbox=\"yes\" data-elementor-lightbox-title=\"crearlistadodemaquinas1\" data-e-action-hash=\"#elementor-action%3Aaction%3Dlightbox%26settings%3DeyJpZCI6MTI3MSwidXJsIjoiaHR0cHM6XC9cL2FwbGltZWRpYS5jb21cL3R1dG9yaWFsZXNcL3dwLWNvbnRlbnRcL3VwbG9hZHNcLzIwMTlcLzAxXC9jcmVhcmxpc3RhZG9kZW1hcXVpbmFzMS5wbmcifQ%3D%3D\">\n\t\t\t\t\t\t\t<img decoding=\"async\" width=\"699\" height=\"573\" src=\"https:\/\/aplimedia.com\/tutoriales\/wp-content\/uploads\/2019\/01\/crearlistadodemaquinas1.png\" class=\"attachment-large size-large wp-image-1271\" alt=\"\" srcset=\"https:\/\/aplimedia.com\/tutoriales\/wp-content\/uploads\/2019\/01\/crearlistadodemaquinas1.png 699w, https:\/\/aplimedia.com\/tutoriales\/wp-content\/uploads\/2019\/01\/crearlistadodemaquinas1-300x246.png 300w\" sizes=\"(max-width: 699px) 100vw, 699px\" \/>\t\t\t\t\t\t\t\t<\/a>\n\t\t\t\t\t\t\t\t\t\t\t\t\t\t\t<\/div>\n\t\t\t\t<\/div>\n\t\t\t\t\t<\/div>\n\t\t<\/div>\n\t\t\t\t<div class=\"elementor-column elementor-col-50 elementor-inner-column elementor-element elementor-element-a9fbdd7\" data-id=\"a9fbdd7\" data-element_type=\"column\" data-e-type=\"column\">\n\t\t\t<div class=\"elementor-widget-wrap elementor-element-populated\">\n\t\t\t\t\t\t<div class=\"elementor-element elementor-element-d69ffc0 elementor-widget elementor-widget-image\" data-id=\"d69ffc0\" data-element_type=\"widget\" data-e-type=\"widget\" data-widget_type=\"image.default\">\n\t\t\t\t<div class=\"elementor-widget-container\">\n\t\t\t\t\t\t\t\t\t\t\t\t\t\t\t\t<a href=\"https:\/\/aplimedia.com\/tutoriales\/wp-content\/uploads\/2019\/01\/crearlistadodemaquinas2.png\" data-elementor-open-lightbox=\"yes\" data-elementor-lightbox-title=\"crearlistadodemaquinas2\" data-e-action-hash=\"#elementor-action%3Aaction%3Dlightbox%26settings%3DeyJpZCI6MTI3MiwidXJsIjoiaHR0cHM6XC9cL2FwbGltZWRpYS5jb21cL3R1dG9yaWFsZXNcL3dwLWNvbnRlbnRcL3VwbG9hZHNcLzIwMTlcLzAxXC9jcmVhcmxpc3RhZG9kZW1hcXVpbmFzMi5wbmcifQ%3D%3D\">\n\t\t\t\t\t\t\t<img loading=\"lazy\" decoding=\"async\" width=\"697\" height=\"573\" src=\"https:\/\/aplimedia.com\/tutoriales\/wp-content\/uploads\/2019\/01\/crearlistadodemaquinas2.png\" class=\"attachment-large size-large wp-image-1272\" alt=\"\" srcset=\"https:\/\/aplimedia.com\/tutoriales\/wp-content\/uploads\/2019\/01\/crearlistadodemaquinas2.png 697w, https:\/\/aplimedia.com\/tutoriales\/wp-content\/uploads\/2019\/01\/crearlistadodemaquinas2-300x247.png 300w\" sizes=\"(max-width: 697px) 100vw, 697px\" \/>\t\t\t\t\t\t\t\t<\/a>\n\t\t\t\t\t\t\t\t\t\t\t\t\t\t\t<\/div>\n\t\t\t\t<\/div>\n\t\t\t\t\t<\/div>\n\t\t<\/div>\n\t\t\t\t\t<\/div>\n\t\t<\/section>\n\t\t\t\t<div class=\"elementor-element elementor-element-24fce37 elementor-widget elementor-widget-text-editor\" data-id=\"24fce37\" data-element_type=\"widget\" data-e-type=\"widget\" data-widget_type=\"text-editor.default\">\n\t\t\t\t<div class=\"elementor-widget-container\">\n\t\t\t\t\t\t\t\t\t<p>Ahora ya tienes registrado cu\u00e1l es el coste\/hora de dicha m\u00e1quina y ese ser\u00e1 el valor que se utilizar\u00e1 en el <b>m\u00f3dulo de Proyectos<\/b> cuando <b>imputes horas de esa m\u00e1quina<\/b>.<\/p>\t\t\t\t\t\t\t\t<\/div>\n\t\t\t\t<\/div>\n\t\t\t\t<div class=\"elementor-element elementor-element-35af48b0 elementor-widget elementor-widget-spacer\" data-id=\"35af48b0\" data-element_type=\"widget\" data-e-type=\"widget\" data-widget_type=\"spacer.default\">\n\t\t\t\t<div class=\"elementor-widget-container\">\n\t\t\t\t\t\t\t<div class=\"elementor-spacer\">\n\t\t\t<div class=\"elementor-spacer-inner\"><\/div>\n\t\t<\/div>\n\t\t\t\t\t\t<\/div>\n\t\t\t\t<\/div>\n\t\t\t\t\t<\/div>\n\t\t<\/div>\n\t\t\t\t\t<\/div>\n\t\t<\/section>\n\t\t\t\t<\/div>\n\t\t","protected":false},"excerpt":{"rendered":"<p>Dependiendo de las caracter\u00edsticas de los proyectos que realiza tu empresa, es posible que necesites dar de alta m\u00e1quinas e indicar cu\u00e1l es su coste por hora, de modo que puedas imputar a tus proyectos el coste que te ha generado el uso de dichas m\u00e1quinas. Suele ser el caso de empresas del sector construcci\u00f3n [&hellip;]<\/p>\n","protected":false},"author":1,"featured_media":0,"parent":1243,"menu_order":0,"comment_status":"closed","ping_status":"closed","template":"","meta":{"footnotes":""},"class_list":["post-1268","page","type-page","status-publish","hentry"],"yoast_head":"<!-- This site is optimized with the Yoast SEO plugin v27.5 - https:\/\/yoast.com\/product\/yoast-seo-wordpress\/ -->\n<title>Dar de alta m\u00e1quinas a utilizar en los proyectos | Tutoriales de Secre<\/title>\n<meta name=\"robots\" content=\"index, follow, max-snippet:-1, max-image-preview:large, max-video-preview:-1\" \/>\n<link rel=\"canonical\" href=\"https:\/\/aplimedia.com\/tutoriales\/proyectos\/crear-maquinas-proyectos\/\" \/>\n<meta property=\"og:locale\" content=\"es_ES\" \/>\n<meta property=\"og:type\" content=\"article\" \/>\n<meta property=\"og:title\" content=\"Dar de alta m\u00e1quinas a utilizar en los proyectos | Tutoriales de Secre\" \/>\n<meta property=\"og:description\" content=\"Dependiendo de las caracter\u00edsticas de los proyectos que realiza tu empresa, es posible que necesites dar de alta m\u00e1quinas e indicar cu\u00e1l es su coste por hora, de modo que puedas imputar a tus proyectos el coste que te ha generado el uso de dichas m\u00e1quinas. Suele ser el caso de empresas del sector construcci\u00f3n [&hellip;]\" \/>\n<meta property=\"og:url\" content=\"https:\/\/aplimedia.com\/tutoriales\/proyectos\/crear-maquinas-proyectos\/\" \/>\n<meta property=\"og:site_name\" content=\"Tutoriales de Secre\" \/>\n<meta property=\"article:modified_time\" content=\"2025-03-12T15:37:38+00:00\" \/>\n<meta property=\"og:image\" content=\"https:\/\/aplimedia.com\/tutoriales\/wp-content\/uploads\/2019\/01\/dardealtaempleados1_1.png\" \/>\n\t<meta property=\"og:image:width\" content=\"806\" \/>\n\t<meta property=\"og:image:height\" content=\"558\" \/>\n\t<meta property=\"og:image:type\" content=\"image\/png\" \/>\n<meta name=\"twitter:card\" content=\"summary_large_image\" \/>\n<meta name=\"twitter:label1\" content=\"Tiempo de lectura\" \/>\n\t<meta name=\"twitter:data1\" content=\"3 minutos\" \/>\n<script type=\"application\/ld+json\" class=\"yoast-schema-graph\">{\"@context\":\"https:\\\/\\\/schema.org\",\"@graph\":[{\"@type\":\"WebPage\",\"@id\":\"https:\\\/\\\/aplimedia.com\\\/tutoriales\\\/proyectos\\\/crear-maquinas-proyectos\\\/\",\"url\":\"https:\\\/\\\/aplimedia.com\\\/tutoriales\\\/proyectos\\\/crear-maquinas-proyectos\\\/\",\"name\":\"Dar de alta m\u00e1quinas a utilizar en los proyectos | Tutoriales de Secre\",\"isPartOf\":{\"@id\":\"https:\\\/\\\/aplimedia.com\\\/tutoriales\\\/#website\"},\"primaryImageOfPage\":{\"@id\":\"https:\\\/\\\/aplimedia.com\\\/tutoriales\\\/proyectos\\\/crear-maquinas-proyectos\\\/#primaryimage\"},\"image\":{\"@id\":\"https:\\\/\\\/aplimedia.com\\\/tutoriales\\\/proyectos\\\/crear-maquinas-proyectos\\\/#primaryimage\"},\"thumbnailUrl\":\"https:\\\/\\\/aplimedia.com\\\/tutoriales\\\/wp-content\\\/uploads\\\/2019\\\/01\\\/dardealtaempleados1_1.png\",\"datePublished\":\"2019-01-18T13:06:00+00:00\",\"dateModified\":\"2025-03-12T15:37:38+00:00\",\"breadcrumb\":{\"@id\":\"https:\\\/\\\/aplimedia.com\\\/tutoriales\\\/proyectos\\\/crear-maquinas-proyectos\\\/#breadcrumb\"},\"inLanguage\":\"es\",\"potentialAction\":[{\"@type\":\"ReadAction\",\"target\":[\"https:\\\/\\\/aplimedia.com\\\/tutoriales\\\/proyectos\\\/crear-maquinas-proyectos\\\/\"]}]},{\"@type\":\"ImageObject\",\"inLanguage\":\"es\",\"@id\":\"https:\\\/\\\/aplimedia.com\\\/tutoriales\\\/proyectos\\\/crear-maquinas-proyectos\\\/#primaryimage\",\"url\":\"https:\\\/\\\/aplimedia.com\\\/tutoriales\\\/wp-content\\\/uploads\\\/2019\\\/01\\\/dardealtaempleados1_1.png\",\"contentUrl\":\"https:\\\/\\\/aplimedia.com\\\/tutoriales\\\/wp-content\\\/uploads\\\/2019\\\/01\\\/dardealtaempleados1_1.png\",\"width\":806,\"height\":558},{\"@type\":\"BreadcrumbList\",\"@id\":\"https:\\\/\\\/aplimedia.com\\\/tutoriales\\\/proyectos\\\/crear-maquinas-proyectos\\\/#breadcrumb\",\"itemListElement\":[{\"@type\":\"ListItem\",\"position\":1,\"name\":\"Tutoriales\",\"item\":\"https:\\\/\\\/aplimedia.com\\\/tutoriales\\\/\"},{\"@type\":\"ListItem\",\"position\":2,\"name\":\"Gesti\u00f3n de proyectos\",\"item\":\"https:\\\/\\\/aplimedia.com\\\/tutoriales\\\/proyectos\\\/\"},{\"@type\":\"ListItem\",\"position\":3,\"name\":\"Dar de alta m\u00e1quinas a utilizar en los proyectos\"}]},{\"@type\":\"WebSite\",\"@id\":\"https:\\\/\\\/aplimedia.com\\\/tutoriales\\\/#website\",\"url\":\"https:\\\/\\\/aplimedia.com\\\/tutoriales\\\/\",\"name\":\"Tutoriales de Secre\",\"description\":\"Tutoriales del software de gesti\u00f3n Secre\",\"publisher\":{\"@id\":\"https:\\\/\\\/aplimedia.com\\\/tutoriales\\\/#organization\"},\"potentialAction\":[{\"@type\":\"SearchAction\",\"target\":{\"@type\":\"EntryPoint\",\"urlTemplate\":\"https:\\\/\\\/aplimedia.com\\\/tutoriales\\\/?s={search_term_string}\"},\"query-input\":{\"@type\":\"PropertyValueSpecification\",\"valueRequired\":true,\"valueName\":\"search_term_string\"}}],\"inLanguage\":\"es\"},{\"@type\":\"Organization\",\"@id\":\"https:\\\/\\\/aplimedia.com\\\/tutoriales\\\/#organization\",\"name\":\"Tutoriales de Secre\",\"url\":\"https:\\\/\\\/aplimedia.com\\\/tutoriales\\\/\",\"logo\":{\"@type\":\"ImageObject\",\"inLanguage\":\"es\",\"@id\":\"https:\\\/\\\/aplimedia.com\\\/tutoriales\\\/#\\\/schema\\\/logo\\\/image\\\/\",\"url\":\"https:\\\/\\\/aplimedia.com\\\/tutoriales\\\/wp-content\\\/uploads\\\/2022\\\/03\\\/cropped-logotipo-aplimedia.png\",\"contentUrl\":\"https:\\\/\\\/aplimedia.com\\\/tutoriales\\\/wp-content\\\/uploads\\\/2022\\\/03\\\/cropped-logotipo-aplimedia.png\",\"width\":2000,\"height\":658,\"caption\":\"Tutoriales de Secre\"},\"image\":{\"@id\":\"https:\\\/\\\/aplimedia.com\\\/tutoriales\\\/#\\\/schema\\\/logo\\\/image\\\/\"}}]}<\/script>\n<!-- \/ Yoast SEO plugin. -->","yoast_head_json":{"title":"Dar de alta m\u00e1quinas a utilizar en los proyectos | Tutoriales de Secre","robots":{"index":"index","follow":"follow","max-snippet":"max-snippet:-1","max-image-preview":"max-image-preview:large","max-video-preview":"max-video-preview:-1"},"canonical":"https:\/\/aplimedia.com\/tutoriales\/proyectos\/crear-maquinas-proyectos\/","og_locale":"es_ES","og_type":"article","og_title":"Dar de alta m\u00e1quinas a utilizar en los proyectos | Tutoriales de Secre","og_description":"Dependiendo de las caracter\u00edsticas de los proyectos que realiza tu empresa, es posible que necesites dar de alta m\u00e1quinas e indicar cu\u00e1l es su coste por hora, de modo que puedas imputar a tus proyectos el coste que te ha generado el uso de dichas m\u00e1quinas. Suele ser el caso de empresas del sector construcci\u00f3n [&hellip;]","og_url":"https:\/\/aplimedia.com\/tutoriales\/proyectos\/crear-maquinas-proyectos\/","og_site_name":"Tutoriales de Secre","article_modified_time":"2025-03-12T15:37:38+00:00","og_image":[{"width":806,"height":558,"url":"https:\/\/aplimedia.com\/tutoriales\/wp-content\/uploads\/2019\/01\/dardealtaempleados1_1.png","type":"image\/png"}],"twitter_card":"summary_large_image","twitter_misc":{"Tiempo de lectura":"3 minutos"},"schema":{"@context":"https:\/\/schema.org","@graph":[{"@type":"WebPage","@id":"https:\/\/aplimedia.com\/tutoriales\/proyectos\/crear-maquinas-proyectos\/","url":"https:\/\/aplimedia.com\/tutoriales\/proyectos\/crear-maquinas-proyectos\/","name":"Dar de alta m\u00e1quinas a utilizar en los proyectos | Tutoriales de Secre","isPartOf":{"@id":"https:\/\/aplimedia.com\/tutoriales\/#website"},"primaryImageOfPage":{"@id":"https:\/\/aplimedia.com\/tutoriales\/proyectos\/crear-maquinas-proyectos\/#primaryimage"},"image":{"@id":"https:\/\/aplimedia.com\/tutoriales\/proyectos\/crear-maquinas-proyectos\/#primaryimage"},"thumbnailUrl":"https:\/\/aplimedia.com\/tutoriales\/wp-content\/uploads\/2019\/01\/dardealtaempleados1_1.png","datePublished":"2019-01-18T13:06:00+00:00","dateModified":"2025-03-12T15:37:38+00:00","breadcrumb":{"@id":"https:\/\/aplimedia.com\/tutoriales\/proyectos\/crear-maquinas-proyectos\/#breadcrumb"},"inLanguage":"es","potentialAction":[{"@type":"ReadAction","target":["https:\/\/aplimedia.com\/tutoriales\/proyectos\/crear-maquinas-proyectos\/"]}]},{"@type":"ImageObject","inLanguage":"es","@id":"https:\/\/aplimedia.com\/tutoriales\/proyectos\/crear-maquinas-proyectos\/#primaryimage","url":"https:\/\/aplimedia.com\/tutoriales\/wp-content\/uploads\/2019\/01\/dardealtaempleados1_1.png","contentUrl":"https:\/\/aplimedia.com\/tutoriales\/wp-content\/uploads\/2019\/01\/dardealtaempleados1_1.png","width":806,"height":558},{"@type":"BreadcrumbList","@id":"https:\/\/aplimedia.com\/tutoriales\/proyectos\/crear-maquinas-proyectos\/#breadcrumb","itemListElement":[{"@type":"ListItem","position":1,"name":"Tutoriales","item":"https:\/\/aplimedia.com\/tutoriales\/"},{"@type":"ListItem","position":2,"name":"Gesti\u00f3n de proyectos","item":"https:\/\/aplimedia.com\/tutoriales\/proyectos\/"},{"@type":"ListItem","position":3,"name":"Dar de alta m\u00e1quinas a utilizar en los proyectos"}]},{"@type":"WebSite","@id":"https:\/\/aplimedia.com\/tutoriales\/#website","url":"https:\/\/aplimedia.com\/tutoriales\/","name":"Tutoriales de Secre","description":"Tutoriales del software de gesti\u00f3n Secre","publisher":{"@id":"https:\/\/aplimedia.com\/tutoriales\/#organization"},"potentialAction":[{"@type":"SearchAction","target":{"@type":"EntryPoint","urlTemplate":"https:\/\/aplimedia.com\/tutoriales\/?s={search_term_string}"},"query-input":{"@type":"PropertyValueSpecification","valueRequired":true,"valueName":"search_term_string"}}],"inLanguage":"es"},{"@type":"Organization","@id":"https:\/\/aplimedia.com\/tutoriales\/#organization","name":"Tutoriales de Secre","url":"https:\/\/aplimedia.com\/tutoriales\/","logo":{"@type":"ImageObject","inLanguage":"es","@id":"https:\/\/aplimedia.com\/tutoriales\/#\/schema\/logo\/image\/","url":"https:\/\/aplimedia.com\/tutoriales\/wp-content\/uploads\/2022\/03\/cropped-logotipo-aplimedia.png","contentUrl":"https:\/\/aplimedia.com\/tutoriales\/wp-content\/uploads\/2022\/03\/cropped-logotipo-aplimedia.png","width":2000,"height":658,"caption":"Tutoriales de Secre"},"image":{"@id":"https:\/\/aplimedia.com\/tutoriales\/#\/schema\/logo\/image\/"}}]}},"_links":{"self":[{"href":"https:\/\/aplimedia.com\/tutoriales\/wp-json\/wp\/v2\/pages\/1268","targetHints":{"allow":["GET"]}}],"collection":[{"href":"https:\/\/aplimedia.com\/tutoriales\/wp-json\/wp\/v2\/pages"}],"about":[{"href":"https:\/\/aplimedia.com\/tutoriales\/wp-json\/wp\/v2\/types\/page"}],"author":[{"embeddable":true,"href":"https:\/\/aplimedia.com\/tutoriales\/wp-json\/wp\/v2\/users\/1"}],"replies":[{"embeddable":true,"href":"https:\/\/aplimedia.com\/tutoriales\/wp-json\/wp\/v2\/comments?post=1268"}],"version-history":[{"count":0,"href":"https:\/\/aplimedia.com\/tutoriales\/wp-json\/wp\/v2\/pages\/1268\/revisions"}],"up":[{"embeddable":true,"href":"https:\/\/aplimedia.com\/tutoriales\/wp-json\/wp\/v2\/pages\/1243"}],"wp:attachment":[{"href":"https:\/\/aplimedia.com\/tutoriales\/wp-json\/wp\/v2\/media?parent=1268"}],"curies":[{"name":"wp","href":"https:\/\/api.w.org\/{rel}","templated":true}]}}