{"id":1250,"date":"2019-01-18T12:27:51","date_gmt":"2019-01-18T12:27:51","guid":{"rendered":"https:\/\/aplimedia.com\/tutoriales\/?page_id=1250"},"modified":"2025-03-12T16:55:50","modified_gmt":"2025-03-12T16:55:50","slug":"activar-el-modulo-de-proyectos","status":"publish","type":"page","link":"https:\/\/aplimedia.com\/tutoriales\/proyectos\/activar-el-modulo-de-proyectos\/","title":{"rendered":"Activar el m\u00f3dulo de proyectos"},"content":{"rendered":"\t\t<div data-elementor-type=\"wp-post\" data-elementor-id=\"1250\" class=\"elementor elementor-1250\" data-elementor-post-type=\"page\">\n\t\t\t\t\t\t<section class=\"elementor-section elementor-top-section elementor-element elementor-element-75c92e3 elementor-section-stretched elementor-section-boxed elementor-section-height-default elementor-section-height-default\" data-id=\"75c92e3\" data-element_type=\"section\" data-e-type=\"section\" data-settings=\"{&quot;stretch_section&quot;:&quot;section-stretched&quot;}\">\n\t\t\t\t\t\t<div class=\"elementor-container elementor-column-gap-default\">\n\t\t\t\t\t<div class=\"elementor-column elementor-col-100 elementor-top-column elementor-element elementor-element-c3f150\" data-id=\"c3f150\" data-element_type=\"column\" data-e-type=\"column\">\n\t\t\t<div class=\"elementor-widget-wrap elementor-element-populated\">\n\t\t\t\t\t\t<div class=\"elementor-element elementor-element-28c5bf27 elementor-widget elementor-widget-text-editor\" data-id=\"28c5bf27\" data-element_type=\"widget\" data-e-type=\"widget\" data-widget_type=\"text-editor.default\">\n\t\t\t\t<div class=\"elementor-widget-container\">\n\t\t\t\t\t\t\t\t\t<p>Para activar el m\u00f3dulo de proyectos en Secre ve a <b>Herramientas&gt;Par\u00e1metros y valores por defecto<\/b> desde la pantalla principal. Luego, haz click en la pesta\u00f1a \u00ab<b>Opciones Generales<\/b>\u00ab.<\/p>\t\t\t\t\t\t\t\t<\/div>\n\t\t\t\t<\/div>\n\t\t<div class=\"elementor-element elementor-element-a9701f4 e-con-full e-flex e-con e-parent\" data-id=\"a9701f4\" data-element_type=\"container\" data-e-type=\"container\">\n\t\t<div class=\"elementor-element elementor-element-3a16e26 e-con-full e-flex e-con e-child\" data-id=\"3a16e26\" data-element_type=\"container\" data-e-type=\"container\">\n\t\t\t\t<div class=\"elementor-element elementor-element-075b032 elementor-widget elementor-widget-image\" data-id=\"075b032\" data-element_type=\"widget\" data-e-type=\"widget\" data-widget_type=\"image.default\">\n\t\t\t\t<div class=\"elementor-widget-container\">\n\t\t\t\t\t\t\t\t\t\t\t\t\t\t\t\t<a href=\"https:\/\/aplimedia.com\/tutoriales\/wp-content\/uploads\/2019\/01\/activarmoduloproyectos.png\" data-elementor-open-lightbox=\"yes\" data-elementor-lightbox-title=\"activarmoduloproyectos\" data-e-action-hash=\"#elementor-action%3Aaction%3Dlightbox%26settings%3DeyJpZCI6MTI1MiwidXJsIjoiaHR0cHM6XC9cL2FwbGltZWRpYS5jb21cL3R1dG9yaWFsZXNcL3dwLWNvbnRlbnRcL3VwbG9hZHNcLzIwMTlcLzAxXC9hY3RpdmFybW9kdWxvcHJveWVjdG9zLnBuZyJ9\">\n\t\t\t\t\t\t\t<img fetchpriority=\"high\" decoding=\"async\" width=\"806\" height=\"557\" src=\"https:\/\/aplimedia.com\/tutoriales\/wp-content\/uploads\/2019\/01\/activarmoduloproyectos.png\" class=\"attachment-large size-large wp-image-1252\" alt=\"\" srcset=\"https:\/\/aplimedia.com\/tutoriales\/wp-content\/uploads\/2019\/01\/activarmoduloproyectos.png 806w, https:\/\/aplimedia.com\/tutoriales\/wp-content\/uploads\/2019\/01\/activarmoduloproyectos-300x207.png 300w, https:\/\/aplimedia.com\/tutoriales\/wp-content\/uploads\/2019\/01\/activarmoduloproyectos-768x531.png 768w\" sizes=\"(max-width: 806px) 100vw, 806px\" \/>\t\t\t\t\t\t\t\t<\/a>\n\t\t\t\t\t\t\t\t\t\t\t\t\t\t\t<\/div>\n\t\t\t\t<\/div>\n\t\t\t\t<\/div>\n\t\t<div class=\"elementor-element elementor-element-a3a4bd3 e-con-full e-flex e-con e-child\" data-id=\"a3a4bd3\" data-element_type=\"container\" data-e-type=\"container\">\n\t\t\t\t<div class=\"elementor-element elementor-element-b516de2 elementor-widget elementor-widget-image\" data-id=\"b516de2\" data-element_type=\"widget\" data-e-type=\"widget\" data-widget_type=\"image.default\">\n\t\t\t\t<div class=\"elementor-widget-container\">\n\t\t\t\t\t\t\t\t\t\t\t\t\t\t\t\t<a href=\"https:\/\/aplimedia.com\/tutoriales\/wp-content\/uploads\/2021\/11\/activarmoduloproyectos5.png\" data-elementor-open-lightbox=\"yes\" data-elementor-lightbox-title=\"activarmoduloproyectos5\" data-e-action-hash=\"#elementor-action%3Aaction%3Dlightbox%26settings%3DeyJpZCI6NDE1OSwidXJsIjoiaHR0cHM6XC9cL2FwbGltZWRpYS5jb21cL3R1dG9yaWFsZXNcL3dwLWNvbnRlbnRcL3VwbG9hZHNcLzIwMjFcLzExXC9hY3RpdmFybW9kdWxvcHJveWVjdG9zNS5wbmcifQ%3D%3D\">\n\t\t\t\t\t\t\t<img decoding=\"async\" width=\"1024\" height=\"550\" src=\"https:\/\/aplimedia.com\/tutoriales\/wp-content\/uploads\/2021\/11\/activarmoduloproyectos5-1024x550.png\" class=\"attachment-large size-large wp-image-4159\" alt=\"\" srcset=\"https:\/\/aplimedia.com\/tutoriales\/wp-content\/uploads\/2021\/11\/activarmoduloproyectos5-1024x550.png 1024w, https:\/\/aplimedia.com\/tutoriales\/wp-content\/uploads\/2021\/11\/activarmoduloproyectos5-300x161.png 300w, https:\/\/aplimedia.com\/tutoriales\/wp-content\/uploads\/2021\/11\/activarmoduloproyectos5-768x412.png 768w, https:\/\/aplimedia.com\/tutoriales\/wp-content\/uploads\/2021\/11\/activarmoduloproyectos5-1536x825.png 1536w, https:\/\/aplimedia.com\/tutoriales\/wp-content\/uploads\/2021\/11\/activarmoduloproyectos5.png 1913w\" sizes=\"(max-width: 1024px) 100vw, 1024px\" \/>\t\t\t\t\t\t\t\t<\/a>\n\t\t\t\t\t\t\t\t\t\t\t\t\t\t\t<\/div>\n\t\t\t\t<\/div>\n\t\t\t\t<\/div>\n\t\t\t\t<\/div>\n\t\t\t\t<div class=\"elementor-element elementor-element-b4f2077 elementor-widget elementor-widget-text-editor\" data-id=\"b4f2077\" data-element_type=\"widget\" data-e-type=\"widget\" data-widget_type=\"text-editor.default\">\n\t\t\t\t<div class=\"elementor-widget-container\">\n\t\t\t\t\t\t\t\t\t<p>Dentro del apartado \u00ab<b>M\u00f3dulos opcionales<\/b>\u00ab, marca la casilla \u00ab<b>Proyectos<\/b>\u00ab. Despu\u00e9s guarda con el disquette de la barra superior.<\/p>\t\t\t\t\t\t\t\t<\/div>\n\t\t\t\t<\/div>\n\t\t\t\t<section class=\"elementor-section elementor-inner-section elementor-element elementor-element-f15ab75 elementor-section-boxed elementor-section-height-default elementor-section-height-default\" data-id=\"f15ab75\" data-element_type=\"section\" data-e-type=\"section\">\n\t\t\t\t\t\t<div class=\"elementor-container elementor-column-gap-default\">\n\t\t\t\t\t<div class=\"elementor-column elementor-col-100 elementor-inner-column elementor-element elementor-element-0d909b7\" data-id=\"0d909b7\" data-element_type=\"column\" data-e-type=\"column\">\n\t\t\t<div class=\"elementor-widget-wrap elementor-element-populated\">\n\t\t\t\t\t\t<div class=\"elementor-element elementor-element-f5ba45e elementor-widget elementor-widget-image\" data-id=\"f5ba45e\" data-element_type=\"widget\" data-e-type=\"widget\" data-widget_type=\"image.default\">\n\t\t\t\t<div class=\"elementor-widget-container\">\n\t\t\t\t\t\t\t\t\t\t\t\t\t\t\t\t<a href=\"https:\/\/aplimedia.com\/tutoriales\/wp-content\/uploads\/2021\/11\/activarmoduloproyectos4.png\" data-elementor-open-lightbox=\"yes\" data-elementor-lightbox-title=\"activarmoduloproyectos4\" data-e-action-hash=\"#elementor-action%3Aaction%3Dlightbox%26settings%3DeyJpZCI6NDE1OCwidXJsIjoiaHR0cHM6XC9cL2FwbGltZWRpYS5jb21cL3R1dG9yaWFsZXNcL3dwLWNvbnRlbnRcL3VwbG9hZHNcLzIwMjFcLzExXC9hY3RpdmFybW9kdWxvcHJveWVjdG9zNC5wbmcifQ%3D%3D\">\n\t\t\t\t\t\t\t<img decoding=\"async\" width=\"1024\" height=\"550\" src=\"https:\/\/aplimedia.com\/tutoriales\/wp-content\/uploads\/2021\/11\/activarmoduloproyectos4-1024x550.png\" class=\"attachment-large size-large wp-image-4158\" alt=\"\" srcset=\"https:\/\/aplimedia.com\/tutoriales\/wp-content\/uploads\/2021\/11\/activarmoduloproyectos4-1024x550.png 1024w, https:\/\/aplimedia.com\/tutoriales\/wp-content\/uploads\/2021\/11\/activarmoduloproyectos4-300x161.png 300w, https:\/\/aplimedia.com\/tutoriales\/wp-content\/uploads\/2021\/11\/activarmoduloproyectos4-768x412.png 768w, https:\/\/aplimedia.com\/tutoriales\/wp-content\/uploads\/2021\/11\/activarmoduloproyectos4-1536x825.png 1536w, https:\/\/aplimedia.com\/tutoriales\/wp-content\/uploads\/2021\/11\/activarmoduloproyectos4.png 1913w\" sizes=\"(max-width: 1024px) 100vw, 1024px\" \/>\t\t\t\t\t\t\t\t<\/a>\n\t\t\t\t\t\t\t\t\t\t\t\t\t\t\t<\/div>\n\t\t\t\t<\/div>\n\t\t\t\t\t<\/div>\n\t\t<\/div>\n\t\t\t\t\t<\/div>\n\t\t<\/section>\n\t\t\t\t<div class=\"elementor-element elementor-element-2b6d4c4 elementor-widget elementor-widget-text-editor\" data-id=\"2b6d4c4\" data-element_type=\"widget\" data-e-type=\"widget\" data-widget_type=\"text-editor.default\">\n\t\t\t\t<div class=\"elementor-widget-container\">\n\t\t\t\t\t\t\t\t\t<p>Ahora <b>ya tienes activo el m\u00f3dulo de proyectos<\/b>.\u00a0<\/p><p>Cierra el programa totalmente y vuelve a abrirlo y ya podr\u00e1s ver la opci\u00f3n \u00ab<b>Control de Proyectos<\/b>\u00bb en la pantalla principal de Secre.<\/p>\t\t\t\t\t\t\t\t<\/div>\n\t\t\t\t<\/div>\n\t\t\t\t<section class=\"elementor-section elementor-inner-section elementor-element elementor-element-650aaca elementor-section-boxed elementor-section-height-default elementor-section-height-default\" data-id=\"650aaca\" data-element_type=\"section\" data-e-type=\"section\">\n\t\t\t\t\t\t<div class=\"elementor-container elementor-column-gap-default\">\n\t\t\t\t\t<div class=\"elementor-column elementor-col-16 elementor-inner-column elementor-element elementor-element-f1d35b7\" data-id=\"f1d35b7\" data-element_type=\"column\" data-e-type=\"column\">\n\t\t\t<div class=\"elementor-widget-wrap\">\n\t\t\t\t\t\t\t<\/div>\n\t\t<\/div>\n\t\t\t\t<div class=\"elementor-column elementor-col-66 elementor-inner-column elementor-element elementor-element-a03ec86\" data-id=\"a03ec86\" data-element_type=\"column\" data-e-type=\"column\">\n\t\t\t<div class=\"elementor-widget-wrap elementor-element-populated\">\n\t\t\t\t\t\t<div class=\"elementor-element elementor-element-3df4c6d elementor-widget elementor-widget-image\" data-id=\"3df4c6d\" data-element_type=\"widget\" data-e-type=\"widget\" data-widget_type=\"image.default\">\n\t\t\t\t<div class=\"elementor-widget-container\">\n\t\t\t\t\t\t\t\t\t\t\t\t\t\t\t\t<a href=\"https:\/\/aplimedia.com\/tutoriales\/wp-content\/uploads\/2019\/01\/activarmoduloproyectos3.png\" data-elementor-open-lightbox=\"yes\" data-elementor-lightbox-title=\"activarmoduloproyectos3\" data-e-action-hash=\"#elementor-action%3Aaction%3Dlightbox%26settings%3DeyJpZCI6MTI1NSwidXJsIjoiaHR0cHM6XC9cL2FwbGltZWRpYS5jb21cL3R1dG9yaWFsZXNcL3dwLWNvbnRlbnRcL3VwbG9hZHNcLzIwMTlcLzAxXC9hY3RpdmFybW9kdWxvcHJveWVjdG9zMy5wbmcifQ%3D%3D\">\n\t\t\t\t\t\t\t<img loading=\"lazy\" decoding=\"async\" width=\"806\" height=\"557\" src=\"https:\/\/aplimedia.com\/tutoriales\/wp-content\/uploads\/2019\/01\/activarmoduloproyectos3.png\" class=\"attachment-large size-large wp-image-1255\" alt=\"\" srcset=\"https:\/\/aplimedia.com\/tutoriales\/wp-content\/uploads\/2019\/01\/activarmoduloproyectos3.png 806w, https:\/\/aplimedia.com\/tutoriales\/wp-content\/uploads\/2019\/01\/activarmoduloproyectos3-300x207.png 300w, https:\/\/aplimedia.com\/tutoriales\/wp-content\/uploads\/2019\/01\/activarmoduloproyectos3-768x531.png 768w\" sizes=\"(max-width: 806px) 100vw, 806px\" \/>\t\t\t\t\t\t\t\t<\/a>\n\t\t\t\t\t\t\t\t\t\t\t\t\t\t\t<\/div>\n\t\t\t\t<\/div>\n\t\t\t\t\t<\/div>\n\t\t<\/div>\n\t\t\t\t<div class=\"elementor-column elementor-col-16 elementor-inner-column elementor-element elementor-element-d2fa069\" data-id=\"d2fa069\" data-element_type=\"column\" data-e-type=\"column\">\n\t\t\t<div class=\"elementor-widget-wrap\">\n\t\t\t\t\t\t\t<\/div>\n\t\t<\/div>\n\t\t\t\t\t<\/div>\n\t\t<\/section>\n\t\t\t\t<div class=\"elementor-element elementor-element-4cf0eb57 elementor-widget elementor-widget-spacer\" data-id=\"4cf0eb57\" data-element_type=\"widget\" data-e-type=\"widget\" data-widget_type=\"spacer.default\">\n\t\t\t\t<div class=\"elementor-widget-container\">\n\t\t\t\t\t\t\t<div class=\"elementor-spacer\">\n\t\t\t<div class=\"elementor-spacer-inner\"><\/div>\n\t\t<\/div>\n\t\t\t\t\t\t<\/div>\n\t\t\t\t<\/div>\n\t\t\t\t\t<\/div>\n\t\t<\/div>\n\t\t\t\t\t<\/div>\n\t\t<\/section>\n\t\t\t\t<\/div>\n\t\t","protected":false},"excerpt":{"rendered":"<p>Para activar el m\u00f3dulo de proyectos en Secre ve a Herramientas&gt;Par\u00e1metros y valores por defecto desde la pantalla principal. Luego, haz click en la pesta\u00f1a \u00abOpciones Generales\u00ab. Dentro del apartado \u00abM\u00f3dulos opcionales\u00ab, marca la casilla \u00abProyectos\u00ab. Despu\u00e9s guarda con el disquette de la barra superior. Ahora ya tienes activo el m\u00f3dulo de proyectos.\u00a0 Cierra el [&hellip;]<\/p>\n","protected":false},"author":1,"featured_media":0,"parent":1243,"menu_order":0,"comment_status":"closed","ping_status":"closed","template":"","meta":{"footnotes":""},"class_list":["post-1250","page","type-page","status-publish","hentry"],"yoast_head":"<!-- This site is optimized with the Yoast SEO plugin v27.5 - https:\/\/yoast.com\/product\/yoast-seo-wordpress\/ -->\n<title>Activar el m\u00f3dulo de proyectos | Tutoriales de Secre<\/title>\n<meta name=\"robots\" content=\"index, follow, max-snippet:-1, max-image-preview:large, max-video-preview:-1\" \/>\n<link rel=\"canonical\" href=\"https:\/\/aplimedia.com\/tutoriales\/proyectos\/activar-el-modulo-de-proyectos\/\" \/>\n<meta property=\"og:locale\" content=\"es_ES\" \/>\n<meta property=\"og:type\" content=\"article\" \/>\n<meta property=\"og:title\" content=\"Activar el m\u00f3dulo de proyectos | Tutoriales de Secre\" \/>\n<meta property=\"og:description\" content=\"Para activar el m\u00f3dulo de proyectos en Secre ve a Herramientas&gt;Par\u00e1metros y valores por defecto desde la pantalla principal. Luego, haz click en la pesta\u00f1a \u00abOpciones Generales\u00ab. Dentro del apartado \u00abM\u00f3dulos opcionales\u00ab, marca la casilla \u00abProyectos\u00ab. Despu\u00e9s guarda con el disquette de la barra superior. Ahora ya tienes activo el m\u00f3dulo de proyectos.\u00a0 Cierra el [&hellip;]\" \/>\n<meta property=\"og:url\" content=\"https:\/\/aplimedia.com\/tutoriales\/proyectos\/activar-el-modulo-de-proyectos\/\" \/>\n<meta property=\"og:site_name\" content=\"Tutoriales de Secre\" \/>\n<meta property=\"article:modified_time\" content=\"2025-03-12T16:55:50+00:00\" \/>\n<meta property=\"og:image\" content=\"https:\/\/aplimedia.com\/tutoriales\/wp-content\/uploads\/2019\/01\/activarmoduloproyectos.png\" \/>\n\t<meta property=\"og:image:width\" content=\"806\" \/>\n\t<meta property=\"og:image:height\" content=\"557\" \/>\n\t<meta property=\"og:image:type\" content=\"image\/png\" \/>\n<meta name=\"twitter:card\" content=\"summary_large_image\" \/>\n<meta name=\"twitter:label1\" content=\"Tiempo de lectura\" \/>\n\t<meta name=\"twitter:data1\" content=\"2 minutos\" \/>\n<script type=\"application\/ld+json\" class=\"yoast-schema-graph\">{\"@context\":\"https:\\\/\\\/schema.org\",\"@graph\":[{\"@type\":\"WebPage\",\"@id\":\"https:\\\/\\\/aplimedia.com\\\/tutoriales\\\/proyectos\\\/activar-el-modulo-de-proyectos\\\/\",\"url\":\"https:\\\/\\\/aplimedia.com\\\/tutoriales\\\/proyectos\\\/activar-el-modulo-de-proyectos\\\/\",\"name\":\"Activar el m\u00f3dulo de proyectos | Tutoriales de Secre\",\"isPartOf\":{\"@id\":\"https:\\\/\\\/aplimedia.com\\\/tutoriales\\\/#website\"},\"primaryImageOfPage\":{\"@id\":\"https:\\\/\\\/aplimedia.com\\\/tutoriales\\\/proyectos\\\/activar-el-modulo-de-proyectos\\\/#primaryimage\"},\"image\":{\"@id\":\"https:\\\/\\\/aplimedia.com\\\/tutoriales\\\/proyectos\\\/activar-el-modulo-de-proyectos\\\/#primaryimage\"},\"thumbnailUrl\":\"https:\\\/\\\/aplimedia.com\\\/tutoriales\\\/wp-content\\\/uploads\\\/2019\\\/01\\\/activarmoduloproyectos.png\",\"datePublished\":\"2019-01-18T12:27:51+00:00\",\"dateModified\":\"2025-03-12T16:55:50+00:00\",\"breadcrumb\":{\"@id\":\"https:\\\/\\\/aplimedia.com\\\/tutoriales\\\/proyectos\\\/activar-el-modulo-de-proyectos\\\/#breadcrumb\"},\"inLanguage\":\"es\",\"potentialAction\":[{\"@type\":\"ReadAction\",\"target\":[\"https:\\\/\\\/aplimedia.com\\\/tutoriales\\\/proyectos\\\/activar-el-modulo-de-proyectos\\\/\"]}]},{\"@type\":\"ImageObject\",\"inLanguage\":\"es\",\"@id\":\"https:\\\/\\\/aplimedia.com\\\/tutoriales\\\/proyectos\\\/activar-el-modulo-de-proyectos\\\/#primaryimage\",\"url\":\"https:\\\/\\\/aplimedia.com\\\/tutoriales\\\/wp-content\\\/uploads\\\/2019\\\/01\\\/activarmoduloproyectos.png\",\"contentUrl\":\"https:\\\/\\\/aplimedia.com\\\/tutoriales\\\/wp-content\\\/uploads\\\/2019\\\/01\\\/activarmoduloproyectos.png\",\"width\":806,\"height\":557},{\"@type\":\"BreadcrumbList\",\"@id\":\"https:\\\/\\\/aplimedia.com\\\/tutoriales\\\/proyectos\\\/activar-el-modulo-de-proyectos\\\/#breadcrumb\",\"itemListElement\":[{\"@type\":\"ListItem\",\"position\":1,\"name\":\"Tutoriales\",\"item\":\"https:\\\/\\\/aplimedia.com\\\/tutoriales\\\/\"},{\"@type\":\"ListItem\",\"position\":2,\"name\":\"Gesti\u00f3n de proyectos\",\"item\":\"https:\\\/\\\/aplimedia.com\\\/tutoriales\\\/proyectos\\\/\"},{\"@type\":\"ListItem\",\"position\":3,\"name\":\"Activar el m\u00f3dulo de proyectos\"}]},{\"@type\":\"WebSite\",\"@id\":\"https:\\\/\\\/aplimedia.com\\\/tutoriales\\\/#website\",\"url\":\"https:\\\/\\\/aplimedia.com\\\/tutoriales\\\/\",\"name\":\"Tutoriales de Secre\",\"description\":\"Tutoriales del software de gesti\u00f3n Secre\",\"publisher\":{\"@id\":\"https:\\\/\\\/aplimedia.com\\\/tutoriales\\\/#organization\"},\"potentialAction\":[{\"@type\":\"SearchAction\",\"target\":{\"@type\":\"EntryPoint\",\"urlTemplate\":\"https:\\\/\\\/aplimedia.com\\\/tutoriales\\\/?s={search_term_string}\"},\"query-input\":{\"@type\":\"PropertyValueSpecification\",\"valueRequired\":true,\"valueName\":\"search_term_string\"}}],\"inLanguage\":\"es\"},{\"@type\":\"Organization\",\"@id\":\"https:\\\/\\\/aplimedia.com\\\/tutoriales\\\/#organization\",\"name\":\"Tutoriales de Secre\",\"url\":\"https:\\\/\\\/aplimedia.com\\\/tutoriales\\\/\",\"logo\":{\"@type\":\"ImageObject\",\"inLanguage\":\"es\",\"@id\":\"https:\\\/\\\/aplimedia.com\\\/tutoriales\\\/#\\\/schema\\\/logo\\\/image\\\/\",\"url\":\"https:\\\/\\\/aplimedia.com\\\/tutoriales\\\/wp-content\\\/uploads\\\/2022\\\/03\\\/cropped-logotipo-aplimedia.png\",\"contentUrl\":\"https:\\\/\\\/aplimedia.com\\\/tutoriales\\\/wp-content\\\/uploads\\\/2022\\\/03\\\/cropped-logotipo-aplimedia.png\",\"width\":2000,\"height\":658,\"caption\":\"Tutoriales de Secre\"},\"image\":{\"@id\":\"https:\\\/\\\/aplimedia.com\\\/tutoriales\\\/#\\\/schema\\\/logo\\\/image\\\/\"}}]}<\/script>\n<!-- \/ Yoast SEO plugin. -->","yoast_head_json":{"title":"Activar el m\u00f3dulo de proyectos | Tutoriales de Secre","robots":{"index":"index","follow":"follow","max-snippet":"max-snippet:-1","max-image-preview":"max-image-preview:large","max-video-preview":"max-video-preview:-1"},"canonical":"https:\/\/aplimedia.com\/tutoriales\/proyectos\/activar-el-modulo-de-proyectos\/","og_locale":"es_ES","og_type":"article","og_title":"Activar el m\u00f3dulo de proyectos | Tutoriales de Secre","og_description":"Para activar el m\u00f3dulo de proyectos en Secre ve a Herramientas&gt;Par\u00e1metros y valores por defecto desde la pantalla principal. Luego, haz click en la pesta\u00f1a \u00abOpciones Generales\u00ab. Dentro del apartado \u00abM\u00f3dulos opcionales\u00ab, marca la casilla \u00abProyectos\u00ab. Despu\u00e9s guarda con el disquette de la barra superior. Ahora ya tienes activo el m\u00f3dulo de proyectos.\u00a0 Cierra el [&hellip;]","og_url":"https:\/\/aplimedia.com\/tutoriales\/proyectos\/activar-el-modulo-de-proyectos\/","og_site_name":"Tutoriales de Secre","article_modified_time":"2025-03-12T16:55:50+00:00","og_image":[{"width":806,"height":557,"url":"https:\/\/aplimedia.com\/tutoriales\/wp-content\/uploads\/2019\/01\/activarmoduloproyectos.png","type":"image\/png"}],"twitter_card":"summary_large_image","twitter_misc":{"Tiempo de lectura":"2 minutos"},"schema":{"@context":"https:\/\/schema.org","@graph":[{"@type":"WebPage","@id":"https:\/\/aplimedia.com\/tutoriales\/proyectos\/activar-el-modulo-de-proyectos\/","url":"https:\/\/aplimedia.com\/tutoriales\/proyectos\/activar-el-modulo-de-proyectos\/","name":"Activar el m\u00f3dulo de proyectos | Tutoriales de Secre","isPartOf":{"@id":"https:\/\/aplimedia.com\/tutoriales\/#website"},"primaryImageOfPage":{"@id":"https:\/\/aplimedia.com\/tutoriales\/proyectos\/activar-el-modulo-de-proyectos\/#primaryimage"},"image":{"@id":"https:\/\/aplimedia.com\/tutoriales\/proyectos\/activar-el-modulo-de-proyectos\/#primaryimage"},"thumbnailUrl":"https:\/\/aplimedia.com\/tutoriales\/wp-content\/uploads\/2019\/01\/activarmoduloproyectos.png","datePublished":"2019-01-18T12:27:51+00:00","dateModified":"2025-03-12T16:55:50+00:00","breadcrumb":{"@id":"https:\/\/aplimedia.com\/tutoriales\/proyectos\/activar-el-modulo-de-proyectos\/#breadcrumb"},"inLanguage":"es","potentialAction":[{"@type":"ReadAction","target":["https:\/\/aplimedia.com\/tutoriales\/proyectos\/activar-el-modulo-de-proyectos\/"]}]},{"@type":"ImageObject","inLanguage":"es","@id":"https:\/\/aplimedia.com\/tutoriales\/proyectos\/activar-el-modulo-de-proyectos\/#primaryimage","url":"https:\/\/aplimedia.com\/tutoriales\/wp-content\/uploads\/2019\/01\/activarmoduloproyectos.png","contentUrl":"https:\/\/aplimedia.com\/tutoriales\/wp-content\/uploads\/2019\/01\/activarmoduloproyectos.png","width":806,"height":557},{"@type":"BreadcrumbList","@id":"https:\/\/aplimedia.com\/tutoriales\/proyectos\/activar-el-modulo-de-proyectos\/#breadcrumb","itemListElement":[{"@type":"ListItem","position":1,"name":"Tutoriales","item":"https:\/\/aplimedia.com\/tutoriales\/"},{"@type":"ListItem","position":2,"name":"Gesti\u00f3n de proyectos","item":"https:\/\/aplimedia.com\/tutoriales\/proyectos\/"},{"@type":"ListItem","position":3,"name":"Activar el m\u00f3dulo de proyectos"}]},{"@type":"WebSite","@id":"https:\/\/aplimedia.com\/tutoriales\/#website","url":"https:\/\/aplimedia.com\/tutoriales\/","name":"Tutoriales de Secre","description":"Tutoriales del software de gesti\u00f3n Secre","publisher":{"@id":"https:\/\/aplimedia.com\/tutoriales\/#organization"},"potentialAction":[{"@type":"SearchAction","target":{"@type":"EntryPoint","urlTemplate":"https:\/\/aplimedia.com\/tutoriales\/?s={search_term_string}"},"query-input":{"@type":"PropertyValueSpecification","valueRequired":true,"valueName":"search_term_string"}}],"inLanguage":"es"},{"@type":"Organization","@id":"https:\/\/aplimedia.com\/tutoriales\/#organization","name":"Tutoriales de Secre","url":"https:\/\/aplimedia.com\/tutoriales\/","logo":{"@type":"ImageObject","inLanguage":"es","@id":"https:\/\/aplimedia.com\/tutoriales\/#\/schema\/logo\/image\/","url":"https:\/\/aplimedia.com\/tutoriales\/wp-content\/uploads\/2022\/03\/cropped-logotipo-aplimedia.png","contentUrl":"https:\/\/aplimedia.com\/tutoriales\/wp-content\/uploads\/2022\/03\/cropped-logotipo-aplimedia.png","width":2000,"height":658,"caption":"Tutoriales de Secre"},"image":{"@id":"https:\/\/aplimedia.com\/tutoriales\/#\/schema\/logo\/image\/"}}]}},"_links":{"self":[{"href":"https:\/\/aplimedia.com\/tutoriales\/wp-json\/wp\/v2\/pages\/1250","targetHints":{"allow":["GET"]}}],"collection":[{"href":"https:\/\/aplimedia.com\/tutoriales\/wp-json\/wp\/v2\/pages"}],"about":[{"href":"https:\/\/aplimedia.com\/tutoriales\/wp-json\/wp\/v2\/types\/page"}],"author":[{"embeddable":true,"href":"https:\/\/aplimedia.com\/tutoriales\/wp-json\/wp\/v2\/users\/1"}],"replies":[{"embeddable":true,"href":"https:\/\/aplimedia.com\/tutoriales\/wp-json\/wp\/v2\/comments?post=1250"}],"version-history":[{"count":0,"href":"https:\/\/aplimedia.com\/tutoriales\/wp-json\/wp\/v2\/pages\/1250\/revisions"}],"up":[{"embeddable":true,"href":"https:\/\/aplimedia.com\/tutoriales\/wp-json\/wp\/v2\/pages\/1243"}],"wp:attachment":[{"href":"https:\/\/aplimedia.com\/tutoriales\/wp-json\/wp\/v2\/media?parent=1250"}],"curies":[{"name":"wp","href":"https:\/\/api.w.org\/{rel}","templated":true}]}}