{"id":1162,"date":"2019-01-16T15:16:13","date_gmt":"2019-01-16T15:16:13","guid":{"rendered":"https:\/\/aplimedia.com\/tutoriales\/?page_id=1162"},"modified":"2025-03-12T13:11:33","modified_gmt":"2025-03-12T13:11:33","slug":"anadir-stock-articulo","status":"publish","type":"page","link":"https:\/\/aplimedia.com\/tutoriales\/primeros-pasos\/anadir-stock-articulo\/","title":{"rendered":"A\u00f1adir el stock de un art\u00edculo"},"content":{"rendered":"\t\t<div data-elementor-type=\"wp-post\" data-elementor-id=\"1162\" class=\"elementor elementor-1162\" data-elementor-post-type=\"page\">\n\t\t\t\t\t\t<section class=\"elementor-section elementor-top-section elementor-element elementor-element-2b548f9c elementor-section-stretched elementor-section-boxed elementor-section-height-default elementor-section-height-default\" data-id=\"2b548f9c\" data-element_type=\"section\" data-e-type=\"section\" data-settings=\"{&quot;stretch_section&quot;:&quot;section-stretched&quot;}\">\n\t\t\t\t\t\t<div class=\"elementor-container elementor-column-gap-default\">\n\t\t\t\t\t<div class=\"elementor-column elementor-col-100 elementor-top-column elementor-element elementor-element-5a7287c6\" data-id=\"5a7287c6\" data-element_type=\"column\" data-e-type=\"column\">\n\t\t\t<div class=\"elementor-widget-wrap elementor-element-populated\">\n\t\t\t\t\t\t<div class=\"elementor-element elementor-element-396e3b0d elementor-widget elementor-widget-text-editor\" data-id=\"396e3b0d\" data-element_type=\"widget\" data-e-type=\"widget\" data-widget_type=\"text-editor.default\">\n\t\t\t\t<div class=\"elementor-widget-container\">\n\t\t\t\t\t\t\t\t\t<p>Para indicar el stock del que dispones de un art\u00edculo, el primer paso, como es l\u00f3gico, es<b> crear dicho art\u00edculo<\/b>.\u00a0<\/p><p>Si todav\u00eda no sabes c\u00f3mo, revisa primero este tutorial: <a href=\"https:\/\/aplimedia.com\/tutoriales\/primeros-pasos\/crear-un-nuevo-articulo-o-servicio\/\">C\u00f3mo crear un nuevo art\u00edculo o servicio<\/a>.<\/p><p>A continuaci\u00f3n, vamos a repasar los pasos para a\u00f1adir el stock de un art\u00edculo.<\/p>\t\t\t\t\t\t\t\t<\/div>\n\t\t\t\t<\/div>\n\t\t\t\t<div class=\"elementor-element elementor-element-695e370c elementor-widget elementor-widget-spacer\" data-id=\"695e370c\" data-element_type=\"widget\" data-e-type=\"widget\" data-widget_type=\"spacer.default\">\n\t\t\t\t<div class=\"elementor-widget-container\">\n\t\t\t\t\t\t\t<div class=\"elementor-spacer\">\n\t\t\t<div class=\"elementor-spacer-inner\"><\/div>\n\t\t<\/div>\n\t\t\t\t\t\t<\/div>\n\t\t\t\t<\/div>\n\t\t\t\t<div class=\"elementor-element elementor-element-6c3ad751 elementor-widget elementor-widget-heading\" data-id=\"6c3ad751\" data-element_type=\"widget\" data-e-type=\"widget\" data-widget_type=\"heading.default\">\n\t\t\t\t<div class=\"elementor-widget-container\">\n\t\t\t\t\t<h2 class=\"elementor-heading-title elementor-size-default\">Paso 1:<\/h2>\t\t\t\t<\/div>\n\t\t\t\t<\/div>\n\t\t\t\t<div class=\"elementor-element elementor-element-2521f815 elementor-widget elementor-widget-text-editor\" data-id=\"2521f815\" data-element_type=\"widget\" data-e-type=\"widget\" data-widget_type=\"text-editor.default\">\n\t\t\t\t<div class=\"elementor-widget-container\">\n\t\t\t\t\t\t\t\t\t<p>Desde la ficha de un art\u00edculo ya creado, haz click en la pesta\u00f1a \u00abAlmacenes\u00bb. Se te abrir\u00e1 una nueva pantalla como la que ves abajo.<\/p>\t\t\t\t\t\t\t\t<\/div>\n\t\t\t\t<\/div>\n\t\t\t\t<section class=\"elementor-section elementor-inner-section elementor-element elementor-element-bbf370a elementor-section-boxed elementor-section-height-default elementor-section-height-default\" data-id=\"bbf370a\" data-element_type=\"section\" data-e-type=\"section\">\n\t\t\t\t\t\t<div class=\"elementor-container elementor-column-gap-default\">\n\t\t\t\t\t<div class=\"elementor-column elementor-col-100 elementor-inner-column elementor-element elementor-element-d2754ba\" data-id=\"d2754ba\" data-element_type=\"column\" data-e-type=\"column\">\n\t\t\t<div class=\"elementor-widget-wrap elementor-element-populated\">\n\t\t\t\t\t\t<div class=\"elementor-element elementor-element-b05453b elementor-widget elementor-widget-image\" data-id=\"b05453b\" data-element_type=\"widget\" data-e-type=\"widget\" data-widget_type=\"image.default\">\n\t\t\t\t<div class=\"elementor-widget-container\">\n\t\t\t\t\t\t\t\t\t\t\t\t\t\t\t\t<a href=\"https:\/\/aplimedia.com\/tutoriales\/wp-content\/uploads\/2019\/01\/indicarstock1.png\" data-elementor-open-lightbox=\"yes\" data-elementor-lightbox-title=\"indicarstock1\" data-e-action-hash=\"#elementor-action%3Aaction%3Dlightbox%26settings%3DeyJpZCI6MTE2MywidXJsIjoiaHR0cHM6XC9cL2FwbGltZWRpYS5jb21cL3R1dG9yaWFsZXNcL3dwLWNvbnRlbnRcL3VwbG9hZHNcLzIwMTlcLzAxXC9pbmRpY2Fyc3RvY2sxLnBuZyJ9\">\n\t\t\t\t\t\t\t<img fetchpriority=\"high\" decoding=\"async\" width=\"1024\" height=\"546\" src=\"https:\/\/aplimedia.com\/tutoriales\/wp-content\/uploads\/2019\/01\/indicarstock1-1024x546.png\" class=\"attachment-large size-large wp-image-1163\" alt=\"\" srcset=\"https:\/\/aplimedia.com\/tutoriales\/wp-content\/uploads\/2019\/01\/indicarstock1-1024x546.png 1024w, https:\/\/aplimedia.com\/tutoriales\/wp-content\/uploads\/2019\/01\/indicarstock1-300x160.png 300w, https:\/\/aplimedia.com\/tutoriales\/wp-content\/uploads\/2019\/01\/indicarstock1-768x409.png 768w, https:\/\/aplimedia.com\/tutoriales\/wp-content\/uploads\/2019\/01\/indicarstock1.png 1920w\" sizes=\"(max-width: 1024px) 100vw, 1024px\" \/>\t\t\t\t\t\t\t\t<\/a>\n\t\t\t\t\t\t\t\t\t\t\t\t\t\t\t<\/div>\n\t\t\t\t<\/div>\n\t\t\t\t\t<\/div>\n\t\t<\/div>\n\t\t\t\t\t<\/div>\n\t\t<\/section>\n\t\t\t\t<section class=\"elementor-section elementor-inner-section elementor-element elementor-element-713c78a elementor-section-boxed elementor-section-height-default elementor-section-height-default\" data-id=\"713c78a\" data-element_type=\"section\" data-e-type=\"section\">\n\t\t\t\t\t\t<div class=\"elementor-container elementor-column-gap-default\">\n\t\t\t\t\t<div class=\"elementor-column elementor-col-100 elementor-inner-column elementor-element elementor-element-36d9e07\" data-id=\"36d9e07\" data-element_type=\"column\" data-e-type=\"column\">\n\t\t\t<div class=\"elementor-widget-wrap elementor-element-populated\">\n\t\t\t\t\t\t<div class=\"elementor-element elementor-element-ec9f1f7 elementor-widget elementor-widget-image\" data-id=\"ec9f1f7\" data-element_type=\"widget\" data-e-type=\"widget\" data-widget_type=\"image.default\">\n\t\t\t\t<div class=\"elementor-widget-container\">\n\t\t\t\t\t\t\t\t\t\t\t\t\t\t\t\t<a href=\"https:\/\/aplimedia.com\/tutoriales\/wp-content\/uploads\/2019\/01\/indicarstock2.png\" data-elementor-open-lightbox=\"yes\" data-elementor-lightbox-title=\"indicarstock2\" data-e-action-hash=\"#elementor-action%3Aaction%3Dlightbox%26settings%3DeyJpZCI6MTE2NCwidXJsIjoiaHR0cHM6XC9cL2FwbGltZWRpYS5jb21cL3R1dG9yaWFsZXNcL3dwLWNvbnRlbnRcL3VwbG9hZHNcLzIwMTlcLzAxXC9pbmRpY2Fyc3RvY2syLnBuZyJ9\">\n\t\t\t\t\t\t\t<img decoding=\"async\" width=\"1024\" height=\"536\" src=\"https:\/\/aplimedia.com\/tutoriales\/wp-content\/uploads\/2019\/01\/indicarstock2-1024x536.png\" class=\"attachment-large size-large wp-image-1164\" alt=\"\" srcset=\"https:\/\/aplimedia.com\/tutoriales\/wp-content\/uploads\/2019\/01\/indicarstock2-1024x536.png 1024w, https:\/\/aplimedia.com\/tutoriales\/wp-content\/uploads\/2019\/01\/indicarstock2-300x157.png 300w, https:\/\/aplimedia.com\/tutoriales\/wp-content\/uploads\/2019\/01\/indicarstock2-768x402.png 768w, https:\/\/aplimedia.com\/tutoriales\/wp-content\/uploads\/2019\/01\/indicarstock2.png 1920w\" sizes=\"(max-width: 1024px) 100vw, 1024px\" \/>\t\t\t\t\t\t\t\t<\/a>\n\t\t\t\t\t\t\t\t\t\t\t\t\t\t\t<\/div>\n\t\t\t\t<\/div>\n\t\t\t\t\t<\/div>\n\t\t<\/div>\n\t\t\t\t\t<\/div>\n\t\t<\/section>\n\t\t\t\t<div class=\"elementor-element elementor-element-9df086b elementor-widget elementor-widget-text-editor\" data-id=\"9df086b\" data-element_type=\"widget\" data-e-type=\"widget\" data-widget_type=\"text-editor.default\">\n\t\t\t\t<div class=\"elementor-widget-container\">\n\t\t\t\t\t\t\t\t\t<p>En esta pantalla, te aparecer\u00e1n los almacenes que previamente hayas dado de alta desde \u00abTablas Auxiliares\u00bb.\u00a0<\/p><p>Si tienes m\u00e1s de un almac\u00e9n, puedes crear almacenes adicionales siguiendo los pasos del tutorial: <a href=\"https:\/\/aplimedia.com\/tutoriales\/primeros-pasos\/crear-almacenes\/\">C\u00f3mo dar de alta un almac\u00e9n<\/a>.<\/p><p>Para<b> indicar el stock de un art\u00edculo<\/b> en un almac\u00e9n, haz doble click sobre el nombre del almac\u00e9n que corresponda y se te abrir\u00e1 una peque\u00f1a ventana donde introducir el n\u00famero de unidades.\u00a0<\/p><p>Pulsa OK, y tu stock quedar\u00e1 actualizado.<\/p><p>Si la actualizaci\u00f3n del stock corresponde a una fecha distinta a la de hoy, selecci\u00f3nala en el campo \u00abFecha actualizaci\u00f3n stock\u00bb antes de hacer doble clic en el almac\u00e9n e indicar las unidades.<\/p>\t\t\t\t\t\t\t\t<\/div>\n\t\t\t\t<\/div>\n\t\t\t\t<section class=\"elementor-section elementor-inner-section elementor-element elementor-element-6d0bc56 elementor-section-boxed elementor-section-height-default elementor-section-height-default\" data-id=\"6d0bc56\" data-element_type=\"section\" data-e-type=\"section\">\n\t\t\t\t\t\t<div class=\"elementor-container elementor-column-gap-default\">\n\t\t\t\t\t<div class=\"elementor-column elementor-col-100 elementor-inner-column elementor-element elementor-element-eae3462\" data-id=\"eae3462\" data-element_type=\"column\" data-e-type=\"column\">\n\t\t\t<div class=\"elementor-widget-wrap elementor-element-populated\">\n\t\t\t\t\t\t<div class=\"elementor-element elementor-element-79333c0 elementor-widget elementor-widget-image\" data-id=\"79333c0\" data-element_type=\"widget\" data-e-type=\"widget\" data-widget_type=\"image.default\">\n\t\t\t\t<div class=\"elementor-widget-container\">\n\t\t\t\t\t\t\t\t\t\t\t\t\t\t\t\t<a href=\"https:\/\/aplimedia.com\/tutoriales\/wp-content\/uploads\/2019\/01\/indicarstock3.png\" data-elementor-open-lightbox=\"yes\" data-elementor-lightbox-title=\"indicarstock3\" data-e-action-hash=\"#elementor-action%3Aaction%3Dlightbox%26settings%3DeyJpZCI6MTE2NSwidXJsIjoiaHR0cHM6XC9cL2FwbGltZWRpYS5jb21cL3R1dG9yaWFsZXNcL3dwLWNvbnRlbnRcL3VwbG9hZHNcLzIwMTlcLzAxXC9pbmRpY2Fyc3RvY2szLnBuZyJ9\">\n\t\t\t\t\t\t\t<img decoding=\"async\" width=\"1024\" height=\"596\" src=\"https:\/\/aplimedia.com\/tutoriales\/wp-content\/uploads\/2019\/01\/indicarstock3-1024x596.png\" class=\"attachment-large size-large wp-image-1165\" alt=\"\" srcset=\"https:\/\/aplimedia.com\/tutoriales\/wp-content\/uploads\/2019\/01\/indicarstock3-1024x596.png 1024w, https:\/\/aplimedia.com\/tutoriales\/wp-content\/uploads\/2019\/01\/indicarstock3-300x175.png 300w, https:\/\/aplimedia.com\/tutoriales\/wp-content\/uploads\/2019\/01\/indicarstock3-768x447.png 768w, https:\/\/aplimedia.com\/tutoriales\/wp-content\/uploads\/2019\/01\/indicarstock3.png 1204w\" sizes=\"(max-width: 1024px) 100vw, 1024px\" \/>\t\t\t\t\t\t\t\t<\/a>\n\t\t\t\t\t\t\t\t\t\t\t\t\t\t\t<\/div>\n\t\t\t\t<\/div>\n\t\t\t\t\t<\/div>\n\t\t<\/div>\n\t\t\t\t\t<\/div>\n\t\t<\/section>\n\t\t\t\t<div class=\"elementor-element elementor-element-9d18b97 elementor-widget elementor-widget-text-editor\" data-id=\"9d18b97\" data-element_type=\"widget\" data-e-type=\"widget\" data-widget_type=\"text-editor.default\">\n\t\t\t\t<div class=\"elementor-widget-container\">\n\t\t\t\t\t\t\t\t\t<p>A partir de ahora <b>el stock de tu art\u00edculo se ir\u00e1 actualizando <\/b>autom\u00e1ticamente cuando realices operaciones como:<\/p><ul><li>Compras o ventas de dicho art\u00edculo.<\/li><li>\u00a0Imputaci\u00f3n de material en una obra o proyecto.<\/li><li>Utilizaci\u00f3n de un art\u00edculo en fabricaci\u00f3n.<\/li><li>Movimientos entre almacenes.<\/li><li>\u00a0Eliminaci\u00f3n de art\u00edculos deteriorados.<\/li><\/ul>\t\t\t\t\t\t\t\t<\/div>\n\t\t\t\t<\/div>\n\t\t\t\t<div class=\"elementor-element elementor-element-03d4ee3 elementor-widget elementor-widget-text-editor\" data-id=\"03d4ee3\" data-element_type=\"widget\" data-e-type=\"widget\" data-widget_type=\"text-editor.default\">\n\t\t\t\t<div class=\"elementor-widget-container\">\n\t\t\t\t\t\t\t\t\t<p><span style=\"color: #ff0000;\">IMPORTANTE<\/span>: Ten en cuenta que, cuando actualizas el stock de un art\u00edculo, Secre asume que ese es el stock que ten\u00edas del art\u00edculo previamente a cualquier entrada o salida que hayas realizado a lo largo del d\u00eda.\u00a0<\/p><p>Es decir, que si yo indico que mi stock de un art\u00edculo a fecha de hoy son 100 unidades, pero hago una compra de 10 unidades a lo largo del d\u00eda, Secre calcular\u00e1 que tu stock debe ser 110.<\/p>\t\t\t\t\t\t\t\t<\/div>\n\t\t\t\t<\/div>\n\t\t\t\t<div class=\"elementor-element elementor-element-53057415 elementor-widget elementor-widget-spacer\" data-id=\"53057415\" data-element_type=\"widget\" data-e-type=\"widget\" data-widget_type=\"spacer.default\">\n\t\t\t\t<div class=\"elementor-widget-container\">\n\t\t\t\t\t\t\t<div class=\"elementor-spacer\">\n\t\t\t<div class=\"elementor-spacer-inner\"><\/div>\n\t\t<\/div>\n\t\t\t\t\t\t<\/div>\n\t\t\t\t<\/div>\n\t\t\t\t\t<\/div>\n\t\t<\/div>\n\t\t\t\t\t<\/div>\n\t\t<\/section>\n\t\t\t\t<\/div>\n\t\t","protected":false},"excerpt":{"rendered":"<p>Para indicar el stock del que dispones de un art\u00edculo, el primer paso, como es l\u00f3gico, es crear dicho art\u00edculo.\u00a0 Si todav\u00eda no sabes c\u00f3mo, revisa primero este tutorial: C\u00f3mo crear un nuevo art\u00edculo o servicio. A continuaci\u00f3n, vamos a repasar los pasos para a\u00f1adir el stock de un art\u00edculo. Paso 1: Desde la ficha [&hellip;]<\/p>\n","protected":false},"author":1,"featured_media":0,"parent":905,"menu_order":0,"comment_status":"closed","ping_status":"closed","template":"","meta":{"footnotes":""},"class_list":["post-1162","page","type-page","status-publish","hentry"],"yoast_head":"<!-- This site is optimized with the Yoast SEO plugin v27.5 - https:\/\/yoast.com\/product\/yoast-seo-wordpress\/ -->\n<title>A\u00f1adir el stock de un art\u00edculo | Tutoriales de Secre<\/title>\n<meta name=\"robots\" content=\"index, follow, max-snippet:-1, max-image-preview:large, max-video-preview:-1\" \/>\n<link rel=\"canonical\" href=\"https:\/\/aplimedia.com\/tutoriales\/primeros-pasos\/anadir-stock-articulo\/\" \/>\n<meta property=\"og:locale\" content=\"es_ES\" \/>\n<meta property=\"og:type\" content=\"article\" \/>\n<meta property=\"og:title\" content=\"A\u00f1adir el stock de un art\u00edculo | Tutoriales de Secre\" \/>\n<meta property=\"og:description\" content=\"Para indicar el stock del que dispones de un art\u00edculo, el primer paso, como es l\u00f3gico, es crear dicho art\u00edculo.\u00a0 Si todav\u00eda no sabes c\u00f3mo, revisa primero este tutorial: C\u00f3mo crear un nuevo art\u00edculo o servicio. A continuaci\u00f3n, vamos a repasar los pasos para a\u00f1adir el stock de un art\u00edculo. Paso 1: Desde la ficha [&hellip;]\" \/>\n<meta property=\"og:url\" content=\"https:\/\/aplimedia.com\/tutoriales\/primeros-pasos\/anadir-stock-articulo\/\" \/>\n<meta property=\"og:site_name\" content=\"Tutoriales de Secre\" \/>\n<meta property=\"article:modified_time\" content=\"2025-03-12T13:11:33+00:00\" \/>\n<meta property=\"og:image\" content=\"https:\/\/aplimedia.com\/tutoriales\/wp-content\/uploads\/2019\/01\/indicarstock1.png\" \/>\n\t<meta property=\"og:image:width\" content=\"1920\" \/>\n\t<meta property=\"og:image:height\" content=\"1023\" \/>\n\t<meta property=\"og:image:type\" content=\"image\/png\" \/>\n<meta name=\"twitter:card\" content=\"summary_large_image\" \/>\n<meta name=\"twitter:label1\" content=\"Tiempo de lectura\" \/>\n\t<meta name=\"twitter:data1\" content=\"3 minutos\" \/>\n<script type=\"application\/ld+json\" class=\"yoast-schema-graph\">{\"@context\":\"https:\\\/\\\/schema.org\",\"@graph\":[{\"@type\":\"WebPage\",\"@id\":\"https:\\\/\\\/aplimedia.com\\\/tutoriales\\\/primeros-pasos\\\/anadir-stock-articulo\\\/\",\"url\":\"https:\\\/\\\/aplimedia.com\\\/tutoriales\\\/primeros-pasos\\\/anadir-stock-articulo\\\/\",\"name\":\"A\u00f1adir el stock de un art\u00edculo | Tutoriales de Secre\",\"isPartOf\":{\"@id\":\"https:\\\/\\\/aplimedia.com\\\/tutoriales\\\/#website\"},\"primaryImageOfPage\":{\"@id\":\"https:\\\/\\\/aplimedia.com\\\/tutoriales\\\/primeros-pasos\\\/anadir-stock-articulo\\\/#primaryimage\"},\"image\":{\"@id\":\"https:\\\/\\\/aplimedia.com\\\/tutoriales\\\/primeros-pasos\\\/anadir-stock-articulo\\\/#primaryimage\"},\"thumbnailUrl\":\"https:\\\/\\\/aplimedia.com\\\/tutoriales\\\/wp-content\\\/uploads\\\/2019\\\/01\\\/indicarstock1-1024x546.png\",\"datePublished\":\"2019-01-16T15:16:13+00:00\",\"dateModified\":\"2025-03-12T13:11:33+00:00\",\"breadcrumb\":{\"@id\":\"https:\\\/\\\/aplimedia.com\\\/tutoriales\\\/primeros-pasos\\\/anadir-stock-articulo\\\/#breadcrumb\"},\"inLanguage\":\"es\",\"potentialAction\":[{\"@type\":\"ReadAction\",\"target\":[\"https:\\\/\\\/aplimedia.com\\\/tutoriales\\\/primeros-pasos\\\/anadir-stock-articulo\\\/\"]}]},{\"@type\":\"ImageObject\",\"inLanguage\":\"es\",\"@id\":\"https:\\\/\\\/aplimedia.com\\\/tutoriales\\\/primeros-pasos\\\/anadir-stock-articulo\\\/#primaryimage\",\"url\":\"https:\\\/\\\/aplimedia.com\\\/tutoriales\\\/wp-content\\\/uploads\\\/2019\\\/01\\\/indicarstock1.png\",\"contentUrl\":\"https:\\\/\\\/aplimedia.com\\\/tutoriales\\\/wp-content\\\/uploads\\\/2019\\\/01\\\/indicarstock1.png\",\"width\":1920,\"height\":1023},{\"@type\":\"BreadcrumbList\",\"@id\":\"https:\\\/\\\/aplimedia.com\\\/tutoriales\\\/primeros-pasos\\\/anadir-stock-articulo\\\/#breadcrumb\",\"itemListElement\":[{\"@type\":\"ListItem\",\"position\":1,\"name\":\"Tutoriales\",\"item\":\"https:\\\/\\\/aplimedia.com\\\/tutoriales\\\/\"},{\"@type\":\"ListItem\",\"position\":2,\"name\":\"Primeros Pasos\",\"item\":\"https:\\\/\\\/aplimedia.com\\\/tutoriales\\\/primeros-pasos\\\/\"},{\"@type\":\"ListItem\",\"position\":3,\"name\":\"A\u00f1adir el stock de un art\u00edculo\"}]},{\"@type\":\"WebSite\",\"@id\":\"https:\\\/\\\/aplimedia.com\\\/tutoriales\\\/#website\",\"url\":\"https:\\\/\\\/aplimedia.com\\\/tutoriales\\\/\",\"name\":\"Tutoriales de Secre\",\"description\":\"Tutoriales del software de gesti\u00f3n Secre\",\"publisher\":{\"@id\":\"https:\\\/\\\/aplimedia.com\\\/tutoriales\\\/#organization\"},\"potentialAction\":[{\"@type\":\"SearchAction\",\"target\":{\"@type\":\"EntryPoint\",\"urlTemplate\":\"https:\\\/\\\/aplimedia.com\\\/tutoriales\\\/?s={search_term_string}\"},\"query-input\":{\"@type\":\"PropertyValueSpecification\",\"valueRequired\":true,\"valueName\":\"search_term_string\"}}],\"inLanguage\":\"es\"},{\"@type\":\"Organization\",\"@id\":\"https:\\\/\\\/aplimedia.com\\\/tutoriales\\\/#organization\",\"name\":\"Tutoriales de Secre\",\"url\":\"https:\\\/\\\/aplimedia.com\\\/tutoriales\\\/\",\"logo\":{\"@type\":\"ImageObject\",\"inLanguage\":\"es\",\"@id\":\"https:\\\/\\\/aplimedia.com\\\/tutoriales\\\/#\\\/schema\\\/logo\\\/image\\\/\",\"url\":\"https:\\\/\\\/aplimedia.com\\\/tutoriales\\\/wp-content\\\/uploads\\\/2022\\\/03\\\/cropped-logotipo-aplimedia.png\",\"contentUrl\":\"https:\\\/\\\/aplimedia.com\\\/tutoriales\\\/wp-content\\\/uploads\\\/2022\\\/03\\\/cropped-logotipo-aplimedia.png\",\"width\":2000,\"height\":658,\"caption\":\"Tutoriales de Secre\"},\"image\":{\"@id\":\"https:\\\/\\\/aplimedia.com\\\/tutoriales\\\/#\\\/schema\\\/logo\\\/image\\\/\"}}]}<\/script>\n<!-- \/ Yoast SEO plugin. -->","yoast_head_json":{"title":"A\u00f1adir el stock de un art\u00edculo | Tutoriales de Secre","robots":{"index":"index","follow":"follow","max-snippet":"max-snippet:-1","max-image-preview":"max-image-preview:large","max-video-preview":"max-video-preview:-1"},"canonical":"https:\/\/aplimedia.com\/tutoriales\/primeros-pasos\/anadir-stock-articulo\/","og_locale":"es_ES","og_type":"article","og_title":"A\u00f1adir el stock de un art\u00edculo | Tutoriales de Secre","og_description":"Para indicar el stock del que dispones de un art\u00edculo, el primer paso, como es l\u00f3gico, es crear dicho art\u00edculo.\u00a0 Si todav\u00eda no sabes c\u00f3mo, revisa primero este tutorial: C\u00f3mo crear un nuevo art\u00edculo o servicio. A continuaci\u00f3n, vamos a repasar los pasos para a\u00f1adir el stock de un art\u00edculo. Paso 1: Desde la ficha [&hellip;]","og_url":"https:\/\/aplimedia.com\/tutoriales\/primeros-pasos\/anadir-stock-articulo\/","og_site_name":"Tutoriales de Secre","article_modified_time":"2025-03-12T13:11:33+00:00","og_image":[{"width":1920,"height":1023,"url":"https:\/\/aplimedia.com\/tutoriales\/wp-content\/uploads\/2019\/01\/indicarstock1.png","type":"image\/png"}],"twitter_card":"summary_large_image","twitter_misc":{"Tiempo de lectura":"3 minutos"},"schema":{"@context":"https:\/\/schema.org","@graph":[{"@type":"WebPage","@id":"https:\/\/aplimedia.com\/tutoriales\/primeros-pasos\/anadir-stock-articulo\/","url":"https:\/\/aplimedia.com\/tutoriales\/primeros-pasos\/anadir-stock-articulo\/","name":"A\u00f1adir el stock de un art\u00edculo | Tutoriales de Secre","isPartOf":{"@id":"https:\/\/aplimedia.com\/tutoriales\/#website"},"primaryImageOfPage":{"@id":"https:\/\/aplimedia.com\/tutoriales\/primeros-pasos\/anadir-stock-articulo\/#primaryimage"},"image":{"@id":"https:\/\/aplimedia.com\/tutoriales\/primeros-pasos\/anadir-stock-articulo\/#primaryimage"},"thumbnailUrl":"https:\/\/aplimedia.com\/tutoriales\/wp-content\/uploads\/2019\/01\/indicarstock1-1024x546.png","datePublished":"2019-01-16T15:16:13+00:00","dateModified":"2025-03-12T13:11:33+00:00","breadcrumb":{"@id":"https:\/\/aplimedia.com\/tutoriales\/primeros-pasos\/anadir-stock-articulo\/#breadcrumb"},"inLanguage":"es","potentialAction":[{"@type":"ReadAction","target":["https:\/\/aplimedia.com\/tutoriales\/primeros-pasos\/anadir-stock-articulo\/"]}]},{"@type":"ImageObject","inLanguage":"es","@id":"https:\/\/aplimedia.com\/tutoriales\/primeros-pasos\/anadir-stock-articulo\/#primaryimage","url":"https:\/\/aplimedia.com\/tutoriales\/wp-content\/uploads\/2019\/01\/indicarstock1.png","contentUrl":"https:\/\/aplimedia.com\/tutoriales\/wp-content\/uploads\/2019\/01\/indicarstock1.png","width":1920,"height":1023},{"@type":"BreadcrumbList","@id":"https:\/\/aplimedia.com\/tutoriales\/primeros-pasos\/anadir-stock-articulo\/#breadcrumb","itemListElement":[{"@type":"ListItem","position":1,"name":"Tutoriales","item":"https:\/\/aplimedia.com\/tutoriales\/"},{"@type":"ListItem","position":2,"name":"Primeros Pasos","item":"https:\/\/aplimedia.com\/tutoriales\/primeros-pasos\/"},{"@type":"ListItem","position":3,"name":"A\u00f1adir el stock de un art\u00edculo"}]},{"@type":"WebSite","@id":"https:\/\/aplimedia.com\/tutoriales\/#website","url":"https:\/\/aplimedia.com\/tutoriales\/","name":"Tutoriales de Secre","description":"Tutoriales del software de gesti\u00f3n Secre","publisher":{"@id":"https:\/\/aplimedia.com\/tutoriales\/#organization"},"potentialAction":[{"@type":"SearchAction","target":{"@type":"EntryPoint","urlTemplate":"https:\/\/aplimedia.com\/tutoriales\/?s={search_term_string}"},"query-input":{"@type":"PropertyValueSpecification","valueRequired":true,"valueName":"search_term_string"}}],"inLanguage":"es"},{"@type":"Organization","@id":"https:\/\/aplimedia.com\/tutoriales\/#organization","name":"Tutoriales de Secre","url":"https:\/\/aplimedia.com\/tutoriales\/","logo":{"@type":"ImageObject","inLanguage":"es","@id":"https:\/\/aplimedia.com\/tutoriales\/#\/schema\/logo\/image\/","url":"https:\/\/aplimedia.com\/tutoriales\/wp-content\/uploads\/2022\/03\/cropped-logotipo-aplimedia.png","contentUrl":"https:\/\/aplimedia.com\/tutoriales\/wp-content\/uploads\/2022\/03\/cropped-logotipo-aplimedia.png","width":2000,"height":658,"caption":"Tutoriales de Secre"},"image":{"@id":"https:\/\/aplimedia.com\/tutoriales\/#\/schema\/logo\/image\/"}}]}},"_links":{"self":[{"href":"https:\/\/aplimedia.com\/tutoriales\/wp-json\/wp\/v2\/pages\/1162","targetHints":{"allow":["GET"]}}],"collection":[{"href":"https:\/\/aplimedia.com\/tutoriales\/wp-json\/wp\/v2\/pages"}],"about":[{"href":"https:\/\/aplimedia.com\/tutoriales\/wp-json\/wp\/v2\/types\/page"}],"author":[{"embeddable":true,"href":"https:\/\/aplimedia.com\/tutoriales\/wp-json\/wp\/v2\/users\/1"}],"replies":[{"embeddable":true,"href":"https:\/\/aplimedia.com\/tutoriales\/wp-json\/wp\/v2\/comments?post=1162"}],"version-history":[{"count":0,"href":"https:\/\/aplimedia.com\/tutoriales\/wp-json\/wp\/v2\/pages\/1162\/revisions"}],"up":[{"embeddable":true,"href":"https:\/\/aplimedia.com\/tutoriales\/wp-json\/wp\/v2\/pages\/905"}],"wp:attachment":[{"href":"https:\/\/aplimedia.com\/tutoriales\/wp-json\/wp\/v2\/media?parent=1162"}],"curies":[{"name":"wp","href":"https:\/\/api.w.org\/{rel}","templated":true}]}}