{"id":1082,"date":"2019-01-15T14:39:21","date_gmt":"2019-01-15T14:39:21","guid":{"rendered":"https:\/\/aplimedia.com\/tutoriales\/?page_id=1082"},"modified":"2025-03-12T10:53:47","modified_gmt":"2025-03-12T10:53:47","slug":"crear-una-factura","status":"publish","type":"page","link":"https:\/\/aplimedia.com\/tutoriales\/primeros-pasos\/crear-una-factura\/","title":{"rendered":"Crear una factura en Secre"},"content":{"rendered":"\t\t<div data-elementor-type=\"wp-post\" data-elementor-id=\"1082\" class=\"elementor elementor-1082\" data-elementor-post-type=\"page\">\n\t\t\t\t\t\t<section class=\"elementor-section elementor-top-section elementor-element elementor-element-4594cb3e elementor-section-stretched elementor-section-boxed elementor-section-height-default elementor-section-height-default\" data-id=\"4594cb3e\" data-element_type=\"section\" data-e-type=\"section\" data-settings=\"{&quot;stretch_section&quot;:&quot;section-stretched&quot;,&quot;background_background&quot;:&quot;classic&quot;}\">\n\t\t\t\t\t\t<div class=\"elementor-container elementor-column-gap-default\">\n\t\t\t\t\t<div class=\"elementor-column elementor-col-100 elementor-top-column elementor-element elementor-element-53a1879d\" data-id=\"53a1879d\" data-element_type=\"column\" data-e-type=\"column\">\n\t\t\t<div class=\"elementor-widget-wrap elementor-element-populated\">\n\t\t\t\t\t\t<div class=\"elementor-element elementor-element-81d5b81 elementor-widget elementor-widget-video\" data-id=\"81d5b81\" data-element_type=\"widget\" data-e-type=\"widget\" data-settings=\"{&quot;youtube_url&quot;:&quot;https:\\\/\\\/www.youtube.com\\\/watch?v=sb3f0Jvp7No&quot;,&quot;video_type&quot;:&quot;youtube&quot;,&quot;controls&quot;:&quot;yes&quot;}\" data-widget_type=\"video.default\">\n\t\t\t\t<div class=\"elementor-widget-container\">\n\t\t\t\t\t\t\t<div class=\"elementor-wrapper elementor-open-inline\">\n\t\t\t<div class=\"elementor-video\"><\/div>\t\t<\/div>\n\t\t\t\t\t\t<\/div>\n\t\t\t\t<\/div>\n\t\t\t\t<div class=\"elementor-element elementor-element-186f29e2 elementor-widget elementor-widget-text-editor\" data-id=\"186f29e2\" data-element_type=\"widget\" data-e-type=\"widget\" data-widget_type=\"text-editor.default\">\n\t\t\t\t<div class=\"elementor-widget-container\">\n\t\t\t\t\t\t\t\t\t<p>Para poder crear una factura, deber\u00e1s haber <b>creado previamente una venta <\/b>siguiendo este tutorial: <a href=\"https:\/\/aplimedia.com\/tutoriales\/primeros-pasos\/crear-una-venta\/\">C\u00f3mo crear una venta en Secre<\/a><\/p>\t\t\t\t\t\t\t\t<\/div>\n\t\t\t\t<\/div>\n\t\t\t\t<div class=\"elementor-element elementor-element-5d569e2 elementor-widget elementor-widget-heading\" data-id=\"5d569e2\" data-element_type=\"widget\" data-e-type=\"widget\" data-widget_type=\"heading.default\">\n\t\t\t\t<div class=\"elementor-widget-container\">\n\t\t\t\t\t<h2 class=\"elementor-heading-title elementor-size-default\">Paso 1:<\/h2>\t\t\t\t<\/div>\n\t\t\t\t<\/div>\n\t\t\t\t<div class=\"elementor-element elementor-element-9850dd8 elementor-widget elementor-widget-text-editor\" data-id=\"9850dd8\" data-element_type=\"widget\" data-e-type=\"widget\" data-widget_type=\"text-editor.default\">\n\t\t\t\t<div class=\"elementor-widget-container\">\n\t\t\t\t\t\t\t\t\t<p>Para facturar una venta, desde la pantalla de la venta concreta que deseas facturar, haz clic en el icono del \u20ac que est\u00e1 a la derecha de \u00abSerie\/Factura\u00bb. Secre asignar\u00e1 por defecto tu serie predeterminada y le dar\u00e1 a la venta el n\u00famero de factura que le corresponda dentro de esa serie.<\/p><p>Tambi\u00e9n rellenar\u00e1 de forma autom\u00e1tica con la fecha de hoy las fechas de factura y de expedici\u00f3n (el campo Fecha Exp.). Si procede, puedes modificar estas fechas.<\/p>\t\t\t\t\t\t\t\t<\/div>\n\t\t\t\t<\/div>\n\t\t\t\t<section class=\"elementor-section elementor-inner-section elementor-element elementor-element-0036d44 elementor-section-boxed elementor-section-height-default elementor-section-height-default\" data-id=\"0036d44\" data-element_type=\"section\" data-e-type=\"section\">\n\t\t\t\t\t\t<div class=\"elementor-container elementor-column-gap-default\">\n\t\t\t\t\t<div class=\"elementor-column elementor-col-25 elementor-inner-column elementor-element elementor-element-9c0aea1\" data-id=\"9c0aea1\" data-element_type=\"column\" data-e-type=\"column\">\n\t\t\t<div class=\"elementor-widget-wrap\">\n\t\t\t\t\t\t\t<\/div>\n\t\t<\/div>\n\t\t\t\t<div class=\"elementor-column elementor-col-50 elementor-inner-column elementor-element elementor-element-ee0b82e\" data-id=\"ee0b82e\" data-element_type=\"column\" data-e-type=\"column\">\n\t\t\t<div class=\"elementor-widget-wrap elementor-element-populated\">\n\t\t\t\t\t\t<div class=\"elementor-element elementor-element-19954ad elementor-widget elementor-widget-image\" data-id=\"19954ad\" data-element_type=\"widget\" data-e-type=\"widget\" data-widget_type=\"image.default\">\n\t\t\t\t<div class=\"elementor-widget-container\">\n\t\t\t\t\t\t\t\t\t\t\t\t\t\t\t\t<a href=\"https:\/\/aplimedia.com\/tutoriales\/wp-content\/uploads\/2019\/01\/crearunaventa10.png\" data-elementor-open-lightbox=\"yes\" data-elementor-lightbox-title=\"crearunaventa10\" data-e-action-hash=\"#elementor-action%3Aaction%3Dlightbox%26settings%3DeyJpZCI6MTA4NCwidXJsIjoiaHR0cHM6XC9cL2FwbGltZWRpYS5jb21cL3R1dG9yaWFsZXNcL3dwLWNvbnRlbnRcL3VwbG9hZHNcLzIwMTlcLzAxXC9jcmVhcnVuYXZlbnRhMTAucG5nIn0%3D\">\n\t\t\t\t\t\t\t<img fetchpriority=\"high\" decoding=\"async\" width=\"892\" height=\"827\" src=\"https:\/\/aplimedia.com\/tutoriales\/wp-content\/uploads\/2019\/01\/crearunaventa10.png\" class=\"attachment-large size-large wp-image-1084\" alt=\"\" srcset=\"https:\/\/aplimedia.com\/tutoriales\/wp-content\/uploads\/2019\/01\/crearunaventa10.png 892w, https:\/\/aplimedia.com\/tutoriales\/wp-content\/uploads\/2019\/01\/crearunaventa10-300x278.png 300w, https:\/\/aplimedia.com\/tutoriales\/wp-content\/uploads\/2019\/01\/crearunaventa10-768x712.png 768w\" sizes=\"(max-width: 892px) 100vw, 892px\" \/>\t\t\t\t\t\t\t\t<\/a>\n\t\t\t\t\t\t\t\t\t\t\t\t\t\t\t<\/div>\n\t\t\t\t<\/div>\n\t\t\t\t\t<\/div>\n\t\t<\/div>\n\t\t\t\t<div class=\"elementor-column elementor-col-25 elementor-inner-column elementor-element elementor-element-21660da\" data-id=\"21660da\" data-element_type=\"column\" data-e-type=\"column\">\n\t\t\t<div class=\"elementor-widget-wrap\">\n\t\t\t\t\t\t\t<\/div>\n\t\t<\/div>\n\t\t\t\t\t<\/div>\n\t\t<\/section>\n\t\t\t\t<div class=\"elementor-element elementor-element-fe73ed1 elementor-widget elementor-widget-text-editor\" data-id=\"fe73ed1\" data-element_type=\"widget\" data-e-type=\"widget\" data-widget_type=\"text-editor.default\">\n\t\t\t\t<div class=\"elementor-widget-container\">\n\t\t\t\t\t\t\t\t\t<p>Una vez factures la venta, se generar\u00e1, en el cuadro de la derecha <b>\u00abCobros y vencimientos de esta venta\u00bb,<\/b> un cobro pendiente.<\/p><p>El c\u00e1lculo de este vencimiento se realiza de forma autom\u00e1tica en base a la forma de cobro que se haya seleccionado en la venta.<\/p>\t\t\t\t\t\t\t\t<\/div>\n\t\t\t\t<\/div>\n\t\t\t\t<section class=\"elementor-section elementor-inner-section elementor-element elementor-element-4fd3c06 elementor-section-boxed elementor-section-height-default elementor-section-height-default\" data-id=\"4fd3c06\" data-element_type=\"section\" data-e-type=\"section\">\n\t\t\t\t\t\t<div class=\"elementor-container elementor-column-gap-default\">\n\t\t\t\t\t<div class=\"elementor-column elementor-col-25 elementor-inner-column elementor-element elementor-element-190bb5b\" data-id=\"190bb5b\" data-element_type=\"column\" data-e-type=\"column\">\n\t\t\t<div class=\"elementor-widget-wrap\">\n\t\t\t\t\t\t\t<\/div>\n\t\t<\/div>\n\t\t\t\t<div class=\"elementor-column elementor-col-50 elementor-inner-column elementor-element elementor-element-e0bc136\" data-id=\"e0bc136\" data-element_type=\"column\" data-e-type=\"column\">\n\t\t\t<div class=\"elementor-widget-wrap elementor-element-populated\">\n\t\t\t\t\t\t<div class=\"elementor-element elementor-element-e697843 elementor-widget elementor-widget-image\" data-id=\"e697843\" data-element_type=\"widget\" data-e-type=\"widget\" data-widget_type=\"image.default\">\n\t\t\t\t<div class=\"elementor-widget-container\">\n\t\t\t\t\t\t\t\t\t\t\t\t\t\t\t\t<a href=\"https:\/\/aplimedia.com\/tutoriales\/wp-content\/uploads\/2019\/01\/crearunaventa11.png\" data-elementor-open-lightbox=\"yes\" data-elementor-lightbox-title=\"crearunaventa11\" data-e-action-hash=\"#elementor-action%3Aaction%3Dlightbox%26settings%3DeyJpZCI6MTA4NSwidXJsIjoiaHR0cHM6XC9cL2FwbGltZWRpYS5jb21cL3R1dG9yaWFsZXNcL3dwLWNvbnRlbnRcL3VwbG9hZHNcLzIwMTlcLzAxXC9jcmVhcnVuYXZlbnRhMTEucG5nIn0%3D\">\n\t\t\t\t\t\t\t<img decoding=\"async\" width=\"1024\" height=\"463\" src=\"https:\/\/aplimedia.com\/tutoriales\/wp-content\/uploads\/2019\/01\/crearunaventa11-1024x463.png\" class=\"attachment-large size-large wp-image-1085\" alt=\"\" srcset=\"https:\/\/aplimedia.com\/tutoriales\/wp-content\/uploads\/2019\/01\/crearunaventa11-1024x463.png 1024w, https:\/\/aplimedia.com\/tutoriales\/wp-content\/uploads\/2019\/01\/crearunaventa11-300x136.png 300w, https:\/\/aplimedia.com\/tutoriales\/wp-content\/uploads\/2019\/01\/crearunaventa11-768x348.png 768w, https:\/\/aplimedia.com\/tutoriales\/wp-content\/uploads\/2019\/01\/crearunaventa11.png 1920w\" sizes=\"(max-width: 1024px) 100vw, 1024px\" \/>\t\t\t\t\t\t\t\t<\/a>\n\t\t\t\t\t\t\t\t\t\t\t\t\t\t\t<\/div>\n\t\t\t\t<\/div>\n\t\t\t\t\t<\/div>\n\t\t<\/div>\n\t\t\t\t<div class=\"elementor-column elementor-col-25 elementor-inner-column elementor-element elementor-element-4f9ca89\" data-id=\"4f9ca89\" data-element_type=\"column\" data-e-type=\"column\">\n\t\t\t<div class=\"elementor-widget-wrap\">\n\t\t\t\t\t\t\t<\/div>\n\t\t<\/div>\n\t\t\t\t\t<\/div>\n\t\t<\/section>\n\t\t\t\t<div class=\"elementor-element elementor-element-51f8052 elementor-widget elementor-widget-spacer\" data-id=\"51f8052\" data-element_type=\"widget\" data-e-type=\"widget\" data-widget_type=\"spacer.default\">\n\t\t\t\t<div class=\"elementor-widget-container\">\n\t\t\t\t\t\t\t<div class=\"elementor-spacer\">\n\t\t\t<div class=\"elementor-spacer-inner\"><\/div>\n\t\t<\/div>\n\t\t\t\t\t\t<\/div>\n\t\t\t\t<\/div>\n\t\t\t\t<div class=\"elementor-element elementor-element-3866102 elementor-widget elementor-widget-heading\" data-id=\"3866102\" data-element_type=\"widget\" data-e-type=\"widget\" data-widget_type=\"heading.default\">\n\t\t\t\t<div class=\"elementor-widget-container\">\n\t\t\t\t\t<h2 class=\"elementor-heading-title elementor-size-default\">Paso 2:<\/h2>\t\t\t\t<\/div>\n\t\t\t\t<\/div>\n\t\t\t\t<div class=\"elementor-element elementor-element-3ab3f8c elementor-widget elementor-widget-text-editor\" data-id=\"3ab3f8c\" data-element_type=\"widget\" data-e-type=\"widget\" data-widget_type=\"text-editor.default\">\n\t\t\t\t<div class=\"elementor-widget-container\">\n\t\t\t\t\t\t\t\t\t<p>Si necesitas marcar un cobro pendiente como \u00abcobrado\u00bb, puedes hacer doble click sobre \u00e9l y se abrir\u00e1 un cuadro de dicho cobro.&nbsp;<\/p><p>Tendr\u00e1s que marcar la casilla de \u00ab<b>Cobrado<\/b>\u00ab, modificar la fecha si procede y guardar con el <b>disquette<\/b>.&nbsp;<\/p><p>Ver\u00e1s que la venta cambia de estado y pasa a estar cobrada.<\/p>\t\t\t\t\t\t\t\t<\/div>\n\t\t\t\t<\/div>\n\t\t\t\t<section class=\"elementor-section elementor-inner-section elementor-element elementor-element-f6665a9 elementor-section-boxed elementor-section-height-default elementor-section-height-default\" data-id=\"f6665a9\" data-element_type=\"section\" data-e-type=\"section\">\n\t\t\t\t\t\t<div class=\"elementor-container elementor-column-gap-default\">\n\t\t\t\t\t<div class=\"elementor-column elementor-col-50 elementor-inner-column elementor-element elementor-element-7204bc4\" data-id=\"7204bc4\" data-element_type=\"column\" data-e-type=\"column\">\n\t\t\t<div class=\"elementor-widget-wrap elementor-element-populated\">\n\t\t\t\t\t\t<div class=\"elementor-element elementor-element-d17746a elementor-widget elementor-widget-image\" data-id=\"d17746a\" data-element_type=\"widget\" data-e-type=\"widget\" data-widget_type=\"image.default\">\n\t\t\t\t<div class=\"elementor-widget-container\">\n\t\t\t\t\t\t\t\t\t\t\t\t\t\t\t\t<a href=\"https:\/\/aplimedia.com\/tutoriales\/wp-content\/uploads\/2019\/01\/crearunaventa12.png\" data-elementor-open-lightbox=\"yes\" data-elementor-lightbox-title=\"crearunaventa12\" data-e-action-hash=\"#elementor-action%3Aaction%3Dlightbox%26settings%3DeyJpZCI6MTA4NiwidXJsIjoiaHR0cHM6XC9cL2FwbGltZWRpYS5jb21cL3R1dG9yaWFsZXNcL3dwLWNvbnRlbnRcL3VwbG9hZHNcLzIwMTlcLzAxXC9jcmVhcnVuYXZlbnRhMTIucG5nIn0%3D\">\n\t\t\t\t\t\t\t<img decoding=\"async\" width=\"509\" height=\"414\" src=\"https:\/\/aplimedia.com\/tutoriales\/wp-content\/uploads\/2019\/01\/crearunaventa12.png\" class=\"attachment-large size-large wp-image-1086\" alt=\"\" srcset=\"https:\/\/aplimedia.com\/tutoriales\/wp-content\/uploads\/2019\/01\/crearunaventa12.png 509w, https:\/\/aplimedia.com\/tutoriales\/wp-content\/uploads\/2019\/01\/crearunaventa12-300x244.png 300w\" sizes=\"(max-width: 509px) 100vw, 509px\" \/>\t\t\t\t\t\t\t\t<\/a>\n\t\t\t\t\t\t\t\t\t\t\t\t\t\t\t<\/div>\n\t\t\t\t<\/div>\n\t\t\t\t\t<\/div>\n\t\t<\/div>\n\t\t\t\t<div class=\"elementor-column elementor-col-50 elementor-inner-column elementor-element elementor-element-cb8ac2d\" data-id=\"cb8ac2d\" data-element_type=\"column\" data-e-type=\"column\">\n\t\t\t<div class=\"elementor-widget-wrap elementor-element-populated\">\n\t\t\t\t\t\t<div class=\"elementor-element elementor-element-a6d8177 elementor-widget elementor-widget-image\" data-id=\"a6d8177\" data-element_type=\"widget\" data-e-type=\"widget\" data-widget_type=\"image.default\">\n\t\t\t\t<div class=\"elementor-widget-container\">\n\t\t\t\t\t\t\t\t\t\t\t\t\t\t\t\t<a href=\"https:\/\/aplimedia.com\/tutoriales\/wp-content\/uploads\/2019\/01\/crearunaventa13.png\" data-elementor-open-lightbox=\"yes\" data-elementor-lightbox-title=\"crearunaventa13\" data-e-action-hash=\"#elementor-action%3Aaction%3Dlightbox%26settings%3DeyJpZCI6MTA4NywidXJsIjoiaHR0cHM6XC9cL2FwbGltZWRpYS5jb21cL3R1dG9yaWFsZXNcL3dwLWNvbnRlbnRcL3VwbG9hZHNcLzIwMTlcLzAxXC9jcmVhcnVuYXZlbnRhMTMucG5nIn0%3D\">\n\t\t\t\t\t\t\t<img loading=\"lazy\" decoding=\"async\" width=\"585\" height=\"388\" src=\"https:\/\/aplimedia.com\/tutoriales\/wp-content\/uploads\/2019\/01\/crearunaventa13.png\" class=\"attachment-large size-large wp-image-1087\" alt=\"\" srcset=\"https:\/\/aplimedia.com\/tutoriales\/wp-content\/uploads\/2019\/01\/crearunaventa13.png 585w, https:\/\/aplimedia.com\/tutoriales\/wp-content\/uploads\/2019\/01\/crearunaventa13-300x199.png 300w\" sizes=\"(max-width: 585px) 100vw, 585px\" \/>\t\t\t\t\t\t\t\t<\/a>\n\t\t\t\t\t\t\t\t\t\t\t\t\t\t\t<\/div>\n\t\t\t\t<\/div>\n\t\t\t\t\t<\/div>\n\t\t<\/div>\n\t\t\t\t\t<\/div>\n\t\t<\/section>\n\t\t\t\t<div class=\"elementor-element elementor-element-af4fa92 elementor-widget elementor-widget-text-editor\" data-id=\"af4fa92\" data-element_type=\"widget\" data-e-type=\"widget\" data-widget_type=\"text-editor.default\">\n\t\t\t\t<div class=\"elementor-widget-container\">\n\t\t\t\t\t\t\t\t\t<p>Puedes <strong>visualizar, imprimir o enviar por e-mail<\/strong> la factura desde el men\u00fa <strong>Imprimir&gt;Imprimir Presupuesto\/Albar\u00e1n\/Factura<\/strong>, o desde el icono de la impresora de la botonera superior.&nbsp;<\/p><p>Escoge la opci\u00f3n Factura e indica el formato que quieres utilizar en caso de tener m\u00e1s de uno.<\/p>\n<p>Sigue el tutorial <a href=\"https:\/\/aplimedia.com\/tutoriales\/primeros-pasos\/enviar-documentos-email\/\">C\u00f3mo enviar un documento por correo electr\u00f3nico<\/a> si quieres enviar la factura a tu cliente por correo electr\u00f3nico..<\/p>\t\t\t\t\t\t\t\t<\/div>\n\t\t\t\t<\/div>\n\t\t\t\t<div class=\"elementor-element elementor-element-47db038 elementor-widget elementor-widget-spacer\" data-id=\"47db038\" data-element_type=\"widget\" data-e-type=\"widget\" data-widget_type=\"spacer.default\">\n\t\t\t\t<div class=\"elementor-widget-container\">\n\t\t\t\t\t\t\t<div class=\"elementor-spacer\">\n\t\t\t<div class=\"elementor-spacer-inner\"><\/div>\n\t\t<\/div>\n\t\t\t\t\t\t<\/div>\n\t\t\t\t<\/div>\n\t\t\t\t\t<\/div>\n\t\t<\/div>\n\t\t\t\t\t<\/div>\n\t\t<\/section>\n\t\t\t\t<\/div>\n\t\t","protected":false},"excerpt":{"rendered":"<p>https:\/\/www.youtube.com\/watch?v=sb3f0Jvp7No Para poder crear una factura, deber\u00e1s haber creado previamente una venta siguiendo este tutorial: C\u00f3mo crear una venta en Secre Paso 1: Para facturar una venta, desde la pantalla de la venta concreta que deseas facturar, haz clic en el icono del \u20ac que est\u00e1 a la derecha de \u00abSerie\/Factura\u00bb. Secre asignar\u00e1 por defecto [&hellip;]<\/p>\n","protected":false},"author":1,"featured_media":0,"parent":905,"menu_order":0,"comment_status":"closed","ping_status":"closed","template":"","meta":{"footnotes":""},"class_list":["post-1082","page","type-page","status-publish","hentry"],"yoast_head":"<!-- This site is optimized with the Yoast SEO plugin v27.5 - https:\/\/yoast.com\/product\/yoast-seo-wordpress\/ -->\n<title>Crear una factura en Secre | Tutoriales de Secre<\/title>\n<meta name=\"robots\" content=\"index, follow, max-snippet:-1, max-image-preview:large, max-video-preview:-1\" \/>\n<link rel=\"canonical\" href=\"https:\/\/aplimedia.com\/tutoriales\/primeros-pasos\/crear-una-factura\/\" \/>\n<meta property=\"og:locale\" content=\"es_ES\" \/>\n<meta property=\"og:type\" content=\"article\" \/>\n<meta property=\"og:title\" content=\"Crear una factura en Secre | Tutoriales de Secre\" \/>\n<meta property=\"og:description\" content=\"https:\/\/www.youtube.com\/watch?v=sb3f0Jvp7No Para poder crear una factura, deber\u00e1s haber creado previamente una venta siguiendo este tutorial: C\u00f3mo crear una venta en Secre Paso 1: Para facturar una venta, desde la pantalla de la venta concreta que deseas facturar, haz clic en el icono del \u20ac que est\u00e1 a la derecha de \u00abSerie\/Factura\u00bb. Secre asignar\u00e1 por defecto [&hellip;]\" \/>\n<meta property=\"og:url\" content=\"https:\/\/aplimedia.com\/tutoriales\/primeros-pasos\/crear-una-factura\/\" \/>\n<meta property=\"og:site_name\" content=\"Tutoriales de Secre\" \/>\n<meta property=\"article:modified_time\" content=\"2025-03-12T10:53:47+00:00\" \/>\n<meta property=\"og:image\" content=\"https:\/\/aplimedia.com\/tutoriales\/wp-content\/uploads\/2019\/01\/crearunaventa10.png\" \/>\n\t<meta property=\"og:image:width\" content=\"892\" \/>\n\t<meta property=\"og:image:height\" content=\"827\" \/>\n\t<meta property=\"og:image:type\" content=\"image\/png\" \/>\n<meta name=\"twitter:card\" content=\"summary_large_image\" \/>\n<meta name=\"twitter:label1\" content=\"Tiempo de lectura\" \/>\n\t<meta name=\"twitter:data1\" content=\"3 minutos\" \/>\n<script type=\"application\/ld+json\" class=\"yoast-schema-graph\">{\"@context\":\"https:\\\/\\\/schema.org\",\"@graph\":[{\"@type\":\"WebPage\",\"@id\":\"https:\\\/\\\/aplimedia.com\\\/tutoriales\\\/primeros-pasos\\\/crear-una-factura\\\/\",\"url\":\"https:\\\/\\\/aplimedia.com\\\/tutoriales\\\/primeros-pasos\\\/crear-una-factura\\\/\",\"name\":\"Crear una factura en Secre | Tutoriales de Secre\",\"isPartOf\":{\"@id\":\"https:\\\/\\\/aplimedia.com\\\/tutoriales\\\/#website\"},\"primaryImageOfPage\":{\"@id\":\"https:\\\/\\\/aplimedia.com\\\/tutoriales\\\/primeros-pasos\\\/crear-una-factura\\\/#primaryimage\"},\"image\":{\"@id\":\"https:\\\/\\\/aplimedia.com\\\/tutoriales\\\/primeros-pasos\\\/crear-una-factura\\\/#primaryimage\"},\"thumbnailUrl\":\"https:\\\/\\\/aplimedia.com\\\/tutoriales\\\/wp-content\\\/uploads\\\/2019\\\/01\\\/crearunaventa10.png\",\"datePublished\":\"2019-01-15T14:39:21+00:00\",\"dateModified\":\"2025-03-12T10:53:47+00:00\",\"breadcrumb\":{\"@id\":\"https:\\\/\\\/aplimedia.com\\\/tutoriales\\\/primeros-pasos\\\/crear-una-factura\\\/#breadcrumb\"},\"inLanguage\":\"es\",\"potentialAction\":[{\"@type\":\"ReadAction\",\"target\":[\"https:\\\/\\\/aplimedia.com\\\/tutoriales\\\/primeros-pasos\\\/crear-una-factura\\\/\"]}]},{\"@type\":\"ImageObject\",\"inLanguage\":\"es\",\"@id\":\"https:\\\/\\\/aplimedia.com\\\/tutoriales\\\/primeros-pasos\\\/crear-una-factura\\\/#primaryimage\",\"url\":\"https:\\\/\\\/aplimedia.com\\\/tutoriales\\\/wp-content\\\/uploads\\\/2019\\\/01\\\/crearunaventa10.png\",\"contentUrl\":\"https:\\\/\\\/aplimedia.com\\\/tutoriales\\\/wp-content\\\/uploads\\\/2019\\\/01\\\/crearunaventa10.png\",\"width\":892,\"height\":827},{\"@type\":\"BreadcrumbList\",\"@id\":\"https:\\\/\\\/aplimedia.com\\\/tutoriales\\\/primeros-pasos\\\/crear-una-factura\\\/#breadcrumb\",\"itemListElement\":[{\"@type\":\"ListItem\",\"position\":1,\"name\":\"Tutoriales\",\"item\":\"https:\\\/\\\/aplimedia.com\\\/tutoriales\\\/\"},{\"@type\":\"ListItem\",\"position\":2,\"name\":\"Primeros Pasos\",\"item\":\"https:\\\/\\\/aplimedia.com\\\/tutoriales\\\/primeros-pasos\\\/\"},{\"@type\":\"ListItem\",\"position\":3,\"name\":\"Crear una factura en Secre\"}]},{\"@type\":\"WebSite\",\"@id\":\"https:\\\/\\\/aplimedia.com\\\/tutoriales\\\/#website\",\"url\":\"https:\\\/\\\/aplimedia.com\\\/tutoriales\\\/\",\"name\":\"Tutoriales de Secre\",\"description\":\"Tutoriales del software de gesti\u00f3n Secre\",\"publisher\":{\"@id\":\"https:\\\/\\\/aplimedia.com\\\/tutoriales\\\/#organization\"},\"potentialAction\":[{\"@type\":\"SearchAction\",\"target\":{\"@type\":\"EntryPoint\",\"urlTemplate\":\"https:\\\/\\\/aplimedia.com\\\/tutoriales\\\/?s={search_term_string}\"},\"query-input\":{\"@type\":\"PropertyValueSpecification\",\"valueRequired\":true,\"valueName\":\"search_term_string\"}}],\"inLanguage\":\"es\"},{\"@type\":\"Organization\",\"@id\":\"https:\\\/\\\/aplimedia.com\\\/tutoriales\\\/#organization\",\"name\":\"Tutoriales de Secre\",\"url\":\"https:\\\/\\\/aplimedia.com\\\/tutoriales\\\/\",\"logo\":{\"@type\":\"ImageObject\",\"inLanguage\":\"es\",\"@id\":\"https:\\\/\\\/aplimedia.com\\\/tutoriales\\\/#\\\/schema\\\/logo\\\/image\\\/\",\"url\":\"https:\\\/\\\/aplimedia.com\\\/tutoriales\\\/wp-content\\\/uploads\\\/2022\\\/03\\\/cropped-logotipo-aplimedia.png\",\"contentUrl\":\"https:\\\/\\\/aplimedia.com\\\/tutoriales\\\/wp-content\\\/uploads\\\/2022\\\/03\\\/cropped-logotipo-aplimedia.png\",\"width\":2000,\"height\":658,\"caption\":\"Tutoriales de Secre\"},\"image\":{\"@id\":\"https:\\\/\\\/aplimedia.com\\\/tutoriales\\\/#\\\/schema\\\/logo\\\/image\\\/\"}}]}<\/script>\n<!-- \/ Yoast SEO plugin. -->","yoast_head_json":{"title":"Crear una factura en Secre | Tutoriales de Secre","robots":{"index":"index","follow":"follow","max-snippet":"max-snippet:-1","max-image-preview":"max-image-preview:large","max-video-preview":"max-video-preview:-1"},"canonical":"https:\/\/aplimedia.com\/tutoriales\/primeros-pasos\/crear-una-factura\/","og_locale":"es_ES","og_type":"article","og_title":"Crear una factura en Secre | Tutoriales de Secre","og_description":"https:\/\/www.youtube.com\/watch?v=sb3f0Jvp7No Para poder crear una factura, deber\u00e1s haber creado previamente una venta siguiendo este tutorial: C\u00f3mo crear una venta en Secre Paso 1: Para facturar una venta, desde la pantalla de la venta concreta que deseas facturar, haz clic en el icono del \u20ac que est\u00e1 a la derecha de \u00abSerie\/Factura\u00bb. Secre asignar\u00e1 por defecto [&hellip;]","og_url":"https:\/\/aplimedia.com\/tutoriales\/primeros-pasos\/crear-una-factura\/","og_site_name":"Tutoriales de Secre","article_modified_time":"2025-03-12T10:53:47+00:00","og_image":[{"width":892,"height":827,"url":"https:\/\/aplimedia.com\/tutoriales\/wp-content\/uploads\/2019\/01\/crearunaventa10.png","type":"image\/png"}],"twitter_card":"summary_large_image","twitter_misc":{"Tiempo de lectura":"3 minutos"},"schema":{"@context":"https:\/\/schema.org","@graph":[{"@type":"WebPage","@id":"https:\/\/aplimedia.com\/tutoriales\/primeros-pasos\/crear-una-factura\/","url":"https:\/\/aplimedia.com\/tutoriales\/primeros-pasos\/crear-una-factura\/","name":"Crear una factura en Secre | Tutoriales de Secre","isPartOf":{"@id":"https:\/\/aplimedia.com\/tutoriales\/#website"},"primaryImageOfPage":{"@id":"https:\/\/aplimedia.com\/tutoriales\/primeros-pasos\/crear-una-factura\/#primaryimage"},"image":{"@id":"https:\/\/aplimedia.com\/tutoriales\/primeros-pasos\/crear-una-factura\/#primaryimage"},"thumbnailUrl":"https:\/\/aplimedia.com\/tutoriales\/wp-content\/uploads\/2019\/01\/crearunaventa10.png","datePublished":"2019-01-15T14:39:21+00:00","dateModified":"2025-03-12T10:53:47+00:00","breadcrumb":{"@id":"https:\/\/aplimedia.com\/tutoriales\/primeros-pasos\/crear-una-factura\/#breadcrumb"},"inLanguage":"es","potentialAction":[{"@type":"ReadAction","target":["https:\/\/aplimedia.com\/tutoriales\/primeros-pasos\/crear-una-factura\/"]}]},{"@type":"ImageObject","inLanguage":"es","@id":"https:\/\/aplimedia.com\/tutoriales\/primeros-pasos\/crear-una-factura\/#primaryimage","url":"https:\/\/aplimedia.com\/tutoriales\/wp-content\/uploads\/2019\/01\/crearunaventa10.png","contentUrl":"https:\/\/aplimedia.com\/tutoriales\/wp-content\/uploads\/2019\/01\/crearunaventa10.png","width":892,"height":827},{"@type":"BreadcrumbList","@id":"https:\/\/aplimedia.com\/tutoriales\/primeros-pasos\/crear-una-factura\/#breadcrumb","itemListElement":[{"@type":"ListItem","position":1,"name":"Tutoriales","item":"https:\/\/aplimedia.com\/tutoriales\/"},{"@type":"ListItem","position":2,"name":"Primeros Pasos","item":"https:\/\/aplimedia.com\/tutoriales\/primeros-pasos\/"},{"@type":"ListItem","position":3,"name":"Crear una factura en Secre"}]},{"@type":"WebSite","@id":"https:\/\/aplimedia.com\/tutoriales\/#website","url":"https:\/\/aplimedia.com\/tutoriales\/","name":"Tutoriales de Secre","description":"Tutoriales del software de gesti\u00f3n Secre","publisher":{"@id":"https:\/\/aplimedia.com\/tutoriales\/#organization"},"potentialAction":[{"@type":"SearchAction","target":{"@type":"EntryPoint","urlTemplate":"https:\/\/aplimedia.com\/tutoriales\/?s={search_term_string}"},"query-input":{"@type":"PropertyValueSpecification","valueRequired":true,"valueName":"search_term_string"}}],"inLanguage":"es"},{"@type":"Organization","@id":"https:\/\/aplimedia.com\/tutoriales\/#organization","name":"Tutoriales de Secre","url":"https:\/\/aplimedia.com\/tutoriales\/","logo":{"@type":"ImageObject","inLanguage":"es","@id":"https:\/\/aplimedia.com\/tutoriales\/#\/schema\/logo\/image\/","url":"https:\/\/aplimedia.com\/tutoriales\/wp-content\/uploads\/2022\/03\/cropped-logotipo-aplimedia.png","contentUrl":"https:\/\/aplimedia.com\/tutoriales\/wp-content\/uploads\/2022\/03\/cropped-logotipo-aplimedia.png","width":2000,"height":658,"caption":"Tutoriales de Secre"},"image":{"@id":"https:\/\/aplimedia.com\/tutoriales\/#\/schema\/logo\/image\/"}}]}},"_links":{"self":[{"href":"https:\/\/aplimedia.com\/tutoriales\/wp-json\/wp\/v2\/pages\/1082","targetHints":{"allow":["GET"]}}],"collection":[{"href":"https:\/\/aplimedia.com\/tutoriales\/wp-json\/wp\/v2\/pages"}],"about":[{"href":"https:\/\/aplimedia.com\/tutoriales\/wp-json\/wp\/v2\/types\/page"}],"author":[{"embeddable":true,"href":"https:\/\/aplimedia.com\/tutoriales\/wp-json\/wp\/v2\/users\/1"}],"replies":[{"embeddable":true,"href":"https:\/\/aplimedia.com\/tutoriales\/wp-json\/wp\/v2\/comments?post=1082"}],"version-history":[{"count":0,"href":"https:\/\/aplimedia.com\/tutoriales\/wp-json\/wp\/v2\/pages\/1082\/revisions"}],"up":[{"embeddable":true,"href":"https:\/\/aplimedia.com\/tutoriales\/wp-json\/wp\/v2\/pages\/905"}],"wp:attachment":[{"href":"https:\/\/aplimedia.com\/tutoriales\/wp-json\/wp\/v2\/media?parent=1082"}],"curies":[{"name":"wp","href":"https:\/\/api.w.org\/{rel}","templated":true}]}}